{"id":385232,"date":"2025-12-11T10:10:55","date_gmt":"2025-12-11T10:10:55","guid":{"rendered":"https:\/\/dev.codekraft.it\/rotary-2024\/products\/uncategorized\/pont-support-gsb-2\/"},"modified":"2025-12-11T10:10:55","modified_gmt":"2025-12-11T10:10:55","slug":"pont-support-gsb-2","status":"publish","type":"product","link":"https:\/\/dev.codekraft.it\/rotary-2024\/fr\/produits\/accessoires-ponts-elevateurs-fr\/systemes-de-soutien-fr\/pont-support-gsb-2\/","title":{"rendered":"Pont support GSB"},"content":{"rendered":"<ul>\n<li>Fabriqu\u00e9s selon les dimensions de la fosse<\/li>\n<\/ul>\n<p><strong>\u00c9tendue de la prestation :<\/strong><\/p>\n<ul>\n<li>Pont support \u00ab\u00a0GSB\u00a0\u00bb<\/li>\n<li>Kit de rouleaux<\/li>\n<li>2 curseurs<\/li>\n<li>2 tubes d&#8217;\u00e9cartement \u00ab\u00a0DR 4\u00a0\u00bb<\/li>\n<li>2 tampons \u00ab\u00a0X\u00a0\u00bb<\/li>\n<\/ul>\n","protected":false},"excerpt":{"rendered":"<p>10 t | super plat, pouvant \u00eatre franchi par des bus surbaiss\u00e9 | incl. kit de rouleaux, 2 curseurs, 2 tubes d&#8217;\u00e9cartement et 2 tampons<\/p>\n","protected":false},"featured_media":373857,"template":"","meta":[],"product_brand":[],"product_cat":[1033972],"product_tag":[1034145,1034128,1034197,1034262,1034180,1034231,1034214,1034163],"product_approvals":[],"product_application":[],"class_list":{"0":"post-385232","1":"product","2":"type-product","3":"status-publish","4":"has-post-thumbnail","6":"product_cat-systemes-de-soutien-fr","7":"product_tag-buses-fr","8":"product_tag-trucks-fr","9":"product_tag-motor-homes-fr","10":"product_tag-remorques-fr","11":"product_tag-light-commercial-fr","12":"product_tag-tracked-vehicles-fr","13":"product_tag-agricultural-machines-fr","14":"product_tag-passenger-cars-fr","16":"first","17":"instock","18":"shipping-taxable","19":"product-type-simple"},"approvals":[],"application":[],"brb_media_brochure":"","brb_media_drawing":"","brb_media_manuals":[{"id":377177,"url":"https:\/\/dev.codekraft.it\/rotary-2024\/wp-content\/uploads\/brb_media\/00535454_supporting-device-om-sp-129500-multi-2024-10-revb.pdf","title":"supporting device om sp 129500 multi 2024 10 revb","mpn":"","thumbnail":"https:\/\/dev.codekraft.it\/rotary-2024\/wp-content\/uploads\/brb_media\/00535454_supporting-device-om-sp-129500-multi-2024-10-revb-pdf-106x150.png","description":""}],"brb_media_safety_datasheets":"","brb_media_spare_parts":[],"_cdmm_p_id":"241","_company":"Elektron","_gtin":"4057612122718","accessories":[{"id":377637,"mpn":"3495920","name":"Bloc support DB","description":"Bloc de bois 100 x 200 x 360 mm, capacit\u00e9 de charge 15 t | pour abaisser la traverse sur le pont support | 1 pi\u00e8ce","thumbnail":"https:\/\/dev.codekraft.it\/rotary-2024\/wp-content\/uploads\/brb_media\/00023088_db-ohne-text_web-150x150.png","url":"https:\/\/dev.codekraft.it\/rotary-2024\/fr\/produits\/accessoires-ponts-elevateurs-fr\/systemes-de-soutien-fr\/bloc-support-db\/"},{"id":377865,"mpn":"3381901","name":"Tube d&#039;\u00e9cartement DR 4","description":"10 t, \u00d8 de goujon 35 mm, 400 mm | 1 pi\u00e8ce","thumbnail":"https:\/\/dev.codekraft.it\/rotary-2024\/wp-content\/uploads\/brb_media\/00023090_dr-4-ohne-text_web-54x150.png","url":"https:\/\/dev.codekraft.it\/rotary-2024\/fr\/produits\/accessoires-ponts-elevateurs-fr\/systemes-de-transport-prise-de-charge-fr\/tube-decartement-dr-4-2\/"},{"id":379128,"mpn":"3381914","name":"Tube d&#039;\u00e9cartement DR 5","description":"10 t, \u00d8 de goujon 35 mm, 500 mm | 1 pi\u00e8ce","thumbnail":"https:\/\/dev.codekraft.it\/rotary-2024\/wp-content\/uploads\/brb_media\/00355544_dr-5_p-ohne-text-24x150.png","url":"https:\/\/dev.codekraft.it\/rotary-2024\/fr\/produits\/accessoires-ponts-elevateurs-fr\/systemes-de-transport-prise-de-charge-fr\/tube-decartement-dr-5\/"},{"id":377853,"mpn":"3381915","name":"Tube d&#039;\u00e9cartement DR 6","description":"10 t, \u00d8 de goujon 35 mm, 600 mm | 1 pi\u00e8ce","thumbnail":"https:\/\/dev.codekraft.it\/rotary-2024\/wp-content\/uploads\/brb_media\/00023092_dr-6-ohne-text_web-36x150.png","url":"https:\/\/dev.codekraft.it\/rotary-2024\/fr\/produits\/accessoires-ponts-elevateurs-fr\/systemes-de-transport-prise-de-charge-fr\/tube-decartement-dr-6-2\/"}],"components":[],"related":[],"page_logo_src":"https:\/\/dev.codekraft.it\/rotary-2024\/wp-content\/uploads\/2026\/04\/rotary-negative-logo.png","lang":"fr","translations":{"fr":385232,"en":385230,"de":385231,"it":385233,"es":385234,"ru":385235},"pll_sync_post":[],"_links":{"self":[{"href":"https:\/\/dev.codekraft.it\/rotary-2024\/wp-json\/wp\/v2\/product\/385232","targetHints":{"allow":["GET"]}}],"collection":[{"href":"https:\/\/dev.codekraft.it\/rotary-2024\/wp-json\/wp\/v2\/product"}],"about":[{"href":"https:\/\/dev.codekraft.it\/rotary-2024\/wp-json\/wp\/v2\/types\/product"}],"wp:featuredmedia":[{"embeddable":true,"href":"https:\/\/dev.codekraft.it\/rotary-2024\/wp-json\/wp\/v2\/media\/373857"}],"wp:attachment":[{"href":"https:\/\/dev.codekraft.it\/rotary-2024\/wp-json\/wp\/v2\/media?parent=385232"}],"wp:term":[{"taxonomy":"product_brand","embeddable":true,"href":"https:\/\/dev.codekraft.it\/rotary-2024\/wp-json\/wp\/v2\/product_brand?post=385232"},{"taxonomy":"product_cat","embeddable":true,"href":"https:\/\/dev.codekraft.it\/rotary-2024\/wp-json\/wp\/v2\/product_cat?post=385232"},{"taxonomy":"product_tag","embeddable":true,"href":"https:\/\/dev.codekraft.it\/rotary-2024\/wp-json\/wp\/v2\/product_tag?post=385232"},{"taxonomy":"product_approvals","embeddable":true,"href":"https:\/\/dev.codekraft.it\/rotary-2024\/wp-json\/wp\/v2\/product_approvals?post=385232"},{"taxonomy":"product_application","embeddable":true,"href":"https:\/\/dev.codekraft.it\/rotary-2024\/wp-json\/wp\/v2\/product_application?post=385232"}],"curies":[{"name":"wp","href":"https:\/\/api.w.org\/{rel}","templated":true}]}}