{"id":385220,"date":"2025-12-11T10:10:47","date_gmt":"2025-12-11T10:10:47","guid":{"rendered":"https:\/\/dev.codekraft.it\/rotary-2024\/products\/uncategorized\/pont-a-doubles-ciseaux-ds35hg\/"},"modified":"2025-12-11T10:10:47","modified_gmt":"2025-12-11T10:10:47","slug":"pont-a-doubles-ciseaux-ds35hg","status":"publish","type":"product","link":"https:\/\/dev.codekraft.it\/rotary-2024\/fr\/produits\/ponts-elevateurs-fr\/ponts-a-doubles-ciseaux-fr\/pont-a-doubles-ciseaux-ds35hg\/","title":{"rendered":"Pont \u00e0 doubles ciseaux DS35HG"},"content":{"rendered":"<p>Le pont \u00e9l\u00e9vateur \u00e0 doubles ciseaux et profil bas DS35HG\u00a0a \u00e9t\u00e9 sp\u00e9cialement con\u00e7u pour le secteur de l\u2019entretien et de la r\u00e9paration. La nouvelle conception des plateformes de montage flexibles permet une large gamme de montage.<\/p>\n<ul>\n<li>Construction tr\u00e8s robuste en acier<\/li>\n<li>Composants hydrauliques tr\u00e8s fiables et enti\u00e8rement d\u00e9velopp\u00e9<\/li>\n<\/ul>\n<ul>\n<li>Verrouillage simple des rampes pour \u00e9tendre la surface de montage.<\/li>\n<li>Le syst\u00e8me hydraulique double ma\u00eetre\u00adesclave redondant permet de renoncer aux crochets de s\u00e9curit\u00e9 suppl\u00e9mentaires. S\u00e9curit\u00e9 doubl\u00e9e, emp\u00eachant ainsi la lev\u00e9e ou l\u2019abaissement unilat\u00e9ral.<\/li>\n<li>Large gamme de montage gr\u00e2ce \u00e0 la nouvelle conception des plateformes de montage flexibles.<\/li>\n<li>L\u2019installation au niveau du sol permet un d\u00e9crochage plus facile.<\/li>\n<li>Manipulation tr\u00e8s simple du d\u00e9crochage, m\u00eame en cas de v\u00e9hicules plac\u00e9s au\u00addessus, gr\u00e2ce au design intelligent.<\/li>\n<li>Un montage facile au\u00addessus du sol est possible car la plateforme dispose d\u2019une faible hauteur de d\u00e9gagement.<\/li>\n<li>Patins en caoutchouc fournis assurant une protec\u00ad tion fiable du dessous de caisse de v\u00e9hicule.<\/li>\n<\/ul>\n<ul>\n<li>L\u2019arr\u00eat CE \u00e9quip\u00e9 en s\u00e9rie garantit une\u00a0 protection des pieds d\u00e9pourvus de d\u00e9flecteurs. Ceci permet \u00e9galement une installation encastr\u00e9e au sol.<\/li>\n<li>La faible hauteur de levage permet plus facilement de supporter des v\u00e9hicules avec peu de d\u00e9gagement au sol.<\/li>\n<li>La construction assure la plus grande stabilit\u00e9. Les ciseaux sont fabriqu\u00e9s \u00e0 partir d\u2019un mat\u00e9riau solide.<\/li>\n<li>Tous les cylindres hydrauli\u00ad ques sont vissables. La facilit\u00e9 d\u2019entretien est accrue.<\/li>\n<li>Le syst\u00e8me enti\u00e8rement hydrau\u00ad lique avec auto\u00adventilation int\u00e9gr\u00e9e garantit un fonctionnement fiable m\u00eame dans les environnements sales.<\/li>\n<li>En cas de panne, l\u2019abaissement d\u2019urgence peut \u00eatre effectu\u00e9 sans probl\u00e8me.<\/li>\n<\/ul>\n","protected":false},"excerpt":{"rendered":"<p>3,5 t, \u00e9lectrohydraulique, version galvanis\u00e9e \u00e0 chaud<\/p>\n","protected":false},"featured_media":351408,"template":"","meta":[],"product_brand":[],"product_cat":[1033692],"product_tag":[1034163],"product_approvals":[],"product_application":[],"class_list":{"0":"post-385220","1":"product","2":"type-product","3":"status-publish","4":"has-post-thumbnail","6":"product_cat-ponts-a-doubles-ciseaux-fr","7":"product_tag-passenger-cars-fr","9":"first","10":"instock","11":"shipping-taxable","12":"product-type-simple"},"approvals":[],"application":[],"brb_media_brochure":[{"id":351409,"url":"https:\/\/dev.codekraft.it\/rotary-2024\/wp-content\/uploads\/brb_media\/00435039_double-scissor-lift-ds35-br-125652-de-2020-04_screen.pdf","title":"double scissor lift ds35 br 125652 de 2020 04 screen","mpn":"","thumbnail":"https:\/\/dev.codekraft.it\/rotary-2024\/wp-content\/uploads\/brb_media\/00435039_double-scissor-lift-ds35-br-125652-de-2020-04_screen-pdf-106x150.png","description":""},{"id":351410,"url":"https:\/\/dev.codekraft.it\/rotary-2024\/wp-content\/uploads\/brb_media\/00435040_double-scissor-lift-ds35-br-125653-en-2020-04_screen.pdf","title":"double scissor lift ds35 br 125653 en 2020 04 screen","mpn":"","thumbnail":"https:\/\/dev.codekraft.it\/rotary-2024\/wp-content\/uploads\/brb_media\/00435040_double-scissor-lift-ds35-br-125653-en-2020-04_screen-pdf-106x150.png","description":""},{"id":351411,"url":"https:\/\/dev.codekraft.it\/rotary-2024\/wp-content\/uploads\/brb_media\/00435041_double-scissor-lift-ds35-br-125654-fr-2020-04_screen.pdf","title":"double scissor lift ds35 br 125654 fr 2020 04 screen","mpn":"","thumbnail":"https:\/\/dev.codekraft.it\/rotary-2024\/wp-content\/uploads\/brb_media\/00435041_double-scissor-lift-ds35-br-125654-fr-2020-04_screen-pdf-106x150.png","description":""},{"id":351412,"url":"https:\/\/dev.codekraft.it\/rotary-2024\/wp-content\/uploads\/brb_media\/00435042_double-scissor-lift-ds35-br-125656-it-2020-04_screen.pdf","title":"double scissor lift ds35 br 125656 it 2020 04 screen","mpn":"","thumbnail":"https:\/\/dev.codekraft.it\/rotary-2024\/wp-content\/uploads\/brb_media\/00435042_double-scissor-lift-ds35-br-125656-it-2020-04_screen-pdf-106x150.png","description":""},{"id":351413,"url":"https:\/\/dev.codekraft.it\/rotary-2024\/wp-content\/uploads\/brb_media\/00435043_double-scissor-lift-ds35-br-125655-es-2020-04_screen.pdf","title":"double scissor lift ds35 br 125655 es 2020 04 screen","mpn":"","thumbnail":"https:\/\/dev.codekraft.it\/rotary-2024\/wp-content\/uploads\/brb_media\/00435043_double-scissor-lift-ds35-br-125655-es-2020-04_screen-pdf-106x150.png","description":""},{"id":351414,"url":"https:\/\/dev.codekraft.it\/rotary-2024\/wp-content\/uploads\/brb_media\/00435044_double-scissor-lift-ds35-br-125657-ru-2020-04_screen.pdf","title":"double scissor lift ds35 br 125657 ru 2020 04 screen","mpn":"","thumbnail":"https:\/\/dev.codekraft.it\/rotary-2024\/wp-content\/uploads\/brb_media\/00435044_double-scissor-lift-ds35-br-125657-ru-2020-04_screen-pdf-106x150.png","description":""}],"brb_media_drawing":[{"id":350521,"url":"https:\/\/dev.codekraft.it\/rotary-2024\/wp-content\/uploads\/brb_media\/00407624_scissor-lift-fp_ds35hg-a_8741.pdf","title":"scissor lift fp ds35hg a 8741","mpn":"","thumbnail":"https:\/\/dev.codekraft.it\/rotary-2024\/wp-content\/uploads\/brb_media\/00407624_scissor-lift-fp_ds35hg-a_8741-pdf-150x106.png","description":""},{"id":350522,"url":"https:\/\/dev.codekraft.it\/rotary-2024\/wp-content\/uploads\/brb_media\/00407623_scissor-lift-da_ds35hg-a_8740.pdf","title":"scissor lift da ds35hg a 8740","mpn":"","thumbnail":"https:\/\/dev.codekraft.it\/rotary-2024\/wp-content\/uploads\/brb_media\/00407623_scissor-lift-da_ds35hg-a_8740-pdf-150x106.png","description":""}],"brb_media_manuals":[{"id":375422,"url":"https:\/\/dev.codekraft.it\/rotary-2024\/wp-content\/uploads\/brb_media\/00535409_double-scissor-lift-ds35-om-dc-sp-de-2024-07-rev-c.pdf","title":"double scissor lift ds35 om dc sp de 2024 07 rev c","mpn":"","thumbnail":"https:\/\/dev.codekraft.it\/rotary-2024\/wp-content\/uploads\/brb_media\/00535409_double-scissor-lift-ds35-om-dc-sp-de-2024-07-rev-c-pdf-116x150.png","description":""},{"id":350519,"url":"https:\/\/dev.codekraft.it\/rotary-2024\/wp-content\/uploads\/brb_media\/00479456_double-scissor-lift-ds35-om-sp-en-2021-10-screen.pdf","title":"Double Scissor Lift DS35 OM SP en 2021 10 screen","mpn":"","thumbnail":"https:\/\/dev.codekraft.it\/rotary-2024\/wp-content\/uploads\/brb_media\/00479456_double-scissor-lift-ds35-om-sp-en-2021-10-screen-pdf-116x150.png","description":""},{"id":375423,"url":"https:\/\/dev.codekraft.it\/rotary-2024\/wp-content\/uploads\/brb_media\/00535410_double-scissor-lift-ds35-om-dc-sp-fr-2024-07-rev-c.pdf","title":"double scissor lift ds35 om dc sp fr 2024 07 rev c","mpn":"","thumbnail":"https:\/\/dev.codekraft.it\/rotary-2024\/wp-content\/uploads\/brb_media\/00535410_double-scissor-lift-ds35-om-dc-sp-fr-2024-07-rev-c-pdf-106x150.png","description":""},{"id":350520,"url":"https:\/\/dev.codekraft.it\/rotary-2024\/wp-content\/uploads\/brb_media\/00479457_double-scissor-lift-ds35-om-sp-it-2021-10-screen.pdf","title":"Double Scissor Lift DS35 OM SP it 2021 10 screen","mpn":"","thumbnail":"https:\/\/dev.codekraft.it\/rotary-2024\/wp-content\/uploads\/brb_media\/00479457_double-scissor-lift-ds35-om-sp-it-2021-10-screen-pdf-116x150.png","description":""}],"brb_media_safety_datasheets":"","brb_media_spare_parts":[],"_cdmm_p_id":"505765","_company":"Elektron","_gtin":"5063084195623","accessories":[{"id":378923,"mpn":"ROT-LPK230V","name":"Kit d\u2018alimentation 230 V","description":"","thumbnail":"https:\/\/dev.codekraft.it\/rotary-2024\/wp-content\/uploads\/brb_media\/00287569_ds-35-power-kit-230v-mi-150x150.png","url":"https:\/\/dev.codekraft.it\/rotary-2024\/fr\/produits\/accessoires-ponts-elevateurs-fr\/accessoires-ponts-a-doubles-ciseaux-fr\/kit-dalimentation-230-v\/"},{"id":379520,"mpn":"SPRMP-DS35CPBG","name":"Kit de rampes d&#039;acc\u00e8s pour DS32\/35 CAT","description":"Longues, 860 mm, galvanis\u00e9 \u00e0 chaud et rev\u00eatement en poudre | pour voitures de sport | 1 jeu \/ 4 pi\u00e8ces","thumbnail":"https:\/\/dev.codekraft.it\/rotary-2024\/wp-content\/uploads\/brb_media\/00287551-150x150.png","url":"https:\/\/dev.codekraft.it\/rotary-2024\/fr\/produits\/accessoires-ponts-elevateurs-fr\/accessoires-ponts-a-doubles-ciseaux-fr\/kit-de-rampes-dacces-pour-ds32-35-cat\/"},{"id":379526,"mpn":"XX140075","name":"Tampons en caoutchouc Pyramide tronqu\u00e9e","description":"30 mm, avec rev\u00eatements antid\u00e9rapants | 1 jeu \/ 4 pi\u00e8ces","thumbnail":"https:\/\/dev.codekraft.it\/rotary-2024\/wp-content\/uploads\/brb_media\/00392090-150x150.png","url":"https:\/\/dev.codekraft.it\/rotary-2024\/fr\/produits\/accessoires-ponts-elevateurs-fr\/accessoires-ponts-a-doubles-ciseaux-fr\/tampons-en-caoutchouc-pyramide-tronquee\/"},{"id":379532,"mpn":"XX140076","name":"Tampons en caoutchouc Pyramide tronqu\u00e9e","description":"70 mm, avec rev\u00eatements antid\u00e9rapants | 1 jeu \/ 4 pi\u00e8ces","thumbnail":"https:\/\/dev.codekraft.it\/rotary-2024\/wp-content\/uploads\/brb_media\/00392091_scissor-lift-ds-32-70-mm-rubber-pad-di-150x150.png","url":"https:\/\/dev.codekraft.it\/rotary-2024\/fr\/produits\/accessoires-ponts-elevateurs-fr\/accessoires-ponts-a-doubles-ciseaux-fr\/tampons-en-caoutchouc-pyramide-tronquee-2\/"},{"id":381190,"mpn":"XX100003","name":"Kit encastr\u00e9 DS32\/35, avec cadre","description":"Cadre de montage (zingu\u00e9) et bo\u00eetes de support pour rampes pliantes","thumbnail":"https:\/\/dev.codekraft.it\/rotary-2024\/wp-content\/uploads\/brb_media\/00489191_xx100003-mi-150x150.jpg","url":"https:\/\/dev.codekraft.it\/rotary-2024\/fr\/produits\/accessoires-ponts-elevateurs-fr\/accessoires-ponts-a-doubles-ciseaux-fr\/kit-encastre-ds32-35-avec-cadre\/"},{"id":381184,"mpn":"XX100014ZPBG","name":"Kit encastr\u00e9 DS32\/35, sans cadre, ZP+7012","description":"Bo\u00eetes de support pour rampes pliantes avec une installation encastr\u00e9e","thumbnail":"https:\/\/dev.codekraft.it\/rotary-2024\/wp-content\/uploads\/brb_media\/00489190_xx100014zpbg-mi-150x150.jpg","url":"https:\/\/dev.codekraft.it\/rotary-2024\/fr\/produits\/accessoires-ponts-elevateurs-fr\/accessoires-ponts-a-doubles-ciseaux-fr\/kit-encastre-ds32-35-sans-cadre-zp-7012\/"},{"id":381178,"mpn":"XX100050CG","name":"Jeu de traverses RAL 7016","description":"2 traverses et 4 adaptateurs de fixation (1 jeu)","thumbnail":"https:\/\/dev.codekraft.it\/rotary-2024\/wp-content\/uploads\/brb_media\/00489189_xx100050cg-mi-150x150.jpg","url":"https:\/\/dev.codekraft.it\/rotary-2024\/fr\/produits\/accessoires-ponts-elevateurs-fr\/accessoires-ponts-a-doubles-ciseaux-fr\/jeu-de-traverses-ral-7016\/"},{"id":381196,"mpn":"HOSE-KIT-DS3501","name":"Jeu prolongateur de flexible DS32\/35 | 1 m | incl. recouvrement de flexible","description":"","thumbnail":"","url":"https:\/\/dev.codekraft.it\/rotary-2024\/fr\/produits\/accessoires-ponts-elevateurs-fr\/accessoires-ponts-a-doubles-ciseaux-fr\/jeu-prolongateur-de-flexible-ds32-35-1-m-incl-recouvrement-de-flexible\/"}],"components":[],"related":[],"page_logo_src":"https:\/\/dev.codekraft.it\/rotary-2024\/wp-content\/uploads\/2024\/05\/cropped-rotary-logo-2022.png","lang":"fr","translations":{"fr":385220,"en":385218,"de":385219,"it":385221,"es":385222,"ru":385223},"pll_sync_post":[],"_links":{"self":[{"href":"https:\/\/dev.codekraft.it\/rotary-2024\/wp-json\/wp\/v2\/product\/385220","targetHints":{"allow":["GET"]}}],"collection":[{"href":"https:\/\/dev.codekraft.it\/rotary-2024\/wp-json\/wp\/v2\/product"}],"about":[{"href":"https:\/\/dev.codekraft.it\/rotary-2024\/wp-json\/wp\/v2\/types\/product"}],"wp:featuredmedia":[{"embeddable":true,"href":"https:\/\/dev.codekraft.it\/rotary-2024\/wp-json\/wp\/v2\/media\/351408"}],"wp:attachment":[{"href":"https:\/\/dev.codekraft.it\/rotary-2024\/wp-json\/wp\/v2\/media?parent=385220"}],"wp:term":[{"taxonomy":"product_brand","embeddable":true,"href":"https:\/\/dev.codekraft.it\/rotary-2024\/wp-json\/wp\/v2\/product_brand?post=385220"},{"taxonomy":"product_cat","embeddable":true,"href":"https:\/\/dev.codekraft.it\/rotary-2024\/wp-json\/wp\/v2\/product_cat?post=385220"},{"taxonomy":"product_tag","embeddable":true,"href":"https:\/\/dev.codekraft.it\/rotary-2024\/wp-json\/wp\/v2\/product_tag?post=385220"},{"taxonomy":"product_approvals","embeddable":true,"href":"https:\/\/dev.codekraft.it\/rotary-2024\/wp-json\/wp\/v2\/product_approvals?post=385220"},{"taxonomy":"product_application","embeddable":true,"href":"https:\/\/dev.codekraft.it\/rotary-2024\/wp-json\/wp\/v2\/product_application?post=385220"}],"curies":[{"name":"wp","href":"https:\/\/api.w.org\/{rel}","templated":true}]}}