{"id":385216,"date":"2025-04-01T08:53:26","date_gmt":"2025-04-01T08:53:26","guid":{"rendered":"https:\/\/dev.codekraft.it\/rotary-2024\/products\/uncategorized\/desmontadora-de-rueda-automatica-vas-741065a\/"},"modified":"2025-04-01T08:53:26","modified_gmt":"2025-04-01T08:53:26","slug":"desmontadora-de-rueda-automatica-vas-741065a","status":"publish","type":"product","link":"https:\/\/dev.codekraft.it\/rotary-2024\/es\/productos\/servicio-de-llantas-es\/desmontadoras-es\/desmontadora-de-rueda-automatica-vas-741065a\/","title":{"rendered":"Desmontadora de rueda autom\u00e1tica VAS 741065A"},"content":{"rendered":"<p>10 &#8211; 30\u2033 Desmontadora de neum\u00e1ticos sin palanca, equipada con la herramienta de montaje patentada de Butler, para el montaje y el desmontaje sin tensi\u00f3n de todos los neum\u00e1ticos y todas las llantas (Est\u00e1ndar, UHP, RunFlat)<\/p>\n<ul>\n<li>Soporte central para ruedas con agarre extra, dise\u00f1o patentado:\n<ul>\n<li>Apto tambi\u00e9n para llantas invertidas<\/li>\n<li>Gracias a un disco de rueda autoblocante, la sujeci\u00f3n de la rueda se realiza de forma r\u00e1pida y ejerciendo una fuerza m\u00ednima<\/li>\n<\/ul>\n<\/li>\n<li>Colocaci\u00f3n sincronizada de los dos rodillos y de la herramienta de montaje en un solo paso de trabajo &#8211; El neum\u00e1tico se extrae de forma r\u00e1pida y segura mediante dos rodillos que est\u00e1n dispuestos en posiciones opuestas y se mueven de forma sincronizada<\/li>\n<li>\u00datil de montaje patentado de un material que no raya para no ocasionar da\u00f1os en la llanta (efecto cero tensi\u00f3n)<\/li>\n<\/ul>\n<ul>\n<li>Consola intuitiva<\/li>\n<li>Tecla de movimiento de los rodillos para una extracci\u00f3n correcta y segura, sin que se produzcan da\u00f1os en las paredes laterales del neum\u00e1tico ni en el sensor de presi\u00f3n<\/li>\n<li>Velocidad regulable por parte del usuario<\/li>\n<li>Inversor con limitador de velocidad para proteger el neum\u00e1tico<\/li>\n<li>Tensor r\u00e1pido<\/li>\n<li>Brazo de ayuda<\/li>\n<li>Elevador de rueda neum\u00e1tico<\/li>\n<\/ul>\n<p><strong>Pieza accesorias gen\u00e9ricas bajo pedido:<\/strong><\/p>\n<ul>\n<li>Brida universal para ruedas sin orificio central, apta para llantas con una base extremadamente profunda<\/li>\n<\/ul>\n","protected":false},"excerpt":{"rendered":"<p>Kendo.30 Premium | Sin palanca, incluye brazo de ayuda neum\u00e1tico y elevador neum\u00e1tico de ruedas, turismo, di\u00e1metro de llanta 10 &#8211; 30\u2033 | Certificado wdk<\/p>\n","protected":false},"featured_media":376111,"template":"","meta":[],"product_cat":[1033424],"product_tag":[1034203,1034169,1034254,1034186],"product_approvals":[1014539],"product_application":[1044177,1044186,1043110,1041445,1044189,1044183,1044180,1041439,1041442],"class_list":{"0":"post-385216","1":"product","2":"type-product","3":"status-publish","4":"has-post-thumbnail","6":"product_cat-desmontadoras-es","7":"product_tag-motor-homes-es","8":"product_tag-passenger-cars-es","9":"product_tag-trailer-es","10":"product_tag-light-commercial-es","11":"product_approvals-mercedes-benz-es","12":"product_application-carroceria-es","13":"product_application-drenaje-es","14":"product_application-equipo-para-el-servicio-de-ruedas-es","15":"product_application-flota-de-vehiculos-es","16":"product_application-gasolinera-es","17":"product_application-instalacion-montaje-es","18":"product_application-reparacion-de-camion-l-es","19":"product_application-reparacion-de-vehiculo-es","20":"product_application-talleres-es","22":"first","23":"instock","24":"shipping-taxable","25":"product-type-simple"},"approvals":[{"term_id":1014539,"name":"Mercedes-Benz","slug":"mercedes-benz-es","term_group":0,"term_taxonomy_id":1014538,"taxonomy":"product_approvals","description":"","parent":0,"count":43,"filter":"raw"}],"application":[{"term_id":1044177,"name":"Carrocer\u00eda","slug":"carroceria-es","term_group":0,"term_taxonomy_id":1044176,"taxonomy":"product_application","description":"","parent":0,"count":1,"filter":"raw","tax_image_id":""},{"term_id":1044186,"name":"Drenaje","slug":"drenaje-es","term_group":0,"term_taxonomy_id":1044185,"taxonomy":"product_application","description":"","parent":0,"count":1,"filter":"raw","tax_image_id":""},{"term_id":1043110,"name":"Equipo para el servicio de ruedas","slug":"equipo-para-el-servicio-de-ruedas-es","term_group":0,"term_taxonomy_id":1043109,"taxonomy":"product_application","description":"","parent":0,"count":7,"filter":"raw","tax_image_id":""},{"term_id":1041445,"name":"Flota de veh\u00edculos","slug":"flota-de-vehiculos-es","term_group":0,"term_taxonomy_id":1041444,"taxonomy":"product_application","description":"","parent":0,"count":4,"filter":"raw","tax_image_id":""},{"term_id":1044189,"name":"Gasolinera","slug":"gasolinera-es","term_group":0,"term_taxonomy_id":1044188,"taxonomy":"product_application","description":"","parent":0,"count":1,"filter":"raw","tax_image_id":""},{"term_id":1044183,"name":"Instalaci\u00f3n \/ montaje","slug":"instalacion-montaje-es","term_group":0,"term_taxonomy_id":1044182,"taxonomy":"product_application","description":"","parent":0,"count":1,"filter":"raw","tax_image_id":""},{"term_id":1044180,"name":"Reparaci\u00f3n de cami\u00f3n L","slug":"reparacion-de-camion-l-es","term_group":0,"term_taxonomy_id":1044179,"taxonomy":"product_application","description":"","parent":0,"count":1,"filter":"raw","tax_image_id":""},{"term_id":1041439,"name":"Reparaci\u00f3n de veh\u00edculo","slug":"reparacion-de-vehiculo-es","term_group":0,"term_taxonomy_id":1041438,"taxonomy":"product_application","description":"","parent":0,"count":4,"filter":"raw","tax_image_id":""},{"term_id":1041442,"name":"Talleres","slug":"talleres-es","term_group":0,"term_taxonomy_id":1041441,"taxonomy":"product_application","description":"","parent":0,"count":4,"filter":"raw","tax_image_id":""}],"brb_media_brochure":"","brb_media_drawing":"","brb_media_manuals":"","brb_media_safety_datasheets":"","brb_media_spare_parts":[],"_cdmm_p_id":"505757","_company":"Elektron","_gtin":"4057612923599","accessories":[{"id":380623,"cdmm_p_id":"490282","name":"Cabezal de montaje superior para llantas con radios hacia fuera","description":"","thumbnail":"https:\/\/dev.codekraft.it\/rotary-2024\/wp-content\/uploads\/brb_media\/00506689_g1000a142-150x150.png","url":"https:\/\/dev.codekraft.it\/rotary-2024\/es\/productos\/accesorios-servicio-de-llantas-es\/accesorios-desmontadoras-es\/cabezal-de-montaje-superior-para-llantas-con-radios-hacia-fuera\/"},{"id":382108,"cdmm_p_id":"499819","name":"Jab\u00f3n lubricante para montaje\/desmontaje neum\u00e1ticos | 3,5 kg","description":"","thumbnail":"https:\/\/dev.codekraft.it\/rotary-2024\/wp-content\/uploads\/brb_media\/00506743_g800a37-150x150.png","url":"https:\/\/dev.codekraft.it\/rotary-2024\/es\/productos\/accesorios-servicio-de-llantas-es\/accesorios-desmontadoras-es\/jabon-lubricante-para-montaje-desmontaje-neumaticos-35-kg\/"},{"id":381514,"cdmm_p_id":"497566","name":"Brocha Pl\u00e1stico","description":"","thumbnail":"https:\/\/dev.codekraft.it\/rotary-2024\/wp-content\/uploads\/brb_media\/00506719_g800a38-150x150.png","url":"https:\/\/dev.codekraft.it\/rotary-2024\/es\/productos\/accesorios-servicio-de-llantas-es\/accesorios-desmontadoras-es\/brocha-plastico\/"},{"id":381526,"cdmm_p_id":"497568","name":"Protecci\u00f3n de goma para della platillo de apoyo rueda","description":"Juego de protecci\u00f3n para ruedas invertidas | 1 juego \/ 10 piezas","thumbnail":"https:\/\/dev.codekraft.it\/rotary-2024\/wp-content\/uploads\/brb_media\/00506708_g1000a81k-sp-150x150.png","url":"https:\/\/dev.codekraft.it\/rotary-2024\/es\/productos\/accesorios-servicio-de-llantas-es\/accesorios-desmontadoras-es\/proteccion-de-goma-para-della-platillo-de-apoyo-rueda\/"},{"id":382015,"cdmm_p_id":"499798","name":"Pel\u00edculas de protecci\u00f3n de tal\u00f3n | con homologaci\u00f3n WDK","description":"Incluido en el kit WDK | 1 juego \/ 50 piezas","thumbnail":"https:\/\/dev.codekraft.it\/rotary-2024\/wp-content\/uploads\/brb_media\/00506667_g1000a100k-01-150x150.png","url":"https:\/\/dev.codekraft.it\/rotary-2024\/es\/productos\/accesorios-servicio-de-llantas-es\/accesorios-desmontadoras-es\/peliculas-de-proteccion-de-talon-con-homologacion-wdk\/"},{"id":380374,"cdmm_p_id":"482616","name":"Wulstboy con dispositivo de remolque Est\u00e1ndar","description":"Incluido en el kit WDK","thumbnail":"https:\/\/dev.codekraft.it\/rotary-2024\/wp-content\/uploads\/brb_media\/00506688_g1000a140-150x150.png","url":"https:\/\/dev.codekraft.it\/rotary-2024\/es\/productos\/accesorios-servicio-de-llantas-es\/accesorios-desmontadoras-es\/wulstboy-con-dispositivo-de-remolque-estandar\/"},{"id":381336,"cdmm_p_id":"497532","name":"Extensi\u00f3n para prensa tal\u00f3n a 28\u2033 | para G1000A32","description":"Incluido en el kit WDK","thumbnail":"https:\/\/dev.codekraft.it\/rotary-2024\/wp-content\/uploads\/brb_media\/00506693_g1000a36-150x150.png","url":"https:\/\/dev.codekraft.it\/rotary-2024\/es\/productos\/accesorios-servicio-de-llantas-es\/accesorios-desmontadoras-es\/extension-para-prensa-talon-a-28%e2%80%b3-para-g1000a32\/"},{"id":381550,"cdmm_p_id":"497572","name":"Garra para LT (Light Truck)","description":"","thumbnail":"https:\/\/dev.codekraft.it\/rotary-2024\/wp-content\/uploads\/brb_media\/00506669_g1000a101-150x150.png","url":"https:\/\/dev.codekraft.it\/rotary-2024\/es\/productos\/accesorios-servicio-de-llantas-es\/accesorios-desmontadoras-es\/garra-para-lt-light-truck\/"},{"id":381562,"cdmm_p_id":"497574","name":"Cono con espesor | para eje 40 | \u00d8 69 mm","description":"Necesario G1000A80 - G1000A138","thumbnail":"https:\/\/dev.codekraft.it\/rotary-2024\/wp-content\/uploads\/brb_media\/00471557_tyre-changers-cone-for-40-mm-shaft-di-150x150.png","url":"https:\/\/dev.codekraft.it\/rotary-2024\/es\/productos\/accesorios-servicio-de-llantas-es\/accesorios-desmontadoras-es\/cono-con-espesor-para-eje-40-o-69-mm\/"}],"components":[],"related":[],"similar":[{"id":385210,"cdmm_p_id":"505753","name":"Desmontadora de neum\u00e1ticos VAS 741063A","description":"Aikido.Evo Premium | Sin palanca, autom\u00e1tica, incl. brazo de ayuda neum\u00e1tico y elevador de rueda, turismo, di\u00e1metro de llanta 10 - 34\u2033 | Certificado wdk","thumbnail":"https:\/\/dev.codekraft.it\/rotary-2024\/wp-content\/uploads\/brb_media\/00539674_tyre-changer-aikidoevo-premium-vas-741063a-mi-150x150.png","url":"https:\/\/dev.codekraft.it\/rotary-2024\/es\/productos\/servicio-de-llantas-es\/desmontadoras-es\/desmontadora-de-neumaticos-vas-741063a\/"}],"lang":"es","translations":{"es":385216,"en":385212,"de":385213,"fr":385214,"it":385215,"ru":385217},"pll_sync_post":[],"_links":{"self":[{"href":"https:\/\/dev.codekraft.it\/rotary-2024\/wp-json\/wp\/v2\/product\/385216","targetHints":{"allow":["GET"]}}],"collection":[{"href":"https:\/\/dev.codekraft.it\/rotary-2024\/wp-json\/wp\/v2\/product"}],"about":[{"href":"https:\/\/dev.codekraft.it\/rotary-2024\/wp-json\/wp\/v2\/types\/product"}],"wp:featuredmedia":[{"embeddable":true,"href":"https:\/\/dev.codekraft.it\/rotary-2024\/wp-json\/wp\/v2\/media\/376111"}],"wp:attachment":[{"href":"https:\/\/dev.codekraft.it\/rotary-2024\/wp-json\/wp\/v2\/media?parent=385216"}],"wp:term":[{"taxonomy":"product_cat","embeddable":true,"href":"https:\/\/dev.codekraft.it\/rotary-2024\/wp-json\/wp\/v2\/product_cat?post=385216"},{"taxonomy":"product_tag","embeddable":true,"href":"https:\/\/dev.codekraft.it\/rotary-2024\/wp-json\/wp\/v2\/product_tag?post=385216"},{"taxonomy":"product_approvals","embeddable":true,"href":"https:\/\/dev.codekraft.it\/rotary-2024\/wp-json\/wp\/v2\/product_approvals?post=385216"},{"taxonomy":"product_application","embeddable":true,"href":"https:\/\/dev.codekraft.it\/rotary-2024\/wp-json\/wp\/v2\/product_application?post=385216"}],"curies":[{"name":"wp","href":"https:\/\/api.w.org\/{rel}","templated":true}]}}