{"id":385213,"date":"2025-04-01T08:53:26","date_gmt":"2025-04-01T08:53:26","guid":{"rendered":"https:\/\/dev.codekraft.it\/rotary-2024\/products\/uncategorized\/automatische-reifenmontiermaschine-vas-741065a\/"},"modified":"2025-04-01T08:53:26","modified_gmt":"2025-04-01T08:53:26","slug":"automatische-reifenmontiermaschine-vas-741065a","status":"publish","type":"product","link":"https:\/\/dev.codekraft.it\/rotary-2024\/produkte\/reifenservice-de\/reifenmontiermaschinen-de\/automatische-reifenmontiermaschine-vas-741065a\/","title":{"rendered":"Automatische Reifenmontiermaschine VAS 741065A"},"content":{"rendered":"<p>10 &#8211; 30\u2033 hebelfreie Reifenmontiermaschine, ausger\u00fcstet mit dem patentierten Butler-Montierwerkzeug f\u00fcr stressfreie Montage und Demontage aller Reifen und Felgen (Standard, UHP, RunFlat)<\/p>\n<ul>\n<li>Patentierte Extra-Grip-Radzentralaufnahme:\n<ul>\n<li>Auch f\u00fcr umgekehrte Felgen geeignet<\/li>\n<li>Das Radspannen erfolgt dank einer selbst arretierenden Radscheibe schnell und mit minimalem Kraftaufwand<\/li>\n<\/ul>\n<\/li>\n<li>Synchronisierte Positionierung der 2 Abdr\u00fcckrollen und des Montagewerkzeugs in einem Arbeitsschritt &#8211; Der Reifen wird mittels zweier gegen\u00fcberliegender und synchron laufender Abdruckrollen schnell und sicher abgedr\u00fcckt<\/li>\n<li>Patentierter Montagekopf aus nicht kratzendem Material f\u00fcr besch\u00e4digungsfreies Arbeiten an der Felge in Randn\u00e4he (Null-Stress-Effekt)<\/li>\n<\/ul>\n<ul>\n<li>Benutzerfreundliche Konsole<\/li>\n<li>Rollen-Vorschubtaste f\u00fcr ein korrektes und sicheres Abdr\u00fccken ohne Besch\u00e4digung von Reifenseitenwand und Drucksensor<\/li>\n<li>Vom Bediener beliebig regelbare Geschwindigkeit<\/li>\n<li>Inverter mit Drehzahlbegrenzer zum Schutz des Reifens<\/li>\n<li>Schnellaufspanner<\/li>\n<li>Wulstniederhalte-Arm<\/li>\n<li>Pneumatischer Radheber<\/li>\n<\/ul>\n<p><em><strong>Zubeh\u00f6r auf Anfrage:<\/strong><\/em><\/p>\n<ul>\n<li>Universalflansch f\u00fcr R\u00e4der ohne Mittelloch, geeignet auch f\u00fcr Felgen mit extremen Tiefbett<\/li>\n<\/ul>\n","protected":false},"excerpt":{"rendered":"<p>Kendo.30 Premium | Ohne Montiereisen, inkl. pneumatischem Wulstniederhalter und pneumatischem Radheber, Pkw, Felgendurchmesser 10 &#8211; 30\u2033 | wdk-zertifiziert<\/p>\n","protected":false},"featured_media":376111,"template":"","meta":[],"product_cat":[1033364],"product_tag":[1034161,1034246,1034178,1034195],"product_approvals":[1014530],"product_application":[1044141,1041419,1044137,1043102,1044139,1041415,1044145,1044143,1041417],"class_list":{"0":"post-385213","1":"product","2":"type-product","3":"status-publish","4":"has-post-thumbnail","6":"product_cat-reifenmontiermaschinen-de","7":"product_tag-passenger-cars-de","8":"product_tag-trailer-de","9":"product_tag-light-commercial-de","10":"product_tag-motor-homes-de","11":"product_approvals-mercedes-benz-de","12":"product_application-einbau-montage-de","13":"product_application-fuhrparks-de","14":"product_application-karosserie-de","15":"product_application-reifenservice-de","16":"product_application-reparatur-l-lkw-de","17":"product_application-reparatur-pkw-de","18":"product_application-tankstellen-de","19":"product_application-trockenlegung-de","20":"product_application-werkstatten-de","22":"first","23":"instock","24":"shipping-taxable","25":"product-type-simple"},"approvals":[{"term_id":1014530,"name":"Mercedes-Benz","slug":"mercedes-benz-de","term_group":0,"term_taxonomy_id":1014529,"taxonomy":"product_approvals","description":"","parent":0,"count":43,"filter":"raw"}],"application":[{"term_id":1044141,"name":"Einbau \/ Montage","slug":"einbau-montage-de","term_group":0,"term_taxonomy_id":1044140,"taxonomy":"product_application","description":"","parent":0,"count":1,"filter":"raw","tax_image_id":""},{"term_id":1041419,"name":"Fuhrparks","slug":"fuhrparks-de","term_group":0,"term_taxonomy_id":1041418,"taxonomy":"product_application","description":"","parent":0,"count":4,"filter":"raw","tax_image_id":""},{"term_id":1044137,"name":"Karosserie","slug":"karosserie-de","term_group":0,"term_taxonomy_id":1044136,"taxonomy":"product_application","description":"","parent":0,"count":1,"filter":"raw","tax_image_id":""},{"term_id":1043102,"name":"Reifenservice","slug":"reifenservice-de","term_group":0,"term_taxonomy_id":1043101,"taxonomy":"product_application","description":"","parent":0,"count":7,"filter":"raw","tax_image_id":""},{"term_id":1044139,"name":"Reparatur-L-LKW","slug":"reparatur-l-lkw-de","term_group":0,"term_taxonomy_id":1044138,"taxonomy":"product_application","description":"","parent":0,"count":1,"filter":"raw","tax_image_id":""},{"term_id":1041415,"name":"Reparatur-PKW","slug":"reparatur-pkw-de","term_group":0,"term_taxonomy_id":1041414,"taxonomy":"product_application","description":"","parent":0,"count":4,"filter":"raw","tax_image_id":""},{"term_id":1044145,"name":"Tankstellen","slug":"tankstellen-de","term_group":0,"term_taxonomy_id":1044144,"taxonomy":"product_application","description":"","parent":0,"count":1,"filter":"raw","tax_image_id":""},{"term_id":1044143,"name":"Trockenlegung","slug":"trockenlegung-de","term_group":0,"term_taxonomy_id":1044142,"taxonomy":"product_application","description":"","parent":0,"count":1,"filter":"raw","tax_image_id":""},{"term_id":1041417,"name":"Werkst\u00e4tten","slug":"werkstatten-de","term_group":0,"term_taxonomy_id":1041416,"taxonomy":"product_application","description":"","parent":0,"count":4,"filter":"raw","tax_image_id":""}],"brb_media_brochure":"","brb_media_drawing":"","brb_media_manuals":"","brb_media_safety_datasheets":"","brb_media_spare_parts":[],"_cdmm_p_id":"505757","_company":"Elektron","_gtin":"4057612923599","accessories":[{"id":380620,"cdmm_p_id":"490282","name":"Oberer Montagekopf f\u00fcr gew\u00f6lbte Felgen","description":"","thumbnail":"https:\/\/dev.codekraft.it\/rotary-2024\/wp-content\/uploads\/brb_media\/00506689_g1000a142-150x150.png","url":"https:\/\/dev.codekraft.it\/rotary-2024\/produkte\/zubehor-reifenservice-de\/zubehor-reifenmontiermaschinen-de\/oberer-montagekopf-fur-gewolbte-felgen\/"},{"id":382105,"cdmm_p_id":"499819","name":"Montagepaste | 3,5 kg","description":"","thumbnail":"https:\/\/dev.codekraft.it\/rotary-2024\/wp-content\/uploads\/brb_media\/00506743_g800a37-150x150.png","url":"https:\/\/dev.codekraft.it\/rotary-2024\/produkte\/zubehor-reifenservice-de\/zubehor-reifenmontiermaschinen-de\/montagepaste-35-kg\/"},{"id":381511,"cdmm_p_id":"497566","name":"Pinsel Kunststoff","description":"","thumbnail":"https:\/\/dev.codekraft.it\/rotary-2024\/wp-content\/uploads\/brb_media\/00506719_g800a38-150x150.png","url":"https:\/\/dev.codekraft.it\/rotary-2024\/produkte\/zubehor-reifenservice-de\/zubehor-reifenmontiermaschinen-de\/pinsel-kunststoff\/"},{"id":381523,"cdmm_p_id":"497568","name":"Gummischutz f\u00fcr Montageteller","description":"Gummischutz-Set f\u00fcr Tiefbettfelgen | 1 Satz \/ 10 St\u00fcck","thumbnail":"https:\/\/dev.codekraft.it\/rotary-2024\/wp-content\/uploads\/brb_media\/00506708_g1000a81k-sp-150x150.png","url":"https:\/\/dev.codekraft.it\/rotary-2024\/produkte\/zubehor-reifenservice-de\/zubehor-reifenmontiermaschinen-de\/gummischutz-fur-montageteller\/"},{"id":382012,"cdmm_p_id":"499798","name":"Wulstschutzfolien | mit WDK-Zulassung","description":"Im WDK-Kit enthalten | 1 Satz \/ 50 St\u00fcck","thumbnail":"https:\/\/dev.codekraft.it\/rotary-2024\/wp-content\/uploads\/brb_media\/00506667_g1000a100k-01-150x150.png","url":"https:\/\/dev.codekraft.it\/rotary-2024\/produkte\/zubehor-reifenservice-de\/zubehor-reifenmontiermaschinen-de\/wulstschutzfolien-mit-wdk-zulassung\/"},{"id":380371,"cdmm_p_id":"482616","name":"Wulstboy mit Zugvorrichtung Standard","description":"Im WDK-Kit enthalten","thumbnail":"https:\/\/dev.codekraft.it\/rotary-2024\/wp-content\/uploads\/brb_media\/00506688_g1000a140-150x150.png","url":"https:\/\/dev.codekraft.it\/rotary-2024\/produkte\/zubehor-reifenservice-de\/zubehor-reifenmontiermaschinen-de\/wulstboy-mit-zugvorrichtung-standard\/"},{"id":381333,"cdmm_p_id":"497532","name":"Wulstkettenverl\u00e4ngerung auf 28\u2033 | f\u00fcr G1000A32","description":"Im WDK-Kit enthalten","thumbnail":"https:\/\/dev.codekraft.it\/rotary-2024\/wp-content\/uploads\/brb_media\/00506693_g1000a36-150x150.png","url":"https:\/\/dev.codekraft.it\/rotary-2024\/produkte\/zubehor-reifenservice-de\/zubehor-reifenmontiermaschinen-de\/wulstkettenverlangerung-auf-28%e2%80%b3-fur-g1000a32\/"},{"id":381547,"cdmm_p_id":"497572","name":"Flansch f\u00fcr LT (LLkw)","description":"F\u00fcr Reifenmontiermaschinen mit Zentralspannung","thumbnail":"https:\/\/dev.codekraft.it\/rotary-2024\/wp-content\/uploads\/brb_media\/00506669_g1000a101-150x150.png","url":"https:\/\/dev.codekraft.it\/rotary-2024\/produkte\/zubehor-reifenservice-de\/zubehor-reifenmontiermaschinen-de\/flansch-fur-lt-llkw\/"},{"id":381559,"cdmm_p_id":"497574","name":"Konus mit Distanzring | f\u00fcr 40er Welle | \u00d8 69 mm","description":"Erforderlich G1000A80 - G1000A138","thumbnail":"https:\/\/dev.codekraft.it\/rotary-2024\/wp-content\/uploads\/brb_media\/00471557_tyre-changers-cone-for-40-mm-shaft-di-150x150.png","url":"https:\/\/dev.codekraft.it\/rotary-2024\/produkte\/zubehor-reifenservice-de\/zubehor-reifenmontiermaschinen-de\/konus-mit-distanzring-fur-40er-welle-o-69-mm\/"}],"components":[],"related":[],"similar":[{"id":385207,"cdmm_p_id":"505753","name":"Reifenmontiermaschine VAS 741063A","description":"Aikido.Evo Premium | Ohne Montiereisen, automatisch, inkl. pneumatischem Wulstniederhalter und Radheber, Pkw, Felgendurchmesser 10 - 34\u2033 | wdk-zertifiziert","thumbnail":"https:\/\/dev.codekraft.it\/rotary-2024\/wp-content\/uploads\/brb_media\/00539674_tyre-changer-aikidoevo-premium-vas-741063a-mi-150x150.png","url":"https:\/\/dev.codekraft.it\/rotary-2024\/produkte\/reifenservice-de\/reifenmontiermaschinen-de\/reifenmontiermaschine-vas-741063a\/"}],"lang":"de","translations":{"de":385213,"en":385212,"fr":385214,"it":385215,"es":385216,"ru":385217},"pll_sync_post":[],"_links":{"self":[{"href":"https:\/\/dev.codekraft.it\/rotary-2024\/wp-json\/wp\/v2\/product\/385213","targetHints":{"allow":["GET"]}}],"collection":[{"href":"https:\/\/dev.codekraft.it\/rotary-2024\/wp-json\/wp\/v2\/product"}],"about":[{"href":"https:\/\/dev.codekraft.it\/rotary-2024\/wp-json\/wp\/v2\/types\/product"}],"wp:featuredmedia":[{"embeddable":true,"href":"https:\/\/dev.codekraft.it\/rotary-2024\/wp-json\/wp\/v2\/media\/376111"}],"wp:attachment":[{"href":"https:\/\/dev.codekraft.it\/rotary-2024\/wp-json\/wp\/v2\/media?parent=385213"}],"wp:term":[{"taxonomy":"product_cat","embeddable":true,"href":"https:\/\/dev.codekraft.it\/rotary-2024\/wp-json\/wp\/v2\/product_cat?post=385213"},{"taxonomy":"product_tag","embeddable":true,"href":"https:\/\/dev.codekraft.it\/rotary-2024\/wp-json\/wp\/v2\/product_tag?post=385213"},{"taxonomy":"product_approvals","embeddable":true,"href":"https:\/\/dev.codekraft.it\/rotary-2024\/wp-json\/wp\/v2\/product_approvals?post=385213"},{"taxonomy":"product_application","embeddable":true,"href":"https:\/\/dev.codekraft.it\/rotary-2024\/wp-json\/wp\/v2\/product_application?post=385213"}],"curies":[{"name":"wp","href":"https:\/\/api.w.org\/{rel}","templated":true}]}}