{"id":385210,"date":"2025-04-01T08:53:25","date_gmt":"2025-04-01T08:53:25","guid":{"rendered":"https:\/\/dev.codekraft.it\/rotary-2024\/products\/uncategorized\/desmontadora-de-neumaticos-vas-741063a\/"},"modified":"2025-04-01T08:53:25","modified_gmt":"2025-04-01T08:53:25","slug":"desmontadora-de-neumaticos-vas-741063a","status":"publish","type":"product","link":"https:\/\/dev.codekraft.it\/rotary-2024\/es\/productos\/servicio-de-llantas-es\/desmontadoras-es\/desmontadora-de-neumaticos-vas-741063a\/","title":{"rendered":"Desmontadora de neum\u00e1ticos VAS 741063A"},"content":{"rendered":"<p>La Aikido.Evo Premium es una desmontadora sin palanca equipada con \u00fatil de montaje patentado de Butler que se utiliza para montar y desmontar sin esfuerzo neum\u00e1ticos y llantas con un di\u00e1metro de 10\u2033 a 34\u2033. Proporciona suficiente espacio de almacenamiento para tener todas las herramientas y piezas en el lugar de trabajo y su dise\u00f1o delgado se adapta a cualquier taller.<\/p>\n<ul>\n<li>Ahorro de espacio: sin cables en la parte trasera y con compartimento de almacenamiento incluido<\/li>\n<li>Flujo de trabajo m\u00e1s r\u00e1pido: funci\u00f3n de memoria para guardar la posici\u00f3n en altura de la herramienta<\/li>\n<li>Colocaci\u00f3n r\u00e1pida e ideal de la rueda: ajuste electr\u00f3nico con agarre extra del plato de fijaci\u00f3n y bloqueo inteligente<\/li>\n<\/ul>\n<ul>\n<li>Plato patentado con agarre extra, adecuado para llantas invertidas tambi\u00e9n\n<ul>\n<li>Aumenta autom\u00e1ticamente la presi\u00f3n de fijaci\u00f3n durante la rotaci\u00f3n<\/li>\n<li>Tres posiciones de trabajo ajustables<\/li>\n<\/ul>\n<\/li>\n<li>Sensores de llanta en los discos para un destalonado correcto y seguro, sin da\u00f1ar el flanco del neum\u00e1tico ni el sensor de presi\u00f3n<\/li>\n<li>Bot\u00f3n de \u00abMemoria\u00bb para guardar la altura de la herramienta; permite ahorrar tiempo durante los trabajos de montaje y desmontaje<\/li>\n<li>Sincronizaci\u00f3n mec\u00e1nica de los brazos, que apuntan siempre al centro de la rueda<\/li>\n<li>La funci\u00f3n de bloqueo inteligente (\u00abSmart Lock\u00bb) permite bloquear y desbloquear la llanta de forma m\u00e1s r\u00e1pida y precisa, pero manteniendo las caracter\u00edsticas de seguridad y adaptabilidad de un bloqueo mec\u00e1nico manual<\/li>\n<\/ul>\n<ul>\n<li>Consola intuitiva con funci\u00f3n de memoria<\/li>\n<li>Colocaci\u00f3n sincronizada de los brazos de trabajo en funci\u00f3n del di\u00e1metro de la rueda<\/li>\n<li>U\u00f1a patentada de material que no raya, para un trabajo sin da\u00f1os en las llantas cerca del borde (efecto de tensi\u00f3n cero)<\/li>\n<li>Sin palanca: sin palanca de montaje<\/li>\n<li>Unidad de tratamiento de aire (separador de agua, control de presi\u00f3n y lubricaci\u00f3n)<\/li>\n<li>Aro de retenci\u00f3n para pasta de montaje incluido<\/li>\n<li>Zona de almacenamiento para depositar accesorios, v\u00e1lvulas y herramientas<\/li>\n<li>Brazo de ayuda neum\u00e1tico, empujador de tal\u00f3n<\/li>\n<li>Elevador de rueda neum\u00e1tico, eleva la rueda desde el suelo hasta la fijaci\u00f3n central<\/li>\n<li>Motor el\u00e9ctrico con inverter para poder controlar la velocidad; la rotaci\u00f3n se ralentiza autom\u00e1ticamente en caso de esfuerzo del tal\u00f3n<\/li>\n<li>Ajuste sencillo y preciso del di\u00e1metro mediante el movimiento el\u00e9ctrico del plato de fijaci\u00f3n<\/li>\n<li>Movimiento simult\u00e1neo de los brazos y del soporte de la rueda para garantizar el mejor \u00e1ngulo de aproximaci\u00f3n para las herramientas<\/li>\n<li>Espacio libre en la parte trasera para un mejor manejo y un libre movimiento alrededor de la m\u00e1quina<\/li>\n<\/ul>\n","protected":false},"excerpt":{"rendered":"<p>Aikido.Evo Premium | Sin palanca, autom\u00e1tica, incl. brazo de ayuda neum\u00e1tico y elevador de rueda, turismo, di\u00e1metro de llanta 10 &#8211; 34\u2033 | Certificado wdk<\/p>\n","protected":false},"featured_media":376074,"template":"","meta":[],"product_cat":[1033424],"product_tag":[1034203,1034169,1034186],"product_approvals":[1017584,1014913,1014896],"product_application":[],"class_list":{"0":"post-385210","1":"product","2":"type-product","3":"status-publish","4":"has-post-thumbnail","6":"product_cat-desmontadoras-es","7":"product_tag-motor-homes-es","8":"product_tag-passenger-cars-es","9":"product_tag-light-commercial-es","10":"product_approvals-bmw-es","11":"product_approvals-mini-es","12":"product_approvals-rolls-royce-es","14":"first","15":"instock","16":"shipping-taxable","17":"product-type-simple"},"approvals":[{"term_id":1017584,"name":"BMW","slug":"bmw-es","term_group":0,"term_taxonomy_id":1017583,"taxonomy":"product_approvals","description":"","parent":0,"count":8,"filter":"raw"},{"term_id":1014913,"name":"Mini","slug":"mini-es","term_group":0,"term_taxonomy_id":1014912,"taxonomy":"product_approvals","description":"","parent":0,"count":8,"filter":"raw"},{"term_id":1014896,"name":"Rolls Royce","slug":"rolls-royce-es","term_group":0,"term_taxonomy_id":1014895,"taxonomy":"product_approvals","description":"","parent":0,"count":8,"filter":"raw"}],"application":[],"brb_media_brochure":[{"id":376075,"url":"https:\/\/dev.codekraft.it\/rotary-2024\/wp-content\/uploads\/brb_media\/00475945_tyre-changer-aikidoevopremium-br-brb-129921-de-2021-08-screen.pdf","title":"Tyre Changer AIKIDOEVOPREMIUM BR BRB 129921 de 2021 08 screen","thumbnail":"https:\/\/dev.codekraft.it\/rotary-2024\/wp-content\/uploads\/brb_media\/00475945_tyre-changer-aikidoevopremium-br-brb-129921-de-2021-08-screen-pdf-106x150.png","description":""},{"id":376076,"url":"https:\/\/dev.codekraft.it\/rotary-2024\/wp-content\/uploads\/brb_media\/00475946_tyre-changer-aikidoevopremium-br-brb-129922-en-2021-08-screen.pdf","title":"Tyre Changer AIKIDOEVOPREMIUM BR BRB 129922 en 2021 08 screen","thumbnail":"https:\/\/dev.codekraft.it\/rotary-2024\/wp-content\/uploads\/brb_media\/00475946_tyre-changer-aikidoevopremium-br-brb-129922-en-2021-08-screen-pdf-106x150.png","description":""},{"id":376077,"url":"https:\/\/dev.codekraft.it\/rotary-2024\/wp-content\/uploads\/brb_media\/00475947_tyre-changer-aikidoevopremium-br-brb-129923-fr-2021-08-screen.pdf","title":"Tyre Changer AIKIDOEVOPREMIUM BR BRB 129923 fr 2021 08 screen","thumbnail":"https:\/\/dev.codekraft.it\/rotary-2024\/wp-content\/uploads\/brb_media\/00475947_tyre-changer-aikidoevopremium-br-brb-129923-fr-2021-08-screen-pdf-106x150.png","description":""},{"id":376078,"url":"https:\/\/dev.codekraft.it\/rotary-2024\/wp-content\/uploads\/brb_media\/00475948_tyre-changer-aikidoevopremium-br-brb-129924-it-2021-08-screen.pdf","title":"Tyre Changer AIKIDOEVOPREMIUM BR BRB 129924 it 2021 08 screen","thumbnail":"https:\/\/dev.codekraft.it\/rotary-2024\/wp-content\/uploads\/brb_media\/00475948_tyre-changer-aikidoevopremium-br-brb-129924-it-2021-08-screen-pdf-106x150.png","description":""},{"id":376079,"url":"https:\/\/dev.codekraft.it\/rotary-2024\/wp-content\/uploads\/brb_media\/00475949_tyre-changer-aikidoevopremium-br-brb-129925-es-2021-08-screen.pdf","title":"Tyre Changer AIKIDOEVOPREMIUM BR BRB 129925 es 2021 08 screen","thumbnail":"https:\/\/dev.codekraft.it\/rotary-2024\/wp-content\/uploads\/brb_media\/00475949_tyre-changer-aikidoevopremium-br-brb-129925-es-2021-08-screen-pdf-106x150.png","description":""},{"id":376080,"url":"https:\/\/dev.codekraft.it\/rotary-2024\/wp-content\/uploads\/brb_media\/00475950_tyre-changer-aikidoevopremium-br-brb-129926-ru-2021-08-screen.pdf","title":"Tyre Changer AIKIDOEVOPREMIUM BR BRB 129926 ru 2021 08 screen","thumbnail":"https:\/\/dev.codekraft.it\/rotary-2024\/wp-content\/uploads\/brb_media\/00475950_tyre-changer-aikidoevopremium-br-brb-129926-ru-2021-08-screen-pdf-106x150.png","description":""}],"brb_media_drawing":"","brb_media_manuals":[{"id":376081,"url":"https:\/\/dev.codekraft.it\/rotary-2024\/wp-content\/uploads\/brb_media\/00475951_tyre-changer-aikidoevo-premium_7109-m006-00_b1-om-de-09-2021.pdf","title":"Tyre Changer AikidoEvo PREMIUM (7109 M006 00) B1 OM de 09 2021","thumbnail":"https:\/\/dev.codekraft.it\/rotary-2024\/wp-content\/uploads\/brb_media\/00475951_tyre-changer-aikidoevo-premium_7109-m006-00_b1-om-de-09-2021-pdf-106x150.png","description":""},{"id":376084,"url":"https:\/\/dev.codekraft.it\/rotary-2024\/wp-content\/uploads\/brb_media\/00475952_tyre-changer-aikidoevo-premium_7109-m006-00_b1-om-en-09-2021.pdf","title":"Tyre Changer AikidoEvo PREMIUM (7109 M006 00) B1 OM en 09 2021","thumbnail":"https:\/\/dev.codekraft.it\/rotary-2024\/wp-content\/uploads\/brb_media\/00475952_tyre-changer-aikidoevo-premium_7109-m006-00_b1-om-en-09-2021-pdf-106x150.png","description":""},{"id":376086,"url":"https:\/\/dev.codekraft.it\/rotary-2024\/wp-content\/uploads\/brb_media\/00475953_tyre-changer-aikidoevo-premium_7109-m006-00_b1-om-fr-09-2021.pdf","title":"Tyre Changer AikidoEvo PREMIUM (7109 M006 00) B1 OM fr 09 2021","thumbnail":"https:\/\/dev.codekraft.it\/rotary-2024\/wp-content\/uploads\/brb_media\/00475953_tyre-changer-aikidoevo-premium_7109-m006-00_b1-om-fr-09-2021-pdf-106x150.png","description":""},{"id":376089,"url":"https:\/\/dev.codekraft.it\/rotary-2024\/wp-content\/uploads\/brb_media\/00475954_tyre-changer-aikidoevo-premium_7109-m006-00_b1-om-it-09-2021.pdf","title":"Tyre Changer AikidoEvo PREMIUM (7109 M006 00) B1 OM it 09 2021","thumbnail":"https:\/\/dev.codekraft.it\/rotary-2024\/wp-content\/uploads\/brb_media\/00475954_tyre-changer-aikidoevo-premium_7109-m006-00_b1-om-it-09-2021-pdf-106x150.png","description":""},{"id":376092,"url":"https:\/\/dev.codekraft.it\/rotary-2024\/wp-content\/uploads\/brb_media\/00475955_tyre-changer-aikidoevo-premium_7109-m006-00_b1-om-es-09-2021.pdf","title":"Tyre Changer AikidoEvo PREMIUM (7109 M006 00) B1 OM es 09 2021","thumbnail":"https:\/\/dev.codekraft.it\/rotary-2024\/wp-content\/uploads\/brb_media\/00475955_tyre-changer-aikidoevo-premium_7109-m006-00_b1-om-es-09-2021-pdf-106x150.png","description":""}],"brb_media_safety_datasheets":"","brb_media_spare_parts":[],"_cdmm_p_id":"505753","_company":"Elektron","_gtin":"4057612923605","accessories":[{"id":382699,"cdmm_p_id":"501815","name":"Cabezal de montaje superior para llantas con radios hacia fuera | 1 juego \/ 6 piezas","description":"","thumbnail":"https:\/\/dev.codekraft.it\/rotary-2024\/wp-content\/uploads\/brb_media\/00506689_g1000a142-150x150.png","url":"https:\/\/dev.codekraft.it\/rotary-2024\/es\/productos\/accesorios-servicio-de-llantas-es\/accesorios-desmontadoras-es\/cabezal-de-montaje-superior-para-llantas-con-radios-hacia-fuera-1-juego-6-piezas\/"},{"id":382108,"cdmm_p_id":"499819","name":"Jab\u00f3n lubricante para montaje\/desmontaje neum\u00e1ticos | 3,5 kg","description":"","thumbnail":"https:\/\/dev.codekraft.it\/rotary-2024\/wp-content\/uploads\/brb_media\/00506743_g800a37-150x150.png","url":"https:\/\/dev.codekraft.it\/rotary-2024\/es\/productos\/accesorios-servicio-de-llantas-es\/accesorios-desmontadoras-es\/jabon-lubricante-para-montaje-desmontaje-neumaticos-35-kg\/"},{"id":381514,"cdmm_p_id":"497566","name":"Brocha Pl\u00e1stico","description":"","thumbnail":"https:\/\/dev.codekraft.it\/rotary-2024\/wp-content\/uploads\/brb_media\/00506719_g800a38-150x150.png","url":"https:\/\/dev.codekraft.it\/rotary-2024\/es\/productos\/accesorios-servicio-de-llantas-es\/accesorios-desmontadoras-es\/brocha-plastico\/"},{"id":381526,"cdmm_p_id":"497568","name":"Protecci\u00f3n de goma para della platillo de apoyo rueda","description":"Juego de protecci\u00f3n para ruedas invertidas | 1 juego \/ 10 piezas","thumbnail":"https:\/\/dev.codekraft.it\/rotary-2024\/wp-content\/uploads\/brb_media\/00506708_g1000a81k-sp-150x150.png","url":"https:\/\/dev.codekraft.it\/rotary-2024\/es\/productos\/accesorios-servicio-de-llantas-es\/accesorios-desmontadoras-es\/proteccion-de-goma-para-della-platillo-de-apoyo-rueda\/"},{"id":382015,"cdmm_p_id":"499798","name":"Pel\u00edculas de protecci\u00f3n de tal\u00f3n | con homologaci\u00f3n WDK","description":"Incluido en el kit WDK | 1 juego \/ 50 piezas","thumbnail":"https:\/\/dev.codekraft.it\/rotary-2024\/wp-content\/uploads\/brb_media\/00506667_g1000a100k-01-150x150.png","url":"https:\/\/dev.codekraft.it\/rotary-2024\/es\/productos\/accesorios-servicio-de-llantas-es\/accesorios-desmontadoras-es\/peliculas-de-proteccion-de-talon-con-homologacion-wdk\/"},{"id":380374,"cdmm_p_id":"482616","name":"Wulstboy con dispositivo de remolque Est\u00e1ndar","description":"Incluido en el kit WDK","thumbnail":"https:\/\/dev.codekraft.it\/rotary-2024\/wp-content\/uploads\/brb_media\/00506688_g1000a140-150x150.png","url":"https:\/\/dev.codekraft.it\/rotary-2024\/es\/productos\/accesorios-servicio-de-llantas-es\/accesorios-desmontadoras-es\/wulstboy-con-dispositivo-de-remolque-estandar\/"},{"id":381336,"cdmm_p_id":"497532","name":"Extensi\u00f3n para prensa tal\u00f3n a 28\u2033 | para G1000A32","description":"Incluido en el kit WDK","thumbnail":"https:\/\/dev.codekraft.it\/rotary-2024\/wp-content\/uploads\/brb_media\/00506693_g1000a36-150x150.png","url":"https:\/\/dev.codekraft.it\/rotary-2024\/es\/productos\/accesorios-servicio-de-llantas-es\/accesorios-desmontadoras-es\/extension-para-prensa-talon-a-28%e2%80%b3-para-g1000a32\/"},{"id":381550,"cdmm_p_id":"497572","name":"Garra para LT (Light Truck)","description":"","thumbnail":"https:\/\/dev.codekraft.it\/rotary-2024\/wp-content\/uploads\/brb_media\/00506669_g1000a101-150x150.png","url":"https:\/\/dev.codekraft.it\/rotary-2024\/es\/productos\/accesorios-servicio-de-llantas-es\/accesorios-desmontadoras-es\/garra-para-lt-light-truck\/"},{"id":381562,"cdmm_p_id":"497574","name":"Cono con espesor | para eje 40 | \u00d8 69 mm","description":"Necesario G1000A80 - G1000A138","thumbnail":"https:\/\/dev.codekraft.it\/rotary-2024\/wp-content\/uploads\/brb_media\/00471557_tyre-changers-cone-for-40-mm-shaft-di-150x150.png","url":"https:\/\/dev.codekraft.it\/rotary-2024\/es\/productos\/accesorios-servicio-de-llantas-es\/accesorios-desmontadoras-es\/cono-con-espesor-para-eje-40-o-69-mm\/"}],"components":[],"related":[],"similar":[{"id":385216,"cdmm_p_id":"505757","name":"Desmontadora de rueda autom\u00e1tica VAS 741065A","description":"Kendo.30 Premium | Sin palanca, incluye brazo de ayuda neum\u00e1tico y elevador neum\u00e1tico de ruedas, turismo, di\u00e1metro de llanta 10 - 30\u2033 | Certificado wdk","thumbnail":"https:\/\/dev.codekraft.it\/rotary-2024\/wp-content\/uploads\/brb_media\/00539675_tyre-changer-kendo30-vas-741065a-mi-150x150.png","url":"https:\/\/dev.codekraft.it\/rotary-2024\/es\/productos\/servicio-de-llantas-es\/desmontadoras-es\/desmontadora-de-rueda-automatica-vas-741065a\/"}],"lang":"es","translations":{"es":385210,"en":385206,"de":385207,"fr":385208,"it":385209,"ru":385211},"pll_sync_post":[],"_links":{"self":[{"href":"https:\/\/dev.codekraft.it\/rotary-2024\/wp-json\/wp\/v2\/product\/385210","targetHints":{"allow":["GET"]}}],"collection":[{"href":"https:\/\/dev.codekraft.it\/rotary-2024\/wp-json\/wp\/v2\/product"}],"about":[{"href":"https:\/\/dev.codekraft.it\/rotary-2024\/wp-json\/wp\/v2\/types\/product"}],"wp:featuredmedia":[{"embeddable":true,"href":"https:\/\/dev.codekraft.it\/rotary-2024\/wp-json\/wp\/v2\/media\/376074"}],"wp:attachment":[{"href":"https:\/\/dev.codekraft.it\/rotary-2024\/wp-json\/wp\/v2\/media?parent=385210"}],"wp:term":[{"taxonomy":"product_cat","embeddable":true,"href":"https:\/\/dev.codekraft.it\/rotary-2024\/wp-json\/wp\/v2\/product_cat?post=385210"},{"taxonomy":"product_tag","embeddable":true,"href":"https:\/\/dev.codekraft.it\/rotary-2024\/wp-json\/wp\/v2\/product_tag?post=385210"},{"taxonomy":"product_approvals","embeddable":true,"href":"https:\/\/dev.codekraft.it\/rotary-2024\/wp-json\/wp\/v2\/product_approvals?post=385210"},{"taxonomy":"product_application","embeddable":true,"href":"https:\/\/dev.codekraft.it\/rotary-2024\/wp-json\/wp\/v2\/product_application?post=385210"}],"curies":[{"name":"wp","href":"https:\/\/api.w.org\/{rel}","templated":true}]}}