{"id":385208,"date":"2025-04-01T08:53:25","date_gmt":"2025-04-01T08:53:25","guid":{"rendered":"https:\/\/dev.codekraft.it\/rotary-2024\/products\/uncategorized\/demonte-pneu-vas-741063a\/"},"modified":"2025-04-01T08:53:25","modified_gmt":"2025-04-01T08:53:25","slug":"demonte-pneu-vas-741063a","status":"publish","type":"product","link":"https:\/\/dev.codekraft.it\/rotary-2024\/fr\/produits\/service-de-pneus-fr\/demonte-pneus-fr\/demonte-pneu-vas-741063a\/","title":{"rendered":"D\u00e9monte-pneu VAS 741063A"},"content":{"rendered":"<p>L&#8217;Aikido.Evo Premium est un d\u00e9monte pneu sans levier, \u00e9quip\u00e9 d\u2019une t\u00eate de d\u00e9montage en composite brevet\u00e9e Butler pour le montage et le d\u00e9montage sans contrainte de tous les pneus et jantes. Capacit\u00e9 de travail sur jantes d\u2019un diam\u00e8tre compris entre 10 &#8211; 34\u2033. Son compartiment de rangement est suffisant pour vous permettre d&#8217;avoir tous vos outils et accessoires l\u00e0 o\u00f9 vous travaillez. De plus, elle s&#8217;adapte \u00e0 tous les ateliers gr\u00e2ce \u00e0 son faible encombrement.<\/p>\n<ul>\n<li>\u00c9conomies d&#8217;espace : pas de c\u00e2bles \u00e0 l&#8217;arri\u00e8re et compartiment de rangement compris<\/li>\n<li>Flux de travail plus rapide : fonction de m\u00e9moire pour la hauteur de positionnement des outils<\/li>\n<li>Positionnement des roues id\u00e9al et rapide : dispositif de r\u00e9glage du mandrin \u00e0 prise renforc\u00e9e \u00e0 actionnement \u00e9lectrique &amp; blocage intelligent<\/li>\n<\/ul>\n<ul>\n<li>Mandrin de serrage \u00e0 prise renforc\u00e9e brevet\u00e9e, \u00e9galement adapt\u00e9 aux jantes invers\u00e9es\n<ul>\n<li>La pression de serrage augmente automatiquement pendant la rotation<\/li>\n<li>Trois positions de travail r\u00e9glables en hauteur<\/li>\n<li>Capteurs de jante sur les disques pour un d\u00e9talonnage correct et s\u00e9curis\u00e9 sans endommager le flanc du pneu et le capteur de pression<\/li>\n<\/ul>\n<\/li>\n<li>Touche MEMORY pour m\u00e9moriser la hauteur de la t\u00eate de d\u00e9montage, permet une \u00e9conomie de temps pendant le montage et le d\u00e9montage<\/li>\n<li>Synchronisation m\u00e9canique des bras &#8211; toujours point\u00e9s vers le centre de la roue<\/li>\n<li>Le blocage intelligent permet de r\u00e9aliser un blocage et un d\u00e9blocage pr\u00e9cis et rapide de la jante, en conservant les caract\u00e9ristiques de s\u00e9curit\u00e9 et d&#8217;adaptabilit\u00e9 d&#8217;un verrouillage m\u00e9canique manuel<\/li>\n<\/ul>\n<ul>\n<li>Console conviviale avec fonction m\u00e9moire<\/li>\n<li>Positionnement synchronis\u00e9 des bras de travail en fonction du diam\u00e8tre de la roue<\/li>\n<li>T\u00eate d&#8217;outil brevet\u00e9e en mat\u00e9riau composite, non abrasif pour un travail sans dommage sur les jantes pr\u00e8s du bord (effet de contrainte z\u00e9ro).<\/li>\n<li>Sans levier &#8211; sans levier de montage<\/li>\n<li>Unit\u00e9 de traitement de l&#8217;air (s\u00e9parateur d&#8217;eau, r\u00e9gulation de pression et lubrification)<\/li>\n<li>Bague de retenue pour la p\u00e2te de montage incluse<\/li>\n<li>Espace de rangement pour d\u00e9poser les accessoires, les valves et les outils<\/li>\n<li>Bras pousse talon pneumatique rotatif<\/li>\n<li>L&#8217;\u00e9l\u00e9vateur de roue pneumatique soul\u00e8ve la roue du sol vers le serrage central<\/li>\n<li>Moteur \u00e9lectrique avec convertisseur pour permettre un contr\u00f4le de la vitesse ; la rotation ralentit automatiquement sous la contrainte du talon<\/li>\n<li>R\u00e9glage simple et pr\u00e9cis du diam\u00e8tre par mouvement \u00e9lectrique du mandrin<\/li>\n<li>Mouvement simultan\u00e9 des bras et du support de roue pour garantir le meilleur angle d&#8217;approche pour les outils<\/li>\n<li>Espace libre \u00e0 l&#8217;arri\u00e8re pour garantir une meilleure manipulation et une libert\u00e9 de mouvement autour de la machine<\/li>\n<\/ul>\n","protected":false},"excerpt":{"rendered":"<p>Aikido.Evo Premium | Sans levier, automatique, incl. pousse talon pneumatique et l\u00e9ve roue, voiture de tourisme, diam\u00e8tre de jante 10 &#8211; 34\u2033 | Certifi\u00e9 wdk<\/p>\n","protected":false},"featured_media":376074,"template":"","meta":[],"product_cat":[1033384],"product_tag":[1034197,1034180,1034163],"product_approvals":[1017578,1014907,1014890],"product_application":[],"class_list":{"0":"post-385208","1":"product","2":"type-product","3":"status-publish","4":"has-post-thumbnail","6":"product_cat-demonte-pneus-fr","7":"product_tag-motor-homes-fr","8":"product_tag-light-commercial-fr","9":"product_tag-passenger-cars-fr","10":"product_approvals-bmw-fr","11":"product_approvals-mini-fr","12":"product_approvals-rolls-royce-fr","14":"first","15":"instock","16":"shipping-taxable","17":"product-type-simple"},"approvals":[{"term_id":1017578,"name":"BMW","slug":"bmw-fr","term_group":0,"term_taxonomy_id":1017577,"taxonomy":"product_approvals","description":"","parent":0,"count":8,"filter":"raw"},{"term_id":1014907,"name":"Mini","slug":"mini-fr","term_group":0,"term_taxonomy_id":1014906,"taxonomy":"product_approvals","description":"","parent":0,"count":8,"filter":"raw"},{"term_id":1014890,"name":"Rolls Royce","slug":"rolls-royce-fr","term_group":0,"term_taxonomy_id":1014889,"taxonomy":"product_approvals","description":"","parent":0,"count":8,"filter":"raw"}],"application":[],"brb_media_brochure":[{"id":376075,"url":"https:\/\/dev.codekraft.it\/rotary-2024\/wp-content\/uploads\/brb_media\/00475945_tyre-changer-aikidoevopremium-br-brb-129921-de-2021-08-screen.pdf","title":"Tyre Changer AIKIDOEVOPREMIUM BR BRB 129921 de 2021 08 screen","thumbnail":"https:\/\/dev.codekraft.it\/rotary-2024\/wp-content\/uploads\/brb_media\/00475945_tyre-changer-aikidoevopremium-br-brb-129921-de-2021-08-screen-pdf-106x150.png","description":""},{"id":376076,"url":"https:\/\/dev.codekraft.it\/rotary-2024\/wp-content\/uploads\/brb_media\/00475946_tyre-changer-aikidoevopremium-br-brb-129922-en-2021-08-screen.pdf","title":"Tyre Changer AIKIDOEVOPREMIUM BR BRB 129922 en 2021 08 screen","thumbnail":"https:\/\/dev.codekraft.it\/rotary-2024\/wp-content\/uploads\/brb_media\/00475946_tyre-changer-aikidoevopremium-br-brb-129922-en-2021-08-screen-pdf-106x150.png","description":""},{"id":376077,"url":"https:\/\/dev.codekraft.it\/rotary-2024\/wp-content\/uploads\/brb_media\/00475947_tyre-changer-aikidoevopremium-br-brb-129923-fr-2021-08-screen.pdf","title":"Tyre Changer AIKIDOEVOPREMIUM BR BRB 129923 fr 2021 08 screen","thumbnail":"https:\/\/dev.codekraft.it\/rotary-2024\/wp-content\/uploads\/brb_media\/00475947_tyre-changer-aikidoevopremium-br-brb-129923-fr-2021-08-screen-pdf-106x150.png","description":""},{"id":376078,"url":"https:\/\/dev.codekraft.it\/rotary-2024\/wp-content\/uploads\/brb_media\/00475948_tyre-changer-aikidoevopremium-br-brb-129924-it-2021-08-screen.pdf","title":"Tyre Changer AIKIDOEVOPREMIUM BR BRB 129924 it 2021 08 screen","thumbnail":"https:\/\/dev.codekraft.it\/rotary-2024\/wp-content\/uploads\/brb_media\/00475948_tyre-changer-aikidoevopremium-br-brb-129924-it-2021-08-screen-pdf-106x150.png","description":""},{"id":376079,"url":"https:\/\/dev.codekraft.it\/rotary-2024\/wp-content\/uploads\/brb_media\/00475949_tyre-changer-aikidoevopremium-br-brb-129925-es-2021-08-screen.pdf","title":"Tyre Changer AIKIDOEVOPREMIUM BR BRB 129925 es 2021 08 screen","thumbnail":"https:\/\/dev.codekraft.it\/rotary-2024\/wp-content\/uploads\/brb_media\/00475949_tyre-changer-aikidoevopremium-br-brb-129925-es-2021-08-screen-pdf-106x150.png","description":""},{"id":376080,"url":"https:\/\/dev.codekraft.it\/rotary-2024\/wp-content\/uploads\/brb_media\/00475950_tyre-changer-aikidoevopremium-br-brb-129926-ru-2021-08-screen.pdf","title":"Tyre Changer AIKIDOEVOPREMIUM BR BRB 129926 ru 2021 08 screen","thumbnail":"https:\/\/dev.codekraft.it\/rotary-2024\/wp-content\/uploads\/brb_media\/00475950_tyre-changer-aikidoevopremium-br-brb-129926-ru-2021-08-screen-pdf-106x150.png","description":""}],"brb_media_drawing":"","brb_media_manuals":[{"id":376081,"url":"https:\/\/dev.codekraft.it\/rotary-2024\/wp-content\/uploads\/brb_media\/00475951_tyre-changer-aikidoevo-premium_7109-m006-00_b1-om-de-09-2021.pdf","title":"Tyre Changer AikidoEvo PREMIUM (7109 M006 00) B1 OM de 09 2021","thumbnail":"https:\/\/dev.codekraft.it\/rotary-2024\/wp-content\/uploads\/brb_media\/00475951_tyre-changer-aikidoevo-premium_7109-m006-00_b1-om-de-09-2021-pdf-106x150.png","description":""},{"id":376084,"url":"https:\/\/dev.codekraft.it\/rotary-2024\/wp-content\/uploads\/brb_media\/00475952_tyre-changer-aikidoevo-premium_7109-m006-00_b1-om-en-09-2021.pdf","title":"Tyre Changer AikidoEvo PREMIUM (7109 M006 00) B1 OM en 09 2021","thumbnail":"https:\/\/dev.codekraft.it\/rotary-2024\/wp-content\/uploads\/brb_media\/00475952_tyre-changer-aikidoevo-premium_7109-m006-00_b1-om-en-09-2021-pdf-106x150.png","description":""},{"id":376086,"url":"https:\/\/dev.codekraft.it\/rotary-2024\/wp-content\/uploads\/brb_media\/00475953_tyre-changer-aikidoevo-premium_7109-m006-00_b1-om-fr-09-2021.pdf","title":"Tyre Changer AikidoEvo PREMIUM (7109 M006 00) B1 OM fr 09 2021","thumbnail":"https:\/\/dev.codekraft.it\/rotary-2024\/wp-content\/uploads\/brb_media\/00475953_tyre-changer-aikidoevo-premium_7109-m006-00_b1-om-fr-09-2021-pdf-106x150.png","description":""},{"id":376089,"url":"https:\/\/dev.codekraft.it\/rotary-2024\/wp-content\/uploads\/brb_media\/00475954_tyre-changer-aikidoevo-premium_7109-m006-00_b1-om-it-09-2021.pdf","title":"Tyre Changer AikidoEvo PREMIUM (7109 M006 00) B1 OM it 09 2021","thumbnail":"https:\/\/dev.codekraft.it\/rotary-2024\/wp-content\/uploads\/brb_media\/00475954_tyre-changer-aikidoevo-premium_7109-m006-00_b1-om-it-09-2021-pdf-106x150.png","description":""},{"id":376092,"url":"https:\/\/dev.codekraft.it\/rotary-2024\/wp-content\/uploads\/brb_media\/00475955_tyre-changer-aikidoevo-premium_7109-m006-00_b1-om-es-09-2021.pdf","title":"Tyre Changer AikidoEvo PREMIUM (7109 M006 00) B1 OM es 09 2021","thumbnail":"https:\/\/dev.codekraft.it\/rotary-2024\/wp-content\/uploads\/brb_media\/00475955_tyre-changer-aikidoevo-premium_7109-m006-00_b1-om-es-09-2021-pdf-106x150.png","description":""}],"brb_media_safety_datasheets":"","brb_media_spare_parts":[],"_cdmm_p_id":"505753","_company":"Elektron","_gtin":"4057612923605","accessories":[{"id":382697,"cdmm_p_id":"501815","name":"T\u00eate de montage sup\u00e9rieure pour les jantes avec rayons en saille | 1 jeu \/ 6 pi\u00e8ces","description":"","thumbnail":"https:\/\/dev.codekraft.it\/rotary-2024\/wp-content\/uploads\/brb_media\/00506689_g1000a142-150x150.png","url":"https:\/\/dev.codekraft.it\/rotary-2024\/fr\/produits\/accessoires-service-de-pneus-fr\/accessoires-demonte-pneu-fr\/tete-de-montage-superieure-pour-les-jantes-avec-rayons-en-saille-1-jeu-6-pieces\/"},{"id":382106,"cdmm_p_id":"499819","name":"P\u00e2te de montage\/d\u00e9montage | 3,5 kg","description":"","thumbnail":"https:\/\/dev.codekraft.it\/rotary-2024\/wp-content\/uploads\/brb_media\/00506743_g800a37-150x150.png","url":"https:\/\/dev.codekraft.it\/rotary-2024\/fr\/produits\/accessoires-service-de-pneus-fr\/accessoires-demonte-pneu-fr\/pate-de-montage-demontage-35-kg\/"},{"id":381512,"cdmm_p_id":"497566","name":"Pinceau Plastique","description":"","thumbnail":"https:\/\/dev.codekraft.it\/rotary-2024\/wp-content\/uploads\/brb_media\/00506719_g800a38-150x150.png","url":"https:\/\/dev.codekraft.it\/rotary-2024\/fr\/produits\/accessoires-service-de-pneus-fr\/accessoires-demonte-pneu-fr\/pinceau-plastique\/"},{"id":381524,"cdmm_p_id":"497568","name":"Protection en caoutchouc pour plateau appui roue","description":"Jeu de protections pour roues invers\u00e9es | 1 jeu \/ 10 pi\u00e8ces","thumbnail":"https:\/\/dev.codekraft.it\/rotary-2024\/wp-content\/uploads\/brb_media\/00506708_g1000a81k-sp-150x150.png","url":"https:\/\/dev.codekraft.it\/rotary-2024\/fr\/produits\/accessoires-service-de-pneus-fr\/accessoires-demonte-pneu-fr\/protection-en-caoutchouc-pour-plateau-appui-roue\/"},{"id":382013,"cdmm_p_id":"499798","name":"Plaques de protection de talon | approuv\u00e9es WDK","description":"Compris dans le kit WDK | 1\u00a0jeu \/ 50\u00a0pi\u00e8ces","thumbnail":"https:\/\/dev.codekraft.it\/rotary-2024\/wp-content\/uploads\/brb_media\/00506667_g1000a100k-01-150x150.png","url":"https:\/\/dev.codekraft.it\/rotary-2024\/fr\/produits\/accessoires-service-de-pneus-fr\/accessoires-demonte-pneu-fr\/plaques-de-protection-de-talon-approuvees-wdk\/"},{"id":380372,"cdmm_p_id":"482616","name":"Wulstboy avec dispositif de remorquage Standard","description":"Compris dans le kit WDK","thumbnail":"https:\/\/dev.codekraft.it\/rotary-2024\/wp-content\/uploads\/brb_media\/00506688_g1000a140-150x150.png","url":"https:\/\/dev.codekraft.it\/rotary-2024\/fr\/produits\/accessoires-service-de-pneus-fr\/accessoires-demonte-pneu-fr\/wulstboy-avec-dispositif-de-remorquage-standard\/"},{"id":381334,"cdmm_p_id":"497532","name":"Rallonge pour pousse talon \u00e0 28\u2033 | pour G1000A32","description":"Compris dans le kit WDK","thumbnail":"https:\/\/dev.codekraft.it\/rotary-2024\/wp-content\/uploads\/brb_media\/00506693_g1000a36-150x150.png","url":"https:\/\/dev.codekraft.it\/rotary-2024\/fr\/produits\/accessoires-service-de-pneus-fr\/accessoires-demonte-pneu-fr\/rallonge-pour-pousse-talon-a-28%e2%80%b3-pour-g1000a32\/"},{"id":381548,"cdmm_p_id":"497572","name":"Bride pour LT (camion l\u00e9ger)","description":"","thumbnail":"https:\/\/dev.codekraft.it\/rotary-2024\/wp-content\/uploads\/brb_media\/00506669_g1000a101-150x150.png","url":"https:\/\/dev.codekraft.it\/rotary-2024\/fr\/produits\/accessoires-service-de-pneus-fr\/accessoires-demonte-pneu-fr\/bride-pour-lt-camion-leger\/"},{"id":381560,"cdmm_p_id":"497574","name":"C\u00f4ne avec cale | pour arbre \u00d8 40 | \u00d8 69 mm","description":"Necessaire le G1000A80 - G1000A138","thumbnail":"https:\/\/dev.codekraft.it\/rotary-2024\/wp-content\/uploads\/brb_media\/00471557_tyre-changers-cone-for-40-mm-shaft-di-150x150.png","url":"https:\/\/dev.codekraft.it\/rotary-2024\/fr\/produits\/accessoires-service-de-pneus-fr\/accessoires-demonte-pneu-fr\/cone-avec-cale-pour-arbre-o-40-o-69-mm\/"}],"components":[],"related":[],"similar":[{"id":385214,"cdmm_p_id":"505757","name":"D\u00e9monte pneu automatique VAS 741065A","description":"Kendo.30 Premium | Sans levier, avec presse-talon e et \u00e9l\u00e9vateur pneumatique de roues, voiture de tourisme, diam\u00e8tre de la jante 10 - 30\u2033 | Certifi\u00e9 wdk","thumbnail":"https:\/\/dev.codekraft.it\/rotary-2024\/wp-content\/uploads\/brb_media\/00539675_tyre-changer-kendo30-vas-741065a-mi-150x150.png","url":"https:\/\/dev.codekraft.it\/rotary-2024\/fr\/produits\/service-de-pneus-fr\/demonte-pneus-fr\/demonte-pneu-automatique-vas-741065a\/"}],"lang":"fr","translations":{"fr":385208,"en":385206,"de":385207,"it":385209,"es":385210,"ru":385211},"pll_sync_post":[],"_links":{"self":[{"href":"https:\/\/dev.codekraft.it\/rotary-2024\/wp-json\/wp\/v2\/product\/385208","targetHints":{"allow":["GET"]}}],"collection":[{"href":"https:\/\/dev.codekraft.it\/rotary-2024\/wp-json\/wp\/v2\/product"}],"about":[{"href":"https:\/\/dev.codekraft.it\/rotary-2024\/wp-json\/wp\/v2\/types\/product"}],"wp:featuredmedia":[{"embeddable":true,"href":"https:\/\/dev.codekraft.it\/rotary-2024\/wp-json\/wp\/v2\/media\/376074"}],"wp:attachment":[{"href":"https:\/\/dev.codekraft.it\/rotary-2024\/wp-json\/wp\/v2\/media?parent=385208"}],"wp:term":[{"taxonomy":"product_cat","embeddable":true,"href":"https:\/\/dev.codekraft.it\/rotary-2024\/wp-json\/wp\/v2\/product_cat?post=385208"},{"taxonomy":"product_tag","embeddable":true,"href":"https:\/\/dev.codekraft.it\/rotary-2024\/wp-json\/wp\/v2\/product_tag?post=385208"},{"taxonomy":"product_approvals","embeddable":true,"href":"https:\/\/dev.codekraft.it\/rotary-2024\/wp-json\/wp\/v2\/product_approvals?post=385208"},{"taxonomy":"product_application","embeddable":true,"href":"https:\/\/dev.codekraft.it\/rotary-2024\/wp-json\/wp\/v2\/product_application?post=385208"}],"curies":[{"name":"wp","href":"https:\/\/api.w.org\/{rel}","templated":true}]}}