{"id":385207,"date":"2025-04-01T08:53:25","date_gmt":"2025-04-01T08:53:25","guid":{"rendered":"https:\/\/dev.codekraft.it\/rotary-2024\/products\/uncategorized\/reifenmontiermaschine-vas-741063a\/"},"modified":"2025-04-01T08:53:25","modified_gmt":"2025-04-01T08:53:25","slug":"reifenmontiermaschine-vas-741063a","status":"publish","type":"product","link":"https:\/\/dev.codekraft.it\/rotary-2024\/produkte\/reifenservice-de\/reifenmontiermaschinen-de\/reifenmontiermaschine-vas-741063a\/","title":{"rendered":"Reifenmontiermaschine VAS 741063A"},"content":{"rendered":"<p>Die Aikido.Evo Premium ist eine hebelfreie Reifenmontiermaschine mit dem patentierten Butler Montierwerkzeug f\u00fcr belastungsfreie Montage und Demontage aller Reifen und Felgen mit 10 &#8211; 34\u2033 Durchmesser. Sie bietet gen\u00fcgend Stauraum zum Verstauen aller Werkzeuge und Teile am Arbeitsplatz und passt mit ihrem kompakten Aufbau in jede Werkstatt.<\/p>\n<ul>\n<li>Platz sparend: keine Kabel auf der R\u00fcckseite, mitgeliefertes Staufach<\/li>\n<li>Schnellerer Arbeitsablauf: Memory-Funktion zum Abspeichern der Werkzeugh\u00f6he<\/li>\n<li>Ideale &amp; schnelle Radpositionierung: elektrisch bet\u00e4tigte Spanntellerverstellung mit extra Grip &amp; Smart Lock-Verriegelung<\/li>\n<\/ul>\n<ul>\n<li>Patentierter Spannteller mit extra Grip, auch f\u00fcr Umkehrfelgen geeignet\n<ul>\n<li>Erh\u00f6ht bei der Drehung automatisch den Spanndruck<\/li>\n<li>Drei einstellbare Arbeitspositionen<\/li>\n<\/ul>\n<\/li>\n<li>Felgensensoren an den Rollen gew\u00e4hrleisten ordnungsgem\u00e4\u00dfes und sicheres Abdr\u00fccken ohne Besch\u00e4digung von Reifenseitenwand und Drucksensor<\/li>\n<li>Memory-Taste zum Speichern der Werkzeugh\u00f6he, spart Zeit beim Montieren und Demontieren<\/li>\n<li>Mechanische Synchronisation der Arme, stets auf die Radmitte ausgerichtet<\/li>\n<li>Smart Lock erm\u00f6glicht schnelleres und pr\u00e4ziseres Arretieren und Entriegeln der Felge, wobei die Eigenschaften der Sicherheit und Anpassungsf\u00e4higkeit einer manuellen mechanischen Arretierung erhalten bleiben<\/li>\n<\/ul>\n<ul>\n<li>Anwenderfreundliche Konsole mit Memory-Funktion<\/li>\n<li>Synchronisierte Positionierung der Arbeitsarme entsprechend dem Raddurchmesser<\/li>\n<li>Patentierter Werkzeugkopf aus nicht kratzendem Material f\u00fcr besch\u00e4digungsfreies Arbeiten an der Felge in Randn\u00e4he (Null-Stress-Effekt).<\/li>\n<li>Hebelfrei &#8211; ohne Montagehebel<\/li>\n<li>Luftaufbereitungseinheit (Wasserabscheider, Druckregelung und Schmierung)<\/li>\n<li>Haltering f\u00fcr Montagepaste im Lieferumfang enthalten<\/li>\n<li>Stauraum zur Ablage von Zubeh\u00f6rteilen, Ventilen und Werkzeugen<\/li>\n<li>Rotierender pneumatischer Wulstniederhalter<\/li>\n<li>Pneumatischer Radlift, hebt das Rad vom Boden auf die zentrale Spannung<\/li>\n<li>Elektromotor mit Inverter zur Drehzahlregelung; Rotation wird bei Wulstbelastung automatisch verlangsamt<\/li>\n<li>Einfache und genaue Durchmessereinstellung durch elektrisch bet\u00e4tigte Bewegung des Spanntellers<\/li>\n<li>Gleichzeitige Bewegung von Armen und Radaufnahme zum Gew\u00e4hrleisten des besten Anfahrwinkels f\u00fcr die Werkzeuge<\/li>\n<li>Freiraum auf der R\u00fcckseite zur besseren Handhabung und freien Bewegung um die Maschine herum<\/li>\n<\/ul>\n","protected":false},"excerpt":{"rendered":"<p>Aikido.Evo Premium | Ohne Montiereisen, automatisch, inkl. pneumatischem Wulstniederhalter und Radheber, Pkw, Felgendurchmesser 10 &#8211; 34\u2033 | wdk-zertifiziert<\/p>\n","protected":false},"featured_media":376074,"template":"","meta":[],"product_cat":[1033364],"product_tag":[1034161,1034178,1034195],"product_approvals":[1017575,1014904,1014887],"product_application":[],"class_list":{"0":"post-385207","1":"product","2":"type-product","3":"status-publish","4":"has-post-thumbnail","6":"product_cat-reifenmontiermaschinen-de","7":"product_tag-passenger-cars-de","8":"product_tag-light-commercial-de","9":"product_tag-motor-homes-de","10":"product_approvals-bmw-de","11":"product_approvals-mini-de","12":"product_approvals-rolls-royce-de","14":"first","15":"instock","16":"shipping-taxable","17":"product-type-simple"},"approvals":[{"term_id":1017575,"name":"BMW","slug":"bmw-de","term_group":0,"term_taxonomy_id":1017574,"taxonomy":"product_approvals","description":"","parent":0,"count":8,"filter":"raw"},{"term_id":1014904,"name":"Mini","slug":"mini-de","term_group":0,"term_taxonomy_id":1014903,"taxonomy":"product_approvals","description":"","parent":0,"count":8,"filter":"raw"},{"term_id":1014887,"name":"Rolls Royce","slug":"rolls-royce-de","term_group":0,"term_taxonomy_id":1014886,"taxonomy":"product_approvals","description":"","parent":0,"count":8,"filter":"raw"}],"application":[],"brb_media_brochure":[{"id":376075,"url":"https:\/\/dev.codekraft.it\/rotary-2024\/wp-content\/uploads\/brb_media\/00475945_tyre-changer-aikidoevopremium-br-brb-129921-de-2021-08-screen.pdf","title":"Tyre Changer AIKIDOEVOPREMIUM BR BRB 129921 de 2021 08 screen","thumbnail":"https:\/\/dev.codekraft.it\/rotary-2024\/wp-content\/uploads\/brb_media\/00475945_tyre-changer-aikidoevopremium-br-brb-129921-de-2021-08-screen-pdf-106x150.png","description":""},{"id":376076,"url":"https:\/\/dev.codekraft.it\/rotary-2024\/wp-content\/uploads\/brb_media\/00475946_tyre-changer-aikidoevopremium-br-brb-129922-en-2021-08-screen.pdf","title":"Tyre Changer AIKIDOEVOPREMIUM BR BRB 129922 en 2021 08 screen","thumbnail":"https:\/\/dev.codekraft.it\/rotary-2024\/wp-content\/uploads\/brb_media\/00475946_tyre-changer-aikidoevopremium-br-brb-129922-en-2021-08-screen-pdf-106x150.png","description":""},{"id":376077,"url":"https:\/\/dev.codekraft.it\/rotary-2024\/wp-content\/uploads\/brb_media\/00475947_tyre-changer-aikidoevopremium-br-brb-129923-fr-2021-08-screen.pdf","title":"Tyre Changer AIKIDOEVOPREMIUM BR BRB 129923 fr 2021 08 screen","thumbnail":"https:\/\/dev.codekraft.it\/rotary-2024\/wp-content\/uploads\/brb_media\/00475947_tyre-changer-aikidoevopremium-br-brb-129923-fr-2021-08-screen-pdf-106x150.png","description":""},{"id":376078,"url":"https:\/\/dev.codekraft.it\/rotary-2024\/wp-content\/uploads\/brb_media\/00475948_tyre-changer-aikidoevopremium-br-brb-129924-it-2021-08-screen.pdf","title":"Tyre Changer AIKIDOEVOPREMIUM BR BRB 129924 it 2021 08 screen","thumbnail":"https:\/\/dev.codekraft.it\/rotary-2024\/wp-content\/uploads\/brb_media\/00475948_tyre-changer-aikidoevopremium-br-brb-129924-it-2021-08-screen-pdf-106x150.png","description":""},{"id":376079,"url":"https:\/\/dev.codekraft.it\/rotary-2024\/wp-content\/uploads\/brb_media\/00475949_tyre-changer-aikidoevopremium-br-brb-129925-es-2021-08-screen.pdf","title":"Tyre Changer AIKIDOEVOPREMIUM BR BRB 129925 es 2021 08 screen","thumbnail":"https:\/\/dev.codekraft.it\/rotary-2024\/wp-content\/uploads\/brb_media\/00475949_tyre-changer-aikidoevopremium-br-brb-129925-es-2021-08-screen-pdf-106x150.png","description":""},{"id":376080,"url":"https:\/\/dev.codekraft.it\/rotary-2024\/wp-content\/uploads\/brb_media\/00475950_tyre-changer-aikidoevopremium-br-brb-129926-ru-2021-08-screen.pdf","title":"Tyre Changer AIKIDOEVOPREMIUM BR BRB 129926 ru 2021 08 screen","thumbnail":"https:\/\/dev.codekraft.it\/rotary-2024\/wp-content\/uploads\/brb_media\/00475950_tyre-changer-aikidoevopremium-br-brb-129926-ru-2021-08-screen-pdf-106x150.png","description":""}],"brb_media_drawing":"","brb_media_manuals":[{"id":376081,"url":"https:\/\/dev.codekraft.it\/rotary-2024\/wp-content\/uploads\/brb_media\/00475951_tyre-changer-aikidoevo-premium_7109-m006-00_b1-om-de-09-2021.pdf","title":"Tyre Changer AikidoEvo PREMIUM (7109 M006 00) B1 OM de 09 2021","thumbnail":"https:\/\/dev.codekraft.it\/rotary-2024\/wp-content\/uploads\/brb_media\/00475951_tyre-changer-aikidoevo-premium_7109-m006-00_b1-om-de-09-2021-pdf-106x150.png","description":""},{"id":376084,"url":"https:\/\/dev.codekraft.it\/rotary-2024\/wp-content\/uploads\/brb_media\/00475952_tyre-changer-aikidoevo-premium_7109-m006-00_b1-om-en-09-2021.pdf","title":"Tyre Changer AikidoEvo PREMIUM (7109 M006 00) B1 OM en 09 2021","thumbnail":"https:\/\/dev.codekraft.it\/rotary-2024\/wp-content\/uploads\/brb_media\/00475952_tyre-changer-aikidoevo-premium_7109-m006-00_b1-om-en-09-2021-pdf-106x150.png","description":""},{"id":376086,"url":"https:\/\/dev.codekraft.it\/rotary-2024\/wp-content\/uploads\/brb_media\/00475953_tyre-changer-aikidoevo-premium_7109-m006-00_b1-om-fr-09-2021.pdf","title":"Tyre Changer AikidoEvo PREMIUM (7109 M006 00) B1 OM fr 09 2021","thumbnail":"https:\/\/dev.codekraft.it\/rotary-2024\/wp-content\/uploads\/brb_media\/00475953_tyre-changer-aikidoevo-premium_7109-m006-00_b1-om-fr-09-2021-pdf-106x150.png","description":""},{"id":376089,"url":"https:\/\/dev.codekraft.it\/rotary-2024\/wp-content\/uploads\/brb_media\/00475954_tyre-changer-aikidoevo-premium_7109-m006-00_b1-om-it-09-2021.pdf","title":"Tyre Changer AikidoEvo PREMIUM (7109 M006 00) B1 OM it 09 2021","thumbnail":"https:\/\/dev.codekraft.it\/rotary-2024\/wp-content\/uploads\/brb_media\/00475954_tyre-changer-aikidoevo-premium_7109-m006-00_b1-om-it-09-2021-pdf-106x150.png","description":""},{"id":376092,"url":"https:\/\/dev.codekraft.it\/rotary-2024\/wp-content\/uploads\/brb_media\/00475955_tyre-changer-aikidoevo-premium_7109-m006-00_b1-om-es-09-2021.pdf","title":"Tyre Changer AikidoEvo PREMIUM (7109 M006 00) B1 OM es 09 2021","thumbnail":"https:\/\/dev.codekraft.it\/rotary-2024\/wp-content\/uploads\/brb_media\/00475955_tyre-changer-aikidoevo-premium_7109-m006-00_b1-om-es-09-2021-pdf-106x150.png","description":""}],"brb_media_safety_datasheets":"","brb_media_spare_parts":[],"_cdmm_p_id":"505753","_company":"Elektron","_gtin":"4057612923605","accessories":[{"id":382696,"cdmm_p_id":"501815","name":"Oberer Montagekopf f\u00fcr gew\u00f6lbte Felgen | 1 Satz \/ 6 St\u00fcck","description":"","thumbnail":"https:\/\/dev.codekraft.it\/rotary-2024\/wp-content\/uploads\/brb_media\/00506689_g1000a142-150x150.png","url":"https:\/\/dev.codekraft.it\/rotary-2024\/produkte\/zubehor-reifenservice-de\/zubehor-reifenmontiermaschinen-de\/oberer-montagekopf-fur-gewolbte-felgen-1-satz-6-stuck\/"},{"id":382105,"cdmm_p_id":"499819","name":"Montagepaste | 3,5 kg","description":"","thumbnail":"https:\/\/dev.codekraft.it\/rotary-2024\/wp-content\/uploads\/brb_media\/00506743_g800a37-150x150.png","url":"https:\/\/dev.codekraft.it\/rotary-2024\/produkte\/zubehor-reifenservice-de\/zubehor-reifenmontiermaschinen-de\/montagepaste-35-kg\/"},{"id":381511,"cdmm_p_id":"497566","name":"Pinsel Kunststoff","description":"","thumbnail":"https:\/\/dev.codekraft.it\/rotary-2024\/wp-content\/uploads\/brb_media\/00506719_g800a38-150x150.png","url":"https:\/\/dev.codekraft.it\/rotary-2024\/produkte\/zubehor-reifenservice-de\/zubehor-reifenmontiermaschinen-de\/pinsel-kunststoff\/"},{"id":381523,"cdmm_p_id":"497568","name":"Gummischutz f\u00fcr Montageteller","description":"Gummischutz-Set f\u00fcr Tiefbettfelgen | 1 Satz \/ 10 St\u00fcck","thumbnail":"https:\/\/dev.codekraft.it\/rotary-2024\/wp-content\/uploads\/brb_media\/00506708_g1000a81k-sp-150x150.png","url":"https:\/\/dev.codekraft.it\/rotary-2024\/produkte\/zubehor-reifenservice-de\/zubehor-reifenmontiermaschinen-de\/gummischutz-fur-montageteller\/"},{"id":382012,"cdmm_p_id":"499798","name":"Wulstschutzfolien | mit WDK-Zulassung","description":"Im WDK-Kit enthalten | 1 Satz \/ 50 St\u00fcck","thumbnail":"https:\/\/dev.codekraft.it\/rotary-2024\/wp-content\/uploads\/brb_media\/00506667_g1000a100k-01-150x150.png","url":"https:\/\/dev.codekraft.it\/rotary-2024\/produkte\/zubehor-reifenservice-de\/zubehor-reifenmontiermaschinen-de\/wulstschutzfolien-mit-wdk-zulassung\/"},{"id":380371,"cdmm_p_id":"482616","name":"Wulstboy mit Zugvorrichtung Standard","description":"Im WDK-Kit enthalten","thumbnail":"https:\/\/dev.codekraft.it\/rotary-2024\/wp-content\/uploads\/brb_media\/00506688_g1000a140-150x150.png","url":"https:\/\/dev.codekraft.it\/rotary-2024\/produkte\/zubehor-reifenservice-de\/zubehor-reifenmontiermaschinen-de\/wulstboy-mit-zugvorrichtung-standard\/"},{"id":381333,"cdmm_p_id":"497532","name":"Wulstkettenverl\u00e4ngerung auf 28\u2033 | f\u00fcr G1000A32","description":"Im WDK-Kit enthalten","thumbnail":"https:\/\/dev.codekraft.it\/rotary-2024\/wp-content\/uploads\/brb_media\/00506693_g1000a36-150x150.png","url":"https:\/\/dev.codekraft.it\/rotary-2024\/produkte\/zubehor-reifenservice-de\/zubehor-reifenmontiermaschinen-de\/wulstkettenverlangerung-auf-28%e2%80%b3-fur-g1000a32\/"},{"id":381547,"cdmm_p_id":"497572","name":"Flansch f\u00fcr LT (LLkw)","description":"F\u00fcr Reifenmontiermaschinen mit Zentralspannung","thumbnail":"https:\/\/dev.codekraft.it\/rotary-2024\/wp-content\/uploads\/brb_media\/00506669_g1000a101-150x150.png","url":"https:\/\/dev.codekraft.it\/rotary-2024\/produkte\/zubehor-reifenservice-de\/zubehor-reifenmontiermaschinen-de\/flansch-fur-lt-llkw\/"},{"id":381559,"cdmm_p_id":"497574","name":"Konus mit Distanzring | f\u00fcr 40er Welle | \u00d8 69 mm","description":"Erforderlich G1000A80 - G1000A138","thumbnail":"https:\/\/dev.codekraft.it\/rotary-2024\/wp-content\/uploads\/brb_media\/00471557_tyre-changers-cone-for-40-mm-shaft-di-150x150.png","url":"https:\/\/dev.codekraft.it\/rotary-2024\/produkte\/zubehor-reifenservice-de\/zubehor-reifenmontiermaschinen-de\/konus-mit-distanzring-fur-40er-welle-o-69-mm\/"}],"components":[],"related":[],"similar":[{"id":385213,"cdmm_p_id":"505757","name":"Automatische Reifenmontiermaschine VAS 741065A","description":"Kendo.30 Premium | Ohne Montiereisen, inkl. pneumatischem Wulstniederhalter und pneumatischem Radheber, Pkw, Felgendurchmesser 10 - 30\u2033 | wdk-zertifiziert","thumbnail":"https:\/\/dev.codekraft.it\/rotary-2024\/wp-content\/uploads\/brb_media\/00539675_tyre-changer-kendo30-vas-741065a-mi-150x150.png","url":"https:\/\/dev.codekraft.it\/rotary-2024\/produkte\/reifenservice-de\/reifenmontiermaschinen-de\/automatische-reifenmontiermaschine-vas-741065a\/"}],"lang":"de","translations":{"de":385207,"en":385206,"fr":385208,"it":385209,"es":385210,"ru":385211},"pll_sync_post":[],"_links":{"self":[{"href":"https:\/\/dev.codekraft.it\/rotary-2024\/wp-json\/wp\/v2\/product\/385207","targetHints":{"allow":["GET"]}}],"collection":[{"href":"https:\/\/dev.codekraft.it\/rotary-2024\/wp-json\/wp\/v2\/product"}],"about":[{"href":"https:\/\/dev.codekraft.it\/rotary-2024\/wp-json\/wp\/v2\/types\/product"}],"wp:featuredmedia":[{"embeddable":true,"href":"https:\/\/dev.codekraft.it\/rotary-2024\/wp-json\/wp\/v2\/media\/376074"}],"wp:attachment":[{"href":"https:\/\/dev.codekraft.it\/rotary-2024\/wp-json\/wp\/v2\/media?parent=385207"}],"wp:term":[{"taxonomy":"product_cat","embeddable":true,"href":"https:\/\/dev.codekraft.it\/rotary-2024\/wp-json\/wp\/v2\/product_cat?post=385207"},{"taxonomy":"product_tag","embeddable":true,"href":"https:\/\/dev.codekraft.it\/rotary-2024\/wp-json\/wp\/v2\/product_tag?post=385207"},{"taxonomy":"product_approvals","embeddable":true,"href":"https:\/\/dev.codekraft.it\/rotary-2024\/wp-json\/wp\/v2\/product_approvals?post=385207"},{"taxonomy":"product_application","embeddable":true,"href":"https:\/\/dev.codekraft.it\/rotary-2024\/wp-json\/wp\/v2\/product_application?post=385207"}],"curies":[{"name":"wp","href":"https:\/\/api.w.org\/{rel}","templated":true}]}}