{"id":385144,"date":"2026-01-23T08:22:15","date_gmt":"2026-01-23T08:22:15","guid":{"rendered":"https:\/\/dev.codekraft.it\/rotary-2024\/products\/uncategorized\/equilibradora-de-ruedas-digital-electronica-librak390p-3dtec-gris\/"},"modified":"2026-01-23T08:22:15","modified_gmt":"2026-01-23T08:22:15","slug":"equilibradora-de-ruedas-digital-electronica-librak390p-3dtec-gris","status":"publish","type":"product","link":"https:\/\/dev.codekraft.it\/rotary-2024\/es\/productos\/servicio-de-llantas-es\/equilibradoras-de-ruedas-es\/equilibradora-de-ruedas-digital-electronica-librak390p-3dtec-gris\/","title":{"rendered":"Equilibradora de ruedas digital electr\u00f3nica Librak390P.3DTEC (gris)"},"content":{"rendered":"<p>Equilibradora para turismos equipada con esc\u00e1ner l\u00e1ser para la detecci\u00f3n autom\u00e1tica del perfil de la llanta y las dimensiones de la rueda.<\/p>\n<ul>\n<li>Monitor t\u00e1ctil de 22\u2033 con interfaz gr\u00e1fica intuitiva<\/li>\n<li>Puntero l\u00e1ser<\/li>\n<li>Sonar para medici\u00f3n de excentricidad radial<\/li>\n<\/ul>\n<ul>\n<li>Asistente de equilibrado: las funciones de las teclas var\u00edan seg\u00fan el uso y se identifican en la pantalla mediante iconos gr\u00e1ficos claramente comprensibles.<\/li>\n<li>El sistema 3D TEC garantiza que las operaciones se realicen con la m\u00e1xima rapidez y precisi\u00f3n.<\/li>\n<li>Programas de equilibrado: din\u00e1mico, est\u00e1tico, ALU y ALU-S, separaci\u00f3n de contrapesas y contrapesas ocultas tras los radios y programa de optimizaci\u00f3n.<\/li>\n<li>Programas de equilibrado Eco-Weight: Moderno sistema de reajuste del desequilibrio para reducir el uso de contrapesas innecesarias.<\/li>\n<li>Visualizaci\u00f3n gr\u00e1fica de la excentricidad de la rueda y la llanta en una sola pantalla.<\/li>\n<\/ul>\n<ul>\n<li>Modo Automatic Balancing: en el modo AUTO, la m\u00e1quina realiza el trabajo de forma aut\u00f3noma, desde la elecci\u00f3n del programa que se va a utilizar hasta el recuento de los radios y la indicaci\u00f3n de la posici\u00f3n de las contrapesas ocultas.<\/li>\n<li>La m\u00e1quina se detiene autom\u00e1ticamente en la posici\u00f3n de desequilibrio exterior.<\/li>\n<li>Reposicionamiento autom\u00e1tico en el lado interior.<\/li>\n<li>Arranque autom\u00e1tico al bajar el c\u00e1rter de protecci\u00f3n.<\/li>\n<li>Monitor t\u00e1ctil de 22\u2033.<\/li>\n<li>Sonar para la medici\u00f3n autom\u00e1tica del ancho de la rueda.<\/li>\n<li>Bloqueo de fijaci\u00f3n de rueda neum\u00e1tico.<\/li>\n<li>Iluminaci\u00f3n LED de la llanta.<\/li>\n<\/ul>\n","protected":false},"excerpt":{"rendered":"<p>3D, pantalla t\u00e1ctil 22\u2033, sistema \u00ab3DTEC\u00bb para la detecci\u00f3n autom\u00e1tica del perfil de la llanta, sonar para detecci\u00f3n de excentricidad de la banda de rodadura, incl. coni per autovettura, autovettura, diametro cerchione 10 &#8211; 30\u2033, di\u00e1metro rueda m\u00e1x. 44\u2033, TEq-Link | Gris (RAL 7016)<\/p>\n","protected":false},"featured_media":375403,"template":"","meta":[],"product_cat":[1033536],"product_tag":[1034169],"product_approvals":[],"product_application":[],"class_list":{"0":"post-385144","1":"product","2":"type-product","3":"status-publish","4":"has-post-thumbnail","6":"product_cat-equilibradoras-de-ruedas-es","7":"product_tag-passenger-cars-es","9":"first","10":"instock","11":"shipping-taxable","12":"product-type-simple"},"approvals":[],"application":[],"brb_media_brochure":[{"id":375149,"url":"https:\/\/dev.codekraft.it\/rotary-2024\/wp-content\/uploads\/brb_media\/00531841_wheel-balancer-librak390p3dtec-br-de-2024-08-screen.pdf","title":"wheel balancer librak390p3dtec br de 2024 08 screen","thumbnail":"https:\/\/dev.codekraft.it\/rotary-2024\/wp-content\/uploads\/brb_media\/00531841_wheel-balancer-librak390p3dtec-br-de-2024-08-screen-pdf-106x150.png","description":""},{"id":375150,"url":"https:\/\/dev.codekraft.it\/rotary-2024\/wp-content\/uploads\/brb_media\/00531842_wheel-balancer-librak390p3dtec-br-en-2024-08-screen.pdf","title":"wheel balancer librak390p3dtec br en 2024 08 screen","thumbnail":"https:\/\/dev.codekraft.it\/rotary-2024\/wp-content\/uploads\/brb_media\/00531842_wheel-balancer-librak390p3dtec-br-en-2024-08-screen-pdf-106x150.png","description":""},{"id":375151,"url":"https:\/\/dev.codekraft.it\/rotary-2024\/wp-content\/uploads\/brb_media\/00531844_wheel-balancer-librak390p3dtec-br-fr-2024-08-screen.pdf","title":"wheel balancer librak390p3dtec br fr 2024 08 screen","thumbnail":"https:\/\/dev.codekraft.it\/rotary-2024\/wp-content\/uploads\/brb_media\/00531844_wheel-balancer-librak390p3dtec-br-fr-2024-08-screen-pdf-106x150.png","description":""},{"id":375152,"url":"https:\/\/dev.codekraft.it\/rotary-2024\/wp-content\/uploads\/brb_media\/00531845_wheel-balancer-librak390p3dtec-br-it-2024-08-screen.pdf","title":"wheel balancer librak390p3dtec br it 2024 08 screen","thumbnail":"https:\/\/dev.codekraft.it\/rotary-2024\/wp-content\/uploads\/brb_media\/00531845_wheel-balancer-librak390p3dtec-br-it-2024-08-screen-pdf-106x150.png","description":""},{"id":375153,"url":"https:\/\/dev.codekraft.it\/rotary-2024\/wp-content\/uploads\/brb_media\/00531846_wheel-balancer-librak390p3dtec-br-es-2024-08-screen.pdf","title":"wheel balancer librak390p3dtec br es 2024 08 screen","thumbnail":"https:\/\/dev.codekraft.it\/rotary-2024\/wp-content\/uploads\/brb_media\/00531846_wheel-balancer-librak390p3dtec-br-es-2024-08-screen-pdf-106x150.png","description":""},{"id":375154,"url":"https:\/\/dev.codekraft.it\/rotary-2024\/wp-content\/uploads\/brb_media\/00531847_wheel-balancer-librak390p3dtec-br-ru-2024-08-screen.pdf","title":"wheel balancer librak390p3dtec br ru 2024 08 screen","thumbnail":"https:\/\/dev.codekraft.it\/rotary-2024\/wp-content\/uploads\/brb_media\/00531847_wheel-balancer-librak390p3dtec-br-ru-2024-08-screen-pdf-106x150.png","description":""}],"brb_media_drawing":[{"id":375155,"url":"https:\/\/dev.codekraft.it\/rotary-2024\/wp-content\/uploads\/brb_media\/00531843_wheel-balancer-librak390p3dtec-td.pdf","title":"wheel balancer librak390p3dtec td","thumbnail":"https:\/\/dev.codekraft.it\/rotary-2024\/wp-content\/uploads\/brb_media\/00531843_wheel-balancer-librak390p3dtec-td-pdf-150x106.png","description":""}],"brb_media_manuals":[{"id":385101,"url":"https:\/\/dev.codekraft.it\/rotary-2024\/wp-content\/uploads\/brb_media\/00539679_wheel-balancers-librak370-librak390-ravg4150-gscan-im-1302-m001-00_vsg_rev00-multi-2025-01.pdf","title":"wheel balancers librak370 librak390 ravg4150 gscan im 1302 m001 00 vsg rev00 multi 2025 01","thumbnail":"https:\/\/dev.codekraft.it\/rotary-2024\/wp-content\/uploads\/brb_media\/00539679_wheel-balancers-librak370-librak390-ravg4150-gscan-im-1302-m001-00_vsg_rev00-multi-2025-01-pdf-106x150.png","description":""}],"brb_media_safety_datasheets":"","brb_media_spare_parts":[],"_cdmm_p_id":"505203","_company":"Elektron","_gtin":"4057612962963","accessories":[{"id":381357,"cdmm_p_id":"497535","name":"Elevador para ruedas Standard","description":"80 kg, turismo","thumbnail":"https:\/\/dev.codekraft.it\/rotary-2024\/wp-content\/uploads\/brb_media\/00373626_wheel-balancer-standard-wheel-lift-di-150x150.png","url":"https:\/\/dev.codekraft.it\/rotary-2024\/es\/productos\/servicio-de-llantas-es\/carro-de-montaje-de-ruedas-es\/elevador-para-ruedas-standard\/"},{"id":381370,"cdmm_p_id":"497536","name":"Elevador para ruedas con equilibrado autom\u00e1tico del peso rueda","description":"80 kg, turismo","thumbnail":"https:\/\/dev.codekraft.it\/rotary-2024\/wp-content\/uploads\/brb_media\/00509271_wheel-balancer-gar324-mi-150x150.png","url":"https:\/\/dev.codekraft.it\/rotary-2024\/es\/productos\/servicio-de-llantas-es\/carro-de-montaje-de-ruedas-es\/elevador-para-ruedas-con-equilibrado-automatico-del-peso-rueda\/"},{"id":381376,"cdmm_p_id":"497541","name":"Doble cono de centrado para veh\u00edculos todo terreno | \u00d8 124 &#8211; 128 \/ 122 &#8211; 126 mm","description":"","thumbnail":"https:\/\/dev.codekraft.it\/rotary-2024\/wp-content\/uploads\/brb_media\/00506561_gar323-mi-150x150.png","url":"https:\/\/dev.codekraft.it\/rotary-2024\/es\/productos\/accesorios-servicio-de-llantas-es\/accesorios-equilibradoras-es\/doble-cono-de-centrado-para-vehiculos-todo-terreno-o-124-128-122-126-mm\/"},{"id":381382,"cdmm_p_id":"497539","name":"Cono de centrado para furgonetas | \u00d8 118 &#8211; 174 mm","description":"Incluido espesor","thumbnail":"https:\/\/dev.codekraft.it\/rotary-2024\/wp-content\/uploads\/brb_media\/00509261_wheel-balancer-gar113-mi-150x150.png","url":"https:\/\/dev.codekraft.it\/rotary-2024\/es\/productos\/accesorios-servicio-de-llantas-es\/accesorios-equilibradoras-es\/cono-de-centrado-para-furgonetas-o-118-174-mm\/"},{"id":381363,"cdmm_p_id":"497538","name":"Esp\u00e1rragos para placas de sujeci\u00f3n | cortos","description":"Juego de casquillos cortos | 1 juego \/ 5 piezas","thumbnail":"https:\/\/dev.codekraft.it\/rotary-2024\/wp-content\/uploads\/brb_media\/00506549_gar133-150x150.png","url":"https:\/\/dev.codekraft.it\/rotary-2024\/es\/productos\/accesorios-servicio-de-llantas-es\/accesorios-equilibradoras-es\/esparragos-para-placas-de-sujecion-cortos\/"},{"id":381388,"cdmm_p_id":"497537","name":"Placa de sujeci\u00f3n de precisi\u00f3n Universal, para ruedas con 3\/4\/5 agujeros | con esp\u00e1rragos","description":"Garra universal de precisi\u00f3n","thumbnail":"https:\/\/dev.codekraft.it\/rotary-2024\/wp-content\/uploads\/brb_media\/00506548_gar132-150x150.png","url":"https:\/\/dev.codekraft.it\/rotary-2024\/es\/productos\/accesorios-servicio-de-llantas-es\/accesorios-equilibradoras-es\/placa-de-sujecion-de-precision-universal-para-ruedas-con-3-4-5-agujeros-con-esparragos\/"},{"id":381394,"cdmm_p_id":"497542","name":"Placa de sujeci\u00f3n de precisi\u00f3n para llantas de 5 agujeros | 98 &#8211; 100 &#8211; 108 &#8211; 112 &#8211; 120,65 &#8211; 130 &#8211; 139,7 mm","description":"Plato de esp\u00e1rragos para ruedas","thumbnail":"https:\/\/dev.codekraft.it\/rotary-2024\/wp-content\/uploads\/brb_media\/00506567_gar142-150x150.png","url":"https:\/\/dev.codekraft.it\/rotary-2024\/es\/productos\/accesorios-servicio-de-llantas-es\/accesorios-equilibradoras-es\/placa-de-sujecion-de-precision-para-llantas-de-5-agujeros-98-100-108-112-12065-130-1397-mm\/"},{"id":381400,"cdmm_p_id":"497544","name":"Garra universal","description":"Para motos | con eje, \u00d8 14 mm, y acesorios | Se requiere GAR181A1","thumbnail":"https:\/\/dev.codekraft.it\/rotary-2024\/wp-content\/uploads\/brb_media\/00506596_gar181n-150x150.png","url":"https:\/\/dev.codekraft.it\/rotary-2024\/es\/productos\/accesorios-servicio-de-llantas-es\/accesorios-equilibradoras-es\/garra-universal\/"},{"id":381406,"cdmm_p_id":"497546","name":"Garra universal","description":"Para motos | sin eje y acesorios | Se requiere GAR181A1","thumbnail":"https:\/\/dev.codekraft.it\/rotary-2024\/wp-content\/uploads\/brb_media\/00506597_gar354-150x150.png","url":"https:\/\/dev.codekraft.it\/rotary-2024\/es\/productos\/accesorios-servicio-de-llantas-es\/accesorios-equilibradoras-es\/garra-universal-2\/"},{"id":381412,"cdmm_p_id":"497547","name":"Eje de centrado para motos con horquilla mono brazo | \u00d8 19 mm","description":"Completo de eje, 2 espesores y garra de centrado | GAR181N o GAR354 requerido","thumbnail":"https:\/\/dev.codekraft.it\/rotary-2024\/wp-content\/uploads\/brb_media\/00506595_gar191n-150x150.png","url":"https:\/\/dev.codekraft.it\/rotary-2024\/es\/productos\/accesorios-servicio-de-llantas-es\/accesorios-equilibradoras-es\/eje-de-centrado-para-motos-con-horquilla-mono-brazo-o-19-mm\/"},{"id":383147,"cdmm_p_id":"502001","name":"Kit de calibraci\u00f3n para el grupo rotatorio","description":"Kit de calibraci\u00f3n para equilibradoras de ruedas para turismos y furgonetasCalibrador","thumbnail":"","url":"https:\/\/dev.codekraft.it\/rotary-2024\/es\/productos\/accesorios-servicio-de-llantas-es\/accesorios-equilibradoras-es\/kit-de-calibracion-para-el-grupo-rotatorio\/"},{"id":380277,"cdmm_p_id":"482582","name":"Kit de calibraci\u00f3n para palpador de anchura por sonar | para todos los modelos WS","description":"Calibrador","thumbnail":"","url":"https:\/\/dev.codekraft.it\/rotary-2024\/es\/productos\/accesorios-servicio-de-llantas-es\/accesorios-equilibradoras-es\/kit-de-calibracion-para-palpador-de-anchura-por-sonar-para-todos-los-modelos-ws\/"},{"id":384822,"cdmm_p_id":"504048","name":"Medidor de alabeo ultras\u00f3nico","description":"","thumbnail":"https:\/\/dev.codekraft.it\/rotary-2024\/wp-content\/uploads\/brb_media\/00509273_wheel-balancer-gar338-mi-150x150.png","url":"https:\/\/dev.codekraft.it\/rotary-2024\/es\/productos\/accesorios-servicio-de-llantas-es\/accesorios-equilibradoras-es\/medidor-de-alabeo-ultrasonico\/"},{"id":382987,"cdmm_p_id":"501939","name":"Antena para conexi\u00f3n Wi-Fi y habilitaci\u00f3n de la funci\u00f3n de conexi\u00f3n","description":"","thumbnail":"","url":"https:\/\/dev.codekraft.it\/rotary-2024\/es\/productos\/accesorios-servicio-de-llantas-es\/accesorios-equilibradoras-es\/antena-para-conexion-wi-fi-y-habilitacion-de-la-funcion-de-conexion\/"},{"id":383711,"cdmm_p_id":"502270","name":"Tuerca de sujeci\u00f3n r\u00e1pida con anillo de presi\u00f3n","description":"Centrado doble, garra r\u00e1pida","thumbnail":"https:\/\/dev.codekraft.it\/rotary-2024\/wp-content\/uploads\/brb_media\/00509256_wheel-balancer-gar101-mi-150x150.png","url":"https:\/\/dev.codekraft.it\/rotary-2024\/es\/productos\/accesorios-servicio-de-llantas-es\/accesorios-equilibradoras-es\/tuerca-de-sujecion-rapida-con-anillo-de-presion\/"},{"id":383061,"cdmm_p_id":"501968","name":"Tuerca de sujeci\u00f3n para turismos | con anillo de presi\u00f3n","description":"Centrado doble, garra","thumbnail":"https:\/\/dev.codekraft.it\/rotary-2024\/wp-content\/uploads\/brb_media\/00506557_gar104-150x150.png","url":"https:\/\/dev.codekraft.it\/rotary-2024\/es\/productos\/accesorios-servicio-de-llantas-es\/accesorios-equilibradoras-es\/tuerca-de-sujecion-para-turismos-con-anillo-de-presion\/"},{"id":383390,"cdmm_p_id":"502129","name":"Tuerca tipo con volante y anillo de presi\u00f3n | para turismos","description":"Centrado doble, garra tipo volante","thumbnail":"https:\/\/dev.codekraft.it\/rotary-2024\/wp-content\/uploads\/brb_media\/00506558_gar105-mi-150x150.png","url":"https:\/\/dev.codekraft.it\/rotary-2024\/es\/productos\/accesorios-servicio-de-llantas-es\/accesorios-equilibradoras-es\/tuerca-tipo-con-volante-y-anillo-de-presion-para-turismos\/"},{"id":383458,"cdmm_p_id":"502165","name":"Conos de centrado de precisi\u00f3n \u00d8 42,5 &#8211; 78 mm","description":"Para equilibradoras de ruedas | 1 juego \/ 5 piezas","thumbnail":"https:\/\/dev.codekraft.it\/rotary-2024\/wp-content\/uploads\/brb_media\/00506571_gar155-150x150.png","url":"https:\/\/dev.codekraft.it\/rotary-2024\/es\/productos\/accesorios-servicio-de-llantas-es\/accesorios-equilibradoras-es\/conos-de-centrado-de-precision-o-425-78-mm\/"},{"id":380271,"cdmm_p_id":"482580","name":"Disco de protecci\u00f3n rueda","description":"","thumbnail":"https:\/\/dev.codekraft.it\/rotary-2024\/wp-content\/uploads\/brb_media\/00506564_gar121-150x150.png","url":"https:\/\/dev.codekraft.it\/rotary-2024\/es\/productos\/accesorios-servicio-de-llantas-es\/accesorios-equilibradoras-es\/disco-de-proteccion-rueda\/"},{"id":380241,"cdmm_p_id":"482565","name":"Placa de sujeci\u00f3n Universal | para llantas de 3\/4\/5 agujeros sin agujero central","description":"Plato universal para llantas ciegas | incl. calibre medici\u00f3n entre ejes de los agujeros","thumbnail":"https:\/\/dev.codekraft.it\/rotary-2024\/wp-content\/uploads\/brb_media\/00509262_wheel-balancer-gar131h-mi-150x150.png","url":"https:\/\/dev.codekraft.it\/rotary-2024\/es\/productos\/accesorios-servicio-de-llantas-es\/accesorios-equilibradoras-es\/placa-de-sujecion-universal-para-llantas-de-3-4-5-agujeros-sin-agujero-central\/"},{"id":380253,"cdmm_p_id":"482576","name":"Casquillos de centrado","description":"Para Renault | \u00d8 60 \/ 66 mm | 1 juego \/ 2 piezas","thumbnail":"https:\/\/dev.codekraft.it\/rotary-2024\/wp-content\/uploads\/brb_media\/00509264_wheel-balancer-gar147n-mi-150x150.png","url":"https:\/\/dev.codekraft.it\/rotary-2024\/es\/productos\/accesorios-servicio-de-llantas-es\/accesorios-equilibradoras-es\/casquillos-de-centrado\/"},{"id":380259,"cdmm_p_id":"482577","name":"Casquillos de centrado","description":"Para Renault Trafic Master, incl. espesor | \u00d8 71 \/ 88,9 \/ 129,9 mm | 1 juego \/ 3 piezas","thumbnail":"https:\/\/dev.codekraft.it\/rotary-2024\/wp-content\/uploads\/brb_media\/00509266_wheel-balancer-gar220-mi-150x150.png","url":"https:\/\/dev.codekraft.it\/rotary-2024\/es\/productos\/accesorios-servicio-de-llantas-es\/accesorios-equilibradoras-es\/casquillos-de-centrado-2\/"},{"id":380247,"cdmm_p_id":"482566","name":"Casquillos de centrado para PSA | 2 etapas","description":"Para GAR131H, incl. espesor | 1 juego \/ 4 piezas","thumbnail":"https:\/\/dev.codekraft.it\/rotary-2024\/wp-content\/uploads\/brb_media\/00509265_wheel-balancer-gar150h-mi-150x150.png","url":"https:\/\/dev.codekraft.it\/rotary-2024\/es\/productos\/accesorios-servicio-de-llantas-es\/accesorios-equilibradoras-es\/casquillos-de-centrado-para-psa-2-etapas\/"},{"id":380265,"cdmm_p_id":"482579","name":"Placa de sujeci\u00f3n para llantas de 5 agujeros BMW | 112 &#8211; 120 mm","description":"Juego garra con esp\u00e1rragos para ruedas de 5 agujeros BMW, incl. anillo de centrado \u00d8 66,5 mm | para todos los modelos","thumbnail":"https:\/\/dev.codekraft.it\/rotary-2024\/wp-content\/uploads\/brb_media\/00506584_gar357-01-150x150.png","url":"https:\/\/dev.codekraft.it\/rotary-2024\/es\/productos\/accesorios-servicio-de-llantas-es\/accesorios-equilibradoras-es\/placa-de-sujecion-para-llantas-de-5-agujeros-bmw-112-120-mm\/"},{"id":382705,"cdmm_p_id":"501816","name":"Casquillo de centrado para BMW, Mercedes Benz, Audi, Opel | escalonado | \u00d8 56 &#8211; 57 &#8211; 66,5 &#8211; 72,5 &#8211; 72,6 &#8211; 74 &#8211; 74,1 mm","description":"","thumbnail":"https:\/\/dev.codekraft.it\/rotary-2024\/wp-content\/uploads\/brb_media\/00430978_wheel-balancer-centering-cone-step-shaped-di-gar148n-150x150.png","url":"https:\/\/dev.codekraft.it\/rotary-2024\/es\/productos\/accesorios-servicio-de-llantas-es\/accesorios-equilibradoras-es\/casquillo-de-centrado-para-bmw-mercedes-benz-audi-opel-escalonado-o-56-57-665-725-726-74-741-mm\/"},{"id":380302,"cdmm_p_id":"482599","name":"Eje de centrado para motos | \u00d8 10 mm","description":"Completo de eje, 2 conos. 6 espesores, garra de centrado y 2 bujes | GAR181N o GAR354 requerido","thumbnail":"https:\/\/dev.codekraft.it\/rotary-2024\/wp-content\/uploads\/brb_media\/00506574_gar182n-150x150.png","url":"https:\/\/dev.codekraft.it\/rotary-2024\/es\/productos\/accesorios-servicio-de-llantas-es\/accesorios-equilibradoras-es\/eje-de-centrado-para-motos-o-10-mm\/"},{"id":380308,"cdmm_p_id":"482600","name":"Eje de centrado para motos | \u00d8 12 mm","description":"Completo de eje, 2 conos. 6 espesores, garra de centrado y 2 bujes | GAR181N o GAR354 requerido","thumbnail":"https:\/\/dev.codekraft.it\/rotary-2024\/wp-content\/uploads\/brb_media\/00506574_gar182n-150x150.png","url":"https:\/\/dev.codekraft.it\/rotary-2024\/es\/productos\/accesorios-servicio-de-llantas-es\/accesorios-equilibradoras-es\/eje-de-centrado-para-motos-o-12-mm\/"},{"id":380314,"cdmm_p_id":"482601","name":"Eje de centrado para motos | alargado, \u00d8 14 mm","description":"Completo de eje, 2 espesores y garra de centrado | GAR181N o GAR354 requerido","thumbnail":"https:\/\/dev.codekraft.it\/rotary-2024\/wp-content\/uploads\/brb_media\/00506594_gar184n-150x150.png","url":"https:\/\/dev.codekraft.it\/rotary-2024\/es\/productos\/accesorios-servicio-de-llantas-es\/accesorios-equilibradoras-es\/eje-de-centrado-para-motos-alargado-o-14-mm\/"},{"id":380320,"cdmm_p_id":"482603","name":"Casquillos de centrado para plato universal moto","description":"Se requiere GAR354 o GAR181N | 1 juego \/ 18 piezas","thumbnail":"https:\/\/dev.codekraft.it\/rotary-2024\/wp-content\/uploads\/brb_media\/00506573_gar181an-150x150.png","url":"https:\/\/dev.codekraft.it\/rotary-2024\/es\/productos\/accesorios-servicio-de-llantas-es\/accesorios-equilibradoras-es\/casquillos-de-centrado-para-plato-universal-moto\/"},{"id":380326,"cdmm_p_id":"482604","name":"Conos de centrado para motos esc\u00fater | \u00d8 16 &#8211; 45 mm | 1 juego \/ 2 piezas","description":"Se requiere GAR354 o GAR181N","thumbnail":"https:\/\/dev.codekraft.it\/rotary-2024\/wp-content\/uploads\/brb_media\/00431002_wheel-balancer-centering-cone-motorcycles-di-gar183n-150x150.png","url":"https:\/\/dev.codekraft.it\/rotary-2024\/es\/productos\/accesorios-servicio-de-llantas-es\/accesorios-equilibradoras-es\/conos-de-centrado-para-motos-escuter-o-16-45-mm-1-juego-2-piezas\/"},{"id":383908,"cdmm_p_id":"502337","name":"Cono de centrado BMW","description":"Casquillo de centrado BMW | opci\u00f3n para garra universal GAR181N o GAR191N","thumbnail":"https:\/\/dev.codekraft.it\/rotary-2024\/wp-content\/uploads\/brb_media\/00506576_gar192n-150x150.png","url":"https:\/\/dev.codekraft.it\/rotary-2024\/es\/productos\/accesorios-servicio-de-llantas-es\/accesorios-equilibradoras-es\/cono-de-centrado-bmw\/"},{"id":380332,"cdmm_p_id":"482606","name":"Cono de centrado para Ducati 916-996-998-Monster SR2-SR4","description":"Casquillo de centrado | opci\u00f3n para garra universal GAR181N o GAR191N","thumbnail":"https:\/\/dev.codekraft.it\/rotary-2024\/wp-content\/uploads\/brb_media\/00506593_gar193n-150x150.png","url":"https:\/\/dev.codekraft.it\/rotary-2024\/es\/productos\/accesorios-servicio-de-llantas-es\/accesorios-equilibradoras-es\/cono-de-centrado-para-ducati-916-996-998-monster-sr2-sr4\/"},{"id":380338,"cdmm_p_id":"482607","name":"Cono de centrado para Honda NTV 650 REVERE","description":"Casquillo de centrado | opci\u00f3n para garra universal GAR181N o GAR191N","thumbnail":"https:\/\/dev.codekraft.it\/rotary-2024\/wp-content\/uploads\/brb_media\/00506591_gar194n-150x150.png","url":"https:\/\/dev.codekraft.it\/rotary-2024\/es\/productos\/accesorios-servicio-de-llantas-es\/accesorios-equilibradoras-es\/cono-de-centrado-para-honda-ntv-650-revere\/"},{"id":380344,"cdmm_p_id":"482608","name":"Cono de centrado para Honda VFR 750","description":"Casquillo de centrado | opci\u00f3n para garra universal GAR181N o GAR191N","thumbnail":"https:\/\/dev.codekraft.it\/rotary-2024\/wp-content\/uploads\/brb_media\/00506592_gar195n-150x150.png","url":"https:\/\/dev.codekraft.it\/rotary-2024\/es\/productos\/accesorios-servicio-de-llantas-es\/accesorios-equilibradoras-es\/cono-de-centrado-para-honda-vfr-750\/"},{"id":380350,"cdmm_p_id":"482609","name":"Cono de centrado para Yamaha GTS 1000","description":"Casquillo de centrado | opci\u00f3n para garra universal GAR181N o GAR191N","thumbnail":"https:\/\/dev.codekraft.it\/rotary-2024\/wp-content\/uploads\/brb_media\/00506590_gar196n-150x150.png","url":"https:\/\/dev.codekraft.it\/rotary-2024\/es\/productos\/accesorios-servicio-de-llantas-es\/accesorios-equilibradoras-es\/cono-de-centrado-para-yamaha-gts-1000\/"},{"id":380356,"cdmm_p_id":"482610","name":"Conos de centrado para Harley Davidson | 1 juego \/ 2 piezas","description":"Casquillos de centrado | opci\u00f3n para garra universal GAR181N o GAR191N","thumbnail":"https:\/\/dev.codekraft.it\/rotary-2024\/wp-content\/uploads\/brb_media\/00506577_gar197-150x150.png","url":"https:\/\/dev.codekraft.it\/rotary-2024\/es\/productos\/accesorios-servicio-de-llantas-es\/accesorios-equilibradoras-es\/conos-de-centrado-para-harley-davidson-1-juego-2-piezas\/"},{"id":380362,"cdmm_p_id":"482611","name":"Conos de centrado para Suzuki GSX R","description":"Opci\u00f3n para garra universal GAR181N o GAR191N | 1 juego \/ 6 piezas","thumbnail":"https:\/\/dev.codekraft.it\/rotary-2024\/wp-content\/uploads\/brb_media\/00431008_wheel-balancer-centering-cone-suzuki-di-gar198n-150x150.png","url":"https:\/\/dev.codekraft.it\/rotary-2024\/es\/productos\/accesorios-servicio-de-llantas-es\/accesorios-equilibradoras-es\/conos-de-centrado-para-suzuki-gsx-r\/"},{"id":380941,"cdmm_p_id":"495460","name":"Soporte tipo rodillo para los pesos adhesivos","description":"","thumbnail":"https:\/\/dev.codekraft.it\/rotary-2024\/wp-content\/uploads\/brb_media\/00549234_wheel-balancers-gar375-mi-150x150.png","url":"https:\/\/dev.codekraft.it\/rotary-2024\/es\/productos\/accesorios-servicio-de-llantas-es\/accesorios-equilibradoras-es\/soporte-tipo-rodillo-para-los-pesos-adhesivos\/"}],"components":[],"related":[],"similar":[{"id":385138,"cdmm_p_id":"505201","name":"Equilibradora de ruedas digital electr\u00f3nica Librak370PWS (gris)","description":"2D, pantalla t\u00e1ctil 22\u2033, sonar para detecci\u00f3n de excentricidad de la banda de rodadura, incl. conos, autovettura, SUV y todoterrenos, diametro cerchione 10 - 30\u2033, di\u00e1metro rueda m\u00e1x. 44\u2033, TEq-Link | Gris (RAL 7016)","thumbnail":"https:\/\/dev.codekraft.it\/rotary-2024\/wp-content\/uploads\/brb_media\/00535662_wheel-balancer-librak370pws-ral7016-mi-01-150x150.png","url":"https:\/\/dev.codekraft.it\/rotary-2024\/es\/productos\/servicio-de-llantas-es\/equilibradoras-de-ruedas-es\/equilibradora-de-ruedas-digital-electronica-librak370pws-gris\/"}],"lang":"es","translations":{"es":385144,"en":385140,"de":385141,"fr":385142,"it":385143,"ru":385145},"pll_sync_post":[],"_links":{"self":[{"href":"https:\/\/dev.codekraft.it\/rotary-2024\/wp-json\/wp\/v2\/product\/385144","targetHints":{"allow":["GET"]}}],"collection":[{"href":"https:\/\/dev.codekraft.it\/rotary-2024\/wp-json\/wp\/v2\/product"}],"about":[{"href":"https:\/\/dev.codekraft.it\/rotary-2024\/wp-json\/wp\/v2\/types\/product"}],"wp:featuredmedia":[{"embeddable":true,"href":"https:\/\/dev.codekraft.it\/rotary-2024\/wp-json\/wp\/v2\/media\/375403"}],"wp:attachment":[{"href":"https:\/\/dev.codekraft.it\/rotary-2024\/wp-json\/wp\/v2\/media?parent=385144"}],"wp:term":[{"taxonomy":"product_cat","embeddable":true,"href":"https:\/\/dev.codekraft.it\/rotary-2024\/wp-json\/wp\/v2\/product_cat?post=385144"},{"taxonomy":"product_tag","embeddable":true,"href":"https:\/\/dev.codekraft.it\/rotary-2024\/wp-json\/wp\/v2\/product_tag?post=385144"},{"taxonomy":"product_approvals","embeddable":true,"href":"https:\/\/dev.codekraft.it\/rotary-2024\/wp-json\/wp\/v2\/product_approvals?post=385144"},{"taxonomy":"product_application","embeddable":true,"href":"https:\/\/dev.codekraft.it\/rotary-2024\/wp-json\/wp\/v2\/product_application?post=385144"}],"curies":[{"name":"wp","href":"https:\/\/api.w.org\/{rel}","templated":true}]}}