{"id":385136,"date":"2026-01-23T08:24:52","date_gmt":"2026-01-23T08:24:52","guid":{"rendered":"https:\/\/dev.codekraft.it\/rotary-2024\/products\/uncategorized\/equilibreuse-electronique-numerique-librak370pws-gris\/"},"modified":"2026-01-23T08:24:52","modified_gmt":"2026-01-23T08:24:52","slug":"equilibreuse-electronique-numerique-librak370pws-gris","status":"publish","type":"product","link":"https:\/\/dev.codekraft.it\/rotary-2024\/fr\/produits\/service-de-pneus-fr\/equilibreuses-des-roues-fr\/equilibreuse-electronique-numerique-librak370pws-gris\/","title":{"rendered":"\u00c9quilibreuse \u00e9lectronique num\u00e9rique Librak370PWS (gris)"},"content":{"rendered":"<p>\u00c9quilibreuse pour voitures particuli\u00e8res, SUV et v\u00e9hicules tout-terrain, \u00e9quip\u00e9e de c\u00f4nes, \u00e9cran tactile, pointeur laser, diam\u00e8tre de la jante\u00a0: 10 &#8211; 30\u2033.<\/p>\n<ul>\n<li>\u00c9cran tactile 22\u2033<\/li>\n<li>Pointeur laser<\/li>\n<li>Sonar pour la mesure du voile de jante radial<\/li>\n<\/ul>\n<ul>\n<li>Mesure du voile de la jante par bras de mesure 2D.<\/li>\n<li>Programmes d&#8217;\u00e9quilibrage\u00a0: Dynamique, Statique, ALU et ALU-S, s\u00e9paration des masses et des masses cach\u00e9es derri\u00e8re les b\u00e2tons et programme d&#8217;optimisation.<\/li>\n<li>Programme d&#8217;\u00e9quilibrage Eco-Weight: Programme de derni\u00e8re g\u00e9n\u00e9ration de mise \u00e0 z\u00e9ro du balourd pour r\u00e9duire la consommation de masses d\u2019\u00e9quilibrage.<\/li>\n<li>Visualisation graphique du voile de la roue et de la jante sur une seule page-\u00e9cran.<\/li>\n<\/ul>\n<ul>\n<li>\u00c9cran tactile 22\u2033.<\/li>\n<li>La machine s&#8217;arr\u00eate automatiquement en position de balourd ext\u00e9rieur.<\/li>\n<li>Repositionnement automatique sur le c\u00f4t\u00e9 interne.<\/li>\n<li>Mesure automatique de la distance et du diam\u00e8tre par bras de mesure 2D int\u00e9gr\u00e9.<\/li>\n<li>Sonar pour la mesure automatique de la largeur de la roue.<\/li>\n<li>\u00c9crou de serrage pneumatique.<\/li>\n<li>\u00c9clairage LED de la jante.<\/li>\n<li>Indique le positionnement de la masse avec un pointeur laser (pour masses adh\u00e9sives).<\/li>\n<\/ul>\n","protected":false},"excerpt":{"rendered":"<p>2D, \u00e9cran tactile 22\u2033, sonar pour la d\u00e9tection de l&#8217;excentricit\u00e9 de la bande de roulement, incl. kit de c\u00f4nes, voiture de tourisme, SUV et v\u00e9hicules tout-terrain, diam\u00e8tre de la jante 10 &#8211; 30\u2033, diam\u00e8tre de roue max. 44\u2033, TEq-Link | Gris (RAL 7016)<\/p>\n","protected":false},"featured_media":375393,"template":"","meta":[],"product_cat":[1033500],"product_tag":[1034163],"product_approvals":[],"product_application":[],"class_list":{"0":"post-385136","1":"product","2":"type-product","3":"status-publish","4":"has-post-thumbnail","6":"product_cat-equilibreuses-des-roues-fr","7":"product_tag-passenger-cars-fr","9":"first","10":"instock","11":"shipping-taxable","12":"product-type-simple"},"approvals":[],"application":[],"brb_media_brochure":[{"id":375130,"url":"https:\/\/dev.codekraft.it\/rotary-2024\/wp-content\/uploads\/brb_media\/00531830_wheel-balancer-librak370pws-br-de-2024-08-screen.pdf","title":"wheel balancer librak370pws br de 2024 08 screen","thumbnail":"https:\/\/dev.codekraft.it\/rotary-2024\/wp-content\/uploads\/brb_media\/00531830_wheel-balancer-librak370pws-br-de-2024-08-screen-pdf-106x150.png","description":""},{"id":375131,"url":"https:\/\/dev.codekraft.it\/rotary-2024\/wp-content\/uploads\/brb_media\/00531831_wheel-balancer-librak370pws-br-en-2024-08-screen.pdf","title":"wheel balancer librak370pws br en 2024 08 screen","thumbnail":"https:\/\/dev.codekraft.it\/rotary-2024\/wp-content\/uploads\/brb_media\/00531831_wheel-balancer-librak370pws-br-en-2024-08-screen-pdf-106x150.png","description":""},{"id":375132,"url":"https:\/\/dev.codekraft.it\/rotary-2024\/wp-content\/uploads\/brb_media\/00531832_wheel-balancer-librak370pws-br-fr-2024-08-screen.pdf","title":"wheel balancer librak370pws br fr 2024 08 screen","thumbnail":"https:\/\/dev.codekraft.it\/rotary-2024\/wp-content\/uploads\/brb_media\/00531832_wheel-balancer-librak370pws-br-fr-2024-08-screen-pdf-106x150.png","description":""},{"id":375133,"url":"https:\/\/dev.codekraft.it\/rotary-2024\/wp-content\/uploads\/brb_media\/00531833_wheel-balancer-librak370pws-br-it-2024-08-screen.pdf","title":"wheel balancer librak370pws br it 2024 08 screen","thumbnail":"https:\/\/dev.codekraft.it\/rotary-2024\/wp-content\/uploads\/brb_media\/00531833_wheel-balancer-librak370pws-br-it-2024-08-screen-pdf-106x150.png","description":""},{"id":375134,"url":"https:\/\/dev.codekraft.it\/rotary-2024\/wp-content\/uploads\/brb_media\/00531834_wheel-balancer-librak370pws-br-es-2024-08-screen.pdf","title":"wheel balancer librak370pws br es 2024 08 screen","thumbnail":"https:\/\/dev.codekraft.it\/rotary-2024\/wp-content\/uploads\/brb_media\/00531834_wheel-balancer-librak370pws-br-es-2024-08-screen-pdf-106x150.png","description":""},{"id":375135,"url":"https:\/\/dev.codekraft.it\/rotary-2024\/wp-content\/uploads\/brb_media\/00531835_wheel-balancer-librak370pws-br-ru-2024-08-screen.pdf","title":"wheel balancer librak370pws br ru 2024 08 screen","thumbnail":"https:\/\/dev.codekraft.it\/rotary-2024\/wp-content\/uploads\/brb_media\/00531835_wheel-balancer-librak370pws-br-ru-2024-08-screen-pdf-106x150.png","description":""}],"brb_media_drawing":[{"id":375136,"url":"https:\/\/dev.codekraft.it\/rotary-2024\/wp-content\/uploads\/brb_media\/00531836_wheel-balancer-librak370pws-td-1302900.pdf","title":"wheel balancer librak370pws td 1302900","thumbnail":"https:\/\/dev.codekraft.it\/rotary-2024\/wp-content\/uploads\/brb_media\/00531836_wheel-balancer-librak370pws-td-1302900-pdf-150x106.png","description":""}],"brb_media_manuals":[{"id":385101,"url":"https:\/\/dev.codekraft.it\/rotary-2024\/wp-content\/uploads\/brb_media\/00539679_wheel-balancers-librak370-librak390-ravg4150-gscan-im-1302-m001-00_vsg_rev00-multi-2025-01.pdf","title":"wheel balancers librak370 librak390 ravg4150 gscan im 1302 m001 00 vsg rev00 multi 2025 01","thumbnail":"https:\/\/dev.codekraft.it\/rotary-2024\/wp-content\/uploads\/brb_media\/00539679_wheel-balancers-librak370-librak390-ravg4150-gscan-im-1302-m001-00_vsg_rev00-multi-2025-01-pdf-106x150.png","description":""}],"brb_media_safety_datasheets":"","brb_media_spare_parts":[],"_cdmm_p_id":"505201","_company":"Elektron","_gtin":"4057612962970","accessories":[{"id":381355,"cdmm_p_id":"497535","name":"El\u00e9vateur pour roues Standard","description":"80 kg, voiture de tourisme","thumbnail":"https:\/\/dev.codekraft.it\/rotary-2024\/wp-content\/uploads\/brb_media\/00373626_wheel-balancer-standard-wheel-lift-di-150x150.png","url":"https:\/\/dev.codekraft.it\/rotary-2024\/fr\/produits\/service-de-pneus-fr\/chariot-a-roues-fr\/elevateur-pour-roues-standard\/"},{"id":381368,"cdmm_p_id":"497536","name":"El\u00e9vateur pour roues avec compensation automatique du poids de la roue","description":"80 kg, voiture de tourisme","thumbnail":"https:\/\/dev.codekraft.it\/rotary-2024\/wp-content\/uploads\/brb_media\/00509271_wheel-balancer-gar324-mi-150x150.png","url":"https:\/\/dev.codekraft.it\/rotary-2024\/fr\/produits\/service-de-pneus-fr\/chariot-a-roues-fr\/elevateur-pour-roues-avec-compensation-automatique-du-poids-de-la-roue\/"},{"id":381374,"cdmm_p_id":"497541","name":"C\u00f4ne de centrage double pour vehicules 4&#215;4 | \u00d8 124 &#8211; 128 \/ 122 &#8211; 126 mm","description":"","thumbnail":"https:\/\/dev.codekraft.it\/rotary-2024\/wp-content\/uploads\/brb_media\/00506561_gar323-mi-150x150.png","url":"https:\/\/dev.codekraft.it\/rotary-2024\/fr\/produits\/accessoires-service-de-pneus-fr\/accessoires-equilibreuses-de-roue-fr\/cone-de-centrage-double-pour-vehicules-4x4-o-124-128-122-126-mm\/"},{"id":381380,"cdmm_p_id":"497539","name":"C\u00f4ne de centrage pour fourgons et petits camions | \u00d8 118 &#8211; 174 mm","description":"Avec entretoise","thumbnail":"https:\/\/dev.codekraft.it\/rotary-2024\/wp-content\/uploads\/brb_media\/00509261_wheel-balancer-gar113-mi-150x150.png","url":"https:\/\/dev.codekraft.it\/rotary-2024\/fr\/produits\/accessoires-service-de-pneus-fr\/accessoires-equilibreuses-de-roue-fr\/cone-de-centrage-pour-fourgons-et-petits-camions-o-118-174-mm\/"},{"id":381361,"cdmm_p_id":"497538","name":"Doigts pour plaques de serrage de type | courts","description":"Jeu de tiges courtes | 1 jeu \/ 5 pi\u00e8ces","thumbnail":"https:\/\/dev.codekraft.it\/rotary-2024\/wp-content\/uploads\/brb_media\/00506549_gar133-150x150.png","url":"https:\/\/dev.codekraft.it\/rotary-2024\/fr\/produits\/accessoires-service-de-pneus-fr\/accessoires-equilibreuses-de-roue-fr\/doigts-pour-plaques-de-serrage-de-type-courts\/"},{"id":381386,"cdmm_p_id":"497537","name":"Pr\u00e9cision plaque de serrage de type Universel, pour roues 3\/4\/5 trous | avec doigts","description":"Flasque universelle de pr\u00e9cision avec tiges","thumbnail":"https:\/\/dev.codekraft.it\/rotary-2024\/wp-content\/uploads\/brb_media\/00506548_gar132-150x150.png","url":"https:\/\/dev.codekraft.it\/rotary-2024\/fr\/produits\/accessoires-service-de-pneus-fr\/accessoires-equilibreuses-de-roue-fr\/precision-plaque-de-serrage-de-type-universel-pour-roues-3-4-5-trous-avec-doigts\/"},{"id":381392,"cdmm_p_id":"497542","name":"Pr\u00e9cision plaque de serrage de type pour jantes \u00e0 5 trous | 98 &#8211; 100 &#8211; 108 &#8211; 112 &#8211; 120,65 &#8211; 130 &#8211; 139,7 mm","description":"Plateau \u00e0 colonnettes pour roues \u00e0 5 ouvertures","thumbnail":"https:\/\/dev.codekraft.it\/rotary-2024\/wp-content\/uploads\/brb_media\/00506567_gar142-150x150.png","url":"https:\/\/dev.codekraft.it\/rotary-2024\/fr\/produits\/accessoires-service-de-pneus-fr\/accessoires-equilibreuses-de-roue-fr\/precision-plaque-de-serrage-de-type-pour-jantes-a-5-trous-98-100-108-112-12065-130-1397-mm\/"},{"id":381398,"cdmm_p_id":"497544","name":"Bride universelle","description":"Pour motos | avec arbre, \u00d8 14 mm, et accessoires | GAR181A1 requis","thumbnail":"https:\/\/dev.codekraft.it\/rotary-2024\/wp-content\/uploads\/brb_media\/00506596_gar181n-150x150.png","url":"https:\/\/dev.codekraft.it\/rotary-2024\/fr\/produits\/accessoires-service-de-pneus-fr\/accessoires-equilibreuses-de-roue-fr\/bride-universelle\/"},{"id":381404,"cdmm_p_id":"497546","name":"Bride universelle","description":"Pour motos | sans arbre et accessoire | GAR181A1 requis","thumbnail":"https:\/\/dev.codekraft.it\/rotary-2024\/wp-content\/uploads\/brb_media\/00506597_gar354-150x150.png","url":"https:\/\/dev.codekraft.it\/rotary-2024\/fr\/produits\/accessoires-service-de-pneus-fr\/accessoires-equilibreuses-de-roue-fr\/bride-universelle-2\/"},{"id":381410,"cdmm_p_id":"497547","name":"Arbre de centrage pour motos avec fourche monobras | \u00d8 19 mm","description":"\u00c9quip\u00e9 avec flasque, 2 entretoises et \u00e9crou de serrage | GAR181N ou GAR354 n\u00e9cessaire","thumbnail":"https:\/\/dev.codekraft.it\/rotary-2024\/wp-content\/uploads\/brb_media\/00506595_gar191n-150x150.png","url":"https:\/\/dev.codekraft.it\/rotary-2024\/fr\/produits\/accessoires-service-de-pneus-fr\/accessoires-equilibreuses-de-roue-fr\/arbre-de-centrage-pour-motos-avec-fourche-monobras-o-19-mm\/"},{"id":383145,"cdmm_p_id":"502001","name":"Outil d&#039;\u00e9talonnage pour groupe de rotation","description":"Kit de calibration pour equilibreuses de roue","thumbnail":"","url":"https:\/\/dev.codekraft.it\/rotary-2024\/fr\/produits\/accessoires-service-de-pneus-fr\/accessoires-equilibreuses-de-roue-fr\/outil-detalonnage-pour-groupe-de-rotation\/"},{"id":380275,"cdmm_p_id":"482582","name":"Outil d&#039;\u00e9talonnage pour capteur de largeur \u00e0 ultrason | pour s\u00e9rie WS","description":"Outil pour calibrer","thumbnail":"","url":"https:\/\/dev.codekraft.it\/rotary-2024\/fr\/produits\/accessoires-service-de-pneus-fr\/accessoires-equilibreuses-de-roue-fr\/outil-detalonnage-pour-capteur-de-largeur-a-ultrason-pour-serie-ws\/"},{"id":384820,"cdmm_p_id":"504048","name":"Syst\u00e8me de mesure de voile ultrasonique","description":"","thumbnail":"https:\/\/dev.codekraft.it\/rotary-2024\/wp-content\/uploads\/brb_media\/00509273_wheel-balancer-gar338-mi-150x150.png","url":"https:\/\/dev.codekraft.it\/rotary-2024\/fr\/produits\/accessoires-service-de-pneus-fr\/accessoires-equilibreuses-de-roue-fr\/systeme-de-mesure-de-voile-ultrasonique\/"},{"id":382985,"cdmm_p_id":"501939","name":"Antenne pour connexion Wi-Fi et activation de la fonction de connexion","description":"","thumbnail":"","url":"https:\/\/dev.codekraft.it\/rotary-2024\/fr\/produits\/accessoires-service-de-pneus-fr\/accessoires-equilibreuses-de-roue-fr\/antenne-pour-connexion-wi-fi-et-activation-de-la-fonction-de-connexion\/"},{"id":383709,"cdmm_p_id":"502270","name":"\u00c9crou \u00e0 serrage rapide avec bague de pression","description":"Double centrage, frette de serrage rapide","thumbnail":"https:\/\/dev.codekraft.it\/rotary-2024\/wp-content\/uploads\/brb_media\/00509256_wheel-balancer-gar101-mi-150x150.png","url":"https:\/\/dev.codekraft.it\/rotary-2024\/fr\/produits\/accessoires-service-de-pneus-fr\/accessoires-equilibreuses-de-roue-fr\/ecrou-a-serrage-rapide-avec-bague-de-pression\/"},{"id":383059,"cdmm_p_id":"501968","name":"\u00c9crou \u00e0 serrage pour voitures particuli\u00e8res | avec bague de pression","description":"Double centrage, frette de serrage","thumbnail":"https:\/\/dev.codekraft.it\/rotary-2024\/wp-content\/uploads\/brb_media\/00506557_gar104-150x150.png","url":"https:\/\/dev.codekraft.it\/rotary-2024\/fr\/produits\/accessoires-service-de-pneus-fr\/accessoires-equilibreuses-de-roue-fr\/ecrou-a-serrage-pour-voitures-particulieres-avec-bague-de-pression\/"},{"id":383388,"cdmm_p_id":"502129","name":"\u00c9crou \u00e0 serrage avec volant et bague de pression | pour voitures particuli\u00e8res","description":"Double centrage, frette de serrage \u00e0 volant","thumbnail":"https:\/\/dev.codekraft.it\/rotary-2024\/wp-content\/uploads\/brb_media\/00506558_gar105-mi-150x150.png","url":"https:\/\/dev.codekraft.it\/rotary-2024\/fr\/produits\/accessoires-service-de-pneus-fr\/accessoires-equilibreuses-de-roue-fr\/ecrou-a-serrage-avec-volant-et-bague-de-pression-pour-voitures-particulieres\/"},{"id":383456,"cdmm_p_id":"502165","name":"C\u00f4nes de centrage de pr\u00e9cision \u00d8 42,5 &#8211; 78 mm","description":"Pour equilibreuses de roue | 1 jeu \/ 5 pi\u00e8ces","thumbnail":"https:\/\/dev.codekraft.it\/rotary-2024\/wp-content\/uploads\/brb_media\/00506571_gar155-150x150.png","url":"https:\/\/dev.codekraft.it\/rotary-2024\/fr\/produits\/accessoires-service-de-pneus-fr\/accessoires-equilibreuses-de-roue-fr\/cones-de-centrage-de-precision-o-425-78-mm\/"},{"id":380269,"cdmm_p_id":"482580","name":"Disque de protection de roue","description":"","thumbnail":"https:\/\/dev.codekraft.it\/rotary-2024\/wp-content\/uploads\/brb_media\/00506564_gar121-150x150.png","url":"https:\/\/dev.codekraft.it\/rotary-2024\/fr\/produits\/accessoires-service-de-pneus-fr\/accessoires-equilibreuses-de-roue-fr\/disque-de-protection-de-roue\/"},{"id":380239,"cdmm_p_id":"482565","name":"Plaque de serrage de type Universel | pour jantes 3\/4\/5-trous \u00e0 centre ferm\u00e9","description":"Bride universelle pour roues \u00e0 jante pleine | incl. calibre d'entraxe trous","thumbnail":"https:\/\/dev.codekraft.it\/rotary-2024\/wp-content\/uploads\/brb_media\/00509262_wheel-balancer-gar131h-mi-150x150.png","url":"https:\/\/dev.codekraft.it\/rotary-2024\/fr\/produits\/accessoires-service-de-pneus-fr\/accessoires-equilibreuses-de-roue-fr\/plaque-de-serrage-de-type-universel-pour-jantes-3-4-5-trous-a-centre-ferme\/"},{"id":380251,"cdmm_p_id":"482576","name":"Bagues de centrage","description":"Pour Renault | \u00d8 60 \/ 66 mm | 1 jeu \/ 2 pi\u00e8ces","thumbnail":"https:\/\/dev.codekraft.it\/rotary-2024\/wp-content\/uploads\/brb_media\/00509264_wheel-balancer-gar147n-mi-150x150.png","url":"https:\/\/dev.codekraft.it\/rotary-2024\/fr\/produits\/accessoires-service-de-pneus-fr\/accessoires-equilibreuses-de-roue-fr\/bagues-de-centrage\/"},{"id":380257,"cdmm_p_id":"482577","name":"Bagues de centrage","description":"Pour Renault Trafic Master, incl. entretoise | \u00d8 71 \/ 88,9 \/ 129,9 mm | 1 jeu \/ 3 pi\u00e8ces","thumbnail":"https:\/\/dev.codekraft.it\/rotary-2024\/wp-content\/uploads\/brb_media\/00509266_wheel-balancer-gar220-mi-150x150.png","url":"https:\/\/dev.codekraft.it\/rotary-2024\/fr\/produits\/accessoires-service-de-pneus-fr\/accessoires-equilibreuses-de-roue-fr\/bagues-de-centrage-2\/"},{"id":380245,"cdmm_p_id":"482566","name":"Bagues de centrage pour PSA | 2 \u00e9tages","description":"For GAR131H, incl. entretoise | 1 jeu \/ 4 pi\u00e8ces","thumbnail":"https:\/\/dev.codekraft.it\/rotary-2024\/wp-content\/uploads\/brb_media\/00509265_wheel-balancer-gar150h-mi-150x150.png","url":"https:\/\/dev.codekraft.it\/rotary-2024\/fr\/produits\/accessoires-service-de-pneus-fr\/accessoires-equilibreuses-de-roue-fr\/bagues-de-centrage-pour-psa-2-etages\/"},{"id":380263,"cdmm_p_id":"482579","name":"Plaque de serrage de type pour jantes 5 trous BMW | 112 &#8211; 120 mm","description":"Flasque \u00e0 5 tiges, incl. anneau de centrage \u00d8 66,5 mm | pour tous les models","thumbnail":"https:\/\/dev.codekraft.it\/rotary-2024\/wp-content\/uploads\/brb_media\/00506584_gar357-01-150x150.png","url":"https:\/\/dev.codekraft.it\/rotary-2024\/fr\/produits\/accessoires-service-de-pneus-fr\/accessoires-equilibreuses-de-roue-fr\/plaque-de-serrage-de-type-pour-jantes-5-trous-bmw-112-120-mm\/"},{"id":382703,"cdmm_p_id":"501816","name":"Bague de centrage pour BMW, Mercedes Benz, Audi, Opel | \u00e0 degr\u00e9s | \u00d8 56 &#8211; 57 &#8211; 66,5 &#8211; 72,5 &#8211; 72,6 &#8211; 74 &#8211; 74,1 mm","description":"","thumbnail":"https:\/\/dev.codekraft.it\/rotary-2024\/wp-content\/uploads\/brb_media\/00430978_wheel-balancer-centering-cone-step-shaped-di-gar148n-150x150.png","url":"https:\/\/dev.codekraft.it\/rotary-2024\/fr\/produits\/accessoires-service-de-pneus-fr\/accessoires-equilibreuses-de-roue-fr\/bague-de-centrage-pour-bmw-mercedes-benz-audi-opel-a-degres-o-56-57-665-725-726-74-741-mm\/"},{"id":380300,"cdmm_p_id":"482599","name":"Arbre de centrage pour motos | \u00d8 10 mm","description":"\u00c9quip\u00e9 avec flasque, 2 c\u00f4nes, 6 entretoises et 2 bagues | GAR181N ou GAR354 n\u00e9cessaire","thumbnail":"https:\/\/dev.codekraft.it\/rotary-2024\/wp-content\/uploads\/brb_media\/00506574_gar182n-150x150.png","url":"https:\/\/dev.codekraft.it\/rotary-2024\/fr\/produits\/accessoires-service-de-pneus-fr\/accessoires-equilibreuses-de-roue-fr\/arbre-de-centrage-pour-motos-o-10-mm\/"},{"id":380306,"cdmm_p_id":"482600","name":"Arbre de centrage pour motos | \u00d8 12 mm","description":"\u00c9quip\u00e9 avec flasque, 2 c\u00f4nes, 6 entretoises et 2 bagues | GAR181N ou GAR354 n\u00e9cessaire","thumbnail":"https:\/\/dev.codekraft.it\/rotary-2024\/wp-content\/uploads\/brb_media\/00506574_gar182n-150x150.png","url":"https:\/\/dev.codekraft.it\/rotary-2024\/fr\/produits\/accessoires-service-de-pneus-fr\/accessoires-equilibreuses-de-roue-fr\/arbre-de-centrage-pour-motos-o-12-mm\/"},{"id":380312,"cdmm_p_id":"482601","name":"Arbre de centrage pour motos | long, \u00d8 14 mm","description":"\u00c9quip\u00e9 avec long flasque (318 mm), 2 entretoises et \u00e9crou de serrage | GAR181N ou GAR354 n\u00e9cessaire","thumbnail":"https:\/\/dev.codekraft.it\/rotary-2024\/wp-content\/uploads\/brb_media\/00506594_gar184n-150x150.png","url":"https:\/\/dev.codekraft.it\/rotary-2024\/fr\/produits\/accessoires-service-de-pneus-fr\/accessoires-equilibreuses-de-roue-fr\/arbre-de-centrage-pour-motos-long-o-14-mm\/"},{"id":380318,"cdmm_p_id":"482603","name":"Bagues de centrage pour bride universelle moto","description":"Manchons | GAR354 ou GAR181N requis | 1 jeu \/ 18 pi\u00e8ces","thumbnail":"https:\/\/dev.codekraft.it\/rotary-2024\/wp-content\/uploads\/brb_media\/00506573_gar181an-150x150.png","url":"https:\/\/dev.codekraft.it\/rotary-2024\/fr\/produits\/accessoires-service-de-pneus-fr\/accessoires-equilibreuses-de-roue-fr\/bagues-de-centrage-pour-bride-universelle-moto\/"},{"id":380324,"cdmm_p_id":"482604","name":"C\u00f4nes de centrage pour scooter | \u00d8 16 &#8211; 45 mm | 1 jeu \/ 2 pi\u00e8ces","description":"GAR354 ou GAR181N requis","thumbnail":"https:\/\/dev.codekraft.it\/rotary-2024\/wp-content\/uploads\/brb_media\/00431002_wheel-balancer-centering-cone-motorcycles-di-gar183n-150x150.png","url":"https:\/\/dev.codekraft.it\/rotary-2024\/fr\/produits\/accessoires-service-de-pneus-fr\/accessoires-equilibreuses-de-roue-fr\/cones-de-centrage-pour-scooter-o-16-45-mm-1-jeu-2-pieces\/"},{"id":383906,"cdmm_p_id":"502337","name":"C\u00f4ne de centrage BMW","description":"Manchon de centrage BMW | option pour bride universelle GAR181N ou GAR191N","thumbnail":"https:\/\/dev.codekraft.it\/rotary-2024\/wp-content\/uploads\/brb_media\/00506576_gar192n-150x150.png","url":"https:\/\/dev.codekraft.it\/rotary-2024\/fr\/produits\/accessoires-service-de-pneus-fr\/accessoires-equilibreuses-de-roue-fr\/cone-de-centrage-bmw\/"},{"id":380330,"cdmm_p_id":"482606","name":"C\u00f4ne de centrage pour Ducati 916-996-996-998-Monster SR2-SR4","description":"Manchon de centrage | option pour bride universelle GAR181N ou GAR191N","thumbnail":"https:\/\/dev.codekraft.it\/rotary-2024\/wp-content\/uploads\/brb_media\/00506593_gar193n-150x150.png","url":"https:\/\/dev.codekraft.it\/rotary-2024\/fr\/produits\/accessoires-service-de-pneus-fr\/accessoires-equilibreuses-de-roue-fr\/cone-de-centrage-pour-ducati-916-996-996-998-monster-sr2-sr4\/"},{"id":380336,"cdmm_p_id":"482607","name":"C\u00f4ne de centrage pour Honda NTV 650 REVERE","description":"Manchon de centrage | option pour bride universelle GAR181N ou GAR191N","thumbnail":"https:\/\/dev.codekraft.it\/rotary-2024\/wp-content\/uploads\/brb_media\/00506591_gar194n-150x150.png","url":"https:\/\/dev.codekraft.it\/rotary-2024\/fr\/produits\/accessoires-service-de-pneus-fr\/accessoires-equilibreuses-de-roue-fr\/cone-de-centrage-pour-honda-ntv-650-revere\/"},{"id":380342,"cdmm_p_id":"482608","name":"C\u00f4ne de centrage pour Honda VFR 750","description":"Manchon de centrage | option pour bride universelle GAR181N ou GAR191N","thumbnail":"https:\/\/dev.codekraft.it\/rotary-2024\/wp-content\/uploads\/brb_media\/00506592_gar195n-150x150.png","url":"https:\/\/dev.codekraft.it\/rotary-2024\/fr\/produits\/accessoires-service-de-pneus-fr\/accessoires-equilibreuses-de-roue-fr\/cone-de-centrage-pour-honda-vfr-750\/"},{"id":380348,"cdmm_p_id":"482609","name":"C\u00f4ne de centrage pour Yamaha GTS 1000","description":"Manchon de centrage | option pour bride universelle GAR181N ou GAR191N","thumbnail":"https:\/\/dev.codekraft.it\/rotary-2024\/wp-content\/uploads\/brb_media\/00506590_gar196n-150x150.png","url":"https:\/\/dev.codekraft.it\/rotary-2024\/fr\/produits\/accessoires-service-de-pneus-fr\/accessoires-equilibreuses-de-roue-fr\/cone-de-centrage-pour-yamaha-gts-1000\/"},{"id":380354,"cdmm_p_id":"482610","name":"C\u00f4nes de centrage pour Harley Davidson | 1 jeu \/ 2 pi\u00e8ces","description":"Manchons de centrage | option pour bride universelle GAR181N ou GAR191N","thumbnail":"https:\/\/dev.codekraft.it\/rotary-2024\/wp-content\/uploads\/brb_media\/00506577_gar197-150x150.png","url":"https:\/\/dev.codekraft.it\/rotary-2024\/fr\/produits\/accessoires-service-de-pneus-fr\/accessoires-equilibreuses-de-roue-fr\/cones-de-centrage-pour-harley-davidson-1-jeu-2-pieces\/"},{"id":380360,"cdmm_p_id":"482611","name":"C\u00f4nes de centrage pour Suzuki GSX R","description":"Option pour bride universelle GAR181N ou GAR191N | 1 jeu \/ 6 pi\u00e8ces","thumbnail":"https:\/\/dev.codekraft.it\/rotary-2024\/wp-content\/uploads\/brb_media\/00431008_wheel-balancer-centering-cone-suzuki-di-gar198n-150x150.png","url":"https:\/\/dev.codekraft.it\/rotary-2024\/fr\/produits\/accessoires-service-de-pneus-fr\/accessoires-equilibreuses-de-roue-fr\/cones-de-centrage-pour-suzuki-gsx-r\/"},{"id":380939,"cdmm_p_id":"495460","name":"Support de rouleau pour masses adh\u00e9sives","description":"","thumbnail":"https:\/\/dev.codekraft.it\/rotary-2024\/wp-content\/uploads\/brb_media\/00549234_wheel-balancers-gar375-mi-150x150.png","url":"https:\/\/dev.codekraft.it\/rotary-2024\/fr\/produits\/accessoires-service-de-pneus-fr\/accessoires-equilibreuses-de-roue-fr\/support-de-rouleau-pour-masses-adhesives\/"}],"components":[],"related":[],"similar":[{"id":385142,"cdmm_p_id":"505203","name":"\u00c9quilibreuse \u00e9lectronique num\u00e9rique Librak390P.3DTEC (gris)","description":"3D, \u00e9cran tactile 22\u2033, syst\u00e8me \u00ab\u00a03DTEC\u00a0\u00bb pour la d\u00e9tection automatique du profil de la jante, sonar pour la d\u00e9tection de l'excentricit\u00e9 de la bande de roulement, incl. c\u00f4nes pour voitures, voiture de tourisme, diam\u00e8tre de la jante 10 - 30\u2033, diam\u00e8tre de roue max. 44\u2033, TEq-Link | Gris (RAL 7016)","thumbnail":"https:\/\/dev.codekraft.it\/rotary-2024\/wp-content\/uploads\/brb_media\/00535666_wheel-balancer-librak390p3dtec-ral7016-mi-01-150x150.png","url":"https:\/\/dev.codekraft.it\/rotary-2024\/fr\/produits\/service-de-pneus-fr\/equilibreuses-des-roues-fr\/equilibreuse-electronique-numerique-librak390p-3dtec-gris\/"}],"lang":"fr","translations":{"fr":385136,"en":385134,"de":385135,"it":385137,"es":385138,"ru":385139},"pll_sync_post":[],"_links":{"self":[{"href":"https:\/\/dev.codekraft.it\/rotary-2024\/wp-json\/wp\/v2\/product\/385136","targetHints":{"allow":["GET"]}}],"collection":[{"href":"https:\/\/dev.codekraft.it\/rotary-2024\/wp-json\/wp\/v2\/product"}],"about":[{"href":"https:\/\/dev.codekraft.it\/rotary-2024\/wp-json\/wp\/v2\/types\/product"}],"wp:featuredmedia":[{"embeddable":true,"href":"https:\/\/dev.codekraft.it\/rotary-2024\/wp-json\/wp\/v2\/media\/375393"}],"wp:attachment":[{"href":"https:\/\/dev.codekraft.it\/rotary-2024\/wp-json\/wp\/v2\/media?parent=385136"}],"wp:term":[{"taxonomy":"product_cat","embeddable":true,"href":"https:\/\/dev.codekraft.it\/rotary-2024\/wp-json\/wp\/v2\/product_cat?post=385136"},{"taxonomy":"product_tag","embeddable":true,"href":"https:\/\/dev.codekraft.it\/rotary-2024\/wp-json\/wp\/v2\/product_tag?post=385136"},{"taxonomy":"product_approvals","embeddable":true,"href":"https:\/\/dev.codekraft.it\/rotary-2024\/wp-json\/wp\/v2\/product_approvals?post=385136"},{"taxonomy":"product_application","embeddable":true,"href":"https:\/\/dev.codekraft.it\/rotary-2024\/wp-json\/wp\/v2\/product_application?post=385136"}],"curies":[{"name":"wp","href":"https:\/\/api.w.org\/{rel}","templated":true}]}}