{"id":385124,"date":"2025-12-11T10:10:51","date_gmt":"2025-12-11T10:10:51","guid":{"rendered":"https:\/\/dev.codekraft.it\/rotary-2024\/products\/uncategorized\/ponts-elevateurs-a-colonnes-mobiles-combinaison-hydrolift-agrar-iii\/"},"modified":"2025-12-11T10:10:51","modified_gmt":"2025-12-11T10:10:51","slug":"ponts-elevateurs-a-colonnes-mobiles-combinaison-hydrolift-agrar-iii","status":"publish","type":"product","link":"https:\/\/dev.codekraft.it\/rotary-2024\/fr\/produits\/ponts-elevateurs-fr\/ponts-elevateurs-a-colonnes-mobiles-fr\/ponts-elevateurs-a-colonnes-mobiles-combinaison-hydrolift-agrar-iii\/","title":{"rendered":"Ponts el\u00e9vateurs \u00e0 colonnes mobiles combinaison HydroLift Agrar III"},"content":{"rendered":"<p>Le syst\u00e8me de serre-roues de Blitz est un m\u00e9lange parfait de flexibilit\u00e9 et de stabilit\u00e9. Lib\u00e8re de l\u2019espace optimisez l\u2019utilisation de votre espace, dans l\u2019atelier et dehors.<\/p>\n<ul>\n<li>Double protection contre la surcharge<\/li>\n<li>Contr\u00f4le intuitif<\/li>\n<li>Changement de position plus rapide gr\u00e2ce aux chariots \u00e9l\u00e9vateurs<\/li>\n<\/ul>\n<ul>\n<li>Le contr\u00f4le de la synchronisation garantit une synchronisation parfaite entre toutes les unit\u00e9s de levage &#8211; m\u00eame en cas de distribution de charge non \u00e9quilibr\u00e9e.<\/li>\n<li>Hydro Protect : Le cylindre de levage est prot\u00e9g\u00e9 contre les influences ext\u00e9rieures dans le chariot de levage. Le moteur et les unit\u00e9s hydrauliques sont totalement couverts.<\/li>\n<li>Le profil FS unique offre une protection optimale du moyeu de roue.<\/li>\n<li>Pas de colonne principale &#8211;\u00a0Toutes les fonctions sont disponibles dans chaque colonne de serre-roue.<\/li>\n<li>La combinaison de rouleaux \u00e0 faible frottement et d&#8217;une barre de traction hydraulique facilitent l&#8217;installation sur le lieu de travail.<\/li>\n<li>Chaque unit\u00e9 de levage est \u00e9quip\u00e9e d\u2019un bouton d&#8217;arr\u00eat d\u2019urgence.<\/li>\n<li>Symboles simples \u00e0 comprendre et boutons-poussoirs organis\u00e9s de mani\u00e8re claire pour simplifier l\u2019utilisation. Les mises \u00e0 jour logicielles sont effectu\u00e9es via une carte SD de 2 Go.<\/li>\n<li>La production \u00e0 grande \u00e9chelle dans nos usines de production certifi\u00e9es ISO assure une haute qualit\u00e9 de fabrication constante.<\/li>\n<\/ul>\n<ul>\n<li>Le chariot \u00e9l\u00e9vateur VARIO assure la compatibilit\u00e9 avec diff\u00e9rentes tailles de pneu, sans adaptateur suppl\u00e9mentaire &#8211; et, bien s\u00fbr, Super-Single<\/li>\n<li>La barre de traction hydraulique est standard<\/li>\n<li>Les adaptateurs de chariot \u00e9l\u00e9vateur permettent un transport rapide et ais\u00e9 des serres-roues dans l\u2019atelier<\/li>\n<li>Le profile FS unique offre une protection optimale pour le moyeu de la roue<\/li>\n<li>Contr\u00f4le intuitif avec contr\u00f4les clairement organis\u00e9s<\/li>\n<\/ul>\n","protected":false},"excerpt":{"rendered":"<p>2 x 5,0 t + 1 x 8,2 t, \u00e9lectrohydraulique, sans fil, fonctionnement \u00e0 batterie | Combinaison de 3 pi\u00e8ces, compos\u00e9e des ponts el\u00e9vateurs \u00e0 colonnes mobiles HydroLift S2 Agrar 2-5 (N\u00b0 article 128255) et HydroLift S3 1-8,2 (N\u00b0 article 128536) | Gris (RAL 7016)<\/p>\n","protected":false},"featured_media":353166,"template":"","meta":[],"product_cat":[1033808],"product_tag":[1034145,1034128,1034197,1034262,1034180,1034231,1034214],"product_approvals":[],"product_application":[],"class_list":{"0":"post-385124","1":"product","2":"type-product","3":"status-publish","4":"has-post-thumbnail","6":"product_cat-ponts-elevateurs-a-colonnes-mobiles-fr","7":"product_tag-buses-fr","8":"product_tag-trucks-fr","9":"product_tag-motor-homes-fr","10":"product_tag-remorques-fr","11":"product_tag-light-commercial-fr","12":"product_tag-tracked-vehicles-fr","13":"product_tag-agricultural-machines-fr","15":"first","16":"instock","17":"shipping-taxable","18":"product-type-simple"},"approvals":[],"application":[],"brb_media_brochure":[{"id":353167,"url":"https:\/\/dev.codekraft.it\/rotary-2024\/wp-content\/uploads\/brb_media\/00439633_mobile-column-lift-hydrolift-s2-agrar-big-foot-br-129211-de-2020-10_screen.pdf","title":"mobile column lift hydrolift s2 agrar big foot br 129211 de 2020 10 screen","thumbnail":"https:\/\/dev.codekraft.it\/rotary-2024\/wp-content\/uploads\/brb_media\/00439633_mobile-column-lift-hydrolift-s2-agrar-big-foot-br-129211-de-2020-10_screen-pdf-106x150.png","description":""},{"id":353168,"url":"https:\/\/dev.codekraft.it\/rotary-2024\/wp-content\/uploads\/brb_media\/00439634_mobile-column-lift-hydrolift-s2-agrar-big-foot-br-129212-en-2020-10_screen.pdf","title":"mobile column lift hydrolift s2 agrar big foot br 129212 en 2020 10 screen","thumbnail":"https:\/\/dev.codekraft.it\/rotary-2024\/wp-content\/uploads\/brb_media\/00439634_mobile-column-lift-hydrolift-s2-agrar-big-foot-br-129212-en-2020-10_screen-pdf-106x150.png","description":""},{"id":353169,"url":"https:\/\/dev.codekraft.it\/rotary-2024\/wp-content\/uploads\/brb_media\/00439635_mobile-column-lift-hydrolift-s2-agrar-big-foot-br-129213-fr-2020-10_screen.pdf","title":"mobile column lift hydrolift s2 agrar big foot br 129213 fr 2020 10 screen","thumbnail":"https:\/\/dev.codekraft.it\/rotary-2024\/wp-content\/uploads\/brb_media\/00439635_mobile-column-lift-hydrolift-s2-agrar-big-foot-br-129213-fr-2020-10_screen-pdf-106x150.png","description":""},{"id":353170,"url":"https:\/\/dev.codekraft.it\/rotary-2024\/wp-content\/uploads\/brb_media\/00439636_mobile-column-lift-hydrolift-s2-agrar-big-foot-br-129214-it-2020-10_screen.pdf","title":"mobile column lift hydrolift s2 agrar big foot br 129214 it 2020 10 screen","thumbnail":"https:\/\/dev.codekraft.it\/rotary-2024\/wp-content\/uploads\/brb_media\/00439636_mobile-column-lift-hydrolift-s2-agrar-big-foot-br-129214-it-2020-10_screen-pdf-106x150.png","description":""},{"id":353171,"url":"https:\/\/dev.codekraft.it\/rotary-2024\/wp-content\/uploads\/brb_media\/00439637_mobile-column-lift-hydrolift-s2-agrar-big-foot-br-129215-es-2020-10_screen.pdf","title":"mobile column lift hydrolift s2 agrar big foot br 129215 es 2020 10 screen","thumbnail":"https:\/\/dev.codekraft.it\/rotary-2024\/wp-content\/uploads\/brb_media\/00439637_mobile-column-lift-hydrolift-s2-agrar-big-foot-br-129215-es-2020-10_screen-pdf-106x150.png","description":""},{"id":353172,"url":"https:\/\/dev.codekraft.it\/rotary-2024\/wp-content\/uploads\/brb_media\/00439638_mobile-column-lift-hydrolift-s2-agrar-big-foot-br-129216-ru-2020-10_screen.pdf","title":"mobile column lift hydrolift s2 agrar big foot br 129216 ru 2020 10 screen","thumbnail":"https:\/\/dev.codekraft.it\/rotary-2024\/wp-content\/uploads\/brb_media\/00439638_mobile-column-lift-hydrolift-s2-agrar-big-foot-br-129216-ru-2020-10_screen-pdf-106x150.png","description":""},{"id":351511,"url":"https:\/\/dev.codekraft.it\/rotary-2024\/wp-content\/uploads\/brb_media\/00415962_mobile-column-lift-hydrolift-s2-8-2-126443-de-2019-06-screen.pdf","title":"mobile column lift hydrolift s2 8 2 126443 de 2019 06 screen","thumbnail":"https:\/\/dev.codekraft.it\/rotary-2024\/wp-content\/uploads\/brb_media\/00415962_mobile-column-lift-hydrolift-s2-8-2-126443-de-2019-06-screen-pdf-106x150.png","description":""},{"id":351512,"url":"https:\/\/dev.codekraft.it\/rotary-2024\/wp-content\/uploads\/brb_media\/00415963_mobile-column-lift-hydrolift-s2-8-2-126444-en-2019-06-screen.pdf","title":"mobile column lift hydrolift s2 8 2 126444 en 2019 06 screen","thumbnail":"https:\/\/dev.codekraft.it\/rotary-2024\/wp-content\/uploads\/brb_media\/00415963_mobile-column-lift-hydrolift-s2-8-2-126444-en-2019-06-screen-pdf-106x150.png","description":""},{"id":351513,"url":"https:\/\/dev.codekraft.it\/rotary-2024\/wp-content\/uploads\/brb_media\/00415965_mobile-column-lift-hydrolift-s2-8-2-126445-fr-2019-06-screen.pdf","title":"mobile column lift hydrolift s2 8 2 126445 fr 2019 06 screen","thumbnail":"https:\/\/dev.codekraft.it\/rotary-2024\/wp-content\/uploads\/brb_media\/00415965_mobile-column-lift-hydrolift-s2-8-2-126445-fr-2019-06-screen-pdf-106x150.png","description":""},{"id":351514,"url":"https:\/\/dev.codekraft.it\/rotary-2024\/wp-content\/uploads\/brb_media\/00415972_mobile-column-lift-hydrolift-s2-8-2-126446-it-2019-06-screen.pdf","title":"mobile column lift hydrolift s2 8 2 126446 it 2019 06 screen","thumbnail":"https:\/\/dev.codekraft.it\/rotary-2024\/wp-content\/uploads\/brb_media\/00415972_mobile-column-lift-hydrolift-s2-8-2-126446-it-2019-06-screen-pdf-106x150.png","description":""},{"id":351515,"url":"https:\/\/dev.codekraft.it\/rotary-2024\/wp-content\/uploads\/brb_media\/00415973_mobile-column-lift-hydrolift-s2-8-2-126447-es-2019-06-screen.pdf","title":"mobile column lift hydrolift s2 8 2 126447 es 2019 06 screen","thumbnail":"https:\/\/dev.codekraft.it\/rotary-2024\/wp-content\/uploads\/brb_media\/00415973_mobile-column-lift-hydrolift-s2-8-2-126447-es-2019-06-screen-pdf-106x150.png","description":""},{"id":351516,"url":"https:\/\/dev.codekraft.it\/rotary-2024\/wp-content\/uploads\/brb_media\/00415974_mobile-column-lift-hydrolift-s2-8-2-126448-ru-2019-06-screen.pdf","title":"mobile column lift hydrolift s2 8 2 126448 ru 2019 06 screen","thumbnail":"https:\/\/dev.codekraft.it\/rotary-2024\/wp-content\/uploads\/brb_media\/00415974_mobile-column-lift-hydrolift-s2-8-2-126448-ru-2019-06-screen-pdf-106x150.png","description":""}],"brb_media_drawing":"","brb_media_manuals":[{"id":353173,"url":"https:\/\/dev.codekraft.it\/rotary-2024\/wp-content\/uploads\/brb_media\/00225741_mobile-column-lift-hydrolift-s2-8-2c2-om-sp-117725-de-2013-03-rev-d.pdf","title":"mobile column lift hydrolift s2 8 2c2 om sp 117725 de 2013 03 rev d","thumbnail":"https:\/\/dev.codekraft.it\/rotary-2024\/wp-content\/uploads\/brb_media\/00225741_mobile-column-lift-hydrolift-s2-8-2c2-om-sp-117725-de-2013-03-rev-d-pdf-116x150.png","description":""},{"id":353174,"url":"https:\/\/dev.codekraft.it\/rotary-2024\/wp-content\/uploads\/brb_media\/00225742_mobile-column-lift-hydrolift-s2-8-2c2-om-sp-117726-en-2013-03-rev-d.pdf","title":"mobile column lift hydrolift s2 8 2c2 om sp 117726 en 2013 03 rev d","thumbnail":"https:\/\/dev.codekraft.it\/rotary-2024\/wp-content\/uploads\/brb_media\/00225742_mobile-column-lift-hydrolift-s2-8-2c2-om-sp-117726-en-2013-03-rev-d-pdf-116x150.png","description":""},{"id":353175,"url":"https:\/\/dev.codekraft.it\/rotary-2024\/wp-content\/uploads\/brb_media\/00225744_mobile-column-lift-hydrolift-s2-8-2c2-om-sp-117727-fr-2013-03-rev-d.pdf","title":"mobile column lift hydrolift s2 8 2c2 om sp 117727 fr 2013 03 rev d","thumbnail":"https:\/\/dev.codekraft.it\/rotary-2024\/wp-content\/uploads\/brb_media\/00225744_mobile-column-lift-hydrolift-s2-8-2c2-om-sp-117727-fr-2013-03-rev-d-pdf-116x150.png","description":""},{"id":353176,"url":"https:\/\/dev.codekraft.it\/rotary-2024\/wp-content\/uploads\/brb_media\/00225743_mobile-column-lift-hydrolift-s2-8-2c2-om-sp-117728-es-2013-03-rev-d.pdf","title":"mobile column lift hydrolift s2 8 2c2 om sp 117728 es 2013 03 rev d","thumbnail":"https:\/\/dev.codekraft.it\/rotary-2024\/wp-content\/uploads\/brb_media\/00225743_mobile-column-lift-hydrolift-s2-8-2c2-om-sp-117728-es-2013-03-rev-d-pdf-116x150.png","description":""},{"id":353177,"url":"https:\/\/dev.codekraft.it\/rotary-2024\/wp-content\/uploads\/brb_media\/00225745_mobile-column-lift-hydrolift-s2-8-2c2-om-sp-117729-it-2013-03-rev-d.pdf","title":"mobile column lift hydrolift s2 8 2c2 om sp 117729 it 2013 03 rev d","thumbnail":"https:\/\/dev.codekraft.it\/rotary-2024\/wp-content\/uploads\/brb_media\/00225745_mobile-column-lift-hydrolift-s2-8-2c2-om-sp-117729-it-2013-03-rev-d-pdf-116x150.png","description":""},{"id":353178,"url":"https:\/\/dev.codekraft.it\/rotary-2024\/wp-content\/uploads\/brb_media\/00225747_mobile-column-lift-hydrolift-s2-8-2c2-om-sp-117730-ru-2013-03-rev-d.pdf","title":"mobile column lift hydrolift s2 8 2c2 om sp 117730 ru 2013 03 rev d","thumbnail":"https:\/\/dev.codekraft.it\/rotary-2024\/wp-content\/uploads\/brb_media\/00225747_mobile-column-lift-hydrolift-s2-8-2c2-om-sp-117730-ru-2013-03-rev-d-pdf-116x150.png","description":""},{"id":351519,"url":"https:\/\/dev.codekraft.it\/rotary-2024\/wp-content\/uploads\/brb_media\/00510172_mobile-column-lift-hydrolift-62-75-82-om-sp-126746-multi-2022-11-revd.pdf","title":"Mobile column lift HydroLift 6,2 7,5 8,2 OM SP 126746 multi 2022 11 RevD","thumbnail":"https:\/\/dev.codekraft.it\/rotary-2024\/wp-content\/uploads\/brb_media\/00510172_mobile-column-lift-hydrolift-62-75-82-om-sp-126746-multi-2022-11-revd-pdf-106x150.png","description":""},{"id":351520,"url":"https:\/\/dev.codekraft.it\/rotary-2024\/wp-content\/uploads\/brb_media\/00406390_mobile-column-lift-hydrolift-s2-8-2c2-om-sp-no-2018-08-rev-e.pdf","title":"mobile column lift hydrolift s2 8 2c2 om sp no 2018 08 rev e","thumbnail":"https:\/\/dev.codekraft.it\/rotary-2024\/wp-content\/uploads\/brb_media\/00406390_mobile-column-lift-hydrolift-s2-8-2c2-om-sp-no-2018-08-rev-e-pdf-116x150.png","description":""}],"brb_media_safety_datasheets":"","brb_media_spare_parts":[],"_cdmm_p_id":"505198","_company":"Elektron","_gtin":"4057612914429","accessories":[{"id":379879,"cdmm_p_id":"472545","name":"Adaptateurs avant et arri\u00e8re pour HydroLift","description":"16,4 t | pour le levage de diff\u00e9rents types de tracteurs, incl. adaptateurs agricoles","thumbnail":"https:\/\/dev.codekraft.it\/rotary-2024\/wp-content\/uploads\/brb_media\/00398680_hydrolift_122510_front_adapter_di-150x150.png","url":"https:\/\/dev.codekraft.it\/rotary-2024\/fr\/produits\/accessoires-ponts-elevateurs-fr\/accessoires-ponts-elevateurs-a-colonnes-mobiles-fr\/adaptateurs-avant-et-arriere-pour-hydrolift\/"},{"id":381049,"cdmm_p_id":"497203","name":"Kit de rampes d&#039;acc\u00e8s","description":"Rampes pour chariot \u00e9l\u00e9vateur, acc\u00e8s d'un seul c\u00f4t\u00e9 | Gris (RAL 7012)","thumbnail":"https:\/\/dev.codekraft.it\/rotary-2024\/wp-content\/uploads\/brb_media\/00507162_m140124_002-150x150.jpg","url":"https:\/\/dev.codekraft.it\/rotary-2024\/fr\/produits\/accessoires-ponts-elevateurs-fr\/accessoires-ponts-elevateurs-a-colonnes-mobiles-fr\/kit-de-rampes-dacces-3\/"},{"id":381055,"cdmm_p_id":"497204","name":"Kit de rampes d&#039;acc\u00e8s","description":"Rampes pour chariot \u00e9l\u00e9vateur, passage des deux c\u00f4t\u00e9s | Gris (RAL 7012)","thumbnail":"https:\/\/dev.codekraft.it\/rotary-2024\/wp-content\/uploads\/brb_media\/00507164_m140yyy_001-150x150.jpg","url":"https:\/\/dev.codekraft.it\/rotary-2024\/fr\/produits\/accessoires-ponts-elevateurs-fr\/accessoires-ponts-elevateurs-a-colonnes-mobiles-fr\/kit-de-rampes-dacces-4\/"},{"id":381061,"cdmm_p_id":"497205","name":"Kit de rampes d&#039;acc\u00e8s","description":"Rampes pour chariot \u00e9l\u00e9vateur \u00e0 trois roues, acc\u00e8s d'un seul c\u00f4t\u00e9| Gris (RAL 7012)","thumbnail":"https:\/\/dev.codekraft.it\/rotary-2024\/wp-content\/uploads\/brb_media\/00507163_m140xxx_001-150x150.jpg","url":"https:\/\/dev.codekraft.it\/rotary-2024\/fr\/produits\/accessoires-ponts-elevateurs-fr\/accessoires-ponts-elevateurs-a-colonnes-mobiles-fr\/kit-de-rampes-dacces-5\/"},{"id":381037,"cdmm_p_id":"497201","name":"V\u00e9hicule de transport pour jeu de rampes","description":"Chariot pour kit de rampes d'acc\u00e8s pour chariot \u00e9l\u00e9vateur M140124BG \/ M140127BG","thumbnail":"https:\/\/dev.codekraft.it\/rotary-2024\/wp-content\/uploads\/brb_media\/00489148_m110175bg-mi-150x150.jpg","url":"https:\/\/dev.codekraft.it\/rotary-2024\/fr\/produits\/accessoires-ponts-elevateurs-fr\/accessoires-ponts-elevateurs-a-colonnes-mobiles-fr\/vehicule-de-transport-pour-jeu-de-rampes\/"},{"id":381001,"cdmm_p_id":"497191","name":"SmartCart Agrar","description":"Chariot de transport et de rangement pour le kit adaptateur agricole - Bien rang\u00e9s, les adaptateurs et les \u00e9l\u00e9ments de logement trouvent leur place dans l'atelier","thumbnail":"https:\/\/dev.codekraft.it\/rotary-2024\/wp-content\/uploads\/brb_media\/00414017_smartcart-agrar-mi-150x150.png","url":"https:\/\/dev.codekraft.it\/rotary-2024\/fr\/produits\/accessoires-ponts-elevateurs-fr\/accessoires-ponts-elevateurs-a-colonnes-mobiles-fr\/smartcart-agrar-3\/"},{"id":380096,"cdmm_p_id":"476580","name":"Kit d&#039;\u00e9clairage LED Standard | pour HydroLift 6,2\/7,5\/8,2","description":"Incl. jeu de c\u00e2bles, support et instructions de montage | 2 pi\u00e8ces","thumbnail":"https:\/\/dev.codekraft.it\/rotary-2024\/wp-content\/uploads\/brb_media\/00414016_hydrolift-s3-with-led-new-mi-150x150.png","url":"https:\/\/dev.codekraft.it\/rotary-2024\/fr\/produits\/accessoires-ponts-elevateurs-fr\/accessoires-ponts-elevateurs-a-colonnes-mobiles-fr\/kit-declairage-led-standard-pour-hydrolift-62-75-82\/"},{"id":382949,"cdmm_p_id":"501929","name":"Chevalet d&#039;appui","description":"10000 kg, 1235 - 2040 mm, r\u00e9glable en hauteur par pas de 6 x 100 mm, avec en plus partie sup\u00e9rieure r\u00e9glable en continu (115 mm), 3 roues r\u00e9tractables, support en U et support en prisme (interchangeables), pr\u00eat \u00e0 l'emploi | Gris (RAL 7040)","thumbnail":"https:\/\/dev.codekraft.it\/rotary-2024\/wp-content\/uploads\/brb_media\/00535520_mobile-columns-s270a2-mi-150x150.png","url":"https:\/\/dev.codekraft.it\/rotary-2024\/fr\/produits\/accessoires-ponts-elevateurs-fr\/accessoires-ponts-elevateurs-a-colonnes-mobiles-fr\/chevalet-dappui-2\/"},{"id":382722,"cdmm_p_id":"501897","name":"Chevalet d&#039;appui","description":"10000 kg, 1235 - 2040 mm, r\u00e9glable en hauteur par pas de 6 x 100 mm, avec en plus partie sup\u00e9rieure r\u00e9glable en continu (115 mm), 2 roulettes, support en U et support en prisme (interchangeables) | Gris (RAL 7040)","thumbnail":"https:\/\/dev.codekraft.it\/rotary-2024\/wp-content\/uploads\/brb_media\/00535519_mobile-columns-s270a1-mi-150x150.png","url":"https:\/\/dev.codekraft.it\/rotary-2024\/fr\/produits\/accessoires-ponts-elevateurs-fr\/accessoires-ponts-elevateurs-a-colonnes-mobiles-fr\/chevalet-dappui\/"}],"components":[],"related":[],"similar":[],"lang":"fr","translations":{"fr":385124,"en":385122,"de":385123,"it":385125,"es":385126,"ru":385127},"pll_sync_post":[],"_links":{"self":[{"href":"https:\/\/dev.codekraft.it\/rotary-2024\/wp-json\/wp\/v2\/product\/385124","targetHints":{"allow":["GET"]}}],"collection":[{"href":"https:\/\/dev.codekraft.it\/rotary-2024\/wp-json\/wp\/v2\/product"}],"about":[{"href":"https:\/\/dev.codekraft.it\/rotary-2024\/wp-json\/wp\/v2\/types\/product"}],"wp:featuredmedia":[{"embeddable":true,"href":"https:\/\/dev.codekraft.it\/rotary-2024\/wp-json\/wp\/v2\/media\/353166"}],"wp:attachment":[{"href":"https:\/\/dev.codekraft.it\/rotary-2024\/wp-json\/wp\/v2\/media?parent=385124"}],"wp:term":[{"taxonomy":"product_cat","embeddable":true,"href":"https:\/\/dev.codekraft.it\/rotary-2024\/wp-json\/wp\/v2\/product_cat?post=385124"},{"taxonomy":"product_tag","embeddable":true,"href":"https:\/\/dev.codekraft.it\/rotary-2024\/wp-json\/wp\/v2\/product_tag?post=385124"},{"taxonomy":"product_approvals","embeddable":true,"href":"https:\/\/dev.codekraft.it\/rotary-2024\/wp-json\/wp\/v2\/product_approvals?post=385124"},{"taxonomy":"product_application","embeddable":true,"href":"https:\/\/dev.codekraft.it\/rotary-2024\/wp-json\/wp\/v2\/product_application?post=385124"}],"curies":[{"name":"wp","href":"https:\/\/api.w.org\/{rel}","templated":true}]}}