{"id":385123,"date":"2025-12-11T10:04:37","date_gmt":"2025-12-11T10:04:37","guid":{"rendered":"https:\/\/dev.codekraft.it\/rotary-2024\/products\/uncategorized\/radgreifanlagen-kombination-hydrolift-agrar-iii\/"},"modified":"2025-12-11T10:04:37","modified_gmt":"2025-12-11T10:04:37","slug":"radgreifanlagen-kombination-hydrolift-agrar-iii","status":"publish","type":"product","link":"https:\/\/dev.codekraft.it\/rotary-2024\/produkte\/hebebuhnen-de\/radgreifanlagen-de\/radgreifanlagen-kombination-hydrolift-agrar-iii\/","title":{"rendered":"Radgreifanlagen-Kombination HydroLift Agrar III"},"content":{"rendered":"<p>Flexibilit\u00e4t und Stabilit\u00e4t bilden bei den mobilen Radgreiferanlagen von Blitz eine perfekte Einheit. Freie Bereiche &#8211; sowohl in der Werkstatt als auch im Freien k\u00f6nnen so optimal genutzt werden.<\/p>\n<ul>\n<li>Doppelte Lastsicherung sorgt f\u00fcr Sicherheit<\/li>\n<li>Intuitive Bedienung<\/li>\n<li>Schneller Positionswechsel durch Gabelstapler m\u00f6glich<\/li>\n<\/ul>\n<ul>\n<li>Die Gleichlaufregelung garantiert absoluten Synchronlauf aller Hubeinheiten &#8211; auch bei ungleicher Lastverteilung.<\/li>\n<li>Doppelte Lastsicherung durch stufenlose hydraulische Sicherung mittels Sperrventil und mechanischer Sicherheitsklinke.<\/li>\n<li>Hydro-Protect: Der Hubzylinder befindet sich vor \u00e4u\u00dferen Einfl\u00fcssen gesch\u00fctzt im Hubschlitten. Auch Motor und Hydraulikaggregat sind komplett abgedeckt.<\/li>\n<li>Das einzigartige FS-Profil bietet optimalen Schutz der Radnabe.<\/li>\n<li>Keine Masters\u00e4ule &#8211; Alle Funktionen stehen an jeder Radgreifers\u00e4ule zur Verf\u00fcgung.<\/li>\n<li>Leichtlaufrollen in Kombination mit der hydraulischen Deichsel erleichtern das Einrichten des Arbeitsplatzes.<\/li>\n<li>Not-Halt Taster an jeder S\u00e4ule vorhanden.<\/li>\n<li>Leicht verst\u00e4ndliche Symbole und \u00fcbersichtliche Drucktaster erleichtern das Bedienen. Software-Updates erfolgen \u00fcber eine 2\u00a0GB SD-Karte.<\/li>\n<li>Die Gro\u00dfserienproduktion in unseren ISO-zertifizierten Produktionsst\u00e4tten erm\u00f6glicht eine konstant hohe Fertigungstiefe.<\/li>\n<\/ul>\n<ul>\n<li>Die VARIO-Gabel gew\u00e4hrleistet die Aufnahme unterschiedlicher Reifengr\u00f6\u00dfen ohne zus\u00e4tzliche Adapter &#8211; nat\u00fcrlich auch Super-Single<\/li>\n<li>Hydraulische Verfahrdeichsel serienm\u00e4\u00dfig<\/li>\n<li>Gabelstapleradapter erm\u00f6glichen einen schnellen und bequemen Transport der Radgreifer in der Werkstatt<\/li>\n<li>Das einzigartige FS-Profil bietet optimalen Schutz der Radnabe<\/li>\n<li>Intuitive Bedienung mit \u00fcbersichtlich angeordneten Bedienelementen<\/li>\n<\/ul>\n","protected":false},"excerpt":{"rendered":"<p>2 x 5,0 t + 1 x 8,2 t, elektrohydraulisch, kabellos, akkubetrieben | 3er-Verbund aus den Radgreifanlagen HydroLift S2 Agrar 2-5 (Art.-Nr. 128255) und HydroLift S3 1-8,2 (Art.-Nr. 128536) | Grau (RAL 7016)<\/p>\n","protected":false},"featured_media":353166,"template":"","meta":[],"product_cat":[1033804],"product_tag":[1034260,1034143,1034229,1034212,1034126,1034178,1034195],"product_approvals":[],"product_application":[],"class_list":{"0":"post-385123","1":"product","2":"type-product","3":"status-publish","4":"has-post-thumbnail","6":"product_cat-radgreifanlagen-de","7":"product_tag-anhanger-de","8":"product_tag-buses-de","9":"product_tag-tracked-vehicles-de","10":"product_tag-agricultural-machines-de","11":"product_tag-trucks-de","12":"product_tag-light-commercial-de","13":"product_tag-motor-homes-de","15":"first","16":"instock","17":"shipping-taxable","18":"product-type-simple"},"approvals":[],"application":[],"brb_media_brochure":[{"id":353167,"url":"https:\/\/dev.codekraft.it\/rotary-2024\/wp-content\/uploads\/brb_media\/00439633_mobile-column-lift-hydrolift-s2-agrar-big-foot-br-129211-de-2020-10_screen.pdf","title":"mobile column lift hydrolift s2 agrar big foot br 129211 de 2020 10 screen","thumbnail":"https:\/\/dev.codekraft.it\/rotary-2024\/wp-content\/uploads\/brb_media\/00439633_mobile-column-lift-hydrolift-s2-agrar-big-foot-br-129211-de-2020-10_screen-pdf-106x150.png","description":""},{"id":353168,"url":"https:\/\/dev.codekraft.it\/rotary-2024\/wp-content\/uploads\/brb_media\/00439634_mobile-column-lift-hydrolift-s2-agrar-big-foot-br-129212-en-2020-10_screen.pdf","title":"mobile column lift hydrolift s2 agrar big foot br 129212 en 2020 10 screen","thumbnail":"https:\/\/dev.codekraft.it\/rotary-2024\/wp-content\/uploads\/brb_media\/00439634_mobile-column-lift-hydrolift-s2-agrar-big-foot-br-129212-en-2020-10_screen-pdf-106x150.png","description":""},{"id":353169,"url":"https:\/\/dev.codekraft.it\/rotary-2024\/wp-content\/uploads\/brb_media\/00439635_mobile-column-lift-hydrolift-s2-agrar-big-foot-br-129213-fr-2020-10_screen.pdf","title":"mobile column lift hydrolift s2 agrar big foot br 129213 fr 2020 10 screen","thumbnail":"https:\/\/dev.codekraft.it\/rotary-2024\/wp-content\/uploads\/brb_media\/00439635_mobile-column-lift-hydrolift-s2-agrar-big-foot-br-129213-fr-2020-10_screen-pdf-106x150.png","description":""},{"id":353170,"url":"https:\/\/dev.codekraft.it\/rotary-2024\/wp-content\/uploads\/brb_media\/00439636_mobile-column-lift-hydrolift-s2-agrar-big-foot-br-129214-it-2020-10_screen.pdf","title":"mobile column lift hydrolift s2 agrar big foot br 129214 it 2020 10 screen","thumbnail":"https:\/\/dev.codekraft.it\/rotary-2024\/wp-content\/uploads\/brb_media\/00439636_mobile-column-lift-hydrolift-s2-agrar-big-foot-br-129214-it-2020-10_screen-pdf-106x150.png","description":""},{"id":353171,"url":"https:\/\/dev.codekraft.it\/rotary-2024\/wp-content\/uploads\/brb_media\/00439637_mobile-column-lift-hydrolift-s2-agrar-big-foot-br-129215-es-2020-10_screen.pdf","title":"mobile column lift hydrolift s2 agrar big foot br 129215 es 2020 10 screen","thumbnail":"https:\/\/dev.codekraft.it\/rotary-2024\/wp-content\/uploads\/brb_media\/00439637_mobile-column-lift-hydrolift-s2-agrar-big-foot-br-129215-es-2020-10_screen-pdf-106x150.png","description":""},{"id":353172,"url":"https:\/\/dev.codekraft.it\/rotary-2024\/wp-content\/uploads\/brb_media\/00439638_mobile-column-lift-hydrolift-s2-agrar-big-foot-br-129216-ru-2020-10_screen.pdf","title":"mobile column lift hydrolift s2 agrar big foot br 129216 ru 2020 10 screen","thumbnail":"https:\/\/dev.codekraft.it\/rotary-2024\/wp-content\/uploads\/brb_media\/00439638_mobile-column-lift-hydrolift-s2-agrar-big-foot-br-129216-ru-2020-10_screen-pdf-106x150.png","description":""},{"id":351511,"url":"https:\/\/dev.codekraft.it\/rotary-2024\/wp-content\/uploads\/brb_media\/00415962_mobile-column-lift-hydrolift-s2-8-2-126443-de-2019-06-screen.pdf","title":"mobile column lift hydrolift s2 8 2 126443 de 2019 06 screen","thumbnail":"https:\/\/dev.codekraft.it\/rotary-2024\/wp-content\/uploads\/brb_media\/00415962_mobile-column-lift-hydrolift-s2-8-2-126443-de-2019-06-screen-pdf-106x150.png","description":""},{"id":351512,"url":"https:\/\/dev.codekraft.it\/rotary-2024\/wp-content\/uploads\/brb_media\/00415963_mobile-column-lift-hydrolift-s2-8-2-126444-en-2019-06-screen.pdf","title":"mobile column lift hydrolift s2 8 2 126444 en 2019 06 screen","thumbnail":"https:\/\/dev.codekraft.it\/rotary-2024\/wp-content\/uploads\/brb_media\/00415963_mobile-column-lift-hydrolift-s2-8-2-126444-en-2019-06-screen-pdf-106x150.png","description":""},{"id":351513,"url":"https:\/\/dev.codekraft.it\/rotary-2024\/wp-content\/uploads\/brb_media\/00415965_mobile-column-lift-hydrolift-s2-8-2-126445-fr-2019-06-screen.pdf","title":"mobile column lift hydrolift s2 8 2 126445 fr 2019 06 screen","thumbnail":"https:\/\/dev.codekraft.it\/rotary-2024\/wp-content\/uploads\/brb_media\/00415965_mobile-column-lift-hydrolift-s2-8-2-126445-fr-2019-06-screen-pdf-106x150.png","description":""},{"id":351514,"url":"https:\/\/dev.codekraft.it\/rotary-2024\/wp-content\/uploads\/brb_media\/00415972_mobile-column-lift-hydrolift-s2-8-2-126446-it-2019-06-screen.pdf","title":"mobile column lift hydrolift s2 8 2 126446 it 2019 06 screen","thumbnail":"https:\/\/dev.codekraft.it\/rotary-2024\/wp-content\/uploads\/brb_media\/00415972_mobile-column-lift-hydrolift-s2-8-2-126446-it-2019-06-screen-pdf-106x150.png","description":""},{"id":351515,"url":"https:\/\/dev.codekraft.it\/rotary-2024\/wp-content\/uploads\/brb_media\/00415973_mobile-column-lift-hydrolift-s2-8-2-126447-es-2019-06-screen.pdf","title":"mobile column lift hydrolift s2 8 2 126447 es 2019 06 screen","thumbnail":"https:\/\/dev.codekraft.it\/rotary-2024\/wp-content\/uploads\/brb_media\/00415973_mobile-column-lift-hydrolift-s2-8-2-126447-es-2019-06-screen-pdf-106x150.png","description":""},{"id":351516,"url":"https:\/\/dev.codekraft.it\/rotary-2024\/wp-content\/uploads\/brb_media\/00415974_mobile-column-lift-hydrolift-s2-8-2-126448-ru-2019-06-screen.pdf","title":"mobile column lift hydrolift s2 8 2 126448 ru 2019 06 screen","thumbnail":"https:\/\/dev.codekraft.it\/rotary-2024\/wp-content\/uploads\/brb_media\/00415974_mobile-column-lift-hydrolift-s2-8-2-126448-ru-2019-06-screen-pdf-106x150.png","description":""}],"brb_media_drawing":"","brb_media_manuals":[{"id":353173,"url":"https:\/\/dev.codekraft.it\/rotary-2024\/wp-content\/uploads\/brb_media\/00225741_mobile-column-lift-hydrolift-s2-8-2c2-om-sp-117725-de-2013-03-rev-d.pdf","title":"mobile column lift hydrolift s2 8 2c2 om sp 117725 de 2013 03 rev d","thumbnail":"https:\/\/dev.codekraft.it\/rotary-2024\/wp-content\/uploads\/brb_media\/00225741_mobile-column-lift-hydrolift-s2-8-2c2-om-sp-117725-de-2013-03-rev-d-pdf-116x150.png","description":""},{"id":353174,"url":"https:\/\/dev.codekraft.it\/rotary-2024\/wp-content\/uploads\/brb_media\/00225742_mobile-column-lift-hydrolift-s2-8-2c2-om-sp-117726-en-2013-03-rev-d.pdf","title":"mobile column lift hydrolift s2 8 2c2 om sp 117726 en 2013 03 rev d","thumbnail":"https:\/\/dev.codekraft.it\/rotary-2024\/wp-content\/uploads\/brb_media\/00225742_mobile-column-lift-hydrolift-s2-8-2c2-om-sp-117726-en-2013-03-rev-d-pdf-116x150.png","description":""},{"id":353175,"url":"https:\/\/dev.codekraft.it\/rotary-2024\/wp-content\/uploads\/brb_media\/00225744_mobile-column-lift-hydrolift-s2-8-2c2-om-sp-117727-fr-2013-03-rev-d.pdf","title":"mobile column lift hydrolift s2 8 2c2 om sp 117727 fr 2013 03 rev d","thumbnail":"https:\/\/dev.codekraft.it\/rotary-2024\/wp-content\/uploads\/brb_media\/00225744_mobile-column-lift-hydrolift-s2-8-2c2-om-sp-117727-fr-2013-03-rev-d-pdf-116x150.png","description":""},{"id":353176,"url":"https:\/\/dev.codekraft.it\/rotary-2024\/wp-content\/uploads\/brb_media\/00225743_mobile-column-lift-hydrolift-s2-8-2c2-om-sp-117728-es-2013-03-rev-d.pdf","title":"mobile column lift hydrolift s2 8 2c2 om sp 117728 es 2013 03 rev d","thumbnail":"https:\/\/dev.codekraft.it\/rotary-2024\/wp-content\/uploads\/brb_media\/00225743_mobile-column-lift-hydrolift-s2-8-2c2-om-sp-117728-es-2013-03-rev-d-pdf-116x150.png","description":""},{"id":353177,"url":"https:\/\/dev.codekraft.it\/rotary-2024\/wp-content\/uploads\/brb_media\/00225745_mobile-column-lift-hydrolift-s2-8-2c2-om-sp-117729-it-2013-03-rev-d.pdf","title":"mobile column lift hydrolift s2 8 2c2 om sp 117729 it 2013 03 rev d","thumbnail":"https:\/\/dev.codekraft.it\/rotary-2024\/wp-content\/uploads\/brb_media\/00225745_mobile-column-lift-hydrolift-s2-8-2c2-om-sp-117729-it-2013-03-rev-d-pdf-116x150.png","description":""},{"id":353178,"url":"https:\/\/dev.codekraft.it\/rotary-2024\/wp-content\/uploads\/brb_media\/00225747_mobile-column-lift-hydrolift-s2-8-2c2-om-sp-117730-ru-2013-03-rev-d.pdf","title":"mobile column lift hydrolift s2 8 2c2 om sp 117730 ru 2013 03 rev d","thumbnail":"https:\/\/dev.codekraft.it\/rotary-2024\/wp-content\/uploads\/brb_media\/00225747_mobile-column-lift-hydrolift-s2-8-2c2-om-sp-117730-ru-2013-03-rev-d-pdf-116x150.png","description":""},{"id":351519,"url":"https:\/\/dev.codekraft.it\/rotary-2024\/wp-content\/uploads\/brb_media\/00510172_mobile-column-lift-hydrolift-62-75-82-om-sp-126746-multi-2022-11-revd.pdf","title":"Mobile column lift HydroLift 6,2 7,5 8,2 OM SP 126746 multi 2022 11 RevD","thumbnail":"https:\/\/dev.codekraft.it\/rotary-2024\/wp-content\/uploads\/brb_media\/00510172_mobile-column-lift-hydrolift-62-75-82-om-sp-126746-multi-2022-11-revd-pdf-106x150.png","description":""},{"id":351520,"url":"https:\/\/dev.codekraft.it\/rotary-2024\/wp-content\/uploads\/brb_media\/00406390_mobile-column-lift-hydrolift-s2-8-2c2-om-sp-no-2018-08-rev-e.pdf","title":"mobile column lift hydrolift s2 8 2c2 om sp no 2018 08 rev e","thumbnail":"https:\/\/dev.codekraft.it\/rotary-2024\/wp-content\/uploads\/brb_media\/00406390_mobile-column-lift-hydrolift-s2-8-2c2-om-sp-no-2018-08-rev-e-pdf-116x150.png","description":""}],"brb_media_safety_datasheets":"","brb_media_spare_parts":[],"_cdmm_p_id":"505198","_company":"Elektron","_gtin":"4057612914429","accessories":[{"id":379878,"cdmm_p_id":"472545","name":"Front\u00ad und Heckadapter f\u00fcr HydroLift","description":"16,4 t | zum Anheben von verschiedenen Traktoren, inkl. diverser Agraraufnahmen","thumbnail":"https:\/\/dev.codekraft.it\/rotary-2024\/wp-content\/uploads\/brb_media\/00398680_hydrolift_122510_front_adapter_di-150x150.png","url":"https:\/\/dev.codekraft.it\/rotary-2024\/produkte\/zubehor-hebebuhnen-de\/zubehor-radgreifanlagen-de\/front-und-heckadapter-fur-hydrolift\/"},{"id":381048,"cdmm_p_id":"497203","name":"Auffahrrampen-Kit","description":"Gabelstaplerrampen, einseitig auffahrbar | Grau (RAL 7012)","thumbnail":"https:\/\/dev.codekraft.it\/rotary-2024\/wp-content\/uploads\/brb_media\/00507162_m140124_002-150x150.jpg","url":"https:\/\/dev.codekraft.it\/rotary-2024\/produkte\/zubehor-hebebuhnen-de\/zubehor-radgreifanlagen-de\/auffahrrampen-kit-3\/"},{"id":381054,"cdmm_p_id":"497204","name":"Auffahrrampen-Kit","description":"Gabelstaplerrampen, beidseitig \u00fcberfahrbar | Grau (RAL 7012)","thumbnail":"https:\/\/dev.codekraft.it\/rotary-2024\/wp-content\/uploads\/brb_media\/00507164_m140yyy_001-150x150.jpg","url":"https:\/\/dev.codekraft.it\/rotary-2024\/produkte\/zubehor-hebebuhnen-de\/zubehor-radgreifanlagen-de\/auffahrrampen-kit-4\/"},{"id":381060,"cdmm_p_id":"497205","name":"Auffahrrampen-Kit","description":"Dreiradgabelstapler-Rampen, einseitig befahrbar | Grau (RAL 7012)","thumbnail":"https:\/\/dev.codekraft.it\/rotary-2024\/wp-content\/uploads\/brb_media\/00507163_m140xxx_001-150x150.jpg","url":"https:\/\/dev.codekraft.it\/rotary-2024\/produkte\/zubehor-hebebuhnen-de\/zubehor-radgreifanlagen-de\/auffahrrampen-kit-5\/"},{"id":381036,"cdmm_p_id":"497201","name":"Transportwagen f\u00fcr Rampensatz","description":"Trolley f\u00fcr Auffahrrampen-Kit f\u00fcr Gabelstapler M140124BG \/ M140127BG","thumbnail":"https:\/\/dev.codekraft.it\/rotary-2024\/wp-content\/uploads\/brb_media\/00489148_m110175bg-mi-150x150.jpg","url":"https:\/\/dev.codekraft.it\/rotary-2024\/produkte\/zubehor-hebebuhnen-de\/zubehor-radgreifanlagen-de\/transportwagen-fur-rampensatz\/"},{"id":381000,"cdmm_p_id":"497191","name":"SmartCart Agrar","description":"Transport- und Ablagewagen f\u00fcr das Agraradapter-Set - Aufger\u00e4umt finden die Adapter und Aufnahmest\u00fccke ihren Platz in der Werkstatt","thumbnail":"https:\/\/dev.codekraft.it\/rotary-2024\/wp-content\/uploads\/brb_media\/00414017_smartcart-agrar-mi-150x150.png","url":"https:\/\/dev.codekraft.it\/rotary-2024\/produkte\/zubehor-hebebuhnen-de\/zubehor-radgreifanlagen-de\/smartcart-agrar-2\/"},{"id":380095,"cdmm_p_id":"476580","name":"LED-Beleuchtungs-Kit Standard | f\u00fcr HydroLift 6,2\/7,5\/8,2","description":"Inkl. Kabelsatz, Halterung und Montageanleitung | 2 St\u00fcck","thumbnail":"https:\/\/dev.codekraft.it\/rotary-2024\/wp-content\/uploads\/brb_media\/00414016_hydrolift-s3-with-led-new-mi-150x150.png","url":"https:\/\/dev.codekraft.it\/rotary-2024\/produkte\/zubehor-hebebuhnen-de\/zubehor-radgreifanlagen-de\/led-beleuchtungs-kit-standard-fur-hydrolift-62-75-82\/"},{"id":382948,"cdmm_p_id":"501929","name":"Abst\u00fctzbock","description":"10000 kg, 1235 - 2040 mm, in 6 x 100-mm-Schritten h\u00f6henverstellbar, stufenlos verstellbares Oberteil (115 mm), 3 federnde Rollen, U-Aufnahme und Prisma-Aufnahme (wechselbar), fertig montiert | Grau (RAL 7040)","thumbnail":"https:\/\/dev.codekraft.it\/rotary-2024\/wp-content\/uploads\/brb_media\/00535520_mobile-columns-s270a2-mi-150x150.png","url":"https:\/\/dev.codekraft.it\/rotary-2024\/produkte\/zubehor-hebebuhnen-de\/zubehor-radgreifanlagen-de\/abstutzbock-2\/"},{"id":382721,"cdmm_p_id":"501897","name":"Abst\u00fctzbock","description":"10000 kg, 1235 - 2040 mm, in 6 x 100-mm-Schritten h\u00f6henverstellbar, stufenlos verstellbares Oberteil (115 mm), 2 Rollen, U-Aufnahme und Prisma-Aufnahme (wechselbar) | Grau (RAL 7040)","thumbnail":"https:\/\/dev.codekraft.it\/rotary-2024\/wp-content\/uploads\/brb_media\/00535519_mobile-columns-s270a1-mi-150x150.png","url":"https:\/\/dev.codekraft.it\/rotary-2024\/produkte\/zubehor-hebebuhnen-de\/zubehor-radgreifanlagen-de\/abstutzbock\/"}],"components":[],"related":[],"similar":[],"lang":"de","translations":{"de":385123,"en":385122,"fr":385124,"it":385125,"es":385126,"ru":385127},"pll_sync_post":[],"_links":{"self":[{"href":"https:\/\/dev.codekraft.it\/rotary-2024\/wp-json\/wp\/v2\/product\/385123","targetHints":{"allow":["GET"]}}],"collection":[{"href":"https:\/\/dev.codekraft.it\/rotary-2024\/wp-json\/wp\/v2\/product"}],"about":[{"href":"https:\/\/dev.codekraft.it\/rotary-2024\/wp-json\/wp\/v2\/types\/product"}],"wp:featuredmedia":[{"embeddable":true,"href":"https:\/\/dev.codekraft.it\/rotary-2024\/wp-json\/wp\/v2\/media\/353166"}],"wp:attachment":[{"href":"https:\/\/dev.codekraft.it\/rotary-2024\/wp-json\/wp\/v2\/media?parent=385123"}],"wp:term":[{"taxonomy":"product_cat","embeddable":true,"href":"https:\/\/dev.codekraft.it\/rotary-2024\/wp-json\/wp\/v2\/product_cat?post=385123"},{"taxonomy":"product_tag","embeddable":true,"href":"https:\/\/dev.codekraft.it\/rotary-2024\/wp-json\/wp\/v2\/product_tag?post=385123"},{"taxonomy":"product_approvals","embeddable":true,"href":"https:\/\/dev.codekraft.it\/rotary-2024\/wp-json\/wp\/v2\/product_approvals?post=385123"},{"taxonomy":"product_application","embeddable":true,"href":"https:\/\/dev.codekraft.it\/rotary-2024\/wp-json\/wp\/v2\/product_application?post=385123"}],"curies":[{"name":"wp","href":"https:\/\/api.w.org\/{rel}","templated":true}]}}