{"id":384995,"date":"2025-12-11T10:04:36","date_gmt":"2025-12-11T10:04:36","guid":{"rendered":"https:\/\/dev.codekraft.it\/rotary-2024\/products\/uncategorized\/vertikal-scherenhebebuhne-v55ltak-60hg-pd8-i\/"},"modified":"2025-12-11T10:04:36","modified_gmt":"2025-12-11T10:04:36","slug":"vertikal-scherenhebebuhne-v55ltak-60hg-pd8-i","status":"publish","type":"product","link":"https:\/\/dev.codekraft.it\/rotary-2024\/produkte\/hebebuhnen-de\/scheren-hebebuhnen-de\/vertikal-scherenhebebuhne-v55ltak-60hg-pd8-i\/","title":{"rendered":"Vertikal-Scherenhebeb\u00fchne V55LTAK-60HG-PD8-I"},"content":{"rendered":"<p>Vertikal-Scherenhebeb\u00fchnen der V55-Serie sind hochpr\u00e4zise Hebeb\u00fchnen f\u00fcr Achsvermessungsarbeiten und Diagnosearbeitspl\u00e4tze (Assistenzsysteme) mit 5,5 t Tragkraft und 6000 mm nutzbarer Fahrbahnl\u00e4nge. Abh\u00e4ngig vom Einsatzbereich ist die V55-Serie sowohl in \u00dcberflur- als auch in Unterflurausf\u00fchrung erh\u00e4ltlich.<\/p>\n<ul>\n<li>Perfekter Korrosionsschutz &#8211; KTL Beschichtung plus Pulverbeschichtung serienm\u00e4\u00dfig<\/li>\n<li>Viel Freiraum unter der Hebeb\u00fchne mit seitlichem Zugang<\/li>\n<\/ul>\n<ul>\n<li>Das Bedienpult besitzt ein werkseitig vormontiertes Hydraulikaggregat und tr\u00e4gt damit ma\u00dfgeblich zu einem geringen Installationsaufwand bei. Die Platzierung ist links oder rechts m\u00f6glich.<\/li>\n<li>Dokumente oder auch Tablet-Computer finden ihren Platz auf der integrierten Ablagem\u00f6glichkeit des Bedienpultes, was sich auch als Schreibunterlage perfekt eignet.<\/li>\n<li>Stabile Drucktasten sorgen f\u00fcr eine sichere Bedienung der Hebeb\u00fchne.<\/li>\n<li>Der serienm\u00e4\u00dfige CE-Stop gew\u00e4hrleistet einen Fu\u00dfschutz ohne Fu\u00dfabweiser und einen problemlosen bodenebenen Einbau.<\/li>\n<li>Die Hubscheren greifen in der N\u00e4he der Radaufstandsfl\u00e4che an und geben so der Hebeb\u00fchne eine sehr gro\u00dfe Stabilit\u00e4t. In Verbindung mit den pr\u00e4zise gearbeiteten und verst\u00e4rkten Fahrfl\u00e4chen erf\u00fcllt sie die Vorgaben der f\u00fchrenden deutschen Automobilhersteller.<\/li>\n<li>Die Konstruktion bietet den maximalen Freiraum unter der Hebeb\u00fchne und erlaubt den seitlichen Zugang.<\/li>\n<li>Die ebene Fahrbahn erlaubt die Verwendung am Scheinwerfereinstellplatz.<\/li>\n<\/ul>\n<ul>\n<li>Integrierte Aussparungen mit Edelstahlauflagen in der Fahrfl\u00e4che erm\u00f6glichen die Aufnahme aller handels\u00fcblicher Drehteller. Die Edelstahlfl\u00e4che vermeidet Korrosion und erm\u00f6glicht ein m\u00fcheloses Verschieben der Drehteller.<\/li>\n<li>Wird kein Drehteller verwendet, lassen sich die Aussparungen vollst\u00e4ndig verschlie\u00dfen. Die F\u00fcllst\u00fccke sind mit Kunststoffanschl\u00e4gen versehen, so wird Korrosion vermieden und die Ger\u00e4uschentwicklung einged\u00e4mmt.<\/li>\n<li>Stabile Kunststoffkugeln der pneumatisch verriegelbaren Schiebeplatten sorgen f\u00fcr eine zuverl\u00e4ssige sowie leichtg\u00e4ngige Funktion und sichern eine lange Lebensdauer.<\/li>\n<li>Die Hauptzylinder sind mit einer pneumatisch entsperrbaren Absetzvorrichtung ausger\u00fcstet. Die Klinkenleiste ist verschraubt und \u00fcber Stellschrauben justierbar. Eine exakte Achsvermessung ist damit garantiert.<\/li>\n<li>Intelligent konstruierte R\u00fcckrollsicherungen erm\u00f6glichen die Nutzung der kompletten Fahrbahnl\u00e4nge.<\/li>\n<li>F\u00fcr die Verwendung eines zus\u00e4tzlichen Achsfreihebers ist an der B\u00fchne eine verzinkte Laufschiene verbaut.<\/li>\n<li>Intergrierter Radfreiheber &#8211; 4000 kg<\/li>\n<li>8 Bewegungen Gelenkspieltester, konform zur Norm 2014\/45EU<\/li>\n<\/ul>\n","protected":false},"excerpt":{"rendered":"<p>5,5 t, elektrohydraulisch, Plattforml\u00e4nge 6000 mm, mit Gelenkspieltester, Radfreiheber und Achsvermessung, Unterflur, verzinkt<\/p>\n","protected":false},"featured_media":352226,"template":"","meta":[],"product_cat":[1033756],"product_tag":[1034161,1034178,1034195],"product_approvals":[],"product_application":[],"class_list":{"0":"post-384995","1":"product","2":"type-product","3":"status-publish","4":"has-post-thumbnail","6":"product_cat-scheren-hebebuhnen-de","7":"product_tag-passenger-cars-de","8":"product_tag-light-commercial-de","9":"product_tag-motor-homes-de","11":"first","12":"instock","13":"shipping-taxable","14":"product-type-simple"},"approvals":[],"application":[],"brb_media_brochure":[{"id":352227,"url":"https:\/\/dev.codekraft.it\/rotary-2024\/wp-content\/uploads\/brb_media\/00472973_vertical-scissor-lifts-v55-models-br-127829-de-2021-06_screen.pdf","title":"Vertical Scissor Lifts V55 models BR 127829 de 2021 06 screen","thumbnail":"https:\/\/dev.codekraft.it\/rotary-2024\/wp-content\/uploads\/brb_media\/00472973_vertical-scissor-lifts-v55-models-br-127829-de-2021-06_screen-pdf-106x150.png","description":""},{"id":352228,"url":"https:\/\/dev.codekraft.it\/rotary-2024\/wp-content\/uploads\/brb_media\/00472974_vertical-scissor-lifts-v55-models-br-127830-en-2021-06_screen.pdf","title":"Vertical Scissor Lifts V55 models BR 127830 en 2021 06 screen","thumbnail":"https:\/\/dev.codekraft.it\/rotary-2024\/wp-content\/uploads\/brb_media\/00472974_vertical-scissor-lifts-v55-models-br-127830-en-2021-06_screen-pdf-106x150.png","description":""},{"id":352229,"url":"https:\/\/dev.codekraft.it\/rotary-2024\/wp-content\/uploads\/brb_media\/00472976_vertical-scissor-lifts-v55-models-br-127831-fr-2021-06_screen.pdf","title":"Vertical Scissor Lifts V55 models BR 127831 fr 2021 06 screen","thumbnail":"https:\/\/dev.codekraft.it\/rotary-2024\/wp-content\/uploads\/brb_media\/00472976_vertical-scissor-lifts-v55-models-br-127831-fr-2021-06_screen-pdf-106x150.png","description":""},{"id":352230,"url":"https:\/\/dev.codekraft.it\/rotary-2024\/wp-content\/uploads\/brb_media\/00472977_vertical-scissor-lifts-v55-models-br-127832-it-2021-06_screen.pdf","title":"Vertical Scissor Lifts V55 models BR 127832 it 2021 06 screen","thumbnail":"https:\/\/dev.codekraft.it\/rotary-2024\/wp-content\/uploads\/brb_media\/00472977_vertical-scissor-lifts-v55-models-br-127832-it-2021-06_screen-pdf-106x150.png","description":""},{"id":352231,"url":"https:\/\/dev.codekraft.it\/rotary-2024\/wp-content\/uploads\/brb_media\/00472978_vertical-scissor-lifts-v55-models-br-127833-es-2021-06_screen.pdf","title":"Vertical Scissor Lifts V55 models BR 127833 es 2021 06 screen","thumbnail":"https:\/\/dev.codekraft.it\/rotary-2024\/wp-content\/uploads\/brb_media\/00472978_vertical-scissor-lifts-v55-models-br-127833-es-2021-06_screen-pdf-106x150.png","description":""},{"id":352232,"url":"https:\/\/dev.codekraft.it\/rotary-2024\/wp-content\/uploads\/brb_media\/00472979_vertical-scissor-lifts-v55-models-br-127834-ru-2021-06_screen.pdf","title":"Vertical Scissor Lifts V55 models BR 127834 ru 2021 06 screen","thumbnail":"https:\/\/dev.codekraft.it\/rotary-2024\/wp-content\/uploads\/brb_media\/00472979_vertical-scissor-lifts-v55-models-br-127834-ru-2021-06_screen-pdf-106x150.png","description":""}],"brb_media_drawing":"","brb_media_manuals":[{"id":380058,"url":"https:\/\/dev.codekraft.it\/rotary-2024\/wp-content\/uploads\/brb_media\/00554287_vertical-scissor-lift-v55v65-om-0596-m027-1-rev5-deenfrites.pdf","title":"vertical scissor lift v55v65 om 0596 m027 1 REV5 deenfrites","thumbnail":"https:\/\/dev.codekraft.it\/rotary-2024\/wp-content\/uploads\/brb_media\/00554287_vertical-scissor-lift-v55v65-om-0596-m027-1-rev5-deenfrites-pdf-106x150.png","description":""}],"brb_media_safety_datasheets":"","brb_media_spare_parts":[],"_cdmm_p_id":"504083","_company":"Elektron","_gtin":"5063084196804","accessories":[{"id":379748,"cdmm_p_id":"472108","name":"Achsfreiheber f\u00fcr S38\/V45-V65 | 2,6 t","description":"2,6 t","thumbnail":"https:\/\/dev.codekraft.it\/rotary-2024\/wp-content\/uploads\/brb_media\/00472700-150x150.png","url":"https:\/\/dev.codekraft.it\/rotary-2024\/produkte\/zubehor-hebebuhnen-de\/zubehor-4-saulen-hebebuhnen-de\/achsfreiheber-fur-s38-v45-v65-26-t\/"},{"id":380820,"cdmm_p_id":"492687","name":"Achsfreiheber f\u00fcr V45-V65 | 4,0 t","description":"4,0 t, 250 mm Hub, inkl. Achstraverse","thumbnail":"https:\/\/dev.codekraft.it\/rotary-2024\/wp-content\/uploads\/brb_media\/00472700-150x150.png","url":"https:\/\/dev.codekraft.it\/rotary-2024\/produkte\/zubehor-hebebuhnen-de\/zubehor-scheren-hebebuhnen-de\/achsfreiheber-fur-v45-v65-40-t\/"},{"id":378958,"cdmm_p_id":"421936","name":"Nachr\u00fcstsatz Luftversorgungskit","description":"F\u00fcr Achsfreiheber","thumbnail":"https:\/\/dev.codekraft.it\/rotary-2024\/wp-content\/uploads\/brb_media\/00312549_4-post-lift-air-supply-di-150x150.png","url":"https:\/\/dev.codekraft.it\/rotary-2024\/produkte\/zubehor-hebebuhnen-de\/zubehor-4-saulen-hebebuhnen-de\/nachrustsatz-luftversorgungskit\/"},{"id":383868,"cdmm_p_id":"502326","name":"Positionierungsvorrichtung f\u00fcr Achsheber","description":"","thumbnail":"","url":"https:\/\/dev.codekraft.it\/rotary-2024\/produkte\/zubehor-hebebuhnen-de\/zubehor-scheren-hebebuhnen-de\/positionierungsvorrichtung-fur-achsheber\/"},{"id":378946,"cdmm_p_id":"421934","name":"LED-Beleuchtungs-Kit 4-fach, 24 V, 4800 mm","description":"","thumbnail":"https:\/\/dev.codekraft.it\/rotary-2024\/wp-content\/uploads\/brb_media\/00287577_s-40-50-lighting-set-mi-150x150.png","url":"https:\/\/dev.codekraft.it\/rotary-2024\/produkte\/zubehor-hebebuhnen-de\/zubehor-4-saulen-hebebuhnen-de\/led-beleuchtungs-kit-4-fach-24-v-4800-mm\/"},{"id":378916,"cdmm_p_id":"418362","name":"Gummikl\u00f6tze","description":"Hartgummi-Auflagen, 160 x 120 x 40 mm | 1 Satz \/ 4 St\u00fcck","thumbnail":"https:\/\/dev.codekraft.it\/rotary-2024\/wp-content\/uploads\/brb_media\/00393013_4-post-lift-rubber-pads-40mm-150x150.png","url":"https:\/\/dev.codekraft.it\/rotary-2024\/produkte\/zubehor-hebebuhnen-de\/zubehor-kurzhub-hebebuhnen-de\/gummiklotze-2\/"},{"id":378465,"cdmm_p_id":"59184","name":"Gummikl\u00f6tze","description":"Hartgummi-Auflagen, 160 x 120 x 80 mm | 1 Satz \/ 4 St\u00fcck","thumbnail":"https:\/\/dev.codekraft.it\/rotary-2024\/wp-content\/uploads\/brb_media\/00287553-150x150.png","url":"https:\/\/dev.codekraft.it\/rotary-2024\/produkte\/zubehor-hebebuhnen-de\/zubehor-doppelscheren-hebebuhnen-de\/gummiklotze\/"},{"id":381219,"cdmm_p_id":"497241","name":"Auffahrrampen-Kit","description":"F\u00fcr Vertikal-Scherenhebeb\u00fchne V55\/V65 LT\/AK, \u00dcberflur | Grau (RAL 7012) | 1 Satz \/ 2 St\u00fcck","thumbnail":"https:\/\/dev.codekraft.it\/rotary-2024\/wp-content\/uploads\/brb_media\/00489194_820331-mi-150x150.png","url":"https:\/\/dev.codekraft.it\/rotary-2024\/produkte\/zubehor-hebebuhnen-de\/zubehor-scheren-hebebuhnen-de\/auffahrrampen-kit-6\/"},{"id":381225,"cdmm_p_id":"497242","name":"Unterflur-Klappe","description":"F\u00fcr Vertikal-Scherenhebeb\u00fchne V55\/65, kurze Anbindung | Grau (RAL 7012) | 1 St\u00fcck","thumbnail":"","url":"https:\/\/dev.codekraft.it\/rotary-2024\/produkte\/zubehor-hebebuhnen-de\/zubehor-scheren-hebebuhnen-de\/unterflur-klappe\/"},{"id":381231,"cdmm_p_id":"497243","name":"Schlauchverl\u00e4ngerung V45-V65","description":"2 m, Bedienaggregat in Auffahrrichtung rechts positioniert | ohne Radfreiheber","thumbnail":"","url":"https:\/\/dev.codekraft.it\/rotary-2024\/produkte\/zubehor-hebebuhnen-de\/zubehor-scheren-hebebuhnen-de\/schlauchverlangerung-v45-v65\/"},{"id":381237,"cdmm_p_id":"497244","name":"Schlauchverl\u00e4ngerung V45-V65","description":"2 m, Bedienaggregat in Auffahrrichtung links positioniert | ohne Radfreiheber","thumbnail":"","url":"https:\/\/dev.codekraft.it\/rotary-2024\/produkte\/zubehor-hebebuhnen-de\/zubehor-scheren-hebebuhnen-de\/schlauchverlangerung-v45-v65-2\/"},{"id":381249,"cdmm_p_id":"497245","name":"Schlauchverl\u00e4ngerung V55\/V65 LT","description":"2 m, Bedienaggregat in Auffahrrichtung rechts positioniert | mit Radfreiheber","thumbnail":"","url":"https:\/\/dev.codekraft.it\/rotary-2024\/produkte\/zubehor-hebebuhnen-de\/zubehor-scheren-hebebuhnen-de\/schlauchverlangerung-v55-v65-lt-2\/"},{"id":381243,"cdmm_p_id":"497246","name":"Schlauchverl\u00e4ngerung V55\/V65 LT","description":"2 m, Bedienaggregat in Auffahrrichtung links positioniert | mit Radfreiheber","thumbnail":"","url":"https:\/\/dev.codekraft.it\/rotary-2024\/produkte\/zubehor-hebebuhnen-de\/zubehor-scheren-hebebuhnen-de\/schlauchverlangerung-v55-v65-lt\/"},{"id":382835,"cdmm_p_id":"502419","name":"Bodenausgleich FloCo | inkl. Kit f\u00fcr V-B\u00fchne","description":"","thumbnail":"","url":"https:\/\/dev.codekraft.it\/rotary-2024\/produkte\/zubehor-hebebuhnen-de\/zubehor-scheren-hebebuhnen-de\/bodenausgleich-floco-inkl-kit-fur-v-buhne\/"}],"components":[],"related":[],"similar":[],"lang":"de","translations":{"de":384995,"en":384994,"fr":384996,"it":384997,"es":384998,"ru":384999},"pll_sync_post":[],"_links":{"self":[{"href":"https:\/\/dev.codekraft.it\/rotary-2024\/wp-json\/wp\/v2\/product\/384995","targetHints":{"allow":["GET"]}}],"collection":[{"href":"https:\/\/dev.codekraft.it\/rotary-2024\/wp-json\/wp\/v2\/product"}],"about":[{"href":"https:\/\/dev.codekraft.it\/rotary-2024\/wp-json\/wp\/v2\/types\/product"}],"wp:featuredmedia":[{"embeddable":true,"href":"https:\/\/dev.codekraft.it\/rotary-2024\/wp-json\/wp\/v2\/media\/352226"}],"wp:attachment":[{"href":"https:\/\/dev.codekraft.it\/rotary-2024\/wp-json\/wp\/v2\/media?parent=384995"}],"wp:term":[{"taxonomy":"product_cat","embeddable":true,"href":"https:\/\/dev.codekraft.it\/rotary-2024\/wp-json\/wp\/v2\/product_cat?post=384995"},{"taxonomy":"product_tag","embeddable":true,"href":"https:\/\/dev.codekraft.it\/rotary-2024\/wp-json\/wp\/v2\/product_tag?post=384995"},{"taxonomy":"product_approvals","embeddable":true,"href":"https:\/\/dev.codekraft.it\/rotary-2024\/wp-json\/wp\/v2\/product_approvals?post=384995"},{"taxonomy":"product_application","embeddable":true,"href":"https:\/\/dev.codekraft.it\/rotary-2024\/wp-json\/wp\/v2\/product_application?post=384995"}],"curies":[{"name":"wp","href":"https:\/\/api.w.org\/{rel}","templated":true}]}}