{"id":384947,"date":"2026-01-23T08:50:02","date_gmt":"2026-01-23T08:50:02","guid":{"rendered":"https:\/\/dev.codekraft.it\/rotary-2024\/products\/uncategorized\/elektronische-mikroprozessorgesteuerte-radauswuchtmaschine-librak350l\/"},"modified":"2026-01-23T08:50:02","modified_gmt":"2026-01-23T08:50:02","slug":"elektronische-mikroprozessorgesteuerte-radauswuchtmaschine-librak350l","status":"publish","type":"product","link":"https:\/\/dev.codekraft.it\/rotary-2024\/produkte\/reifenservice-de\/radauswuchtmaschinen-de\/elektronische-mikroprozessorgesteuerte-radauswuchtmaschine-librak350l\/","title":{"rendered":"Elektronische mikroprozessorgesteuerte Radauswuchtmaschine Librak350L"},"content":{"rendered":"<p>Automatischer elektronischer Balancer mit Monitor<\/p>\n<p>Computergesteuerte elektronische Auswuchtmaschine mit automatischem Stopp des Rades sowohl in der inneren als auch in der \u00e4u\u00dferen Unwuchtposition. Schnelle Auswahl des Auswuchtprogramms mit internem Taster und automatischer Erfassung von Abstand und Durchmesser.<\/p>\n<ul>\n<li>Maximale Pr\u00e4zision<\/li>\n<li>Praktisches Design<\/li>\n<li>Intuitive Technologie<\/li>\n<\/ul>\n<ul>\n<li>Unrundheitsvermessung: Felgenunrundheitsvermessung mit Abstandstaster<\/li>\n<li>Eco-Weight: ein modernes System f\u00fcr die Gewichteminimierung<\/li>\n<li>Programmauswahl: schnelle Auswahl mit Abstandtaster<\/li>\n<li>Breiter Rahmen f\u00fcr gr\u00f6\u00dfere Stabilit\u00e4t und Pr\u00e4zision bei der Messung<\/li>\n<li>Doppelte LED-Leuchte und Laserklinge (mit Laserlinie auf 6 Uhr f\u00fcr Klebegewichte) zur problemlosen Gewichtsanbringung an der richtigen Position<\/li>\n<li>Professionelle Schnellspannmutter<\/li>\n<li>Arretierung in Position: automatischer Radstop in der inneren und \u00e4u\u00dferen Unwuchtposition<\/li>\n<li>Kompatibel mit dem TEq-Link-System<\/li>\n<\/ul>\n<ul>\n<li>22\u2033-Monitor und Folientastatur<\/li>\n<li>Gro\u00dfe Ablagef\u00e4cher f\u00fcr Schlag- und Klebegewichte<\/li>\n<li>Programm f\u00fcr Hinter-Speichen-Platzierung der Gewichte<\/li>\n<\/ul>\n","protected":false},"excerpt":{"rendered":"<p>2D, 22\u2033-LCD-Bildschirm, Pkw und Transporter, Felgendurchmesser 10 &#8211; 26\u2033, max. Raddurchmesser 43\u2033 | Rot (RAL 3002)<\/p>\n","protected":false},"featured_media":373410,"template":"","meta":[],"product_cat":[1033482],"product_tag":[1034161,1034178],"product_approvals":[],"product_application":[],"class_list":{"0":"post-384947","1":"product","2":"type-product","3":"status-publish","4":"has-post-thumbnail","6":"product_cat-radauswuchtmaschinen-de","7":"product_tag-passenger-cars-de","8":"product_tag-light-commercial-de","10":"first","11":"instock","12":"shipping-taxable","13":"product-type-simple"},"approvals":[],"application":[],"brb_media_brochure":[{"id":373391,"url":"https:\/\/dev.codekraft.it\/rotary-2024\/wp-content\/uploads\/brb_media\/00528291_wheel-balancer-librak350l-br-133711-de-2024-06-screen.pdf","title":"wheel balancer librak350l br 133711 de 2024 06 screen","thumbnail":"https:\/\/dev.codekraft.it\/rotary-2024\/wp-content\/uploads\/brb_media\/00528291_wheel-balancer-librak350l-br-133711-de-2024-06-screen-pdf-106x150.png","description":""},{"id":373392,"url":"https:\/\/dev.codekraft.it\/rotary-2024\/wp-content\/uploads\/brb_media\/00528292_wheel-balancer-librak350l-br-133712-en-2024-06-screen.pdf","title":"wheel balancer librak350l br 133712 en 2024 06 screen","thumbnail":"https:\/\/dev.codekraft.it\/rotary-2024\/wp-content\/uploads\/brb_media\/00528292_wheel-balancer-librak350l-br-133712-en-2024-06-screen-pdf-106x150.png","description":""},{"id":373393,"url":"https:\/\/dev.codekraft.it\/rotary-2024\/wp-content\/uploads\/brb_media\/00528293_wheel-balancer-librak350l-br-133713-fr-2024-06-screen.pdf","title":"wheel balancer librak350l br 133713 fr 2024 06 screen","thumbnail":"https:\/\/dev.codekraft.it\/rotary-2024\/wp-content\/uploads\/brb_media\/00528293_wheel-balancer-librak350l-br-133713-fr-2024-06-screen-pdf-106x150.png","description":""},{"id":373394,"url":"https:\/\/dev.codekraft.it\/rotary-2024\/wp-content\/uploads\/brb_media\/00528294_wheel-balancer-librak350l-br-133714-it-2024-06-screen.pdf","title":"wheel balancer librak350l br 133714 it 2024 06 screen","thumbnail":"https:\/\/dev.codekraft.it\/rotary-2024\/wp-content\/uploads\/brb_media\/00528294_wheel-balancer-librak350l-br-133714-it-2024-06-screen-pdf-106x150.png","description":""},{"id":373395,"url":"https:\/\/dev.codekraft.it\/rotary-2024\/wp-content\/uploads\/brb_media\/00528295_wheel-balancer-librak350l-br-133715-es-2024-06-screen.pdf","title":"wheel balancer librak350l br 133715 es 2024 06 screen","thumbnail":"https:\/\/dev.codekraft.it\/rotary-2024\/wp-content\/uploads\/brb_media\/00528295_wheel-balancer-librak350l-br-133715-es-2024-06-screen-pdf-106x150.png","description":""},{"id":373396,"url":"https:\/\/dev.codekraft.it\/rotary-2024\/wp-content\/uploads\/brb_media\/00528296_wheel-balancer-librak350l-br-133716-ru-2024-06-screen.pdf","title":"wheel balancer librak350l br 133716 ru 2024 06 screen","thumbnail":"https:\/\/dev.codekraft.it\/rotary-2024\/wp-content\/uploads\/brb_media\/00528296_wheel-balancer-librak350l-br-133716-ru-2024-06-screen-pdf-106x150.png","description":""}],"brb_media_drawing":[{"id":384946,"url":"https:\/\/dev.codekraft.it\/rotary-2024\/wp-content\/uploads\/brb_media\/00539830_wheel-balancer-librak350l-td-129709420-2024-03.pdf","title":"Wheel balancer Librak350L TD 129709420 2024 03","thumbnail":"https:\/\/dev.codekraft.it\/rotary-2024\/wp-content\/uploads\/brb_media\/00539830_wheel-balancer-librak350l-td-129709420-2024-03-pdf-150x106.png","description":""}],"brb_media_manuals":[{"id":376059,"url":"https:\/\/dev.codekraft.it\/rotary-2024\/wp-content\/uploads\/brb_media\/00535510_wheel-balancers-rot-rav-spa-monitor-wheel-balancer-im-1301-m004-02_vsg_rev02-multi-2024-11.pdf","title":"wheel balancers rot rav spa monitor wheel balancer im 1301 m004 02 vsg rev02 multi 2024 11","thumbnail":"https:\/\/dev.codekraft.it\/rotary-2024\/wp-content\/uploads\/brb_media\/00535510_wheel-balancers-rot-rav-spa-monitor-wheel-balancer-im-1301-m004-02_vsg_rev02-multi-2024-11-pdf-106x150.png","description":""}],"brb_media_safety_datasheets":"","brb_media_spare_parts":[],"_cdmm_p_id":"504073","_company":"Elektron","_gtin":"5063084200549","accessories":[{"id":381354,"cdmm_p_id":"497535","name":"Radheber Standard","description":"80 kg, Pkw","thumbnail":"https:\/\/dev.codekraft.it\/rotary-2024\/wp-content\/uploads\/brb_media\/00373626_wheel-balancer-standard-wheel-lift-di-150x150.png","url":"https:\/\/dev.codekraft.it\/rotary-2024\/produkte\/reifenservice-de\/radmontagewagen-de\/radheber-standard\/"},{"id":381367,"cdmm_p_id":"497536","name":"Radheber mit automatischem Gewichtsausgleich","description":"80 kg, Pkw","thumbnail":"https:\/\/dev.codekraft.it\/rotary-2024\/wp-content\/uploads\/brb_media\/00509271_wheel-balancer-gar324-mi-150x150.png","url":"https:\/\/dev.codekraft.it\/rotary-2024\/produkte\/reifenservice-de\/radmontagewagen-de\/radheber-mit-automatischem-gewichtsausgleich\/"},{"id":381373,"cdmm_p_id":"497541","name":"Doppel-Zentrierkonus f\u00fcr Gel\u00e4ndewagen | \u00d8 124 &#8211; 128 \/ 122 &#8211; 126 mm","description":"","thumbnail":"https:\/\/dev.codekraft.it\/rotary-2024\/wp-content\/uploads\/brb_media\/00506561_gar323-mi-150x150.png","url":"https:\/\/dev.codekraft.it\/rotary-2024\/produkte\/zubehor-reifenservice-de\/zubehor-radauswuchtmaschinen-de\/doppel-zentrierkonus-fur-gelandewagen-o-124-128-122-126-mm\/"},{"id":381379,"cdmm_p_id":"497539","name":"Zentrierkonus f\u00fcr Lieferwagen und LLkw | \u00d8 118 &#8211; 174 mm","description":"Inkl. Distanzst\u00fcck","thumbnail":"https:\/\/dev.codekraft.it\/rotary-2024\/wp-content\/uploads\/brb_media\/00509261_wheel-balancer-gar113-mi-150x150.png","url":"https:\/\/dev.codekraft.it\/rotary-2024\/produkte\/zubehor-reifenservice-de\/zubehor-radauswuchtmaschinen-de\/zentrierkonus-fur-lieferwagen-und-llkw-o-118-174-mm\/"},{"id":381360,"cdmm_p_id":"497538","name":"Zentrierbolzen f\u00fcr Typenspannplatte | kurz","description":"Satz kurzer Bolzen | 1 Satz \/ 5 St\u00fcck","thumbnail":"https:\/\/dev.codekraft.it\/rotary-2024\/wp-content\/uploads\/brb_media\/00506549_gar133-150x150.png","url":"https:\/\/dev.codekraft.it\/rotary-2024\/produkte\/zubehor-reifenservice-de\/zubehor-radauswuchtmaschinen-de\/zentrierbolzen-fur-typenspannplatte-kurz\/"},{"id":381385,"cdmm_p_id":"497537","name":"Pr\u00e4zisions-Typenspannplatte Universal, f\u00fcr 3\/4\/5-Lochfelgen | inkl. Zentrierbolzen","description":"Universaltypenflansch mit Bolzen","thumbnail":"https:\/\/dev.codekraft.it\/rotary-2024\/wp-content\/uploads\/brb_media\/00506548_gar132-150x150.png","url":"https:\/\/dev.codekraft.it\/rotary-2024\/produkte\/zubehor-reifenservice-de\/zubehor-radauswuchtmaschinen-de\/prazisions-typenspannplatte-universal-fur-3-4-5-lochfelgen-inkl-zentrierbolzen\/"},{"id":381391,"cdmm_p_id":"497542","name":"Pr\u00e4zisions-Typenspannplatte f\u00fcr Lkw mit 5-Loch-Felgen | 98 &#8211; 100 &#8211; 108 &#8211; 112 &#8211; 120,65 &#8211; 130 &#8211; 139,7 mm","description":"5-Loch-Typenflansch","thumbnail":"https:\/\/dev.codekraft.it\/rotary-2024\/wp-content\/uploads\/brb_media\/00506567_gar142-150x150.png","url":"https:\/\/dev.codekraft.it\/rotary-2024\/produkte\/zubehor-reifenservice-de\/zubehor-radauswuchtmaschinen-de\/prazisions-typenspannplatte-fur-lkw-mit-5-loch-felgen-98-100-108-112-12065-130-1397-mm\/"},{"id":381397,"cdmm_p_id":"497544","name":"Universalflansch","description":"F\u00fcr Motorr\u00e4der | mit Welle, \u00d8 14 mm, und Zubeh\u00f6r | GAR181A1 erforderlich","thumbnail":"https:\/\/dev.codekraft.it\/rotary-2024\/wp-content\/uploads\/brb_media\/00506596_gar181n-150x150.png","url":"https:\/\/dev.codekraft.it\/rotary-2024\/produkte\/zubehor-reifenservice-de\/zubehor-radauswuchtmaschinen-de\/universalflansch\/"},{"id":381403,"cdmm_p_id":"497546","name":"Universalflansch","description":"F\u00fcr Motorr\u00e4der | ohne Welle und Zubeh\u00f6r | GAR181A1 erforderlich","thumbnail":"https:\/\/dev.codekraft.it\/rotary-2024\/wp-content\/uploads\/brb_media\/00506597_gar354-150x150.png","url":"https:\/\/dev.codekraft.it\/rotary-2024\/produkte\/zubehor-reifenservice-de\/zubehor-radauswuchtmaschinen-de\/universalflansch-2\/"},{"id":381409,"cdmm_p_id":"497547","name":"Zentrierwelle f\u00fcr Motorr\u00e4der mit Einarmgabel | \u00d8 19 mm","description":"Komplett mit Welle, 2 Distanzst\u00fccken und Spannmutter | GAR181N oder GAR354 erforderlich","thumbnail":"https:\/\/dev.codekraft.it\/rotary-2024\/wp-content\/uploads\/brb_media\/00506595_gar191n-150x150.png","url":"https:\/\/dev.codekraft.it\/rotary-2024\/produkte\/zubehor-reifenservice-de\/zubehor-radauswuchtmaschinen-de\/zentrierwelle-fur-motorrader-mit-einarmgabel-o-19-mm\/"},{"id":383144,"cdmm_p_id":"502001","name":"Kalibriervorrichtung f\u00fcr Wuchtwelle","description":"Kalibrierkit f\u00fcr Radauswuchtmaschinen f\u00fcr Pkw und Lkw","thumbnail":"","url":"https:\/\/dev.codekraft.it\/rotary-2024\/produkte\/zubehor-reifenservice-de\/zubehor-radauswuchtmaschinen-de\/kalibriervorrichtung-fur-wuchtwelle\/"},{"id":380274,"cdmm_p_id":"482582","name":"Kalibriervorrichtung f\u00fcr Ultaschallabstandsmesser | f\u00fcr WS-Modelle","description":"","thumbnail":"","url":"https:\/\/dev.codekraft.it\/rotary-2024\/produkte\/zubehor-reifenservice-de\/zubehor-radauswuchtmaschinen-de\/kalibriervorrichtung-fur-ultaschallabstandsmesser-fur-ws-modelle\/"},{"id":384819,"cdmm_p_id":"504048","name":"Ultraschall-Unrundheitsmessvorrichtung","description":"","thumbnail":"https:\/\/dev.codekraft.it\/rotary-2024\/wp-content\/uploads\/brb_media\/00509273_wheel-balancer-gar338-mi-150x150.png","url":"https:\/\/dev.codekraft.it\/rotary-2024\/produkte\/zubehor-reifenservice-de\/zubehor-radauswuchtmaschinen-de\/ultraschall-unrundheitsmessvorrichtung\/"},{"id":382984,"cdmm_p_id":"501939","name":"Wi-Fi-Antenne","description":"F\u00fcr Wi-Fi-Verbindung und Aktivierung der Verbindungsfunktion","thumbnail":"","url":"https:\/\/dev.codekraft.it\/rotary-2024\/produkte\/zubehor-reifenservice-de\/zubehor-radauswuchtmaschinen-de\/wi-fi-antenne-3\/"},{"id":383708,"cdmm_p_id":"502270","name":"Schnellspannmutter mit Pressring","description":"Doppelte Zentrierung","thumbnail":"https:\/\/dev.codekraft.it\/rotary-2024\/wp-content\/uploads\/brb_media\/00509256_wheel-balancer-gar101-mi-150x150.png","url":"https:\/\/dev.codekraft.it\/rotary-2024\/produkte\/zubehor-reifenservice-de\/zubehor-radauswuchtmaschinen-de\/schnellspannmutter-mit-pressring\/"},{"id":383058,"cdmm_p_id":"501968","name":"Spannmutter f\u00fcr Pkw | mit Pressring","description":"Doppelte Zentrierung","thumbnail":"https:\/\/dev.codekraft.it\/rotary-2024\/wp-content\/uploads\/brb_media\/00506557_gar104-150x150.png","url":"https:\/\/dev.codekraft.it\/rotary-2024\/produkte\/zubehor-reifenservice-de\/zubehor-radauswuchtmaschinen-de\/spannmutter-fur-pkw-mit-pressring\/"},{"id":383387,"cdmm_p_id":"502129","name":"Spannmutter mit Handrad und Pressring | f\u00fcr Pkw","description":"Doppelte Zentrierung","thumbnail":"https:\/\/dev.codekraft.it\/rotary-2024\/wp-content\/uploads\/brb_media\/00506558_gar105-mi-150x150.png","url":"https:\/\/dev.codekraft.it\/rotary-2024\/produkte\/zubehor-reifenservice-de\/zubehor-radauswuchtmaschinen-de\/spannmutter-mit-handrad-und-pressring-fur-pkw\/"},{"id":381340,"cdmm_p_id":"497533","name":"Zentrierkonus","description":"F\u00fcr Gel\u00e4ndewagen | \u00d8 95 - 132 mm","thumbnail":"https:\/\/dev.codekraft.it\/rotary-2024\/wp-content\/uploads\/brb_media\/00549107_wheel-balancers-gar112-mi-150x150.png","url":"https:\/\/dev.codekraft.it\/rotary-2024\/produkte\/zubehor-reifenservice-de\/zubehor-radauswuchtmaschinen-de\/zentrierkonus\/"},{"id":383455,"cdmm_p_id":"502165","name":"Pr\u00e4zisions-Zentrierkonen \u00d8 42,5 &#8211; 78 mm","description":"F\u00fcr Radauswuchtmaschinen | 1 Satz \/ 5 St\u00fcck","thumbnail":"https:\/\/dev.codekraft.it\/rotary-2024\/wp-content\/uploads\/brb_media\/00506571_gar155-150x150.png","url":"https:\/\/dev.codekraft.it\/rotary-2024\/produkte\/zubehor-reifenservice-de\/zubehor-radauswuchtmaschinen-de\/prazisions-zentrierkonen-o-425-78-mm\/"},{"id":380268,"cdmm_p_id":"482580","name":"Radschutzscheibe","description":"","thumbnail":"https:\/\/dev.codekraft.it\/rotary-2024\/wp-content\/uploads\/brb_media\/00506564_gar121-150x150.png","url":"https:\/\/dev.codekraft.it\/rotary-2024\/produkte\/zubehor-reifenservice-de\/zubehor-radauswuchtmaschinen-de\/radschutzscheibe\/"},{"id":380238,"cdmm_p_id":"482565","name":"Typenspannplatte Universal | f\u00fcr 3\/4\/5-Loch-Felgen ohne Mittenloch","description":"Universalflansch | komplett mit Lochabstandsmesser","thumbnail":"https:\/\/dev.codekraft.it\/rotary-2024\/wp-content\/uploads\/brb_media\/00509262_wheel-balancer-gar131h-mi-150x150.png","url":"https:\/\/dev.codekraft.it\/rotary-2024\/produkte\/zubehor-reifenservice-de\/zubehor-radauswuchtmaschinen-de\/typenspannplatte-universal-fur-3-4-5-loch-felgen-ohne-mittenloch\/"},{"id":380250,"cdmm_p_id":"482576","name":"Zentrierh\u00fclsen","description":"F\u00fcr Renault | \u00d8 60 \/ 66 mm | 1 Satz \/ 2 St\u00fcck","thumbnail":"https:\/\/dev.codekraft.it\/rotary-2024\/wp-content\/uploads\/brb_media\/00509264_wheel-balancer-gar147n-mi-150x150.png","url":"https:\/\/dev.codekraft.it\/rotary-2024\/produkte\/zubehor-reifenservice-de\/zubehor-radauswuchtmaschinen-de\/zentrierhulsen\/"},{"id":380256,"cdmm_p_id":"482577","name":"Zentrierh\u00fclsen","description":"F\u00fcr Renault Trafic Master, inkl. Distanzst\u00fcck | \u00d8 71 \/ 88,9 \/ 129,9 mm | 1 Satz \/ 3 St\u00fcck","thumbnail":"https:\/\/dev.codekraft.it\/rotary-2024\/wp-content\/uploads\/brb_media\/00509266_wheel-balancer-gar220-mi-150x150.png","url":"https:\/\/dev.codekraft.it\/rotary-2024\/produkte\/zubehor-reifenservice-de\/zubehor-radauswuchtmaschinen-de\/zentrierhulsen-2\/"},{"id":380244,"cdmm_p_id":"482566","name":"Zentrierh\u00fclsen f\u00fcr PSA | zweistufig","description":"F\u00fcr GAR131H, inkl. Distanzst\u00fcck | 1 Satz \/ 4 St\u00fcck","thumbnail":"https:\/\/dev.codekraft.it\/rotary-2024\/wp-content\/uploads\/brb_media\/00509265_wheel-balancer-gar150h-mi-150x150.png","url":"https:\/\/dev.codekraft.it\/rotary-2024\/produkte\/zubehor-reifenservice-de\/zubehor-radauswuchtmaschinen-de\/zentrierhulsen-fur-psa-zweistufig\/"},{"id":380262,"cdmm_p_id":"482579","name":"Typenspannplatte f\u00fcr BMW 5-Loch-Felgen | 112 &#8211; 120 mm","description":"5-Loch-Typenflansch, inkl. Zentrierring \u00d8 66,5 mm | f\u00fcr alle Modelle","thumbnail":"https:\/\/dev.codekraft.it\/rotary-2024\/wp-content\/uploads\/brb_media\/00506584_gar357-01-150x150.png","url":"https:\/\/dev.codekraft.it\/rotary-2024\/produkte\/zubehor-reifenservice-de\/zubehor-radauswuchtmaschinen-de\/typenspannplatte-fur-bmw-5-loch-felgen-112-120-mm\/"},{"id":382702,"cdmm_p_id":"501816","name":"Zentrierh\u00fclse f\u00fcr BMW, Mercedes Benz, Audi, Opel | stufenf\u00f6rmig | \u00d8 56 &#8211; 57 &#8211; 66,5 &#8211; 72,5 &#8211; 72,6 &#8211; 74 &#8211; 74,1 mm","description":"","thumbnail":"https:\/\/dev.codekraft.it\/rotary-2024\/wp-content\/uploads\/brb_media\/00430978_wheel-balancer-centering-cone-step-shaped-di-gar148n-150x150.png","url":"https:\/\/dev.codekraft.it\/rotary-2024\/produkte\/zubehor-reifenservice-de\/zubehor-radauswuchtmaschinen-de\/zentrierhulse-fur-bmw-mercedes-benz-audi-opel-stufenformig-o-56-57-665-725-726-74-741-mm\/"},{"id":380299,"cdmm_p_id":"482599","name":"Zentrierwelle f\u00fcr Motorr\u00e4der | \u00d8 10 mm","description":"Komplett mit Welle, 2 Konen, 6 Distanzst\u00fccken, Spannmutter und 2 Zentrierbuchsen | GAR181N oder GAR354 erforderlich","thumbnail":"https:\/\/dev.codekraft.it\/rotary-2024\/wp-content\/uploads\/brb_media\/00506574_gar182n-150x150.png","url":"https:\/\/dev.codekraft.it\/rotary-2024\/produkte\/zubehor-reifenservice-de\/zubehor-radauswuchtmaschinen-de\/zentrierwelle-fur-motorrader-o-10-mm\/"},{"id":380305,"cdmm_p_id":"482600","name":"Zentrierwelle f\u00fcr Motorr\u00e4der | \u00d8 12 mm","description":"Komplett mit Welle, 2 Konen, 6 Distanzst\u00fccken, Spannmutter und 2 Zentrierbuchsen | GAR181N oder GAR354 erforderlich","thumbnail":"https:\/\/dev.codekraft.it\/rotary-2024\/wp-content\/uploads\/brb_media\/00506574_gar182n-150x150.png","url":"https:\/\/dev.codekraft.it\/rotary-2024\/produkte\/zubehor-reifenservice-de\/zubehor-radauswuchtmaschinen-de\/zentrierwelle-fur-motorrader-o-12-mm\/"},{"id":380311,"cdmm_p_id":"482601","name":"Zentrierwelle f\u00fcr Motorr\u00e4der | lang, \u00d8 14 mm","description":"Komplett mit langer Welle (318 mm), 2 Distanzst\u00fccken und Spannmutter | GAR181N oder GAR354 erforderlich","thumbnail":"https:\/\/dev.codekraft.it\/rotary-2024\/wp-content\/uploads\/brb_media\/00506594_gar184n-150x150.png","url":"https:\/\/dev.codekraft.it\/rotary-2024\/produkte\/zubehor-reifenservice-de\/zubehor-radauswuchtmaschinen-de\/zentrierwelle-fur-motorrader-lang-o-14-mm\/"},{"id":380317,"cdmm_p_id":"482603","name":"Zentrierh\u00fclsen f\u00fcr Motorrad-Universalflansch","description":"GAR181N oder GAR354 erforderlich | 1 Satz \/ 18 St\u00fcck","thumbnail":"https:\/\/dev.codekraft.it\/rotary-2024\/wp-content\/uploads\/brb_media\/00506573_gar181an-150x150.png","url":"https:\/\/dev.codekraft.it\/rotary-2024\/produkte\/zubehor-reifenservice-de\/zubehor-radauswuchtmaschinen-de\/zentrierhulsen-fur-motorrad-universalflansch\/"},{"id":380323,"cdmm_p_id":"482604","name":"Zentrierkonen f\u00fcr Motorradroller | \u00d8 16 &#8211; 45 mm | 1 Satz \/ 2 St\u00fcck","description":"GAR181N oder GAR354 erforderlich","thumbnail":"https:\/\/dev.codekraft.it\/rotary-2024\/wp-content\/uploads\/brb_media\/00431002_wheel-balancer-centering-cone-motorcycles-di-gar183n-150x150.png","url":"https:\/\/dev.codekraft.it\/rotary-2024\/produkte\/zubehor-reifenservice-de\/zubehor-radauswuchtmaschinen-de\/zentrierkonen-fur-motorradroller-o-16-45-mm-1-satz-2-stuck\/"},{"id":383905,"cdmm_p_id":"502337","name":"Zentrierkonus f\u00fcr BMW","description":"Option f\u00fcr Universalflansch GAR181N oder GAR191N","thumbnail":"https:\/\/dev.codekraft.it\/rotary-2024\/wp-content\/uploads\/brb_media\/00506576_gar192n-150x150.png","url":"https:\/\/dev.codekraft.it\/rotary-2024\/produkte\/zubehor-reifenservice-de\/zubehor-radauswuchtmaschinen-de\/zentrierkonus-fur-bmw\/"},{"id":380329,"cdmm_p_id":"482606","name":"Zentrierkonus f\u00fcr Ducati 916-996-998-Monster SR2-SR4","description":"Option f\u00fcr Universalflansch GAR181N oder GAR191N","thumbnail":"https:\/\/dev.codekraft.it\/rotary-2024\/wp-content\/uploads\/brb_media\/00506593_gar193n-150x150.png","url":"https:\/\/dev.codekraft.it\/rotary-2024\/produkte\/zubehor-reifenservice-de\/zubehor-radauswuchtmaschinen-de\/zentrierkonus-fur-ducati-916-996-998-monster-sr2-sr4\/"},{"id":380335,"cdmm_p_id":"482607","name":"Zentrierkonus f\u00fcr Honda NTV 650 REVERE","description":"Option f\u00fcr Universalflansch GAR181N oder GAR191N","thumbnail":"https:\/\/dev.codekraft.it\/rotary-2024\/wp-content\/uploads\/brb_media\/00506591_gar194n-150x150.png","url":"https:\/\/dev.codekraft.it\/rotary-2024\/produkte\/zubehor-reifenservice-de\/zubehor-radauswuchtmaschinen-de\/zentrierkonus-fur-honda-ntv-650-revere\/"},{"id":380341,"cdmm_p_id":"482608","name":"Zentrierkonus f\u00fcr Honda VFR 750","description":"Option f\u00fcr Universalflansch GAR181N oder GAR191N","thumbnail":"https:\/\/dev.codekraft.it\/rotary-2024\/wp-content\/uploads\/brb_media\/00506592_gar195n-150x150.png","url":"https:\/\/dev.codekraft.it\/rotary-2024\/produkte\/zubehor-reifenservice-de\/zubehor-radauswuchtmaschinen-de\/zentrierkonus-fur-honda-vfr-750\/"},{"id":380347,"cdmm_p_id":"482609","name":"Zentrierkonus f\u00fcr Yamaha GTS 1000","description":"Option f\u00fcr Universalflansch GAR181N oder GAR191N","thumbnail":"https:\/\/dev.codekraft.it\/rotary-2024\/wp-content\/uploads\/brb_media\/00506590_gar196n-150x150.png","url":"https:\/\/dev.codekraft.it\/rotary-2024\/produkte\/zubehor-reifenservice-de\/zubehor-radauswuchtmaschinen-de\/zentrierkonus-fur-yamaha-gts-1000\/"},{"id":380353,"cdmm_p_id":"482610","name":"Zentrierkonen f\u00fcr Harley Davidson | 1 Satz \/ 2 St\u00fcck","description":"Option f\u00fcr Universalflansch GAR181N oder GAR191N","thumbnail":"https:\/\/dev.codekraft.it\/rotary-2024\/wp-content\/uploads\/brb_media\/00506577_gar197-150x150.png","url":"https:\/\/dev.codekraft.it\/rotary-2024\/produkte\/zubehor-reifenservice-de\/zubehor-radauswuchtmaschinen-de\/zentrierkonen-fur-harley-davidson-1-satz-2-stuck\/"},{"id":380359,"cdmm_p_id":"482611","name":"Zentrierkonen f\u00fcr Suzuki GSX R","description":"Option f\u00fcr Universalflansch GAR181N oder GAR191N | 1 Satz \/ 6 St\u00fcck","thumbnail":"https:\/\/dev.codekraft.it\/rotary-2024\/wp-content\/uploads\/brb_media\/00431008_wheel-balancer-centering-cone-suzuki-di-gar198n-150x150.png","url":"https:\/\/dev.codekraft.it\/rotary-2024\/produkte\/zubehor-reifenservice-de\/zubehor-radauswuchtmaschinen-de\/zentrierkonen-fur-suzuki-gsx-r\/"},{"id":380938,"cdmm_p_id":"495460","name":"Bandgewicht-Rollenst\u00fctze","description":"","thumbnail":"https:\/\/dev.codekraft.it\/rotary-2024\/wp-content\/uploads\/brb_media\/00549234_wheel-balancers-gar375-mi-150x150.png","url":"https:\/\/dev.codekraft.it\/rotary-2024\/produkte\/zubehor-reifenservice-de\/zubehor-radauswuchtmaschinen-de\/bandgewicht-rollenstutze\/"}],"components":[],"related":[],"similar":[{"id":384940,"cdmm_p_id":"504072","name":"Elektronische mikroprozessorgesteuerte Radauswuchtmaschine Librak350LWS","description":"3D mit Sonar, 22\u2033-LCD-Bildschirm, Pkw und Transporter, Felgendurchmesser 10 - 26\u2033, max. Raddurchmesser 43\u2033 | Rot (RAL 3002)","thumbnail":"https:\/\/dev.codekraft.it\/rotary-2024\/wp-content\/uploads\/brb_media\/00527898_wheel-balancer-librak350lws-mi-150x150.png","url":"https:\/\/dev.codekraft.it\/rotary-2024\/produkte\/reifenservice-de\/radauswuchtmaschinen-de\/elektronische-mikroprozessorgesteuerte-radauswuchtmaschine-librak350lws\/"},{"id":384934,"cdmm_p_id":"504071","name":"Elektronische mikroprozessorgesteuerte Radauswuchtmaschine Librak350LPWS","description":"3D mit Sonar, 22\u2033-LCD-Bildschirm, pneumatische Verriegelung, Pkw und Transporter, Felgendurchmesser 10 - 26\u2033, max. Raddurchmesser 43\u2033 | Rot (RAL 3002)","thumbnail":"https:\/\/dev.codekraft.it\/rotary-2024\/wp-content\/uploads\/brb_media\/00527899_wheel-balancer-librak350pws-mi-150x150.png","url":"https:\/\/dev.codekraft.it\/rotary-2024\/produkte\/reifenservice-de\/radauswuchtmaschinen-de\/elektronische-mikroprozessorgesteuerte-radauswuchtmaschine-librak350lpws\/"}],"lang":"de","translations":{"de":384947,"en":384945,"fr":384948,"it":384949,"es":384950,"ru":384951},"pll_sync_post":[],"_links":{"self":[{"href":"https:\/\/dev.codekraft.it\/rotary-2024\/wp-json\/wp\/v2\/product\/384947","targetHints":{"allow":["GET"]}}],"collection":[{"href":"https:\/\/dev.codekraft.it\/rotary-2024\/wp-json\/wp\/v2\/product"}],"about":[{"href":"https:\/\/dev.codekraft.it\/rotary-2024\/wp-json\/wp\/v2\/types\/product"}],"wp:featuredmedia":[{"embeddable":true,"href":"https:\/\/dev.codekraft.it\/rotary-2024\/wp-json\/wp\/v2\/media\/373410"}],"wp:attachment":[{"href":"https:\/\/dev.codekraft.it\/rotary-2024\/wp-json\/wp\/v2\/media?parent=384947"}],"wp:term":[{"taxonomy":"product_cat","embeddable":true,"href":"https:\/\/dev.codekraft.it\/rotary-2024\/wp-json\/wp\/v2\/product_cat?post=384947"},{"taxonomy":"product_tag","embeddable":true,"href":"https:\/\/dev.codekraft.it\/rotary-2024\/wp-json\/wp\/v2\/product_tag?post=384947"},{"taxonomy":"product_approvals","embeddable":true,"href":"https:\/\/dev.codekraft.it\/rotary-2024\/wp-json\/wp\/v2\/product_approvals?post=384947"},{"taxonomy":"product_application","embeddable":true,"href":"https:\/\/dev.codekraft.it\/rotary-2024\/wp-json\/wp\/v2\/product_application?post=384947"}],"curies":[{"name":"wp","href":"https:\/\/api.w.org\/{rel}","templated":true}]}}