{"id":384910,"date":"2025-06-03T10:31:53","date_gmt":"2025-06-03T10:31:53","guid":{"rendered":"https:\/\/dev.codekraft.it\/rotary-2024\/products\/uncategorized\/reifenmontiermaschine-karacter-ll-wdk\/"},"modified":"2025-06-03T10:31:53","modified_gmt":"2025-06-03T10:31:53","slug":"reifenmontiermaschine-karacter-ll-wdk","status":"publish","type":"product","link":"https:\/\/dev.codekraft.it\/rotary-2024\/produkte\/reifenservice-de\/reifenmontiermaschinen-de\/reifenmontiermaschine-karacter-ll-wdk\/","title":{"rendered":"Reifenmontiermaschine Karacter.LL WDK+"},"content":{"rendered":"","protected":false},"excerpt":{"rendered":"<p>Professionell, ohne Montiereisen &#8211; mit patentiertem Montagekopf aus Kunststoff, Pkw, Felgendurchmesser 10 &#8211; 26\u2033, max. Felgenbreite 380 mm | Rot (RAL 3002) | f\u00fcr alle Reifen mit max. Raddurchmesser 46\u2033 (1168 mm) | wdk-zertifiziert | Nicht verf\u00fcgbar f\u00fcr DACH-Markt<\/p>\n","protected":false},"featured_media":384480,"template":"","meta":[],"product_brand":[],"product_cat":[1033364],"product_tag":[1034161],"product_approvals":[],"product_application":[],"class_list":{"0":"post-384910","1":"product","2":"type-product","3":"status-publish","4":"has-post-thumbnail","6":"product_cat-reifenmontiermaschinen-de","7":"product_tag-passenger-cars-de","9":"first","10":"instock","11":"shipping-taxable","12":"product-type-simple"},"approvals":[],"application":[],"brb_media_brochure":"","brb_media_drawing":"","brb_media_manuals":[{"id":384481,"url":"https:\/\/dev.codekraft.it\/rotary-2024\/wp-content\/uploads\/brb_media\/00539680_tyre-changer-karacterll-im-7108-m013-01_vsg_rev01-de-2024-03.pdf","title":"tyre changer karacterll im 7108 m013 01 vsg rev01 de 2024 03","mpn":"","thumbnail":"https:\/\/dev.codekraft.it\/rotary-2024\/wp-content\/uploads\/brb_media\/00539680_tyre-changer-karacterll-im-7108-m013-01_vsg_rev01-de-2024-03-pdf-106x150.png","description":""},{"id":384482,"url":"https:\/\/dev.codekraft.it\/rotary-2024\/wp-content\/uploads\/brb_media\/00539681_tyre-changer-karacterll-im-7108-m013-01_vsg_rev01-en-2024-03.pdf","title":"tyre changer karacterll im 7108 m013 01 vsg rev01 en 2024 03","mpn":"","thumbnail":"https:\/\/dev.codekraft.it\/rotary-2024\/wp-content\/uploads\/brb_media\/00539681_tyre-changer-karacterll-im-7108-m013-01_vsg_rev01-en-2024-03-pdf-106x150.png","description":""},{"id":384483,"url":"https:\/\/dev.codekraft.it\/rotary-2024\/wp-content\/uploads\/brb_media\/00539682_tyre-changer-karacterll-im-7108-m013-01_vsg_rev01-fr-2024-03.pdf","title":"tyre changer karacterll im 7108 m013 01 vsg rev01 fr 2024 03","mpn":"","thumbnail":"https:\/\/dev.codekraft.it\/rotary-2024\/wp-content\/uploads\/brb_media\/00539682_tyre-changer-karacterll-im-7108-m013-01_vsg_rev01-fr-2024-03-pdf-106x150.png","description":""},{"id":384484,"url":"https:\/\/dev.codekraft.it\/rotary-2024\/wp-content\/uploads\/brb_media\/00539683_tyre-changer-karacterll-im-7108-m013-01_vsg_rev01-it-2024-03.pdf","title":"tyre changer karacterll im 7108 m013 01 vsg rev01 it 2024 03","mpn":"","thumbnail":"https:\/\/dev.codekraft.it\/rotary-2024\/wp-content\/uploads\/brb_media\/00539683_tyre-changer-karacterll-im-7108-m013-01_vsg_rev01-it-2024-03-pdf-106x150.png","description":""},{"id":384485,"url":"https:\/\/dev.codekraft.it\/rotary-2024\/wp-content\/uploads\/brb_media\/00539684_tyre-changer-karacterll-im-7108-m013-01_vsg_rev01-es-2024-03.pdf","title":"tyre changer karacterll im 7108 m013 01 vsg rev01 es 2024 03","mpn":"","thumbnail":"https:\/\/dev.codekraft.it\/rotary-2024\/wp-content\/uploads\/brb_media\/00539684_tyre-changer-karacterll-im-7108-m013-01_vsg_rev01-es-2024-03-pdf-106x150.png","description":""}],"brb_media_safety_datasheets":"","brb_media_spare_parts":[],"_cdmm_p_id":"504068","_company":"Elektron","_gtin":"5063084200365","accessories":[{"id":383990,"mpn":"G1000A146","name":"Radheber","description":"","thumbnail":"https:\/\/dev.codekraft.it\/rotary-2024\/wp-content\/uploads\/brb_media\/00535631_tyre-changers-g1000a146-mi-150x150.png","url":"https:\/\/dev.codekraft.it\/rotary-2024\/produkte\/zubehor-reifenservice-de\/zubehor-reifenmontiermaschinen-de\/radheber\/"},{"id":380620,"mpn":"G1000A142","name":"Oberer Montagekopf f\u00fcr gew\u00f6lbte Felgen","description":"","thumbnail":"https:\/\/dev.codekraft.it\/rotary-2024\/wp-content\/uploads\/brb_media\/00506689_g1000a142-150x150.png","url":"https:\/\/dev.codekraft.it\/rotary-2024\/produkte\/zubehor-reifenservice-de\/zubehor-reifenmontiermaschinen-de\/oberer-montagekopf-fur-gewolbte-felgen\/"},{"id":382696,"mpn":"G1000A142K","name":"Oberer Montagekopf f\u00fcr gew\u00f6lbte Felgen | 1 Satz \/ 6 St\u00fcck","description":"","thumbnail":"https:\/\/dev.codekraft.it\/rotary-2024\/wp-content\/uploads\/brb_media\/00506689_g1000a142-150x150.png","url":"https:\/\/dev.codekraft.it\/rotary-2024\/produkte\/zubehor-reifenservice-de\/zubehor-reifenmontiermaschinen-de\/oberer-montagekopf-fur-gewolbte-felgen-1-satz-6-stuck\/"},{"id":383639,"mpn":"G1000A65","name":"Kunststoffschutz G1000A65","description":"F\u00fcr obere Montagevorrichtung | 1 St\u00fcck","thumbnail":"https:\/\/dev.codekraft.it\/rotary-2024\/wp-content\/uploads\/brb_media\/00535626_tyre-changer-g1000a65k-mi-150x150.png","url":"https:\/\/dev.codekraft.it\/rotary-2024\/produkte\/zubehor-reifenservice-de\/zubehor-reifenmontiermaschinen-de\/kunststoffschutz-g1000a65\/"},{"id":383633,"mpn":"G1000A65K","name":"Kunststoffschutz G1000A65K","description":"F\u00fcr obere Montagevorrichtung | 1 Satz \/ 5 St\u00fcck","thumbnail":"https:\/\/dev.codekraft.it\/rotary-2024\/wp-content\/uploads\/brb_media\/00535626_tyre-changer-g1000a65k-mi-150x150.png","url":"https:\/\/dev.codekraft.it\/rotary-2024\/produkte\/zubehor-reifenservice-de\/zubehor-reifenmontiermaschinen-de\/kunststoffschutz-g1000a65k\/"},{"id":381529,"mpn":"G1000A84K","name":"Kunststoffschutz f\u00fcr Zentrierkegel","description":"Konusschutz f\u00fcr G1000A138 - G1000A80  | 1 Satz \/ 5 St\u00fcck","thumbnail":"https:\/\/dev.codekraft.it\/rotary-2024\/wp-content\/uploads\/brb_media\/00506709_g1000a84k-150x150.png","url":"https:\/\/dev.codekraft.it\/rotary-2024\/produkte\/zubehor-reifenservice-de\/zubehor-reifenmontiermaschinen-de\/kunststoffschutz-fur-zentrierkegel\/"},{"id":381535,"mpn":"G1000A70K","name":"Kunststoffschutz f\u00fcr Zugstangenbolzen","description":"Schutz f\u00fcr Zugvorrichtung am Spanntisch | 1 Satz \/ 5 St\u00fcck","thumbnail":"https:\/\/dev.codekraft.it\/rotary-2024\/wp-content\/uploads\/brb_media\/00506705_g1000a70k-150x150.png","url":"https:\/\/dev.codekraft.it\/rotary-2024\/produkte\/zubehor-reifenservice-de\/zubehor-reifenmontiermaschinen-de\/kunststoffschutz-fur-zugstangenbolzen\/"},{"id":381523,"mpn":"G1000A81K","name":"Gummischutz f\u00fcr Montageteller","description":"Gummischutz-Set f\u00fcr Tiefbettfelgen | 1 Satz \/ 10 St\u00fcck","thumbnail":"https:\/\/dev.codekraft.it\/rotary-2024\/wp-content\/uploads\/brb_media\/00506708_g1000a81k-sp-150x150.png","url":"https:\/\/dev.codekraft.it\/rotary-2024\/produkte\/zubehor-reifenservice-de\/zubehor-reifenmontiermaschinen-de\/gummischutz-fur-montageteller\/"},{"id":383813,"mpn":"G1000A158","name":"Typenspannplatte Universal | f\u00fcr Tiefbettfelgen","description":"Universalflansch","thumbnail":"https:\/\/dev.codekraft.it\/rotary-2024\/wp-content\/uploads\/brb_media\/00506723_g1000a87-150x150.png","url":"https:\/\/dev.codekraft.it\/rotary-2024\/produkte\/zubehor-reifenservice-de\/zubehor-reifenmontiermaschinen-de\/typenspannplatte-universal-fur-tiefbettfelgen\/"},{"id":382086,"mpn":"G1000A137","name":"Typenspannplatte Universal | f\u00fcr Felgen ohne Mittenloch und umgekehrte Felgen | f\u00fcr G1000A138","description":"Universalflansch f\u00fcr Blind- und Umkehrfelgen","thumbnail":"https:\/\/dev.codekraft.it\/rotary-2024\/wp-content\/uploads\/brb_media\/00506682_g1000a137-01-150x150.png","url":"https:\/\/dev.codekraft.it\/rotary-2024\/produkte\/zubehor-reifenservice-de\/zubehor-reifenmontiermaschinen-de\/typenspannplatte-universal-fur-felgen-ohne-mittenloch-und-umgekehrte-felgen-fur-g1000a138\/"},{"id":383820,"mpn":"G1000A161","name":"Typenspannplatte Universal | f\u00fcr CLAD-Felgen mit Mittenloch","description":"Universaltypenflansch zum Fixieren von Felgen mit Zentralloch f\u00fcr die Fixierung","thumbnail":"https:\/\/dev.codekraft.it\/rotary-2024\/wp-content\/uploads\/brb_media\/00535630_g1000a161-mi-150x150.png","url":"https:\/\/dev.codekraft.it\/rotary-2024\/produkte\/zubehor-reifenservice-de\/zubehor-reifenmontiermaschinen-de\/typenspannplatte-universal-fur-clad-felgen-mit-mittenloch\/"},{"id":381583,"mpn":"G1000A86","name":"Spiegel mit Magnethalterung","description":"","thumbnail":"https:\/\/dev.codekraft.it\/rotary-2024\/wp-content\/uploads\/brb_media\/00506710_g1000a86-150x150.png","url":"https:\/\/dev.codekraft.it\/rotary-2024\/produkte\/zubehor-reifenservice-de\/zubehor-reifenmontiermaschinen-de\/spiegel-mit-magnethalterung\/"},{"id":381547,"mpn":"G1000A101","name":"Flansch f\u00fcr LT (LLkw)","description":"F\u00fcr Reifenmontiermaschinen mit Zentralspannung","thumbnail":"https:\/\/dev.codekraft.it\/rotary-2024\/wp-content\/uploads\/brb_media\/00506669_g1000a101-150x150.png","url":"https:\/\/dev.codekraft.it\/rotary-2024\/produkte\/zubehor-reifenservice-de\/zubehor-reifenmontiermaschinen-de\/flansch-fur-lt-llkw\/"},{"id":383224,"mpn":"G1000A152A","name":"Flansch f\u00fcr LT (LLkw) | Antriebswelle \u00d8 14 mm","description":"F\u00fcr Reifenmontiermaschinen mit Zentralspannung","thumbnail":"https:\/\/dev.codekraft.it\/rotary-2024\/wp-content\/uploads\/brb_media\/00506669_g1000a101-150x150.png","url":"https:\/\/dev.codekraft.it\/rotary-2024\/produkte\/zubehor-reifenservice-de\/zubehor-reifenmontiermaschinen-de\/flansch-fur-lt-llkw-antriebswelle-o-14-mm\/"},{"id":383175,"mpn":"G1000A92","name":"Konus mit Distanzring | f\u00fcr 40er Welle | \u00d8 50 mm","description":"","thumbnail":"https:\/\/dev.codekraft.it\/rotary-2024\/wp-content\/uploads\/brb_media\/00506712_g1000a92-150x150.png","url":"https:\/\/dev.codekraft.it\/rotary-2024\/produkte\/zubehor-reifenservice-de\/zubehor-reifenmontiermaschinen-de\/konus-mit-distanzring-fur-40er-welle-o-50-mm\/"},{"id":381559,"mpn":"G1000A126","name":"Konus mit Distanzring | f\u00fcr 40er Welle | \u00d8 69 mm","description":"Erforderlich G1000A80 - G1000A138","thumbnail":"https:\/\/dev.codekraft.it\/rotary-2024\/wp-content\/uploads\/brb_media\/00471557_tyre-changers-cone-for-40-mm-shaft-di-150x150.png","url":"https:\/\/dev.codekraft.it\/rotary-2024\/produkte\/zubehor-reifenservice-de\/zubehor-reifenmontiermaschinen-de\/konus-mit-distanzring-fur-40er-welle-o-69-mm\/"}],"components":[],"related":[],"page_logo_src":"https:\/\/dev.codekraft.it\/rotary-2024\/wp-content\/uploads\/2024\/05\/cropped-rotary-logo-2022.png","lang":"de","translations":{"de":384910,"en":384909,"fr":384911,"it":384912,"es":384913,"ru":384914},"pll_sync_post":[],"_links":{"self":[{"href":"https:\/\/dev.codekraft.it\/rotary-2024\/wp-json\/wp\/v2\/product\/384910","targetHints":{"allow":["GET"]}}],"collection":[{"href":"https:\/\/dev.codekraft.it\/rotary-2024\/wp-json\/wp\/v2\/product"}],"about":[{"href":"https:\/\/dev.codekraft.it\/rotary-2024\/wp-json\/wp\/v2\/types\/product"}],"wp:featuredmedia":[{"embeddable":true,"href":"https:\/\/dev.codekraft.it\/rotary-2024\/wp-json\/wp\/v2\/media\/384480"}],"wp:attachment":[{"href":"https:\/\/dev.codekraft.it\/rotary-2024\/wp-json\/wp\/v2\/media?parent=384910"}],"wp:term":[{"taxonomy":"product_brand","embeddable":true,"href":"https:\/\/dev.codekraft.it\/rotary-2024\/wp-json\/wp\/v2\/product_brand?post=384910"},{"taxonomy":"product_cat","embeddable":true,"href":"https:\/\/dev.codekraft.it\/rotary-2024\/wp-json\/wp\/v2\/product_cat?post=384910"},{"taxonomy":"product_tag","embeddable":true,"href":"https:\/\/dev.codekraft.it\/rotary-2024\/wp-json\/wp\/v2\/product_tag?post=384910"},{"taxonomy":"product_approvals","embeddable":true,"href":"https:\/\/dev.codekraft.it\/rotary-2024\/wp-json\/wp\/v2\/product_approvals?post=384910"},{"taxonomy":"product_application","embeddable":true,"href":"https:\/\/dev.codekraft.it\/rotary-2024\/wp-json\/wp\/v2\/product_application?post=384910"}],"curies":[{"name":"wp","href":"https:\/\/api.w.org\/{rel}","templated":true}]}}