{"id":384905,"date":"2025-09-08T09:00:27","date_gmt":"2025-09-08T09:00:27","guid":{"rendered":"https:\/\/dev.codekraft.it\/rotary-2024\/products\/uncategorized\/demonte-pneu-hp440-22fim\/"},"modified":"2025-09-08T09:00:27","modified_gmt":"2025-09-08T09:00:27","slug":"demonte-pneu-hp440-22fim","status":"publish","type":"product","link":"https:\/\/dev.codekraft.it\/rotary-2024\/fr\/produits\/service-de-pneus-fr\/demonte-pneus-fr\/demonte-pneu-hp440-22fim\/","title":{"rendered":"D\u00e9monte-pneu HP440.22FIM"},"content":{"rendered":"","protected":false},"excerpt":{"rendered":"<p>T\u00eate de montage et levier, automatique, moteur \u00e9lectrique avec 2 vitesses (max. 14 tr\/min), incl. dispositif de gonflage tubeless, voiture de tourisme, diam\u00e8tre de jante 10 &#8211; 24\u2033, largeur de jante max. 330 mm | Gris (RAL 7016)<\/p>\n","protected":false},"featured_media":355503,"template":"","meta":[],"product_brand":[],"product_cat":[1033384],"product_tag":[1034163],"product_approvals":[],"product_application":[],"class_list":{"0":"post-384905","1":"product","2":"type-product","3":"status-publish","4":"has-post-thumbnail","6":"product_cat-demonte-pneus-fr","7":"product_tag-passenger-cars-fr","9":"first","10":"instock","11":"shipping-taxable","12":"product-type-simple"},"approvals":[],"application":[],"brb_media_brochure":"","brb_media_drawing":"","brb_media_manuals":[{"id":384145,"url":"https:\/\/dev.codekraft.it\/rotary-2024\/wp-content\/uploads\/brb_media\/00536850_tyre-changer-rothp440-ravg5440-spaga1440-im-7300-m060-00_vsg_rev00-de-2023-09.pdf","title":"tyre changer rothp440 ravg5440 spaga1440 im 7300 m060 00 vsg rev00 de 2023 09","mpn":"","thumbnail":"https:\/\/dev.codekraft.it\/rotary-2024\/wp-content\/uploads\/brb_media\/00536850_tyre-changer-rothp440-ravg5440-spaga1440-im-7300-m060-00_vsg_rev00-de-2023-09-pdf-106x150.png","description":""},{"id":384146,"url":"https:\/\/dev.codekraft.it\/rotary-2024\/wp-content\/uploads\/brb_media\/00536851_tyre-changer-rothp440-ravg5440-spaga1440-im-7300-m060-00_vsg_rev00-en-2023-09.pdf","title":"tyre changer rothp440 ravg5440 spaga1440 im 7300 m060 00 vsg rev00 en 2023 09","mpn":"","thumbnail":"https:\/\/dev.codekraft.it\/rotary-2024\/wp-content\/uploads\/brb_media\/00536851_tyre-changer-rothp440-ravg5440-spaga1440-im-7300-m060-00_vsg_rev00-en-2023-09-pdf-106x150.png","description":""},{"id":384147,"url":"https:\/\/dev.codekraft.it\/rotary-2024\/wp-content\/uploads\/brb_media\/00536852_tyre-changer-rothp440-ravg5440-spaga1440-im-7300-m060-00_vsg_rev00-fr-2023-09.pdf","title":"tyre changer rothp440 ravg5440 spaga1440 im 7300 m060 00 vsg rev00 fr 2023 09","mpn":"","thumbnail":"https:\/\/dev.codekraft.it\/rotary-2024\/wp-content\/uploads\/brb_media\/00536852_tyre-changer-rothp440-ravg5440-spaga1440-im-7300-m060-00_vsg_rev00-fr-2023-09-pdf-106x150.png","description":""},{"id":384148,"url":"https:\/\/dev.codekraft.it\/rotary-2024\/wp-content\/uploads\/brb_media\/00536853_tyre-changer-rothp440-ravg5440-spaga1440-im-7300-m060-00_vsg_rev00-it-2023-09.pdf","title":"tyre changer rothp440 ravg5440 spaga1440 im 7300 m060 00 vsg rev00 it 2023 09","mpn":"","thumbnail":"https:\/\/dev.codekraft.it\/rotary-2024\/wp-content\/uploads\/brb_media\/00536853_tyre-changer-rothp440-ravg5440-spaga1440-im-7300-m060-00_vsg_rev00-it-2023-09-pdf-106x150.png","description":""},{"id":384149,"url":"https:\/\/dev.codekraft.it\/rotary-2024\/wp-content\/uploads\/brb_media\/00536854_tyre-changer-rothp440-ravg5440-spaga1440-im-7300-m060-00_vsg_rev00-es-2023-09.pdf","title":"tyre changer rothp440 ravg5440 spaga1440 im 7300 m060 00 vsg rev00 es 2023 09","mpn":"","thumbnail":"https:\/\/dev.codekraft.it\/rotary-2024\/wp-content\/uploads\/brb_media\/00536854_tyre-changer-rothp440-ravg5440-spaga1440-im-7300-m060-00_vsg_rev00-es-2023-09-pdf-106x150.png","description":""},{"id":384150,"url":"https:\/\/dev.codekraft.it\/rotary-2024\/wp-content\/uploads\/brb_media\/00536855_tyre-changer-rothp440-ravg5440-spaga1440-im-7300-m060-00_vsg_rev00-pl-2023-09.pdf","title":"tyre changer rothp440 ravg5440 spaga1440 im 7300 m060 00 vsg rev00 pl 2023 09","mpn":"","thumbnail":"https:\/\/dev.codekraft.it\/rotary-2024\/wp-content\/uploads\/brb_media\/00536855_tyre-changer-rothp440-ravg5440-spaga1440-im-7300-m060-00_vsg_rev00-pl-2023-09-pdf-106x150.png","description":""}],"brb_media_safety_datasheets":"","brb_media_spare_parts":[],"_cdmm_p_id":"504066","_company":"Elektron","_gtin":"5063084201720","accessories":[{"id":381456,"mpn":"G800A11","name":"Protection plastique pour pelle d\u00e9talonneuse","description":"Protection pelle d\u00e9talonneuse | 1 pi\u00e8ce","thumbnail":"https:\/\/dev.codekraft.it\/rotary-2024\/wp-content\/uploads\/brb_media\/00506714_g800a11-01-150x150.png","url":"https:\/\/dev.codekraft.it\/rotary-2024\/fr\/produits\/accessoires-service-de-pneus-fr\/accessoires-demonte-pneu-fr\/protection-plastique-pour-pelle-detalonneuse\/"},{"id":381995,"mpn":"G800A11K","name":"Protection plastique pour pelle d\u00e9talonneuse","description":"Protection pelle d\u00e9talonneuse |  5 pi\u00e8ces","thumbnail":"https:\/\/dev.codekraft.it\/rotary-2024\/wp-content\/uploads\/brb_media\/00506714_g800a11-01-150x150.png","url":"https:\/\/dev.codekraft.it\/rotary-2024\/fr\/produits\/accessoires-service-de-pneus-fr\/accessoires-demonte-pneu-fr\/protection-plastique-pour-pelle-detalonneuse-2\/"},{"id":380427,"mpn":"G800A131","name":"M\u00e2choires de serrage Protection en plastique","description":"","thumbnail":"https:\/\/dev.codekraft.it\/rotary-2024\/wp-content\/uploads\/brb_media\/00437954_08-g800a5-150x150.jpg","url":"https:\/\/dev.codekraft.it\/rotary-2024\/fr\/produits\/accessoires-service-de-pneus-fr\/accessoires-demonte-pneu-fr\/machoires-de-serrage-protection-en-plastique\/"},{"id":380433,"mpn":"G800A132K","name":"Protection plastique pour t\u00eate de montage","description":"Kit de protection t\u00eate pour jantes en alliage | 1 jeu","thumbnail":"https:\/\/dev.codekraft.it\/rotary-2024\/wp-content\/uploads\/brb_media\/00437955_10-g800a8-150x150.jpg","url":"https:\/\/dev.codekraft.it\/rotary-2024\/fr\/produits\/accessoires-service-de-pneus-fr\/accessoires-demonte-pneu-fr\/protection-plastique-pour-tete-de-montage\/"},{"id":384899,"mpn":"G800A136","name":"Mors de serrage de moto","description":"","thumbnail":"https:\/\/dev.codekraft.it\/rotary-2024\/wp-content\/uploads\/brb_media\/00506658_g84a5-150x150.png","url":"https:\/\/dev.codekraft.it\/rotary-2024\/fr\/produits\/accessoires-service-de-pneus-fr\/accessoires-demonte-pneu-fr\/mors-de-serrage-de-moto\/"},{"id":383306,"mpn":"G1000A13K","name":"Protections levier pour t\u00eate de montage | 1 jeu \/ 50 pi\u00e8ces","description":"","thumbnail":"https:\/\/dev.codekraft.it\/rotary-2024\/wp-content\/uploads\/brb_media\/00506686_g1000a13k-150x150.png","url":"https:\/\/dev.codekraft.it\/rotary-2024\/fr\/produits\/accessoires-service-de-pneus-fr\/accessoires-demonte-pneu-fr\/protections-levier-pour-tete-de-montage-1-jeu-50-pieces\/"}],"components":[],"related":[],"page_logo_src":"https:\/\/dev.codekraft.it\/rotary-2024\/wp-content\/uploads\/2026\/04\/rotary-negative-logo.png","lang":"fr","translations":{"fr":384905,"en":384903,"de":384904,"it":384906,"es":384907,"ru":384908},"pll_sync_post":[],"_links":{"self":[{"href":"https:\/\/dev.codekraft.it\/rotary-2024\/wp-json\/wp\/v2\/product\/384905","targetHints":{"allow":["GET"]}}],"collection":[{"href":"https:\/\/dev.codekraft.it\/rotary-2024\/wp-json\/wp\/v2\/product"}],"about":[{"href":"https:\/\/dev.codekraft.it\/rotary-2024\/wp-json\/wp\/v2\/types\/product"}],"wp:featuredmedia":[{"embeddable":true,"href":"https:\/\/dev.codekraft.it\/rotary-2024\/wp-json\/wp\/v2\/media\/355503"}],"wp:attachment":[{"href":"https:\/\/dev.codekraft.it\/rotary-2024\/wp-json\/wp\/v2\/media?parent=384905"}],"wp:term":[{"taxonomy":"product_brand","embeddable":true,"href":"https:\/\/dev.codekraft.it\/rotary-2024\/wp-json\/wp\/v2\/product_brand?post=384905"},{"taxonomy":"product_cat","embeddable":true,"href":"https:\/\/dev.codekraft.it\/rotary-2024\/wp-json\/wp\/v2\/product_cat?post=384905"},{"taxonomy":"product_tag","embeddable":true,"href":"https:\/\/dev.codekraft.it\/rotary-2024\/wp-json\/wp\/v2\/product_tag?post=384905"},{"taxonomy":"product_approvals","embeddable":true,"href":"https:\/\/dev.codekraft.it\/rotary-2024\/wp-json\/wp\/v2\/product_approvals?post=384905"},{"taxonomy":"product_application","embeddable":true,"href":"https:\/\/dev.codekraft.it\/rotary-2024\/wp-json\/wp\/v2\/product_application?post=384905"}],"curies":[{"name":"wp","href":"https:\/\/api.w.org\/{rel}","templated":true}]}}