{"id":384895,"date":"2025-09-08T09:01:38","date_gmt":"2025-09-08T09:01:38","guid":{"rendered":"https:\/\/dev.codekraft.it\/rotary-2024\/products\/uncategorized\/desmontadora-de-neumaticos-nav63-15a\/"},"modified":"2025-09-08T09:01:38","modified_gmt":"2025-09-08T09:01:38","slug":"desmontadora-de-neumaticos-nav63-15a","status":"publish","type":"product","link":"https:\/\/dev.codekraft.it\/rotary-2024\/es\/productos\/servicio-de-llantas-es\/desmontadoras-es\/desmontadora-de-neumaticos-nav63-15a\/","title":{"rendered":"Desmontadora de neum\u00e1ticos NAV63.15A"},"content":{"rendered":"","protected":false},"excerpt":{"rendered":"<p>Sin palanca, movimiento totalmente hidr\u00e1ulico del brazo portaherramientas, 2 velocidades (max. 8 r\/min), unidad de control hidraulico, cami\u00f3n, di\u00e1metro de llanta 11 &#8211; 60\u2033, ancho m\u00e1ximo de llanta 1500 mm | Rojo (RAL 3002)<\/p>\n","protected":false},"featured_media":352848,"template":"","meta":[],"product_cat":[1033424],"product_tag":[1034134],"product_approvals":[],"product_application":[],"class_list":{"0":"post-384895","1":"product","2":"type-product","3":"status-publish","4":"has-post-thumbnail","6":"product_cat-desmontadoras-es","7":"product_tag-trucks-es","9":"first","10":"instock","11":"shipping-taxable","12":"product-type-simple"},"approvals":[],"application":[],"brb_media_brochure":"","brb_media_drawing":"","brb_media_manuals":[{"id":380184,"url":"https:\/\/dev.codekraft.it\/rotary-2024\/wp-content\/uploads\/brb_media\/00548731_tyre-changer-rotn4315-rotn6315-ravg9256-ravg0360-spag0360-im-7522-m010-00_vsg_rev00-de-2023-11.pdf","title":"Tyre changer ROTN4315 ROTN6315 RAVG9256 RAVG0360 SPAG0360 IM 7522 M010 00 VSG rev00 de 2023 11","thumbnail":"https:\/\/dev.codekraft.it\/rotary-2024\/wp-content\/uploads\/brb_media\/00548731_tyre-changer-rotn4315-rotn6315-ravg9256-ravg0360-spag0360-im-7522-m010-00_vsg_rev00-de-2023-11-pdf-106x150.png","description":""},{"id":380185,"url":"https:\/\/dev.codekraft.it\/rotary-2024\/wp-content\/uploads\/brb_media\/00548733_tyre-changer-rotn4315-rotn6315-ravg9256-ravg0360-spag0360-im-7522-m010-00_vsg_rev00-en-2023-11.pdf","title":"Tyre changer ROTN4315 ROTN6315 RAVG9256 RAVG0360 SPAG0360 IM 7522 M010 00 VSG rev00 en 2023 11","thumbnail":"https:\/\/dev.codekraft.it\/rotary-2024\/wp-content\/uploads\/brb_media\/00548733_tyre-changer-rotn4315-rotn6315-ravg9256-ravg0360-spag0360-im-7522-m010-00_vsg_rev00-en-2023-11-pdf-106x150.png","description":""},{"id":380186,"url":"https:\/\/dev.codekraft.it\/rotary-2024\/wp-content\/uploads\/brb_media\/00548734_tyre-changer-rotn4315-rotn6315-ravg9256-ravg0360-spag0360-im-7522-m010-00_vsg_rev00-fr-2023-11.pdf","title":"Tyre changer ROTN4315 ROTN6315 RAVG9256 RAVG0360 SPAG0360 IM 7522 M010 00 VSG rev00 fr 2023 11","thumbnail":"https:\/\/dev.codekraft.it\/rotary-2024\/wp-content\/uploads\/brb_media\/00548734_tyre-changer-rotn4315-rotn6315-ravg9256-ravg0360-spag0360-im-7522-m010-00_vsg_rev00-fr-2023-11-pdf-106x150.png","description":""},{"id":380187,"url":"https:\/\/dev.codekraft.it\/rotary-2024\/wp-content\/uploads\/brb_media\/00548735_tyre-changer-rotn4315-rotn6315-ravg9256-ravg0360-spag0360-im-7522-m010-00_vsg_rev00-it-2023-11.pdf","title":"Tyre changer ROTN4315 ROTN6315 RAVG9256 RAVG0360 SPAG0360 IM 7522 M010 00 VSG rev00 it 2023 11","thumbnail":"https:\/\/dev.codekraft.it\/rotary-2024\/wp-content\/uploads\/brb_media\/00548735_tyre-changer-rotn4315-rotn6315-ravg9256-ravg0360-spag0360-im-7522-m010-00_vsg_rev00-it-2023-11-pdf-106x150.png","description":""},{"id":380188,"url":"https:\/\/dev.codekraft.it\/rotary-2024\/wp-content\/uploads\/brb_media\/00548736_tyre-changer-rotn4315-rotn6315-ravg9256-ravg0360-spag0360-im-7522-m010-00_vsg_rev00-es-2023-11.pdf","title":"Tyre changer ROTN4315 ROTN6315 RAVG9256 RAVG0360 SPAG0360 IM 7522 M010 00 VSG rev00 es 2023 11","thumbnail":"https:\/\/dev.codekraft.it\/rotary-2024\/wp-content\/uploads\/brb_media\/00548736_tyre-changer-rotn4315-rotn6315-ravg9256-ravg0360-spag0360-im-7522-m010-00_vsg_rev00-es-2023-11-pdf-106x150.png","description":""}],"brb_media_safety_datasheets":"","brb_media_spare_parts":[],"_cdmm_p_id":"504064","_company":"Elektron","_gtin":"5063084200341","accessories":[{"id":382108,"cdmm_p_id":"499819","name":"Jab\u00f3n lubricante para montaje\/desmontaje neum\u00e1ticos | 3,5 kg","description":"","thumbnail":"https:\/\/dev.codekraft.it\/rotary-2024\/wp-content\/uploads\/brb_media\/00506743_g800a37-150x150.png","url":"https:\/\/dev.codekraft.it\/rotary-2024\/es\/productos\/accesorios-servicio-de-llantas-es\/accesorios-desmontadoras-es\/jabon-lubricante-para-montaje-desmontaje-neumaticos-35-kg\/"},{"id":382052,"cdmm_p_id":"499810","name":"Protecci\u00f3n garras para llantas de aleaci\u00f3n","description":"1 juego \/ 4 piezas","thumbnail":"https:\/\/dev.codekraft.it\/rotary-2024\/wp-content\/uploads\/brb_media\/00506728_g108a1-150x150.png","url":"https:\/\/dev.codekraft.it\/rotary-2024\/es\/productos\/accesorios-servicio-de-llantas-es\/accesorios-desmontadoras-es\/proteccion-garras-para-llantas-de-aleacion\/"}],"components":[],"related":[],"similar":[{"id":380193,"cdmm_p_id":"481623","name":"Desmontadora de neum\u00e1ticos NAV63.15","description":"Sin palanca, movimiento totalmente hidr\u00e1ulico del brazo portaherramientas, 2 velocidades (max. 8 r\/min), unidad operativa por cable, cami\u00f3n, di\u00e1metro de llanta 11 - 60\u2033, ancho m\u00e1ximo de llanta 1500 mm | Rojo (RAL 3002)","thumbnail":"https:\/\/dev.codekraft.it\/rotary-2024\/wp-content\/uploads\/brb_media\/00524011_tyre-changer-nav6315-mi-150x150.png","url":"https:\/\/dev.codekraft.it\/rotary-2024\/es\/productos\/servicio-de-llantas-es\/desmontadoras-es\/desmontadora-de-neumaticos-nav63-15\/"},{"id":384889,"cdmm_p_id":"504063","name":"Desmontadora de neum\u00e1ticos NAV63.15BTH","description":"Sin palanca, movimiento totalmente hidr\u00e1ulico del brazo portaherramientas, 2 velocidades (max. 8 r\/min), unidad operativa con transmisi\u00f3n de datos por Bluetooth, cami\u00f3n, di\u00e1metro de llanta 11 - 60\u2033, ancho m\u00e1ximo de llanta 1500 mm | Rojo (RAL 3002)","thumbnail":"https:\/\/dev.codekraft.it\/rotary-2024\/wp-content\/uploads\/brb_media\/00524011_tyre-changer-nav6315-mi-150x150.png","url":"https:\/\/dev.codekraft.it\/rotary-2024\/es\/productos\/servicio-de-llantas-es\/desmontadoras-es\/desmontadora-de-neumaticos-nav63-15bth\/"},{"id":380205,"cdmm_p_id":"481625","name":"Desmontadora de neum\u00e1ticos NAV63.15","description":"Sin palanca, movimiento totalmente hidr\u00e1ulico del brazo portaherramientas, 2 velocidades (max. 8 r\/min), unidad operativa por cable, cami\u00f3n, di\u00e1metro de llanta 11 - 60\u2033, ancho m\u00e1ximo de llanta 1500 mm | Gris (RAL 7016)","thumbnail":"https:\/\/dev.codekraft.it\/rotary-2024\/wp-content\/uploads\/brb_media\/00524018_tyre-changer-nav6315-ral7016-mi-150x150.png","url":"https:\/\/dev.codekraft.it\/rotary-2024\/es\/productos\/servicio-de-llantas-es\/desmontadoras-es\/desmontadora-de-neumaticos-nav63-15-2\/"}],"page_logo_src":"https:\/\/dev.codekraft.it\/rotary-2024\/wp-content\/uploads\/2024\/05\/cropped-rotary-logo-2022.png","lang":"es","translations":{"es":384895,"en":384891,"de":384892,"fr":384893,"it":384894,"ru":384896},"pll_sync_post":[],"_links":{"self":[{"href":"https:\/\/dev.codekraft.it\/rotary-2024\/wp-json\/wp\/v2\/product\/384895","targetHints":{"allow":["GET"]}}],"collection":[{"href":"https:\/\/dev.codekraft.it\/rotary-2024\/wp-json\/wp\/v2\/product"}],"about":[{"href":"https:\/\/dev.codekraft.it\/rotary-2024\/wp-json\/wp\/v2\/types\/product"}],"wp:featuredmedia":[{"embeddable":true,"href":"https:\/\/dev.codekraft.it\/rotary-2024\/wp-json\/wp\/v2\/media\/352848"}],"wp:attachment":[{"href":"https:\/\/dev.codekraft.it\/rotary-2024\/wp-json\/wp\/v2\/media?parent=384895"}],"wp:term":[{"taxonomy":"product_cat","embeddable":true,"href":"https:\/\/dev.codekraft.it\/rotary-2024\/wp-json\/wp\/v2\/product_cat?post=384895"},{"taxonomy":"product_tag","embeddable":true,"href":"https:\/\/dev.codekraft.it\/rotary-2024\/wp-json\/wp\/v2\/product_tag?post=384895"},{"taxonomy":"product_approvals","embeddable":true,"href":"https:\/\/dev.codekraft.it\/rotary-2024\/wp-json\/wp\/v2\/product_approvals?post=384895"},{"taxonomy":"product_application","embeddable":true,"href":"https:\/\/dev.codekraft.it\/rotary-2024\/wp-json\/wp\/v2\/product_application?post=384895"}],"curies":[{"name":"wp","href":"https:\/\/api.w.org\/{rel}","templated":true}]}}