{"id":384889,"date":"2025-12-11T10:11:35","date_gmt":"2025-12-11T10:11:35","guid":{"rendered":"https:\/\/dev.codekraft.it\/rotary-2024\/products\/uncategorized\/desmontadora-de-neumaticos-nav63-15bth\/"},"modified":"2025-12-11T10:11:35","modified_gmt":"2025-12-11T10:11:35","slug":"desmontadora-de-neumaticos-nav63-15bth","status":"publish","type":"product","link":"https:\/\/dev.codekraft.it\/rotary-2024\/es\/productos\/servicio-de-llantas-es\/desmontadoras-es\/desmontadora-de-neumaticos-nav63-15bth\/","title":{"rendered":"Desmontadora de neum\u00e1ticos NAV63.15BTH"},"content":{"rendered":"","protected":false},"excerpt":{"rendered":"<p>Sin palanca, movimiento totalmente hidr\u00e1ulico del brazo portaherramientas, 2 velocidades (max. 8 r\/min), unidad operativa con transmisi\u00f3n de datos por Bluetooth, cami\u00f3n, di\u00e1metro de llanta 11 &#8211; 60\u2033, ancho m\u00e1ximo de llanta 1500 mm | Rojo (RAL 3002)<\/p>\n","protected":false},"featured_media":352848,"template":"","meta":[],"product_cat":[1033424],"product_tag":[1034134],"product_approvals":[],"product_application":[],"class_list":{"0":"post-384889","1":"product","2":"type-product","3":"status-publish","4":"has-post-thumbnail","6":"product_cat-desmontadoras-es","7":"product_tag-trucks-es","9":"first","10":"instock","11":"shipping-taxable","12":"product-type-simple"},"approvals":[],"application":[],"brb_media_brochure":"","brb_media_drawing":"","brb_media_manuals":[{"id":380184,"url":"https:\/\/dev.codekraft.it\/rotary-2024\/wp-content\/uploads\/brb_media\/00548731_tyre-changer-rotn4315-rotn6315-ravg9256-ravg0360-spag0360-im-7522-m010-00_vsg_rev00-de-2023-11.pdf","title":"Tyre changer ROTN4315 ROTN6315 RAVG9256 RAVG0360 SPAG0360 IM 7522 M010 00 VSG rev00 de 2023 11","thumbnail":"https:\/\/dev.codekraft.it\/rotary-2024\/wp-content\/uploads\/brb_media\/00548731_tyre-changer-rotn4315-rotn6315-ravg9256-ravg0360-spag0360-im-7522-m010-00_vsg_rev00-de-2023-11-pdf-106x150.png","description":""},{"id":380185,"url":"https:\/\/dev.codekraft.it\/rotary-2024\/wp-content\/uploads\/brb_media\/00548733_tyre-changer-rotn4315-rotn6315-ravg9256-ravg0360-spag0360-im-7522-m010-00_vsg_rev00-en-2023-11.pdf","title":"Tyre changer ROTN4315 ROTN6315 RAVG9256 RAVG0360 SPAG0360 IM 7522 M010 00 VSG rev00 en 2023 11","thumbnail":"https:\/\/dev.codekraft.it\/rotary-2024\/wp-content\/uploads\/brb_media\/00548733_tyre-changer-rotn4315-rotn6315-ravg9256-ravg0360-spag0360-im-7522-m010-00_vsg_rev00-en-2023-11-pdf-106x150.png","description":""},{"id":380186,"url":"https:\/\/dev.codekraft.it\/rotary-2024\/wp-content\/uploads\/brb_media\/00548734_tyre-changer-rotn4315-rotn6315-ravg9256-ravg0360-spag0360-im-7522-m010-00_vsg_rev00-fr-2023-11.pdf","title":"Tyre changer ROTN4315 ROTN6315 RAVG9256 RAVG0360 SPAG0360 IM 7522 M010 00 VSG rev00 fr 2023 11","thumbnail":"https:\/\/dev.codekraft.it\/rotary-2024\/wp-content\/uploads\/brb_media\/00548734_tyre-changer-rotn4315-rotn6315-ravg9256-ravg0360-spag0360-im-7522-m010-00_vsg_rev00-fr-2023-11-pdf-106x150.png","description":""},{"id":380187,"url":"https:\/\/dev.codekraft.it\/rotary-2024\/wp-content\/uploads\/brb_media\/00548735_tyre-changer-rotn4315-rotn6315-ravg9256-ravg0360-spag0360-im-7522-m010-00_vsg_rev00-it-2023-11.pdf","title":"Tyre changer ROTN4315 ROTN6315 RAVG9256 RAVG0360 SPAG0360 IM 7522 M010 00 VSG rev00 it 2023 11","thumbnail":"https:\/\/dev.codekraft.it\/rotary-2024\/wp-content\/uploads\/brb_media\/00548735_tyre-changer-rotn4315-rotn6315-ravg9256-ravg0360-spag0360-im-7522-m010-00_vsg_rev00-it-2023-11-pdf-106x150.png","description":""},{"id":380188,"url":"https:\/\/dev.codekraft.it\/rotary-2024\/wp-content\/uploads\/brb_media\/00548736_tyre-changer-rotn4315-rotn6315-ravg9256-ravg0360-spag0360-im-7522-m010-00_vsg_rev00-es-2023-11.pdf","title":"Tyre changer ROTN4315 ROTN6315 RAVG9256 RAVG0360 SPAG0360 IM 7522 M010 00 VSG rev00 es 2023 11","thumbnail":"https:\/\/dev.codekraft.it\/rotary-2024\/wp-content\/uploads\/brb_media\/00548736_tyre-changer-rotn4315-rotn6315-ravg9256-ravg0360-spag0360-im-7522-m010-00_vsg_rev00-es-2023-11-pdf-106x150.png","description":""}],"brb_media_safety_datasheets":"","brb_media_spare_parts":[],"_cdmm_p_id":"504063","_company":"Elektron","_gtin":"5063084200310","accessories":[{"id":382046,"cdmm_p_id":"499809","name":"Extensiones agarre plato para llanta \u00d8 hasta 56\u2033","description":"Adaptadores para ampliar el rango de sujeci\u00f3n | 1 juego \/ 4 piezas","thumbnail":"https:\/\/dev.codekraft.it\/rotary-2024\/wp-content\/uploads\/brb_media\/00506729_g108a12-150x150.png","url":"https:\/\/dev.codekraft.it\/rotary-2024\/es\/productos\/accesorios-servicio-de-llantas-es\/accesorios-desmontadoras-es\/extensiones-agarre-plato-para-llanta-o-hasta-56%e2%80%b3\/"},{"id":382059,"cdmm_p_id":"499811","name":"Presiona tal\u00f3n neum\u00e1tico para ruedas agr\u00edcolas","description":"","thumbnail":"https:\/\/dev.codekraft.it\/rotary-2024\/wp-content\/uploads\/brb_media\/00506738_g108a34-02-150x150.png","url":"https:\/\/dev.codekraft.it\/rotary-2024\/es\/productos\/accesorios-servicio-de-llantas-es\/accesorios-desmontadoras-es\/presiona-talon-neumatico-para-ruedas-agricolas\/"},{"id":382052,"cdmm_p_id":"499810","name":"Protecci\u00f3n garras para llantas de aleaci\u00f3n","description":"1 juego \/ 4 piezas","thumbnail":"https:\/\/dev.codekraft.it\/rotary-2024\/wp-content\/uploads\/brb_media\/00506728_g108a1-150x150.png","url":"https:\/\/dev.codekraft.it\/rotary-2024\/es\/productos\/accesorios-servicio-de-llantas-es\/accesorios-desmontadoras-es\/proteccion-garras-para-llantas-de-aleacion\/"},{"id":382040,"cdmm_p_id":"499807","name":"Protecci\u00f3n garras para llantas de aleaci\u00f3n | 1 juego \/ 4 piezas","description":"","thumbnail":"https:\/\/dev.codekraft.it\/rotary-2024\/wp-content\/uploads\/brb_media\/00539654_tyre-changers-g108a2-mi-150x150.png","url":"https:\/\/dev.codekraft.it\/rotary-2024\/es\/productos\/accesorios-servicio-de-llantas-es\/accesorios-desmontadoras-es\/proteccion-garras-para-llantas-de-aleacion-1-juego-4-piezas\/"},{"id":380223,"cdmm_p_id":"482252","name":"Palanca","description":"Corta, patentada","thumbnail":"https:\/\/dev.codekraft.it\/rotary-2024\/wp-content\/uploads\/brb_media\/00506736_g108a3-150x150.png","url":"https:\/\/dev.codekraft.it\/rotary-2024\/es\/productos\/accesorios-servicio-de-llantas-es\/accesorios-desmontadoras-es\/palanca\/"},{"id":382102,"cdmm_p_id":"499818","name":"Palanca para anillos para cami\u00f3n","description":"","thumbnail":"https:\/\/dev.codekraft.it\/rotary-2024\/wp-content\/uploads\/brb_media\/00506730_g108a13-150x150.png","url":"https:\/\/dev.codekraft.it\/rotary-2024\/es\/productos\/accesorios-servicio-de-llantas-es\/accesorios-desmontadoras-es\/palanca-para-anillos-para-camion\/"},{"id":382027,"cdmm_p_id":"499804","name":"Mordaza de bloqueo tal\u00f3n para llantas movimiento de tierras","description":"","thumbnail":"https:\/\/dev.codekraft.it\/rotary-2024\/wp-content\/uploads\/brb_media\/00506735_g108a25-150x150.png","url":"https:\/\/dev.codekraft.it\/rotary-2024\/es\/productos\/accesorios-servicio-de-llantas-es\/accesorios-desmontadoras-es\/mordaza-de-bloqueo-talon-para-llantas-movimiento-de-tierras\/"},{"id":382033,"cdmm_p_id":"499806","name":"Mordaza de bloqueo tal\u00f3n para llantas de aleaci\u00f3n","description":"Protecci\u00f3n para llantas de aleaci\u00f3n","thumbnail":"https:\/\/dev.codekraft.it\/rotary-2024\/wp-content\/uploads\/brb_media\/00506745_g90a6-150x150.png","url":"https:\/\/dev.codekraft.it\/rotary-2024\/es\/productos\/accesorios-servicio-de-llantas-es\/accesorios-desmontadoras-es\/mordaza-de-bloqueo-talon-para-llantas-de-aleacion\/"},{"id":380235,"cdmm_p_id":"482425","name":"Rodillo rompe talones","description":"Para neum\u00e1ticos sin c\u00e1mara","thumbnail":"https:\/\/dev.codekraft.it\/rotary-2024\/wp-content\/uploads\/brb_media\/00506744_g90a2-150x150.png","url":"https:\/\/dev.codekraft.it\/rotary-2024\/es\/productos\/accesorios-servicio-de-llantas-es\/accesorios-desmontadoras-es\/rodillo-rompe-talones\/"},{"id":382108,"cdmm_p_id":"499819","name":"Jab\u00f3n lubricante para montaje\/desmontaje neum\u00e1ticos | 3,5 kg","description":"","thumbnail":"https:\/\/dev.codekraft.it\/rotary-2024\/wp-content\/uploads\/brb_media\/00506743_g800a37-150x150.png","url":"https:\/\/dev.codekraft.it\/rotary-2024\/es\/productos\/accesorios-servicio-de-llantas-es\/accesorios-desmontadoras-es\/jabon-lubricante-para-montaje-desmontaje-neumaticos-35-kg\/"},{"id":380229,"cdmm_p_id":"482259","name":"Brocha madera, en \u00e1ngulo","description":"Para m\u00e1quinas de montaje de ruedas","thumbnail":"https:\/\/dev.codekraft.it\/rotary-2024\/wp-content\/uploads\/brb_media\/00506731_g108a16-150x114.png","url":"https:\/\/dev.codekraft.it\/rotary-2024\/es\/productos\/accesorios-servicio-de-llantas-es\/accesorios-desmontadoras-es\/brocha-madera-en-angulo\/"},{"id":382926,"cdmm_p_id":"501921","name":"Disco destalonador para ruedas anillo","description":"","thumbnail":"https:\/\/dev.codekraft.it\/rotary-2024\/wp-content\/uploads\/brb_media\/00535690_tyre-changer-g108a24-di-150x150.png","url":"https:\/\/dev.codekraft.it\/rotary-2024\/es\/productos\/accesorios-servicio-de-llantas-es\/accesorios-desmontadoras-es\/disco-destalonador-para-ruedas-anillo-2\/"},{"id":382919,"cdmm_p_id":"501920","name":"Disco destalonador para ruedas anillo","description":"","thumbnail":"https:\/\/dev.codekraft.it\/rotary-2024\/wp-content\/uploads\/brb_media\/00506733_g108a22-150x150.png","url":"https:\/\/dev.codekraft.it\/rotary-2024\/es\/productos\/accesorios-servicio-de-llantas-es\/accesorios-desmontadoras-es\/disco-destalonador-para-ruedas-anillo\/"},{"id":382963,"cdmm_p_id":"501934","name":"Adaptadores con adherencia suplementar","description":"Con adherencia suplementar","thumbnail":"https:\/\/dev.codekraft.it\/rotary-2024\/wp-content\/uploads\/brb_media\/00506740_g108a5-01-150x150.png","url":"https:\/\/dev.codekraft.it\/rotary-2024\/es\/productos\/accesorios-servicio-de-llantas-es\/accesorios-desmontadoras-es\/adaptadores-con-adherencia-suplementar\/"},{"id":384883,"cdmm_p_id":"504062","name":"Kit de conversi\u00f3n de controles","description":"Juego para funcionamiento por cable o Bluetooth | incl. cable","thumbnail":"","url":"https:\/\/dev.codekraft.it\/rotary-2024\/es\/productos\/accesorios-servicio-de-llantas-es\/accesorios-desmontadoras-es\/kit-de-conversion-de-controles\/"},{"id":383296,"cdmm_p_id":"502058","name":"Protecci\u00f3n de pl\u00e1stico para cabezal de montaje","description":"Protecci\u00f3n \u00fatil de pl\u00e1stico para cabezal de montaje | 1 pieza","thumbnail":"https:\/\/dev.codekraft.it\/rotary-2024\/wp-content\/uploads\/brb_media\/00535691_tyre-changer-g108a9-di-150x150.png","url":"https:\/\/dev.codekraft.it\/rotary-2024\/es\/productos\/accesorios-servicio-de-llantas-es\/accesorios-desmontadoras-es\/proteccion-de-plastico-para-cabezal-de-montaje-2\/"},{"id":383129,"cdmm_p_id":"501996","name":"Juego palanca posicionamiento brazos","description":"Accesorio de desmontadoras para veh\u00edculos industriales \/ tractores","thumbnail":"","url":"https:\/\/dev.codekraft.it\/rotary-2024\/es\/productos\/accesorios-servicio-de-llantas-es\/accesorios-desmontadoras-es\/juego-palanca-posicionamiento-brazos\/"},{"id":383884,"cdmm_p_id":"502329","name":"Sistema de bloqueo de la posici\u00f3n del brazos","description":"","thumbnail":"https:\/\/dev.codekraft.it\/rotary-2024\/wp-content\/uploads\/brb_media\/00539655_tyre-changers-g108a40-mi-150x150.png","url":"https:\/\/dev.codekraft.it\/rotary-2024\/es\/productos\/accesorios-servicio-de-llantas-es\/accesorios-desmontadoras-es\/sistema-de-bloqueo-de-la-posicion-del-brazos\/"}],"components":[],"related":[],"similar":[{"id":380193,"cdmm_p_id":"481623","name":"Desmontadora de neum\u00e1ticos NAV63.15","description":"Sin palanca, movimiento totalmente hidr\u00e1ulico del brazo portaherramientas, 2 velocidades (max. 8 r\/min), unidad operativa por cable, cami\u00f3n, di\u00e1metro de llanta 11 - 60\u2033, ancho m\u00e1ximo de llanta 1500 mm | Rojo (RAL 3002)","thumbnail":"https:\/\/dev.codekraft.it\/rotary-2024\/wp-content\/uploads\/brb_media\/00524011_tyre-changer-nav6315-mi-150x150.png","url":"https:\/\/dev.codekraft.it\/rotary-2024\/es\/productos\/servicio-de-llantas-es\/desmontadoras-es\/desmontadora-de-neumaticos-nav63-15\/"},{"id":384895,"cdmm_p_id":"504064","name":"Desmontadora de neum\u00e1ticos NAV63.15A","description":"Sin palanca, movimiento totalmente hidr\u00e1ulico del brazo portaherramientas, 2 velocidades (max. 8 r\/min), unidad de control hidraulico, cami\u00f3n, di\u00e1metro de llanta 11 - 60\u2033, ancho m\u00e1ximo de llanta 1500 mm | Rojo (RAL 3002)","thumbnail":"https:\/\/dev.codekraft.it\/rotary-2024\/wp-content\/uploads\/brb_media\/00524011_tyre-changer-nav6315-mi-150x150.png","url":"https:\/\/dev.codekraft.it\/rotary-2024\/es\/productos\/servicio-de-llantas-es\/desmontadoras-es\/desmontadora-de-neumaticos-nav63-15a\/"}],"page_logo_src":"https:\/\/dev.codekraft.it\/rotary-2024\/wp-content\/uploads\/2024\/05\/cropped-rotary-logo-2022.png","lang":"es","translations":{"es":384889,"en":384885,"de":384886,"fr":384887,"it":384888,"ru":384890},"pll_sync_post":[],"_links":{"self":[{"href":"https:\/\/dev.codekraft.it\/rotary-2024\/wp-json\/wp\/v2\/product\/384889","targetHints":{"allow":["GET"]}}],"collection":[{"href":"https:\/\/dev.codekraft.it\/rotary-2024\/wp-json\/wp\/v2\/product"}],"about":[{"href":"https:\/\/dev.codekraft.it\/rotary-2024\/wp-json\/wp\/v2\/types\/product"}],"wp:featuredmedia":[{"embeddable":true,"href":"https:\/\/dev.codekraft.it\/rotary-2024\/wp-json\/wp\/v2\/media\/352848"}],"wp:attachment":[{"href":"https:\/\/dev.codekraft.it\/rotary-2024\/wp-json\/wp\/v2\/media?parent=384889"}],"wp:term":[{"taxonomy":"product_cat","embeddable":true,"href":"https:\/\/dev.codekraft.it\/rotary-2024\/wp-json\/wp\/v2\/product_cat?post=384889"},{"taxonomy":"product_tag","embeddable":true,"href":"https:\/\/dev.codekraft.it\/rotary-2024\/wp-json\/wp\/v2\/product_tag?post=384889"},{"taxonomy":"product_approvals","embeddable":true,"href":"https:\/\/dev.codekraft.it\/rotary-2024\/wp-json\/wp\/v2\/product_approvals?post=384889"},{"taxonomy":"product_application","embeddable":true,"href":"https:\/\/dev.codekraft.it\/rotary-2024\/wp-json\/wp\/v2\/product_application?post=384889"}],"curies":[{"name":"wp","href":"https:\/\/api.w.org\/{rel}","templated":true}]}}