{"id":384869,"date":"2025-12-11T10:11:00","date_gmt":"2025-12-11T10:11:00","guid":{"rendered":"https:\/\/dev.codekraft.it\/rotary-2024\/products\/uncategorized\/demonte-pneu-nav43-15bth\/"},"modified":"2025-12-11T10:11:00","modified_gmt":"2025-12-11T10:11:00","slug":"demonte-pneu-nav43-15bth","status":"publish","type":"product","link":"https:\/\/dev.codekraft.it\/rotary-2024\/fr\/produits\/service-de-pneus-fr\/demonte-pneus-fr\/demonte-pneu-nav43-15bth\/","title":{"rendered":"D\u00e9monte-pneu NAV43.15BTH"},"content":{"rendered":"","protected":false},"excerpt":{"rendered":"<p>Sans levier, mouvement enti\u00e8rement automatique du bras porte outil, 2 vitesses (max. 8 tr\/min), unit\u00e9 de commande avec transmission de donn\u00e9es via Bluetooth, camion, diam\u00e8tre de jante 11 &#8211; 43\u2033 (56\u2033 avec extension), largeur max de roue 1500 mm | Rouge (RAL 3002)<\/p>\n","protected":false},"featured_media":356379,"template":"","meta":[],"product_brand":[],"product_cat":[1033384],"product_tag":[1034128],"product_approvals":[],"product_application":[],"class_list":{"0":"post-384869","1":"product","2":"type-product","3":"status-publish","4":"has-post-thumbnail","6":"product_cat-demonte-pneus-fr","7":"product_tag-trucks-fr","9":"first","10":"instock","11":"shipping-taxable","12":"product-type-simple"},"approvals":[],"application":[],"brb_media_brochure":"","brb_media_drawing":"","brb_media_manuals":[{"id":380184,"url":"https:\/\/dev.codekraft.it\/rotary-2024\/wp-content\/uploads\/brb_media\/00548731_tyre-changer-rotn4315-rotn6315-ravg9256-ravg0360-spag0360-im-7522-m010-00_vsg_rev00-de-2023-11.pdf","title":"Tyre changer ROTN4315 ROTN6315 RAVG9256 RAVG0360 SPAG0360 IM 7522 M010 00 VSG rev00 de 2023 11","mpn":"","thumbnail":"https:\/\/dev.codekraft.it\/rotary-2024\/wp-content\/uploads\/brb_media\/00548731_tyre-changer-rotn4315-rotn6315-ravg9256-ravg0360-spag0360-im-7522-m010-00_vsg_rev00-de-2023-11-pdf-106x150.png","description":""},{"id":380185,"url":"https:\/\/dev.codekraft.it\/rotary-2024\/wp-content\/uploads\/brb_media\/00548733_tyre-changer-rotn4315-rotn6315-ravg9256-ravg0360-spag0360-im-7522-m010-00_vsg_rev00-en-2023-11.pdf","title":"Tyre changer ROTN4315 ROTN6315 RAVG9256 RAVG0360 SPAG0360 IM 7522 M010 00 VSG rev00 en 2023 11","mpn":"","thumbnail":"https:\/\/dev.codekraft.it\/rotary-2024\/wp-content\/uploads\/brb_media\/00548733_tyre-changer-rotn4315-rotn6315-ravg9256-ravg0360-spag0360-im-7522-m010-00_vsg_rev00-en-2023-11-pdf-106x150.png","description":""},{"id":380186,"url":"https:\/\/dev.codekraft.it\/rotary-2024\/wp-content\/uploads\/brb_media\/00548734_tyre-changer-rotn4315-rotn6315-ravg9256-ravg0360-spag0360-im-7522-m010-00_vsg_rev00-fr-2023-11.pdf","title":"Tyre changer ROTN4315 ROTN6315 RAVG9256 RAVG0360 SPAG0360 IM 7522 M010 00 VSG rev00 fr 2023 11","mpn":"","thumbnail":"https:\/\/dev.codekraft.it\/rotary-2024\/wp-content\/uploads\/brb_media\/00548734_tyre-changer-rotn4315-rotn6315-ravg9256-ravg0360-spag0360-im-7522-m010-00_vsg_rev00-fr-2023-11-pdf-106x150.png","description":""},{"id":380187,"url":"https:\/\/dev.codekraft.it\/rotary-2024\/wp-content\/uploads\/brb_media\/00548735_tyre-changer-rotn4315-rotn6315-ravg9256-ravg0360-spag0360-im-7522-m010-00_vsg_rev00-it-2023-11.pdf","title":"Tyre changer ROTN4315 ROTN6315 RAVG9256 RAVG0360 SPAG0360 IM 7522 M010 00 VSG rev00 it 2023 11","mpn":"","thumbnail":"https:\/\/dev.codekraft.it\/rotary-2024\/wp-content\/uploads\/brb_media\/00548735_tyre-changer-rotn4315-rotn6315-ravg9256-ravg0360-spag0360-im-7522-m010-00_vsg_rev00-it-2023-11-pdf-106x150.png","description":""},{"id":380188,"url":"https:\/\/dev.codekraft.it\/rotary-2024\/wp-content\/uploads\/brb_media\/00548736_tyre-changer-rotn4315-rotn6315-ravg9256-ravg0360-spag0360-im-7522-m010-00_vsg_rev00-es-2023-11.pdf","title":"Tyre changer ROTN4315 ROTN6315 RAVG9256 RAVG0360 SPAG0360 IM 7522 M010 00 VSG rev00 es 2023 11","mpn":"","thumbnail":"https:\/\/dev.codekraft.it\/rotary-2024\/wp-content\/uploads\/brb_media\/00548736_tyre-changer-rotn4315-rotn6315-ravg9256-ravg0360-spag0360-im-7522-m010-00_vsg_rev00-es-2023-11-pdf-106x150.png","description":""}],"brb_media_safety_datasheets":"","brb_media_spare_parts":[],"_cdmm_p_id":"504059","_company":"Elektron","_gtin":"5063084200464","accessories":[{"id":382044,"mpn":"G108A12","name":"Rallonges prise mandrin pour \u00d8 de jante jusqu&#039;\u00e0 56\u2033","description":"Adaptateurs pour augmenter la capacit\u00e9 de serrage  | 1 jeu \/ 4 pi\u00e8ces","thumbnail":"https:\/\/dev.codekraft.it\/rotary-2024\/wp-content\/uploads\/brb_media\/00506729_g108a12-150x150.png","url":"https:\/\/dev.codekraft.it\/rotary-2024\/fr\/produits\/accessoires-service-de-pneus-fr\/accessoires-demonte-pneu-fr\/rallonges-prise-mandrin-pour-o-de-jante-jusqua-56%e2%80%b3\/"},{"id":382057,"mpn":"G108A34","name":"Pousse-talon pour roues agricoles","description":"","thumbnail":"https:\/\/dev.codekraft.it\/rotary-2024\/wp-content\/uploads\/brb_media\/00506738_g108a34-02-150x150.png","url":"https:\/\/dev.codekraft.it\/rotary-2024\/fr\/produits\/accessoires-service-de-pneus-fr\/accessoires-demonte-pneu-fr\/pousse-talon-pour-roues-agricoles\/"},{"id":382050,"mpn":"G108A1","name":"Protection des griffes pour jantes en alliage","description":"1 jeu \/ 4 pi\u00e8ces","thumbnail":"https:\/\/dev.codekraft.it\/rotary-2024\/wp-content\/uploads\/brb_media\/00506728_g108a1-150x150.png","url":"https:\/\/dev.codekraft.it\/rotary-2024\/fr\/produits\/accessoires-service-de-pneus-fr\/accessoires-demonte-pneu-fr\/protection-des-griffes-pour-jantes-en-alliage\/"},{"id":382038,"mpn":"G108A2","name":"Protection des griffes pour jantes en alliage | 1 jeu \/ 4 pi\u00e8ces","description":"","thumbnail":"https:\/\/dev.codekraft.it\/rotary-2024\/wp-content\/uploads\/brb_media\/00539654_tyre-changers-g108a2-mi-150x150.png","url":"https:\/\/dev.codekraft.it\/rotary-2024\/fr\/produits\/accessoires-service-de-pneus-fr\/accessoires-demonte-pneu-fr\/protection-des-griffes-pour-jantes-en-alliage-1-jeu-4-pieces\/"},{"id":380221,"mpn":"G108A3","name":"Levier","description":"Court, brevet\u00e9","thumbnail":"https:\/\/dev.codekraft.it\/rotary-2024\/wp-content\/uploads\/brb_media\/00506736_g108a3-150x150.png","url":"https:\/\/dev.codekraft.it\/rotary-2024\/fr\/produits\/accessoires-service-de-pneus-fr\/accessoires-demonte-pneu-fr\/levier\/"},{"id":382100,"mpn":"G108A13","name":"Levier pour valves de gonflage pour camion","description":"","thumbnail":"https:\/\/dev.codekraft.it\/rotary-2024\/wp-content\/uploads\/brb_media\/00506730_g108a13-150x150.png","url":"https:\/\/dev.codekraft.it\/rotary-2024\/fr\/produits\/accessoires-service-de-pneus-fr\/accessoires-demonte-pneu-fr\/levier-pour-valves-de-gonflage-pour-camion\/"},{"id":382025,"mpn":"G108A25","name":"Mors bloque-talon pour jantes GC","description":"","thumbnail":"https:\/\/dev.codekraft.it\/rotary-2024\/wp-content\/uploads\/brb_media\/00506735_g108a25-150x150.png","url":"https:\/\/dev.codekraft.it\/rotary-2024\/fr\/produits\/accessoires-service-de-pneus-fr\/accessoires-demonte-pneu-fr\/mors-bloque-talon-pour-jantes-gc\/"},{"id":382031,"mpn":"G90A6","name":"Mors bloque-talon pour jantes en alliage","description":"Protection pour jantes en alliage","thumbnail":"https:\/\/dev.codekraft.it\/rotary-2024\/wp-content\/uploads\/brb_media\/00506745_g90a6-150x150.png","url":"https:\/\/dev.codekraft.it\/rotary-2024\/fr\/produits\/accessoires-service-de-pneus-fr\/accessoires-demonte-pneu-fr\/mors-bloque-talon-pour-jantes-en-alliage\/"},{"id":380233,"mpn":"G108A36","name":"Rouleau casseur de talon","description":"Pour pneus sans chambre \u00e0 air","thumbnail":"https:\/\/dev.codekraft.it\/rotary-2024\/wp-content\/uploads\/brb_media\/00506744_g90a2-150x150.png","url":"https:\/\/dev.codekraft.it\/rotary-2024\/fr\/produits\/accessoires-service-de-pneus-fr\/accessoires-demonte-pneu-fr\/rouleau-casseur-de-talon\/"},{"id":382106,"mpn":"G800A37","name":"P\u00e2te de montage\/d\u00e9montage | 3,5 kg","description":"","thumbnail":"https:\/\/dev.codekraft.it\/rotary-2024\/wp-content\/uploads\/brb_media\/00506743_g800a37-150x150.png","url":"https:\/\/dev.codekraft.it\/rotary-2024\/fr\/produits\/accessoires-service-de-pneus-fr\/accessoires-demonte-pneu-fr\/pate-de-montage-demontage-35-kg\/"},{"id":380227,"mpn":"G108A16","name":"Pinceau bois, coud\u00e9","description":"Pour machines d'assemblage de roues","thumbnail":"https:\/\/dev.codekraft.it\/rotary-2024\/wp-content\/uploads\/brb_media\/00506731_g108a16-150x114.png","url":"https:\/\/dev.codekraft.it\/rotary-2024\/fr\/produits\/accessoires-service-de-pneus-fr\/accessoires-demonte-pneu-fr\/pinceau-bois-coude\/"},{"id":382917,"mpn":"G108A22","name":"Disque detallonneur pour jantes a cercle","description":"","thumbnail":"https:\/\/dev.codekraft.it\/rotary-2024\/wp-content\/uploads\/brb_media\/00506733_g108a22-150x150.png","url":"https:\/\/dev.codekraft.it\/rotary-2024\/fr\/produits\/accessoires-service-de-pneus-fr\/accessoires-demonte-pneu-fr\/disque-detallonneur-pour-jantes-a-cercle\/"},{"id":382924,"mpn":"G108A24","name":"Disque detallonneur pour jantes a cercle","description":"","thumbnail":"https:\/\/dev.codekraft.it\/rotary-2024\/wp-content\/uploads\/brb_media\/00535690_tyre-changer-g108a24-di-150x150.png","url":"https:\/\/dev.codekraft.it\/rotary-2024\/fr\/produits\/accessoires-service-de-pneus-fr\/accessoires-demonte-pneu-fr\/disque-detallonneur-pour-jantes-a-cercle-2\/"},{"id":382961,"mpn":"G108A5","name":"Adaptateurs adh\u00e9rence majeure","description":"Adh\u00e9rence majeure","thumbnail":"https:\/\/dev.codekraft.it\/rotary-2024\/wp-content\/uploads\/brb_media\/00506740_g108a5-01-150x150.png","url":"https:\/\/dev.codekraft.it\/rotary-2024\/fr\/produits\/accessoires-service-de-pneus-fr\/accessoires-demonte-pneu-fr\/adaptateurs-adherence-majeure\/"},{"id":383294,"mpn":"G108A9","name":"Protection plastique pour t\u00eate de montage","description":"Protection outil en plastique pour t\u00eate de montage | 1 pi\u00e8ce","thumbnail":"https:\/\/dev.codekraft.it\/rotary-2024\/wp-content\/uploads\/brb_media\/00535691_tyre-changer-g108a9-di-150x150.png","url":"https:\/\/dev.codekraft.it\/rotary-2024\/fr\/produits\/accessoires-service-de-pneus-fr\/accessoires-demonte-pneu-fr\/protection-plastique-pour-tete-de-montage-2\/"},{"id":383127,"mpn":"G108A42","name":"Kit pour positionnement des bras","description":"Accessoire pour d\u00e9monte-pneus pour vehicules industriels\/engins de terrassement","thumbnail":"","url":"https:\/\/dev.codekraft.it\/rotary-2024\/fr\/produits\/accessoires-service-de-pneus-fr\/accessoires-demonte-pneu-fr\/kit-pour-positionnement-des-bras\/"},{"id":383882,"mpn":"G108A40","name":"Syst\u00e8me de verrouillage de la position des bras","description":"","thumbnail":"https:\/\/dev.codekraft.it\/rotary-2024\/wp-content\/uploads\/brb_media\/00539655_tyre-changers-g108a40-mi-150x150.png","url":"https:\/\/dev.codekraft.it\/rotary-2024\/fr\/produits\/accessoires-service-de-pneus-fr\/accessoires-demonte-pneu-fr\/systeme-de-verrouillage-de-la-position-des-bras\/"},{"id":384881,"mpn":"G108A29","name":"Kit de conversion de contr\u00f4le","description":"Kit pour fonctionnement avec c\u00e2ble ou Bluetooth | incl. c\u00e2ble","thumbnail":"","url":"https:\/\/dev.codekraft.it\/rotary-2024\/fr\/produits\/accessoires-service-de-pneus-fr\/accessoires-demonte-pneu-fr\/kit-de-conversion-de-controle\/"}],"components":[],"related":[],"page_logo_src":"https:\/\/dev.codekraft.it\/rotary-2024\/wp-content\/uploads\/2024\/05\/cropped-rotary-logo-2022.png","lang":"fr","translations":{"fr":384869,"en":384867,"de":384868,"it":384870,"es":384871,"ru":384872},"pll_sync_post":[],"_links":{"self":[{"href":"https:\/\/dev.codekraft.it\/rotary-2024\/wp-json\/wp\/v2\/product\/384869","targetHints":{"allow":["GET"]}}],"collection":[{"href":"https:\/\/dev.codekraft.it\/rotary-2024\/wp-json\/wp\/v2\/product"}],"about":[{"href":"https:\/\/dev.codekraft.it\/rotary-2024\/wp-json\/wp\/v2\/types\/product"}],"wp:featuredmedia":[{"embeddable":true,"href":"https:\/\/dev.codekraft.it\/rotary-2024\/wp-json\/wp\/v2\/media\/356379"}],"wp:attachment":[{"href":"https:\/\/dev.codekraft.it\/rotary-2024\/wp-json\/wp\/v2\/media?parent=384869"}],"wp:term":[{"taxonomy":"product_brand","embeddable":true,"href":"https:\/\/dev.codekraft.it\/rotary-2024\/wp-json\/wp\/v2\/product_brand?post=384869"},{"taxonomy":"product_cat","embeddable":true,"href":"https:\/\/dev.codekraft.it\/rotary-2024\/wp-json\/wp\/v2\/product_cat?post=384869"},{"taxonomy":"product_tag","embeddable":true,"href":"https:\/\/dev.codekraft.it\/rotary-2024\/wp-json\/wp\/v2\/product_tag?post=384869"},{"taxonomy":"product_approvals","embeddable":true,"href":"https:\/\/dev.codekraft.it\/rotary-2024\/wp-json\/wp\/v2\/product_approvals?post=384869"},{"taxonomy":"product_application","embeddable":true,"href":"https:\/\/dev.codekraft.it\/rotary-2024\/wp-json\/wp\/v2\/product_application?post=384869"}],"curies":[{"name":"wp","href":"https:\/\/api.w.org\/{rel}","templated":true}]}}