{"id":384863,"date":"2025-09-08T09:00:27","date_gmt":"2025-09-08T09:00:27","guid":{"rendered":"https:\/\/dev.codekraft.it\/rotary-2024\/products\/uncategorized\/demonte-pneu-nav43-15\/"},"modified":"2025-09-08T09:00:27","modified_gmt":"2025-09-08T09:00:27","slug":"demonte-pneu-nav43-15","status":"publish","type":"product","link":"https:\/\/dev.codekraft.it\/rotary-2024\/fr\/produits\/service-de-pneus-fr\/demonte-pneus-fr\/demonte-pneu-nav43-15\/","title":{"rendered":"D\u00e9monte-pneu NAV43.15"},"content":{"rendered":"","protected":false},"excerpt":{"rendered":"<p>Sans levier, mouvement enti\u00e8rement automatique du bras porte outil, 2 vitesses (max. 8 tr\/min), unit\u00e9 de commande par c\u00e2ble, camion, diam\u00e8tre de jante 11 &#8211; 43\u2033 (56\u2033 avec extension), largeur max de roue 1500 mm | Rouge (RAL 3002)<\/p>\n","protected":false},"featured_media":356379,"template":"","meta":[],"product_brand":[],"product_cat":[1033384],"product_tag":[1034128],"product_approvals":[],"product_application":[],"class_list":{"0":"post-384863","1":"product","2":"type-product","3":"status-publish","4":"has-post-thumbnail","6":"product_cat-demonte-pneus-fr","7":"product_tag-trucks-fr","9":"first","10":"instock","11":"shipping-taxable","12":"product-type-simple"},"approvals":[],"application":[],"brb_media_brochure":"","brb_media_drawing":"","brb_media_manuals":[{"id":380184,"url":"https:\/\/dev.codekraft.it\/rotary-2024\/wp-content\/uploads\/brb_media\/00548731_tyre-changer-rotn4315-rotn6315-ravg9256-ravg0360-spag0360-im-7522-m010-00_vsg_rev00-de-2023-11.pdf","title":"Tyre changer ROTN4315 ROTN6315 RAVG9256 RAVG0360 SPAG0360 IM 7522 M010 00 VSG rev00 de 2023 11","mpn":"","thumbnail":"https:\/\/dev.codekraft.it\/rotary-2024\/wp-content\/uploads\/brb_media\/00548731_tyre-changer-rotn4315-rotn6315-ravg9256-ravg0360-spag0360-im-7522-m010-00_vsg_rev00-de-2023-11-pdf-106x150.png","description":""},{"id":380185,"url":"https:\/\/dev.codekraft.it\/rotary-2024\/wp-content\/uploads\/brb_media\/00548733_tyre-changer-rotn4315-rotn6315-ravg9256-ravg0360-spag0360-im-7522-m010-00_vsg_rev00-en-2023-11.pdf","title":"Tyre changer ROTN4315 ROTN6315 RAVG9256 RAVG0360 SPAG0360 IM 7522 M010 00 VSG rev00 en 2023 11","mpn":"","thumbnail":"https:\/\/dev.codekraft.it\/rotary-2024\/wp-content\/uploads\/brb_media\/00548733_tyre-changer-rotn4315-rotn6315-ravg9256-ravg0360-spag0360-im-7522-m010-00_vsg_rev00-en-2023-11-pdf-106x150.png","description":""},{"id":380186,"url":"https:\/\/dev.codekraft.it\/rotary-2024\/wp-content\/uploads\/brb_media\/00548734_tyre-changer-rotn4315-rotn6315-ravg9256-ravg0360-spag0360-im-7522-m010-00_vsg_rev00-fr-2023-11.pdf","title":"Tyre changer ROTN4315 ROTN6315 RAVG9256 RAVG0360 SPAG0360 IM 7522 M010 00 VSG rev00 fr 2023 11","mpn":"","thumbnail":"https:\/\/dev.codekraft.it\/rotary-2024\/wp-content\/uploads\/brb_media\/00548734_tyre-changer-rotn4315-rotn6315-ravg9256-ravg0360-spag0360-im-7522-m010-00_vsg_rev00-fr-2023-11-pdf-106x150.png","description":""},{"id":380187,"url":"https:\/\/dev.codekraft.it\/rotary-2024\/wp-content\/uploads\/brb_media\/00548735_tyre-changer-rotn4315-rotn6315-ravg9256-ravg0360-spag0360-im-7522-m010-00_vsg_rev00-it-2023-11.pdf","title":"Tyre changer ROTN4315 ROTN6315 RAVG9256 RAVG0360 SPAG0360 IM 7522 M010 00 VSG rev00 it 2023 11","mpn":"","thumbnail":"https:\/\/dev.codekraft.it\/rotary-2024\/wp-content\/uploads\/brb_media\/00548735_tyre-changer-rotn4315-rotn6315-ravg9256-ravg0360-spag0360-im-7522-m010-00_vsg_rev00-it-2023-11-pdf-106x150.png","description":""},{"id":380188,"url":"https:\/\/dev.codekraft.it\/rotary-2024\/wp-content\/uploads\/brb_media\/00548736_tyre-changer-rotn4315-rotn6315-ravg9256-ravg0360-spag0360-im-7522-m010-00_vsg_rev00-es-2023-11.pdf","title":"Tyre changer ROTN4315 ROTN6315 RAVG9256 RAVG0360 SPAG0360 IM 7522 M010 00 VSG rev00 es 2023 11","mpn":"","thumbnail":"https:\/\/dev.codekraft.it\/rotary-2024\/wp-content\/uploads\/brb_media\/00548736_tyre-changer-rotn4315-rotn6315-ravg9256-ravg0360-spag0360-im-7522-m010-00_vsg_rev00-es-2023-11-pdf-106x150.png","description":""}],"brb_media_safety_datasheets":"","brb_media_spare_parts":[],"_cdmm_p_id":"504058","_company":"Elektron","_gtin":"5063084201812","accessories":[{"id":382100,"mpn":"G108A13","name":"Levier pour valves de gonflage pour camion","description":"","thumbnail":"https:\/\/dev.codekraft.it\/rotary-2024\/wp-content\/uploads\/brb_media\/00506730_g108a13-150x150.png","url":"https:\/\/dev.codekraft.it\/rotary-2024\/fr\/produits\/accessoires-service-de-pneus-fr\/accessoires-demonte-pneu-fr\/levier-pour-valves-de-gonflage-pour-camion\/"},{"id":382057,"mpn":"G108A34","name":"Pousse-talon pour roues agricoles","description":"","thumbnail":"https:\/\/dev.codekraft.it\/rotary-2024\/wp-content\/uploads\/brb_media\/00506738_g108a34-02-150x150.png","url":"https:\/\/dev.codekraft.it\/rotary-2024\/fr\/produits\/accessoires-service-de-pneus-fr\/accessoires-demonte-pneu-fr\/pousse-talon-pour-roues-agricoles\/"},{"id":382031,"mpn":"G90A6","name":"Mors bloque-talon pour jantes en alliage","description":"Protection pour jantes en alliage","thumbnail":"https:\/\/dev.codekraft.it\/rotary-2024\/wp-content\/uploads\/brb_media\/00506745_g90a6-150x150.png","url":"https:\/\/dev.codekraft.it\/rotary-2024\/fr\/produits\/accessoires-service-de-pneus-fr\/accessoires-demonte-pneu-fr\/mors-bloque-talon-pour-jantes-en-alliage\/"},{"id":380233,"mpn":"G108A36","name":"Rouleau casseur de talon","description":"Pour pneus sans chambre \u00e0 air","thumbnail":"https:\/\/dev.codekraft.it\/rotary-2024\/wp-content\/uploads\/brb_media\/00506744_g90a2-150x150.png","url":"https:\/\/dev.codekraft.it\/rotary-2024\/fr\/produits\/accessoires-service-de-pneus-fr\/accessoires-demonte-pneu-fr\/rouleau-casseur-de-talon\/"},{"id":382924,"mpn":"G108A24","name":"Disque detallonneur pour jantes a cercle","description":"","thumbnail":"https:\/\/dev.codekraft.it\/rotary-2024\/wp-content\/uploads\/brb_media\/00535690_tyre-changer-g108a24-di-150x150.png","url":"https:\/\/dev.codekraft.it\/rotary-2024\/fr\/produits\/accessoires-service-de-pneus-fr\/accessoires-demonte-pneu-fr\/disque-detallonneur-pour-jantes-a-cercle-2\/"},{"id":380227,"mpn":"G108A16","name":"Pinceau bois, coud\u00e9","description":"Pour machines d'assemblage de roues","thumbnail":"https:\/\/dev.codekraft.it\/rotary-2024\/wp-content\/uploads\/brb_media\/00506731_g108a16-150x114.png","url":"https:\/\/dev.codekraft.it\/rotary-2024\/fr\/produits\/accessoires-service-de-pneus-fr\/accessoires-demonte-pneu-fr\/pinceau-bois-coude\/"},{"id":382106,"mpn":"G800A37","name":"P\u00e2te de montage\/d\u00e9montage | 3,5 kg","description":"","thumbnail":"https:\/\/dev.codekraft.it\/rotary-2024\/wp-content\/uploads\/brb_media\/00506743_g800a37-150x150.png","url":"https:\/\/dev.codekraft.it\/rotary-2024\/fr\/produits\/accessoires-service-de-pneus-fr\/accessoires-demonte-pneu-fr\/pate-de-montage-demontage-35-kg\/"},{"id":382044,"mpn":"G108A12","name":"Rallonges prise mandrin pour \u00d8 de jante jusqu&#039;\u00e0 56\u2033","description":"Adaptateurs pour augmenter la capacit\u00e9 de serrage  | 1 jeu \/ 4 pi\u00e8ces","thumbnail":"https:\/\/dev.codekraft.it\/rotary-2024\/wp-content\/uploads\/brb_media\/00506729_g108a12-150x150.png","url":"https:\/\/dev.codekraft.it\/rotary-2024\/fr\/produits\/accessoires-service-de-pneus-fr\/accessoires-demonte-pneu-fr\/rallonges-prise-mandrin-pour-o-de-jante-jusqua-56%e2%80%b3\/"}],"components":[],"related":[],"page_logo_src":"https:\/\/dev.codekraft.it\/rotary-2024\/wp-content\/uploads\/brb_media\/00550486_tyre-changer-karacterevo-di-02.png","lang":"fr","translations":{"fr":384863,"en":384861,"de":384862,"it":384864,"es":384865,"ru":384866},"pll_sync_post":[],"_links":{"self":[{"href":"https:\/\/dev.codekraft.it\/rotary-2024\/wp-json\/wp\/v2\/product\/384863","targetHints":{"allow":["GET"]}}],"collection":[{"href":"https:\/\/dev.codekraft.it\/rotary-2024\/wp-json\/wp\/v2\/product"}],"about":[{"href":"https:\/\/dev.codekraft.it\/rotary-2024\/wp-json\/wp\/v2\/types\/product"}],"wp:featuredmedia":[{"embeddable":true,"href":"https:\/\/dev.codekraft.it\/rotary-2024\/wp-json\/wp\/v2\/media\/356379"}],"wp:attachment":[{"href":"https:\/\/dev.codekraft.it\/rotary-2024\/wp-json\/wp\/v2\/media?parent=384863"}],"wp:term":[{"taxonomy":"product_brand","embeddable":true,"href":"https:\/\/dev.codekraft.it\/rotary-2024\/wp-json\/wp\/v2\/product_brand?post=384863"},{"taxonomy":"product_cat","embeddable":true,"href":"https:\/\/dev.codekraft.it\/rotary-2024\/wp-json\/wp\/v2\/product_cat?post=384863"},{"taxonomy":"product_tag","embeddable":true,"href":"https:\/\/dev.codekraft.it\/rotary-2024\/wp-json\/wp\/v2\/product_tag?post=384863"},{"taxonomy":"product_approvals","embeddable":true,"href":"https:\/\/dev.codekraft.it\/rotary-2024\/wp-json\/wp\/v2\/product_approvals?post=384863"},{"taxonomy":"product_application","embeddable":true,"href":"https:\/\/dev.codekraft.it\/rotary-2024\/wp-json\/wp\/v2\/product_application?post=384863"}],"curies":[{"name":"wp","href":"https:\/\/api.w.org\/{rel}","templated":true}]}}