{"id":384857,"date":"2025-09-08T09:00:27","date_gmt":"2025-09-08T09:00:27","guid":{"rendered":"https:\/\/dev.codekraft.it\/rotary-2024\/products\/uncategorized\/demonte-pneu-nav41-13ei-220-v-3-ph-60-hz\/"},"modified":"2025-09-08T09:00:27","modified_gmt":"2025-09-08T09:00:27","slug":"demonte-pneu-nav41-13ei-220-v-3-ph-60-hz","status":"publish","type":"product","link":"https:\/\/dev.codekraft.it\/rotary-2024\/fr\/produits\/service-de-pneus-fr\/demonte-pneus-fr\/demonte-pneu-nav41-13ei-220-v-3-ph-60-hz\/","title":{"rendered":"D\u00e9monte-pneu NAV41.13EI 220 V &#8211; 3 Ph &#8211; 60 Hz"},"content":{"rendered":"","protected":false},"excerpt":{"rendered":"<p>T\u00eate de montage et levier de montage, t\u00eate de montage du syst\u00e8me Quick-Fit, double vitesse pour rotation du mandrin, unit\u00e9 de commande par c\u00e2ble, camion, bus, agricole et petit g\u00e9nie civil, diam\u00e8tre de jante 11 &#8211; 43\u2033 (56\u2033 avec extension), largeur max de roue 1100 mm | Rouge (RAL 3002)<\/p>\n","protected":false},"featured_media":350906,"template":"","meta":[],"product_cat":[1033384],"product_tag":[1034128],"product_approvals":[],"product_application":[],"class_list":{"0":"post-384857","1":"product","2":"type-product","3":"status-publish","4":"has-post-thumbnail","6":"product_cat-demonte-pneus-fr","7":"product_tag-trucks-fr","9":"first","10":"instock","11":"shipping-taxable","12":"product-type-simple"},"approvals":[],"application":[],"brb_media_brochure":"","brb_media_drawing":"","brb_media_manuals":[{"id":379624,"url":"https:\/\/dev.codekraft.it\/rotary-2024\/wp-content\/uploads\/brb_media\/00548737_tyre-changer-rotn4111-n4113\u2013ravg9156-spag0156-im-7505-m007-00_vsg_rev00-de-2024-04.pdf","title":"Tyre changer ROTN4111 N4113\u2013RAVG9156 SPAG0156 IM 7505 M007 00 VSG rev00 de 2024 04","thumbnail":"https:\/\/dev.codekraft.it\/rotary-2024\/wp-content\/uploads\/brb_media\/00548737_tyre-changer-rotn4111-n4113\u2013ravg9156-spag0156-im-7505-m007-00_vsg_rev00-de-2024-04-pdf-106x150.png","description":""},{"id":379625,"url":"https:\/\/dev.codekraft.it\/rotary-2024\/wp-content\/uploads\/brb_media\/00548739_tyre-changer-rotn4111-n4113\u2013ravg9156-spag0156-im-7505-m007-00_vsg_rev00-en-2024-04.pdf","title":"Tyre changer ROTN4111 N4113\u2013RAVG9156 SPAG0156 IM 7505 M007 00 VSG rev00 en 2024 04","thumbnail":"https:\/\/dev.codekraft.it\/rotary-2024\/wp-content\/uploads\/brb_media\/00548739_tyre-changer-rotn4111-n4113\u2013ravg9156-spag0156-im-7505-m007-00_vsg_rev00-en-2024-04-pdf-106x150.png","description":""},{"id":379626,"url":"https:\/\/dev.codekraft.it\/rotary-2024\/wp-content\/uploads\/brb_media\/00548740_tyre-changer-rotn4111-n4113\u2013ravg9156-spag0156-im-7505-m007-00_vsg_rev00-fr-2024-04.pdf","title":"Tyre changer ROTN4111 N4113\u2013RAVG9156 SPAG0156 IM 7505 M007 00 VSG rev00 fr 2024 04","thumbnail":"https:\/\/dev.codekraft.it\/rotary-2024\/wp-content\/uploads\/brb_media\/00548740_tyre-changer-rotn4111-n4113\u2013ravg9156-spag0156-im-7505-m007-00_vsg_rev00-fr-2024-04-pdf-106x150.png","description":""},{"id":379627,"url":"https:\/\/dev.codekraft.it\/rotary-2024\/wp-content\/uploads\/brb_media\/00548741_tyre-changer-rotn4111-n4113\u2013ravg9156-spag0156-im-7505-m007-00_vsg_rev00-it-2024-04.pdf","title":"Tyre changer ROTN4111 N4113\u2013RAVG9156 SPAG0156 IM 7505 M007 00 VSG rev00 it 2024 04","thumbnail":"https:\/\/dev.codekraft.it\/rotary-2024\/wp-content\/uploads\/brb_media\/00548741_tyre-changer-rotn4111-n4113\u2013ravg9156-spag0156-im-7505-m007-00_vsg_rev00-it-2024-04-pdf-106x150.png","description":""},{"id":379628,"url":"https:\/\/dev.codekraft.it\/rotary-2024\/wp-content\/uploads\/brb_media\/00548742_tyre-changer-rotn4111-n4113\u2013ravg9156-spag0156-im-7505-m007-00_vsg_rev00-es-2024-04.pdf","title":"Tyre changer ROTN4111 N4113\u2013RAVG9156 SPAG0156 IM 7505 M007 00 VSG rev00 es 2024 04","thumbnail":"https:\/\/dev.codekraft.it\/rotary-2024\/wp-content\/uploads\/brb_media\/00548742_tyre-changer-rotn4111-n4113\u2013ravg9156-spag0156-im-7505-m007-00_vsg_rev00-es-2024-04-pdf-106x150.png","description":""},{"id":379629,"url":"https:\/\/dev.codekraft.it\/rotary-2024\/wp-content\/uploads\/brb_media\/00548743_tyre-changer-rotn4111-n4113\u2013ravg9156-spag0156-im-7505-m007-00_vsg_rev00-pl-2024-04.pdf","title":"Tyre changer ROTN4111 N4113\u2013RAVG9156 SPAG0156 IM 7505 M007 00 VSG rev00 pl 2024 04","thumbnail":"https:\/\/dev.codekraft.it\/rotary-2024\/wp-content\/uploads\/brb_media\/00548743_tyre-changer-rotn4111-n4113\u2013ravg9156-spag0156-im-7505-m007-00_vsg_rev00-pl-2024-04-pdf-106x150.png","description":""}],"brb_media_safety_datasheets":"","brb_media_spare_parts":[],"_cdmm_p_id":"504057","_company":"Elektron","_gtin":"","accessories":[{"id":382031,"cdmm_p_id":"499806","name":"Mors bloque-talon pour jantes en alliage","description":"Protection pour jantes en alliage","thumbnail":"https:\/\/dev.codekraft.it\/rotary-2024\/wp-content\/uploads\/brb_media\/00506745_g90a6-150x150.png","url":"https:\/\/dev.codekraft.it\/rotary-2024\/fr\/produits\/accessoires-service-de-pneus-fr\/accessoires-demonte-pneu-fr\/mors-bloque-talon-pour-jantes-en-alliage\/"},{"id":380221,"cdmm_p_id":"482252","name":"Levier","description":"Court, brevet\u00e9","thumbnail":"https:\/\/dev.codekraft.it\/rotary-2024\/wp-content\/uploads\/brb_media\/00506736_g108a3-150x150.png","url":"https:\/\/dev.codekraft.it\/rotary-2024\/fr\/produits\/accessoires-service-de-pneus-fr\/accessoires-demonte-pneu-fr\/levier\/"},{"id":382100,"cdmm_p_id":"499818","name":"Levier pour valves de gonflage pour camion","description":"","thumbnail":"https:\/\/dev.codekraft.it\/rotary-2024\/wp-content\/uploads\/brb_media\/00506730_g108a13-150x150.png","url":"https:\/\/dev.codekraft.it\/rotary-2024\/fr\/produits\/accessoires-service-de-pneus-fr\/accessoires-demonte-pneu-fr\/levier-pour-valves-de-gonflage-pour-camion\/"},{"id":380227,"cdmm_p_id":"482259","name":"Pinceau bois, coud\u00e9","description":"Pour machines d'assemblage de roues","thumbnail":"https:\/\/dev.codekraft.it\/rotary-2024\/wp-content\/uploads\/brb_media\/00506731_g108a16-150x114.png","url":"https:\/\/dev.codekraft.it\/rotary-2024\/fr\/produits\/accessoires-service-de-pneus-fr\/accessoires-demonte-pneu-fr\/pinceau-bois-coude\/"},{"id":382106,"cdmm_p_id":"499819","name":"P\u00e2te de montage\/d\u00e9montage | 3,5 kg","description":"","thumbnail":"https:\/\/dev.codekraft.it\/rotary-2024\/wp-content\/uploads\/brb_media\/00506743_g800a37-150x150.png","url":"https:\/\/dev.codekraft.it\/rotary-2024\/fr\/produits\/accessoires-service-de-pneus-fr\/accessoires-demonte-pneu-fr\/pate-de-montage-demontage-35-kg\/"},{"id":382050,"cdmm_p_id":"499810","name":"Protection des griffes pour jantes en alliage","description":"1 jeu \/ 4 pi\u00e8ces","thumbnail":"https:\/\/dev.codekraft.it\/rotary-2024\/wp-content\/uploads\/brb_media\/00506728_g108a1-150x150.png","url":"https:\/\/dev.codekraft.it\/rotary-2024\/fr\/produits\/accessoires-service-de-pneus-fr\/accessoires-demonte-pneu-fr\/protection-des-griffes-pour-jantes-en-alliage\/"},{"id":382044,"cdmm_p_id":"499809","name":"Rallonges prise mandrin pour \u00d8 de jante jusqu&#039;\u00e0 56\u2033","description":"Adaptateurs pour augmenter la capacit\u00e9 de serrage  | 1 jeu \/ 4 pi\u00e8ces","thumbnail":"https:\/\/dev.codekraft.it\/rotary-2024\/wp-content\/uploads\/brb_media\/00506729_g108a12-150x150.png","url":"https:\/\/dev.codekraft.it\/rotary-2024\/fr\/produits\/accessoires-service-de-pneus-fr\/accessoires-demonte-pneu-fr\/rallonges-prise-mandrin-pour-o-de-jante-jusqua-56%e2%80%b3\/"},{"id":382961,"cdmm_p_id":"501934","name":"Adaptateurs adh\u00e9rence majeure","description":"Adh\u00e9rence majeure","thumbnail":"https:\/\/dev.codekraft.it\/rotary-2024\/wp-content\/uploads\/brb_media\/00506740_g108a5-01-150x150.png","url":"https:\/\/dev.codekraft.it\/rotary-2024\/fr\/produits\/accessoires-service-de-pneus-fr\/accessoires-demonte-pneu-fr\/adaptateurs-adherence-majeure\/"},{"id":382057,"cdmm_p_id":"499811","name":"Pousse-talon pour roues agricoles","description":"","thumbnail":"https:\/\/dev.codekraft.it\/rotary-2024\/wp-content\/uploads\/brb_media\/00506738_g108a34-02-150x150.png","url":"https:\/\/dev.codekraft.it\/rotary-2024\/fr\/produits\/accessoires-service-de-pneus-fr\/accessoires-demonte-pneu-fr\/pousse-talon-pour-roues-agricoles\/"}],"components":[],"related":[],"similar":[{"id":379638,"cdmm_p_id":"467066","name":"D\u00e9monte-pneu NAV41.13EI 400 V &#8211; 3 Ph &#8211; 50 Hz","description":"T\u00eate de montage et levier de montage, t\u00eate de montage du syst\u00e8me Quick-Fit, double vitesse pour rotation du mandrin, unit\u00e9 de commande par c\u00e2ble, camion, bus, agricole et petit g\u00e9nie civil, diam\u00e8tre de jante 11 - 43\u2033 (56\u2033 avec extension), largeur max de roue 1100 mm | Rouge (RAL 3002)","thumbnail":"https:\/\/dev.codekraft.it\/rotary-2024\/wp-content\/uploads\/brb_media\/00523864_tyre-changer-nav4113ei-mi-150x150.png","url":"https:\/\/dev.codekraft.it\/rotary-2024\/fr\/produits\/service-de-pneus-fr\/demonte-pneus-fr\/demonte-pneu-nav41-13ei-400-v-3-ph-50-hz\/"},{"id":379632,"cdmm_p_id":"467040","name":"D\u00e9monte-pneu NAV41.11N","description":"T\u00eate de montage et levier de montage, t\u00eate de montage du syst\u00e8me Quick-Fit, double vitesse pour rotation du mandrin, unit\u00e9 de commande, camion, bus, agricole et petit g\u00e9nie civil, diam\u00e8tre de jante 11 - 43\u2033 (56\u2033 avec extension), largeur max de roue 1100 mm | Rouge (RAL 3002)","thumbnail":"https:\/\/dev.codekraft.it\/rotary-2024\/wp-content\/uploads\/brb_media\/00523863_tyre-changer-nav4111n-mi-150x150.png","url":"https:\/\/dev.codekraft.it\/rotary-2024\/fr\/produits\/service-de-pneus-fr\/demonte-pneus-fr\/demonte-pneu-nav41-11n\/"}],"page_logo_src":"https:\/\/dev.codekraft.it\/rotary-2024\/wp-content\/uploads\/2024\/05\/cropped-rotary-logo-2022.png","lang":"fr","translations":{"fr":384857,"en":384855,"de":384856,"it":384858,"es":384859,"ru":384860},"pll_sync_post":[],"_links":{"self":[{"href":"https:\/\/dev.codekraft.it\/rotary-2024\/wp-json\/wp\/v2\/product\/384857","targetHints":{"allow":["GET"]}}],"collection":[{"href":"https:\/\/dev.codekraft.it\/rotary-2024\/wp-json\/wp\/v2\/product"}],"about":[{"href":"https:\/\/dev.codekraft.it\/rotary-2024\/wp-json\/wp\/v2\/types\/product"}],"wp:featuredmedia":[{"embeddable":true,"href":"https:\/\/dev.codekraft.it\/rotary-2024\/wp-json\/wp\/v2\/media\/350906"}],"wp:attachment":[{"href":"https:\/\/dev.codekraft.it\/rotary-2024\/wp-json\/wp\/v2\/media?parent=384857"}],"wp:term":[{"taxonomy":"product_cat","embeddable":true,"href":"https:\/\/dev.codekraft.it\/rotary-2024\/wp-json\/wp\/v2\/product_cat?post=384857"},{"taxonomy":"product_tag","embeddable":true,"href":"https:\/\/dev.codekraft.it\/rotary-2024\/wp-json\/wp\/v2\/product_tag?post=384857"},{"taxonomy":"product_approvals","embeddable":true,"href":"https:\/\/dev.codekraft.it\/rotary-2024\/wp-json\/wp\/v2\/product_approvals?post=384857"},{"taxonomy":"product_application","embeddable":true,"href":"https:\/\/dev.codekraft.it\/rotary-2024\/wp-json\/wp\/v2\/product_application?post=384857"}],"curies":[{"name":"wp","href":"https:\/\/api.w.org\/{rel}","templated":true}]}}