{"id":384853,"date":"2025-09-08T09:01:37","date_gmt":"2025-09-08T09:01:37","guid":{"rendered":"https:\/\/dev.codekraft.it\/rotary-2024\/products\/uncategorized\/desmontadora-de-neumaticos-nav11n-230-v-1-ph-50-hz\/"},"modified":"2025-09-08T09:01:37","modified_gmt":"2025-09-08T09:01:37","slug":"desmontadora-de-neumaticos-nav11n-230-v-1-ph-50-hz","status":"publish","type":"product","link":"https:\/\/dev.codekraft.it\/rotary-2024\/es\/productos\/servicio-de-llantas-es\/desmontadoras-es\/desmontadora-de-neumaticos-nav11n-230-v-1-ph-50-hz\/","title":{"rendered":"Desmontadora de neum\u00e1ticos NAV11N 230 V &#8211; 1 Ph &#8211; 50 Hz"},"content":{"rendered":"","protected":false},"excerpt":{"rendered":"<p>\u00datil de montaje y palanca de montaje, herramienta de montaje del sistema Quick-Fit, unidad de control hidraulico, cami\u00f3n, di\u00e1metro de llanta 11 &#8211; 27\u2033, ancho m\u00e1ximo de llanta 925 mm | Rojo (RAL 3002)<\/p>\n","protected":false},"featured_media":351287,"template":"","meta":[],"product_cat":[1033424],"product_tag":[1034134],"product_approvals":[],"product_application":[],"class_list":{"0":"post-384853","1":"product","2":"type-product","3":"status-publish","4":"has-post-thumbnail","6":"product_cat-desmontadoras-es","7":"product_tag-trucks-es","9":"first","10":"instock","11":"shipping-taxable","12":"product-type-simple"},"approvals":[],"application":[],"brb_media_brochure":"","brb_media_drawing":"","brb_media_manuals":[{"id":379611,"url":"https:\/\/dev.codekraft.it\/rotary-2024\/wp-content\/uploads\/brb_media\/00549961_tyre-changer-rotnv11n\u2013ravg96nx-spag526n-im-7505-m008-00_vsg_rev02-de-2025-05.pdf","title":"Tyre changer ROTNV11N\u2013RAVG96NX SPAG526N IM 7505 M008 00 VSG rev02 de 2025 05","thumbnail":"https:\/\/dev.codekraft.it\/rotary-2024\/wp-content\/uploads\/brb_media\/00549961_tyre-changer-rotnv11n\u2013ravg96nx-spag526n-im-7505-m008-00_vsg_rev02-de-2025-05-pdf-106x150.png","description":""},{"id":379612,"url":"https:\/\/dev.codekraft.it\/rotary-2024\/wp-content\/uploads\/brb_media\/00549962_tyre-changer-rotnv11n\u2013ravg96nx-spag526n-im-7505-m008-00_vsg_rev02-en-2025-05.pdf","title":"Tyre changer ROTNV11N\u2013RAVG96NX SPAG526N IM 7505 M008 00 VSG rev02 en 2025 05","thumbnail":"https:\/\/dev.codekraft.it\/rotary-2024\/wp-content\/uploads\/brb_media\/00549962_tyre-changer-rotnv11n\u2013ravg96nx-spag526n-im-7505-m008-00_vsg_rev02-en-2025-05-pdf-106x150.png","description":""},{"id":379613,"url":"https:\/\/dev.codekraft.it\/rotary-2024\/wp-content\/uploads\/brb_media\/00549963_tyre-changer-rotnv11n\u2013ravg96nx-spag526n-im-7505-m008-00_vsg_rev02-fr-2025-05.pdf","title":"Tyre changer ROTNV11N\u2013RAVG96NX SPAG526N IM 7505 M008 00 VSG rev02 fr 2025 05","thumbnail":"https:\/\/dev.codekraft.it\/rotary-2024\/wp-content\/uploads\/brb_media\/00549963_tyre-changer-rotnv11n\u2013ravg96nx-spag526n-im-7505-m008-00_vsg_rev02-fr-2025-05-pdf-106x150.png","description":""},{"id":379614,"url":"https:\/\/dev.codekraft.it\/rotary-2024\/wp-content\/uploads\/brb_media\/00549965_tyre-changer-rotnv11n\u2013ravg96nx-spag526n-im-7505-m008-00_vsg_rev02-it-2025-05.pdf","title":"Tyre changer ROTNV11N\u2013RAVG96NX SPAG526N IM 7505 M008 00 VSG rev02 it 2025 05","thumbnail":"https:\/\/dev.codekraft.it\/rotary-2024\/wp-content\/uploads\/brb_media\/00549965_tyre-changer-rotnv11n\u2013ravg96nx-spag526n-im-7505-m008-00_vsg_rev02-it-2025-05-pdf-106x150.png","description":""},{"id":379615,"url":"https:\/\/dev.codekraft.it\/rotary-2024\/wp-content\/uploads\/brb_media\/00549966_tyre-changer-rotnv11n\u2013ravg96nx-spag526n-im-7505-m008-00_vsg_rev02-es-2025-05.pdf","title":"Tyre changer ROTNV11N\u2013RAVG96NX SPAG526N IM 7505 M008 00 VSG rev02 es 2025 05","thumbnail":"https:\/\/dev.codekraft.it\/rotary-2024\/wp-content\/uploads\/brb_media\/00549966_tyre-changer-rotnv11n\u2013ravg96nx-spag526n-im-7505-m008-00_vsg_rev02-es-2025-05-pdf-106x150.png","description":""},{"id":379616,"url":"https:\/\/dev.codekraft.it\/rotary-2024\/wp-content\/uploads\/brb_media\/00549967_tyre-changer-rotnv11n\u2013ravg96nx-spag526n-im-7505-m008-00_vsg_rev02-pl-2025-05.pdf","title":"Tyre changer ROTNV11N\u2013RAVG96NX SPAG526N IM 7505 M008 00 VSG rev02 pl 2025 05","thumbnail":"https:\/\/dev.codekraft.it\/rotary-2024\/wp-content\/uploads\/brb_media\/00549967_tyre-changer-rotnv11n\u2013ravg96nx-spag526n-im-7505-m008-00_vsg_rev02-pl-2025-05-pdf-106x150.png","description":""}],"brb_media_safety_datasheets":"","brb_media_spare_parts":[],"_cdmm_p_id":"504056","_company":"Elektron","_gtin":"","accessories":[{"id":382033,"cdmm_p_id":"499806","name":"Mordaza de bloqueo tal\u00f3n para llantas de aleaci\u00f3n","description":"Protecci\u00f3n para llantas de aleaci\u00f3n","thumbnail":"https:\/\/dev.codekraft.it\/rotary-2024\/wp-content\/uploads\/brb_media\/00506745_g90a6-150x150.png","url":"https:\/\/dev.codekraft.it\/rotary-2024\/es\/productos\/accesorios-servicio-de-llantas-es\/accesorios-desmontadoras-es\/mordaza-de-bloqueo-talon-para-llantas-de-aleacion\/"},{"id":382102,"cdmm_p_id":"499818","name":"Palanca para anillos para cami\u00f3n","description":"","thumbnail":"https:\/\/dev.codekraft.it\/rotary-2024\/wp-content\/uploads\/brb_media\/00506730_g108a13-150x150.png","url":"https:\/\/dev.codekraft.it\/rotary-2024\/es\/productos\/accesorios-servicio-de-llantas-es\/accesorios-desmontadoras-es\/palanca-para-anillos-para-camion\/"},{"id":380229,"cdmm_p_id":"482259","name":"Brocha madera, en \u00e1ngulo","description":"Para m\u00e1quinas de montaje de ruedas","thumbnail":"https:\/\/dev.codekraft.it\/rotary-2024\/wp-content\/uploads\/brb_media\/00506731_g108a16-150x114.png","url":"https:\/\/dev.codekraft.it\/rotary-2024\/es\/productos\/accesorios-servicio-de-llantas-es\/accesorios-desmontadoras-es\/brocha-madera-en-angulo\/"},{"id":382108,"cdmm_p_id":"499819","name":"Jab\u00f3n lubricante para montaje\/desmontaje neum\u00e1ticos | 3,5 kg","description":"","thumbnail":"https:\/\/dev.codekraft.it\/rotary-2024\/wp-content\/uploads\/brb_media\/00506743_g800a37-150x150.png","url":"https:\/\/dev.codekraft.it\/rotary-2024\/es\/productos\/accesorios-servicio-de-llantas-es\/accesorios-desmontadoras-es\/jabon-lubricante-para-montaje-desmontaje-neumaticos-35-kg\/"},{"id":382059,"cdmm_p_id":"499811","name":"Presiona tal\u00f3n neum\u00e1tico para ruedas agr\u00edcolas","description":"","thumbnail":"https:\/\/dev.codekraft.it\/rotary-2024\/wp-content\/uploads\/brb_media\/00506738_g108a34-02-150x150.png","url":"https:\/\/dev.codekraft.it\/rotary-2024\/es\/productos\/accesorios-servicio-de-llantas-es\/accesorios-desmontadoras-es\/presiona-talon-neumatico-para-ruedas-agricolas\/"},{"id":382926,"cdmm_p_id":"501921","name":"Disco destalonador para ruedas anillo","description":"","thumbnail":"https:\/\/dev.codekraft.it\/rotary-2024\/wp-content\/uploads\/brb_media\/00535690_tyre-changer-g108a24-di-150x150.png","url":"https:\/\/dev.codekraft.it\/rotary-2024\/es\/productos\/accesorios-servicio-de-llantas-es\/accesorios-desmontadoras-es\/disco-destalonador-para-ruedas-anillo-2\/"},{"id":380235,"cdmm_p_id":"482425","name":"Rodillo rompe talones","description":"Para neum\u00e1ticos sin c\u00e1mara","thumbnail":"https:\/\/dev.codekraft.it\/rotary-2024\/wp-content\/uploads\/brb_media\/00506744_g90a2-150x150.png","url":"https:\/\/dev.codekraft.it\/rotary-2024\/es\/productos\/accesorios-servicio-de-llantas-es\/accesorios-desmontadoras-es\/rodillo-rompe-talones\/"}],"components":[],"related":[],"similar":[{"id":379708,"cdmm_p_id":"471898","name":"Desmontadora de neum\u00e1ticos NAV11N","description":"\u00datil de montaje y palanca de montaje, herramienta de montaje del sistema Quick-Fit, unidad de control hidraulico, cami\u00f3n, di\u00e1metro de llanta 11 - 27\u2033, ancho m\u00e1ximo de llanta 925 mm | Gris (RAL 7016)","thumbnail":"https:\/\/dev.codekraft.it\/rotary-2024\/wp-content\/uploads\/brb_media\/00524003_tyre-changer-nav11-ral7016-mi-150x150.png","url":"https:\/\/dev.codekraft.it\/rotary-2024\/es\/productos\/servicio-de-llantas-es\/desmontadoras-es\/desmontadora-de-neumaticos-nav11n\/"},{"id":379621,"cdmm_p_id":"468297","name":"Desmontadora de neum\u00e1ticos NAV11N 400 V &#8211; 3 Ph &#8211; 50 Hz","description":"\u00datil de montaje y palanca de montaje, herramienta de montaje del sistema Quick-Fit, unidad de control hidraulico, cami\u00f3n, di\u00e1metro de llanta 11 - 27\u2033, ancho m\u00e1ximo de llanta 925 mm | Rojo (RAL 3002)","thumbnail":"https:\/\/dev.codekraft.it\/rotary-2024\/wp-content\/uploads\/brb_media\/00523862_tyre-changer-nav11n-mi-150x150.png","url":"https:\/\/dev.codekraft.it\/rotary-2024\/es\/productos\/servicio-de-llantas-es\/desmontadoras-es\/desmontadora-de-neumaticos-nav11n-400-v-3-ph-50-hz\/"}],"page_logo_src":"https:\/\/dev.codekraft.it\/rotary-2024\/wp-content\/uploads\/2024\/05\/cropped-rotary-logo-2022.png","lang":"es","translations":{"es":384853,"en":384849,"de":384850,"fr":384851,"it":384852,"ru":384854},"pll_sync_post":[],"_links":{"self":[{"href":"https:\/\/dev.codekraft.it\/rotary-2024\/wp-json\/wp\/v2\/product\/384853","targetHints":{"allow":["GET"]}}],"collection":[{"href":"https:\/\/dev.codekraft.it\/rotary-2024\/wp-json\/wp\/v2\/product"}],"about":[{"href":"https:\/\/dev.codekraft.it\/rotary-2024\/wp-json\/wp\/v2\/types\/product"}],"wp:featuredmedia":[{"embeddable":true,"href":"https:\/\/dev.codekraft.it\/rotary-2024\/wp-json\/wp\/v2\/media\/351287"}],"wp:attachment":[{"href":"https:\/\/dev.codekraft.it\/rotary-2024\/wp-json\/wp\/v2\/media?parent=384853"}],"wp:term":[{"taxonomy":"product_cat","embeddable":true,"href":"https:\/\/dev.codekraft.it\/rotary-2024\/wp-json\/wp\/v2\/product_cat?post=384853"},{"taxonomy":"product_tag","embeddable":true,"href":"https:\/\/dev.codekraft.it\/rotary-2024\/wp-json\/wp\/v2\/product_tag?post=384853"},{"taxonomy":"product_approvals","embeddable":true,"href":"https:\/\/dev.codekraft.it\/rotary-2024\/wp-json\/wp\/v2\/product_approvals?post=384853"},{"taxonomy":"product_application","embeddable":true,"href":"https:\/\/dev.codekraft.it\/rotary-2024\/wp-json\/wp\/v2\/product_application?post=384853"}],"curies":[{"name":"wp","href":"https:\/\/api.w.org\/{rel}","templated":true}]}}