{"id":384839,"date":"2025-07-03T13:40:13","date_gmt":"2025-07-03T13:40:13","guid":{"rendered":"https:\/\/dev.codekraft.it\/rotary-2024\/products\/uncategorized\/demonte-pneu-nav101-230-v-3-ph-50-hz\/"},"modified":"2025-07-03T13:40:13","modified_gmt":"2025-07-03T13:40:13","slug":"demonte-pneu-nav101-230-v-3-ph-50-hz","status":"publish","type":"product","link":"https:\/\/dev.codekraft.it\/rotary-2024\/fr\/produits\/service-de-pneus-fr\/demonte-pneus-fr\/demonte-pneu-nav101-230-v-3-ph-50-hz\/","title":{"rendered":"D\u00e9monte-pneu NAV101 230 V &#8211; 3 Ph &#8211; 50 Hz"},"content":{"rendered":"","protected":false},"excerpt":{"rendered":"<p>T\u00eate de montage et levier de montage, pour pneus camion tubeless, double d\u00e9talonneur simultan\u00e9, vitesse max. 8 tr\/min, unit\u00e9 de commande hydraulique, camion, diam\u00e8tre de jante 11 &#8211; 27\u2033, largeur max de roue 540 mm | Rouge (RAL 3002)<\/p>\n","protected":false},"featured_media":356264,"template":"","meta":[],"product_cat":[1033384],"product_tag":[1034128,1034214],"product_approvals":[],"product_application":[],"class_list":{"0":"post-384839","1":"product","2":"type-product","3":"status-publish","4":"has-post-thumbnail","6":"product_cat-demonte-pneus-fr","7":"product_tag-trucks-fr","8":"product_tag-agricultural-machines-fr","10":"first","11":"instock","12":"shipping-taxable","13":"product-type-simple"},"approvals":[],"application":[],"brb_media_brochure":"","brb_media_drawing":"","brb_media_manuals":[{"id":384771,"url":"https:\/\/dev.codekraft.it\/rotary-2024\/wp-content\/uploads\/brb_media\/00549969_tyre-changer-rotn101\u2013ravgtb16-spagtb16-im-7504-m005-00_vsg_rev01-de-2024-11.pdf","title":"Tyre changer ROTN101\u2013RAVGTB16 SPAGTB16 IM 7504 M005 00 VSG rev01 de 2024 11","thumbnail":"https:\/\/dev.codekraft.it\/rotary-2024\/wp-content\/uploads\/brb_media\/00549969_tyre-changer-rotn101\u2013ravgtb16-spagtb16-im-7504-m005-00_vsg_rev01-de-2024-11-pdf-106x150.png","description":""},{"id":384772,"url":"https:\/\/dev.codekraft.it\/rotary-2024\/wp-content\/uploads\/brb_media\/00549970_tyre-changer-rotn101\u2013ravgtb16-spagtb16-im-7504-m005-00_vsg_rev01-en-2024-11.pdf","title":"Tyre changer ROTN101\u2013RAVGTB16 SPAGTB16 IM 7504 M005 00 VSG rev01 en 2024 11","thumbnail":"https:\/\/dev.codekraft.it\/rotary-2024\/wp-content\/uploads\/brb_media\/00549970_tyre-changer-rotn101\u2013ravgtb16-spagtb16-im-7504-m005-00_vsg_rev01-en-2024-11-pdf-106x150.png","description":""},{"id":384773,"url":"https:\/\/dev.codekraft.it\/rotary-2024\/wp-content\/uploads\/brb_media\/00549971_tyre-changer-rotn101\u2013ravgtb16-spagtb16-im-7504-m005-00_vsg_rev01-fr-2024-11.pdf","title":"Tyre changer ROTN101\u2013RAVGTB16 SPAGTB16 IM 7504 M005 00 VSG rev01 fr 2024 11","thumbnail":"https:\/\/dev.codekraft.it\/rotary-2024\/wp-content\/uploads\/brb_media\/00549971_tyre-changer-rotn101\u2013ravgtb16-spagtb16-im-7504-m005-00_vsg_rev01-fr-2024-11-pdf-106x150.png","description":""},{"id":384774,"url":"https:\/\/dev.codekraft.it\/rotary-2024\/wp-content\/uploads\/brb_media\/00549972_tyre-changer-rotn101\u2013ravgtb16-spagtb16-im-7504-m005-00_vsg_rev01-it-2024-11.pdf","title":"Tyre changer ROTN101\u2013RAVGTB16 SPAGTB16 IM 7504 M005 00 VSG rev01 it 2024 11","thumbnail":"https:\/\/dev.codekraft.it\/rotary-2024\/wp-content\/uploads\/brb_media\/00549972_tyre-changer-rotn101\u2013ravgtb16-spagtb16-im-7504-m005-00_vsg_rev01-it-2024-11-pdf-106x150.png","description":""}],"brb_media_safety_datasheets":"","brb_media_spare_parts":[],"_cdmm_p_id":"504054","_company":"Elektron","_gtin":"","accessories":[{"id":382031,"cdmm_p_id":"499806","name":"Mors bloque-talon pour jantes en alliage","description":"Protection pour jantes en alliage","thumbnail":"https:\/\/dev.codekraft.it\/rotary-2024\/wp-content\/uploads\/brb_media\/00506745_g90a6-150x150.png","url":"https:\/\/dev.codekraft.it\/rotary-2024\/fr\/produits\/accessoires-service-de-pneus-fr\/accessoires-demonte-pneu-fr\/mors-bloque-talon-pour-jantes-en-alliage\/"},{"id":382100,"cdmm_p_id":"499818","name":"Levier pour valves de gonflage pour camion","description":"","thumbnail":"https:\/\/dev.codekraft.it\/rotary-2024\/wp-content\/uploads\/brb_media\/00506730_g108a13-150x150.png","url":"https:\/\/dev.codekraft.it\/rotary-2024\/fr\/produits\/accessoires-service-de-pneus-fr\/accessoires-demonte-pneu-fr\/levier-pour-valves-de-gonflage-pour-camion\/"},{"id":380227,"cdmm_p_id":"482259","name":"Pinceau bois, coud\u00e9","description":"Pour machines d'assemblage de roues","thumbnail":"https:\/\/dev.codekraft.it\/rotary-2024\/wp-content\/uploads\/brb_media\/00506731_g108a16-150x114.png","url":"https:\/\/dev.codekraft.it\/rotary-2024\/fr\/produits\/accessoires-service-de-pneus-fr\/accessoires-demonte-pneu-fr\/pinceau-bois-coude\/"},{"id":382106,"cdmm_p_id":"499819","name":"P\u00e2te de montage\/d\u00e9montage | 3,5 kg","description":"","thumbnail":"https:\/\/dev.codekraft.it\/rotary-2024\/wp-content\/uploads\/brb_media\/00506743_g800a37-150x150.png","url":"https:\/\/dev.codekraft.it\/rotary-2024\/fr\/produits\/accessoires-service-de-pneus-fr\/accessoires-demonte-pneu-fr\/pate-de-montage-demontage-35-kg\/"},{"id":382057,"cdmm_p_id":"499811","name":"Pousse-talon pour roues agricoles","description":"","thumbnail":"https:\/\/dev.codekraft.it\/rotary-2024\/wp-content\/uploads\/brb_media\/00506738_g108a34-02-150x150.png","url":"https:\/\/dev.codekraft.it\/rotary-2024\/fr\/produits\/accessoires-service-de-pneus-fr\/accessoires-demonte-pneu-fr\/pousse-talon-pour-roues-agricoles\/"},{"id":383294,"cdmm_p_id":"502058","name":"Protection plastique pour t\u00eate de montage","description":"Protection outil en plastique pour t\u00eate de montage | 1 pi\u00e8ce","thumbnail":"https:\/\/dev.codekraft.it\/rotary-2024\/wp-content\/uploads\/brb_media\/00535691_tyre-changer-g108a9-di-150x150.png","url":"https:\/\/dev.codekraft.it\/rotary-2024\/fr\/produits\/accessoires-service-de-pneus-fr\/accessoires-demonte-pneu-fr\/protection-plastique-pour-tete-de-montage-2\/"},{"id":382924,"cdmm_p_id":"501921","name":"Disque detallonneur pour jantes a cercle","description":"","thumbnail":"https:\/\/dev.codekraft.it\/rotary-2024\/wp-content\/uploads\/brb_media\/00535690_tyre-changer-g108a24-di-150x150.png","url":"https:\/\/dev.codekraft.it\/rotary-2024\/fr\/produits\/accessoires-service-de-pneus-fr\/accessoires-demonte-pneu-fr\/disque-detallonneur-pour-jantes-a-cercle-2\/"},{"id":383127,"cdmm_p_id":"501996","name":"Kit pour positionnement des bras","description":"Accessoire pour d\u00e9monte-pneus pour vehicules industriels\/engins de terrassement","thumbnail":"","url":"https:\/\/dev.codekraft.it\/rotary-2024\/fr\/produits\/accessoires-service-de-pneus-fr\/accessoires-demonte-pneu-fr\/kit-pour-positionnement-des-bras\/"},{"id":383882,"cdmm_p_id":"502329","name":"Syst\u00e8me de verrouillage de la position des bras","description":"","thumbnail":"https:\/\/dev.codekraft.it\/rotary-2024\/wp-content\/uploads\/brb_media\/00539655_tyre-changers-g108a40-mi-150x150.png","url":"https:\/\/dev.codekraft.it\/rotary-2024\/fr\/produits\/accessoires-service-de-pneus-fr\/accessoires-demonte-pneu-fr\/systeme-de-verrouillage-de-la-position-des-bras\/"}],"components":[],"related":[],"similar":[{"id":384778,"cdmm_p_id":"504008","name":"D\u00e9monte-pneu NAV101 400 V &#8211; 3 Ph &#8211; 50 Hz","description":"T\u00eate de montage et levier de montage, pour pneus camion tubeless, double d\u00e9talonneur simultan\u00e9, vitesse max. 8 tr\/min, unit\u00e9 de commande hydraulique, camion, diam\u00e8tre de jante 11 - 27\u2033, largeur max de roue 540 mm | Rouge (RAL 3002)","thumbnail":"https:\/\/dev.codekraft.it\/rotary-2024\/wp-content\/uploads\/brb_media\/00523849_tyre-changer-nav101-mi-150x150.png","url":"https:\/\/dev.codekraft.it\/rotary-2024\/fr\/produits\/service-de-pneus-fr\/demonte-pneus-fr\/demonte-pneu-nav101-400-v-3-ph-50-hz\/"}],"page_logo_src":"https:\/\/dev.codekraft.it\/rotary-2024\/wp-content\/uploads\/2024\/05\/cropped-rotary-logo-2022.png","lang":"fr","translations":{"fr":384839,"en":384837,"de":384838,"it":384840,"es":384841,"ru":384842},"pll_sync_post":[],"_links":{"self":[{"href":"https:\/\/dev.codekraft.it\/rotary-2024\/wp-json\/wp\/v2\/product\/384839","targetHints":{"allow":["GET"]}}],"collection":[{"href":"https:\/\/dev.codekraft.it\/rotary-2024\/wp-json\/wp\/v2\/product"}],"about":[{"href":"https:\/\/dev.codekraft.it\/rotary-2024\/wp-json\/wp\/v2\/types\/product"}],"wp:featuredmedia":[{"embeddable":true,"href":"https:\/\/dev.codekraft.it\/rotary-2024\/wp-json\/wp\/v2\/media\/356264"}],"wp:attachment":[{"href":"https:\/\/dev.codekraft.it\/rotary-2024\/wp-json\/wp\/v2\/media?parent=384839"}],"wp:term":[{"taxonomy":"product_cat","embeddable":true,"href":"https:\/\/dev.codekraft.it\/rotary-2024\/wp-json\/wp\/v2\/product_cat?post=384839"},{"taxonomy":"product_tag","embeddable":true,"href":"https:\/\/dev.codekraft.it\/rotary-2024\/wp-json\/wp\/v2\/product_tag?post=384839"},{"taxonomy":"product_approvals","embeddable":true,"href":"https:\/\/dev.codekraft.it\/rotary-2024\/wp-json\/wp\/v2\/product_approvals?post=384839"},{"taxonomy":"product_application","embeddable":true,"href":"https:\/\/dev.codekraft.it\/rotary-2024\/wp-json\/wp\/v2\/product_application?post=384839"}],"curies":[{"name":"wp","href":"https:\/\/api.w.org\/{rel}","templated":true}]}}