{"id":384833,"date":"2026-01-23T08:53:43","date_gmt":"2026-01-23T08:53:43","guid":{"rendered":"https:\/\/dev.codekraft.it\/rotary-2024\/products\/uncategorized\/equilibreuse-de-roue-electronique-avec-moniteur-librak360ws\/"},"modified":"2026-01-23T08:53:43","modified_gmt":"2026-01-23T08:53:43","slug":"equilibreuse-de-roue-electronique-avec-moniteur-librak360ws","status":"publish","type":"product","link":"https:\/\/dev.codekraft.it\/rotary-2024\/fr\/produits\/service-de-pneus-fr\/equilibreuses-des-roues-fr\/equilibreuse-de-roue-electronique-avec-moniteur-librak360ws\/","title":{"rendered":"Equilibreuse de roue \u00e9lectronique avec moniteur Librak360WS"},"content":{"rendered":"","protected":false},"excerpt":{"rendered":"<p>\u00c9cran LCD Full HD 22\u2033, PC industriel, incl. c\u00f4nes pour voitures, carter de protection de roue et frette de serrage rapide professionnelle, voiture de tourisme, diam\u00e8tre de la jante 10 &#8211; 30\/33\u2033 (automatique\/manuel) | Rouge (RAL 3002)<\/p>\n","protected":false},"featured_media":353582,"template":"","meta":[],"product_brand":[],"product_cat":[1033500],"product_tag":[1034180,1034163],"product_approvals":[],"product_application":[],"class_list":{"0":"post-384833","1":"product","2":"type-product","3":"status-publish","4":"has-post-thumbnail","6":"product_cat-equilibreuses-des-roues-fr","7":"product_tag-light-commercial-fr","8":"product_tag-passenger-cars-fr","10":"first","11":"instock","12":"shipping-taxable","13":"product-type-simple"},"approvals":[],"application":[],"brb_media_brochure":"","brb_media_drawing":"","brb_media_manuals":[{"id":376059,"url":"https:\/\/dev.codekraft.it\/rotary-2024\/wp-content\/uploads\/brb_media\/00535510_wheel-balancers-rot-rav-spa-monitor-wheel-balancer-im-1301-m004-02_vsg_rev02-multi-2024-11.pdf","title":"wheel balancers rot rav spa monitor wheel balancer im 1301 m004 02 vsg rev02 multi 2024 11","mpn":"","thumbnail":"https:\/\/dev.codekraft.it\/rotary-2024\/wp-content\/uploads\/brb_media\/00535510_wheel-balancers-rot-rav-spa-monitor-wheel-balancer-im-1301-m004-02_vsg_rev02-multi-2024-11-pdf-106x150.png","description":""}],"brb_media_safety_datasheets":"","brb_media_spare_parts":[],"_cdmm_p_id":"504050","_company":"Elektron","_gtin":"5063084201478","accessories":[{"id":382985,"mpn":"GAR378","name":"Antenne pour connexion Wi-Fi et activation de la fonction de connexion","description":"","thumbnail":"","url":"https:\/\/dev.codekraft.it\/rotary-2024\/fr\/produits\/accessoires-service-de-pneus-fr\/accessoires-equilibreuses-de-roue-fr\/antenne-pour-connexion-wi-fi-et-activation-de-la-fonction-de-connexion\/"},{"id":380939,"mpn":"GAR375","name":"Support de rouleau pour masses adh\u00e9sives","description":"","thumbnail":"https:\/\/dev.codekraft.it\/rotary-2024\/wp-content\/uploads\/brb_media\/00549234_wheel-balancers-gar375-mi-150x150.png","url":"https:\/\/dev.codekraft.it\/rotary-2024\/fr\/produits\/accessoires-service-de-pneus-fr\/accessoires-equilibreuses-de-roue-fr\/support-de-rouleau-pour-masses-adhesives\/"},{"id":381341,"mpn":"GAR112","name":"C\u00f4ne de centrage","description":"Pour v\u00e9hicules tous terrains | \u00d8 95 - 132 mm","thumbnail":"https:\/\/dev.codekraft.it\/rotary-2024\/wp-content\/uploads\/brb_media\/00549107_wheel-balancers-gar112-mi-150x150.png","url":"https:\/\/dev.codekraft.it\/rotary-2024\/fr\/produits\/accessoires-service-de-pneus-fr\/accessoires-equilibreuses-de-roue-fr\/cone-de-centrage\/"},{"id":384820,"mpn":"GAR373","name":"Syst\u00e8me de mesure de voile ultrasonique","description":"","thumbnail":"https:\/\/dev.codekraft.it\/rotary-2024\/wp-content\/uploads\/brb_media\/00509273_wheel-balancer-gar338-mi-150x150.png","url":"https:\/\/dev.codekraft.it\/rotary-2024\/fr\/produits\/accessoires-service-de-pneus-fr\/accessoires-equilibreuses-de-roue-fr\/systeme-de-mesure-de-voile-ultrasonique\/"}],"components":[],"related":[],"page_logo_src":"https:\/\/dev.codekraft.it\/rotary-2024\/wp-content\/uploads\/2026\/04\/rotary-negative-logo.png","lang":"fr","translations":{"fr":384833,"en":384831,"de":384832,"it":384834,"es":384835,"ru":384836},"pll_sync_post":[],"_links":{"self":[{"href":"https:\/\/dev.codekraft.it\/rotary-2024\/wp-json\/wp\/v2\/product\/384833","targetHints":{"allow":["GET"]}}],"collection":[{"href":"https:\/\/dev.codekraft.it\/rotary-2024\/wp-json\/wp\/v2\/product"}],"about":[{"href":"https:\/\/dev.codekraft.it\/rotary-2024\/wp-json\/wp\/v2\/types\/product"}],"wp:featuredmedia":[{"embeddable":true,"href":"https:\/\/dev.codekraft.it\/rotary-2024\/wp-json\/wp\/v2\/media\/353582"}],"wp:attachment":[{"href":"https:\/\/dev.codekraft.it\/rotary-2024\/wp-json\/wp\/v2\/media?parent=384833"}],"wp:term":[{"taxonomy":"product_brand","embeddable":true,"href":"https:\/\/dev.codekraft.it\/rotary-2024\/wp-json\/wp\/v2\/product_brand?post=384833"},{"taxonomy":"product_cat","embeddable":true,"href":"https:\/\/dev.codekraft.it\/rotary-2024\/wp-json\/wp\/v2\/product_cat?post=384833"},{"taxonomy":"product_tag","embeddable":true,"href":"https:\/\/dev.codekraft.it\/rotary-2024\/wp-json\/wp\/v2\/product_tag?post=384833"},{"taxonomy":"product_approvals","embeddable":true,"href":"https:\/\/dev.codekraft.it\/rotary-2024\/wp-json\/wp\/v2\/product_approvals?post=384833"},{"taxonomy":"product_application","embeddable":true,"href":"https:\/\/dev.codekraft.it\/rotary-2024\/wp-json\/wp\/v2\/product_application?post=384833"}],"curies":[{"name":"wp","href":"https:\/\/api.w.org\/{rel}","templated":true}]}}