{"id":384832,"date":"2026-01-23T08:53:43","date_gmt":"2026-01-23T08:53:43","guid":{"rendered":"https:\/\/dev.codekraft.it\/rotary-2024\/products\/uncategorized\/elektronische-monitor-radauswuchtmaschine-librak360ws\/"},"modified":"2026-01-23T08:53:43","modified_gmt":"2026-01-23T08:53:43","slug":"elektronische-monitor-radauswuchtmaschine-librak360ws","status":"publish","type":"product","link":"https:\/\/dev.codekraft.it\/rotary-2024\/produkte\/reifenservice-de\/radauswuchtmaschinen-de\/elektronische-monitor-radauswuchtmaschine-librak360ws\/","title":{"rendered":"Elektronische Monitor-Radauswuchtmaschine Librak360WS"},"content":{"rendered":"","protected":false},"excerpt":{"rendered":"<p>22\u2033-LCD Full-HD-Bildschirm, Industrie-PC, inkl. Konen f\u00fcr Pkw, Radschutzbogen und professioneller Schnellspannmutter, Pkw, Felgendurchmesser 10 &#8211; 30\/33\u2033 (automatisch\/manuell) | Rot (RAL 3002)<\/p>\n","protected":false},"featured_media":353582,"template":"","meta":[],"product_cat":[1033482],"product_tag":[1034161,1034178],"product_approvals":[],"product_application":[],"class_list":{"0":"post-384832","1":"product","2":"type-product","3":"status-publish","4":"has-post-thumbnail","6":"product_cat-radauswuchtmaschinen-de","7":"product_tag-passenger-cars-de","8":"product_tag-light-commercial-de","10":"first","11":"instock","12":"shipping-taxable","13":"product-type-simple"},"approvals":[],"application":[],"brb_media_brochure":"","brb_media_drawing":"","brb_media_manuals":[{"id":376059,"url":"https:\/\/dev.codekraft.it\/rotary-2024\/wp-content\/uploads\/brb_media\/00535510_wheel-balancers-rot-rav-spa-monitor-wheel-balancer-im-1301-m004-02_vsg_rev02-multi-2024-11.pdf","title":"wheel balancers rot rav spa monitor wheel balancer im 1301 m004 02 vsg rev02 multi 2024 11","thumbnail":"https:\/\/dev.codekraft.it\/rotary-2024\/wp-content\/uploads\/brb_media\/00535510_wheel-balancers-rot-rav-spa-monitor-wheel-balancer-im-1301-m004-02_vsg_rev02-multi-2024-11-pdf-106x150.png","description":""}],"brb_media_safety_datasheets":"","brb_media_spare_parts":[],"_cdmm_p_id":"504050","_company":"Elektron","_gtin":"5063084201478","accessories":[{"id":382984,"cdmm_p_id":"501939","name":"Wi-Fi-Antenne","description":"F\u00fcr Wi-Fi-Verbindung und Aktivierung der Verbindungsfunktion","thumbnail":"","url":"https:\/\/dev.codekraft.it\/rotary-2024\/produkte\/zubehor-reifenservice-de\/zubehor-radauswuchtmaschinen-de\/wi-fi-antenne-3\/"},{"id":380938,"cdmm_p_id":"495460","name":"Bandgewicht-Rollenst\u00fctze","description":"","thumbnail":"https:\/\/dev.codekraft.it\/rotary-2024\/wp-content\/uploads\/brb_media\/00549234_wheel-balancers-gar375-mi-150x150.png","url":"https:\/\/dev.codekraft.it\/rotary-2024\/produkte\/zubehor-reifenservice-de\/zubehor-radauswuchtmaschinen-de\/bandgewicht-rollenstutze\/"},{"id":381340,"cdmm_p_id":"497533","name":"Zentrierkonus","description":"F\u00fcr Gel\u00e4ndewagen | \u00d8 95 - 132 mm","thumbnail":"https:\/\/dev.codekraft.it\/rotary-2024\/wp-content\/uploads\/brb_media\/00549107_wheel-balancers-gar112-mi-150x150.png","url":"https:\/\/dev.codekraft.it\/rotary-2024\/produkte\/zubehor-reifenservice-de\/zubehor-radauswuchtmaschinen-de\/zentrierkonus\/"},{"id":384819,"cdmm_p_id":"504048","name":"Ultraschall-Unrundheitsmessvorrichtung","description":"","thumbnail":"https:\/\/dev.codekraft.it\/rotary-2024\/wp-content\/uploads\/brb_media\/00509273_wheel-balancer-gar338-mi-150x150.png","url":"https:\/\/dev.codekraft.it\/rotary-2024\/produkte\/zubehor-reifenservice-de\/zubehor-radauswuchtmaschinen-de\/ultraschall-unrundheitsmessvorrichtung\/"}],"components":[],"related":[],"similar":[{"id":380952,"cdmm_p_id":"495464","name":"Elektronische Monitor-Radauswuchtmaschine Librak360PWS Pro (grau)","description":"22\u2033-LCD Full-HD-Bildschirm, Industrie-PC, inkl. Konen f\u00fcr Pkw und SUV, Radschutzbogen, Bandgewicht-Rollenhalter und Spannvorrichtung, Pkw, Felgendurchmesser 10 - 30\/33\u2033 (automatisch\/manuell) | Grau (RAL 7016)","thumbnail":"https:\/\/dev.codekraft.it\/rotary-2024\/wp-content\/uploads\/brb_media\/00524023_wheel-balancer-librak360pws-pro-ral7016-mi-150x150.png","url":"https:\/\/dev.codekraft.it\/rotary-2024\/produkte\/reifenservice-de\/radauswuchtmaschinen-de\/elektronische-monitor-radauswuchtmaschine-librak360pws-pro-grau\/"},{"id":380946,"cdmm_p_id":"495459","name":"Elektronische Monitor-Radauswuchtmaschine Librak360PWS Pro","description":"22\u2033-LCD Full-HD-Bildschirm, Industrie-PC, inkl. Konen f\u00fcr Pkw und SUV, Radschutzbogen, Bandgewicht-Rollenhalter und Spannvorrichtung, Pkw, Felgendurchmesser 10 - 30\/33\u2033 (automatisch\/manuell) | Rot (RAL 3002)","thumbnail":"https:\/\/dev.codekraft.it\/rotary-2024\/wp-content\/uploads\/brb_media\/00523916_wheel-balancer-librak360-mi-150x150.png","url":"https:\/\/dev.codekraft.it\/rotary-2024\/produkte\/reifenservice-de\/radauswuchtmaschinen-de\/elektronische-monitor-radauswuchtmaschine-librak360pws-pro\/"},{"id":384826,"cdmm_p_id":"504049","name":"Elektronische Monitor-Radauswuchtmaschine Librak360PWS","description":"22\u2033-LCD Full-HD-Bildschirm, Industrie-PC, inkl. Konen f\u00fcr Pkw, Radschutzbogen und Spannvorrichtung, Pkw, Felgendurchmesser 10 - 30\/33\u2033 (automatisch\/manuell) | Rot (RAL 3002)","thumbnail":"https:\/\/dev.codekraft.it\/rotary-2024\/wp-content\/uploads\/brb_media\/00528008_wheel-balancer-librak360pws-mi-150x150.png","url":"https:\/\/dev.codekraft.it\/rotary-2024\/produkte\/reifenservice-de\/radauswuchtmaschinen-de\/elektronische-monitor-radauswuchtmaschine-librak360pws\/"}],"lang":"de","translations":{"de":384832,"en":384831,"fr":384833,"it":384834,"es":384835,"ru":384836},"pll_sync_post":[],"_links":{"self":[{"href":"https:\/\/dev.codekraft.it\/rotary-2024\/wp-json\/wp\/v2\/product\/384832","targetHints":{"allow":["GET"]}}],"collection":[{"href":"https:\/\/dev.codekraft.it\/rotary-2024\/wp-json\/wp\/v2\/product"}],"about":[{"href":"https:\/\/dev.codekraft.it\/rotary-2024\/wp-json\/wp\/v2\/types\/product"}],"wp:featuredmedia":[{"embeddable":true,"href":"https:\/\/dev.codekraft.it\/rotary-2024\/wp-json\/wp\/v2\/media\/353582"}],"wp:attachment":[{"href":"https:\/\/dev.codekraft.it\/rotary-2024\/wp-json\/wp\/v2\/media?parent=384832"}],"wp:term":[{"taxonomy":"product_cat","embeddable":true,"href":"https:\/\/dev.codekraft.it\/rotary-2024\/wp-json\/wp\/v2\/product_cat?post=384832"},{"taxonomy":"product_tag","embeddable":true,"href":"https:\/\/dev.codekraft.it\/rotary-2024\/wp-json\/wp\/v2\/product_tag?post=384832"},{"taxonomy":"product_approvals","embeddable":true,"href":"https:\/\/dev.codekraft.it\/rotary-2024\/wp-json\/wp\/v2\/product_approvals?post=384832"},{"taxonomy":"product_application","embeddable":true,"href":"https:\/\/dev.codekraft.it\/rotary-2024\/wp-json\/wp\/v2\/product_application?post=384832"}],"curies":[{"name":"wp","href":"https:\/\/api.w.org\/{rel}","templated":true}]}}