{"id":384810,"date":"2025-09-08T09:01:36","date_gmt":"2025-09-08T09:01:36","guid":{"rendered":"https:\/\/dev.codekraft.it\/rotary-2024\/products\/uncategorized\/equilibratrice-elettronica-librak338fmd-2\/"},"modified":"2025-09-08T09:01:36","modified_gmt":"2025-09-08T09:01:36","slug":"equilibratrice-elettronica-librak338fmd-2","status":"publish","type":"product","link":"https:\/\/dev.codekraft.it\/rotary-2024\/es\/productos\/servicio-de-llantas-es\/equilibradoras-de-ruedas-es\/equilibratrice-elettronica-librak338fmd-2\/","title":{"rendered":"Equilibratrice elettronica Librak338FMD"},"content":{"rendered":"","protected":false},"excerpt":{"rendered":"<p>Pantalla gr\u00e1fica LCD retroiluminada (132 x 40 mm), detecci\u00f3n autom\u00e1tica de distancia y di\u00e1metro, ciclo autom\u00e1tico, freno para rueda, incl. conos para turismos, carter protecci\u00f3n de rueda y garra r\u00e1pida, turismo, di\u00e1metro de llanta 10 &#8211; 26\u2033 | Rojo (RAL 3002)<\/p>\n","protected":false},"featured_media":356301,"template":"","meta":[],"product_cat":[1033536],"product_tag":[1034151,1034134],"product_approvals":[],"product_application":[],"class_list":{"0":"post-384810","1":"product","2":"type-product","3":"status-publish","4":"has-post-thumbnail","6":"product_cat-equilibradoras-de-ruedas-es","7":"product_tag-buses-es","8":"product_tag-trucks-es","10":"first","11":"instock","12":"shipping-taxable","13":"product-type-simple"},"approvals":[],"application":[],"brb_media_brochure":"","brb_media_drawing":"","brb_media_manuals":[{"id":380164,"url":"https:\/\/dev.codekraft.it\/rotary-2024\/wp-content\/uploads\/brb_media\/00548907_wheel-balancers-librak240-librak345-librak338-librak328-g2114-g2116-g2120-g2121-t2020-2d-wb430-easy-g2124-gtl2120-er328-er448-erl240-im-1296-m027-02_vsg_rev03-multi-2024-12.pdf","title":"Wheel Balancers LIBRAK240 LIBRAK345 LIBRAK338 LIBRAK328 G2114 G2116 G2120 G2121 T2020 2D WB430 EASY G2124 GTL2120 ER328 ER448 ERL240 IM 1296 M027 02 VSG rev03 multi 2024 12","mpn":"","thumbnail":"https:\/\/dev.codekraft.it\/rotary-2024\/wp-content\/uploads\/brb_media\/00548907_wheel-balancers-librak240-librak345-librak338-librak328-g2114-g2116-g2120-g2121-t2020-2d-wb430-easy-g2124-gtl2120-er328-er448-erl240-im-1296-m027-02_vsg_rev03-multi-2024-12-pdf-106x150.png","description":""}],"brb_media_safety_datasheets":"","brb_media_spare_parts":[],"_cdmm_p_id":"504013","_company":"Elektron","_gtin":"5063084201461","accessories":[{"id":383711,"mpn":"GAR101","name":"Tuerca de sujeci\u00f3n r\u00e1pida con anillo de presi\u00f3n","description":"Centrado doble, garra r\u00e1pida","thumbnail":"https:\/\/dev.codekraft.it\/rotary-2024\/wp-content\/uploads\/brb_media\/00509256_wheel-balancer-gar101-mi-150x150.png","url":"https:\/\/dev.codekraft.it\/rotary-2024\/es\/productos\/accesorios-servicio-de-llantas-es\/accesorios-equilibradoras-es\/tuerca-de-sujecion-rapida-con-anillo-de-presion\/"},{"id":383061,"mpn":"GAR104","name":"Tuerca de sujeci\u00f3n para turismos | con anillo de presi\u00f3n","description":"Centrado doble, garra","thumbnail":"https:\/\/dev.codekraft.it\/rotary-2024\/wp-content\/uploads\/brb_media\/00506557_gar104-150x150.png","url":"https:\/\/dev.codekraft.it\/rotary-2024\/es\/productos\/accesorios-servicio-de-llantas-es\/accesorios-equilibradoras-es\/tuerca-de-sujecion-para-turismos-con-anillo-de-presion\/"},{"id":383390,"mpn":"GAR105","name":"Tuerca tipo con volante y anillo de presi\u00f3n | para turismos","description":"Centrado doble, garra tipo volante","thumbnail":"https:\/\/dev.codekraft.it\/rotary-2024\/wp-content\/uploads\/brb_media\/00506558_gar105-mi-150x150.png","url":"https:\/\/dev.codekraft.it\/rotary-2024\/es\/productos\/accesorios-servicio-de-llantas-es\/accesorios-equilibradoras-es\/tuerca-tipo-con-volante-y-anillo-de-presion-para-turismos\/"},{"id":381343,"mpn":"GAR112","name":"Cono de centrado","description":"Para todo terrenos | \u00d8 95 - 132 mm","thumbnail":"https:\/\/dev.codekraft.it\/rotary-2024\/wp-content\/uploads\/brb_media\/00549107_wheel-balancers-gar112-mi-150x150.png","url":"https:\/\/dev.codekraft.it\/rotary-2024\/es\/productos\/accesorios-servicio-de-llantas-es\/accesorios-equilibradoras-es\/cono-de-centrado\/"},{"id":380271,"mpn":"GAR121","name":"Disco de protecci\u00f3n rueda","description":"","thumbnail":"https:\/\/dev.codekraft.it\/rotary-2024\/wp-content\/uploads\/brb_media\/00506564_gar121-150x150.png","url":"https:\/\/dev.codekraft.it\/rotary-2024\/es\/productos\/accesorios-servicio-de-llantas-es\/accesorios-equilibradoras-es\/disco-de-proteccion-rueda\/"},{"id":381394,"mpn":"GAR142","name":"Placa de sujeci\u00f3n de precisi\u00f3n para llantas de 5 agujeros | 98 &#8211; 100 &#8211; 108 &#8211; 112 &#8211; 120,65 &#8211; 130 &#8211; 139,7 mm","description":"Plato de esp\u00e1rragos para ruedas","thumbnail":"https:\/\/dev.codekraft.it\/rotary-2024\/wp-content\/uploads\/brb_media\/00506567_gar142-150x150.png","url":"https:\/\/dev.codekraft.it\/rotary-2024\/es\/productos\/accesorios-servicio-de-llantas-es\/accesorios-equilibradoras-es\/placa-de-sujecion-de-precision-para-llantas-de-5-agujeros-98-100-108-112-12065-130-1397-mm\/"},{"id":383908,"mpn":"GAR192N","name":"Cono de centrado BMW","description":"Casquillo de centrado BMW | opci\u00f3n para garra universal GAR181N o GAR191N","thumbnail":"https:\/\/dev.codekraft.it\/rotary-2024\/wp-content\/uploads\/brb_media\/00506576_gar192n-150x150.png","url":"https:\/\/dev.codekraft.it\/rotary-2024\/es\/productos\/accesorios-servicio-de-llantas-es\/accesorios-equilibradoras-es\/cono-de-centrado-bmw\/"},{"id":380332,"mpn":"GAR193N","name":"Cono de centrado para Ducati 916-996-998-Monster SR2-SR4","description":"Casquillo de centrado | opci\u00f3n para garra universal GAR181N o GAR191N","thumbnail":"https:\/\/dev.codekraft.it\/rotary-2024\/wp-content\/uploads\/brb_media\/00506593_gar193n-150x150.png","url":"https:\/\/dev.codekraft.it\/rotary-2024\/es\/productos\/accesorios-servicio-de-llantas-es\/accesorios-equilibradoras-es\/cono-de-centrado-para-ducati-916-996-998-monster-sr2-sr4\/"},{"id":380338,"mpn":"GAR194N","name":"Cono de centrado para Honda NTV 650 REVERE","description":"Casquillo de centrado | opci\u00f3n para garra universal GAR181N o GAR191N","thumbnail":"https:\/\/dev.codekraft.it\/rotary-2024\/wp-content\/uploads\/brb_media\/00506591_gar194n-150x150.png","url":"https:\/\/dev.codekraft.it\/rotary-2024\/es\/productos\/accesorios-servicio-de-llantas-es\/accesorios-equilibradoras-es\/cono-de-centrado-para-honda-ntv-650-revere\/"},{"id":380344,"mpn":"GAR195N","name":"Cono de centrado para Honda VFR 750","description":"Casquillo de centrado | opci\u00f3n para garra universal GAR181N o GAR191N","thumbnail":"https:\/\/dev.codekraft.it\/rotary-2024\/wp-content\/uploads\/brb_media\/00506592_gar195n-150x150.png","url":"https:\/\/dev.codekraft.it\/rotary-2024\/es\/productos\/accesorios-servicio-de-llantas-es\/accesorios-equilibradoras-es\/cono-de-centrado-para-honda-vfr-750\/"},{"id":380350,"mpn":"GAR196N","name":"Cono de centrado para Yamaha GTS 1000","description":"Casquillo de centrado | opci\u00f3n para garra universal GAR181N o GAR191N","thumbnail":"https:\/\/dev.codekraft.it\/rotary-2024\/wp-content\/uploads\/brb_media\/00506590_gar196n-150x150.png","url":"https:\/\/dev.codekraft.it\/rotary-2024\/es\/productos\/accesorios-servicio-de-llantas-es\/accesorios-equilibradoras-es\/cono-de-centrado-para-yamaha-gts-1000\/"},{"id":380356,"mpn":"GAR197N","name":"Conos de centrado para Harley Davidson | 1 juego \/ 2 piezas","description":"Casquillos de centrado | opci\u00f3n para garra universal GAR181N o GAR191N","thumbnail":"https:\/\/dev.codekraft.it\/rotary-2024\/wp-content\/uploads\/brb_media\/00506577_gar197-150x150.png","url":"https:\/\/dev.codekraft.it\/rotary-2024\/es\/productos\/accesorios-servicio-de-llantas-es\/accesorios-equilibradoras-es\/conos-de-centrado-para-harley-davidson-1-juego-2-piezas\/"},{"id":380362,"mpn":"GAR198N","name":"Conos de centrado para Suzuki GSX R","description":"Opci\u00f3n para garra universal GAR181N o GAR191N | 1 juego \/ 6 piezas","thumbnail":"https:\/\/dev.codekraft.it\/rotary-2024\/wp-content\/uploads\/brb_media\/00431008_wheel-balancer-centering-cone-suzuki-di-gar198n-150x150.png","url":"https:\/\/dev.codekraft.it\/rotary-2024\/es\/productos\/accesorios-servicio-de-llantas-es\/accesorios-equilibradoras-es\/conos-de-centrado-para-suzuki-gsx-r\/"},{"id":383458,"mpn":"GAR155","name":"Conos de centrado de precisi\u00f3n \u00d8 42,5 &#8211; 78 mm","description":"Para equilibradoras de ruedas | 1 juego \/ 5 piezas","thumbnail":"https:\/\/dev.codekraft.it\/rotary-2024\/wp-content\/uploads\/brb_media\/00506571_gar155-150x150.png","url":"https:\/\/dev.codekraft.it\/rotary-2024\/es\/productos\/accesorios-servicio-de-llantas-es\/accesorios-equilibradoras-es\/conos-de-centrado-de-precision-o-425-78-mm\/"},{"id":380253,"mpn":"GAR147N","name":"Casquillos de centrado","description":"Para Renault | \u00d8 60 \/ 66 mm | 1 juego \/ 2 piezas","thumbnail":"https:\/\/dev.codekraft.it\/rotary-2024\/wp-content\/uploads\/brb_media\/00509264_wheel-balancer-gar147n-mi-150x150.png","url":"https:\/\/dev.codekraft.it\/rotary-2024\/es\/productos\/accesorios-servicio-de-llantas-es\/accesorios-equilibradoras-es\/casquillos-de-centrado\/"},{"id":380259,"mpn":"GAR220","name":"Casquillos de centrado","description":"Para Renault Trafic Master, incl. espesor | \u00d8 71 \/ 88,9 \/ 129,9 mm | 1 juego \/ 3 piezas","thumbnail":"https:\/\/dev.codekraft.it\/rotary-2024\/wp-content\/uploads\/brb_media\/00509266_wheel-balancer-gar220-mi-150x150.png","url":"https:\/\/dev.codekraft.it\/rotary-2024\/es\/productos\/accesorios-servicio-de-llantas-es\/accesorios-equilibradoras-es\/casquillos-de-centrado-2\/"},{"id":381382,"mpn":"GAR113","name":"Cono de centrado para furgonetas | \u00d8 118 &#8211; 174 mm","description":"Incluido espesor","thumbnail":"https:\/\/dev.codekraft.it\/rotary-2024\/wp-content\/uploads\/brb_media\/00509261_wheel-balancer-gar113-mi-150x150.png","url":"https:\/\/dev.codekraft.it\/rotary-2024\/es\/productos\/accesorios-servicio-de-llantas-es\/accesorios-equilibradoras-es\/cono-de-centrado-para-furgonetas-o-118-174-mm\/"},{"id":381388,"mpn":"GAR132","name":"Placa de sujeci\u00f3n de precisi\u00f3n Universal, para ruedas con 3\/4\/5 agujeros | con esp\u00e1rragos","description":"Garra universal de precisi\u00f3n","thumbnail":"https:\/\/dev.codekraft.it\/rotary-2024\/wp-content\/uploads\/brb_media\/00506548_gar132-150x150.png","url":"https:\/\/dev.codekraft.it\/rotary-2024\/es\/productos\/accesorios-servicio-de-llantas-es\/accesorios-equilibradoras-es\/placa-de-sujecion-de-precision-universal-para-ruedas-con-3-4-5-agujeros-con-esparragos\/"},{"id":380241,"mpn":"GAR131H","name":"Placa de sujeci\u00f3n Universal | para llantas de 3\/4\/5 agujeros sin agujero central","description":"Plato universal para llantas ciegas | incl. calibre medici\u00f3n entre ejes de los agujeros","thumbnail":"https:\/\/dev.codekraft.it\/rotary-2024\/wp-content\/uploads\/brb_media\/00509262_wheel-balancer-gar131h-mi-150x150.png","url":"https:\/\/dev.codekraft.it\/rotary-2024\/es\/productos\/accesorios-servicio-de-llantas-es\/accesorios-equilibradoras-es\/placa-de-sujecion-universal-para-llantas-de-3-4-5-agujeros-sin-agujero-central\/"},{"id":381349,"mpn":"GAR301","name":"Detector de ancho rueda autom\u00e1tico","description":"","thumbnail":"https:\/\/dev.codekraft.it\/rotary-2024\/wp-content\/uploads\/brb_media\/00506598_gar301-mi-150x150.png","url":"https:\/\/dev.codekraft.it\/rotary-2024\/es\/productos\/accesorios-servicio-de-llantas-es\/accesorios-equilibradoras-es\/detector-de-ancho-rueda-automatico\/"},{"id":381357,"mpn":"GAR325","name":"Elevador para ruedas Standard","description":"80 kg, turismo","thumbnail":"https:\/\/dev.codekraft.it\/rotary-2024\/wp-content\/uploads\/brb_media\/00373626_wheel-balancer-standard-wheel-lift-di-150x150.png","url":"https:\/\/dev.codekraft.it\/rotary-2024\/es\/productos\/servicio-de-llantas-es\/carro-de-montaje-de-ruedas-es\/elevador-para-ruedas-standard\/"},{"id":381370,"mpn":"GAR324","name":"Elevador para ruedas con equilibrado autom\u00e1tico del peso rueda","description":"80 kg, turismo","thumbnail":"https:\/\/dev.codekraft.it\/rotary-2024\/wp-content\/uploads\/brb_media\/00509271_wheel-balancer-gar324-mi-150x150.png","url":"https:\/\/dev.codekraft.it\/rotary-2024\/es\/productos\/servicio-de-llantas-es\/carro-de-montaje-de-ruedas-es\/elevador-para-ruedas-con-equilibrado-automatico-del-peso-rueda\/"},{"id":381376,"mpn":"GAR323","name":"Doble cono de centrado para veh\u00edculos todo terreno | \u00d8 124 &#8211; 128 \/ 122 &#8211; 126 mm","description":"","thumbnail":"https:\/\/dev.codekraft.it\/rotary-2024\/wp-content\/uploads\/brb_media\/00506561_gar323-mi-150x150.png","url":"https:\/\/dev.codekraft.it\/rotary-2024\/es\/productos\/accesorios-servicio-de-llantas-es\/accesorios-equilibradoras-es\/doble-cono-de-centrado-para-vehiculos-todo-terreno-o-124-128-122-126-mm\/"},{"id":381400,"mpn":"GAR181N","name":"Garra universal","description":"Para motos | con eje, \u00d8 14 mm, y acesorios | Se requiere GAR181A1","thumbnail":"https:\/\/dev.codekraft.it\/rotary-2024\/wp-content\/uploads\/brb_media\/00506596_gar181n-150x150.png","url":"https:\/\/dev.codekraft.it\/rotary-2024\/es\/productos\/accesorios-servicio-de-llantas-es\/accesorios-equilibradoras-es\/garra-universal\/"},{"id":381406,"mpn":"GAR354","name":"Garra universal","description":"Para motos | sin eje y acesorios | Se requiere GAR181A1","thumbnail":"https:\/\/dev.codekraft.it\/rotary-2024\/wp-content\/uploads\/brb_media\/00506597_gar354-150x150.png","url":"https:\/\/dev.codekraft.it\/rotary-2024\/es\/productos\/accesorios-servicio-de-llantas-es\/accesorios-equilibradoras-es\/garra-universal-2\/"},{"id":383717,"mpn":"GAR345","name":"Tuerca de sujeci\u00f3n r\u00e1pida con anillo de presi\u00f3n","description":"Centrado doble, garra r\u00e1pida, para todas las versiones NO neum\u00e1ticas","thumbnail":"https:\/\/dev.codekraft.it\/rotary-2024\/wp-content\/uploads\/brb_media\/00509274_wheel-balancer-gar345-mi-150x150.png","url":"https:\/\/dev.codekraft.it\/rotary-2024\/es\/productos\/accesorios-servicio-de-llantas-es\/accesorios-equilibradoras-es\/tuerca-de-sujecion-rapida-con-anillo-de-presion-2\/"},{"id":380265,"mpn":"GAR357","name":"Placa de sujeci\u00f3n para llantas de 5 agujeros BMW | 112 &#8211; 120 mm","description":"Juego garra con esp\u00e1rragos para ruedas de 5 agujeros BMW, incl. anillo de centrado \u00d8 66,5 mm | para todos los modelos","thumbnail":"https:\/\/dev.codekraft.it\/rotary-2024\/wp-content\/uploads\/brb_media\/00506584_gar357-01-150x150.png","url":"https:\/\/dev.codekraft.it\/rotary-2024\/es\/productos\/accesorios-servicio-de-llantas-es\/accesorios-equilibradoras-es\/placa-de-sujecion-para-llantas-de-5-agujeros-bmw-112-120-mm\/"},{"id":382705,"mpn":"GAR148N","name":"Casquillo de centrado para BMW, Mercedes Benz, Audi, Opel | escalonado | \u00d8 56 &#8211; 57 &#8211; 66,5 &#8211; 72,5 &#8211; 72,6 &#8211; 74 &#8211; 74,1 mm","description":"","thumbnail":"https:\/\/dev.codekraft.it\/rotary-2024\/wp-content\/uploads\/brb_media\/00430978_wheel-balancer-centering-cone-step-shaped-di-gar148n-150x150.png","url":"https:\/\/dev.codekraft.it\/rotary-2024\/es\/productos\/accesorios-servicio-de-llantas-es\/accesorios-equilibradoras-es\/casquillo-de-centrado-para-bmw-mercedes-benz-audi-opel-escalonado-o-56-57-665-725-726-74-741-mm\/"}],"components":[],"related":[],"page_logo_src":"https:\/\/dev.codekraft.it\/rotary-2024\/wp-content\/uploads\/2024\/05\/cropped-rotary-logo-2022.png","lang":"es","translations":{"es":384810,"en":384806,"de":384807,"fr":384808,"it":384809,"ru":384811},"pll_sync_post":[],"_links":{"self":[{"href":"https:\/\/dev.codekraft.it\/rotary-2024\/wp-json\/wp\/v2\/product\/384810","targetHints":{"allow":["GET"]}}],"collection":[{"href":"https:\/\/dev.codekraft.it\/rotary-2024\/wp-json\/wp\/v2\/product"}],"about":[{"href":"https:\/\/dev.codekraft.it\/rotary-2024\/wp-json\/wp\/v2\/types\/product"}],"wp:featuredmedia":[{"embeddable":true,"href":"https:\/\/dev.codekraft.it\/rotary-2024\/wp-json\/wp\/v2\/media\/356301"}],"wp:attachment":[{"href":"https:\/\/dev.codekraft.it\/rotary-2024\/wp-json\/wp\/v2\/media?parent=384810"}],"wp:term":[{"taxonomy":"product_cat","embeddable":true,"href":"https:\/\/dev.codekraft.it\/rotary-2024\/wp-json\/wp\/v2\/product_cat?post=384810"},{"taxonomy":"product_tag","embeddable":true,"href":"https:\/\/dev.codekraft.it\/rotary-2024\/wp-json\/wp\/v2\/product_tag?post=384810"},{"taxonomy":"product_approvals","embeddable":true,"href":"https:\/\/dev.codekraft.it\/rotary-2024\/wp-json\/wp\/v2\/product_approvals?post=384810"},{"taxonomy":"product_application","embeddable":true,"href":"https:\/\/dev.codekraft.it\/rotary-2024\/wp-json\/wp\/v2\/product_application?post=384810"}],"curies":[{"name":"wp","href":"https:\/\/api.w.org\/{rel}","templated":true}]}}