{"id":384808,"date":"2025-09-08T09:00:26","date_gmt":"2025-09-08T09:00:26","guid":{"rendered":"https:\/\/dev.codekraft.it\/rotary-2024\/products\/uncategorized\/equilibreuse-electronique-librak338fmd\/"},"modified":"2025-09-08T09:00:26","modified_gmt":"2025-09-08T09:00:26","slug":"equilibreuse-electronique-librak338fmd","status":"publish","type":"product","link":"https:\/\/dev.codekraft.it\/rotary-2024\/fr\/produits\/service-de-pneus-fr\/equilibreuses-des-roues-fr\/equilibreuse-electronique-librak338fmd\/","title":{"rendered":"\u00c9quilibreuse \u00e9lectronique Librak338FMD"},"content":{"rendered":"","protected":false},"excerpt":{"rendered":"<p>\u00c9cran graphique LCD r\u00e9tro-\u00e9clair\u00e9 (132 x 40 mm), d\u00e9tection automatique de la distance et du diam\u00e8tre, cycle automatique, frein de roue, incl. c\u00f4nes voitures, carter de protection de roue et manivelle de serrage rapide, voiture de tourisme, diam\u00e8tre de la jante 10 &#8211; 26\u2033 | Rouge (RAL 3002)<\/p>\n","protected":false},"featured_media":356301,"template":"","meta":[],"product_brand":[],"product_cat":[1033500],"product_tag":[1034145,1034128],"product_approvals":[],"product_application":[],"class_list":{"0":"post-384808","1":"product","2":"type-product","3":"status-publish","4":"has-post-thumbnail","6":"product_cat-equilibreuses-des-roues-fr","7":"product_tag-buses-fr","8":"product_tag-trucks-fr","10":"first","11":"instock","12":"shipping-taxable","13":"product-type-simple"},"approvals":[],"application":[],"brb_media_brochure":"","brb_media_drawing":"","brb_media_manuals":[{"id":380164,"url":"https:\/\/dev.codekraft.it\/rotary-2024\/wp-content\/uploads\/brb_media\/00548907_wheel-balancers-librak240-librak345-librak338-librak328-g2114-g2116-g2120-g2121-t2020-2d-wb430-easy-g2124-gtl2120-er328-er448-erl240-im-1296-m027-02_vsg_rev03-multi-2024-12.pdf","title":"Wheel Balancers LIBRAK240 LIBRAK345 LIBRAK338 LIBRAK328 G2114 G2116 G2120 G2121 T2020 2D WB430 EASY G2124 GTL2120 ER328 ER448 ERL240 IM 1296 M027 02 VSG rev03 multi 2024 12","mpn":"","thumbnail":"https:\/\/dev.codekraft.it\/rotary-2024\/wp-content\/uploads\/brb_media\/00548907_wheel-balancers-librak240-librak345-librak338-librak328-g2114-g2116-g2120-g2121-t2020-2d-wb430-easy-g2124-gtl2120-er328-er448-erl240-im-1296-m027-02_vsg_rev03-multi-2024-12-pdf-106x150.png","description":""}],"brb_media_safety_datasheets":"","brb_media_spare_parts":[],"_cdmm_p_id":"504013","_company":"Elektron","_gtin":"5063084201461","accessories":[{"id":383709,"mpn":"GAR101","name":"\u00c9crou \u00e0 serrage rapide avec bague de pression","description":"Double centrage, frette de serrage rapide","thumbnail":"https:\/\/dev.codekraft.it\/rotary-2024\/wp-content\/uploads\/brb_media\/00509256_wheel-balancer-gar101-mi-150x150.png","url":"https:\/\/dev.codekraft.it\/rotary-2024\/fr\/produits\/accessoires-service-de-pneus-fr\/accessoires-equilibreuses-de-roue-fr\/ecrou-a-serrage-rapide-avec-bague-de-pression\/"},{"id":383059,"mpn":"GAR104","name":"\u00c9crou \u00e0 serrage pour voitures particuli\u00e8res | avec bague de pression","description":"Double centrage, frette de serrage","thumbnail":"https:\/\/dev.codekraft.it\/rotary-2024\/wp-content\/uploads\/brb_media\/00506557_gar104-150x150.png","url":"https:\/\/dev.codekraft.it\/rotary-2024\/fr\/produits\/accessoires-service-de-pneus-fr\/accessoires-equilibreuses-de-roue-fr\/ecrou-a-serrage-pour-voitures-particulieres-avec-bague-de-pression\/"},{"id":383388,"mpn":"GAR105","name":"\u00c9crou \u00e0 serrage avec volant et bague de pression | pour voitures particuli\u00e8res","description":"Double centrage, frette de serrage \u00e0 volant","thumbnail":"https:\/\/dev.codekraft.it\/rotary-2024\/wp-content\/uploads\/brb_media\/00506558_gar105-mi-150x150.png","url":"https:\/\/dev.codekraft.it\/rotary-2024\/fr\/produits\/accessoires-service-de-pneus-fr\/accessoires-equilibreuses-de-roue-fr\/ecrou-a-serrage-avec-volant-et-bague-de-pression-pour-voitures-particulieres\/"},{"id":381341,"mpn":"GAR112","name":"C\u00f4ne de centrage","description":"Pour v\u00e9hicules tous terrains | \u00d8 95 - 132 mm","thumbnail":"https:\/\/dev.codekraft.it\/rotary-2024\/wp-content\/uploads\/brb_media\/00549107_wheel-balancers-gar112-mi-150x150.png","url":"https:\/\/dev.codekraft.it\/rotary-2024\/fr\/produits\/accessoires-service-de-pneus-fr\/accessoires-equilibreuses-de-roue-fr\/cone-de-centrage\/"},{"id":380269,"mpn":"GAR121","name":"Disque de protection de roue","description":"","thumbnail":"https:\/\/dev.codekraft.it\/rotary-2024\/wp-content\/uploads\/brb_media\/00506564_gar121-150x150.png","url":"https:\/\/dev.codekraft.it\/rotary-2024\/fr\/produits\/accessoires-service-de-pneus-fr\/accessoires-equilibreuses-de-roue-fr\/disque-de-protection-de-roue\/"},{"id":381392,"mpn":"GAR142","name":"Pr\u00e9cision plaque de serrage de type pour jantes \u00e0 5 trous | 98 &#8211; 100 &#8211; 108 &#8211; 112 &#8211; 120,65 &#8211; 130 &#8211; 139,7 mm","description":"Plateau \u00e0 colonnettes pour roues \u00e0 5 ouvertures","thumbnail":"https:\/\/dev.codekraft.it\/rotary-2024\/wp-content\/uploads\/brb_media\/00506567_gar142-150x150.png","url":"https:\/\/dev.codekraft.it\/rotary-2024\/fr\/produits\/accessoires-service-de-pneus-fr\/accessoires-equilibreuses-de-roue-fr\/precision-plaque-de-serrage-de-type-pour-jantes-a-5-trous-98-100-108-112-12065-130-1397-mm\/"},{"id":383906,"mpn":"GAR192N","name":"C\u00f4ne de centrage BMW","description":"Manchon de centrage BMW | option pour bride universelle GAR181N ou GAR191N","thumbnail":"https:\/\/dev.codekraft.it\/rotary-2024\/wp-content\/uploads\/brb_media\/00506576_gar192n-150x150.png","url":"https:\/\/dev.codekraft.it\/rotary-2024\/fr\/produits\/accessoires-service-de-pneus-fr\/accessoires-equilibreuses-de-roue-fr\/cone-de-centrage-bmw\/"},{"id":380330,"mpn":"GAR193N","name":"C\u00f4ne de centrage pour Ducati 916-996-996-998-Monster SR2-SR4","description":"Manchon de centrage | option pour bride universelle GAR181N ou GAR191N","thumbnail":"https:\/\/dev.codekraft.it\/rotary-2024\/wp-content\/uploads\/brb_media\/00506593_gar193n-150x150.png","url":"https:\/\/dev.codekraft.it\/rotary-2024\/fr\/produits\/accessoires-service-de-pneus-fr\/accessoires-equilibreuses-de-roue-fr\/cone-de-centrage-pour-ducati-916-996-996-998-monster-sr2-sr4\/"},{"id":380336,"mpn":"GAR194N","name":"C\u00f4ne de centrage pour Honda NTV 650 REVERE","description":"Manchon de centrage | option pour bride universelle GAR181N ou GAR191N","thumbnail":"https:\/\/dev.codekraft.it\/rotary-2024\/wp-content\/uploads\/brb_media\/00506591_gar194n-150x150.png","url":"https:\/\/dev.codekraft.it\/rotary-2024\/fr\/produits\/accessoires-service-de-pneus-fr\/accessoires-equilibreuses-de-roue-fr\/cone-de-centrage-pour-honda-ntv-650-revere\/"},{"id":380342,"mpn":"GAR195N","name":"C\u00f4ne de centrage pour Honda VFR 750","description":"Manchon de centrage | option pour bride universelle GAR181N ou GAR191N","thumbnail":"https:\/\/dev.codekraft.it\/rotary-2024\/wp-content\/uploads\/brb_media\/00506592_gar195n-150x150.png","url":"https:\/\/dev.codekraft.it\/rotary-2024\/fr\/produits\/accessoires-service-de-pneus-fr\/accessoires-equilibreuses-de-roue-fr\/cone-de-centrage-pour-honda-vfr-750\/"},{"id":380348,"mpn":"GAR196N","name":"C\u00f4ne de centrage pour Yamaha GTS 1000","description":"Manchon de centrage | option pour bride universelle GAR181N ou GAR191N","thumbnail":"https:\/\/dev.codekraft.it\/rotary-2024\/wp-content\/uploads\/brb_media\/00506590_gar196n-150x150.png","url":"https:\/\/dev.codekraft.it\/rotary-2024\/fr\/produits\/accessoires-service-de-pneus-fr\/accessoires-equilibreuses-de-roue-fr\/cone-de-centrage-pour-yamaha-gts-1000\/"},{"id":380354,"mpn":"GAR197N","name":"C\u00f4nes de centrage pour Harley Davidson | 1 jeu \/ 2 pi\u00e8ces","description":"Manchons de centrage | option pour bride universelle GAR181N ou GAR191N","thumbnail":"https:\/\/dev.codekraft.it\/rotary-2024\/wp-content\/uploads\/brb_media\/00506577_gar197-150x150.png","url":"https:\/\/dev.codekraft.it\/rotary-2024\/fr\/produits\/accessoires-service-de-pneus-fr\/accessoires-equilibreuses-de-roue-fr\/cones-de-centrage-pour-harley-davidson-1-jeu-2-pieces\/"},{"id":380360,"mpn":"GAR198N","name":"C\u00f4nes de centrage pour Suzuki GSX R","description":"Option pour bride universelle GAR181N ou GAR191N | 1 jeu \/ 6 pi\u00e8ces","thumbnail":"https:\/\/dev.codekraft.it\/rotary-2024\/wp-content\/uploads\/brb_media\/00431008_wheel-balancer-centering-cone-suzuki-di-gar198n-150x150.png","url":"https:\/\/dev.codekraft.it\/rotary-2024\/fr\/produits\/accessoires-service-de-pneus-fr\/accessoires-equilibreuses-de-roue-fr\/cones-de-centrage-pour-suzuki-gsx-r\/"},{"id":383456,"mpn":"GAR155","name":"C\u00f4nes de centrage de pr\u00e9cision \u00d8 42,5 &#8211; 78 mm","description":"Pour equilibreuses de roue | 1 jeu \/ 5 pi\u00e8ces","thumbnail":"https:\/\/dev.codekraft.it\/rotary-2024\/wp-content\/uploads\/brb_media\/00506571_gar155-150x150.png","url":"https:\/\/dev.codekraft.it\/rotary-2024\/fr\/produits\/accessoires-service-de-pneus-fr\/accessoires-equilibreuses-de-roue-fr\/cones-de-centrage-de-precision-o-425-78-mm\/"},{"id":380251,"mpn":"GAR147N","name":"Bagues de centrage","description":"Pour Renault | \u00d8 60 \/ 66 mm | 1 jeu \/ 2 pi\u00e8ces","thumbnail":"https:\/\/dev.codekraft.it\/rotary-2024\/wp-content\/uploads\/brb_media\/00509264_wheel-balancer-gar147n-mi-150x150.png","url":"https:\/\/dev.codekraft.it\/rotary-2024\/fr\/produits\/accessoires-service-de-pneus-fr\/accessoires-equilibreuses-de-roue-fr\/bagues-de-centrage\/"},{"id":380257,"mpn":"GAR220","name":"Bagues de centrage","description":"Pour Renault Trafic Master, incl. entretoise | \u00d8 71 \/ 88,9 \/ 129,9 mm | 1 jeu \/ 3 pi\u00e8ces","thumbnail":"https:\/\/dev.codekraft.it\/rotary-2024\/wp-content\/uploads\/brb_media\/00509266_wheel-balancer-gar220-mi-150x150.png","url":"https:\/\/dev.codekraft.it\/rotary-2024\/fr\/produits\/accessoires-service-de-pneus-fr\/accessoires-equilibreuses-de-roue-fr\/bagues-de-centrage-2\/"},{"id":381380,"mpn":"GAR113","name":"C\u00f4ne de centrage pour fourgons et petits camions | \u00d8 118 &#8211; 174 mm","description":"Avec entretoise","thumbnail":"https:\/\/dev.codekraft.it\/rotary-2024\/wp-content\/uploads\/brb_media\/00509261_wheel-balancer-gar113-mi-150x150.png","url":"https:\/\/dev.codekraft.it\/rotary-2024\/fr\/produits\/accessoires-service-de-pneus-fr\/accessoires-equilibreuses-de-roue-fr\/cone-de-centrage-pour-fourgons-et-petits-camions-o-118-174-mm\/"},{"id":381386,"mpn":"GAR132","name":"Pr\u00e9cision plaque de serrage de type Universel, pour roues 3\/4\/5 trous | avec doigts","description":"Flasque universelle de pr\u00e9cision avec tiges","thumbnail":"https:\/\/dev.codekraft.it\/rotary-2024\/wp-content\/uploads\/brb_media\/00506548_gar132-150x150.png","url":"https:\/\/dev.codekraft.it\/rotary-2024\/fr\/produits\/accessoires-service-de-pneus-fr\/accessoires-equilibreuses-de-roue-fr\/precision-plaque-de-serrage-de-type-universel-pour-roues-3-4-5-trous-avec-doigts\/"},{"id":380239,"mpn":"GAR131H","name":"Plaque de serrage de type Universel | pour jantes 3\/4\/5-trous \u00e0 centre ferm\u00e9","description":"Bride universelle pour roues \u00e0 jante pleine | incl. calibre d'entraxe trous","thumbnail":"https:\/\/dev.codekraft.it\/rotary-2024\/wp-content\/uploads\/brb_media\/00509262_wheel-balancer-gar131h-mi-150x150.png","url":"https:\/\/dev.codekraft.it\/rotary-2024\/fr\/produits\/accessoires-service-de-pneus-fr\/accessoires-equilibreuses-de-roue-fr\/plaque-de-serrage-de-type-universel-pour-jantes-3-4-5-trous-a-centre-ferme\/"},{"id":381347,"mpn":"GAR301","name":"D\u00e9tecteur pour mesure automatique de la largeur de roue","description":"","thumbnail":"https:\/\/dev.codekraft.it\/rotary-2024\/wp-content\/uploads\/brb_media\/00506598_gar301-mi-150x150.png","url":"https:\/\/dev.codekraft.it\/rotary-2024\/fr\/produits\/accessoires-service-de-pneus-fr\/accessoires-equilibreuses-de-roue-fr\/detecteur-pour-mesure-automatique-de-la-largeur-de-roue\/"},{"id":381355,"mpn":"GAR325","name":"El\u00e9vateur pour roues Standard","description":"80 kg, voiture de tourisme","thumbnail":"https:\/\/dev.codekraft.it\/rotary-2024\/wp-content\/uploads\/brb_media\/00373626_wheel-balancer-standard-wheel-lift-di-150x150.png","url":"https:\/\/dev.codekraft.it\/rotary-2024\/fr\/produits\/service-de-pneus-fr\/chariot-a-roues-fr\/elevateur-pour-roues-standard\/"},{"id":381368,"mpn":"GAR324","name":"El\u00e9vateur pour roues avec compensation automatique du poids de la roue","description":"80 kg, voiture de tourisme","thumbnail":"https:\/\/dev.codekraft.it\/rotary-2024\/wp-content\/uploads\/brb_media\/00509271_wheel-balancer-gar324-mi-150x150.png","url":"https:\/\/dev.codekraft.it\/rotary-2024\/fr\/produits\/service-de-pneus-fr\/chariot-a-roues-fr\/elevateur-pour-roues-avec-compensation-automatique-du-poids-de-la-roue\/"},{"id":381374,"mpn":"GAR323","name":"C\u00f4ne de centrage double pour vehicules 4&#215;4 | \u00d8 124 &#8211; 128 \/ 122 &#8211; 126 mm","description":"","thumbnail":"https:\/\/dev.codekraft.it\/rotary-2024\/wp-content\/uploads\/brb_media\/00506561_gar323-mi-150x150.png","url":"https:\/\/dev.codekraft.it\/rotary-2024\/fr\/produits\/accessoires-service-de-pneus-fr\/accessoires-equilibreuses-de-roue-fr\/cone-de-centrage-double-pour-vehicules-4x4-o-124-128-122-126-mm\/"},{"id":381398,"mpn":"GAR181N","name":"Bride universelle","description":"Pour motos | avec arbre, \u00d8 14 mm, et accessoires | GAR181A1 requis","thumbnail":"https:\/\/dev.codekraft.it\/rotary-2024\/wp-content\/uploads\/brb_media\/00506596_gar181n-150x150.png","url":"https:\/\/dev.codekraft.it\/rotary-2024\/fr\/produits\/accessoires-service-de-pneus-fr\/accessoires-equilibreuses-de-roue-fr\/bride-universelle\/"},{"id":381404,"mpn":"GAR354","name":"Bride universelle","description":"Pour motos | sans arbre et accessoire | GAR181A1 requis","thumbnail":"https:\/\/dev.codekraft.it\/rotary-2024\/wp-content\/uploads\/brb_media\/00506597_gar354-150x150.png","url":"https:\/\/dev.codekraft.it\/rotary-2024\/fr\/produits\/accessoires-service-de-pneus-fr\/accessoires-equilibreuses-de-roue-fr\/bride-universelle-2\/"},{"id":383715,"mpn":"GAR345","name":"\u00c9crou \u00e0 serrage rapide avec bague de pression","description":"Double centrage, frette de serrage rapide, pour tous les mod\u00e8les sans blocage pneumatique","thumbnail":"https:\/\/dev.codekraft.it\/rotary-2024\/wp-content\/uploads\/brb_media\/00509274_wheel-balancer-gar345-mi-150x150.png","url":"https:\/\/dev.codekraft.it\/rotary-2024\/fr\/produits\/accessoires-service-de-pneus-fr\/accessoires-equilibreuses-de-roue-fr\/ecrou-a-serrage-rapide-avec-bague-de-pression-2\/"},{"id":380263,"mpn":"GAR357","name":"Plaque de serrage de type pour jantes 5 trous BMW | 112 &#8211; 120 mm","description":"Flasque \u00e0 5 tiges, incl. anneau de centrage \u00d8 66,5 mm | pour tous les models","thumbnail":"https:\/\/dev.codekraft.it\/rotary-2024\/wp-content\/uploads\/brb_media\/00506584_gar357-01-150x150.png","url":"https:\/\/dev.codekraft.it\/rotary-2024\/fr\/produits\/accessoires-service-de-pneus-fr\/accessoires-equilibreuses-de-roue-fr\/plaque-de-serrage-de-type-pour-jantes-5-trous-bmw-112-120-mm\/"},{"id":382703,"mpn":"GAR148N","name":"Bague de centrage pour BMW, Mercedes Benz, Audi, Opel | \u00e0 degr\u00e9s | \u00d8 56 &#8211; 57 &#8211; 66,5 &#8211; 72,5 &#8211; 72,6 &#8211; 74 &#8211; 74,1 mm","description":"","thumbnail":"https:\/\/dev.codekraft.it\/rotary-2024\/wp-content\/uploads\/brb_media\/00430978_wheel-balancer-centering-cone-step-shaped-di-gar148n-150x150.png","url":"https:\/\/dev.codekraft.it\/rotary-2024\/fr\/produits\/accessoires-service-de-pneus-fr\/accessoires-equilibreuses-de-roue-fr\/bague-de-centrage-pour-bmw-mercedes-benz-audi-opel-a-degres-o-56-57-665-725-726-74-741-mm\/"}],"components":[],"related":[],"page_logo_src":"https:\/\/dev.codekraft.it\/rotary-2024\/wp-content\/uploads\/2024\/05\/cropped-rotary-logo-2022.png","lang":"fr","translations":{"fr":384808,"en":384806,"de":384807,"it":384809,"es":384810,"ru":384811},"pll_sync_post":[],"_links":{"self":[{"href":"https:\/\/dev.codekraft.it\/rotary-2024\/wp-json\/wp\/v2\/product\/384808","targetHints":{"allow":["GET"]}}],"collection":[{"href":"https:\/\/dev.codekraft.it\/rotary-2024\/wp-json\/wp\/v2\/product"}],"about":[{"href":"https:\/\/dev.codekraft.it\/rotary-2024\/wp-json\/wp\/v2\/types\/product"}],"wp:featuredmedia":[{"embeddable":true,"href":"https:\/\/dev.codekraft.it\/rotary-2024\/wp-json\/wp\/v2\/media\/356301"}],"wp:attachment":[{"href":"https:\/\/dev.codekraft.it\/rotary-2024\/wp-json\/wp\/v2\/media?parent=384808"}],"wp:term":[{"taxonomy":"product_brand","embeddable":true,"href":"https:\/\/dev.codekraft.it\/rotary-2024\/wp-json\/wp\/v2\/product_brand?post=384808"},{"taxonomy":"product_cat","embeddable":true,"href":"https:\/\/dev.codekraft.it\/rotary-2024\/wp-json\/wp\/v2\/product_cat?post=384808"},{"taxonomy":"product_tag","embeddable":true,"href":"https:\/\/dev.codekraft.it\/rotary-2024\/wp-json\/wp\/v2\/product_tag?post=384808"},{"taxonomy":"product_approvals","embeddable":true,"href":"https:\/\/dev.codekraft.it\/rotary-2024\/wp-json\/wp\/v2\/product_approvals?post=384808"},{"taxonomy":"product_application","embeddable":true,"href":"https:\/\/dev.codekraft.it\/rotary-2024\/wp-json\/wp\/v2\/product_application?post=384808"}],"curies":[{"name":"wp","href":"https:\/\/api.w.org\/{rel}","templated":true}]}}