{"id":384807,"date":"2025-09-08T08:40:20","date_gmt":"2025-09-08T08:40:20","guid":{"rendered":"https:\/\/dev.codekraft.it\/rotary-2024\/products\/uncategorized\/elektronische-radauswuchtmaschine-librak338fmd\/"},"modified":"2025-09-08T08:40:20","modified_gmt":"2025-09-08T08:40:20","slug":"elektronische-radauswuchtmaschine-librak338fmd","status":"publish","type":"product","link":"https:\/\/dev.codekraft.it\/rotary-2024\/produkte\/reifenservice-de\/radauswuchtmaschinen-de\/elektronische-radauswuchtmaschine-librak338fmd\/","title":{"rendered":"Elektronische Radauswuchtmaschine Librak338FMD"},"content":{"rendered":"","protected":false},"excerpt":{"rendered":"<p>Hintergrundbeleuchtetes LCD-Grafikdisplay (132 x 40 mm), automatische Abstands- und Durchmessererfassung, automatischer Programmablauf, Radfeststellbremse, inkl. Konen f\u00fcr Pkw, Radschutzbogen und Schnellspannmutter, Pkw, Felgendurchmesser 10 &#8211; 26\u2033 | Rot (RAL 3002)<\/p>\n","protected":false},"featured_media":356301,"template":"","meta":[],"product_brand":[],"product_cat":[1033482],"product_tag":[1034143,1034126],"product_approvals":[],"product_application":[],"class_list":{"0":"post-384807","1":"product","2":"type-product","3":"status-publish","4":"has-post-thumbnail","6":"product_cat-radauswuchtmaschinen-de","7":"product_tag-buses-de","8":"product_tag-trucks-de","10":"first","11":"instock","12":"shipping-taxable","13":"product-type-simple"},"approvals":[],"application":[],"brb_media_brochure":"","brb_media_drawing":"","brb_media_manuals":[{"id":380164,"url":"https:\/\/dev.codekraft.it\/rotary-2024\/wp-content\/uploads\/brb_media\/00548907_wheel-balancers-librak240-librak345-librak338-librak328-g2114-g2116-g2120-g2121-t2020-2d-wb430-easy-g2124-gtl2120-er328-er448-erl240-im-1296-m027-02_vsg_rev03-multi-2024-12.pdf","title":"Wheel Balancers LIBRAK240 LIBRAK345 LIBRAK338 LIBRAK328 G2114 G2116 G2120 G2121 T2020 2D WB430 EASY G2124 GTL2120 ER328 ER448 ERL240 IM 1296 M027 02 VSG rev03 multi 2024 12","mpn":"","thumbnail":"https:\/\/dev.codekraft.it\/rotary-2024\/wp-content\/uploads\/brb_media\/00548907_wheel-balancers-librak240-librak345-librak338-librak328-g2114-g2116-g2120-g2121-t2020-2d-wb430-easy-g2124-gtl2120-er328-er448-erl240-im-1296-m027-02_vsg_rev03-multi-2024-12-pdf-106x150.png","description":""}],"brb_media_safety_datasheets":"","brb_media_spare_parts":[],"_cdmm_p_id":"504013","_company":"Elektron","_gtin":"5063084201461","accessories":[{"id":383708,"mpn":"GAR101","name":"Schnellspannmutter mit Pressring","description":"Doppelte Zentrierung","thumbnail":"https:\/\/dev.codekraft.it\/rotary-2024\/wp-content\/uploads\/brb_media\/00509256_wheel-balancer-gar101-mi-150x150.png","url":"https:\/\/dev.codekraft.it\/rotary-2024\/produkte\/zubehor-reifenservice-de\/zubehor-radauswuchtmaschinen-de\/schnellspannmutter-mit-pressring\/"},{"id":383058,"mpn":"GAR104","name":"Spannmutter f\u00fcr Pkw | mit Pressring","description":"Doppelte Zentrierung","thumbnail":"https:\/\/dev.codekraft.it\/rotary-2024\/wp-content\/uploads\/brb_media\/00506557_gar104-150x150.png","url":"https:\/\/dev.codekraft.it\/rotary-2024\/produkte\/zubehor-reifenservice-de\/zubehor-radauswuchtmaschinen-de\/spannmutter-fur-pkw-mit-pressring\/"},{"id":383387,"mpn":"GAR105","name":"Spannmutter mit Handrad und Pressring | f\u00fcr Pkw","description":"Doppelte Zentrierung","thumbnail":"https:\/\/dev.codekraft.it\/rotary-2024\/wp-content\/uploads\/brb_media\/00506558_gar105-mi-150x150.png","url":"https:\/\/dev.codekraft.it\/rotary-2024\/produkte\/zubehor-reifenservice-de\/zubehor-radauswuchtmaschinen-de\/spannmutter-mit-handrad-und-pressring-fur-pkw\/"},{"id":381340,"mpn":"GAR112","name":"Zentrierkonus","description":"F\u00fcr Gel\u00e4ndewagen | \u00d8 95 - 132 mm","thumbnail":"https:\/\/dev.codekraft.it\/rotary-2024\/wp-content\/uploads\/brb_media\/00549107_wheel-balancers-gar112-mi-150x150.png","url":"https:\/\/dev.codekraft.it\/rotary-2024\/produkte\/zubehor-reifenservice-de\/zubehor-radauswuchtmaschinen-de\/zentrierkonus\/"},{"id":380268,"mpn":"GAR121","name":"Radschutzscheibe","description":"","thumbnail":"https:\/\/dev.codekraft.it\/rotary-2024\/wp-content\/uploads\/brb_media\/00506564_gar121-150x150.png","url":"https:\/\/dev.codekraft.it\/rotary-2024\/produkte\/zubehor-reifenservice-de\/zubehor-radauswuchtmaschinen-de\/radschutzscheibe\/"},{"id":381391,"mpn":"GAR142","name":"Pr\u00e4zisions-Typenspannplatte f\u00fcr Lkw mit 5-Loch-Felgen | 98 &#8211; 100 &#8211; 108 &#8211; 112 &#8211; 120,65 &#8211; 130 &#8211; 139,7 mm","description":"5-Loch-Typenflansch","thumbnail":"https:\/\/dev.codekraft.it\/rotary-2024\/wp-content\/uploads\/brb_media\/00506567_gar142-150x150.png","url":"https:\/\/dev.codekraft.it\/rotary-2024\/produkte\/zubehor-reifenservice-de\/zubehor-radauswuchtmaschinen-de\/prazisions-typenspannplatte-fur-lkw-mit-5-loch-felgen-98-100-108-112-12065-130-1397-mm\/"},{"id":383905,"mpn":"GAR192N","name":"Zentrierkonus f\u00fcr BMW","description":"Option f\u00fcr Universalflansch GAR181N oder GAR191N","thumbnail":"https:\/\/dev.codekraft.it\/rotary-2024\/wp-content\/uploads\/brb_media\/00506576_gar192n-150x150.png","url":"https:\/\/dev.codekraft.it\/rotary-2024\/produkte\/zubehor-reifenservice-de\/zubehor-radauswuchtmaschinen-de\/zentrierkonus-fur-bmw\/"},{"id":380329,"mpn":"GAR193N","name":"Zentrierkonus f\u00fcr Ducati 916-996-998-Monster SR2-SR4","description":"Option f\u00fcr Universalflansch GAR181N oder GAR191N","thumbnail":"https:\/\/dev.codekraft.it\/rotary-2024\/wp-content\/uploads\/brb_media\/00506593_gar193n-150x150.png","url":"https:\/\/dev.codekraft.it\/rotary-2024\/produkte\/zubehor-reifenservice-de\/zubehor-radauswuchtmaschinen-de\/zentrierkonus-fur-ducati-916-996-998-monster-sr2-sr4\/"},{"id":380335,"mpn":"GAR194N","name":"Zentrierkonus f\u00fcr Honda NTV 650 REVERE","description":"Option f\u00fcr Universalflansch GAR181N oder GAR191N","thumbnail":"https:\/\/dev.codekraft.it\/rotary-2024\/wp-content\/uploads\/brb_media\/00506591_gar194n-150x150.png","url":"https:\/\/dev.codekraft.it\/rotary-2024\/produkte\/zubehor-reifenservice-de\/zubehor-radauswuchtmaschinen-de\/zentrierkonus-fur-honda-ntv-650-revere\/"},{"id":380341,"mpn":"GAR195N","name":"Zentrierkonus f\u00fcr Honda VFR 750","description":"Option f\u00fcr Universalflansch GAR181N oder GAR191N","thumbnail":"https:\/\/dev.codekraft.it\/rotary-2024\/wp-content\/uploads\/brb_media\/00506592_gar195n-150x150.png","url":"https:\/\/dev.codekraft.it\/rotary-2024\/produkte\/zubehor-reifenservice-de\/zubehor-radauswuchtmaschinen-de\/zentrierkonus-fur-honda-vfr-750\/"},{"id":380347,"mpn":"GAR196N","name":"Zentrierkonus f\u00fcr Yamaha GTS 1000","description":"Option f\u00fcr Universalflansch GAR181N oder GAR191N","thumbnail":"https:\/\/dev.codekraft.it\/rotary-2024\/wp-content\/uploads\/brb_media\/00506590_gar196n-150x150.png","url":"https:\/\/dev.codekraft.it\/rotary-2024\/produkte\/zubehor-reifenservice-de\/zubehor-radauswuchtmaschinen-de\/zentrierkonus-fur-yamaha-gts-1000\/"},{"id":380353,"mpn":"GAR197N","name":"Zentrierkonen f\u00fcr Harley Davidson | 1 Satz \/ 2 St\u00fcck","description":"Option f\u00fcr Universalflansch GAR181N oder GAR191N","thumbnail":"https:\/\/dev.codekraft.it\/rotary-2024\/wp-content\/uploads\/brb_media\/00506577_gar197-150x150.png","url":"https:\/\/dev.codekraft.it\/rotary-2024\/produkte\/zubehor-reifenservice-de\/zubehor-radauswuchtmaschinen-de\/zentrierkonen-fur-harley-davidson-1-satz-2-stuck\/"},{"id":380359,"mpn":"GAR198N","name":"Zentrierkonen f\u00fcr Suzuki GSX R","description":"Option f\u00fcr Universalflansch GAR181N oder GAR191N | 1 Satz \/ 6 St\u00fcck","thumbnail":"https:\/\/dev.codekraft.it\/rotary-2024\/wp-content\/uploads\/brb_media\/00431008_wheel-balancer-centering-cone-suzuki-di-gar198n-150x150.png","url":"https:\/\/dev.codekraft.it\/rotary-2024\/produkte\/zubehor-reifenservice-de\/zubehor-radauswuchtmaschinen-de\/zentrierkonen-fur-suzuki-gsx-r\/"},{"id":383455,"mpn":"GAR155","name":"Pr\u00e4zisions-Zentrierkonen \u00d8 42,5 &#8211; 78 mm","description":"F\u00fcr Radauswuchtmaschinen | 1 Satz \/ 5 St\u00fcck","thumbnail":"https:\/\/dev.codekraft.it\/rotary-2024\/wp-content\/uploads\/brb_media\/00506571_gar155-150x150.png","url":"https:\/\/dev.codekraft.it\/rotary-2024\/produkte\/zubehor-reifenservice-de\/zubehor-radauswuchtmaschinen-de\/prazisions-zentrierkonen-o-425-78-mm\/"},{"id":380250,"mpn":"GAR147N","name":"Zentrierh\u00fclsen","description":"F\u00fcr Renault | \u00d8 60 \/ 66 mm | 1 Satz \/ 2 St\u00fcck","thumbnail":"https:\/\/dev.codekraft.it\/rotary-2024\/wp-content\/uploads\/brb_media\/00509264_wheel-balancer-gar147n-mi-150x150.png","url":"https:\/\/dev.codekraft.it\/rotary-2024\/produkte\/zubehor-reifenservice-de\/zubehor-radauswuchtmaschinen-de\/zentrierhulsen\/"},{"id":380256,"mpn":"GAR220","name":"Zentrierh\u00fclsen","description":"F\u00fcr Renault Trafic Master, inkl. Distanzst\u00fcck | \u00d8 71 \/ 88,9 \/ 129,9 mm | 1 Satz \/ 3 St\u00fcck","thumbnail":"https:\/\/dev.codekraft.it\/rotary-2024\/wp-content\/uploads\/brb_media\/00509266_wheel-balancer-gar220-mi-150x150.png","url":"https:\/\/dev.codekraft.it\/rotary-2024\/produkte\/zubehor-reifenservice-de\/zubehor-radauswuchtmaschinen-de\/zentrierhulsen-2\/"},{"id":381379,"mpn":"GAR113","name":"Zentrierkonus f\u00fcr Lieferwagen und LLkw | \u00d8 118 &#8211; 174 mm","description":"Inkl. Distanzst\u00fcck","thumbnail":"https:\/\/dev.codekraft.it\/rotary-2024\/wp-content\/uploads\/brb_media\/00509261_wheel-balancer-gar113-mi-150x150.png","url":"https:\/\/dev.codekraft.it\/rotary-2024\/produkte\/zubehor-reifenservice-de\/zubehor-radauswuchtmaschinen-de\/zentrierkonus-fur-lieferwagen-und-llkw-o-118-174-mm\/"},{"id":381385,"mpn":"GAR132","name":"Pr\u00e4zisions-Typenspannplatte Universal, f\u00fcr 3\/4\/5-Lochfelgen | inkl. Zentrierbolzen","description":"Universaltypenflansch mit Bolzen","thumbnail":"https:\/\/dev.codekraft.it\/rotary-2024\/wp-content\/uploads\/brb_media\/00506548_gar132-150x150.png","url":"https:\/\/dev.codekraft.it\/rotary-2024\/produkte\/zubehor-reifenservice-de\/zubehor-radauswuchtmaschinen-de\/prazisions-typenspannplatte-universal-fur-3-4-5-lochfelgen-inkl-zentrierbolzen\/"},{"id":380238,"mpn":"GAR131H","name":"Typenspannplatte Universal | f\u00fcr 3\/4\/5-Loch-Felgen ohne Mittenloch","description":"Universalflansch | komplett mit Lochabstandsmesser","thumbnail":"https:\/\/dev.codekraft.it\/rotary-2024\/wp-content\/uploads\/brb_media\/00509262_wheel-balancer-gar131h-mi-150x150.png","url":"https:\/\/dev.codekraft.it\/rotary-2024\/produkte\/zubehor-reifenservice-de\/zubehor-radauswuchtmaschinen-de\/typenspannplatte-universal-fur-3-4-5-loch-felgen-ohne-mittenloch\/"},{"id":381346,"mpn":"GAR301","name":"Automatischer Felgenbreitentaster","description":"","thumbnail":"https:\/\/dev.codekraft.it\/rotary-2024\/wp-content\/uploads\/brb_media\/00506598_gar301-mi-150x150.png","url":"https:\/\/dev.codekraft.it\/rotary-2024\/produkte\/zubehor-reifenservice-de\/zubehor-radauswuchtmaschinen-de\/automatischer-felgenbreitentaster\/"},{"id":381354,"mpn":"GAR325","name":"Radheber Standard","description":"80 kg, Pkw","thumbnail":"https:\/\/dev.codekraft.it\/rotary-2024\/wp-content\/uploads\/brb_media\/00373626_wheel-balancer-standard-wheel-lift-di-150x150.png","url":"https:\/\/dev.codekraft.it\/rotary-2024\/produkte\/reifenservice-de\/radmontagewagen-de\/radheber-standard\/"},{"id":381367,"mpn":"GAR324","name":"Radheber mit automatischem Gewichtsausgleich","description":"80 kg, Pkw","thumbnail":"https:\/\/dev.codekraft.it\/rotary-2024\/wp-content\/uploads\/brb_media\/00509271_wheel-balancer-gar324-mi-150x150.png","url":"https:\/\/dev.codekraft.it\/rotary-2024\/produkte\/reifenservice-de\/radmontagewagen-de\/radheber-mit-automatischem-gewichtsausgleich\/"},{"id":381373,"mpn":"GAR323","name":"Doppel-Zentrierkonus f\u00fcr Gel\u00e4ndewagen | \u00d8 124 &#8211; 128 \/ 122 &#8211; 126 mm","description":"","thumbnail":"https:\/\/dev.codekraft.it\/rotary-2024\/wp-content\/uploads\/brb_media\/00506561_gar323-mi-150x150.png","url":"https:\/\/dev.codekraft.it\/rotary-2024\/produkte\/zubehor-reifenservice-de\/zubehor-radauswuchtmaschinen-de\/doppel-zentrierkonus-fur-gelandewagen-o-124-128-122-126-mm\/"},{"id":381397,"mpn":"GAR181N","name":"Universalflansch","description":"F\u00fcr Motorr\u00e4der | mit Welle, \u00d8 14 mm, und Zubeh\u00f6r | GAR181A1 erforderlich","thumbnail":"https:\/\/dev.codekraft.it\/rotary-2024\/wp-content\/uploads\/brb_media\/00506596_gar181n-150x150.png","url":"https:\/\/dev.codekraft.it\/rotary-2024\/produkte\/zubehor-reifenservice-de\/zubehor-radauswuchtmaschinen-de\/universalflansch\/"},{"id":381403,"mpn":"GAR354","name":"Universalflansch","description":"F\u00fcr Motorr\u00e4der | ohne Welle und Zubeh\u00f6r | GAR181A1 erforderlich","thumbnail":"https:\/\/dev.codekraft.it\/rotary-2024\/wp-content\/uploads\/brb_media\/00506597_gar354-150x150.png","url":"https:\/\/dev.codekraft.it\/rotary-2024\/produkte\/zubehor-reifenservice-de\/zubehor-radauswuchtmaschinen-de\/universalflansch-2\/"},{"id":383714,"mpn":"GAR345","name":"Schnellspannmutter mit Pressring","description":"Doppelte Zentrierung, f\u00fcr alle Modelle ohne pneumatische Spannung","thumbnail":"https:\/\/dev.codekraft.it\/rotary-2024\/wp-content\/uploads\/brb_media\/00509274_wheel-balancer-gar345-mi-150x150.png","url":"https:\/\/dev.codekraft.it\/rotary-2024\/produkte\/zubehor-reifenservice-de\/zubehor-radauswuchtmaschinen-de\/schnellspannmutter-mit-pressring-2\/"},{"id":380262,"mpn":"GAR357","name":"Typenspannplatte f\u00fcr BMW 5-Loch-Felgen | 112 &#8211; 120 mm","description":"5-Loch-Typenflansch, inkl. Zentrierring \u00d8 66,5 mm | f\u00fcr alle Modelle","thumbnail":"https:\/\/dev.codekraft.it\/rotary-2024\/wp-content\/uploads\/brb_media\/00506584_gar357-01-150x150.png","url":"https:\/\/dev.codekraft.it\/rotary-2024\/produkte\/zubehor-reifenservice-de\/zubehor-radauswuchtmaschinen-de\/typenspannplatte-fur-bmw-5-loch-felgen-112-120-mm\/"},{"id":382702,"mpn":"GAR148N","name":"Zentrierh\u00fclse f\u00fcr BMW, Mercedes Benz, Audi, Opel | stufenf\u00f6rmig | \u00d8 56 &#8211; 57 &#8211; 66,5 &#8211; 72,5 &#8211; 72,6 &#8211; 74 &#8211; 74,1 mm","description":"","thumbnail":"https:\/\/dev.codekraft.it\/rotary-2024\/wp-content\/uploads\/brb_media\/00430978_wheel-balancer-centering-cone-step-shaped-di-gar148n-150x150.png","url":"https:\/\/dev.codekraft.it\/rotary-2024\/produkte\/zubehor-reifenservice-de\/zubehor-radauswuchtmaschinen-de\/zentrierhulse-fur-bmw-mercedes-benz-audi-opel-stufenformig-o-56-57-665-725-726-74-741-mm\/"}],"components":[],"related":[],"page_logo_src":"https:\/\/dev.codekraft.it\/rotary-2024\/wp-content\/uploads\/2024\/05\/cropped-rotary-logo-2022.png","lang":"de","translations":{"de":384807,"en":384806,"fr":384808,"it":384809,"es":384810,"ru":384811},"pll_sync_post":[],"_links":{"self":[{"href":"https:\/\/dev.codekraft.it\/rotary-2024\/wp-json\/wp\/v2\/product\/384807","targetHints":{"allow":["GET"]}}],"collection":[{"href":"https:\/\/dev.codekraft.it\/rotary-2024\/wp-json\/wp\/v2\/product"}],"about":[{"href":"https:\/\/dev.codekraft.it\/rotary-2024\/wp-json\/wp\/v2\/types\/product"}],"wp:featuredmedia":[{"embeddable":true,"href":"https:\/\/dev.codekraft.it\/rotary-2024\/wp-json\/wp\/v2\/media\/356301"}],"wp:attachment":[{"href":"https:\/\/dev.codekraft.it\/rotary-2024\/wp-json\/wp\/v2\/media?parent=384807"}],"wp:term":[{"taxonomy":"product_brand","embeddable":true,"href":"https:\/\/dev.codekraft.it\/rotary-2024\/wp-json\/wp\/v2\/product_brand?post=384807"},{"taxonomy":"product_cat","embeddable":true,"href":"https:\/\/dev.codekraft.it\/rotary-2024\/wp-json\/wp\/v2\/product_cat?post=384807"},{"taxonomy":"product_tag","embeddable":true,"href":"https:\/\/dev.codekraft.it\/rotary-2024\/wp-json\/wp\/v2\/product_tag?post=384807"},{"taxonomy":"product_approvals","embeddable":true,"href":"https:\/\/dev.codekraft.it\/rotary-2024\/wp-json\/wp\/v2\/product_approvals?post=384807"},{"taxonomy":"product_application","embeddable":true,"href":"https:\/\/dev.codekraft.it\/rotary-2024\/wp-json\/wp\/v2\/product_application?post=384807"}],"curies":[{"name":"wp","href":"https:\/\/api.w.org\/{rel}","templated":true}]}}