{"id":384804,"date":"2026-01-23T08:43:04","date_gmt":"2026-01-23T08:43:04","guid":{"rendered":"https:\/\/dev.codekraft.it\/rotary-2024\/products\/uncategorized\/equilibradora-de-ruedas-librak280rtlc-pro-2\/"},"modified":"2026-01-23T08:43:04","modified_gmt":"2026-01-23T08:43:04","slug":"equilibradora-de-ruedas-librak280rtlc-pro-2","status":"publish","type":"product","link":"https:\/\/dev.codekraft.it\/rotary-2024\/es\/productos\/servicio-de-llantas-es\/equilibradoras-de-ruedas-es\/equilibradora-de-ruedas-librak280rtlc-pro-2\/","title":{"rendered":"Equilibradora de ruedas Librak280RTLC Pro"},"content":{"rendered":"","protected":false},"excerpt":{"rendered":"<p>Monitor LCD Full HD de 22\u2033, PC industrial, detecci\u00f3n autom\u00e1tica de distancia y di\u00e1metro, ciclo autom\u00e1tico, incl. conos para camiones pesados (\u00d8 202 &#8211; 221 mm, 281 mm), adaptador, garra tipo volante y elevador de ruedas (200 kg), cami\u00f3n, di\u00e1metro de llanta 10 &#8211; 26\u2033 | Rojo (RAL 3002)<\/p>\n","protected":false},"featured_media":356294,"template":"","meta":[],"product_brand":[],"product_cat":[1033536],"product_tag":[1034151,1034134],"product_approvals":[],"product_application":[],"class_list":{"0":"post-384804","1":"product","2":"type-product","3":"status-publish","4":"has-post-thumbnail","6":"product_cat-equilibradoras-de-ruedas-es","7":"product_tag-buses-es","8":"product_tag-trucks-es","10":"first","11":"instock","12":"shipping-taxable","13":"product-type-simple"},"approvals":[],"application":[],"brb_media_brochure":"","brb_media_drawing":"","brb_media_manuals":[{"id":376059,"url":"https:\/\/dev.codekraft.it\/rotary-2024\/wp-content\/uploads\/brb_media\/00535510_wheel-balancers-rot-rav-spa-monitor-wheel-balancer-im-1301-m004-02_vsg_rev02-multi-2024-11.pdf","title":"wheel balancers rot rav spa monitor wheel balancer im 1301 m004 02 vsg rev02 multi 2024 11","mpn":"","thumbnail":"https:\/\/dev.codekraft.it\/rotary-2024\/wp-content\/uploads\/brb_media\/00535510_wheel-balancers-rot-rav-spa-monitor-wheel-balancer-im-1301-m004-02_vsg_rev02-multi-2024-11-pdf-106x150.png","description":""}],"brb_media_safety_datasheets":"","brb_media_spare_parts":[],"_cdmm_p_id":"504011","_company":"Elektron","_gtin":"5063084201270","accessories":[{"id":382065,"mpn":"GAR171","name":"Estrella de centrado de 3 brazos | para camiones","description":"Brida de estrella\/Plato de esp\u00e1rragos para camiones con llantas de 6 agujeros - 3 x 170, 186, 205, 222, 245 mm","thumbnail":"https:\/\/dev.codekraft.it\/rotary-2024\/wp-content\/uploads\/brb_media\/00506551_gar172-150x150.png","url":"https:\/\/dev.codekraft.it\/rotary-2024\/es\/productos\/accesorios-servicio-de-llantas-es\/accesorios-equilibradoras-es\/estrella-de-centrado-de-3-brazos-para-camiones\/"},{"id":382071,"mpn":"GAR172","name":"Estrella de centrado de 4 brazos | para camiones","description":"Brida de estrella\/Plato de esp\u00e1rragos para camiones con llantas de 8 agujeros - 4 x 275, 285, 205 mm","thumbnail":"https:\/\/dev.codekraft.it\/rotary-2024\/wp-content\/uploads\/brb_media\/00506551_gar172-150x150.png","url":"https:\/\/dev.codekraft.it\/rotary-2024\/es\/productos\/accesorios-servicio-de-llantas-es\/accesorios-equilibradoras-es\/estrella-de-centrado-de-4-brazos-para-camiones\/"},{"id":379690,"mpn":"GAR173","name":"Estrella de centrado de 5 brazos | para camiones","description":"Brida de estrella\/Plato de esp\u00e1rragos para camiones con llantas de 10 agujeros - 5 x 225, 286, 335 mm","thumbnail":"https:\/\/dev.codekraft.it\/rotary-2024\/wp-content\/uploads\/brb_media\/00506551_gar172-150x150.png","url":"https:\/\/dev.codekraft.it\/rotary-2024\/es\/productos\/accesorios-servicio-de-llantas-es\/accesorios-equilibradoras-es\/estrella-de-centrado-de-5-brazos-para-camiones\/"},{"id":382077,"mpn":"GAR266T","name":"Brazo de medici\u00f3n autom\u00e1tica de anchura 3D","description":"","thumbnail":"https:\/\/dev.codekraft.it\/rotary-2024\/wp-content\/uploads\/brb_media\/00506604_gar213-150x150.png","url":"https:\/\/dev.codekraft.it\/rotary-2024\/es\/productos\/accesorios-servicio-de-llantas-es\/accesorios-equilibradoras-es\/brazo-de-medicion-automatica-de-anchura-3d\/"},{"id":382083,"mpn":"GAR214TK","name":"Detector excentricidad","description":"Necesario GAR266T","thumbnail":"https:\/\/dev.codekraft.it\/rotary-2024\/wp-content\/uploads\/brb_media\/00373960_wheel-balancer-sonar-run-out02-di-150x150.png","url":"https:\/\/dev.codekraft.it\/rotary-2024\/es\/productos\/accesorios-servicio-de-llantas-es\/accesorios-equilibradoras-es\/detector-excentricidad\/"},{"id":381343,"mpn":"GAR112","name":"Cono de centrado","description":"Para todo terrenos | \u00d8 95 - 132 mm","thumbnail":"https:\/\/dev.codekraft.it\/rotary-2024\/wp-content\/uploads\/brb_media\/00549107_wheel-balancers-gar112-mi-150x150.png","url":"https:\/\/dev.codekraft.it\/rotary-2024\/es\/productos\/accesorios-servicio-de-llantas-es\/accesorios-equilibradoras-es\/cono-de-centrado\/"},{"id":381382,"mpn":"GAR113","name":"Cono de centrado para furgonetas | \u00d8 118 &#8211; 174 mm","description":"Incluido espesor","thumbnail":"https:\/\/dev.codekraft.it\/rotary-2024\/wp-content\/uploads\/brb_media\/00509261_wheel-balancer-gar113-mi-150x150.png","url":"https:\/\/dev.codekraft.it\/rotary-2024\/es\/productos\/accesorios-servicio-de-llantas-es\/accesorios-equilibradoras-es\/cono-de-centrado-para-furgonetas-o-118-174-mm\/"},{"id":380284,"mpn":"GAR114","name":"Conos de centrado para cami\u00f3n","description":"\u00d8 202 - 221 mm \/ 281 mm | 1 juego \/ 2 piezas","thumbnail":"https:\/\/dev.codekraft.it\/rotary-2024\/wp-content\/uploads\/brb_media\/00535522_wheel-balancers-gar114-mi-150x150.png","url":"https:\/\/dev.codekraft.it\/rotary-2024\/es\/productos\/accesorios-servicio-de-llantas-es\/accesorios-equilibradoras-es\/conos-de-centrado-para-camion\/"},{"id":380290,"mpn":"GAR122","name":"Garra para camiones","description":"","thumbnail":"https:\/\/dev.codekraft.it\/rotary-2024\/wp-content\/uploads\/brb_media\/00506545_gar122-150x150.png","url":"https:\/\/dev.codekraft.it\/rotary-2024\/es\/productos\/accesorios-servicio-de-llantas-es\/accesorios-equilibradoras-es\/garra-para-camiones\/"},{"id":380302,"mpn":"GAR356","name":"Eje de centrado para motos | \u00d8 10 mm","description":"Completo de eje, 2 conos. 6 espesores, garra de centrado y 2 bujes | GAR181N o GAR354 requerido","thumbnail":"https:\/\/dev.codekraft.it\/rotary-2024\/wp-content\/uploads\/brb_media\/00506574_gar182n-150x150.png","url":"https:\/\/dev.codekraft.it\/rotary-2024\/es\/productos\/accesorios-servicio-de-llantas-es\/accesorios-equilibradoras-es\/eje-de-centrado-para-motos-o-10-mm\/"}],"components":[],"related":[],"page_logo_src":"https:\/\/dev.codekraft.it\/rotary-2024\/wp-content\/uploads\/2024\/05\/cropped-rotary-logo-2022.png","lang":"es","translations":{"es":384804,"en":384800,"de":384801,"fr":384802,"it":384803,"ru":384805},"pll_sync_post":[],"_links":{"self":[{"href":"https:\/\/dev.codekraft.it\/rotary-2024\/wp-json\/wp\/v2\/product\/384804","targetHints":{"allow":["GET"]}}],"collection":[{"href":"https:\/\/dev.codekraft.it\/rotary-2024\/wp-json\/wp\/v2\/product"}],"about":[{"href":"https:\/\/dev.codekraft.it\/rotary-2024\/wp-json\/wp\/v2\/types\/product"}],"wp:featuredmedia":[{"embeddable":true,"href":"https:\/\/dev.codekraft.it\/rotary-2024\/wp-json\/wp\/v2\/media\/356294"}],"wp:attachment":[{"href":"https:\/\/dev.codekraft.it\/rotary-2024\/wp-json\/wp\/v2\/media?parent=384804"}],"wp:term":[{"taxonomy":"product_brand","embeddable":true,"href":"https:\/\/dev.codekraft.it\/rotary-2024\/wp-json\/wp\/v2\/product_brand?post=384804"},{"taxonomy":"product_cat","embeddable":true,"href":"https:\/\/dev.codekraft.it\/rotary-2024\/wp-json\/wp\/v2\/product_cat?post=384804"},{"taxonomy":"product_tag","embeddable":true,"href":"https:\/\/dev.codekraft.it\/rotary-2024\/wp-json\/wp\/v2\/product_tag?post=384804"},{"taxonomy":"product_approvals","embeddable":true,"href":"https:\/\/dev.codekraft.it\/rotary-2024\/wp-json\/wp\/v2\/product_approvals?post=384804"},{"taxonomy":"product_application","embeddable":true,"href":"https:\/\/dev.codekraft.it\/rotary-2024\/wp-json\/wp\/v2\/product_application?post=384804"}],"curies":[{"name":"wp","href":"https:\/\/api.w.org\/{rel}","templated":true}]}}