{"id":384802,"date":"2026-01-23T08:43:04","date_gmt":"2026-01-23T08:43:04","guid":{"rendered":"https:\/\/dev.codekraft.it\/rotary-2024\/products\/uncategorized\/equilibreuse-de-roue-librak280rtlc-pro-2\/"},"modified":"2026-01-23T08:43:04","modified_gmt":"2026-01-23T08:43:04","slug":"equilibreuse-de-roue-librak280rtlc-pro-2","status":"publish","type":"product","link":"https:\/\/dev.codekraft.it\/rotary-2024\/fr\/produits\/service-de-pneus-fr\/equilibreuses-des-roues-fr\/equilibreuse-de-roue-librak280rtlc-pro-2\/","title":{"rendered":"Equilibreuse de roue Librak280RTLC Pro"},"content":{"rendered":"","protected":false},"excerpt":{"rendered":"<p>\u00c9cran LCD Full HD 22\u2033, PC industriel, d\u00e9tection automatique de la distance et du diam\u00e8tre, cycle automatique, incl. c\u00f4nes pour camions (\u00d8 202 &#8211; 221 mm, 281 mm), adaptateur pour camions, frette de serrage \u00e0 volant et l\u00e8ve-roue (200 kg), camion, diam\u00e8tre de la jante 10 &#8211; 26\u2033 | Rouge (RAL 3002)<\/p>\n","protected":false},"featured_media":356294,"template":"","meta":[],"product_brand":[],"product_cat":[1033500],"product_tag":[1034145,1034128],"product_approvals":[],"product_application":[],"class_list":{"0":"post-384802","1":"product","2":"type-product","3":"status-publish","4":"has-post-thumbnail","6":"product_cat-equilibreuses-des-roues-fr","7":"product_tag-buses-fr","8":"product_tag-trucks-fr","10":"first","11":"instock","12":"shipping-taxable","13":"product-type-simple"},"approvals":[],"application":[],"brb_media_brochure":"","brb_media_drawing":"","brb_media_manuals":[{"id":376059,"url":"https:\/\/dev.codekraft.it\/rotary-2024\/wp-content\/uploads\/brb_media\/00535510_wheel-balancers-rot-rav-spa-monitor-wheel-balancer-im-1301-m004-02_vsg_rev02-multi-2024-11.pdf","title":"wheel balancers rot rav spa monitor wheel balancer im 1301 m004 02 vsg rev02 multi 2024 11","mpn":"","thumbnail":"https:\/\/dev.codekraft.it\/rotary-2024\/wp-content\/uploads\/brb_media\/00535510_wheel-balancers-rot-rav-spa-monitor-wheel-balancer-im-1301-m004-02_vsg_rev02-multi-2024-11-pdf-106x150.png","description":""}],"brb_media_safety_datasheets":"","brb_media_spare_parts":[],"_cdmm_p_id":"504011","_company":"Elektron","_gtin":"5063084201270","accessories":[{"id":382063,"mpn":"GAR171","name":"\u00c9toile de centrage \u00e0 3 bras | pour camion","description":"Bride \u00e9toile pour jantes 6 trous | 3 x 170, 186, 205, 222, 245 mm","thumbnail":"https:\/\/dev.codekraft.it\/rotary-2024\/wp-content\/uploads\/brb_media\/00506551_gar172-150x150.png","url":"https:\/\/dev.codekraft.it\/rotary-2024\/fr\/produits\/accessoires-service-de-pneus-fr\/accessoires-equilibreuses-de-roue-fr\/etoile-de-centrage-a-3-bras-pour-camion\/"},{"id":382069,"mpn":"GAR172","name":"\u00c9toile de centrage \u00e0 4 bras | pour camion","description":"Bride \u00e9toile pour jantes 8 trous | 4 x 275, 285, 205 mm","thumbnail":"https:\/\/dev.codekraft.it\/rotary-2024\/wp-content\/uploads\/brb_media\/00506551_gar172-150x150.png","url":"https:\/\/dev.codekraft.it\/rotary-2024\/fr\/produits\/accessoires-service-de-pneus-fr\/accessoires-equilibreuses-de-roue-fr\/etoile-de-centrage-a-4-bras-pour-camion\/"},{"id":379688,"mpn":"GAR173","name":"\u00c9toile de centrage \u00e0 5 bras | pour camion","description":"Bride \u00e9toile pour jantes 10 trous | 5 x 225, 286, 335 mm","thumbnail":"https:\/\/dev.codekraft.it\/rotary-2024\/wp-content\/uploads\/brb_media\/00506551_gar172-150x150.png","url":"https:\/\/dev.codekraft.it\/rotary-2024\/fr\/produits\/accessoires-service-de-pneus-fr\/accessoires-equilibreuses-de-roue-fr\/etoile-de-centrage-a-5-bras-pour-camion\/"},{"id":382075,"mpn":"GAR266T","name":"Bras de mesure 3D","description":"","thumbnail":"https:\/\/dev.codekraft.it\/rotary-2024\/wp-content\/uploads\/brb_media\/00506604_gar213-150x150.png","url":"https:\/\/dev.codekraft.it\/rotary-2024\/fr\/produits\/accessoires-service-de-pneus-fr\/accessoires-equilibreuses-de-roue-fr\/bras-de-mesure-3d\/"},{"id":382081,"mpn":"GAR214TK","name":"D\u00e9tecteur pour mesure du faux-rond","description":"Necessaire le GAR266T","thumbnail":"https:\/\/dev.codekraft.it\/rotary-2024\/wp-content\/uploads\/brb_media\/00373960_wheel-balancer-sonar-run-out02-di-150x150.png","url":"https:\/\/dev.codekraft.it\/rotary-2024\/fr\/produits\/accessoires-service-de-pneus-fr\/accessoires-equilibreuses-de-roue-fr\/detecteur-pour-mesure-du-faux-rond\/"},{"id":381341,"mpn":"GAR112","name":"C\u00f4ne de centrage","description":"Pour v\u00e9hicules tous terrains | \u00d8 95 - 132 mm","thumbnail":"https:\/\/dev.codekraft.it\/rotary-2024\/wp-content\/uploads\/brb_media\/00549107_wheel-balancers-gar112-mi-150x150.png","url":"https:\/\/dev.codekraft.it\/rotary-2024\/fr\/produits\/accessoires-service-de-pneus-fr\/accessoires-equilibreuses-de-roue-fr\/cone-de-centrage\/"},{"id":381380,"mpn":"GAR113","name":"C\u00f4ne de centrage pour fourgons et petits camions | \u00d8 118 &#8211; 174 mm","description":"Avec entretoise","thumbnail":"https:\/\/dev.codekraft.it\/rotary-2024\/wp-content\/uploads\/brb_media\/00509261_wheel-balancer-gar113-mi-150x150.png","url":"https:\/\/dev.codekraft.it\/rotary-2024\/fr\/produits\/accessoires-service-de-pneus-fr\/accessoires-equilibreuses-de-roue-fr\/cone-de-centrage-pour-fourgons-et-petits-camions-o-118-174-mm\/"},{"id":380282,"mpn":"GAR114","name":"C\u00f4nes de centrage pour camion","description":"\u00d8 202 - 221 mm \/ 281 mm | 1 jeu \/ 2 pi\u00e8ces","thumbnail":"https:\/\/dev.codekraft.it\/rotary-2024\/wp-content\/uploads\/brb_media\/00535522_wheel-balancers-gar114-mi-150x150.png","url":"https:\/\/dev.codekraft.it\/rotary-2024\/fr\/produits\/accessoires-service-de-pneus-fr\/accessoires-equilibreuses-de-roue-fr\/cones-de-centrage-pour-camion\/"},{"id":380288,"mpn":"GAR122","name":"Bride pour roues camions","description":"","thumbnail":"https:\/\/dev.codekraft.it\/rotary-2024\/wp-content\/uploads\/brb_media\/00506545_gar122-150x150.png","url":"https:\/\/dev.codekraft.it\/rotary-2024\/fr\/produits\/accessoires-service-de-pneus-fr\/accessoires-equilibreuses-de-roue-fr\/bride-pour-roues-camions\/"},{"id":380300,"mpn":"GAR356","name":"Arbre de centrage pour motos | \u00d8 10 mm","description":"\u00c9quip\u00e9 avec flasque, 2 c\u00f4nes, 6 entretoises et 2 bagues | GAR181N ou GAR354 n\u00e9cessaire","thumbnail":"https:\/\/dev.codekraft.it\/rotary-2024\/wp-content\/uploads\/brb_media\/00506574_gar182n-150x150.png","url":"https:\/\/dev.codekraft.it\/rotary-2024\/fr\/produits\/accessoires-service-de-pneus-fr\/accessoires-equilibreuses-de-roue-fr\/arbre-de-centrage-pour-motos-o-10-mm\/"}],"components":[],"related":[],"page_logo_src":"https:\/\/dev.codekraft.it\/rotary-2024\/wp-content\/uploads\/2024\/05\/cropped-rotary-logo-2022.png","lang":"fr","translations":{"fr":384802,"en":384800,"de":384801,"it":384803,"es":384804,"ru":384805},"pll_sync_post":[],"_links":{"self":[{"href":"https:\/\/dev.codekraft.it\/rotary-2024\/wp-json\/wp\/v2\/product\/384802","targetHints":{"allow":["GET"]}}],"collection":[{"href":"https:\/\/dev.codekraft.it\/rotary-2024\/wp-json\/wp\/v2\/product"}],"about":[{"href":"https:\/\/dev.codekraft.it\/rotary-2024\/wp-json\/wp\/v2\/types\/product"}],"wp:featuredmedia":[{"embeddable":true,"href":"https:\/\/dev.codekraft.it\/rotary-2024\/wp-json\/wp\/v2\/media\/356294"}],"wp:attachment":[{"href":"https:\/\/dev.codekraft.it\/rotary-2024\/wp-json\/wp\/v2\/media?parent=384802"}],"wp:term":[{"taxonomy":"product_brand","embeddable":true,"href":"https:\/\/dev.codekraft.it\/rotary-2024\/wp-json\/wp\/v2\/product_brand?post=384802"},{"taxonomy":"product_cat","embeddable":true,"href":"https:\/\/dev.codekraft.it\/rotary-2024\/wp-json\/wp\/v2\/product_cat?post=384802"},{"taxonomy":"product_tag","embeddable":true,"href":"https:\/\/dev.codekraft.it\/rotary-2024\/wp-json\/wp\/v2\/product_tag?post=384802"},{"taxonomy":"product_approvals","embeddable":true,"href":"https:\/\/dev.codekraft.it\/rotary-2024\/wp-json\/wp\/v2\/product_approvals?post=384802"},{"taxonomy":"product_application","embeddable":true,"href":"https:\/\/dev.codekraft.it\/rotary-2024\/wp-json\/wp\/v2\/product_application?post=384802"}],"curies":[{"name":"wp","href":"https:\/\/api.w.org\/{rel}","templated":true}]}}