{"id":384792,"date":"2025-09-08T09:01:36","date_gmt":"2025-09-08T09:01:36","guid":{"rendered":"https:\/\/dev.codekraft.it\/rotary-2024\/products\/uncategorized\/desmontadora-de-neumaticos-nav73-17\/"},"modified":"2025-09-08T09:01:36","modified_gmt":"2025-09-08T09:01:36","slug":"desmontadora-de-neumaticos-nav73-17","status":"publish","type":"product","link":"https:\/\/dev.codekraft.it\/rotary-2024\/es\/productos\/servicio-de-llantas-es\/desmontadoras-es\/desmontadora-de-neumaticos-nav73-17\/","title":{"rendered":"Desmontadora de neum\u00e1ticos NAV73.17"},"content":{"rendered":"","protected":false},"excerpt":{"rendered":"<p>\u00datil de montaje y palanca de montaje, movimiento totalmente autom\u00e1tico del brazo portaherramientas, 2 velocidades (max. 8 r\/min), unidad operativa por cable, cami\u00f3n, di\u00e1metro de llanta 11 &#8211; 50\u2033 (60\u2033 con juego extensor), anchura llante max. 1750 mm | Rojo (RAL 3002)<\/p>\n","protected":false},"featured_media":356271,"template":"","meta":[],"product_brand":[],"product_cat":[1033424],"product_tag":[1034134],"product_approvals":[],"product_application":[],"class_list":{"0":"post-384792","1":"product","2":"type-product","3":"status-publish","4":"has-post-thumbnail","6":"product_cat-desmontadoras-es","7":"product_tag-trucks-es","9":"first","10":"instock","11":"shipping-taxable","12":"product-type-simple"},"approvals":[],"application":[],"brb_media_brochure":"","brb_media_drawing":"","brb_media_manuals":[{"id":384783,"url":"https:\/\/dev.codekraft.it\/rotary-2024\/wp-content\/uploads\/brb_media\/00548725_tyre-changer-rotnav7317-ravg1076017-im-7522-m009-00_vsg_rev00-de-2023-09.pdf","title":"Tyre changer ROTNAV7317 RAVG1076017 IM 7522 M009 00 VSG rev00 de 2023 09","mpn":"","thumbnail":"https:\/\/dev.codekraft.it\/rotary-2024\/wp-content\/uploads\/brb_media\/00548725_tyre-changer-rotnav7317-ravg1076017-im-7522-m009-00_vsg_rev00-de-2023-09-pdf-106x150.png","description":""},{"id":384784,"url":"https:\/\/dev.codekraft.it\/rotary-2024\/wp-content\/uploads\/brb_media\/00548726_tyre-changer-rotnav7317-ravg1076017-im-7522-m009-00_vsg_rev00-en-2023-09.pdf","title":"Tyre changer ROTNAV7317 RAVG1076017 IM 7522 M009 00 VSG rev00 en 2023 09","mpn":"","thumbnail":"https:\/\/dev.codekraft.it\/rotary-2024\/wp-content\/uploads\/brb_media\/00548726_tyre-changer-rotnav7317-ravg1076017-im-7522-m009-00_vsg_rev00-en-2023-09-pdf-106x150.png","description":""},{"id":384785,"url":"https:\/\/dev.codekraft.it\/rotary-2024\/wp-content\/uploads\/brb_media\/00548727_tyre-changer-rotnav7317-ravg1076017-im-7522-m009-00_vsg_rev00-fr-2023-09.pdf","title":"Tyre changer ROTNAV7317 RAVG1076017 IM 7522 M009 00 VSG rev00 fr 2023 09","mpn":"","thumbnail":"https:\/\/dev.codekraft.it\/rotary-2024\/wp-content\/uploads\/brb_media\/00548727_tyre-changer-rotnav7317-ravg1076017-im-7522-m009-00_vsg_rev00-fr-2023-09-pdf-106x150.png","description":""},{"id":384786,"url":"https:\/\/dev.codekraft.it\/rotary-2024\/wp-content\/uploads\/brb_media\/00548728_tyre-changer-rotnav7317-ravg1076017-im-7522-m009-00_vsg_rev00-it-2023-09.pdf","title":"Tyre changer ROTNAV7317 RAVG1076017 IM 7522 M009 00 VSG rev00 it 2023 09","mpn":"","thumbnail":"https:\/\/dev.codekraft.it\/rotary-2024\/wp-content\/uploads\/brb_media\/00548728_tyre-changer-rotnav7317-ravg1076017-im-7522-m009-00_vsg_rev00-it-2023-09-pdf-106x150.png","description":""},{"id":384787,"url":"https:\/\/dev.codekraft.it\/rotary-2024\/wp-content\/uploads\/brb_media\/00548729_tyre-changer-rotnav7317-ravg1076017-im-7522-m009-00_vsg_rev00-es-2023-09.pdf","title":"Tyre changer ROTNAV7317 RAVG1076017 IM 7522 M009 00 VSG rev00 es 2023 09","mpn":"","thumbnail":"https:\/\/dev.codekraft.it\/rotary-2024\/wp-content\/uploads\/brb_media\/00548729_tyre-changer-rotnav7317-ravg1076017-im-7522-m009-00_vsg_rev00-es-2023-09-pdf-106x150.png","description":""}],"brb_media_safety_datasheets":"","brb_media_spare_parts":[],"_cdmm_p_id":"504009","_company":"Elektron","_gtin":"5063084201843","accessories":[{"id":383841,"mpn":"G108A39","name":"Extensiones agarre plato para llanta \u00d8 hasta 60\u2033","description":"Adaptadores para ampliar el rango de sujeci\u00f3n | 1 juego \/ 4 piezas","thumbnail":"https:\/\/dev.codekraft.it\/rotary-2024\/wp-content\/uploads\/brb_media\/00506739_g108a39-150x150.png","url":"https:\/\/dev.codekraft.it\/rotary-2024\/es\/productos\/accesorios-servicio-de-llantas-es\/accesorios-desmontadoras-es\/extensiones-agarre-plato-para-llanta-o-hasta-60%e2%80%b3\/"},{"id":382108,"mpn":"G800A37","name":"Jab\u00f3n lubricante para montaje\/desmontaje neum\u00e1ticos | 3,5 kg","description":"","thumbnail":"https:\/\/dev.codekraft.it\/rotary-2024\/wp-content\/uploads\/brb_media\/00506743_g800a37-150x150.png","url":"https:\/\/dev.codekraft.it\/rotary-2024\/es\/productos\/accesorios-servicio-de-llantas-es\/accesorios-desmontadoras-es\/jabon-lubricante-para-montaje-desmontaje-neumaticos-35-kg\/"},{"id":382052,"mpn":"G108A1","name":"Protecci\u00f3n garras para llantas de aleaci\u00f3n","description":"1 juego \/ 4 piezas","thumbnail":"https:\/\/dev.codekraft.it\/rotary-2024\/wp-content\/uploads\/brb_media\/00506728_g108a1-150x150.png","url":"https:\/\/dev.codekraft.it\/rotary-2024\/es\/productos\/accesorios-servicio-de-llantas-es\/accesorios-desmontadoras-es\/proteccion-garras-para-llantas-de-aleacion\/"}],"components":[],"related":[],"page_logo_src":"https:\/\/dev.codekraft.it\/rotary-2024\/wp-content\/uploads\/2024\/05\/cropped-rotary-logo-2022.png","lang":"es","translations":{"es":384792,"en":384782,"de":384789,"fr":384790,"it":384791,"ru":384793},"pll_sync_post":[],"_links":{"self":[{"href":"https:\/\/dev.codekraft.it\/rotary-2024\/wp-json\/wp\/v2\/product\/384792","targetHints":{"allow":["GET"]}}],"collection":[{"href":"https:\/\/dev.codekraft.it\/rotary-2024\/wp-json\/wp\/v2\/product"}],"about":[{"href":"https:\/\/dev.codekraft.it\/rotary-2024\/wp-json\/wp\/v2\/types\/product"}],"wp:featuredmedia":[{"embeddable":true,"href":"https:\/\/dev.codekraft.it\/rotary-2024\/wp-json\/wp\/v2\/media\/356271"}],"wp:attachment":[{"href":"https:\/\/dev.codekraft.it\/rotary-2024\/wp-json\/wp\/v2\/media?parent=384792"}],"wp:term":[{"taxonomy":"product_brand","embeddable":true,"href":"https:\/\/dev.codekraft.it\/rotary-2024\/wp-json\/wp\/v2\/product_brand?post=384792"},{"taxonomy":"product_cat","embeddable":true,"href":"https:\/\/dev.codekraft.it\/rotary-2024\/wp-json\/wp\/v2\/product_cat?post=384792"},{"taxonomy":"product_tag","embeddable":true,"href":"https:\/\/dev.codekraft.it\/rotary-2024\/wp-json\/wp\/v2\/product_tag?post=384792"},{"taxonomy":"product_approvals","embeddable":true,"href":"https:\/\/dev.codekraft.it\/rotary-2024\/wp-json\/wp\/v2\/product_approvals?post=384792"},{"taxonomy":"product_application","embeddable":true,"href":"https:\/\/dev.codekraft.it\/rotary-2024\/wp-json\/wp\/v2\/product_application?post=384792"}],"curies":[{"name":"wp","href":"https:\/\/api.w.org\/{rel}","templated":true}]}}