{"id":384790,"date":"2025-09-08T09:00:26","date_gmt":"2025-09-08T09:00:26","guid":{"rendered":"https:\/\/dev.codekraft.it\/rotary-2024\/products\/uncategorized\/demonte-pneu-nav73-17\/"},"modified":"2025-09-08T09:00:26","modified_gmt":"2025-09-08T09:00:26","slug":"demonte-pneu-nav73-17","status":"publish","type":"product","link":"https:\/\/dev.codekraft.it\/rotary-2024\/fr\/produits\/service-de-pneus-fr\/demonte-pneus-fr\/demonte-pneu-nav73-17\/","title":{"rendered":"D\u00e9monte-pneu NAV73.17"},"content":{"rendered":"","protected":false},"excerpt":{"rendered":"<p>T\u00eate de montage et levier de montage, mouvement enti\u00e8rement automatique du bras porte outil, 2 vitesses (max. 8 tr\/min), unit\u00e9 de commande par c\u00e2ble, camion, diam\u00e8tre de jante 11 &#8211; 50\u2033 (60\u2033 avec extension), largeur de jante max. 1750 mm | Rouge (RAL 3002)<\/p>\n","protected":false},"featured_media":356271,"template":"","meta":[],"product_cat":[1033384],"product_tag":[1034128],"product_approvals":[],"product_application":[],"class_list":{"0":"post-384790","1":"product","2":"type-product","3":"status-publish","4":"has-post-thumbnail","6":"product_cat-demonte-pneus-fr","7":"product_tag-trucks-fr","9":"first","10":"instock","11":"shipping-taxable","12":"product-type-simple"},"approvals":[],"application":[],"brb_media_brochure":"","brb_media_drawing":"","brb_media_manuals":[{"id":384783,"url":"https:\/\/dev.codekraft.it\/rotary-2024\/wp-content\/uploads\/brb_media\/00548725_tyre-changer-rotnav7317-ravg1076017-im-7522-m009-00_vsg_rev00-de-2023-09.pdf","title":"Tyre changer ROTNAV7317 RAVG1076017 IM 7522 M009 00 VSG rev00 de 2023 09","thumbnail":"https:\/\/dev.codekraft.it\/rotary-2024\/wp-content\/uploads\/brb_media\/00548725_tyre-changer-rotnav7317-ravg1076017-im-7522-m009-00_vsg_rev00-de-2023-09-pdf-106x150.png","description":""},{"id":384784,"url":"https:\/\/dev.codekraft.it\/rotary-2024\/wp-content\/uploads\/brb_media\/00548726_tyre-changer-rotnav7317-ravg1076017-im-7522-m009-00_vsg_rev00-en-2023-09.pdf","title":"Tyre changer ROTNAV7317 RAVG1076017 IM 7522 M009 00 VSG rev00 en 2023 09","thumbnail":"https:\/\/dev.codekraft.it\/rotary-2024\/wp-content\/uploads\/brb_media\/00548726_tyre-changer-rotnav7317-ravg1076017-im-7522-m009-00_vsg_rev00-en-2023-09-pdf-106x150.png","description":""},{"id":384785,"url":"https:\/\/dev.codekraft.it\/rotary-2024\/wp-content\/uploads\/brb_media\/00548727_tyre-changer-rotnav7317-ravg1076017-im-7522-m009-00_vsg_rev00-fr-2023-09.pdf","title":"Tyre changer ROTNAV7317 RAVG1076017 IM 7522 M009 00 VSG rev00 fr 2023 09","thumbnail":"https:\/\/dev.codekraft.it\/rotary-2024\/wp-content\/uploads\/brb_media\/00548727_tyre-changer-rotnav7317-ravg1076017-im-7522-m009-00_vsg_rev00-fr-2023-09-pdf-106x150.png","description":""},{"id":384786,"url":"https:\/\/dev.codekraft.it\/rotary-2024\/wp-content\/uploads\/brb_media\/00548728_tyre-changer-rotnav7317-ravg1076017-im-7522-m009-00_vsg_rev00-it-2023-09.pdf","title":"Tyre changer ROTNAV7317 RAVG1076017 IM 7522 M009 00 VSG rev00 it 2023 09","thumbnail":"https:\/\/dev.codekraft.it\/rotary-2024\/wp-content\/uploads\/brb_media\/00548728_tyre-changer-rotnav7317-ravg1076017-im-7522-m009-00_vsg_rev00-it-2023-09-pdf-106x150.png","description":""},{"id":384787,"url":"https:\/\/dev.codekraft.it\/rotary-2024\/wp-content\/uploads\/brb_media\/00548729_tyre-changer-rotnav7317-ravg1076017-im-7522-m009-00_vsg_rev00-es-2023-09.pdf","title":"Tyre changer ROTNAV7317 RAVG1076017 IM 7522 M009 00 VSG rev00 es 2023 09","thumbnail":"https:\/\/dev.codekraft.it\/rotary-2024\/wp-content\/uploads\/brb_media\/00548729_tyre-changer-rotnav7317-ravg1076017-im-7522-m009-00_vsg_rev00-es-2023-09-pdf-106x150.png","description":""}],"brb_media_safety_datasheets":"","brb_media_spare_parts":[],"_cdmm_p_id":"504009","_company":"Elektron","_gtin":"5063084201843","accessories":[{"id":383839,"cdmm_p_id":"502315","name":"Rallonges prise mandrin pour \u00d8 de jante jusqu&#039;\u00e0 60\u2033","description":"Adaptateurs pour augmenter la capacit\u00e9 de serrage  | 1 jeu \/ 4 pi\u00e8ces","thumbnail":"https:\/\/dev.codekraft.it\/rotary-2024\/wp-content\/uploads\/brb_media\/00506739_g108a39-150x150.png","url":"https:\/\/dev.codekraft.it\/rotary-2024\/fr\/produits\/accessoires-service-de-pneus-fr\/accessoires-demonte-pneu-fr\/rallonges-prise-mandrin-pour-o-de-jante-jusqua-60%e2%80%b3\/"},{"id":382106,"cdmm_p_id":"499819","name":"P\u00e2te de montage\/d\u00e9montage | 3,5 kg","description":"","thumbnail":"https:\/\/dev.codekraft.it\/rotary-2024\/wp-content\/uploads\/brb_media\/00506743_g800a37-150x150.png","url":"https:\/\/dev.codekraft.it\/rotary-2024\/fr\/produits\/accessoires-service-de-pneus-fr\/accessoires-demonte-pneu-fr\/pate-de-montage-demontage-35-kg\/"},{"id":382050,"cdmm_p_id":"499810","name":"Protection des griffes pour jantes en alliage","description":"1 jeu \/ 4 pi\u00e8ces","thumbnail":"https:\/\/dev.codekraft.it\/rotary-2024\/wp-content\/uploads\/brb_media\/00506728_g108a1-150x150.png","url":"https:\/\/dev.codekraft.it\/rotary-2024\/fr\/produits\/accessoires-service-de-pneus-fr\/accessoires-demonte-pneu-fr\/protection-des-griffes-pour-jantes-en-alliage\/"}],"components":[],"related":[],"similar":[{"id":379650,"cdmm_p_id":"468313","name":"D\u00e9monte-pneu NAV51.15","description":"T\u00eate de montage et levier de montage, mouvement enti\u00e8rement automatique du bras porte outil, 2 vitesses (max. 8 tr\/min), unit\u00e9 de commande par c\u00e2ble, camion, diam\u00e8tre de jante 11 - 43\u2033 (56\u2033 avec extension), largeur max de roue 1500 mm | Rouge (RAL 3002)","thumbnail":"https:\/\/dev.codekraft.it\/rotary-2024\/wp-content\/uploads\/brb_media\/00523870_tyre-changer-nav5115-mi-150x150.png","url":"https:\/\/dev.codekraft.it\/rotary-2024\/fr\/produits\/service-de-pneus-fr\/demonte-pneus-fr\/demonte-pneu-nav51-15\/"},{"id":379712,"cdmm_p_id":"471908","name":"D\u00e9monte-pneu NAV51.15","description":"T\u00eate de montage et levier de montage, mouvement enti\u00e8rement automatique du bras porte outil, 2 vitesses (max. 8 tr\/min), unit\u00e9 de commande par c\u00e2ble, camion, diam\u00e8tre de jante 11 - 43\u2033 (56\u2033 avec extension), largeur max de roue 1500 mm | Gris (RAL 7016)","thumbnail":"https:\/\/dev.codekraft.it\/rotary-2024\/wp-content\/uploads\/brb_media\/00524017_tyre-changer-nav5115-ral7016-mi-150x150.png","url":"https:\/\/dev.codekraft.it\/rotary-2024\/fr\/produits\/service-de-pneus-fr\/demonte-pneus-fr\/demonte-pneu-nav51-15-2\/"}],"page_logo_src":"https:\/\/dev.codekraft.it\/rotary-2024\/wp-content\/uploads\/2024\/05\/cropped-rotary-logo-2022.png","lang":"fr","translations":{"fr":384790,"en":384782,"de":384789,"it":384791,"es":384792,"ru":384793},"pll_sync_post":[],"_links":{"self":[{"href":"https:\/\/dev.codekraft.it\/rotary-2024\/wp-json\/wp\/v2\/product\/384790","targetHints":{"allow":["GET"]}}],"collection":[{"href":"https:\/\/dev.codekraft.it\/rotary-2024\/wp-json\/wp\/v2\/product"}],"about":[{"href":"https:\/\/dev.codekraft.it\/rotary-2024\/wp-json\/wp\/v2\/types\/product"}],"wp:featuredmedia":[{"embeddable":true,"href":"https:\/\/dev.codekraft.it\/rotary-2024\/wp-json\/wp\/v2\/media\/356271"}],"wp:attachment":[{"href":"https:\/\/dev.codekraft.it\/rotary-2024\/wp-json\/wp\/v2\/media?parent=384790"}],"wp:term":[{"taxonomy":"product_cat","embeddable":true,"href":"https:\/\/dev.codekraft.it\/rotary-2024\/wp-json\/wp\/v2\/product_cat?post=384790"},{"taxonomy":"product_tag","embeddable":true,"href":"https:\/\/dev.codekraft.it\/rotary-2024\/wp-json\/wp\/v2\/product_tag?post=384790"},{"taxonomy":"product_approvals","embeddable":true,"href":"https:\/\/dev.codekraft.it\/rotary-2024\/wp-json\/wp\/v2\/product_approvals?post=384790"},{"taxonomy":"product_application","embeddable":true,"href":"https:\/\/dev.codekraft.it\/rotary-2024\/wp-json\/wp\/v2\/product_application?post=384790"}],"curies":[{"name":"wp","href":"https:\/\/api.w.org\/{rel}","templated":true}]}}