{"id":384711,"date":"2025-12-11T10:04:41","date_gmt":"2025-12-11T10:04:41","guid":{"rendered":"https:\/\/dev.codekraft.it\/rotary-2024\/products\/uncategorized\/klimaservicegerat-rot-glaxier-t700-2\/"},"modified":"2025-12-11T10:04:41","modified_gmt":"2025-12-11T10:04:41","slug":"klimaservicegerat-rot-glaxier-t700-2","status":"publish","type":"product","link":"https:\/\/dev.codekraft.it\/rotary-2024\/produkte\/sonstige-produkte-de\/klimaservicegerate-de\/klimaservicegerat-rot-glaxier-t700-2\/","title":{"rendered":"Klimaserviceger\u00e4t Rot Glaxier T700"},"content":{"rendered":"<p>A Cool Breeze in Your Workshop<\/p>\n<p>Glaxier\u00a0ist eine vollst\u00e4ndig automatisch arbeitende Wartungsstation f\u00fcr das Auffangen, Recyceln und Wiedereinf\u00fcllen von K\u00e4ltegasen von Kfz-Klimaanlagen.<\/p>\n<ul>\n<li>Optimierte Anwendung<\/li>\n<li>Unmittelbare Kontrolle<\/li>\n<li>\u00dcbersichtliche Gestaltung<\/li>\n<\/ul>\n<ul>\n<li>Fortschrittlichste Wi-Fi Konnektivit\u00e4t erm\u00f6glicht die automatische Aktualisierung des Ger\u00e4ts, die Fernwartung und die Verbindung mit anderen Ger\u00e4ten, z.B. Drucker oder Smartphones.<\/li>\n<li>\u201e2 gas ready\u201d: Die Station erm\u00f6glicht die Handhabung sowohl des K\u00e4ltegases R-134a als auch der K\u00e4ltegase der neuesten Generation R-1234yf. Bei der Installation wird der Bediener gefragt, f\u00fcr welches K\u00e4ltegas die Station vorbereitet werden soll. Der Wechsel zur anderen Konfiguration ist mit einem hierzu vorgesehenen Umr\u00fcstungs-Kit (optional) m\u00f6glich.<\/li>\n<li>Die Station verf\u00fcgt \u00fcber zwei Wiegezellen zur Erfassung vom Gewicht des K\u00e4ltemittels w\u00e4hrend des Auffangens\/Recycelns und Wiedereinf\u00fcllens als auch zur Ermittlung der Menge an \u00d6l, das beim Auffangen\/Recyceln des K\u00e4ltemittels aus dem Fahrzeug entfernt wird.<\/li>\n<li>Grafische Bedieneroberfl\u00e4che mit klugem, detailliertem Aufbau, um die Vorg\u00e4nge einfacher und intuitiver ausf\u00fchren zu k\u00f6nnen. Je nach Pr\u00e4ferenz sowohl in der Version Light als auch in der Version Dark erh\u00e4ltlich.<\/li>\n<\/ul>\n<ul>\n<li>Kompatibel mit den neuesten K\u00e4ltegasen R-456a und R-444a.<\/li>\n<li>LED-Balkenanzeige zur Echtzeit-\u00dcberwachung des Status.<\/li>\n<li>R\u00fcckseitiges Paneel zum Schutz der Gasflasche und des Kompressors.<\/li>\n<li>Ergonomisches Geh\u00e4use aus Stahl\/Metall mit zwei gr\u00f6\u00dferen Hinterr\u00e4dern, die w\u00e4hrend des Gebrauchs Stabilit\u00e4t verleihen.<\/li>\n<li>Integriertes 7\u2033-Multitouch-Farbdisplay.<\/li>\n<li>Zwei analoge Manometer.<\/li>\n<li>App DIGITiQ AirCon: Alle Vorg\u00e4nge k\u00f6nnen mit der App DIGITiQ AirCon auf dem Smartphone oder Tablet von jeder beliebigen Stelle der Werkstatt aus \u00fcberwacht werden, sodass der Bediener gleichzeitig andere Aktivit\u00e4ten ausf\u00fchren kann.<\/li>\n<\/ul>\n","protected":false},"excerpt":{"rendered":"<p>2 gas ready &#8211; vorger\u00fcstet f\u00fcr K\u00e4ltemittelgas 1234yf, umr\u00fcstbar auf 134a, kompatibel auch mit den K\u00e4ltemitteln R-456a und R-444a | inkl. 7\u2033-Touchscreen, LED-Balkenanzeige zur Echtzeit-Kontrolle und Aktivit\u00e4ts\u00fcberwachung mit DIGITiQ AirCon App<\/p>\n","protected":false},"featured_media":356208,"template":"","meta":[],"product_brand":[],"product_cat":[1033674],"product_tag":[],"product_approvals":[],"product_application":[],"class_list":{"0":"post-384711","1":"product","2":"type-product","3":"status-publish","4":"has-post-thumbnail","6":"product_cat-klimaservicegerate-de","8":"first","9":"instock","10":"shipping-taxable","11":"product-type-simple"},"approvals":[],"application":[],"brb_media_brochure":[{"id":356209,"url":"https:\/\/dev.codekraft.it\/rotary-2024\/wp-content\/uploads\/brb_media\/00526489_air-conditioning-rot-glaxier-t700-br-133483-de-2024-05-screen.pdf","title":"air conditioning rot glaxier t700 br 133483 de 2024 05 screen","mpn":"","thumbnail":"https:\/\/dev.codekraft.it\/rotary-2024\/wp-content\/uploads\/brb_media\/00526489_air-conditioning-rot-glaxier-t700-br-133483-de-2024-05-screen-pdf-106x150.png","description":""},{"id":356210,"url":"https:\/\/dev.codekraft.it\/rotary-2024\/wp-content\/uploads\/brb_media\/00526490_air-conditioning-rot-glaxier-t700-br-133484-en-2024-05-screen.pdf","title":"air conditioning rot glaxier t700 br 133484 en 2024 05 screen","mpn":"","thumbnail":"https:\/\/dev.codekraft.it\/rotary-2024\/wp-content\/uploads\/brb_media\/00526490_air-conditioning-rot-glaxier-t700-br-133484-en-2024-05-screen-pdf-106x150.png","description":""},{"id":356211,"url":"https:\/\/dev.codekraft.it\/rotary-2024\/wp-content\/uploads\/brb_media\/00526491_air-conditioning-rot-glaxier-t700-br-133485-fr-2024-05-screen.pdf","title":"air conditioning rot glaxier t700 br 133485 fr 2024 05 screen","mpn":"","thumbnail":"https:\/\/dev.codekraft.it\/rotary-2024\/wp-content\/uploads\/brb_media\/00526491_air-conditioning-rot-glaxier-t700-br-133485-fr-2024-05-screen-pdf-106x150.png","description":""},{"id":356212,"url":"https:\/\/dev.codekraft.it\/rotary-2024\/wp-content\/uploads\/brb_media\/00526492_air-conditioning-rot-glaxier-t700-br-133486-it-2024-05-screen.pdf","title":"air conditioning rot glaxier t700 br 133486 it 2024 05 screen","mpn":"","thumbnail":"https:\/\/dev.codekraft.it\/rotary-2024\/wp-content\/uploads\/brb_media\/00526492_air-conditioning-rot-glaxier-t700-br-133486-it-2024-05-screen-pdf-106x150.png","description":""},{"id":356213,"url":"https:\/\/dev.codekraft.it\/rotary-2024\/wp-content\/uploads\/brb_media\/00526493_air-conditioning-rot-glaxier-t700-br-133487-es-2024-05-screen.pdf","title":"air conditioning rot glaxier t700 br 133487 es 2024 05 screen","mpn":"","thumbnail":"https:\/\/dev.codekraft.it\/rotary-2024\/wp-content\/uploads\/brb_media\/00526493_air-conditioning-rot-glaxier-t700-br-133487-es-2024-05-screen-pdf-106x150.png","description":""},{"id":356214,"url":"https:\/\/dev.codekraft.it\/rotary-2024\/wp-content\/uploads\/brb_media\/00526494_air-conditioning-rot-glaxier-t700-br-133489-ru-2024-05-screen.pdf","title":"air conditioning rot glaxier t700 br 133489 ru 2024 05 screen","mpn":"","thumbnail":"https:\/\/dev.codekraft.it\/rotary-2024\/wp-content\/uploads\/brb_media\/00526494_air-conditioning-rot-glaxier-t700-br-133489-ru-2024-05-screen-pdf-106x150.png","description":""}],"brb_media_drawing":"","brb_media_manuals":[{"id":356217,"url":"https:\/\/dev.codekraft.it\/rotary-2024\/wp-content\/uploads\/brb_media\/00523759_air-conditioning-rot-glaxier-t700-quick-guide-multi-2024-02.pdf","title":"Air Conditioning ROT Glaxier T700 Quick Guide multi 2024 02","mpn":"","thumbnail":"https:\/\/dev.codekraft.it\/rotary-2024\/wp-content\/uploads\/brb_media\/00523759_air-conditioning-rot-glaxier-t700-quick-guide-multi-2024-02-pdf-110x150.png","description":""},{"id":356218,"url":"https:\/\/dev.codekraft.it\/rotary-2024\/wp-content\/uploads\/brb_media\/00523752_air-conditioning-rot-glaxier-t700-check-kit-multi-2024-02.pdf","title":"Air Conditioning ROT Glaxier T700 Check kit multi 2024 02","mpn":"","thumbnail":"https:\/\/dev.codekraft.it\/rotary-2024\/wp-content\/uploads\/brb_media\/00523752_air-conditioning-rot-glaxier-t700-check-kit-multi-2024-02-pdf-107x150.png","description":""},{"id":356219,"url":"https:\/\/dev.codekraft.it\/rotary-2024\/wp-content\/uploads\/brb_media\/00523758_air-conditioning-rot-glaxier-t700-printer-installation-multi-2024-02.pdf","title":"Air Conditioning ROT Glaxier T700 Printer installation multi 2024 02","mpn":"","thumbnail":"https:\/\/dev.codekraft.it\/rotary-2024\/wp-content\/uploads\/brb_media\/00523758_air-conditioning-rot-glaxier-t700-printer-installation-multi-2024-02-pdf-107x150.png","description":""},{"id":356220,"url":"https:\/\/dev.codekraft.it\/rotary-2024\/wp-content\/uploads\/brb_media\/00523753_air-conditioning-rot-glaxier-t700-om-de-2024-02.pdf","title":"Air Conditioning ROT Glaxier T700 OM de 2024 02","mpn":"","thumbnail":"https:\/\/dev.codekraft.it\/rotary-2024\/wp-content\/uploads\/brb_media\/00523753_air-conditioning-rot-glaxier-t700-om-de-2024-02-pdf-106x150.png","description":""},{"id":356221,"url":"https:\/\/dev.codekraft.it\/rotary-2024\/wp-content\/uploads\/brb_media\/00523754_air-conditioning-rot-glaxier-t700-om-en-2024-02.pdf","title":"Air Conditioning ROT Glaxier T700 OM en 2024 02","mpn":"","thumbnail":"https:\/\/dev.codekraft.it\/rotary-2024\/wp-content\/uploads\/brb_media\/00523754_air-conditioning-rot-glaxier-t700-om-en-2024-02-pdf-106x150.png","description":""},{"id":356222,"url":"https:\/\/dev.codekraft.it\/rotary-2024\/wp-content\/uploads\/brb_media\/00523756_air-conditioning-rot-glaxier-t700-om-fr-2024-02.pdf","title":"Air Conditioning ROT Glaxier T700 OM fr 2024 02","mpn":"","thumbnail":"https:\/\/dev.codekraft.it\/rotary-2024\/wp-content\/uploads\/brb_media\/00523756_air-conditioning-rot-glaxier-t700-om-fr-2024-02-pdf-106x150.png","description":""},{"id":372190,"url":"https:\/\/dev.codekraft.it\/rotary-2024\/wp-content\/uploads\/brb_media\/00523757_air-conditioning-rot-glaxier-t700-om-it-2024-02.pdf","title":"Air Conditioning ROT Glaxier T700 OM it 2024 02","mpn":"","thumbnail":"https:\/\/dev.codekraft.it\/rotary-2024\/wp-content\/uploads\/brb_media\/00523757_air-conditioning-rot-glaxier-t700-om-it-2024-02-pdf-106x150.png","description":""},{"id":356223,"url":"https:\/\/dev.codekraft.it\/rotary-2024\/wp-content\/uploads\/brb_media\/00523755_air-conditioning-rot-glaxier-t700-om-es-2024-02.pdf","title":"Air Conditioning ROT Glaxier T700 OM es 2024 02","mpn":"","thumbnail":"https:\/\/dev.codekraft.it\/rotary-2024\/wp-content\/uploads\/brb_media\/00523755_air-conditioning-rot-glaxier-t700-om-es-2024-02-pdf-106x150.png","description":""}],"brb_media_safety_datasheets":"","brb_media_spare_parts":[],"_cdmm_p_id":"503996","_company":"Elektron","_gtin":"5063084701688","accessories":[{"id":384723,"mpn":"VSG.AC34A.701694","name":"Umr\u00fcstungs-Kit","description":"F\u00fcr K\u00e4ltegas R134a","thumbnail":"https:\/\/dev.codekraft.it\/rotary-2024\/wp-content\/uploads\/brb_media\/00523819_air-conditioning-vsgac34a701695-mi-150x150.png","url":"https:\/\/dev.codekraft.it\/rotary-2024\/produkte\/zubehor-sonstige-produkte-de\/zubehor-klimaservicegerate-de\/umrustungs-kit-2\/"},{"id":384717,"mpn":"VSG.AC4YF.701701","name":"Umr\u00fcstungs-Kit","description":"F\u00fcr K\u00e4ltegas R1234yf","thumbnail":"https:\/\/dev.codekraft.it\/rotary-2024\/wp-content\/uploads\/brb_media\/00523818_air-conditioning-vsgac4yf701701-mi-150x150.png","url":"https:\/\/dev.codekraft.it\/rotary-2024\/produkte\/zubehor-sonstige-produkte-de\/zubehor-klimaservicegerate-de\/umrustungs-kit\/"},{"id":384729,"mpn":"VSG.ACALL.701718","name":"Sp\u00fclkit","description":"F\u00fcr Fahrzeug-Klimaanlagen | inkl. Beh\u00e4lter zur Abscheidung von Verunreinigungen","thumbnail":"https:\/\/dev.codekraft.it\/rotary-2024\/wp-content\/uploads\/brb_media\/00523820-150x150.png","url":"https:\/\/dev.codekraft.it\/rotary-2024\/produkte\/zubehor-sonstige-produkte-de\/zubehor-klimaservicegerate-de\/spulkit\/"},{"id":384735,"mpn":"VSG.ACALL.701725","name":"Verl\u00e4ngerungsschl\u00e4uche","description":"3 m","thumbnail":"https:\/\/dev.codekraft.it\/rotary-2024\/wp-content\/uploads\/brb_media\/00523821_air-conditioning-vsgacall701725-mi-150x150.png","url":"https:\/\/dev.codekraft.it\/rotary-2024\/produkte\/zubehor-sonstige-produkte-de\/zubehor-klimaservicegerate-de\/verlangerungsschlauche\/"},{"id":384741,"mpn":"VSG.ACALL.701732","name":"Thermodrucker","description":"F\u00fcr den Ausdruck eines detaillierten Berichts aller ausgef\u00fchrten Vorg\u00e4nge","thumbnail":"https:\/\/dev.codekraft.it\/rotary-2024\/wp-content\/uploads\/brb_media\/00523822_air-conditioning-vsgacall701732-mi-150x150.png","url":"https:\/\/dev.codekraft.it\/rotary-2024\/produkte\/zubehor-sonstige-produkte-de\/zubehor-klimaservicegerate-de\/thermodrucker\/"},{"id":384747,"mpn":"VSG.ACALL.701749","name":"K\u00e4ltemittelerkennungs-Kit","description":"R134a oder R1234yf","thumbnail":"https:\/\/dev.codekraft.it\/rotary-2024\/wp-content\/uploads\/brb_media\/00523823_air-conditioning-vsgacall701749-mi-150x150.png","url":"https:\/\/dev.codekraft.it\/rotary-2024\/produkte\/zubehor-sonstige-produkte-de\/zubehor-klimaservicegerate-de\/kaltemittelerkennungs-kit\/"},{"id":384753,"mpn":"VSG.ACALL.701756","name":"Effizienzkontroll-Kit","description":"F\u00fcr Klimaanlagensysteme","thumbnail":"https:\/\/dev.codekraft.it\/rotary-2024\/wp-content\/uploads\/brb_media\/00523824_air-conditioning-vsgacall701756-mi-150x150.png","url":"https:\/\/dev.codekraft.it\/rotary-2024\/produkte\/zubehor-sonstige-produkte-de\/zubehor-klimaservicegerate-de\/effizienzkontroll-kit\/"}],"components":[],"related":[],"page_logo_src":"https:\/\/dev.codekraft.it\/rotary-2024\/wp-content\/uploads\/2024\/05\/cropped-rotary-logo-2022.png","lang":"de","translations":{"de":384711,"en":384710,"fr":384712,"it":384713,"es":384714,"ru":384715},"pll_sync_post":[],"_links":{"self":[{"href":"https:\/\/dev.codekraft.it\/rotary-2024\/wp-json\/wp\/v2\/product\/384711","targetHints":{"allow":["GET"]}}],"collection":[{"href":"https:\/\/dev.codekraft.it\/rotary-2024\/wp-json\/wp\/v2\/product"}],"about":[{"href":"https:\/\/dev.codekraft.it\/rotary-2024\/wp-json\/wp\/v2\/types\/product"}],"wp:featuredmedia":[{"embeddable":true,"href":"https:\/\/dev.codekraft.it\/rotary-2024\/wp-json\/wp\/v2\/media\/356208"}],"wp:attachment":[{"href":"https:\/\/dev.codekraft.it\/rotary-2024\/wp-json\/wp\/v2\/media?parent=384711"}],"wp:term":[{"taxonomy":"product_brand","embeddable":true,"href":"https:\/\/dev.codekraft.it\/rotary-2024\/wp-json\/wp\/v2\/product_brand?post=384711"},{"taxonomy":"product_cat","embeddable":true,"href":"https:\/\/dev.codekraft.it\/rotary-2024\/wp-json\/wp\/v2\/product_cat?post=384711"},{"taxonomy":"product_tag","embeddable":true,"href":"https:\/\/dev.codekraft.it\/rotary-2024\/wp-json\/wp\/v2\/product_tag?post=384711"},{"taxonomy":"product_approvals","embeddable":true,"href":"https:\/\/dev.codekraft.it\/rotary-2024\/wp-json\/wp\/v2\/product_approvals?post=384711"},{"taxonomy":"product_application","embeddable":true,"href":"https:\/\/dev.codekraft.it\/rotary-2024\/wp-json\/wp\/v2\/product_application?post=384711"}],"curies":[{"name":"wp","href":"https:\/\/api.w.org\/{rel}","templated":true}]}}