{"id":384708,"date":"2025-12-11T10:11:38","date_gmt":"2025-12-11T10:11:38","guid":{"rendered":"https:\/\/dev.codekraft.it\/rotary-2024\/products\/uncategorized\/carga-sistema-a-a-rot-glaxier-t700\/"},"modified":"2025-12-11T10:11:38","modified_gmt":"2025-12-11T10:11:38","slug":"carga-sistema-a-a-rot-glaxier-t700","status":"publish","type":"product","link":"https:\/\/dev.codekraft.it\/rotary-2024\/es\/productos\/otros-productos-es\/carga-sistemas-a-a-es\/carga-sistema-a-a-rot-glaxier-t700\/","title":{"rendered":"Carga sistema A\/A Rot Glaxier T700"},"content":{"rendered":"<p>A Cool Breeze in Your Workshop<\/p>\n<p>Glaxier\u00a0es una estaci\u00f3n totalmente autom\u00e1tica para recuperar, reciclar y recargar los gases refrigerantes de los sistemas de aire acondicionado de los autom\u00f3viles.<\/p>\n<ul>\n<li>Facilidad de uso optimizada<\/li>\n<li>Control al alcance de la mano<\/li>\n<li>Operaciones siempre bien visibles<\/li>\n<\/ul>\n<ul>\n<li>Una avanzada conectividad Wi-Fi permite a la m\u00e1quina actualizarse autom\u00e1ticamente, recibir asistencia remota y conectarse a otros dispositivos, como impresoras o smartphones.<\/li>\n<li>\u00ab2 gas ready\u00bb: La estaci\u00f3n puede trabajar tanto con el gas refrigerante R-134a como con el R-1234yf de \u00faltima generaci\u00f3n. En el momento de la instalaci\u00f3n, el sistema solicita al operario que indique el gas con el que debe trabajar la estaci\u00f3n. Utilizando un kit de adaptaci\u00f3n (opcional) es posible cambiar a la otra configuraci\u00f3n.<\/li>\n<li>La estaci\u00f3n est\u00e1 equipada con dos c\u00e9lulas de carga para pesar el refrigerante durante las operaciones de recuperaci\u00f3n\/reciclaje y recarga, as\u00ed como la cantidad de aceite retirada del veh\u00edculo durante la operaci\u00f3n de recuperaci\u00f3n\/reciclaje del refrigerante.<\/li>\n<li>Interfaz gr\u00e1fica de gran detalle para permitir un manejo m\u00e1s f\u00e1cil e intuitivo. Disponible en versiones &#8216;light&#8217; y &#8216;dark&#8217;, en funci\u00f3n de las necesidades del operador.<\/li>\n<\/ul>\n<p>\u00a0<\/p>\n<ul>\n<li>Compatible con los \u00faltimos gases refrigerantes R-456a y R-444a.<\/li>\n<li>Tira indicadora LED para conocer al instante el estado de la carga.<\/li>\n<li>Panel trasero para proteger la botella y el compresor.<\/li>\n<li>Armario ergon\u00f3mica de acero\/metal equipado con dos ruedas traseras de grandes dimensiones que proporcionan estabilidad durante el uso.<\/li>\n<li>Pantalla multit\u00e1ctil en color de 7 pulgadas integrada.<\/li>\n<li>Dos man\u00f3metros anal\u00f3gicos.<\/li>\n<li>App DIGITiQ AirCon: El operador puede supervisar f\u00e1cilmente y desde cualquier lugar del taller todas las actividades a trav\u00e9s de su smartphone o tableta con la aplicaci\u00f3n DIGITiQ AirCon.<\/li>\n<\/ul>\n","protected":false},"excerpt":{"rendered":"<p>2 gas ready &#8211; preparado para gas refrigerante 134a, convertible a 1234yf, tambi\u00e9n compatible con refrigerantes R-456a y R-444a | incl. pantalla t\u00e1ctil 7\u2033, pantalla LED para conocer al instante el estado y monitorizaci\u00f3n de actividad con la app DIGITiQ AirCon<\/p>\n","protected":false},"featured_media":356208,"template":"","meta":[],"product_cat":[1033722],"product_tag":[],"product_approvals":[],"product_application":[],"class_list":{"0":"post-384708","1":"product","2":"type-product","3":"status-publish","4":"has-post-thumbnail","6":"product_cat-carga-sistemas-a-a-es","8":"first","9":"instock","10":"shipping-taxable","11":"product-type-simple"},"approvals":[],"application":[],"brb_media_brochure":[{"id":356209,"url":"https:\/\/dev.codekraft.it\/rotary-2024\/wp-content\/uploads\/brb_media\/00526489_air-conditioning-rot-glaxier-t700-br-133483-de-2024-05-screen.pdf","title":"air conditioning rot glaxier t700 br 133483 de 2024 05 screen","thumbnail":"https:\/\/dev.codekraft.it\/rotary-2024\/wp-content\/uploads\/brb_media\/00526489_air-conditioning-rot-glaxier-t700-br-133483-de-2024-05-screen-pdf-106x150.png","description":""},{"id":356210,"url":"https:\/\/dev.codekraft.it\/rotary-2024\/wp-content\/uploads\/brb_media\/00526490_air-conditioning-rot-glaxier-t700-br-133484-en-2024-05-screen.pdf","title":"air conditioning rot glaxier t700 br 133484 en 2024 05 screen","thumbnail":"https:\/\/dev.codekraft.it\/rotary-2024\/wp-content\/uploads\/brb_media\/00526490_air-conditioning-rot-glaxier-t700-br-133484-en-2024-05-screen-pdf-106x150.png","description":""},{"id":356211,"url":"https:\/\/dev.codekraft.it\/rotary-2024\/wp-content\/uploads\/brb_media\/00526491_air-conditioning-rot-glaxier-t700-br-133485-fr-2024-05-screen.pdf","title":"air conditioning rot glaxier t700 br 133485 fr 2024 05 screen","thumbnail":"https:\/\/dev.codekraft.it\/rotary-2024\/wp-content\/uploads\/brb_media\/00526491_air-conditioning-rot-glaxier-t700-br-133485-fr-2024-05-screen-pdf-106x150.png","description":""},{"id":356212,"url":"https:\/\/dev.codekraft.it\/rotary-2024\/wp-content\/uploads\/brb_media\/00526492_air-conditioning-rot-glaxier-t700-br-133486-it-2024-05-screen.pdf","title":"air conditioning rot glaxier t700 br 133486 it 2024 05 screen","thumbnail":"https:\/\/dev.codekraft.it\/rotary-2024\/wp-content\/uploads\/brb_media\/00526492_air-conditioning-rot-glaxier-t700-br-133486-it-2024-05-screen-pdf-106x150.png","description":""},{"id":356213,"url":"https:\/\/dev.codekraft.it\/rotary-2024\/wp-content\/uploads\/brb_media\/00526493_air-conditioning-rot-glaxier-t700-br-133487-es-2024-05-screen.pdf","title":"air conditioning rot glaxier t700 br 133487 es 2024 05 screen","thumbnail":"https:\/\/dev.codekraft.it\/rotary-2024\/wp-content\/uploads\/brb_media\/00526493_air-conditioning-rot-glaxier-t700-br-133487-es-2024-05-screen-pdf-106x150.png","description":""},{"id":356214,"url":"https:\/\/dev.codekraft.it\/rotary-2024\/wp-content\/uploads\/brb_media\/00526494_air-conditioning-rot-glaxier-t700-br-133489-ru-2024-05-screen.pdf","title":"air conditioning rot glaxier t700 br 133489 ru 2024 05 screen","thumbnail":"https:\/\/dev.codekraft.it\/rotary-2024\/wp-content\/uploads\/brb_media\/00526494_air-conditioning-rot-glaxier-t700-br-133489-ru-2024-05-screen-pdf-106x150.png","description":""}],"brb_media_drawing":"","brb_media_manuals":[{"id":356217,"url":"https:\/\/dev.codekraft.it\/rotary-2024\/wp-content\/uploads\/brb_media\/00523759_air-conditioning-rot-glaxier-t700-quick-guide-multi-2024-02.pdf","title":"Air Conditioning ROT Glaxier T700 Quick Guide multi 2024 02","thumbnail":"https:\/\/dev.codekraft.it\/rotary-2024\/wp-content\/uploads\/brb_media\/00523759_air-conditioning-rot-glaxier-t700-quick-guide-multi-2024-02-pdf-110x150.png","description":""},{"id":356218,"url":"https:\/\/dev.codekraft.it\/rotary-2024\/wp-content\/uploads\/brb_media\/00523752_air-conditioning-rot-glaxier-t700-check-kit-multi-2024-02.pdf","title":"Air Conditioning ROT Glaxier T700 Check kit multi 2024 02","thumbnail":"https:\/\/dev.codekraft.it\/rotary-2024\/wp-content\/uploads\/brb_media\/00523752_air-conditioning-rot-glaxier-t700-check-kit-multi-2024-02-pdf-107x150.png","description":""},{"id":356219,"url":"https:\/\/dev.codekraft.it\/rotary-2024\/wp-content\/uploads\/brb_media\/00523758_air-conditioning-rot-glaxier-t700-printer-installation-multi-2024-02.pdf","title":"Air Conditioning ROT Glaxier T700 Printer installation multi 2024 02","thumbnail":"https:\/\/dev.codekraft.it\/rotary-2024\/wp-content\/uploads\/brb_media\/00523758_air-conditioning-rot-glaxier-t700-printer-installation-multi-2024-02-pdf-107x150.png","description":""},{"id":356220,"url":"https:\/\/dev.codekraft.it\/rotary-2024\/wp-content\/uploads\/brb_media\/00523753_air-conditioning-rot-glaxier-t700-om-de-2024-02.pdf","title":"Air Conditioning ROT Glaxier T700 OM de 2024 02","thumbnail":"https:\/\/dev.codekraft.it\/rotary-2024\/wp-content\/uploads\/brb_media\/00523753_air-conditioning-rot-glaxier-t700-om-de-2024-02-pdf-106x150.png","description":""},{"id":356221,"url":"https:\/\/dev.codekraft.it\/rotary-2024\/wp-content\/uploads\/brb_media\/00523754_air-conditioning-rot-glaxier-t700-om-en-2024-02.pdf","title":"Air Conditioning ROT Glaxier T700 OM en 2024 02","thumbnail":"https:\/\/dev.codekraft.it\/rotary-2024\/wp-content\/uploads\/brb_media\/00523754_air-conditioning-rot-glaxier-t700-om-en-2024-02-pdf-106x150.png","description":""},{"id":356222,"url":"https:\/\/dev.codekraft.it\/rotary-2024\/wp-content\/uploads\/brb_media\/00523756_air-conditioning-rot-glaxier-t700-om-fr-2024-02.pdf","title":"Air Conditioning ROT Glaxier T700 OM fr 2024 02","thumbnail":"https:\/\/dev.codekraft.it\/rotary-2024\/wp-content\/uploads\/brb_media\/00523756_air-conditioning-rot-glaxier-t700-om-fr-2024-02-pdf-106x150.png","description":""},{"id":372190,"url":"https:\/\/dev.codekraft.it\/rotary-2024\/wp-content\/uploads\/brb_media\/00523757_air-conditioning-rot-glaxier-t700-om-it-2024-02.pdf","title":"Air Conditioning ROT Glaxier T700 OM it 2024 02","thumbnail":"https:\/\/dev.codekraft.it\/rotary-2024\/wp-content\/uploads\/brb_media\/00523757_air-conditioning-rot-glaxier-t700-om-it-2024-02-pdf-106x150.png","description":""},{"id":356223,"url":"https:\/\/dev.codekraft.it\/rotary-2024\/wp-content\/uploads\/brb_media\/00523755_air-conditioning-rot-glaxier-t700-om-es-2024-02.pdf","title":"Air Conditioning ROT Glaxier T700 OM es 2024 02","thumbnail":"https:\/\/dev.codekraft.it\/rotary-2024\/wp-content\/uploads\/brb_media\/00523755_air-conditioning-rot-glaxier-t700-om-es-2024-02-pdf-106x150.png","description":""}],"brb_media_safety_datasheets":"","brb_media_spare_parts":[],"_cdmm_p_id":"503988","_company":"Elektron","_gtin":"5063084701671","accessories":[{"id":384720,"cdmm_p_id":"503990","name":"Kit de adaptaci\u00f3n","description":"Para gas refrigerante R1234yf","thumbnail":"https:\/\/dev.codekraft.it\/rotary-2024\/wp-content\/uploads\/brb_media\/00523818_air-conditioning-vsgac4yf701701-mi-150x150.png","url":"https:\/\/dev.codekraft.it\/rotary-2024\/es\/productos\/accesorios-otros-productos-es\/accesorios-carga-sistemas-a-a-es\/kit-de-adaptacion\/"},{"id":384726,"cdmm_p_id":"503989","name":"Kit de adaptaci\u00f3n","description":"Para gas refrigerante R134a","thumbnail":"https:\/\/dev.codekraft.it\/rotary-2024\/wp-content\/uploads\/brb_media\/00523819_air-conditioning-vsgac34a701695-mi-150x150.png","url":"https:\/\/dev.codekraft.it\/rotary-2024\/es\/productos\/accesorios-otros-productos-es\/accesorios-carga-sistemas-a-a-es\/kit-de-adaptacion-2\/"},{"id":384732,"cdmm_p_id":"503991","name":"Kit de purga","description":"Para sistemas de aire acondicionado del veh\u00edculo | incl. dep\u00f3sito para separar los contaminantes del circuito","thumbnail":"https:\/\/dev.codekraft.it\/rotary-2024\/wp-content\/uploads\/brb_media\/00523820-150x150.png","url":"https:\/\/dev.codekraft.it\/rotary-2024\/es\/productos\/accesorios-otros-productos-es\/accesorios-carga-sistemas-a-a-es\/kit-de-purga\/"},{"id":384738,"cdmm_p_id":"503992","name":"Mangueras prolongador","description":"3 m","thumbnail":"https:\/\/dev.codekraft.it\/rotary-2024\/wp-content\/uploads\/brb_media\/00523821_air-conditioning-vsgacall701725-mi-150x150.png","url":"https:\/\/dev.codekraft.it\/rotary-2024\/es\/productos\/accesorios-otros-productos-es\/accesorios-carga-sistemas-a-a-es\/mangueras-prolongador\/"},{"id":384744,"cdmm_p_id":"503993","name":"Impresora t\u00e9rmica","description":"Para proporcionar informaci\u00f3n detallada de todas las actividades llevadas a cabo por la estaci\u00f3n de aire acondicionado","thumbnail":"https:\/\/dev.codekraft.it\/rotary-2024\/wp-content\/uploads\/brb_media\/00523822_air-conditioning-vsgacall701732-mi-150x150.png","url":"https:\/\/dev.codekraft.it\/rotary-2024\/es\/productos\/accesorios-otros-productos-es\/accesorios-carga-sistemas-a-a-es\/impresora-termica\/"},{"id":384750,"cdmm_p_id":"503994","name":"Kit de identificaci\u00f3n de refrigerante","description":"R134a o R1234yf","thumbnail":"https:\/\/dev.codekraft.it\/rotary-2024\/wp-content\/uploads\/brb_media\/00523823_air-conditioning-vsgacall701749-mi-150x150.png","url":"https:\/\/dev.codekraft.it\/rotary-2024\/es\/productos\/accesorios-otros-productos-es\/accesorios-carga-sistemas-a-a-es\/kit-de-identificacion-de-refrigerante\/"},{"id":384756,"cdmm_p_id":"503995","name":"Kit de eficiencia","description":"Para sistemas  de aire acondicionado","thumbnail":"https:\/\/dev.codekraft.it\/rotary-2024\/wp-content\/uploads\/brb_media\/00523824_air-conditioning-vsgacall701756-mi-150x150.png","url":"https:\/\/dev.codekraft.it\/rotary-2024\/es\/productos\/accesorios-otros-productos-es\/accesorios-carga-sistemas-a-a-es\/kit-de-eficiencia\/"}],"components":[],"related":[],"similar":[{"id":384714,"cdmm_p_id":"503996","name":"Carga sistema A\/A Rot Glaxier T700","description":"2 gas ready - preparado para gas refrigerante 1234yf, convertible a 134a, tambi\u00e9n compatible con refrigerantes R-456a y R-444a | incl. pantalla t\u00e1ctil 7\u2033, pantalla LED para conocer al instante el estado y monitorizaci\u00f3n de actividad con la app DIGITiQ AirCon","thumbnail":"https:\/\/dev.codekraft.it\/rotary-2024\/wp-content\/uploads\/brb_media\/00523742_air-conditioning-glaxier-t700-mi-01-150x150.png","url":"https:\/\/dev.codekraft.it\/rotary-2024\/es\/productos\/otros-productos-es\/carga-sistemas-a-a-es\/carga-sistema-a-a-rot-glaxier-t700-2\/"}],"lang":"es","translations":{"es":384708,"en":384703,"de":384705,"fr":384706,"it":384707,"ru":384709},"pll_sync_post":[],"_links":{"self":[{"href":"https:\/\/dev.codekraft.it\/rotary-2024\/wp-json\/wp\/v2\/product\/384708","targetHints":{"allow":["GET"]}}],"collection":[{"href":"https:\/\/dev.codekraft.it\/rotary-2024\/wp-json\/wp\/v2\/product"}],"about":[{"href":"https:\/\/dev.codekraft.it\/rotary-2024\/wp-json\/wp\/v2\/types\/product"}],"wp:featuredmedia":[{"embeddable":true,"href":"https:\/\/dev.codekraft.it\/rotary-2024\/wp-json\/wp\/v2\/media\/356208"}],"wp:attachment":[{"href":"https:\/\/dev.codekraft.it\/rotary-2024\/wp-json\/wp\/v2\/media?parent=384708"}],"wp:term":[{"taxonomy":"product_cat","embeddable":true,"href":"https:\/\/dev.codekraft.it\/rotary-2024\/wp-json\/wp\/v2\/product_cat?post=384708"},{"taxonomy":"product_tag","embeddable":true,"href":"https:\/\/dev.codekraft.it\/rotary-2024\/wp-json\/wp\/v2\/product_tag?post=384708"},{"taxonomy":"product_approvals","embeddable":true,"href":"https:\/\/dev.codekraft.it\/rotary-2024\/wp-json\/wp\/v2\/product_approvals?post=384708"},{"taxonomy":"product_application","embeddable":true,"href":"https:\/\/dev.codekraft.it\/rotary-2024\/wp-json\/wp\/v2\/product_application?post=384708"}],"curies":[{"name":"wp","href":"https:\/\/api.w.org\/{rel}","templated":true}]}}