{"id":384706,"date":"2025-12-11T10:11:03","date_gmt":"2025-12-11T10:11:03","guid":{"rendered":"https:\/\/dev.codekraft.it\/rotary-2024\/products\/uncategorized\/recharge-systeme-a-c-rot-glaxier-t700\/"},"modified":"2025-12-11T10:11:03","modified_gmt":"2025-12-11T10:11:03","slug":"recharge-systeme-a-c-rot-glaxier-t700","status":"publish","type":"product","link":"https:\/\/dev.codekraft.it\/rotary-2024\/fr\/produits\/autres-produits-fr\/recharge-systemes-a-c-fr\/recharge-systeme-a-c-rot-glaxier-t700\/","title":{"rendered":"Recharge syst\u00e8me A\/C Rot Glaxier T700"},"content":{"rendered":"<p>A Cool Breeze in Your Workshop<\/p>\n<p>Glaxier\u00a0est une station de service enti\u00e8rement automatique pour la r\u00e9cup\u00e9ration, le recyclage et la charge des gaz r\u00e9frig\u00e9rants des syst\u00e8mes de climatisation auto.<\/p>\n<ul>\n<li>Fonctionnalit\u00e9 optimis\u00e9e<\/li>\n<li>Contr\u00f4le \u00e0 port\u00e9e de main<\/li>\n<li>Op\u00e9rations toujours visibles<\/li>\n<\/ul>\n<ul>\n<li>Gr\u00e2ce au Wi-Fi, la connectivit\u00e9 avanc\u00e9e permet \u00e0 la machine de se mettre \u00e0 jour automatiquement, de recevoir des services d\u2019assistance \u00e0 distance et de se connecter \u00e0 d\u2019autres dispositifs, tels qu\u2019imprimantes ou Smartphone.<\/li>\n<li>\u00ab 2 gas ready \u00bb : La station permet d\u2019utiliser les gaz r\u00e9frig\u00e9rants R-134a et les gaz de la derni\u00e8re g\u00e9n\u00e9ration R-1234yf. Au moment de l\u2019installation, il est demand\u00e9 \u00e0 l\u2019op\u00e9rateur d\u2019indiquer le gaz avec lequel la station doit fonctionner. Le passage d\u2019une configuration \u00e0 l\u2019autre s\u2019effectue en utilisant un kit r\u00e9trofit pr\u00e9vu \u00e0 cet effet (option).<\/li>\n<li>La station est dot\u00e9e de deux cellules de charge pour peser respectivement, le r\u00e9frig\u00e9rant pendant les op\u00e9rations de r\u00e9cup\u00e9ration\/recyclage et charge, et la quantit\u00e9 d\u2019huile retir\u00e9e du v\u00e9hicule pendant l\u2019op\u00e9ration de r\u00e9cup\u00e9ration\/recyclage du r\u00e9frig\u00e9rant.<\/li>\n<li>Interface graphique d\u00e9taill\u00e9e pour rendre les op\u00e9rations plus simples et intuitives. Disponible dans la version light et la version dark en fonction des besoins de l\u2019op\u00e9rateur.<\/li>\n<\/ul>\n<ul>\n<li>Compatible avec les plus r\u00e9cents gaz r\u00e9frig\u00e9rants R-456a et R-444a.<\/li>\n<li>Indicateur \u00e0 bande de LED pour une visualisation imm\u00e9diate de l\u2019\u00e9tat de charge.<\/li>\n<li>Panneau post\u00e9rieur de protection de la bouteille et du compresseur.<\/li>\n<li>Cabine en acier\/m\u00e9tal ergonomique dot\u00e9e de deux routes post\u00e9rieures major\u00e9es gage de stabilit\u00e9 pendant l\u2019utilisation.<\/li>\n<li>\u00c9cran int\u00e9gr\u00e9 couleur multi-touch de 7\u2033.<\/li>\n<li>Deux manom\u00e8tres analogiques.<\/li>\n<li>Application DIGITiQ AirCon: Toutes les op\u00e9rations peuvent \u00eatre contr\u00f4l\u00e9es sur un smartphone ou une tablette avec l\u2019application DIGITiQ AirCon depuis quelque endroit que ce soit de l\u2019atelier pour permettre \u00e0 l\u2019op\u00e9rateur de se consacrer \u00e0 d\u2019autres op\u00e9rations.<\/li>\n<\/ul>\n","protected":false},"excerpt":{"rendered":"<p>2 gas ready &#8211; pr\u00e9par\u00e9 pour le gaz r\u00e9frig\u00e9rant 134a, convertible en 1234yf, \u00e9galement compatible avec les r\u00e9frig\u00e9rants R-456a et R-444a | incl. \u00e9cran tactile 7\u2033, affichage LED pour un contr\u00f4le instantan\u00e9 de l\u2019\u00e9tat de charge et surveillance de l&#8217;activit\u00e9 avec l&#8217;application DIGITiQ AirCon<\/p>\n","protected":false},"featured_media":356208,"template":"","meta":[],"product_brand":[],"product_cat":[1033690],"product_tag":[],"product_approvals":[],"product_application":[],"class_list":{"0":"post-384706","1":"product","2":"type-product","3":"status-publish","4":"has-post-thumbnail","6":"product_cat-recharge-systemes-a-c-fr","8":"first","9":"instock","10":"shipping-taxable","11":"product-type-simple"},"approvals":[],"application":[],"brb_media_brochure":[{"id":356209,"url":"https:\/\/dev.codekraft.it\/rotary-2024\/wp-content\/uploads\/brb_media\/00526489_air-conditioning-rot-glaxier-t700-br-133483-de-2024-05-screen.pdf","title":"air conditioning rot glaxier t700 br 133483 de 2024 05 screen","mpn":"","thumbnail":"https:\/\/dev.codekraft.it\/rotary-2024\/wp-content\/uploads\/brb_media\/00526489_air-conditioning-rot-glaxier-t700-br-133483-de-2024-05-screen-pdf-106x150.png","description":""},{"id":356210,"url":"https:\/\/dev.codekraft.it\/rotary-2024\/wp-content\/uploads\/brb_media\/00526490_air-conditioning-rot-glaxier-t700-br-133484-en-2024-05-screen.pdf","title":"air conditioning rot glaxier t700 br 133484 en 2024 05 screen","mpn":"","thumbnail":"https:\/\/dev.codekraft.it\/rotary-2024\/wp-content\/uploads\/brb_media\/00526490_air-conditioning-rot-glaxier-t700-br-133484-en-2024-05-screen-pdf-106x150.png","description":""},{"id":356211,"url":"https:\/\/dev.codekraft.it\/rotary-2024\/wp-content\/uploads\/brb_media\/00526491_air-conditioning-rot-glaxier-t700-br-133485-fr-2024-05-screen.pdf","title":"air conditioning rot glaxier t700 br 133485 fr 2024 05 screen","mpn":"","thumbnail":"https:\/\/dev.codekraft.it\/rotary-2024\/wp-content\/uploads\/brb_media\/00526491_air-conditioning-rot-glaxier-t700-br-133485-fr-2024-05-screen-pdf-106x150.png","description":""},{"id":356212,"url":"https:\/\/dev.codekraft.it\/rotary-2024\/wp-content\/uploads\/brb_media\/00526492_air-conditioning-rot-glaxier-t700-br-133486-it-2024-05-screen.pdf","title":"air conditioning rot glaxier t700 br 133486 it 2024 05 screen","mpn":"","thumbnail":"https:\/\/dev.codekraft.it\/rotary-2024\/wp-content\/uploads\/brb_media\/00526492_air-conditioning-rot-glaxier-t700-br-133486-it-2024-05-screen-pdf-106x150.png","description":""},{"id":356213,"url":"https:\/\/dev.codekraft.it\/rotary-2024\/wp-content\/uploads\/brb_media\/00526493_air-conditioning-rot-glaxier-t700-br-133487-es-2024-05-screen.pdf","title":"air conditioning rot glaxier t700 br 133487 es 2024 05 screen","mpn":"","thumbnail":"https:\/\/dev.codekraft.it\/rotary-2024\/wp-content\/uploads\/brb_media\/00526493_air-conditioning-rot-glaxier-t700-br-133487-es-2024-05-screen-pdf-106x150.png","description":""},{"id":356214,"url":"https:\/\/dev.codekraft.it\/rotary-2024\/wp-content\/uploads\/brb_media\/00526494_air-conditioning-rot-glaxier-t700-br-133489-ru-2024-05-screen.pdf","title":"air conditioning rot glaxier t700 br 133489 ru 2024 05 screen","mpn":"","thumbnail":"https:\/\/dev.codekraft.it\/rotary-2024\/wp-content\/uploads\/brb_media\/00526494_air-conditioning-rot-glaxier-t700-br-133489-ru-2024-05-screen-pdf-106x150.png","description":""}],"brb_media_drawing":"","brb_media_manuals":[{"id":356217,"url":"https:\/\/dev.codekraft.it\/rotary-2024\/wp-content\/uploads\/brb_media\/00523759_air-conditioning-rot-glaxier-t700-quick-guide-multi-2024-02.pdf","title":"Air Conditioning ROT Glaxier T700 Quick Guide multi 2024 02","mpn":"","thumbnail":"https:\/\/dev.codekraft.it\/rotary-2024\/wp-content\/uploads\/brb_media\/00523759_air-conditioning-rot-glaxier-t700-quick-guide-multi-2024-02-pdf-110x150.png","description":""},{"id":356218,"url":"https:\/\/dev.codekraft.it\/rotary-2024\/wp-content\/uploads\/brb_media\/00523752_air-conditioning-rot-glaxier-t700-check-kit-multi-2024-02.pdf","title":"Air Conditioning ROT Glaxier T700 Check kit multi 2024 02","mpn":"","thumbnail":"https:\/\/dev.codekraft.it\/rotary-2024\/wp-content\/uploads\/brb_media\/00523752_air-conditioning-rot-glaxier-t700-check-kit-multi-2024-02-pdf-107x150.png","description":""},{"id":356219,"url":"https:\/\/dev.codekraft.it\/rotary-2024\/wp-content\/uploads\/brb_media\/00523758_air-conditioning-rot-glaxier-t700-printer-installation-multi-2024-02.pdf","title":"Air Conditioning ROT Glaxier T700 Printer installation multi 2024 02","mpn":"","thumbnail":"https:\/\/dev.codekraft.it\/rotary-2024\/wp-content\/uploads\/brb_media\/00523758_air-conditioning-rot-glaxier-t700-printer-installation-multi-2024-02-pdf-107x150.png","description":""},{"id":356220,"url":"https:\/\/dev.codekraft.it\/rotary-2024\/wp-content\/uploads\/brb_media\/00523753_air-conditioning-rot-glaxier-t700-om-de-2024-02.pdf","title":"Air Conditioning ROT Glaxier T700 OM de 2024 02","mpn":"","thumbnail":"https:\/\/dev.codekraft.it\/rotary-2024\/wp-content\/uploads\/brb_media\/00523753_air-conditioning-rot-glaxier-t700-om-de-2024-02-pdf-106x150.png","description":""},{"id":356221,"url":"https:\/\/dev.codekraft.it\/rotary-2024\/wp-content\/uploads\/brb_media\/00523754_air-conditioning-rot-glaxier-t700-om-en-2024-02.pdf","title":"Air Conditioning ROT Glaxier T700 OM en 2024 02","mpn":"","thumbnail":"https:\/\/dev.codekraft.it\/rotary-2024\/wp-content\/uploads\/brb_media\/00523754_air-conditioning-rot-glaxier-t700-om-en-2024-02-pdf-106x150.png","description":""},{"id":356222,"url":"https:\/\/dev.codekraft.it\/rotary-2024\/wp-content\/uploads\/brb_media\/00523756_air-conditioning-rot-glaxier-t700-om-fr-2024-02.pdf","title":"Air Conditioning ROT Glaxier T700 OM fr 2024 02","mpn":"","thumbnail":"https:\/\/dev.codekraft.it\/rotary-2024\/wp-content\/uploads\/brb_media\/00523756_air-conditioning-rot-glaxier-t700-om-fr-2024-02-pdf-106x150.png","description":""},{"id":372190,"url":"https:\/\/dev.codekraft.it\/rotary-2024\/wp-content\/uploads\/brb_media\/00523757_air-conditioning-rot-glaxier-t700-om-it-2024-02.pdf","title":"Air Conditioning ROT Glaxier T700 OM it 2024 02","mpn":"","thumbnail":"https:\/\/dev.codekraft.it\/rotary-2024\/wp-content\/uploads\/brb_media\/00523757_air-conditioning-rot-glaxier-t700-om-it-2024-02-pdf-106x150.png","description":""},{"id":356223,"url":"https:\/\/dev.codekraft.it\/rotary-2024\/wp-content\/uploads\/brb_media\/00523755_air-conditioning-rot-glaxier-t700-om-es-2024-02.pdf","title":"Air Conditioning ROT Glaxier T700 OM es 2024 02","mpn":"","thumbnail":"https:\/\/dev.codekraft.it\/rotary-2024\/wp-content\/uploads\/brb_media\/00523755_air-conditioning-rot-glaxier-t700-om-es-2024-02-pdf-106x150.png","description":""}],"brb_media_safety_datasheets":"","brb_media_spare_parts":[],"_cdmm_p_id":"503988","_company":"Elektron","_gtin":"5063084701671","accessories":[{"id":384718,"mpn":"VSG.AC4YF.701701","name":"Kit r\u00e9trofit","description":"Pour gaz r\u00e9frig\u00e9rant R1234yf","thumbnail":"https:\/\/dev.codekraft.it\/rotary-2024\/wp-content\/uploads\/brb_media\/00523818_air-conditioning-vsgac4yf701701-mi-150x150.png","url":"https:\/\/dev.codekraft.it\/rotary-2024\/fr\/produits\/accessoires-autres-produits-fr\/accessoires-recharge-systemes-a-c-fr\/kit-retrofit\/"},{"id":384724,"mpn":"VSG.AC34A.701694","name":"Kit r\u00e9trofit","description":"Pour gaz r\u00e9frig\u00e9rant R134a","thumbnail":"https:\/\/dev.codekraft.it\/rotary-2024\/wp-content\/uploads\/brb_media\/00523819_air-conditioning-vsgac34a701695-mi-150x150.png","url":"https:\/\/dev.codekraft.it\/rotary-2024\/fr\/produits\/accessoires-autres-produits-fr\/accessoires-recharge-systemes-a-c-fr\/kit-retrofit-3\/"},{"id":384730,"mpn":"VSG.ACALL.701718","name":"Kit de purge","description":"Pour syst\u00e8mes A\/C de v\u00e9hicules | incl. r\u00e9servoir de s\u00e9paration des substances contaminantes","thumbnail":"https:\/\/dev.codekraft.it\/rotary-2024\/wp-content\/uploads\/brb_media\/00523820-150x150.png","url":"https:\/\/dev.codekraft.it\/rotary-2024\/fr\/produits\/accessoires-autres-produits-fr\/accessoires-recharge-systemes-a-c-fr\/kit-de-purge\/"},{"id":384736,"mpn":"VSG.ACALL.701725","name":"Tuyaux de rallonge","description":"3 m","thumbnail":"https:\/\/dev.codekraft.it\/rotary-2024\/wp-content\/uploads\/brb_media\/00523821_air-conditioning-vsgacall701725-mi-150x150.png","url":"https:\/\/dev.codekraft.it\/rotary-2024\/fr\/produits\/accessoires-autres-produits-fr\/accessoires-recharge-systemes-a-c-fr\/tuyaux-de-rallonge\/"},{"id":384742,"mpn":"VSG.ACALL.701732","name":"Imprimante thermique","description":"Pour fournir un compte-rendu d\u00e9taill\u00e9 de toutes les op\u00e9rations effectu\u00e9es par la station A\/C","thumbnail":"https:\/\/dev.codekraft.it\/rotary-2024\/wp-content\/uploads\/brb_media\/00523822_air-conditioning-vsgacall701732-mi-150x150.png","url":"https:\/\/dev.codekraft.it\/rotary-2024\/fr\/produits\/accessoires-autres-produits-fr\/accessoires-recharge-systemes-a-c-fr\/imprimante-thermique\/"},{"id":384748,"mpn":"VSG.ACALL.701749","name":"Kit identification r\u00e9frig\u00e9rant","description":"R134a ou R1234yf","thumbnail":"https:\/\/dev.codekraft.it\/rotary-2024\/wp-content\/uploads\/brb_media\/00523823_air-conditioning-vsgacall701749-mi-150x150.png","url":"https:\/\/dev.codekraft.it\/rotary-2024\/fr\/produits\/accessoires-autres-produits-fr\/accessoires-recharge-systemes-a-c-fr\/kit-identification-refrigerant\/"},{"id":384754,"mpn":"VSG.ACALL.701756","name":"Kit efficacit\u00e9","description":"Pour syst\u00e8mes A\/C","thumbnail":"https:\/\/dev.codekraft.it\/rotary-2024\/wp-content\/uploads\/brb_media\/00523824_air-conditioning-vsgacall701756-mi-150x150.png","url":"https:\/\/dev.codekraft.it\/rotary-2024\/fr\/produits\/accessoires-autres-produits-fr\/accessoires-recharge-systemes-a-c-fr\/kit-efficacite\/"}],"components":[],"related":[],"page_logo_src":"https:\/\/dev.codekraft.it\/rotary-2024\/wp-content\/uploads\/2024\/05\/cropped-rotary-logo-2022.png","lang":"fr","translations":{"fr":384706,"en":384703,"de":384705,"it":384707,"es":384708,"ru":384709},"pll_sync_post":[],"_links":{"self":[{"href":"https:\/\/dev.codekraft.it\/rotary-2024\/wp-json\/wp\/v2\/product\/384706","targetHints":{"allow":["GET"]}}],"collection":[{"href":"https:\/\/dev.codekraft.it\/rotary-2024\/wp-json\/wp\/v2\/product"}],"about":[{"href":"https:\/\/dev.codekraft.it\/rotary-2024\/wp-json\/wp\/v2\/types\/product"}],"wp:featuredmedia":[{"embeddable":true,"href":"https:\/\/dev.codekraft.it\/rotary-2024\/wp-json\/wp\/v2\/media\/356208"}],"wp:attachment":[{"href":"https:\/\/dev.codekraft.it\/rotary-2024\/wp-json\/wp\/v2\/media?parent=384706"}],"wp:term":[{"taxonomy":"product_brand","embeddable":true,"href":"https:\/\/dev.codekraft.it\/rotary-2024\/wp-json\/wp\/v2\/product_brand?post=384706"},{"taxonomy":"product_cat","embeddable":true,"href":"https:\/\/dev.codekraft.it\/rotary-2024\/wp-json\/wp\/v2\/product_cat?post=384706"},{"taxonomy":"product_tag","embeddable":true,"href":"https:\/\/dev.codekraft.it\/rotary-2024\/wp-json\/wp\/v2\/product_tag?post=384706"},{"taxonomy":"product_approvals","embeddable":true,"href":"https:\/\/dev.codekraft.it\/rotary-2024\/wp-json\/wp\/v2\/product_approvals?post=384706"},{"taxonomy":"product_application","embeddable":true,"href":"https:\/\/dev.codekraft.it\/rotary-2024\/wp-json\/wp\/v2\/product_application?post=384706"}],"curies":[{"name":"wp","href":"https:\/\/api.w.org\/{rel}","templated":true}]}}