{"id":384699,"date":"2025-09-08T09:00:25","date_gmt":"2025-09-08T09:00:25","guid":{"rendered":"https:\/\/dev.codekraft.it\/rotary-2024\/products\/uncategorized\/geometrie-ccd-speed8060ptws-4-gris\/"},"modified":"2025-09-08T09:00:25","modified_gmt":"2025-09-08T09:00:25","slug":"geometrie-ccd-speed8060ptws-4-gris","status":"publish","type":"product","link":"https:\/\/dev.codekraft.it\/rotary-2024\/fr\/produits\/diagnostic-fr\/geometries-des-roues-fr\/geometrie-ccd-speed8060ptws-4-gris\/","title":{"rendered":"G\u00e9om\u00e9trie CCD SPEED8060PTWS.4 (gris)"},"content":{"rendered":"<p>Appareils de g\u00e9om\u00e9trie de roues \u00e9quip\u00e9s de capteurs CCD avec transmission des donn\u00e9es via Bluetooth et aliment\u00e9s par batteries \u00e0 charge rapide. Le meuble mont\u00e9 sur roulettes permet une grande mobilit\u00e9 entre plusieurs postes de travail gr\u00e2ce \u00e0 l&#8217;absence totale de c\u00e2bles.<\/p>\n<ul>\n<li>Eco Cabinet\u00a0: cabine r\u00e9alis\u00e9e avec un mat\u00e9riau \u00e0 faible impact environnemental<\/li>\n<li>Portabilit\u00e9 sans compromis\u00a0: les nouveaux d\u00e9tecteurs CCD, l\u00e9gers et compacts, offrent une commodit\u00e9 maximale<\/li>\n<li>Technologie smart\u00a0: logiciel avec graphisme actualis\u00e9, interface utilisateur intuitive, animations et aides au r\u00e9glage, pour un travail rapide et efficace<\/li>\n<\/ul>\n<ul>\n<li>Les d\u00e9tecteurs avec clavier offrent une commande \u00e0 distance simple et intuitive, sans qu&#8217;il soit n\u00e9cessaire d&#8217;acc\u00e9der \u00e0 un PC ou \u00e0 un autre appareil.<\/li>\n<li>Les docks de recharge rapide pour les d\u00e9tecteurs sont situ\u00e9s sur les c\u00f4t\u00e9s de la cabine, ce qui les rend accessibles et faciles \u00e0 utiliser.<\/li>\n<li>La console mont\u00e9e sur roulettes contient l&#8217;ordinateur, l&#8217;imprimante et l&#8217;\u00e9cran.<\/li>\n<li>Transmission \u00e0 rayons infrarouges entre les d\u00e9tecteurs\u00a0; efficace m\u00eame dans des conditions d&#8217;\u00e9clairage critiques.<\/li>\n<li>Emplacement pratique pour griffes et accessoires.<\/li>\n<li>Les 3\u00a0LED sur les d\u00e9tecteurs indiquent clairement \u00e0 l&#8217;op\u00e9rateur quand les angles sont dans les valeurs requises. Les nouveaux d\u00e9tecteurs garantissent une lecture des angles jusqu&#8217;\u00e0 18\u00a0m\u00e8tres.<\/li>\n<li>Transmission Bluetooth entre les d\u00e9tecteurs CCD et la console avec PC.<\/li>\n<li>Programme de gestion et d&#8217;affichage des donn\u00e9es sous Microsoft Windows.<\/li>\n<li>Banque de donn\u00e9es internationale avec fiches techniques de v\u00e9hicules et possibilit\u00e9 de cr\u00e9er une base de donn\u00e9es clients pour enregistrer les interventions.<\/li>\n<li>Permet de mesurer rapidement et facilement les v\u00e9hicules \u00e0 essieux multiples. La proc\u00e9dure est guid\u00e9e et facile \u00e0 ex\u00e9cuter, m\u00eame pour les op\u00e9rateurs moins exp\u00e9riment\u00e9s.<\/li>\n<\/ul>\n<ul>\n<li>Le programme Movie simplifie la phase de r\u00e9glage, gr\u00e2ce \u00e0 une animation 3D qui guide l&#8217;op\u00e9rateur au cours de la proc\u00e9dure.<\/li>\n<li>Possibilit\u00e9 d&#8217;effectuer le d\u00e9voilage avec moteur allum\u00e9, sans devoir pousser le v\u00e9hicule.<\/li>\n<li>D\u00e9voilage simultan\u00e9 de plusieurs essieux gr\u00e2ce \u00e0 l&#8217;achat d&#8217;un jeu de griffes suppl\u00e9mentaire.<\/li>\n<\/ul>\n","protected":false},"excerpt":{"rendered":"<p>G\u00e9om\u00e9trie roues 6 CCD pour camions, avec capteurs standard | incl. griffes \u00e0 4 points, cabine ferm\u00e9e, plateaux pivotants et \u00e9cran LCD 22\u2033 | Gris (RAL 7040) | 1 x 230 V \/ 50 &#8211; 60 Hz<\/p>\n","protected":false},"featured_media":384684,"template":"","meta":[],"product_cat":[1033390],"product_tag":[1034145,1034128,1034197,1034262],"product_approvals":[],"product_application":[],"class_list":{"0":"post-384699","1":"product","2":"type-product","3":"status-publish","4":"has-post-thumbnail","6":"product_cat-geometries-des-roues-fr","7":"product_tag-buses-fr","8":"product_tag-trucks-fr","9":"product_tag-motor-homes-fr","10":"product_tag-remorques-fr","12":"first","13":"instock","14":"shipping-taxable","15":"product-type-simple"},"approvals":[],"application":[],"brb_media_brochure":[{"id":380577,"url":"https:\/\/dev.codekraft.it\/rotary-2024\/wp-content\/uploads\/brb_media\/00528233_wheel-aligner-speed8080-8060-de-2024-07-screen.pdf","title":"wheel aligner speed8080 8060 de 2024 07 screen","thumbnail":"https:\/\/dev.codekraft.it\/rotary-2024\/wp-content\/uploads\/brb_media\/00528233_wheel-aligner-speed8080-8060-de-2024-07-screen-pdf-106x150.png","description":""},{"id":380578,"url":"https:\/\/dev.codekraft.it\/rotary-2024\/wp-content\/uploads\/brb_media\/00528234_wheel-aligner-speed8080-8060-en-2024-07-screen.pdf","title":"wheel aligner speed8080 8060 en 2024 07 screen","thumbnail":"https:\/\/dev.codekraft.it\/rotary-2024\/wp-content\/uploads\/brb_media\/00528234_wheel-aligner-speed8080-8060-en-2024-07-screen-pdf-106x150.png","description":""},{"id":380579,"url":"https:\/\/dev.codekraft.it\/rotary-2024\/wp-content\/uploads\/brb_media\/00528235_wheel-aligner-speed8080-8060-fr-2024-07-screen.pdf","title":"wheel aligner speed8080 8060 fr 2024 07 screen","thumbnail":"https:\/\/dev.codekraft.it\/rotary-2024\/wp-content\/uploads\/brb_media\/00528235_wheel-aligner-speed8080-8060-fr-2024-07-screen-pdf-106x150.png","description":""},{"id":380580,"url":"https:\/\/dev.codekraft.it\/rotary-2024\/wp-content\/uploads\/brb_media\/00528236_wheel-aligner-speed8080-8060-it-2024-07-screen.pdf","title":"wheel aligner speed8080 8060 it 2024 07 screen","thumbnail":"https:\/\/dev.codekraft.it\/rotary-2024\/wp-content\/uploads\/brb_media\/00528236_wheel-aligner-speed8080-8060-it-2024-07-screen-pdf-106x150.png","description":""},{"id":380581,"url":"https:\/\/dev.codekraft.it\/rotary-2024\/wp-content\/uploads\/brb_media\/00528237_wheel-aligner-speed8080-8060-es-2024-07-screen.pdf","title":"wheel aligner speed8080 8060 es 2024 07 screen","thumbnail":"https:\/\/dev.codekraft.it\/rotary-2024\/wp-content\/uploads\/brb_media\/00528237_wheel-aligner-speed8080-8060-es-2024-07-screen-pdf-106x150.png","description":""},{"id":380582,"url":"https:\/\/dev.codekraft.it\/rotary-2024\/wp-content\/uploads\/brb_media\/00528238_wheel-aligner-speed8080-8060-ru-2024-07-screen.pdf","title":"wheel aligner speed8080 8060 ru 2024 07 screen","thumbnail":"https:\/\/dev.codekraft.it\/rotary-2024\/wp-content\/uploads\/brb_media\/00528238_wheel-aligner-speed8080-8060-ru-2024-07-screen-pdf-106x150.png","description":""},{"id":384646,"url":"https:\/\/dev.codekraft.it\/rotary-2024\/wp-content\/uploads\/brb_media\/00528381_wheel-aligner-ccd-accessories-speed8060-de-screen.pdf","title":"wheel aligner ccd accessories speed8060 de screen","thumbnail":"https:\/\/dev.codekraft.it\/rotary-2024\/wp-content\/uploads\/brb_media\/00528381_wheel-aligner-ccd-accessories-speed8060-de-screen-pdf-106x150.png","description":""},{"id":384647,"url":"https:\/\/dev.codekraft.it\/rotary-2024\/wp-content\/uploads\/brb_media\/00528382_wheel-aligner-ccd-accessories-speed8060-en-screen.pdf","title":"wheel aligner ccd accessories speed8060 en screen","thumbnail":"https:\/\/dev.codekraft.it\/rotary-2024\/wp-content\/uploads\/brb_media\/00528382_wheel-aligner-ccd-accessories-speed8060-en-screen-pdf-106x150.png","description":""},{"id":384648,"url":"https:\/\/dev.codekraft.it\/rotary-2024\/wp-content\/uploads\/brb_media\/00528383_wheel-aligner-ccd-accessories-speed8060-fr-screen.pdf","title":"wheel aligner ccd accessories speed8060 fr screen","thumbnail":"https:\/\/dev.codekraft.it\/rotary-2024\/wp-content\/uploads\/brb_media\/00528383_wheel-aligner-ccd-accessories-speed8060-fr-screen-pdf-106x150.png","description":""},{"id":384649,"url":"https:\/\/dev.codekraft.it\/rotary-2024\/wp-content\/uploads\/brb_media\/00528384_wheel-aligner-ccd-accessories-speed8060-it-screen.pdf","title":"wheel aligner ccd accessories speed8060 it screen","thumbnail":"https:\/\/dev.codekraft.it\/rotary-2024\/wp-content\/uploads\/brb_media\/00528384_wheel-aligner-ccd-accessories-speed8060-it-screen-pdf-106x150.png","description":""},{"id":384650,"url":"https:\/\/dev.codekraft.it\/rotary-2024\/wp-content\/uploads\/brb_media\/00528385_wheel-aligner-ccd-accessories-speed8060-es-screen.pdf","title":"wheel aligner ccd accessories speed8060 es screen","thumbnail":"https:\/\/dev.codekraft.it\/rotary-2024\/wp-content\/uploads\/brb_media\/00528385_wheel-aligner-ccd-accessories-speed8060-es-screen-pdf-106x150.png","description":""},{"id":384651,"url":"https:\/\/dev.codekraft.it\/rotary-2024\/wp-content\/uploads\/brb_media\/00528386_wheel-aligner-ccd-accessories-speed8060-ru-screen.pdf","title":"wheel aligner ccd accessories speed8060 ru screen","thumbnail":"https:\/\/dev.codekraft.it\/rotary-2024\/wp-content\/uploads\/brb_media\/00528386_wheel-aligner-ccd-accessories-speed8060-ru-screen-pdf-106x150.png","description":""}],"brb_media_drawing":"","brb_media_manuals":[{"id":380589,"url":"https:\/\/dev.codekraft.it\/rotary-2024\/wp-content\/uploads\/brb_media\/00539875_wheel-aligner-ravtd808-ravtd806-rotsp808-rotsp806-spaart98-spaart86-im-2015-m362-00_vsg_00_rev00_multi-2024-04.pdf","title":"Wheel Aligner RAVTD808 RAVTD806 ROTSP808 ROTSP806 SPAART98 SPAART86 IM 2015 M362 00 VSG 00 rev00 multi 2024 04","thumbnail":"https:\/\/dev.codekraft.it\/rotary-2024\/wp-content\/uploads\/brb_media\/00539875_wheel-aligner-ravtd808-ravtd806-rotsp808-rotsp806-spaart98-spaart86-im-2015-m362-00_vsg_00_rev00_multi-2024-04-pdf-106x150.png","description":""}],"brb_media_safety_datasheets":"","brb_media_spare_parts":[],"_cdmm_p_id":"503987","_company":"Elektron","_gtin":"5063084700612","accessories":[{"id":380657,"cdmm_p_id":"490311","name":"Griffes de roue Camion | \u00e0 3 punti | \u00d8 des pneus 890 &#8211; 1290 mm","description":"Graffe autocarro speciali, con bloccaggio rapido, per evitare la compensazione, in appoggio su flangia cerchio | 1 jeu \/ 2 pi\u00e8ces","thumbnail":"https:\/\/dev.codekraft.it\/rotary-2024\/wp-content\/uploads\/brb_media\/00528305_wheel-aligners-stda92-mi-01-150x150.png","url":"https:\/\/dev.codekraft.it\/rotary-2024\/fr\/produits\/accessoires-diagnostic-fr\/accessoires-controles-de-geometrie-fr\/griffes-de-roue-camion-a-3-punti-o-des-pneus-890-1290-mm\/"},{"id":383697,"cdmm_p_id":"502265","name":"Rallonges 200 mm","description":"Pour griffe de roue de camion STDA92 | 1 jeu \/ 6 pi\u00e8ces","thumbnail":"https:\/\/dev.codekraft.it\/rotary-2024\/wp-content\/uploads\/brb_media\/00528329_wheel-aligner-stda92a1-mi-150x150.png","url":"https:\/\/dev.codekraft.it\/rotary-2024\/fr\/produits\/accessoires-diagnostic-fr\/accessoires-controles-de-geometrie-fr\/rallonges-200-mm\/"},{"id":383795,"cdmm_p_id":"502301","name":"Bras de blocage rapide STDA55","description":"Pour transformation des griffes PL \u00e0 4 points STDA30E en griffes en appui STDA48E | incl. ongles metalliques en appui | \u00d8 des pneus 780 - 1220 mm | 1 jeu \/ 2 pi\u00e8ces","thumbnail":"https:\/\/dev.codekraft.it\/rotary-2024\/wp-content\/uploads\/brb_media\/00528325_wheel-aligner-stda55-mi-150x150.png","url":"https:\/\/dev.codekraft.it\/rotary-2024\/fr\/produits\/accessoires-diagnostic-fr\/accessoires-controles-de-geometrie-fr\/bras-de-blocage-rapide-stda55\/"},{"id":379805,"cdmm_p_id":"472285","name":"Jauge de hauteur et de niveau","description":"Jauge de hauteur et de niveau (option)","thumbnail":"https:\/\/dev.codekraft.it\/rotary-2024\/wp-content\/uploads\/brb_media\/00528316_wheel-aligner-stda23-bth-mi-150x150.png","url":"https:\/\/dev.codekraft.it\/rotary-2024\/fr\/produits\/accessoires-diagnostic-fr\/accessoires-controles-de-geometrie-fr\/jauge-de-hauteur-et-de-niveau\/"},{"id":383609,"cdmm_p_id":"502218","name":"Goniom\u00e8tres pour plateaux pivotants de poids lourds STDA29L","description":"Echelle gradu\u00e9e pour aligneurs de roue | 1 jeu \/ 2 pi\u00e8ces","thumbnail":"https:\/\/dev.codekraft.it\/rotary-2024\/wp-content\/uploads\/brb_media\/00528323_wheel-aligner-stda44l-mi-150x150.png","url":"https:\/\/dev.codekraft.it\/rotary-2024\/fr\/produits\/accessoires-diagnostic-fr\/accessoires-controles-de-geometrie-fr\/goniometres-pour-plateaux-pivotants-de-poids-lourds-stda29l\/"},{"id":381643,"cdmm_p_id":"497592","name":"Sous-ch\u00e2ssis pour la mesure de remorque","description":"","thumbnail":"https:\/\/dev.codekraft.it\/rotary-2024\/wp-content\/uploads\/brb_media\/00528324_wheel-aligner-stda49n-mi-150x150.png","url":"https:\/\/dev.codekraft.it\/rotary-2024\/fr\/produits\/accessoires-diagnostic-fr\/accessoires-controles-de-geometrie-fr\/sous-chassis-pour-la-mesure-de-remorque\/"},{"id":383739,"cdmm_p_id":"502281","name":"Outil d&#039;\u00e9talonnage Standard | pour s\u00e9rie WS et WD","description":"Syst\u00e8me d'\u00e9talonnage, seulement pour s\u00e9rie WS et WD, remplace STDA14","thumbnail":"https:\/\/dev.codekraft.it\/rotary-2024\/wp-content\/uploads\/brb_media\/00513153_wheel-aligner-stda163-mi-150x150.png","url":"https:\/\/dev.codekraft.it\/rotary-2024\/fr\/produits\/accessoires-diagnostic-fr\/accessoires-controles-de-geometrie-fr\/outil-detalonnage-standard-pour-serie-ws-et-wd\/"},{"id":383164,"cdmm_p_id":"502008","name":"Kit access point pour application tablet","description":"Point d'acc\u00e8s Wi-Fi | STDA141 requis","thumbnail":"https:\/\/dev.codekraft.it\/rotary-2024\/wp-content\/uploads\/brb_media\/00528338_wheel-aligner-stda142-mi-150x150.png","url":"https:\/\/dev.codekraft.it\/rotary-2024\/fr\/produits\/accessoires-diagnostic-fr\/accessoires-controles-de-geometrie-fr\/kit-access-point-pour-application-tablet\/"},{"id":381732,"cdmm_p_id":"499589","name":"Logiciel de connectivit\u00e9 interne atelier TEq-Link","description":"Logiciel permettant de connecter des \u00e9quipements dans l'atelier et de surveiller leur utilisation, de g\u00e9rer la maintenance pr\u00e9ventive, d'envoyer des rapports par courrier \u00e9lectronique et bien plus encore.","thumbnail":"https:\/\/dev.codekraft.it\/rotary-2024\/wp-content\/uploads\/brb_media\/00409445-150x150.png","url":"https:\/\/dev.codekraft.it\/rotary-2024\/fr\/produits\/diagnostic-fr\/connected-workshop-fr\/logiciel-de-connectivite-interne-atelier-teq-link\/"},{"id":379812,"cdmm_p_id":"472293","name":"Token Aligner Connect","description":"Affichage \u00e0 distance sur appareil mobile | pour utilisation de l'app de visualisation pour tablet et smartphone","thumbnail":"https:\/\/dev.codekraft.it\/rotary-2024\/wp-content\/uploads\/brb_media\/00528337_wheel-aligner-stda141-mi-150x150.png","url":"https:\/\/dev.codekraft.it\/rotary-2024\/fr\/produits\/accessoires-diagnostic-fr\/accessoires-controles-de-geometrie-fr\/token-aligner-connect-3\/"},{"id":383764,"cdmm_p_id":"502287","name":"Token","description":"Activation le programme de r\u00e9glage de suspension \u00e0 double triangulation \u00ab Double Wishbone \u00bb","thumbnail":"https:\/\/dev.codekraft.it\/rotary-2024\/wp-content\/uploads\/brb_media\/00528351_wheel-aligner-stdawishbone-mi-150x150.png","url":"https:\/\/dev.codekraft.it\/rotary-2024\/fr\/produits\/accessoires-diagnostic-fr\/accessoires-controles-de-geometrie-fr\/token-21\/"},{"id":381693,"cdmm_p_id":"499586","name":"Token","description":"Cl\u00e9 virtuelle pour la consultation de la base de donn\u00e9es en ligne sur demande du Bureau f\u00e9d\u00e9ral allemand des v\u00e9hicules motoris\u00e9s et des conducteurs (KBA) | incl. 200 requ\u00eates","thumbnail":"https:\/\/dev.codekraft.it\/rotary-2024\/wp-content\/uploads\/brb_media\/00510471_wheel-aligners-shootgo-mi-150x150.png","url":"https:\/\/dev.codekraft.it\/rotary-2024\/fr\/produits\/accessoires-diagnostic-fr\/accessoires-controles-de-geometrie-fr\/token-9\/"},{"id":380102,"cdmm_p_id":"477148","name":"Cr\u00e9dit de requ\u00eate de base de donn\u00e9es Shoot &amp; Go 200","description":"Pack de cr\u00e9dits pour consulter la base de donn\u00e9es en ligne sur demande KBA (Bureau f\u00e9d\u00e9ral allemand des v\u00e9hicules motoris\u00e9s et des conducteurs) | 200 requ\u00eates","thumbnail":"https:\/\/dev.codekraft.it\/rotary-2024\/wp-content\/uploads\/brb_media\/00510471_wheel-aligners-shootgo-mi-150x150.png","url":"https:\/\/dev.codekraft.it\/rotary-2024\/fr\/produits\/accessoires-diagnostic-fr\/accessoires-controles-de-geometrie-fr\/credit-de-requete-de-base-de-donnees-shoot-go-200\/"},{"id":380687,"cdmm_p_id":"490346","name":"Cr\u00e9dit de requ\u00eate de base de donn\u00e9es Shoot &amp; Go 500","description":"Pack de cr\u00e9dits pour consulter la base de donn\u00e9es en ligne sur demande KBA (Bureau f\u00e9d\u00e9ral allemand des v\u00e9hicules motoris\u00e9s et des conducteurs) | 500 requ\u00eates","thumbnail":"https:\/\/dev.codekraft.it\/rotary-2024\/wp-content\/uploads\/brb_media\/00510471_wheel-aligners-shootgo-mi-150x150.png","url":"https:\/\/dev.codekraft.it\/rotary-2024\/fr\/produits\/accessoires-diagnostic-fr\/accessoires-controles-de-geometrie-fr\/credit-de-requete-de-base-de-donnees-shoot-go-500\/"},{"id":385056,"cdmm_p_id":"504694","name":"Cr\u00e9dit de requ\u00eate de base de donn\u00e9es Shoot &amp; Go 350","description":"Pack de cr\u00e9dits pour consulter la base de donn\u00e9es en ligne sur demande KBA (Bureau f\u00e9d\u00e9ral allemand des v\u00e9hicules motoris\u00e9s et des conducteurs) | 350 requ\u00eates","thumbnail":"https:\/\/dev.codekraft.it\/rotary-2024\/wp-content\/uploads\/brb_media\/00510471_wheel-aligners-shootgo-mi-150x150.png","url":"https:\/\/dev.codekraft.it\/rotary-2024\/fr\/produits\/accessoires-diagnostic-fr\/accessoires-controles-de-geometrie-fr\/credit-de-requete-de-base-de-donnees-shoot-go-350\/"}],"components":[],"related":[],"similar":[{"id":384653,"cdmm_p_id":"503980","name":"G\u00e9om\u00e9trie CCD SPEED8060PTWSR.4","description":"G\u00e9om\u00e9trie roues 6 CCD pour camions, avec capteurs surbaiss\u00e9s | incl. griffes \u00e0 4 points, cabine ferm\u00e9e, plateaux pivotants et \u00e9cran LCD 22\u2033 | Rouge (RAL 3002) | 1 x 230 V \/ 50 - 60 Hz","thumbnail":"https:\/\/dev.codekraft.it\/rotary-2024\/wp-content\/uploads\/brb_media\/00523708_wheel-aligner-speed8060ptwsr-side-mi-150x150.png","url":"https:\/\/dev.codekraft.it\/rotary-2024\/fr\/produits\/diagnostic-fr\/geometries-des-roues-fr\/geometrie-ccd-speed8060ptwsr-4\/"},{"id":384659,"cdmm_p_id":"503981","name":"G\u00e9om\u00e9trie CCD SPEED8060PTWS.4","description":"G\u00e9om\u00e9trie roues 6 CCD pour camions, avec capteurs standard | incl. griffes \u00e0 4 points, cabine ferm\u00e9e, plateaux pivotants et \u00e9cran LCD 22\u2033 | Rouge (RAL 3002) | 1 x 230 V \/ 50 - 60 Hz","thumbnail":"https:\/\/dev.codekraft.it\/rotary-2024\/wp-content\/uploads\/brb_media\/00523709_wheel-aligner-speed8060ptws-side-mi-150x150.png","url":"https:\/\/dev.codekraft.it\/rotary-2024\/fr\/produits\/diagnostic-fr\/geometries-des-roues-fr\/geometrie-ccd-speed8060ptws-4\/"},{"id":384665,"cdmm_p_id":"503982","name":"G\u00e9om\u00e9trie CCD SPEED8060PTWSR.3","description":"G\u00e9om\u00e9trie roues 6 CCD pour camions, avec capteurs surbaiss\u00e9s | incl. griffes \u00e0 3 points, cabine ferm\u00e9e, plateaux pivotants et \u00e9cran LCD 22\u2033 | Rouge (RAL 3002) | 1 x 230 V \/ 50 - 60 Hz","thumbnail":"https:\/\/dev.codekraft.it\/rotary-2024\/wp-content\/uploads\/brb_media\/00523708_wheel-aligner-speed8060ptwsr-side-mi-150x150.png","url":"https:\/\/dev.codekraft.it\/rotary-2024\/fr\/produits\/diagnostic-fr\/geometries-des-roues-fr\/geometrie-ccd-speed8060ptwsr-3\/"},{"id":384671,"cdmm_p_id":"503983","name":"G\u00e9om\u00e9trie CCD SPEED8060PTWS.3","description":"G\u00e9om\u00e9trie roues 6 CCD pour camions, avec capteurs standard | incl. griffes \u00e0 3 points, cabine ferm\u00e9e, plateaux pivotants et \u00e9cran LCD 22\u2033 | Rouge (RAL 3002) | 1 x 230 V \/ 50 - 60 Hz","thumbnail":"https:\/\/dev.codekraft.it\/rotary-2024\/wp-content\/uploads\/brb_media\/00523709_wheel-aligner-speed8060ptws-side-mi-150x150.png","url":"https:\/\/dev.codekraft.it\/rotary-2024\/fr\/produits\/diagnostic-fr\/geometries-des-roues-fr\/geometrie-ccd-speed8060ptws-3\/"},{"id":384679,"cdmm_p_id":"503984","name":"G\u00e9om\u00e9trie CCD SPEED8060PTWSR.3 (gris)","description":"G\u00e9om\u00e9trie roues 6 CCD pour camions, avec capteurs surbaiss\u00e9s | incl. griffes \u00e0 3 points, cabine ferm\u00e9e, plateaux pivotants et \u00e9cran LCD 22\u2033 | Gris (RAL 7040) | 1 x 230 V \/ 50 - 60 Hz","thumbnail":"https:\/\/dev.codekraft.it\/rotary-2024\/wp-content\/uploads\/brb_media\/00539827_wheel-aligner-speed-8060ptwsr-side02-ral7040-mi-150x150.png","url":"https:\/\/dev.codekraft.it\/rotary-2024\/fr\/produits\/diagnostic-fr\/geometries-des-roues-fr\/geometrie-ccd-speed8060ptwsr-3-gris\/"},{"id":384687,"cdmm_p_id":"503985","name":"G\u00e9om\u00e9trie CCD SPEED8060PTWS.3 (gris)","description":"G\u00e9om\u00e9trie roues 6 CCD pour camions, avec capteurs standard | incl. griffes \u00e0 3 points, cabine ferm\u00e9e, plateaux pivotants et \u00e9cran LCD 22\u2033 | Gris (RAL 7040) | 1 x 230 V \/ 50 - 60 Hz","thumbnail":"https:\/\/dev.codekraft.it\/rotary-2024\/wp-content\/uploads\/brb_media\/00539825_wheel-aligner-speed-8060ptws-side-ral7040-mi-150x150.png","url":"https:\/\/dev.codekraft.it\/rotary-2024\/fr\/produits\/diagnostic-fr\/geometries-des-roues-fr\/geometrie-ccd-speed8060ptws-3-gris\/"},{"id":384693,"cdmm_p_id":"503986","name":"G\u00e9om\u00e9trie CCD SPEED8060PTWSR.4 (gris)","description":"G\u00e9om\u00e9trie roues 6 CCD pour camions, avec capteurs surbaiss\u00e9s | incl. griffes \u00e0 4 points, cabine ferm\u00e9e, plateaux pivotants et \u00e9cran LCD 22\u2033 | Gris (RAL 7040) | 1 x 230 V \/ 50 - 60 Hz","thumbnail":"https:\/\/dev.codekraft.it\/rotary-2024\/wp-content\/uploads\/brb_media\/00539827_wheel-aligner-speed-8060ptwsr-side02-ral7040-mi-150x150.png","url":"https:\/\/dev.codekraft.it\/rotary-2024\/fr\/produits\/diagnostic-fr\/geometries-des-roues-fr\/geometrie-ccd-speed8060ptwsr-4-gris\/"}],"lang":"fr","translations":{"fr":384699,"en":384697,"de":384698,"it":384700,"es":384701,"ru":384702},"pll_sync_post":[],"_links":{"self":[{"href":"https:\/\/dev.codekraft.it\/rotary-2024\/wp-json\/wp\/v2\/product\/384699","targetHints":{"allow":["GET"]}}],"collection":[{"href":"https:\/\/dev.codekraft.it\/rotary-2024\/wp-json\/wp\/v2\/product"}],"about":[{"href":"https:\/\/dev.codekraft.it\/rotary-2024\/wp-json\/wp\/v2\/types\/product"}],"wp:featuredmedia":[{"embeddable":true,"href":"https:\/\/dev.codekraft.it\/rotary-2024\/wp-json\/wp\/v2\/media\/384684"}],"wp:attachment":[{"href":"https:\/\/dev.codekraft.it\/rotary-2024\/wp-json\/wp\/v2\/media?parent=384699"}],"wp:term":[{"taxonomy":"product_cat","embeddable":true,"href":"https:\/\/dev.codekraft.it\/rotary-2024\/wp-json\/wp\/v2\/product_cat?post=384699"},{"taxonomy":"product_tag","embeddable":true,"href":"https:\/\/dev.codekraft.it\/rotary-2024\/wp-json\/wp\/v2\/product_tag?post=384699"},{"taxonomy":"product_approvals","embeddable":true,"href":"https:\/\/dev.codekraft.it\/rotary-2024\/wp-json\/wp\/v2\/product_approvals?post=384699"},{"taxonomy":"product_application","embeddable":true,"href":"https:\/\/dev.codekraft.it\/rotary-2024\/wp-json\/wp\/v2\/product_application?post=384699"}],"curies":[{"name":"wp","href":"https:\/\/api.w.org\/{rel}","templated":true}]}}