{"id":384698,"date":"2025-09-08T08:40:20","date_gmt":"2025-09-08T08:40:20","guid":{"rendered":"https:\/\/dev.codekraft.it\/rotary-2024\/products\/uncategorized\/ccd-achsmessgerat-speed8060ptws-4-grau\/"},"modified":"2025-09-08T08:40:20","modified_gmt":"2025-09-08T08:40:20","slug":"ccd-achsmessgerat-speed8060ptws-4-grau","status":"publish","type":"product","link":"https:\/\/dev.codekraft.it\/rotary-2024\/produkte\/diagnose-de\/achsmessgerate-de\/ccd-achsmessgerat-speed8060ptws-4-grau\/","title":{"rendered":"CCD-Achsmessger\u00e4t SPEED8060PTWS.4 (grau)"},"content":{"rendered":"<p>Mit CCD-Sensoren ausgestattete Achsmessger\u00e4te, Daten\u00fcbertragung \u00fcber Bluetooth und Stromversorgung durch schnell aufladbare Batterien. Der Fahrwagen gestattet dank des v\u00f6lligen Fehlens von Kabeln eine umfassende Mobilit\u00e4t zwischen mehreren Arbeitspl\u00e4tzen.<\/p>\n<ul>\n<li>Eco Cabinet: Fahrwagen aus Materialien mit geringer Umweltbelastung<\/li>\n<li>\u00dcbertragbarkeit ohne Kompromisse: Die neuen leichten und kompakten CCD-Sensoren bieten ein H\u00f6chstma\u00df an Bedienkomfort<\/li>\n<li>Intelligente Technologie: Software mit verbesserten Grafiken, intuitiver Benutzeroberfl\u00e4che, Animationen und Einstellungshilfen f\u00fcr schnelles und effektives Arbeiten<\/li>\n<\/ul>\n<ul>\n<li>Die mit einer Tastatur ausgestatteten Sensoren bieten eine einfache und intuitive Fernbedienung, ohne dass ein Zugang zu einem PC oder einem anderen Ger\u00e4t erforderlich ist.<\/li>\n<li>Die Schnellladestationen f\u00fcr die Sensoren befinden sich an den Fahrwagenseiten, wodurch sie leicht zug\u00e4nglich und einfach zu verwenden sind.<\/li>\n<li>Die Konsole mit Fahrgestell enth\u00e4lt den Computer, den Drucker und den Bildschirm.<\/li>\n<li>Infrarot\u00fcbertragung zwischen den Sensoren; auch bei kritischen Lichtverh\u00e4ltnissen effizient.<\/li>\n<li>Praktisches Aufbewahrungsfach f\u00fcr Radklemmen und Zubeh\u00f6r.<\/li>\n<li>Die 3 LEDs an den Sensoren zeigen dem Bediener deutlich an, wenn die Winkel innerhalb der vorgegebenen Werte liegen. Die neuen Sensoren erm\u00f6glichen Winkelmessungen von bis zu 18 Metern.<\/li>\n<li>Bluetooth-\u00dcbertragung zwischen CCD-Sensoren und PC-Konsole.<\/li>\n<li>Datenverwaltungs- und Visualisierungsprogramm in Microsoft Windows-Umgebung.<\/li>\n<li>Internationale Datenbank mit technischen Daten der Fahrzeuge und M\u00f6glichkeit der Erstellung einer Kundendatenbank zum Speichern der Protokolle.<\/li>\n<li>Erm\u00f6glicht die schnelle und einfache Vermessung von Fahrzeugen mit mehreren Achsen. Das Verfahren ist gef\u00fchrt und leicht zu befolgen, auch f\u00fcr weniger erfahrene Bediener.<\/li>\n<\/ul>\n<ul>\n<li>Durch das Movie-Programm wird die Erfassungsphase dank animierter 3D-Grafiken, die den Bediener durch den gesamten Ablauf f\u00fchren, vereinfacht.<\/li>\n<li>Die Laufabweichung kann mit eingeschaltetem Motor durchgef\u00fchrt werden, ohne, dass das Fahrzeug geschoben werden muss.<\/li>\n<li>Mit dem Erwerb eines zus\u00e4tzlichen Satzes von Radklemmen kann die Laufabweichung f\u00fcr mehrere Achsen gleichzeitig durchgef\u00fchrt werden.<\/li>\n<\/ul>\n","protected":false},"excerpt":{"rendered":"<p>6-CCD-Achsvermessung f\u00fcr Lkw, mit Standard-Sensoren | inkl. 4-Punkt-Radklammern, geschlossenem Fahrwagen, Drehtellern und 22\u2033-LCD-Display | Grau (RAL 7040) | 1 x 230 V \/ 50 &#8211; 60 Hz<\/p>\n","protected":false},"featured_media":384684,"template":"","meta":[],"product_cat":[1033370],"product_tag":[1034260,1034143,1034126,1034195],"product_approvals":[],"product_application":[],"class_list":{"0":"post-384698","1":"product","2":"type-product","3":"status-publish","4":"has-post-thumbnail","6":"product_cat-achsmessgerate-de","7":"product_tag-anhanger-de","8":"product_tag-buses-de","9":"product_tag-trucks-de","10":"product_tag-motor-homes-de","12":"first","13":"instock","14":"shipping-taxable","15":"product-type-simple"},"approvals":[],"application":[],"brb_media_brochure":[{"id":380577,"url":"https:\/\/dev.codekraft.it\/rotary-2024\/wp-content\/uploads\/brb_media\/00528233_wheel-aligner-speed8080-8060-de-2024-07-screen.pdf","title":"wheel aligner speed8080 8060 de 2024 07 screen","thumbnail":"https:\/\/dev.codekraft.it\/rotary-2024\/wp-content\/uploads\/brb_media\/00528233_wheel-aligner-speed8080-8060-de-2024-07-screen-pdf-106x150.png","description":""},{"id":380578,"url":"https:\/\/dev.codekraft.it\/rotary-2024\/wp-content\/uploads\/brb_media\/00528234_wheel-aligner-speed8080-8060-en-2024-07-screen.pdf","title":"wheel aligner speed8080 8060 en 2024 07 screen","thumbnail":"https:\/\/dev.codekraft.it\/rotary-2024\/wp-content\/uploads\/brb_media\/00528234_wheel-aligner-speed8080-8060-en-2024-07-screen-pdf-106x150.png","description":""},{"id":380579,"url":"https:\/\/dev.codekraft.it\/rotary-2024\/wp-content\/uploads\/brb_media\/00528235_wheel-aligner-speed8080-8060-fr-2024-07-screen.pdf","title":"wheel aligner speed8080 8060 fr 2024 07 screen","thumbnail":"https:\/\/dev.codekraft.it\/rotary-2024\/wp-content\/uploads\/brb_media\/00528235_wheel-aligner-speed8080-8060-fr-2024-07-screen-pdf-106x150.png","description":""},{"id":380580,"url":"https:\/\/dev.codekraft.it\/rotary-2024\/wp-content\/uploads\/brb_media\/00528236_wheel-aligner-speed8080-8060-it-2024-07-screen.pdf","title":"wheel aligner speed8080 8060 it 2024 07 screen","thumbnail":"https:\/\/dev.codekraft.it\/rotary-2024\/wp-content\/uploads\/brb_media\/00528236_wheel-aligner-speed8080-8060-it-2024-07-screen-pdf-106x150.png","description":""},{"id":380581,"url":"https:\/\/dev.codekraft.it\/rotary-2024\/wp-content\/uploads\/brb_media\/00528237_wheel-aligner-speed8080-8060-es-2024-07-screen.pdf","title":"wheel aligner speed8080 8060 es 2024 07 screen","thumbnail":"https:\/\/dev.codekraft.it\/rotary-2024\/wp-content\/uploads\/brb_media\/00528237_wheel-aligner-speed8080-8060-es-2024-07-screen-pdf-106x150.png","description":""},{"id":380582,"url":"https:\/\/dev.codekraft.it\/rotary-2024\/wp-content\/uploads\/brb_media\/00528238_wheel-aligner-speed8080-8060-ru-2024-07-screen.pdf","title":"wheel aligner speed8080 8060 ru 2024 07 screen","thumbnail":"https:\/\/dev.codekraft.it\/rotary-2024\/wp-content\/uploads\/brb_media\/00528238_wheel-aligner-speed8080-8060-ru-2024-07-screen-pdf-106x150.png","description":""},{"id":384646,"url":"https:\/\/dev.codekraft.it\/rotary-2024\/wp-content\/uploads\/brb_media\/00528381_wheel-aligner-ccd-accessories-speed8060-de-screen.pdf","title":"wheel aligner ccd accessories speed8060 de screen","thumbnail":"https:\/\/dev.codekraft.it\/rotary-2024\/wp-content\/uploads\/brb_media\/00528381_wheel-aligner-ccd-accessories-speed8060-de-screen-pdf-106x150.png","description":""},{"id":384647,"url":"https:\/\/dev.codekraft.it\/rotary-2024\/wp-content\/uploads\/brb_media\/00528382_wheel-aligner-ccd-accessories-speed8060-en-screen.pdf","title":"wheel aligner ccd accessories speed8060 en screen","thumbnail":"https:\/\/dev.codekraft.it\/rotary-2024\/wp-content\/uploads\/brb_media\/00528382_wheel-aligner-ccd-accessories-speed8060-en-screen-pdf-106x150.png","description":""},{"id":384648,"url":"https:\/\/dev.codekraft.it\/rotary-2024\/wp-content\/uploads\/brb_media\/00528383_wheel-aligner-ccd-accessories-speed8060-fr-screen.pdf","title":"wheel aligner ccd accessories speed8060 fr screen","thumbnail":"https:\/\/dev.codekraft.it\/rotary-2024\/wp-content\/uploads\/brb_media\/00528383_wheel-aligner-ccd-accessories-speed8060-fr-screen-pdf-106x150.png","description":""},{"id":384649,"url":"https:\/\/dev.codekraft.it\/rotary-2024\/wp-content\/uploads\/brb_media\/00528384_wheel-aligner-ccd-accessories-speed8060-it-screen.pdf","title":"wheel aligner ccd accessories speed8060 it screen","thumbnail":"https:\/\/dev.codekraft.it\/rotary-2024\/wp-content\/uploads\/brb_media\/00528384_wheel-aligner-ccd-accessories-speed8060-it-screen-pdf-106x150.png","description":""},{"id":384650,"url":"https:\/\/dev.codekraft.it\/rotary-2024\/wp-content\/uploads\/brb_media\/00528385_wheel-aligner-ccd-accessories-speed8060-es-screen.pdf","title":"wheel aligner ccd accessories speed8060 es screen","thumbnail":"https:\/\/dev.codekraft.it\/rotary-2024\/wp-content\/uploads\/brb_media\/00528385_wheel-aligner-ccd-accessories-speed8060-es-screen-pdf-106x150.png","description":""},{"id":384651,"url":"https:\/\/dev.codekraft.it\/rotary-2024\/wp-content\/uploads\/brb_media\/00528386_wheel-aligner-ccd-accessories-speed8060-ru-screen.pdf","title":"wheel aligner ccd accessories speed8060 ru screen","thumbnail":"https:\/\/dev.codekraft.it\/rotary-2024\/wp-content\/uploads\/brb_media\/00528386_wheel-aligner-ccd-accessories-speed8060-ru-screen-pdf-106x150.png","description":""}],"brb_media_drawing":"","brb_media_manuals":[{"id":380589,"url":"https:\/\/dev.codekraft.it\/rotary-2024\/wp-content\/uploads\/brb_media\/00539875_wheel-aligner-ravtd808-ravtd806-rotsp808-rotsp806-spaart98-spaart86-im-2015-m362-00_vsg_00_rev00_multi-2024-04.pdf","title":"Wheel Aligner RAVTD808 RAVTD806 ROTSP808 ROTSP806 SPAART98 SPAART86 IM 2015 M362 00 VSG 00 rev00 multi 2024 04","thumbnail":"https:\/\/dev.codekraft.it\/rotary-2024\/wp-content\/uploads\/brb_media\/00539875_wheel-aligner-ravtd808-ravtd806-rotsp808-rotsp806-spaart98-spaart86-im-2015-m362-00_vsg_00_rev00_multi-2024-04-pdf-106x150.png","description":""}],"brb_media_safety_datasheets":"","brb_media_spare_parts":[],"_cdmm_p_id":"503987","_company":"Elektron","_gtin":"5063084700612","accessories":[{"id":380656,"cdmm_p_id":"490311","name":"Radklammern Lkw | 3-Punkt | Reifen-\u00d8 890 &#8211; 1290 mm","description":"Spezielle Lkw-Schnellspannhalter zur Vermeidung von Kompensationen, mit Nabenansatz | 1 Satz \/ 2 St\u00fcck","thumbnail":"https:\/\/dev.codekraft.it\/rotary-2024\/wp-content\/uploads\/brb_media\/00528305_wheel-aligners-stda92-mi-01-150x150.png","url":"https:\/\/dev.codekraft.it\/rotary-2024\/produkte\/zubehor-diagnose-de\/zubehor-achsmessgerate-de\/radklammern-lkw-3-punkt-reifen-o-890-1290-mm\/"},{"id":383696,"cdmm_p_id":"502265","name":"Distanzh\u00fclsen 200 mm","description":"F\u00fcr Lkw-Radklammern STDA92 | 1 Satz \/ 6 St\u00fcck","thumbnail":"https:\/\/dev.codekraft.it\/rotary-2024\/wp-content\/uploads\/brb_media\/00528329_wheel-aligner-stda92a1-mi-150x150.png","url":"https:\/\/dev.codekraft.it\/rotary-2024\/produkte\/zubehor-diagnose-de\/zubehor-achsmessgerate-de\/distanzhulsen-200-mm\/"},{"id":383794,"cdmm_p_id":"502301","name":"Schnellradspanner STDA55","description":"zur Aufr\u00fcstung von 4-Punkt-Haltern STDA30E auf die STDA48E | inkl. Metallfinger | Reifen-\u00d8 780 - 1220 mm| 1 Satz \/ 2 St\u00fcck","thumbnail":"https:\/\/dev.codekraft.it\/rotary-2024\/wp-content\/uploads\/brb_media\/00528325_wheel-aligner-stda55-mi-150x150.png","url":"https:\/\/dev.codekraft.it\/rotary-2024\/produkte\/zubehor-diagnose-de\/zubehor-achsmessgerate-de\/schnellradspanner-stda55\/"},{"id":379804,"cdmm_p_id":"472285","name":"Niveau- und H\u00f6henstandsmessger\u00e4t","description":"Niveau- und H\u00f6henstandsmessung (Option)","thumbnail":"https:\/\/dev.codekraft.it\/rotary-2024\/wp-content\/uploads\/brb_media\/00528316_wheel-aligner-stda23-bth-mi-150x150.png","url":"https:\/\/dev.codekraft.it\/rotary-2024\/produkte\/zubehor-diagnose-de\/zubehor-achsmessgerate-de\/niveau-und-hohenstandsmessgerat\/"},{"id":383608,"cdmm_p_id":"502218","name":"Winkelmesser f\u00fcr Lkw-Drehteller STDA29L","description":"Zubeh\u00f6r f\u00fcr Achsmessger\u00e4te | 1 Satz \/ 2 St\u00fcck","thumbnail":"https:\/\/dev.codekraft.it\/rotary-2024\/wp-content\/uploads\/brb_media\/00528323_wheel-aligner-stda44l-mi-150x150.png","url":"https:\/\/dev.codekraft.it\/rotary-2024\/produkte\/zubehor-diagnose-de\/zubehor-achsmessgerate-de\/winkelmesser-fur-lkw-drehteller-stda29l\/"},{"id":381642,"cdmm_p_id":"497592","name":"Hilfsrahmen zur Anh\u00e4nger-Vermessung","description":"","thumbnail":"https:\/\/dev.codekraft.it\/rotary-2024\/wp-content\/uploads\/brb_media\/00528324_wheel-aligner-stda49n-mi-150x150.png","url":"https:\/\/dev.codekraft.it\/rotary-2024\/produkte\/zubehor-diagnose-de\/zubehor-achsmessgerate-de\/hilfsrahmen-zur-anhanger-vermessung\/"},{"id":383738,"cdmm_p_id":"502281","name":"Kalibriervorrichtung Standard | WS und WD Serie","description":"Nur f\u00fcr WS und WD Serie, ersetzt STDA14","thumbnail":"https:\/\/dev.codekraft.it\/rotary-2024\/wp-content\/uploads\/brb_media\/00513153_wheel-aligner-stda163-mi-150x150.png","url":"https:\/\/dev.codekraft.it\/rotary-2024\/produkte\/zubehor-diagnose-de\/zubehor-achsmessgerate-de\/kalibriervorrichtung-standard-ws-und-wd-serie\/"},{"id":383163,"cdmm_p_id":"502008","name":"Kit access point f\u00fcr Nutzung der Fernbedienungs-App","description":"WLAN-Zugangspunkt","thumbnail":"https:\/\/dev.codekraft.it\/rotary-2024\/wp-content\/uploads\/brb_media\/00528338_wheel-aligner-stda142-mi-150x150.png","url":"https:\/\/dev.codekraft.it\/rotary-2024\/produkte\/zubehor-diagnose-de\/zubehor-achsmessgerate-de\/kit-access-point-fur-nutzung-der-fernbedienungs-app\/"},{"id":381730,"cdmm_p_id":"499589","name":"Software f\u00fcr Werkstattkonnektivit\u00e4t TEq-Link","description":"Software zum Anschluss von Ger\u00e4ten in der Werkstatt und zur \u00dcberwachung ihrer Nutzung, zur Verwaltung der vorbeugenden Wartung, zum Versand von Berichten per E-Mail und vieles mehr.","thumbnail":"https:\/\/dev.codekraft.it\/rotary-2024\/wp-content\/uploads\/brb_media\/00409445-150x150.png","url":"https:\/\/dev.codekraft.it\/rotary-2024\/produkte\/diagnose-de\/connected-workshop-de\/software-fur-werkstattkonnektivitat-teq-link\/"},{"id":379811,"cdmm_p_id":"472293","name":"Token Aligner Connect","description":"Fernanzeige auf ein mobiles Ger\u00e4t | f\u00fcr Tablet- und Smartphone-App","thumbnail":"https:\/\/dev.codekraft.it\/rotary-2024\/wp-content\/uploads\/brb_media\/00528337_wheel-aligner-stda141-mi-150x150.png","url":"https:\/\/dev.codekraft.it\/rotary-2024\/produkte\/zubehor-diagnose-de\/zubehor-achsmessgerate-de\/token-aligner-connect-2\/"},{"id":383763,"cdmm_p_id":"502287","name":"Token","description":"Anwendungsfreigabe f\u00fcr die Einstellung der Doppelquerlenker-Radaufh\u00e4ngung \u201eDouble Wishbone\u201d","thumbnail":"https:\/\/dev.codekraft.it\/rotary-2024\/wp-content\/uploads\/brb_media\/00528351_wheel-aligner-stdawishbone-mi-150x150.png","url":"https:\/\/dev.codekraft.it\/rotary-2024\/produkte\/zubehor-diagnose-de\/zubehor-achsmessgerate-de\/token-20\/"},{"id":381691,"cdmm_p_id":"499586","name":"Token","description":"Virtueller Schl\u00fcssel f\u00fcr die Konsultation der Online-Datenbank \u00fcber KBA-Abfrage | inkl. 200 Abfragen","thumbnail":"https:\/\/dev.codekraft.it\/rotary-2024\/wp-content\/uploads\/brb_media\/00510471_wheel-aligners-shootgo-mi-150x150.png","url":"https:\/\/dev.codekraft.it\/rotary-2024\/produkte\/zubehor-diagnose-de\/zubehor-achsmessgerate-de\/token-8\/"},{"id":380101,"cdmm_p_id":"477148","name":"Datenbankabfrage-Guthaben Shoot &amp; Go 200","description":"Guthaben-Paket f\u00fcr die Konsultationen der Online-Datenbank \u00fcber KBA-Abfrage | 200 Abfragen","thumbnail":"https:\/\/dev.codekraft.it\/rotary-2024\/wp-content\/uploads\/brb_media\/00510471_wheel-aligners-shootgo-mi-150x150.png","url":"https:\/\/dev.codekraft.it\/rotary-2024\/produkte\/zubehor-diagnose-de\/zubehor-achsmessgerate-de\/datenbankabfrage-guthaben-shoot-go-200\/"},{"id":380686,"cdmm_p_id":"490346","name":"Datenbankabfrage-Guthaben Shoot &amp; Go 500","description":"Guthaben-Paket f\u00fcr die Konsultationen der Online-Datenbank \u00fcber KBA-Abfrage | 500 Abfragen","thumbnail":"https:\/\/dev.codekraft.it\/rotary-2024\/wp-content\/uploads\/brb_media\/00510471_wheel-aligners-shootgo-mi-150x150.png","url":"https:\/\/dev.codekraft.it\/rotary-2024\/produkte\/zubehor-diagnose-de\/zubehor-achsmessgerate-de\/datenbankabfrage-guthaben-shoot-go-500\/"},{"id":385055,"cdmm_p_id":"504694","name":"Datenbankabfrage-Guthaben Shoot &amp; Go 350","description":"Guthaben-Paket f\u00fcr die Konsultationen der Online-Datenbank \u00fcber KBA-Abfrage | 350 Abfragen","thumbnail":"https:\/\/dev.codekraft.it\/rotary-2024\/wp-content\/uploads\/brb_media\/00510471_wheel-aligners-shootgo-mi-150x150.png","url":"https:\/\/dev.codekraft.it\/rotary-2024\/produkte\/zubehor-diagnose-de\/zubehor-achsmessgerate-de\/datenbankabfrage-guthaben-shoot-go-350\/"}],"components":[],"related":[],"similar":[{"id":384652,"cdmm_p_id":"503980","name":"CCD-Achsmessger\u00e4t SPEED8060PTWSR.4","description":"6-CCD-Achsvermessung f\u00fcr Lkw, mit tiefergesetzten Sensoren | inkl. 4-Punkt-Radklammern, geschlossenem Fahrwagen, Drehtellern und 22\u2033-LCD-Display | Rot (RAL 3002) | 1 x 230 V \/ 50 - 60 Hz","thumbnail":"https:\/\/dev.codekraft.it\/rotary-2024\/wp-content\/uploads\/brb_media\/00523708_wheel-aligner-speed8060ptwsr-side-mi-150x150.png","url":"https:\/\/dev.codekraft.it\/rotary-2024\/produkte\/diagnose-de\/achsmessgerate-de\/ccd-achsmessgerat-speed8060ptwsr-4\/"},{"id":384658,"cdmm_p_id":"503981","name":"CCD-Achsmessger\u00e4t SPEED8060PTWS.4","description":"6-CCD-Achsvermessung f\u00fcr Lkw, mit Standard-Sensoren | inkl. 4-Punkt-Radklammern, geschlossenem Fahrwagen, Drehtellern und 22\u2033-LCD-Display | Rot (RAL 3002) | 1 x 230 V \/ 50 - 60 Hz","thumbnail":"https:\/\/dev.codekraft.it\/rotary-2024\/wp-content\/uploads\/brb_media\/00523709_wheel-aligner-speed8060ptws-side-mi-150x150.png","url":"https:\/\/dev.codekraft.it\/rotary-2024\/produkte\/diagnose-de\/achsmessgerate-de\/ccd-achsmessgerat-speed8060ptws-4\/"},{"id":384664,"cdmm_p_id":"503982","name":"CCD-Achsmessger\u00e4t SPEED8060PTWSR.3","description":"6-CCD-Achsvermessung f\u00fcr Lkw, mit tiefergesetzten Sensoren | inkl. 3-Punkt-Radklammern, geschlossenem Fahrwagen, Drehtellern und 22\u2033-LCD-Display | Rot (RAL 3002) | 1 x 230 V \/ 50 - 60 Hz","thumbnail":"https:\/\/dev.codekraft.it\/rotary-2024\/wp-content\/uploads\/brb_media\/00523708_wheel-aligner-speed8060ptwsr-side-mi-150x150.png","url":"https:\/\/dev.codekraft.it\/rotary-2024\/produkte\/diagnose-de\/achsmessgerate-de\/ccd-achsmessgerat-speed8060ptwsr-3\/"},{"id":384670,"cdmm_p_id":"503983","name":"CCD-Achsmessger\u00e4t SPEED8060PTWS.3","description":"6-CCD-Achsvermessung f\u00fcr Lkw, mit Standard-Sensoren | inkl. 3-Punkt-Radklammern, geschlossenem Fahrwagen, Drehtellern und 22\u2033-LCD-Display | Rot (RAL 3002) | 1 x 230 V \/ 50 - 60 Hz","thumbnail":"https:\/\/dev.codekraft.it\/rotary-2024\/wp-content\/uploads\/brb_media\/00523709_wheel-aligner-speed8060ptws-side-mi-150x150.png","url":"https:\/\/dev.codekraft.it\/rotary-2024\/produkte\/diagnose-de\/achsmessgerate-de\/ccd-achsmessgerat-speed8060ptws-3\/"},{"id":384678,"cdmm_p_id":"503984","name":"CCD-Achsmessger\u00e4t SPEED8060PTWSR.3 (grau)","description":"6-CCD-Achsvermessung f\u00fcr Lkw, mit tiefergesetzten Sensoren | inkl. 3-Punkt-Radklammern, geschlossenem Fahrwagen, Drehtellern und 22\u2033-LCD-Display | Grau (RAL 7040) | 1 x 230 V \/ 50 - 60 Hz","thumbnail":"https:\/\/dev.codekraft.it\/rotary-2024\/wp-content\/uploads\/brb_media\/00539827_wheel-aligner-speed-8060ptwsr-side02-ral7040-mi-150x150.png","url":"https:\/\/dev.codekraft.it\/rotary-2024\/produkte\/diagnose-de\/achsmessgerate-de\/ccd-achsmessgerat-speed8060ptwsr-3-grau\/"},{"id":384686,"cdmm_p_id":"503985","name":"CCD-Achsmessger\u00e4t SPEED8060PTWS.3 (grau)","description":"6-CCD-Achsvermessung f\u00fcr Lkw, mit Standard-Sensoren | inkl. 3-Punkt-Radklammern, geschlossenem Fahrwagen, Drehtellern und 22\u2033-LCD-Display | Grau (RAL 7040) | 1 x 230 V \/ 50 - 60 Hz","thumbnail":"https:\/\/dev.codekraft.it\/rotary-2024\/wp-content\/uploads\/brb_media\/00539825_wheel-aligner-speed-8060ptws-side-ral7040-mi-150x150.png","url":"https:\/\/dev.codekraft.it\/rotary-2024\/produkte\/diagnose-de\/achsmessgerate-de\/ccd-achsmessgerat-speed8060ptws-3-grau\/"},{"id":384692,"cdmm_p_id":"503986","name":"CCD-Achsmessger\u00e4t SPEED8060PTWSR.4 (grau)","description":"6-CCD-Achsvermessung f\u00fcr Lkw, mit tiefergesetzten Sensoren | inkl. 4-Punkt-Radklammern, geschlossenem Fahrwagen, Drehtellern und 22\u2033-LCD-Display | Grau (RAL 7040) | 1 x 230 V \/ 50 - 60 Hz","thumbnail":"https:\/\/dev.codekraft.it\/rotary-2024\/wp-content\/uploads\/brb_media\/00539827_wheel-aligner-speed-8060ptwsr-side02-ral7040-mi-150x150.png","url":"https:\/\/dev.codekraft.it\/rotary-2024\/produkte\/diagnose-de\/achsmessgerate-de\/ccd-achsmessgerat-speed8060ptwsr-4-grau\/"}],"lang":"de","translations":{"de":384698,"en":384697,"fr":384699,"it":384700,"es":384701,"ru":384702},"pll_sync_post":[],"_links":{"self":[{"href":"https:\/\/dev.codekraft.it\/rotary-2024\/wp-json\/wp\/v2\/product\/384698","targetHints":{"allow":["GET"]}}],"collection":[{"href":"https:\/\/dev.codekraft.it\/rotary-2024\/wp-json\/wp\/v2\/product"}],"about":[{"href":"https:\/\/dev.codekraft.it\/rotary-2024\/wp-json\/wp\/v2\/types\/product"}],"wp:featuredmedia":[{"embeddable":true,"href":"https:\/\/dev.codekraft.it\/rotary-2024\/wp-json\/wp\/v2\/media\/384684"}],"wp:attachment":[{"href":"https:\/\/dev.codekraft.it\/rotary-2024\/wp-json\/wp\/v2\/media?parent=384698"}],"wp:term":[{"taxonomy":"product_cat","embeddable":true,"href":"https:\/\/dev.codekraft.it\/rotary-2024\/wp-json\/wp\/v2\/product_cat?post=384698"},{"taxonomy":"product_tag","embeddable":true,"href":"https:\/\/dev.codekraft.it\/rotary-2024\/wp-json\/wp\/v2\/product_tag?post=384698"},{"taxonomy":"product_approvals","embeddable":true,"href":"https:\/\/dev.codekraft.it\/rotary-2024\/wp-json\/wp\/v2\/product_approvals?post=384698"},{"taxonomy":"product_application","embeddable":true,"href":"https:\/\/dev.codekraft.it\/rotary-2024\/wp-json\/wp\/v2\/product_application?post=384698"}],"curies":[{"name":"wp","href":"https:\/\/api.w.org\/{rel}","templated":true}]}}