{"id":384610,"date":"2025-09-08T09:01:35","date_gmt":"2025-09-08T09:01:35","guid":{"rendered":"https:\/\/dev.codekraft.it\/rotary-2024\/products\/uncategorized\/alineador-de-ruedas-ccd-speed8080ptwsr-4\/"},"modified":"2025-09-08T09:01:35","modified_gmt":"2025-09-08T09:01:35","slug":"alineador-de-ruedas-ccd-speed8080ptwsr-4","status":"publish","type":"product","link":"https:\/\/dev.codekraft.it\/rotary-2024\/es\/productos\/diagnostico-es\/alineadores-de-ruedas-es\/alineador-de-ruedas-ccd-speed8080ptwsr-4\/","title":{"rendered":"Alineador de ruedas CCD SPEED8080PTWSR.4"},"content":{"rendered":"<p>Alineadores de ruedas equipados con sensores CCD con transmisi\u00f3n de datos Bluetooth y alimentados por bater\u00edas de carga r\u00e1pida. El armario con ruedas permite una gran movilidad entre varios puestos de trabajo gracias a la ausencia de cables.<\/p>\n<ul>\n<li>Eco Cabinet: armario realizado con material respetuoso con el medio ambiente<\/li>\n<li>Movilidad sin concesiones: los nuevos detectores CCD, ligeros y compactos, ofrecen lo \u00faltimo en comodidad<\/li>\n<li>Tecnolog\u00eda inteligente: software con gr\u00e1ficos actualizados, interfaz de usuario intuitiva, animaciones y ayudas para el ajuste que permiten un trabajo r\u00e1pido y eficaz.<\/li>\n<\/ul>\n<ul>\n<li>Los detectores provistos con teclado permiten un control remoto sencillo e intuitivo, sin necesidad de acceder a un PC u otro dispositivo.<\/li>\n<li>Las bases de carga r\u00e1pida para los detectores est\u00e1n situadas en los laterales del armario, lo que hace que sean accesibles y f\u00e1ciles de usar.<\/li>\n<li>La consola sobre ruedas contiene el PC, la impresora y el monitor.<\/li>\n<li>Transmisi\u00f3n por infrarrojos entre detectores; eficaz incluso en condiciones de poca luz.<\/li>\n<li>Pr\u00e1ctico compartimento para las garras y accesorios.<\/li>\n<li>Los 3 LEDs situados en los detectores indican claramente al operador cu\u00e1ndo los \u00e1ngulos coinciden con los valores requeridos. Los nuevos detectores garantizan lecturas angulares de hasta 18 metros.<\/li>\n<li>Transmisi\u00f3n Bluetooth entre detectores CCD y consola PC.<\/li>\n<li>Programa de gesti\u00f3n y visualizaci\u00f3n de datos en entorno Microsoft Windows.<\/li>\n<li>Base de datos internacional con fichas t\u00e9cnicas propias de veh\u00edculos y con la posibilidad de crear una propia base de datos de clientes para el registro de los alineados.<\/li>\n<li>Permite la medici\u00f3n r\u00e1pida y sencilla de veh\u00edculos con varios ejes. El procedimiento est\u00e1 guiado y es f\u00e1cil de seguir, incluso para los operadores menos experimentados.<\/li>\n<\/ul>\n<ul>\n<li>Versi\u00f3n R: la soluci\u00f3n m\u00e1s r\u00e1pida para veh\u00edculos de altura rebajada. Detectores rebajados ideales para camiones y autobuses.<\/li>\n<li>El programa Movie simplifica la fase de registro, gracias a gr\u00e1ficos animados en 3D que gu\u00edan al operador a lo largo del procedimiento.<\/li>\n<li>Posibilidad de efectuar la compensaci\u00f3n del alabeo con el motor en marcha sin necesidad de empujar el veh\u00edculo. Compensaci\u00f3n del alabeo simult\u00e1neo de varios ejes adquiriendo un juego adicional de garras.<\/li>\n<\/ul>\n","protected":false},"excerpt":{"rendered":"<p>Dispositivo de alineaci\u00f3n de ruedas 8-CCD para camiones, con sensores rebajados | incl. garras de 4 puntos, consola cerrada, platos giratorios y LCD pantalla 24\u2033 | Rojo (RAL 3002) | 1 x 230 V \/ 50 &#8211; 60 Hz<\/p>\n","protected":false},"featured_media":356115,"template":"","meta":[],"product_cat":[1033430],"product_tag":[1034151,1034134,1034203,1034265],"product_approvals":[],"product_application":[],"class_list":{"0":"post-384610","1":"product","2":"type-product","3":"status-publish","4":"has-post-thumbnail","6":"product_cat-alineadores-de-ruedas-es","7":"product_tag-buses-es","8":"product_tag-trucks-es","9":"product_tag-motor-homes-es","10":"product_tag-remolques-es","12":"first","13":"instock","14":"shipping-taxable","15":"product-type-simple"},"approvals":[],"application":[],"brb_media_brochure":[{"id":380577,"url":"https:\/\/dev.codekraft.it\/rotary-2024\/wp-content\/uploads\/brb_media\/00528233_wheel-aligner-speed8080-8060-de-2024-07-screen.pdf","title":"wheel aligner speed8080 8060 de 2024 07 screen","thumbnail":"https:\/\/dev.codekraft.it\/rotary-2024\/wp-content\/uploads\/brb_media\/00528233_wheel-aligner-speed8080-8060-de-2024-07-screen-pdf-106x150.png","description":""},{"id":380578,"url":"https:\/\/dev.codekraft.it\/rotary-2024\/wp-content\/uploads\/brb_media\/00528234_wheel-aligner-speed8080-8060-en-2024-07-screen.pdf","title":"wheel aligner speed8080 8060 en 2024 07 screen","thumbnail":"https:\/\/dev.codekraft.it\/rotary-2024\/wp-content\/uploads\/brb_media\/00528234_wheel-aligner-speed8080-8060-en-2024-07-screen-pdf-106x150.png","description":""},{"id":380579,"url":"https:\/\/dev.codekraft.it\/rotary-2024\/wp-content\/uploads\/brb_media\/00528235_wheel-aligner-speed8080-8060-fr-2024-07-screen.pdf","title":"wheel aligner speed8080 8060 fr 2024 07 screen","thumbnail":"https:\/\/dev.codekraft.it\/rotary-2024\/wp-content\/uploads\/brb_media\/00528235_wheel-aligner-speed8080-8060-fr-2024-07-screen-pdf-106x150.png","description":""},{"id":380580,"url":"https:\/\/dev.codekraft.it\/rotary-2024\/wp-content\/uploads\/brb_media\/00528236_wheel-aligner-speed8080-8060-it-2024-07-screen.pdf","title":"wheel aligner speed8080 8060 it 2024 07 screen","thumbnail":"https:\/\/dev.codekraft.it\/rotary-2024\/wp-content\/uploads\/brb_media\/00528236_wheel-aligner-speed8080-8060-it-2024-07-screen-pdf-106x150.png","description":""},{"id":380581,"url":"https:\/\/dev.codekraft.it\/rotary-2024\/wp-content\/uploads\/brb_media\/00528237_wheel-aligner-speed8080-8060-es-2024-07-screen.pdf","title":"wheel aligner speed8080 8060 es 2024 07 screen","thumbnail":"https:\/\/dev.codekraft.it\/rotary-2024\/wp-content\/uploads\/brb_media\/00528237_wheel-aligner-speed8080-8060-es-2024-07-screen-pdf-106x150.png","description":""},{"id":380582,"url":"https:\/\/dev.codekraft.it\/rotary-2024\/wp-content\/uploads\/brb_media\/00528238_wheel-aligner-speed8080-8060-ru-2024-07-screen.pdf","title":"wheel aligner speed8080 8060 ru 2024 07 screen","thumbnail":"https:\/\/dev.codekraft.it\/rotary-2024\/wp-content\/uploads\/brb_media\/00528238_wheel-aligner-speed8080-8060-ru-2024-07-screen-pdf-106x150.png","description":""},{"id":380583,"url":"https:\/\/dev.codekraft.it\/rotary-2024\/wp-content\/uploads\/brb_media\/00528387_wheel-aligner-ccd-accessories-speed8080-de-screen.pdf","title":"wheel aligner ccd accessories speed8080 de screen","thumbnail":"https:\/\/dev.codekraft.it\/rotary-2024\/wp-content\/uploads\/brb_media\/00528387_wheel-aligner-ccd-accessories-speed8080-de-screen-pdf-106x150.png","description":""},{"id":380584,"url":"https:\/\/dev.codekraft.it\/rotary-2024\/wp-content\/uploads\/brb_media\/00528388_wheel-aligner-ccd-accessories-speed8080-en-screen.pdf","title":"wheel aligner ccd accessories speed8080 en screen","thumbnail":"https:\/\/dev.codekraft.it\/rotary-2024\/wp-content\/uploads\/brb_media\/00528388_wheel-aligner-ccd-accessories-speed8080-en-screen-pdf-106x150.png","description":""},{"id":380585,"url":"https:\/\/dev.codekraft.it\/rotary-2024\/wp-content\/uploads\/brb_media\/00528389_wheel-aligner-ccd-accessories-speed8080-fr-screen.pdf","title":"wheel aligner ccd accessories speed8080 fr screen","thumbnail":"https:\/\/dev.codekraft.it\/rotary-2024\/wp-content\/uploads\/brb_media\/00528389_wheel-aligner-ccd-accessories-speed8080-fr-screen-pdf-106x150.png","description":""},{"id":380586,"url":"https:\/\/dev.codekraft.it\/rotary-2024\/wp-content\/uploads\/brb_media\/00528390_wheel-aligner-ccd-accessories-speed8080-it-screen.pdf","title":"wheel aligner ccd accessories speed8080 it screen","thumbnail":"https:\/\/dev.codekraft.it\/rotary-2024\/wp-content\/uploads\/brb_media\/00528390_wheel-aligner-ccd-accessories-speed8080-it-screen-pdf-106x150.png","description":""},{"id":380587,"url":"https:\/\/dev.codekraft.it\/rotary-2024\/wp-content\/uploads\/brb_media\/00528391_wheel-aligner-ccd-accessories-speed8080-es-screen.pdf","title":"wheel aligner ccd accessories speed8080 es screen","thumbnail":"https:\/\/dev.codekraft.it\/rotary-2024\/wp-content\/uploads\/brb_media\/00528391_wheel-aligner-ccd-accessories-speed8080-es-screen-pdf-106x150.png","description":""},{"id":380588,"url":"https:\/\/dev.codekraft.it\/rotary-2024\/wp-content\/uploads\/brb_media\/00528392_wheel-aligner-ccd-accessories-speed8080-ru-screen.pdf","title":"wheel aligner ccd accessories speed8080 ru screen","thumbnail":"https:\/\/dev.codekraft.it\/rotary-2024\/wp-content\/uploads\/brb_media\/00528392_wheel-aligner-ccd-accessories-speed8080-ru-screen-pdf-106x150.png","description":""}],"brb_media_drawing":"","brb_media_manuals":[{"id":380589,"url":"https:\/\/dev.codekraft.it\/rotary-2024\/wp-content\/uploads\/brb_media\/00539875_wheel-aligner-ravtd808-ravtd806-rotsp808-rotsp806-spaart98-spaart86-im-2015-m362-00_vsg_00_rev00_multi-2024-04.pdf","title":"Wheel Aligner RAVTD808 RAVTD806 ROTSP808 ROTSP806 SPAART98 SPAART86 IM 2015 M362 00 VSG 00 rev00 multi 2024 04","thumbnail":"https:\/\/dev.codekraft.it\/rotary-2024\/wp-content\/uploads\/brb_media\/00539875_wheel-aligner-ravtd808-ravtd806-rotsp808-rotsp806-spaart98-spaart86-im-2015-m362-00_vsg_00_rev00_multi-2024-04-pdf-106x150.png","description":""}],"brb_media_safety_datasheets":"","brb_media_spare_parts":[],"_cdmm_p_id":"503974","_company":"Elektron","_gtin":"5063084700186","accessories":[{"id":383699,"cdmm_p_id":"502265","name":"Extensiones 200 mm","description":"Para garras de ruedas de cami\u00f3n STDA92 | 1 juego \/ 6 piezas","thumbnail":"https:\/\/dev.codekraft.it\/rotary-2024\/wp-content\/uploads\/brb_media\/00528329_wheel-aligner-stda92a1-mi-150x150.png","url":"https:\/\/dev.codekraft.it\/rotary-2024\/es\/productos\/accesorios-diagnostico-es\/accesorios-alineadores-de-ruedas-es\/extensiones-200-mm\/"},{"id":383592,"cdmm_p_id":"502214","name":"Platos giratorios mec\u00e1nicos | para turismos","description":"Accesorio de alineadores de ruedas | 1 juego \/ 2 piezas","thumbnail":"https:\/\/dev.codekraft.it\/rotary-2024\/wp-content\/uploads\/brb_media\/00508539_brake-tester-r200mi-stda77-mi-150x150.png","url":"https:\/\/dev.codekraft.it\/rotary-2024\/es\/productos\/accesorios-diagnostico-es\/accesorios-alineadores-de-ruedas-es\/platos-giratorios-mecanicos-para-turismos\/"},{"id":383025,"cdmm_p_id":"501960","name":"Sede para platos rotatorios","description":"Para camiones","thumbnail":"https:\/\/dev.codekraft.it\/rotary-2024\/wp-content\/uploads\/brb_media\/00528334_wheel-aligner-stda139-mi-150x150.png","url":"https:\/\/dev.codekraft.it\/rotary-2024\/es\/productos\/accesorios-diagnostico-es\/accesorios-alineadores-de-ruedas-es\/sede-para-platos-rotatorios\/"},{"id":383611,"cdmm_p_id":"502218","name":"Goni\u00f3metros para platos giratorios de camiones STDA29L","description":"Escala graduada para alineadores de ruedas | 1 juego \/ 2 unidades","thumbnail":"https:\/\/dev.codekraft.it\/rotary-2024\/wp-content\/uploads\/brb_media\/00528323_wheel-aligner-stda44l-mi-150x150.png","url":"https:\/\/dev.codekraft.it\/rotary-2024\/es\/productos\/accesorios-diagnostico-es\/accesorios-alineadores-de-ruedas-es\/goniometros-para-platos-giratorios-de-camiones-stda29l\/"},{"id":383321,"cdmm_p_id":"502064","name":"Cable de alimentaci\u00f3n de emergencia","description":"De un captador \/ de Serie WS | 1 pieza","thumbnail":"https:\/\/dev.codekraft.it\/rotary-2024\/wp-content\/uploads\/brb_media\/00528326_wheel-aligner-stda68w-mi-150x150.png","url":"https:\/\/dev.codekraft.it\/rotary-2024\/es\/productos\/accesorios-diagnostico-es\/accesorios-alineadores-de-ruedas-es\/cable-de-alimentacion-de-emergencia\/"},{"id":380630,"cdmm_p_id":"490306","name":"Cables de conexi\u00f3n de emergencia","description":"Suministro el\u00e9ctrico de emergencia y transmisi\u00f3n de datos | para la serie Bluetooth | 1 juego \/ 2 piezas","thumbnail":"https:\/\/dev.codekraft.it\/rotary-2024\/wp-content\/uploads\/brb_media\/00528328_wheel-aligner-stda76w-mi-150x150.png","url":"https:\/\/dev.codekraft.it\/rotary-2024\/es\/productos\/accesorios-diagnostico-es\/accesorios-alineadores-de-ruedas-es\/cables-de-conexion-de-emergencia\/"},{"id":383766,"cdmm_p_id":"502287","name":"Token","description":"Activaci\u00f3n del programa de ajuste de la suspensi\u00f3n de doble horquilla \u00abDouble Wishbone\u00bb","thumbnail":"https:\/\/dev.codekraft.it\/rotary-2024\/wp-content\/uploads\/brb_media\/00528351_wheel-aligner-stdawishbone-mi-150x150.png","url":"https:\/\/dev.codekraft.it\/rotary-2024\/es\/productos\/accesorios-diagnostico-es\/accesorios-alineadores-de-ruedas-es\/token-23\/"},{"id":383741,"cdmm_p_id":"502281","name":"Kit de calibraci\u00f3n Standard | para serie WS y WD","description":"Solo para serie WS y WD, reemplaza STDA14","thumbnail":"https:\/\/dev.codekraft.it\/rotary-2024\/wp-content\/uploads\/brb_media\/00513153_wheel-aligner-stda163-mi-150x150.png","url":"https:\/\/dev.codekraft.it\/rotary-2024\/es\/productos\/accesorios-diagnostico-es\/accesorios-alineadores-de-ruedas-es\/kit-de-calibracion-standard-para-serie-ws-y-wd\/"},{"id":380659,"cdmm_p_id":"490311","name":"Garras de ruedas Cami\u00f3n | 3 puntos | \u00d8 neumatico 890 &#8211; 1290 mm","description":"Garras para cami\u00f3n, con bloqueo r\u00e1pido, especiales para evitar la compensaci\u00f3n del alabeo, en apoyo sobre llanta | 1 juego \/ 2 piezas","thumbnail":"https:\/\/dev.codekraft.it\/rotary-2024\/wp-content\/uploads\/brb_media\/00528305_wheel-aligners-stda92-mi-01-150x150.png","url":"https:\/\/dev.codekraft.it\/rotary-2024\/es\/productos\/accesorios-diagnostico-es\/accesorios-alineadores-de-ruedas-es\/garras-de-ruedas-camion-3-puntos-o-neumatico-890-1290-mm\/"},{"id":382718,"cdmm_p_id":"501818","name":"Garras de ruedas Cami\u00f3n | 4 puntos | \u00d8 llanta 12 &#8211; 28\u2033, \u00d8 neumatico 780 &#8211; 1220 mm","description":"Garras para camiones autocentrantes a 4 puntos de apoyo, bloqueo r\u00e1pido y soporte movil | incl. u\u00f1as met\u00e1licas | 1 juego \/ 2 piezas","thumbnail":"https:\/\/dev.codekraft.it\/rotary-2024\/wp-content\/uploads\/brb_media\/00528313_wheel-aligners-stda48e-mi-150x150.png","url":"https:\/\/dev.codekraft.it\/rotary-2024\/es\/productos\/accesorios-diagnostico-es\/accesorios-alineadores-de-ruedas-es\/garras-de-ruedas-camion-4-puntos-o-llanta-12-28%e2%80%b3-o-neumatico-780-1220-mm\/"},{"id":379814,"cdmm_p_id":"472293","name":"Token Aligner Connect","description":"Pantalla remota en un dispositivo m\u00f3vil | utilizo APP desde control remoto","thumbnail":"https:\/\/dev.codekraft.it\/rotary-2024\/wp-content\/uploads\/brb_media\/00528337_wheel-aligner-stda141-mi-150x150.png","url":"https:\/\/dev.codekraft.it\/rotary-2024\/es\/productos\/accesorios-diagnostico-es\/accesorios-alineadores-de-ruedas-es\/token-aligner-connect-5\/"},{"id":381645,"cdmm_p_id":"497592","name":"Bastidor auxiliar para medici\u00f3n de remolques","description":"","thumbnail":"https:\/\/dev.codekraft.it\/rotary-2024\/wp-content\/uploads\/brb_media\/00528324_wheel-aligner-stda49n-mi-150x150.png","url":"https:\/\/dev.codekraft.it\/rotary-2024\/es\/productos\/accesorios-diagnostico-es\/accesorios-alineadores-de-ruedas-es\/bastidor-auxiliar-para-medicion-de-remolques\/"},{"id":383271,"cdmm_p_id":"502049","name":"U\u00f1as Metal","description":"Dedos met\u00e1licos para garras de rueda STDA33EU-34E (estandar) y STDA46EU-35E-95E | 1 juego \/ 8 piezas","thumbnail":"https:\/\/dev.codekraft.it\/rotary-2024\/wp-content\/uploads\/brb_media\/00554367_wheel-aligners-stda40-mi-150x150.png","url":"https:\/\/dev.codekraft.it\/rotary-2024\/es\/productos\/accesorios-diagnostico-es\/accesorios-alineadores-de-ruedas-es\/unas-metal\/"},{"id":383464,"cdmm_p_id":"502166","name":"Extensiones u\u00f1as para ruedas con radios hacia afura (salientes) | Metal","description":"Extensiones para u\u00f1as metalicas para garras de rueda STDA33EU-34E (estandar) y STDA46EU-35E-95E | 1 juego \/ 6 piezas","thumbnail":"https:\/\/dev.codekraft.it\/rotary-2024\/wp-content\/uploads\/brb_media\/00506504_stda42-150x150.png","url":"https:\/\/dev.codekraft.it\/rotary-2024\/es\/productos\/accesorios-diagnostico-es\/accesorios-alineadores-de-ruedas-es\/extensiones-unas-para-ruedas-con-radios-hacia-afura-salientes-metal\/"},{"id":381736,"cdmm_p_id":"499589","name":"Software de conectividad del taller TEq-Link","description":"Software para conectar equipos en el taller y supervisar su uso, gestionar el mantenimiento preventivo, enviar informes por correo electr\u00f3nico y mucho m\u00e1s.","thumbnail":"https:\/\/dev.codekraft.it\/rotary-2024\/wp-content\/uploads\/brb_media\/00409445-150x150.png","url":"https:\/\/dev.codekraft.it\/rotary-2024\/es\/productos\/diagnostico-es\/connected-workshop-es\/software-de-conectividad-del-taller-teq-link\/"}],"components":[],"related":[],"similar":[{"id":384604,"cdmm_p_id":"503973","name":"Alineador de ruedas CCD SPEED8080PTWS.4","description":"Dispositivo de alineaci\u00f3n de ruedas 8-CCD para camiones, con sensores est\u00e1ndar | incl. garras de 4 puntos, consola cerrada, platos giratorios y LCD pantalla 24\u2033 | Rojo (RAL 3002) | 1 x 230 V \/ 50 - 60 Hz","thumbnail":"https:\/\/dev.codekraft.it\/rotary-2024\/wp-content\/uploads\/brb_media\/00523712_wheel-aligner-speed8080ptws-side-mi-150x150.png","url":"https:\/\/dev.codekraft.it\/rotary-2024\/es\/productos\/diagnostico-es\/alineadores-de-ruedas-es\/alineador-de-ruedas-ccd-speed8080ptws-4\/"},{"id":380593,"cdmm_p_id":"490242","name":"Alineador de ruedas CCD SPEED8080PTWS.3 (gris)","description":"Dispositivo de alineaci\u00f3n de ruedas 8-CCD para camiones, con sensores est\u00e1ndar | incl. garras de 3 puntos, consola cerrada, platos giratorios y LCD pantalla 24\u2033 | Gris (RAL 7040) | 1 x 230 V \/ 50 - 60 Hz","thumbnail":"https:\/\/dev.codekraft.it\/rotary-2024\/wp-content\/uploads\/brb_media\/00523712_wheel-aligner-speed8080ptws-side-mi-150x150.png","url":"https:\/\/dev.codekraft.it\/rotary-2024\/es\/productos\/diagnostico-es\/alineadores-de-ruedas-es\/alineador-de-ruedas-ccd-speed8080ptws-3-gris\/"},{"id":384616,"cdmm_p_id":"503975","name":"Alineador de ruedas CCD SPEED8080PTWS.3","description":"Dispositivo de alineaci\u00f3n de ruedas 8-CCD para camiones, con sensores est\u00e1ndar | incl. garras de 3 puntos, consola cerrada, platos giratorios y LCD pantalla 24\u2033 | Rojo (RAL 3002) | 1 x 230 V \/ 50 - 60 Hz","thumbnail":"https:\/\/dev.codekraft.it\/rotary-2024\/wp-content\/uploads\/brb_media\/00523712_wheel-aligner-speed8080ptws-side-mi-150x150.png","url":"https:\/\/dev.codekraft.it\/rotary-2024\/es\/productos\/diagnostico-es\/alineadores-de-ruedas-es\/alineador-de-ruedas-ccd-speed8080ptws-3\/"},{"id":384622,"cdmm_p_id":"503976","name":"Alineador de ruedas CCD SPEED8080PTWSR.3","description":"Dispositivo de alineaci\u00f3n de ruedas 8-CCD para camiones, con sensores rebajados | incl. garras de 3 puntos, consola cerrada, platos giratorios y LCD pantalla 24\u2033 | Rojo (RAL 3002) | 1 x 230 V \/ 50 - 60 Hz","thumbnail":"https:\/\/dev.codekraft.it\/rotary-2024\/wp-content\/uploads\/brb_media\/00523761_wheel-aligner-speed8080ptwsr-side-mi-150x150.png","url":"https:\/\/dev.codekraft.it\/rotary-2024\/es\/productos\/diagnostico-es\/alineadores-de-ruedas-es\/alineador-de-ruedas-ccd-speed8080ptwsr-3\/"},{"id":384629,"cdmm_p_id":"503977","name":"Alineador de ruedas CCD SPEED8080PTWSR.3 (gris)","description":"Dispositivo de alineaci\u00f3n de ruedas 8-CCD para camiones, con sensores rebajados | incl. garras de 3 puntos, consola cerrada, platos giratorios y LCD pantalla 24\u2033 | Gris (RAL 7040) | 1 x 230 V \/ 50 - 60 Hz","thumbnail":"https:\/\/dev.codekraft.it\/rotary-2024\/wp-content\/uploads\/brb_media\/00539821_wheel-aligner-speedspeed8080ptwsr-mi-150x150.png","url":"https:\/\/dev.codekraft.it\/rotary-2024\/es\/productos\/diagnostico-es\/alineadores-de-ruedas-es\/alineador-de-ruedas-ccd-speed8080ptwsr-3-gris\/"},{"id":384637,"cdmm_p_id":"503978","name":"Alineador de ruedas CCD SPEED8080PTWS.4 (gris)","description":"Dispositivo de alineaci\u00f3n de ruedas 8-CCD para camiones, con sensores est\u00e1ndar | incl. garras de 4 puntos, consola cerrada, platos giratorios y LCD pantalla 24\u2033 | Gris (RAL 7040) | 1 x 230 V \/ 50 - 60 Hz","thumbnail":"https:\/\/dev.codekraft.it\/rotary-2024\/wp-content\/uploads\/brb_media\/00539829_wheel-aligner-speed-8080ptws-side-ral7040-mi-150x150.png","url":"https:\/\/dev.codekraft.it\/rotary-2024\/es\/productos\/diagnostico-es\/alineadores-de-ruedas-es\/alineador-de-ruedas-ccd-speed8080ptws-4-gris\/"},{"id":384643,"cdmm_p_id":"503979","name":"Alineador de ruedas CCD SPEED8080PTWSR.4 (gris)","description":"Dispositivo de alineaci\u00f3n de ruedas 8-CCD para camiones, con sensores rebajados | incl. garras de 4 puntos, consola cerrada, platos giratorios y LCD pantalla 24\u2033 | Gris (RAL 7040) | 1 x 230 V \/ 50 - 60 Hz","thumbnail":"https:\/\/dev.codekraft.it\/rotary-2024\/wp-content\/uploads\/brb_media\/00539821_wheel-aligner-speedspeed8080ptwsr-mi-150x150.png","url":"https:\/\/dev.codekraft.it\/rotary-2024\/es\/productos\/diagnostico-es\/alineadores-de-ruedas-es\/alineador-de-ruedas-ccd-speed8080ptwsr-4-gris\/"}],"lang":"es","translations":{"es":384610,"en":384606,"de":384607,"fr":384608,"it":384609,"ru":384611},"pll_sync_post":[],"_links":{"self":[{"href":"https:\/\/dev.codekraft.it\/rotary-2024\/wp-json\/wp\/v2\/product\/384610","targetHints":{"allow":["GET"]}}],"collection":[{"href":"https:\/\/dev.codekraft.it\/rotary-2024\/wp-json\/wp\/v2\/product"}],"about":[{"href":"https:\/\/dev.codekraft.it\/rotary-2024\/wp-json\/wp\/v2\/types\/product"}],"wp:featuredmedia":[{"embeddable":true,"href":"https:\/\/dev.codekraft.it\/rotary-2024\/wp-json\/wp\/v2\/media\/356115"}],"wp:attachment":[{"href":"https:\/\/dev.codekraft.it\/rotary-2024\/wp-json\/wp\/v2\/media?parent=384610"}],"wp:term":[{"taxonomy":"product_cat","embeddable":true,"href":"https:\/\/dev.codekraft.it\/rotary-2024\/wp-json\/wp\/v2\/product_cat?post=384610"},{"taxonomy":"product_tag","embeddable":true,"href":"https:\/\/dev.codekraft.it\/rotary-2024\/wp-json\/wp\/v2\/product_tag?post=384610"},{"taxonomy":"product_approvals","embeddable":true,"href":"https:\/\/dev.codekraft.it\/rotary-2024\/wp-json\/wp\/v2\/product_approvals?post=384610"},{"taxonomy":"product_application","embeddable":true,"href":"https:\/\/dev.codekraft.it\/rotary-2024\/wp-json\/wp\/v2\/product_application?post=384610"}],"curies":[{"name":"wp","href":"https:\/\/api.w.org\/{rel}","templated":true}]}}