{"id":384494,"date":"2025-09-08T09:00:24","date_gmt":"2025-09-08T09:00:24","guid":{"rendered":"https:\/\/dev.codekraft.it\/rotary-2024\/products\/uncategorized\/demonte-pneu-karacter-ll-premium\/"},"modified":"2025-09-08T09:00:24","modified_gmt":"2025-09-08T09:00:24","slug":"demonte-pneu-karacter-ll-premium","status":"publish","type":"product","link":"https:\/\/dev.codekraft.it\/rotary-2024\/fr\/produits\/service-de-pneus-fr\/demonte-pneus-fr\/demonte-pneu-karacter-ll-premium\/","title":{"rendered":"D\u00e9monte-pneu Karacter.LL Premium"},"content":{"rendered":"","protected":false},"excerpt":{"rendered":"<p>Professionnel, sans levier &#8211; avec t\u00eate de montage en plastique brevet\u00e9e, incl. presse-talon pneumatique, voiture de tourisme, diam\u00e8tre de jante 10 &#8211; 26\u2033, diam\u00e8tre de jante 380 mm | Rouge (RAL 3002) | pour tous les types de pneus de diam\u00e8tre de roue max. 46\u2033 (1168 mm) | Certifi\u00e9 wdk | Non disponible pour march\u00e9 DACH<\/p>\n","protected":false},"featured_media":384480,"template":"","meta":[],"product_brand":[],"product_cat":[1033384],"product_tag":[1034163],"product_approvals":[],"product_application":[],"class_list":{"0":"post-384494","1":"product","2":"type-product","3":"status-publish","4":"has-post-thumbnail","6":"product_cat-demonte-pneus-fr","7":"product_tag-passenger-cars-fr","9":"first","10":"instock","11":"shipping-taxable","12":"product-type-simple"},"approvals":[],"application":[],"brb_media_brochure":"","brb_media_drawing":"","brb_media_manuals":[{"id":384481,"url":"https:\/\/dev.codekraft.it\/rotary-2024\/wp-content\/uploads\/brb_media\/00539680_tyre-changer-karacterll-im-7108-m013-01_vsg_rev01-de-2024-03.pdf","title":"tyre changer karacterll im 7108 m013 01 vsg rev01 de 2024 03","mpn":"","thumbnail":"https:\/\/dev.codekraft.it\/rotary-2024\/wp-content\/uploads\/brb_media\/00539680_tyre-changer-karacterll-im-7108-m013-01_vsg_rev01-de-2024-03-pdf-106x150.png","description":""},{"id":384482,"url":"https:\/\/dev.codekraft.it\/rotary-2024\/wp-content\/uploads\/brb_media\/00539681_tyre-changer-karacterll-im-7108-m013-01_vsg_rev01-en-2024-03.pdf","title":"tyre changer karacterll im 7108 m013 01 vsg rev01 en 2024 03","mpn":"","thumbnail":"https:\/\/dev.codekraft.it\/rotary-2024\/wp-content\/uploads\/brb_media\/00539681_tyre-changer-karacterll-im-7108-m013-01_vsg_rev01-en-2024-03-pdf-106x150.png","description":""},{"id":384483,"url":"https:\/\/dev.codekraft.it\/rotary-2024\/wp-content\/uploads\/brb_media\/00539682_tyre-changer-karacterll-im-7108-m013-01_vsg_rev01-fr-2024-03.pdf","title":"tyre changer karacterll im 7108 m013 01 vsg rev01 fr 2024 03","mpn":"","thumbnail":"https:\/\/dev.codekraft.it\/rotary-2024\/wp-content\/uploads\/brb_media\/00539682_tyre-changer-karacterll-im-7108-m013-01_vsg_rev01-fr-2024-03-pdf-106x150.png","description":""},{"id":384484,"url":"https:\/\/dev.codekraft.it\/rotary-2024\/wp-content\/uploads\/brb_media\/00539683_tyre-changer-karacterll-im-7108-m013-01_vsg_rev01-it-2024-03.pdf","title":"tyre changer karacterll im 7108 m013 01 vsg rev01 it 2024 03","mpn":"","thumbnail":"https:\/\/dev.codekraft.it\/rotary-2024\/wp-content\/uploads\/brb_media\/00539683_tyre-changer-karacterll-im-7108-m013-01_vsg_rev01-it-2024-03-pdf-106x150.png","description":""},{"id":384485,"url":"https:\/\/dev.codekraft.it\/rotary-2024\/wp-content\/uploads\/brb_media\/00539684_tyre-changer-karacterll-im-7108-m013-01_vsg_rev01-es-2024-03.pdf","title":"tyre changer karacterll im 7108 m013 01 vsg rev01 es 2024 03","mpn":"","thumbnail":"https:\/\/dev.codekraft.it\/rotary-2024\/wp-content\/uploads\/brb_media\/00539684_tyre-changer-karacterll-im-7108-m013-01_vsg_rev01-es-2024-03-pdf-106x150.png","description":""}],"brb_media_safety_datasheets":"","brb_media_spare_parts":[],"_cdmm_p_id":"503683","_company":"Elektron","_gtin":"5063084201669","accessories":[{"id":380621,"mpn":"G1000A142","name":"T\u00eate de montage sup\u00e9rieure pour les jantes avec rayons en saille","description":"","thumbnail":"https:\/\/dev.codekraft.it\/rotary-2024\/wp-content\/uploads\/brb_media\/00506689_g1000a142-150x150.png","url":"https:\/\/dev.codekraft.it\/rotary-2024\/fr\/produits\/accessoires-service-de-pneus-fr\/accessoires-demonte-pneu-fr\/tete-de-montage-superieure-pour-les-jantes-avec-rayons-en-saille\/"},{"id":382697,"mpn":"G1000A142K","name":"T\u00eate de montage sup\u00e9rieure pour les jantes avec rayons en saille | 1 jeu \/ 6 pi\u00e8ces","description":"","thumbnail":"https:\/\/dev.codekraft.it\/rotary-2024\/wp-content\/uploads\/brb_media\/00506689_g1000a142-150x150.png","url":"https:\/\/dev.codekraft.it\/rotary-2024\/fr\/produits\/accessoires-service-de-pneus-fr\/accessoires-demonte-pneu-fr\/tete-de-montage-superieure-pour-les-jantes-avec-rayons-en-saille-1-jeu-6-pieces\/"},{"id":383640,"mpn":"G1000A65","name":"Protection plastique G1000A65","description":"Pour support outil sup\u00e9rieur | 1 pi\u00e8ce","thumbnail":"https:\/\/dev.codekraft.it\/rotary-2024\/wp-content\/uploads\/brb_media\/00535626_tyre-changer-g1000a65k-mi-150x150.png","url":"https:\/\/dev.codekraft.it\/rotary-2024\/fr\/produits\/accessoires-service-de-pneus-fr\/accessoires-demonte-pneu-fr\/protection-plastique-g1000a65\/"},{"id":383634,"mpn":"G1000A65K","name":"Protection plastique G1000A65K","description":"Pour support outil sup\u00e9rieur | 1 jeu \/ 5 pi\u00e8ces","thumbnail":"https:\/\/dev.codekraft.it\/rotary-2024\/wp-content\/uploads\/brb_media\/00535626_tyre-changer-g1000a65k-mi-150x150.png","url":"https:\/\/dev.codekraft.it\/rotary-2024\/fr\/produits\/accessoires-service-de-pneus-fr\/accessoires-demonte-pneu-fr\/protection-plastique-g1000a65k\/"},{"id":381536,"mpn":"G1000A70K","name":"Protection plastique pour broche d\u2019entra\u00eenement","description":"Protection pour syst\u00e8me de traction sur table de serrage | 1 jeu \/ 5 pi\u00e8ces","thumbnail":"https:\/\/dev.codekraft.it\/rotary-2024\/wp-content\/uploads\/brb_media\/00506705_g1000a70k-150x150.png","url":"https:\/\/dev.codekraft.it\/rotary-2024\/fr\/produits\/accessoires-service-de-pneus-fr\/accessoires-demonte-pneu-fr\/protection-plastique-pour-broche-dentrainement\/"},{"id":381530,"mpn":"G1000A84K","name":"Protection plastique pour c\u00f4ne de centrage","description":"Kit protections c\u00f4ne dispositif de blocage avec flasque rapide, pour G1000A138 - G1000A80 | 1 jeu \/ 5 pi\u00e8ces","thumbnail":"https:\/\/dev.codekraft.it\/rotary-2024\/wp-content\/uploads\/brb_media\/00506709_g1000a84k-150x150.png","url":"https:\/\/dev.codekraft.it\/rotary-2024\/fr\/produits\/accessoires-service-de-pneus-fr\/accessoires-demonte-pneu-fr\/protection-plastique-pour-cone-de-centrage\/"},{"id":381524,"mpn":"G1000A81K","name":"Protection en caoutchouc pour plateau appui roue","description":"Jeu de protections pour roues invers\u00e9es | 1 jeu \/ 10 pi\u00e8ces","thumbnail":"https:\/\/dev.codekraft.it\/rotary-2024\/wp-content\/uploads\/brb_media\/00506708_g1000a81k-sp-150x150.png","url":"https:\/\/dev.codekraft.it\/rotary-2024\/fr\/produits\/accessoires-service-de-pneus-fr\/accessoires-demonte-pneu-fr\/protection-en-caoutchouc-pour-plateau-appui-roue\/"},{"id":383814,"mpn":"G1000A158","name":"Plaque de serrage de type Universel | pour roues invers\u00e9es","description":"Bride universelle","thumbnail":"https:\/\/dev.codekraft.it\/rotary-2024\/wp-content\/uploads\/brb_media\/00506723_g1000a87-150x150.png","url":"https:\/\/dev.codekraft.it\/rotary-2024\/fr\/produits\/accessoires-service-de-pneus-fr\/accessoires-demonte-pneu-fr\/plaque-de-serrage-de-type-universel-pour-roues-inversees\/"},{"id":382087,"mpn":"G1000A137","name":"Plaque de serrage de type Universel | pour jantes \u00e0 centre ferm\u00e9 et jantes invers\u00e9es | pour G1000A138","description":"Flasque universelle pour roues \u00e0 jante pleine \/ renvers\u00e9es","thumbnail":"https:\/\/dev.codekraft.it\/rotary-2024\/wp-content\/uploads\/brb_media\/00506682_g1000a137-01-150x150.png","url":"https:\/\/dev.codekraft.it\/rotary-2024\/fr\/produits\/accessoires-service-de-pneus-fr\/accessoires-demonte-pneu-fr\/plaque-de-serrage-de-type-universel-pour-jantes-a-centre-ferme-et-jantes-inversees-pour-g1000a138\/"},{"id":383821,"mpn":"G1000A161","name":"Plaque de serrage de type Universel | pour jantes CLAD avec troue centre","description":"Flasque universelle pour blocage de roue par les troues de fixation - Pour roues avec troue c\u00e9ntral","thumbnail":"https:\/\/dev.codekraft.it\/rotary-2024\/wp-content\/uploads\/brb_media\/00535630_g1000a161-mi-150x150.png","url":"https:\/\/dev.codekraft.it\/rotary-2024\/fr\/produits\/accessoires-service-de-pneus-fr\/accessoires-demonte-pneu-fr\/plaque-de-serrage-de-type-universel-pour-jantes-clad-avec-troue-centre\/"},{"id":383176,"mpn":"G1000A92","name":"C\u00f4ne avec cale | pour arbre \u00d8 40 | \u00d8 50 mm","description":"","thumbnail":"https:\/\/dev.codekraft.it\/rotary-2024\/wp-content\/uploads\/brb_media\/00506712_g1000a92-150x150.png","url":"https:\/\/dev.codekraft.it\/rotary-2024\/fr\/produits\/accessoires-service-de-pneus-fr\/accessoires-demonte-pneu-fr\/cone-avec-cale-pour-arbre-o-40-o-50-mm\/"},{"id":381560,"mpn":"G1000A126","name":"C\u00f4ne avec cale | pour arbre \u00d8 40 | \u00d8 69 mm","description":"Necessaire le G1000A80 - G1000A138","thumbnail":"https:\/\/dev.codekraft.it\/rotary-2024\/wp-content\/uploads\/brb_media\/00471557_tyre-changers-cone-for-40-mm-shaft-di-150x150.png","url":"https:\/\/dev.codekraft.it\/rotary-2024\/fr\/produits\/accessoires-service-de-pneus-fr\/accessoires-demonte-pneu-fr\/cone-avec-cale-pour-arbre-o-40-o-69-mm\/"},{"id":381584,"mpn":"G1000A86","name":"Miroir avec support magn\u00e9tique","description":"","thumbnail":"https:\/\/dev.codekraft.it\/rotary-2024\/wp-content\/uploads\/brb_media\/00506710_g1000a86-150x150.png","url":"https:\/\/dev.codekraft.it\/rotary-2024\/fr\/produits\/accessoires-service-de-pneus-fr\/accessoires-demonte-pneu-fr\/miroir-avec-support-magnetique\/"},{"id":381548,"mpn":"G1000A101","name":"Bride pour LT (camion l\u00e9ger)","description":"","thumbnail":"https:\/\/dev.codekraft.it\/rotary-2024\/wp-content\/uploads\/brb_media\/00506669_g1000a101-150x150.png","url":"https:\/\/dev.codekraft.it\/rotary-2024\/fr\/produits\/accessoires-service-de-pneus-fr\/accessoires-demonte-pneu-fr\/bride-pour-lt-camion-leger\/"},{"id":383225,"mpn":"G1000A152A","name":"Bride pour LT (camion l\u00e9ger) | tige pour roue \u00d8 14 mm","description":"Pour d\u00e9monte pneus \u00e0 blocage central","thumbnail":"https:\/\/dev.codekraft.it\/rotary-2024\/wp-content\/uploads\/brb_media\/00506669_g1000a101-150x150.png","url":"https:\/\/dev.codekraft.it\/rotary-2024\/fr\/produits\/accessoires-service-de-pneus-fr\/accessoires-demonte-pneu-fr\/bride-pour-lt-camion-leger-tige-pour-roue-o-14-mm\/"}],"components":[],"related":[],"page_logo_src":"https:\/\/dev.codekraft.it\/rotary-2024\/wp-content\/uploads\/2024\/05\/cropped-rotary-logo-2022.png","lang":"fr","translations":{"fr":384494,"en":384491,"de":384493,"it":384495,"es":384496,"ru":384497},"pll_sync_post":[],"_links":{"self":[{"href":"https:\/\/dev.codekraft.it\/rotary-2024\/wp-json\/wp\/v2\/product\/384494","targetHints":{"allow":["GET"]}}],"collection":[{"href":"https:\/\/dev.codekraft.it\/rotary-2024\/wp-json\/wp\/v2\/product"}],"about":[{"href":"https:\/\/dev.codekraft.it\/rotary-2024\/wp-json\/wp\/v2\/types\/product"}],"wp:featuredmedia":[{"embeddable":true,"href":"https:\/\/dev.codekraft.it\/rotary-2024\/wp-json\/wp\/v2\/media\/384480"}],"wp:attachment":[{"href":"https:\/\/dev.codekraft.it\/rotary-2024\/wp-json\/wp\/v2\/media?parent=384494"}],"wp:term":[{"taxonomy":"product_brand","embeddable":true,"href":"https:\/\/dev.codekraft.it\/rotary-2024\/wp-json\/wp\/v2\/product_brand?post=384494"},{"taxonomy":"product_cat","embeddable":true,"href":"https:\/\/dev.codekraft.it\/rotary-2024\/wp-json\/wp\/v2\/product_cat?post=384494"},{"taxonomy":"product_tag","embeddable":true,"href":"https:\/\/dev.codekraft.it\/rotary-2024\/wp-json\/wp\/v2\/product_tag?post=384494"},{"taxonomy":"product_approvals","embeddable":true,"href":"https:\/\/dev.codekraft.it\/rotary-2024\/wp-json\/wp\/v2\/product_approvals?post=384494"},{"taxonomy":"product_application","embeddable":true,"href":"https:\/\/dev.codekraft.it\/rotary-2024\/wp-json\/wp\/v2\/product_application?post=384494"}],"curies":[{"name":"wp","href":"https:\/\/api.w.org\/{rel}","templated":true}]}}