{"id":384489,"date":"2025-09-16T08:45:59","date_gmt":"2025-09-16T08:45:59","guid":{"rendered":"https:\/\/dev.codekraft.it\/rotary-2024\/products\/uncategorized\/desmontadora-de-neumaticos-karacter-llfi-pro\/"},"modified":"2025-09-16T08:45:59","modified_gmt":"2025-09-16T08:45:59","slug":"desmontadora-de-neumaticos-karacter-llfi-pro","status":"publish","type":"product","link":"https:\/\/dev.codekraft.it\/rotary-2024\/es\/productos\/servicio-de-llantas-es\/desmontadoras-es\/desmontadora-de-neumaticos-karacter-llfi-pro\/","title":{"rendered":"Desmontadora de neum\u00e1ticos Karacter.LLFI Pro"},"content":{"rendered":"","protected":false},"excerpt":{"rendered":"<p>Profesional, sin palanca &#8211; con \u00fatil de montaje de pl\u00e1stico patentado, incl. dispositivo de inflado tubeless, turismo, di\u00e1metro de llanta 10 &#8211; 26\u2033 | Rojo (RAL 3002), anchura llante max. 380 mm | Rojo (RAL 3002) | para llantas con di\u00e1metro rueda m\u00e1x. 46\u2033 (1168 mm) | Certificado wdk | No disponible para mercado DACH<\/p>\n","protected":false},"featured_media":384480,"template":"","meta":[],"product_brand":[],"product_cat":[1033424],"product_tag":[1034169],"product_approvals":[],"product_application":[],"class_list":{"0":"post-384489","1":"product","2":"type-product","3":"status-publish","4":"has-post-thumbnail","6":"product_cat-desmontadoras-es","7":"product_tag-passenger-cars-es","9":"first","10":"instock","11":"shipping-taxable","12":"product-type-simple"},"approvals":[],"application":[],"brb_media_brochure":"","brb_media_drawing":"","brb_media_manuals":[{"id":384481,"url":"https:\/\/dev.codekraft.it\/rotary-2024\/wp-content\/uploads\/brb_media\/00539680_tyre-changer-karacterll-im-7108-m013-01_vsg_rev01-de-2024-03.pdf","title":"tyre changer karacterll im 7108 m013 01 vsg rev01 de 2024 03","mpn":"","thumbnail":"https:\/\/dev.codekraft.it\/rotary-2024\/wp-content\/uploads\/brb_media\/00539680_tyre-changer-karacterll-im-7108-m013-01_vsg_rev01-de-2024-03-pdf-106x150.png","description":""},{"id":384482,"url":"https:\/\/dev.codekraft.it\/rotary-2024\/wp-content\/uploads\/brb_media\/00539681_tyre-changer-karacterll-im-7108-m013-01_vsg_rev01-en-2024-03.pdf","title":"tyre changer karacterll im 7108 m013 01 vsg rev01 en 2024 03","mpn":"","thumbnail":"https:\/\/dev.codekraft.it\/rotary-2024\/wp-content\/uploads\/brb_media\/00539681_tyre-changer-karacterll-im-7108-m013-01_vsg_rev01-en-2024-03-pdf-106x150.png","description":""},{"id":384483,"url":"https:\/\/dev.codekraft.it\/rotary-2024\/wp-content\/uploads\/brb_media\/00539682_tyre-changer-karacterll-im-7108-m013-01_vsg_rev01-fr-2024-03.pdf","title":"tyre changer karacterll im 7108 m013 01 vsg rev01 fr 2024 03","mpn":"","thumbnail":"https:\/\/dev.codekraft.it\/rotary-2024\/wp-content\/uploads\/brb_media\/00539682_tyre-changer-karacterll-im-7108-m013-01_vsg_rev01-fr-2024-03-pdf-106x150.png","description":""},{"id":384484,"url":"https:\/\/dev.codekraft.it\/rotary-2024\/wp-content\/uploads\/brb_media\/00539683_tyre-changer-karacterll-im-7108-m013-01_vsg_rev01-it-2024-03.pdf","title":"tyre changer karacterll im 7108 m013 01 vsg rev01 it 2024 03","mpn":"","thumbnail":"https:\/\/dev.codekraft.it\/rotary-2024\/wp-content\/uploads\/brb_media\/00539683_tyre-changer-karacterll-im-7108-m013-01_vsg_rev01-it-2024-03-pdf-106x150.png","description":""},{"id":384485,"url":"https:\/\/dev.codekraft.it\/rotary-2024\/wp-content\/uploads\/brb_media\/00539684_tyre-changer-karacterll-im-7108-m013-01_vsg_rev01-es-2024-03.pdf","title":"tyre changer karacterll im 7108 m013 01 vsg rev01 es 2024 03","mpn":"","thumbnail":"https:\/\/dev.codekraft.it\/rotary-2024\/wp-content\/uploads\/brb_media\/00539684_tyre-changer-karacterll-im-7108-m013-01_vsg_rev01-es-2024-03-pdf-106x150.png","description":""}],"brb_media_safety_datasheets":"","brb_media_spare_parts":[],"_cdmm_p_id":"503682","_company":"Elektron","_gtin":"5063084201676","accessories":[{"id":383135,"mpn":"PLUS99LL","name":"Brazo de ayuda neum\u00e1tico","description":"Brazo prensa-tal\u00f3n rotatorio neum\u00e1tico","thumbnail":"","url":"https:\/\/dev.codekraft.it\/rotary-2024\/es\/productos\/accesorios-servicio-de-llantas-es\/accesorios-desmontadoras-es\/brazo-de-ayuda-neumatico\/"},{"id":383993,"mpn":"G1000A146","name":"Elevador para ruedas","description":"","thumbnail":"https:\/\/dev.codekraft.it\/rotary-2024\/wp-content\/uploads\/brb_media\/00535631_tyre-changers-g1000a146-mi-150x150.png","url":"https:\/\/dev.codekraft.it\/rotary-2024\/es\/productos\/accesorios-servicio-de-llantas-es\/accesorios-desmontadoras-es\/elevador-para-ruedas\/"},{"id":380623,"mpn":"G1000A142","name":"Cabezal de montaje superior para llantas con radios hacia fuera","description":"","thumbnail":"https:\/\/dev.codekraft.it\/rotary-2024\/wp-content\/uploads\/brb_media\/00506689_g1000a142-150x150.png","url":"https:\/\/dev.codekraft.it\/rotary-2024\/es\/productos\/accesorios-servicio-de-llantas-es\/accesorios-desmontadoras-es\/cabezal-de-montaje-superior-para-llantas-con-radios-hacia-fuera\/"},{"id":382699,"mpn":"G1000A142K","name":"Cabezal de montaje superior para llantas con radios hacia fuera | 1 juego \/ 6 piezas","description":"","thumbnail":"https:\/\/dev.codekraft.it\/rotary-2024\/wp-content\/uploads\/brb_media\/00506689_g1000a142-150x150.png","url":"https:\/\/dev.codekraft.it\/rotary-2024\/es\/productos\/accesorios-servicio-de-llantas-es\/accesorios-desmontadoras-es\/cabezal-de-montaje-superior-para-llantas-con-radios-hacia-fuera-1-juego-6-piezas\/"},{"id":383642,"mpn":"G1000A65","name":"Protecci\u00f3n de pl\u00e1stico G1000A65","description":"Para soporte \u00fatil superior | 1 pieza","thumbnail":"https:\/\/dev.codekraft.it\/rotary-2024\/wp-content\/uploads\/brb_media\/00535626_tyre-changer-g1000a65k-mi-150x150.png","url":"https:\/\/dev.codekraft.it\/rotary-2024\/es\/productos\/accesorios-servicio-de-llantas-es\/accesorios-desmontadoras-es\/proteccion-de-plastico-g1000a65\/"},{"id":383636,"mpn":"G1000A65K","name":"Protecci\u00f3n de pl\u00e1stico G1000A65K","description":"Para soporte \u00fatil superior | 1 juego \/ 5 piezas","thumbnail":"https:\/\/dev.codekraft.it\/rotary-2024\/wp-content\/uploads\/brb_media\/00535626_tyre-changer-g1000a65k-mi-150x150.png","url":"https:\/\/dev.codekraft.it\/rotary-2024\/es\/productos\/accesorios-servicio-de-llantas-es\/accesorios-desmontadoras-es\/proteccion-de-plastico-g1000a65k\/"},{"id":381538,"mpn":"G1000A70K","name":"Protecci\u00f3n de pl\u00e1stico para pernos de arrastre","description":"Protecci\u00f3n para dispositivo de tracci\u00f3n en mesa de sujeci\u00f3n | 1 juego \/ 5 piezas","thumbnail":"https:\/\/dev.codekraft.it\/rotary-2024\/wp-content\/uploads\/brb_media\/00506705_g1000a70k-150x150.png","url":"https:\/\/dev.codekraft.it\/rotary-2024\/es\/productos\/accesorios-servicio-de-llantas-es\/accesorios-desmontadoras-es\/proteccion-de-plastico-para-pernos-de-arrastre\/"},{"id":381532,"mpn":"G1000A84K","name":"Protecci\u00f3n de pl\u00e1stico para cono de centrado","description":"Juego de protecciones cono para dispositivo de bloqueo garra r\u00e1pida, para G1000A138 - G1000A80 (5 unidades)","thumbnail":"https:\/\/dev.codekraft.it\/rotary-2024\/wp-content\/uploads\/brb_media\/00506709_g1000a84k-150x150.png","url":"https:\/\/dev.codekraft.it\/rotary-2024\/es\/productos\/accesorios-servicio-de-llantas-es\/accesorios-desmontadoras-es\/proteccion-de-plastico-para-cono-de-centrado\/"},{"id":381526,"mpn":"G1000A81K","name":"Protecci\u00f3n de goma para della platillo de apoyo rueda","description":"Juego de protecci\u00f3n para ruedas invertidas | 1 juego \/ 10 piezas","thumbnail":"https:\/\/dev.codekraft.it\/rotary-2024\/wp-content\/uploads\/brb_media\/00506708_g1000a81k-sp-150x150.png","url":"https:\/\/dev.codekraft.it\/rotary-2024\/es\/productos\/accesorios-servicio-de-llantas-es\/accesorios-desmontadoras-es\/proteccion-de-goma-para-della-platillo-de-apoyo-rueda\/"},{"id":383816,"mpn":"G1000A158","name":"Placa de sujeci\u00f3n Universal | para ruedas invertidas","description":"Garra universal","thumbnail":"https:\/\/dev.codekraft.it\/rotary-2024\/wp-content\/uploads\/brb_media\/00506723_g1000a87-150x150.png","url":"https:\/\/dev.codekraft.it\/rotary-2024\/es\/productos\/accesorios-servicio-de-llantas-es\/accesorios-desmontadoras-es\/placa-de-sujecion-universal-para-ruedas-invertidas\/"},{"id":382089,"mpn":"G1000A137","name":"Placa de sujeci\u00f3n Universal | para llantas sin agujero central y llantas invertidas | por G1000A138","description":"Garra universal para llantas ciegas \/ llantas al rev\u00e9s","thumbnail":"https:\/\/dev.codekraft.it\/rotary-2024\/wp-content\/uploads\/brb_media\/00506682_g1000a137-01-150x150.png","url":"https:\/\/dev.codekraft.it\/rotary-2024\/es\/productos\/accesorios-servicio-de-llantas-es\/accesorios-desmontadoras-es\/placa-de-sujecion-universal-para-llantas-sin-agujero-central-y-llantas-invertidas-por-g1000a138\/"},{"id":383823,"mpn":"G1000A161","name":"Placa de sujeci\u00f3n Universal | para llantas CLAD con agujero central","description":"Garra universal para bloqueo de la rueda por los agujeros de fijaci\u00f3n - Necesario en la rueda el agujero central para su montaje","thumbnail":"https:\/\/dev.codekraft.it\/rotary-2024\/wp-content\/uploads\/brb_media\/00535630_g1000a161-mi-150x150.png","url":"https:\/\/dev.codekraft.it\/rotary-2024\/es\/productos\/accesorios-servicio-de-llantas-es\/accesorios-desmontadoras-es\/placa-de-sujecion-universal-para-llantas-clad-con-agujero-central\/"},{"id":381586,"mpn":"G1000A86","name":"Espejo con soporte magn\u00e9tico","description":"","thumbnail":"https:\/\/dev.codekraft.it\/rotary-2024\/wp-content\/uploads\/brb_media\/00506710_g1000a86-150x150.png","url":"https:\/\/dev.codekraft.it\/rotary-2024\/es\/productos\/accesorios-servicio-de-llantas-es\/accesorios-desmontadoras-es\/espejo-con-soporte-magnetico\/"},{"id":381550,"mpn":"G1000A101","name":"Garra para LT (Light Truck)","description":"","thumbnail":"https:\/\/dev.codekraft.it\/rotary-2024\/wp-content\/uploads\/brb_media\/00506669_g1000a101-150x150.png","url":"https:\/\/dev.codekraft.it\/rotary-2024\/es\/productos\/accesorios-servicio-de-llantas-es\/accesorios-desmontadoras-es\/garra-para-lt-light-truck\/"},{"id":383227,"mpn":"G1000A152A","name":"Garra para LT (Light Truck) | pasador de accionamiento \u00d8 14 mm","description":"Para desmontadoras de rueda de cierre centralizado","thumbnail":"https:\/\/dev.codekraft.it\/rotary-2024\/wp-content\/uploads\/brb_media\/00506669_g1000a101-150x150.png","url":"https:\/\/dev.codekraft.it\/rotary-2024\/es\/productos\/accesorios-servicio-de-llantas-es\/accesorios-desmontadoras-es\/garra-para-lt-light-truck-pasador-de-accionamiento-o-14-mm\/"},{"id":383178,"mpn":"G1000A92","name":"Cono con espesor | para eje 40 | \u00d8 50 mm","description":"","thumbnail":"https:\/\/dev.codekraft.it\/rotary-2024\/wp-content\/uploads\/brb_media\/00506712_g1000a92-150x150.png","url":"https:\/\/dev.codekraft.it\/rotary-2024\/es\/productos\/accesorios-servicio-de-llantas-es\/accesorios-desmontadoras-es\/cono-con-espesor-para-eje-40-o-50-mm\/"},{"id":381562,"mpn":"G1000A126","name":"Cono con espesor | para eje 40 | \u00d8 69 mm","description":"Necesario G1000A80 - G1000A138","thumbnail":"https:\/\/dev.codekraft.it\/rotary-2024\/wp-content\/uploads\/brb_media\/00471557_tyre-changers-cone-for-40-mm-shaft-di-150x150.png","url":"https:\/\/dev.codekraft.it\/rotary-2024\/es\/productos\/accesorios-servicio-de-llantas-es\/accesorios-desmontadoras-es\/cono-con-espesor-para-eje-40-o-69-mm\/"}],"components":[],"related":[],"page_logo_src":"https:\/\/dev.codekraft.it\/rotary-2024\/wp-content\/uploads\/2024\/05\/cropped-rotary-logo-2022.png","lang":"es","translations":{"es":384489,"en":384479,"de":384486,"fr":384487,"it":384488,"ru":384490},"pll_sync_post":[],"_links":{"self":[{"href":"https:\/\/dev.codekraft.it\/rotary-2024\/wp-json\/wp\/v2\/product\/384489","targetHints":{"allow":["GET"]}}],"collection":[{"href":"https:\/\/dev.codekraft.it\/rotary-2024\/wp-json\/wp\/v2\/product"}],"about":[{"href":"https:\/\/dev.codekraft.it\/rotary-2024\/wp-json\/wp\/v2\/types\/product"}],"wp:featuredmedia":[{"embeddable":true,"href":"https:\/\/dev.codekraft.it\/rotary-2024\/wp-json\/wp\/v2\/media\/384480"}],"wp:attachment":[{"href":"https:\/\/dev.codekraft.it\/rotary-2024\/wp-json\/wp\/v2\/media?parent=384489"}],"wp:term":[{"taxonomy":"product_brand","embeddable":true,"href":"https:\/\/dev.codekraft.it\/rotary-2024\/wp-json\/wp\/v2\/product_brand?post=384489"},{"taxonomy":"product_cat","embeddable":true,"href":"https:\/\/dev.codekraft.it\/rotary-2024\/wp-json\/wp\/v2\/product_cat?post=384489"},{"taxonomy":"product_tag","embeddable":true,"href":"https:\/\/dev.codekraft.it\/rotary-2024\/wp-json\/wp\/v2\/product_tag?post=384489"},{"taxonomy":"product_approvals","embeddable":true,"href":"https:\/\/dev.codekraft.it\/rotary-2024\/wp-json\/wp\/v2\/product_approvals?post=384489"},{"taxonomy":"product_application","embeddable":true,"href":"https:\/\/dev.codekraft.it\/rotary-2024\/wp-json\/wp\/v2\/product_application?post=384489"}],"curies":[{"name":"wp","href":"https:\/\/api.w.org\/{rel}","templated":true}]}}