{"id":384435,"date":"2025-09-08T09:01:34","date_gmt":"2025-09-08T09:01:34","guid":{"rendered":"https:\/\/dev.codekraft.it\/rotary-2024\/products\/uncategorized\/desmontadora-de-neumaticos-hp641sd-24\/"},"modified":"2025-09-08T09:01:34","modified_gmt":"2025-09-08T09:01:34","slug":"desmontadora-de-neumaticos-hp641sd-24","status":"publish","type":"product","link":"https:\/\/dev.codekraft.it\/rotary-2024\/es\/productos\/servicio-de-llantas-es\/desmontadoras-es\/desmontadora-de-neumaticos-hp641sd-24\/","title":{"rendered":"Desmontadora de neum\u00e1ticos HP641SD.24"},"content":{"rendered":"","protected":false},"excerpt":{"rendered":"<p>\u00d9til de montaje y palanca, autom\u00e1tica, plato cuadrado est\u00e1ndar, incl. protectores de pl\u00e1stico para llantas de aleaci\u00f3n, turismo, di\u00e1metro de llanta 10 &#8211; 26,5\u2033, anchura llante max. 15\u2033 | Rojo (RAL 3002) | para llantas con di\u00e1metro rueda m\u00e1x. 43\u2033 (1092 mm)<\/p>\n","protected":false},"featured_media":350926,"template":"","meta":[],"product_brand":[],"product_cat":[1033424],"product_tag":[1034203,1034169,1034186],"product_approvals":[],"product_application":[],"class_list":{"0":"post-384435","1":"product","2":"type-product","3":"status-publish","4":"has-post-thumbnail","6":"product_cat-desmontadoras-es","7":"product_tag-motor-homes-es","8":"product_tag-passenger-cars-es","9":"product_tag-light-commercial-es","11":"first","12":"instock","13":"shipping-taxable","14":"product-type-simple"},"approvals":[],"application":[],"brb_media_brochure":"","brb_media_drawing":"","brb_media_manuals":[{"id":379561,"url":"https:\/\/dev.codekraft.it\/rotary-2024\/wp-content\/uploads\/brb_media\/00536837_tyre-changer-hp441-hp641-tc624-hp643-g7441-tc630-g7641-t2210-2-pro-g7645-g8645-ga2441-ga2641-ga2645-im-7300-m053-01_vsg_rev01_5l-multi-2024-07.pdf","title":"tyre changer hp441 hp641 tc624 hp643 g7441 tc630 g7641 t2210 2 pro g7645 g8645 ga2441 ga2641 ga2645 im 7300 m053 01 vsg rev01 5l multi 2024 07","mpn":"","thumbnail":"https:\/\/dev.codekraft.it\/rotary-2024\/wp-content\/uploads\/brb_media\/00536837_tyre-changer-hp441-hp641-tc624-hp643-g7441-tc630-g7641-t2210-2-pro-g7645-g8645-ga2441-ga2641-ga2645-im-7300-m053-01_vsg_rev01_5l-multi-2024-07-pdf-106x150.png","description":""}],"brb_media_safety_datasheets":"","brb_media_spare_parts":[],"_cdmm_p_id":"503674","_company":"Elektron","_gtin":"5063084200938","accessories":[{"id":381458,"mpn":"G800A11","name":"Protecci\u00f3n de pl\u00e1stico para pala destalonadora","description":"1 pieza","thumbnail":"https:\/\/dev.codekraft.it\/rotary-2024\/wp-content\/uploads\/brb_media\/00506714_g800a11-01-150x150.png","url":"https:\/\/dev.codekraft.it\/rotary-2024\/es\/productos\/accesorios-servicio-de-llantas-es\/accesorios-desmontadoras-es\/proteccion-de-plastico-para-pala-destalonadora\/"},{"id":381997,"mpn":"G800A11K","name":"Protecci\u00f3n de pl\u00e1stico para pala destalonadora","description":"5 piezas","thumbnail":"https:\/\/dev.codekraft.it\/rotary-2024\/wp-content\/uploads\/brb_media\/00506714_g800a11-01-150x150.png","url":"https:\/\/dev.codekraft.it\/rotary-2024\/es\/productos\/accesorios-servicio-de-llantas-es\/accesorios-desmontadoras-es\/proteccion-de-plastico-para-pala-destalonadora-2\/"},{"id":380181,"mpn":"G800A117K","name":"Protecci\u00f3n de pl\u00e1stico para cabezal de montaje | Quick insert","description":"Protecciones para u\u00f1a de tipo encastre, para llantas de aleaci\u00f3n | 10 juegos","thumbnail":"https:\/\/dev.codekraft.it\/rotary-2024\/wp-content\/uploads\/brb_media\/00506624_g800a117-150x150.png","url":"https:\/\/dev.codekraft.it\/rotary-2024\/es\/productos\/accesorios-servicio-de-llantas-es\/accesorios-desmontadoras-es\/proteccion-de-plastico-para-cabezal-de-montaje-quick-insert\/"},{"id":380435,"mpn":"G800A132K","name":"Protecci\u00f3n de pl\u00e1stico para cabezal de montaje","description":"Protecciones \u00fatil para llantas de aleaci\u00f3n | 1 juego","thumbnail":"https:\/\/dev.codekraft.it\/rotary-2024\/wp-content\/uploads\/brb_media\/00437955_10-g800a8-150x150.jpg","url":"https:\/\/dev.codekraft.it\/rotary-2024\/es\/productos\/accesorios-servicio-de-llantas-es\/accesorios-desmontadoras-es\/proteccion-de-plastico-para-cabezal-de-montaje\/"},{"id":383308,"mpn":"G1000A13K","name":"Protecciones palanca levanta talones para palanca | 1 juego \/ 50 piezas","description":"","thumbnail":"https:\/\/dev.codekraft.it\/rotary-2024\/wp-content\/uploads\/brb_media\/00506686_g1000a13k-150x150.png","url":"https:\/\/dev.codekraft.it\/rotary-2024\/es\/productos\/accesorios-servicio-de-llantas-es\/accesorios-desmontadoras-es\/protecciones-palanca-levanta-talones-para-palanca-1-juego-50-piezas\/"},{"id":383902,"mpn":"G84A13","name":"Mordaza bloquea tal\u00f3n","description":"","thumbnail":"https:\/\/dev.codekraft.it\/rotary-2024\/wp-content\/uploads\/brb_media\/00506659_g84a13-150x150.png","url":"https:\/\/dev.codekraft.it\/rotary-2024\/es\/productos\/accesorios-servicio-de-llantas-es\/accesorios-desmontadoras-es\/mordaza-bloquea-talon\/"},{"id":383859,"mpn":"G800A98K","name":"Protecci\u00f3n de pl\u00e1stico para mordazas de sujeci\u00f3n 20 &#8211; 22\u2033","description":"Protecciones para llantas de aleaci\u00f3n | 10 juegos \/ 40 piezas","thumbnail":"https:\/\/dev.codekraft.it\/rotary-2024\/wp-content\/uploads\/brb_media\/00539671_tyre-changers-g800a98-mi-150x150.png","url":"https:\/\/dev.codekraft.it\/rotary-2024\/es\/productos\/accesorios-servicio-de-llantas-es\/accesorios-desmontadoras-es\/proteccion-de-plastico-para-mordazas-de-sujecion-20-22%e2%80%b3-2\/"},{"id":382021,"mpn":"G1000A160","name":"Palanca | en forma de \u201cpl\u00e1tano\u201d","description":"","thumbnail":"https:\/\/dev.codekraft.it\/rotary-2024\/wp-content\/uploads\/brb_media\/00506725_b2440002-150x150.png","url":"https:\/\/dev.codekraft.it\/rotary-2024\/es\/productos\/accesorios-servicio-de-llantas-es\/accesorios-desmontadoras-es\/palanca-en-forma-de-platano\/"},{"id":383835,"mpn":"G800A114","name":"Extensi\u00f3n para prensor ruedas RFT","description":"","thumbnail":"https:\/\/dev.codekraft.it\/rotary-2024\/wp-content\/uploads\/brb_media\/00506622_g800a114-150x150.png","url":"https:\/\/dev.codekraft.it\/rotary-2024\/es\/productos\/accesorios-servicio-de-llantas-es\/accesorios-desmontadoras-es\/extension-para-prensor-ruedas-rft\/"},{"id":382108,"mpn":"G800A37","name":"Jab\u00f3n lubricante para montaje\/desmontaje neum\u00e1ticos | 3,5 kg","description":"","thumbnail":"https:\/\/dev.codekraft.it\/rotary-2024\/wp-content\/uploads\/brb_media\/00506743_g800a37-150x150.png","url":"https:\/\/dev.codekraft.it\/rotary-2024\/es\/productos\/accesorios-servicio-de-llantas-es\/accesorios-desmontadoras-es\/jabon-lubricante-para-montaje-desmontaje-neumaticos-35-kg\/"},{"id":383896,"mpn":"G1000A32","name":"WulstBoy con dispositivo de tracci\u00f3n y cadena de rosario de hasta 24\u2033","description":"","thumbnail":"https:\/\/dev.codekraft.it\/rotary-2024\/wp-content\/uploads\/brb_media\/00506619_g1000a32-150x150.png","url":"https:\/\/dev.codekraft.it\/rotary-2024\/es\/productos\/accesorios-servicio-de-llantas-es\/accesorios-desmontadoras-es\/wulstboy-con-dispositivo-de-traccion-y-cadena-de-rosario-de-hasta-24%e2%80%b3\/"},{"id":381336,"mpn":"G1000A36","name":"Extensi\u00f3n para prensa tal\u00f3n a 28\u2033 | para G1000A32","description":"Incluido en el kit WDK","thumbnail":"https:\/\/dev.codekraft.it\/rotary-2024\/wp-content\/uploads\/brb_media\/00506693_g1000a36-150x150.png","url":"https:\/\/dev.codekraft.it\/rotary-2024\/es\/productos\/accesorios-servicio-de-llantas-es\/accesorios-desmontadoras-es\/extension-para-prensa-talon-a-28%e2%80%b3-para-g1000a32\/"},{"id":383364,"mpn":"PLUS83H","name":"Brazo de ayuda neum\u00e1tico | con brazo prensa tal\u00f3n rotatorio","description":"Dispositivo prensa tal\u00f3n neum\u00e1tico con brazo prensa tal\u00f3n rotatorio","thumbnail":"https:\/\/dev.codekraft.it\/rotary-2024\/wp-content\/uploads\/brb_media\/00506660_plus83h-150x150.png","url":"https:\/\/dev.codekraft.it\/rotary-2024\/es\/productos\/accesorios-servicio-de-llantas-es\/accesorios-desmontadoras-es\/brazo-de-ayuda-neumatico-con-brazo-prensa-talon-rotatorio-3\/"},{"id":383346,"mpn":"PLUS83H\/D","name":"Brazo de ayuda neum\u00e1tico | con brazo prensa tal\u00f3n rotatorio y dispositivo de prensado de tal\u00f3n WDK","description":"PLUS83 con presor WDK","thumbnail":"https:\/\/dev.codekraft.it\/rotary-2024\/wp-content\/uploads\/brb_media\/00506661_plus83hd-150x150.png","url":"https:\/\/dev.codekraft.it\/rotary-2024\/es\/productos\/accesorios-servicio-de-llantas-es\/accesorios-desmontadoras-es\/brazo-de-ayuda-neumatico-con-brazo-prensa-talon-rotatorio-y-dispositivo-de-prensado-de-talon-wdk\/"},{"id":382009,"mpn":"G800A116","name":"Brazo suplementar lateral con rodillo cil\u00edndrico | sin disco elevador","description":"Accesorio de desmontadoras","thumbnail":"https:\/\/dev.codekraft.it\/rotary-2024\/wp-content\/uploads\/brb_media\/00506623_g800a116-150x150.png","url":"https:\/\/dev.codekraft.it\/rotary-2024\/es\/productos\/accesorios-servicio-de-llantas-es\/accesorios-desmontadoras-es\/brazo-suplementar-lateral-con-rodillo-cilindrico-sin-disco-elevador\/"},{"id":383723,"mpn":"G800A119","name":"Brazo suplementar lateral con disco","description":"Accesorio de desmontadoras | Sin opci\u00f3n brazo hexagonal!","thumbnail":"https:\/\/dev.codekraft.it\/rotary-2024\/wp-content\/uploads\/brb_media\/00506625_g800a119-150x150.png","url":"https:\/\/dev.codekraft.it\/rotary-2024\/es\/productos\/accesorios-servicio-de-llantas-es\/accesorios-desmontadoras-es\/brazo-suplementar-lateral-con-disco\/"},{"id":383574,"mpn":"G800A122","name":"Puntas para garras plato","description":"Reemplazables | para desmontadoras | 1 juego \/ 8 piezas","thumbnail":"https:\/\/dev.codekraft.it\/rotary-2024\/wp-content\/uploads\/brb_media\/00506626_g800a122-150x150.png","url":"https:\/\/dev.codekraft.it\/rotary-2024\/es\/productos\/accesorios-servicio-de-llantas-es\/accesorios-desmontadoras-es\/puntas-para-garras-plato\/"},{"id":383414,"mpn":"G84A1","name":"Pistola de inflado sin v\u00e1lvula inflado rapido con limitadora de presi\u00f3n","description":"Dispositivo de inflado para desmontadoras","thumbnail":"https:\/\/dev.codekraft.it\/rotary-2024\/wp-content\/uploads\/brb_media\/00506655_g84a1-150x150.png","url":"https:\/\/dev.codekraft.it\/rotary-2024\/es\/productos\/accesorios-servicio-de-llantas-es\/accesorios-desmontadoras-es\/pistola-de-inflado-sin-valvula-inflado-rapido-con-limitadora-de-presion\/"},{"id":381520,"mpn":"G800A35","name":"Elevador para ruedas neum\u00e1tico","description":"","thumbnail":"https:\/\/dev.codekraft.it\/rotary-2024\/wp-content\/uploads\/brb_media\/00506634_g800a35-150x150.png","url":"https:\/\/dev.codekraft.it\/rotary-2024\/es\/productos\/accesorios-servicio-de-llantas-es\/accesorios-desmontadoras-es\/elevador-para-ruedas-neumatico\/"},{"id":382003,"mpn":"G800A77","name":"Juego contenedor para v\u00e1lvulas\/accesorios | con palo de fijaci\u00f3n","description":"","thumbnail":"https:\/\/dev.codekraft.it\/rotary-2024\/wp-content\/uploads\/brb_media\/00506646_g800a77-02-150x150.png","url":"https:\/\/dev.codekraft.it\/rotary-2024\/es\/productos\/accesorios-servicio-de-llantas-es\/accesorios-desmontadoras-es\/juego-contenedor-para-valvulas-accesorios-con-palo-de-fijacion\/"},{"id":381465,"mpn":"G800A70","name":"Juego enganche r\u00e1pido \u00fatiles | sin \u00fatil","description":"El juego G800A70 reduce la altura m\u00e1xima de rueda de 2\u2033","thumbnail":"https:\/\/dev.codekraft.it\/rotary-2024\/wp-content\/uploads\/brb_media\/00506641_g800a70-150x150.png","url":"https:\/\/dev.codekraft.it\/rotary-2024\/es\/productos\/accesorios-servicio-de-llantas-es\/accesorios-desmontadoras-es\/juego-enganche-rapido-utiles-sin-util\/"},{"id":381477,"mpn":"G800A72","name":"Cabezal de montaje para turismos | in plastica","description":"Para los modelos dotados de util rapido | completo de casquillo para enganche r\u00e1pido","thumbnail":"","url":"https:\/\/dev.codekraft.it\/rotary-2024\/es\/productos\/accesorios-servicio-de-llantas-es\/accesorios-desmontadoras-es\/cabezal-de-montaje-para-turismos-in-plastica\/"},{"id":383197,"mpn":"G800A126","name":"Cabezal de montaje para turismos | in plastica","description":"NO attacco rapido | para todos los modelos | completo de casquillo para enganche directamente al palo hexagonal de la m\u00e1quina","thumbnail":"","url":"https:\/\/dev.codekraft.it\/rotary-2024\/es\/productos\/accesorios-servicio-de-llantas-es\/accesorios-desmontadoras-es\/cabezal-de-montaje-para-turismos-in-plastica-2\/"},{"id":383191,"mpn":"G800A73","name":"Cabezal de montaje para turismos | pivoteante | in plastica","description":"Para los modelos dotados de util rapido | completo de casquillo para enganche r\u00e1pido","thumbnail":"https:\/\/dev.codekraft.it\/rotary-2024\/wp-content\/uploads\/brb_media\/00506642_g800a73-150x150.png","url":"https:\/\/dev.codekraft.it\/rotary-2024\/es\/productos\/accesorios-servicio-de-llantas-es\/accesorios-desmontadoras-es\/cabezal-de-montaje-para-turismos-pivoteante-in-plastica\/"},{"id":381489,"mpn":"G800A74","name":"Cabezal de montaje para motocicletas | en pl\u00e1stico","description":"Para todos los modelos con enganche r\u00e1pido | completo de casquillo para enganche r\u00e1pido","thumbnail":"https:\/\/dev.codekraft.it\/rotary-2024\/wp-content\/uploads\/brb_media\/00506643_g800a74-150x150.png","url":"https:\/\/dev.codekraft.it\/rotary-2024\/es\/productos\/accesorios-servicio-de-llantas-es\/accesorios-desmontadoras-es\/cabezal-de-montaje-para-motocicletas-en-plastico\/"},{"id":381483,"mpn":"G800A76","name":"Cabezal de montaje para ruedas ATV","description":"Para todos los modelos con enganche r\u00e1pido | completo de soporte para enganche rapido","thumbnail":"https:\/\/dev.codekraft.it\/rotary-2024\/wp-content\/uploads\/brb_media\/00506645_g800a76-150x150.png","url":"https:\/\/dev.codekraft.it\/rotary-2024\/es\/productos\/accesorios-servicio-de-llantas-es\/accesorios-desmontadoras-es\/cabezal-de-montaje-para-ruedas-atv\/"},{"id":381471,"mpn":"G800A75","name":"Casquillo para enganche r\u00e1pido","description":"Para todos los modelos con enganche r\u00e1pido","thumbnail":"https:\/\/dev.codekraft.it\/rotary-2024\/wp-content\/uploads\/brb_media\/00506644_g800a75-150x150.png","url":"https:\/\/dev.codekraft.it\/rotary-2024\/es\/productos\/accesorios-servicio-de-llantas-es\/accesorios-desmontadoras-es\/casquillo-para-enganche-rapido\/"}],"components":[],"related":[],"page_logo_src":"https:\/\/dev.codekraft.it\/rotary-2024\/wp-content\/uploads\/2024\/05\/cropped-rotary-logo-2022.png","lang":"es","translations":{"es":384435,"en":384431,"de":384432,"fr":384433,"it":384434,"ru":384436},"pll_sync_post":[],"_links":{"self":[{"href":"https:\/\/dev.codekraft.it\/rotary-2024\/wp-json\/wp\/v2\/product\/384435","targetHints":{"allow":["GET"]}}],"collection":[{"href":"https:\/\/dev.codekraft.it\/rotary-2024\/wp-json\/wp\/v2\/product"}],"about":[{"href":"https:\/\/dev.codekraft.it\/rotary-2024\/wp-json\/wp\/v2\/types\/product"}],"wp:featuredmedia":[{"embeddable":true,"href":"https:\/\/dev.codekraft.it\/rotary-2024\/wp-json\/wp\/v2\/media\/350926"}],"wp:attachment":[{"href":"https:\/\/dev.codekraft.it\/rotary-2024\/wp-json\/wp\/v2\/media?parent=384435"}],"wp:term":[{"taxonomy":"product_brand","embeddable":true,"href":"https:\/\/dev.codekraft.it\/rotary-2024\/wp-json\/wp\/v2\/product_brand?post=384435"},{"taxonomy":"product_cat","embeddable":true,"href":"https:\/\/dev.codekraft.it\/rotary-2024\/wp-json\/wp\/v2\/product_cat?post=384435"},{"taxonomy":"product_tag","embeddable":true,"href":"https:\/\/dev.codekraft.it\/rotary-2024\/wp-json\/wp\/v2\/product_tag?post=384435"},{"taxonomy":"product_approvals","embeddable":true,"href":"https:\/\/dev.codekraft.it\/rotary-2024\/wp-json\/wp\/v2\/product_approvals?post=384435"},{"taxonomy":"product_application","embeddable":true,"href":"https:\/\/dev.codekraft.it\/rotary-2024\/wp-json\/wp\/v2\/product_application?post=384435"}],"curies":[{"name":"wp","href":"https:\/\/api.w.org\/{rel}","templated":true}]}}