{"id":384429,"date":"2025-09-08T09:01:34","date_gmt":"2025-09-08T09:01:34","guid":{"rendered":"https:\/\/dev.codekraft.it\/rotary-2024\/products\/uncategorized\/desmontadora-de-neumaticos-hp441sq-22\/"},"modified":"2025-09-08T09:01:34","modified_gmt":"2025-09-08T09:01:34","slug":"desmontadora-de-neumaticos-hp441sq-22","status":"publish","type":"product","link":"https:\/\/dev.codekraft.it\/rotary-2024\/es\/productos\/servicio-de-llantas-es\/desmontadoras-es\/desmontadora-de-neumaticos-hp441sq-22\/","title":{"rendered":"Desmontadora de neum\u00e1ticos HP441SQ.22"},"content":{"rendered":"","protected":false},"excerpt":{"rendered":"<p>\u00d9til de montaje y palanca, autom\u00e1tica, plato cuadrado est\u00e1ndar, incl. protectores de pl\u00e1stico para llantas de aleaci\u00f3n, turismo, di\u00e1metro de llanta 10 &#8211; 24,5\u2033, anchura llante max. 12\u2033 | Rojo (RAL 3002) | para llantas con di\u00e1metro rueda m\u00e1x. 41\u2033 (1050 mm)<\/p>\n","protected":false},"featured_media":355956,"template":"","meta":[],"product_brand":[],"product_cat":[1033424],"product_tag":[1034169,1034186],"product_approvals":[],"product_application":[],"class_list":{"0":"post-384429","1":"product","2":"type-product","3":"status-publish","4":"has-post-thumbnail","6":"product_cat-desmontadoras-es","7":"product_tag-passenger-cars-es","8":"product_tag-light-commercial-es","10":"first","11":"instock","12":"shipping-taxable","13":"product-type-simple"},"approvals":[],"application":[],"brb_media_brochure":"","brb_media_drawing":"","brb_media_manuals":[{"id":379561,"url":"https:\/\/dev.codekraft.it\/rotary-2024\/wp-content\/uploads\/brb_media\/00536837_tyre-changer-hp441-hp641-tc624-hp643-g7441-tc630-g7641-t2210-2-pro-g7645-g8645-ga2441-ga2641-ga2645-im-7300-m053-01_vsg_rev01_5l-multi-2024-07.pdf","title":"tyre changer hp441 hp641 tc624 hp643 g7441 tc630 g7641 t2210 2 pro g7645 g8645 ga2441 ga2641 ga2645 im 7300 m053 01 vsg rev01 5l multi 2024 07","mpn":"","thumbnail":"https:\/\/dev.codekraft.it\/rotary-2024\/wp-content\/uploads\/brb_media\/00536837_tyre-changer-hp441-hp641-tc624-hp643-g7441-tc630-g7641-t2210-2-pro-g7645-g8645-ga2441-ga2641-ga2645-im-7300-m053-01_vsg_rev01_5l-multi-2024-07-pdf-106x150.png","description":""}],"brb_media_safety_datasheets":"","brb_media_spare_parts":[],"_cdmm_p_id":"503671","_company":"Elektron","_gtin":"5063084201102","accessories":[{"id":383853,"mpn":"G800A8K","name":"Protecci\u00f3n de pl\u00e1stico para cabezal de montaje | Leverless","description":"Protecciones \u00fatil para llantas de aleaci\u00f3n | 10 juegos","thumbnail":"https:\/\/dev.codekraft.it\/rotary-2024\/wp-content\/uploads\/brb_media\/00506649_g800a8-150x150.png","url":"https:\/\/dev.codekraft.it\/rotary-2024\/es\/productos\/accesorios-servicio-de-llantas-es\/accesorios-desmontadoras-es\/proteccion-de-plastico-para-cabezal-de-montaje-leverless-2\/"},{"id":383308,"mpn":"G1000A13K","name":"Protecciones palanca levanta talones para palanca | 1 juego \/ 50 piezas","description":"","thumbnail":"https:\/\/dev.codekraft.it\/rotary-2024\/wp-content\/uploads\/brb_media\/00506686_g1000a13k-150x150.png","url":"https:\/\/dev.codekraft.it\/rotary-2024\/es\/productos\/accesorios-servicio-de-llantas-es\/accesorios-desmontadoras-es\/protecciones-palanca-levanta-talones-para-palanca-1-juego-50-piezas\/"},{"id":381458,"mpn":"G800A11","name":"Protecci\u00f3n de pl\u00e1stico para pala destalonadora","description":"1 pieza","thumbnail":"https:\/\/dev.codekraft.it\/rotary-2024\/wp-content\/uploads\/brb_media\/00506714_g800a11-01-150x150.png","url":"https:\/\/dev.codekraft.it\/rotary-2024\/es\/productos\/accesorios-servicio-de-llantas-es\/accesorios-desmontadoras-es\/proteccion-de-plastico-para-pala-destalonadora\/"},{"id":381997,"mpn":"G800A11K","name":"Protecci\u00f3n de pl\u00e1stico para pala destalonadora","description":"5 piezas","thumbnail":"https:\/\/dev.codekraft.it\/rotary-2024\/wp-content\/uploads\/brb_media\/00506714_g800a11-01-150x150.png","url":"https:\/\/dev.codekraft.it\/rotary-2024\/es\/productos\/accesorios-servicio-de-llantas-es\/accesorios-desmontadoras-es\/proteccion-de-plastico-para-pala-destalonadora-2\/"},{"id":383902,"mpn":"G84A13","name":"Mordaza bloquea tal\u00f3n","description":"","thumbnail":"https:\/\/dev.codekraft.it\/rotary-2024\/wp-content\/uploads\/brb_media\/00506659_g84a13-150x150.png","url":"https:\/\/dev.codekraft.it\/rotary-2024\/es\/productos\/accesorios-servicio-de-llantas-es\/accesorios-desmontadoras-es\/mordaza-bloquea-talon\/"},{"id":382108,"mpn":"G800A37","name":"Jab\u00f3n lubricante para montaje\/desmontaje neum\u00e1ticos | 3,5 kg","description":"","thumbnail":"https:\/\/dev.codekraft.it\/rotary-2024\/wp-content\/uploads\/brb_media\/00506743_g800a37-150x150.png","url":"https:\/\/dev.codekraft.it\/rotary-2024\/es\/productos\/accesorios-servicio-de-llantas-es\/accesorios-desmontadoras-es\/jabon-lubricante-para-montaje-desmontaje-neumaticos-35-kg\/"},{"id":382907,"mpn":"G800A49","name":"Rodillo prensor | 45\u00b0 inclinado","description":"Con guardia para utilizar en combinaci\u00f3n con G800A51","thumbnail":"https:\/\/dev.codekraft.it\/rotary-2024\/wp-content\/uploads\/brb_media\/00506635_g800a49-150x150.png","url":"https:\/\/dev.codekraft.it\/rotary-2024\/es\/productos\/accesorios-servicio-de-llantas-es\/accesorios-desmontadoras-es\/rodillo-prensor-45-inclinado-2\/"},{"id":382901,"mpn":"G800A51","name":"Rodillo prensor | 45\u00b0 inclinado","description":"Utilizar en combinaci\u00f3n con G800A49 | necesario G800A119 para PLUS83H (configuraci\u00f3n WDK)","thumbnail":"https:\/\/dev.codekraft.it\/rotary-2024\/wp-content\/uploads\/brb_media\/00506636_g800a51-150x150.png","url":"https:\/\/dev.codekraft.it\/rotary-2024\/es\/productos\/accesorios-servicio-de-llantas-es\/accesorios-desmontadoras-es\/rodillo-prensor-45-inclinado\/"},{"id":383859,"mpn":"G800A98K","name":"Protecci\u00f3n de pl\u00e1stico para mordazas de sujeci\u00f3n 20 &#8211; 22\u2033","description":"Protecciones para llantas de aleaci\u00f3n | 10 juegos \/ 40 piezas","thumbnail":"https:\/\/dev.codekraft.it\/rotary-2024\/wp-content\/uploads\/brb_media\/00539671_tyre-changers-g800a98-mi-150x150.png","url":"https:\/\/dev.codekraft.it\/rotary-2024\/es\/productos\/accesorios-servicio-de-llantas-es\/accesorios-desmontadoras-es\/proteccion-de-plastico-para-mordazas-de-sujecion-20-22%e2%80%b3-2\/"},{"id":383835,"mpn":"G800A114","name":"Extensi\u00f3n para prensor ruedas RFT","description":"","thumbnail":"https:\/\/dev.codekraft.it\/rotary-2024\/wp-content\/uploads\/brb_media\/00506622_g800a114-150x150.png","url":"https:\/\/dev.codekraft.it\/rotary-2024\/es\/productos\/accesorios-servicio-de-llantas-es\/accesorios-desmontadoras-es\/extension-para-prensor-ruedas-rft\/"},{"id":381336,"mpn":"G1000A36","name":"Extensi\u00f3n para prensa tal\u00f3n a 28\u2033 | para G1000A32","description":"Incluido en el kit WDK","thumbnail":"https:\/\/dev.codekraft.it\/rotary-2024\/wp-content\/uploads\/brb_media\/00506693_g1000a36-150x150.png","url":"https:\/\/dev.codekraft.it\/rotary-2024\/es\/productos\/accesorios-servicio-de-llantas-es\/accesorios-desmontadoras-es\/extension-para-prensa-talon-a-28%e2%80%b3-para-g1000a32\/"},{"id":383364,"mpn":"PLUS83H","name":"Brazo de ayuda neum\u00e1tico | con brazo prensa tal\u00f3n rotatorio","description":"Dispositivo prensa tal\u00f3n neum\u00e1tico con brazo prensa tal\u00f3n rotatorio","thumbnail":"https:\/\/dev.codekraft.it\/rotary-2024\/wp-content\/uploads\/brb_media\/00506660_plus83h-150x150.png","url":"https:\/\/dev.codekraft.it\/rotary-2024\/es\/productos\/accesorios-servicio-de-llantas-es\/accesorios-desmontadoras-es\/brazo-de-ayuda-neumatico-con-brazo-prensa-talon-rotatorio-3\/"},{"id":383346,"mpn":"PLUS83H\/D","name":"Brazo de ayuda neum\u00e1tico | con brazo prensa tal\u00f3n rotatorio y dispositivo de prensado de tal\u00f3n WDK","description":"PLUS83 con presor WDK","thumbnail":"https:\/\/dev.codekraft.it\/rotary-2024\/wp-content\/uploads\/brb_media\/00506661_plus83hd-150x150.png","url":"https:\/\/dev.codekraft.it\/rotary-2024\/es\/productos\/accesorios-servicio-de-llantas-es\/accesorios-desmontadoras-es\/brazo-de-ayuda-neumatico-con-brazo-prensa-talon-rotatorio-y-dispositivo-de-prensado-de-talon-wdk\/"},{"id":382009,"mpn":"G800A116","name":"Brazo suplementar lateral con rodillo cil\u00edndrico | sin disco elevador","description":"Accesorio de desmontadoras","thumbnail":"https:\/\/dev.codekraft.it\/rotary-2024\/wp-content\/uploads\/brb_media\/00506623_g800a116-150x150.png","url":"https:\/\/dev.codekraft.it\/rotary-2024\/es\/productos\/accesorios-servicio-de-llantas-es\/accesorios-desmontadoras-es\/brazo-suplementar-lateral-con-rodillo-cilindrico-sin-disco-elevador\/"},{"id":383723,"mpn":"G800A119","name":"Brazo suplementar lateral con disco","description":"Accesorio de desmontadoras | Sin opci\u00f3n brazo hexagonal!","thumbnail":"https:\/\/dev.codekraft.it\/rotary-2024\/wp-content\/uploads\/brb_media\/00506625_g800a119-150x150.png","url":"https:\/\/dev.codekraft.it\/rotary-2024\/es\/productos\/accesorios-servicio-de-llantas-es\/accesorios-desmontadoras-es\/brazo-suplementar-lateral-con-disco\/"},{"id":383574,"mpn":"G800A122","name":"Puntas para garras plato","description":"Reemplazables | para desmontadoras | 1 juego \/ 8 piezas","thumbnail":"https:\/\/dev.codekraft.it\/rotary-2024\/wp-content\/uploads\/brb_media\/00506626_g800a122-150x150.png","url":"https:\/\/dev.codekraft.it\/rotary-2024\/es\/productos\/accesorios-servicio-de-llantas-es\/accesorios-desmontadoras-es\/puntas-para-garras-plato\/"},{"id":380447,"mpn":"PLUS73","name":"Brazo de ayuda neum\u00e1tico | con brazo prensa tal\u00f3n rotatorio","description":"Dispositivo prensa tal\u00f3n neum\u00e1tico con brazo prensa tal\u00f3n rotatorio","thumbnail":"https:\/\/dev.codekraft.it\/rotary-2024\/wp-content\/uploads\/brb_media\/00394187_tyre-changer-bead-pusher-oem-di-150x150.png","url":"https:\/\/dev.codekraft.it\/rotary-2024\/es\/productos\/accesorios-servicio-de-llantas-es\/accesorios-desmontadoras-es\/brazo-de-ayuda-neumatico-con-brazo-prensa-talon-rotatorio\/"},{"id":382021,"mpn":"G1000A160","name":"Palanca | en forma de \u201cpl\u00e1tano\u201d","description":"","thumbnail":"https:\/\/dev.codekraft.it\/rotary-2024\/wp-content\/uploads\/brb_media\/00506725_b2440002-150x150.png","url":"https:\/\/dev.codekraft.it\/rotary-2024\/es\/productos\/accesorios-servicio-de-llantas-es\/accesorios-desmontadoras-es\/palanca-en-forma-de-platano\/"}],"components":[],"related":[],"page_logo_src":"https:\/\/dev.codekraft.it\/rotary-2024\/wp-content\/uploads\/2024\/05\/cropped-rotary-logo-2022.png","lang":"es","translations":{"es":384429,"en":384425,"de":384426,"fr":384427,"it":384428,"ru":384430},"pll_sync_post":[],"_links":{"self":[{"href":"https:\/\/dev.codekraft.it\/rotary-2024\/wp-json\/wp\/v2\/product\/384429","targetHints":{"allow":["GET"]}}],"collection":[{"href":"https:\/\/dev.codekraft.it\/rotary-2024\/wp-json\/wp\/v2\/product"}],"about":[{"href":"https:\/\/dev.codekraft.it\/rotary-2024\/wp-json\/wp\/v2\/types\/product"}],"wp:featuredmedia":[{"embeddable":true,"href":"https:\/\/dev.codekraft.it\/rotary-2024\/wp-json\/wp\/v2\/media\/355956"}],"wp:attachment":[{"href":"https:\/\/dev.codekraft.it\/rotary-2024\/wp-json\/wp\/v2\/media?parent=384429"}],"wp:term":[{"taxonomy":"product_brand","embeddable":true,"href":"https:\/\/dev.codekraft.it\/rotary-2024\/wp-json\/wp\/v2\/product_brand?post=384429"},{"taxonomy":"product_cat","embeddable":true,"href":"https:\/\/dev.codekraft.it\/rotary-2024\/wp-json\/wp\/v2\/product_cat?post=384429"},{"taxonomy":"product_tag","embeddable":true,"href":"https:\/\/dev.codekraft.it\/rotary-2024\/wp-json\/wp\/v2\/product_tag?post=384429"},{"taxonomy":"product_approvals","embeddable":true,"href":"https:\/\/dev.codekraft.it\/rotary-2024\/wp-json\/wp\/v2\/product_approvals?post=384429"},{"taxonomy":"product_application","embeddable":true,"href":"https:\/\/dev.codekraft.it\/rotary-2024\/wp-json\/wp\/v2\/product_application?post=384429"}],"curies":[{"name":"wp","href":"https:\/\/api.w.org\/{rel}","templated":true}]}}