{"id":384385,"date":"2025-09-08T09:00:24","date_gmt":"2025-09-08T09:00:24","guid":{"rendered":"https:\/\/dev.codekraft.it\/rotary-2024\/products\/uncategorized\/demonte-pneu-aikido-evofi-premium\/"},"modified":"2025-09-08T09:00:24","modified_gmt":"2025-09-08T09:00:24","slug":"demonte-pneu-aikido-evofi-premium","status":"publish","type":"product","link":"https:\/\/dev.codekraft.it\/rotary-2024\/fr\/produits\/service-de-pneus-fr\/demonte-pneus-fr\/demonte-pneu-aikido-evofi-premium\/","title":{"rendered":"D\u00e9monte-pneu Aikido.EvoFI Premium"},"content":{"rendered":"<p>L&#8217;Aikido.Evo Premium est un d\u00e9monte pneu sans levier, \u00e9quip\u00e9 d\u2019une t\u00eate de d\u00e9montage en composite brevet\u00e9e Butler pour le montage et le d\u00e9montage sans contrainte de tous les pneus et jantes. Capacit\u00e9 de travail sur jantes d\u2019un diam\u00e8tre compris entre 10 &#8211; 34\u2033. Son compartiment de rangement est suffisant pour vous permettre d&#8217;avoir tous vos outils et accessoires l\u00e0 o\u00f9 vous travaillez. De plus, elle s&#8217;adapte \u00e0 tous les ateliers gr\u00e2ce \u00e0 son faible encombrement.<\/p>\n<ul>\n<li>\u00c9conomies d&#8217;espace : pas de c\u00e2bles \u00e0 l&#8217;arri\u00e8re et compartiment de rangement compris<\/li>\n<li>Flux de travail plus rapide : fonction de m\u00e9moire pour la hauteur de positionnement des outils<\/li>\n<li>Positionnement des roues id\u00e9al et rapide : dispositif de r\u00e9glage du mandrin \u00e0 prise renforc\u00e9e \u00e0 actionnement \u00e9lectrique &amp; blocage intelligent<\/li>\n<\/ul>\n<ul>\n<li>Mandrin de serrage \u00e0 prise renforc\u00e9e brevet\u00e9e, \u00e9galement adapt\u00e9 aux jantes invers\u00e9es\n<ul>\n<li>La pression de serrage augmente automatiquement pendant la rotation<\/li>\n<li>Trois positions de travail r\u00e9glables en hauteur<\/li>\n<li>Capteurs de jante sur les disques pour un d\u00e9talonnage correct et s\u00e9curis\u00e9 sans endommager le flanc du pneu et le capteur de pression<\/li>\n<\/ul>\n<\/li>\n<li>Touche MEMORY pour m\u00e9moriser la hauteur de la t\u00eate de d\u00e9montage, permet une \u00e9conomie de temps pendant le montage et le d\u00e9montage<\/li>\n<li>Synchronisation m\u00e9canique des bras &#8211; toujours point\u00e9s vers le centre de la roue<\/li>\n<li>Le blocage intelligent permet de r\u00e9aliser un blocage et un d\u00e9blocage pr\u00e9cis et rapide de la jante, en conservant les caract\u00e9ristiques de s\u00e9curit\u00e9 et d&#8217;adaptabilit\u00e9 d&#8217;un verrouillage m\u00e9canique manuel<\/li>\n<\/ul>\n<ul>\n<li>Console conviviale avec fonction m\u00e9moire<\/li>\n<li>Positionnement synchronis\u00e9 des bras de travail en fonction du diam\u00e8tre de la roue<\/li>\n<li>T\u00eate d&#8217;outil brevet\u00e9e en mat\u00e9riau composite, non abrasif pour un travail sans dommage sur les jantes pr\u00e8s du bord (effet de contrainte z\u00e9ro).<\/li>\n<li>Sans levier &#8211; sans levier de montage<\/li>\n<li>Unit\u00e9 de traitement de l&#8217;air (s\u00e9parateur d&#8217;eau, r\u00e9gulation de pression et lubrification)<\/li>\n<li>Bague de retenue pour la p\u00e2te de montage incluse<\/li>\n<li>Espace de rangement pour d\u00e9poser les accessoires, les valves et les outils<\/li>\n<li>Bras pousse talon pneumatique rotatif<\/li>\n<li>L&#8217;\u00e9l\u00e9vateur de roue pneumatique soul\u00e8ve la roue du sol vers le serrage central<\/li>\n<li>Moteur \u00e9lectrique avec convertisseur pour permettre un contr\u00f4le de la vitesse ; la rotation ralentit automatiquement sous la contrainte du talon<\/li>\n<li>R\u00e9glage simple et pr\u00e9cis du diam\u00e8tre par mouvement \u00e9lectrique du mandrin<\/li>\n<li>Mouvement simultan\u00e9 des bras et du support de roue pour garantir le meilleur angle d&#8217;approche pour les outils<\/li>\n<li>Espace libre \u00e0 l&#8217;arri\u00e8re pour garantir une meilleure manipulation et une libert\u00e9 de mouvement autour de la machine<\/li>\n<\/ul>\n<ul>\n<li>Syst\u00e8me de gonflage tubeless: Puissant syst\u00e8me de gonflage tubeless adapt\u00e9 \u00e0 tout diam\u00e8tre de jante &#8211; dot\u00e9 d&#8217;un dispositif de s\u00e9curit\u00e9 pour garantir la protection de l&#8217;op\u00e9rateur<\/li>\n<\/ul>\n","protected":false},"excerpt":{"rendered":"<p>Sans levier, automatique, incl. dispositif de gonflage tubeless, pousse talon pneumatique et l\u00e9ve roue, voiture de tourisme, diam\u00e8tre de jante 10 &#8211; 34\u2033 | Rouge (RAL 3002) | Certifi\u00e9 wdk<\/p>\n","protected":false},"featured_media":355935,"template":"","meta":[],"product_brand":[],"product_cat":[1033384],"product_tag":[1034197,1034180,1034163],"product_approvals":[],"product_application":[],"class_list":{"0":"post-384385","1":"product","2":"type-product","3":"status-publish","4":"has-post-thumbnail","6":"product_cat-demonte-pneus-fr","7":"product_tag-motor-homes-fr","8":"product_tag-light-commercial-fr","9":"product_tag-passenger-cars-fr","11":"first","12":"instock","13":"shipping-taxable","14":"product-type-simple"},"approvals":[],"application":[],"brb_media_brochure":"","brb_media_drawing":"","brb_media_manuals":[{"id":380919,"url":"https:\/\/dev.codekraft.it\/rotary-2024\/wp-content\/uploads\/brb_media\/00536838_tyre-changer-aikidoevo-fi-premium-im-7109-m008-00_vsg_rev00-de-2024-11.pdf","title":"tyre changer aikidoevo fi premium im 7109 m008 00 vsg rev00 de 2024 11","mpn":"","thumbnail":"https:\/\/dev.codekraft.it\/rotary-2024\/wp-content\/uploads\/brb_media\/00536838_tyre-changer-aikidoevo-fi-premium-im-7109-m008-00_vsg_rev00-de-2024-11-pdf-106x150.png","description":""},{"id":380920,"url":"https:\/\/dev.codekraft.it\/rotary-2024\/wp-content\/uploads\/brb_media\/00536839_tyre-changer-aikidoevo-fi-premium-im-7109-m008-00_vsg_rev00-en-2024-11.pdf","title":"tyre changer aikidoevo fi premium im 7109 m008 00 vsg rev00 en 2024 11","mpn":"","thumbnail":"https:\/\/dev.codekraft.it\/rotary-2024\/wp-content\/uploads\/brb_media\/00536839_tyre-changer-aikidoevo-fi-premium-im-7109-m008-00_vsg_rev00-en-2024-11-pdf-106x150.png","description":""},{"id":380921,"url":"https:\/\/dev.codekraft.it\/rotary-2024\/wp-content\/uploads\/brb_media\/00536840_tyre-changer-aikidoevo-fi-premium-im-7109-m008-00_vsg_rev00-fr-2024-11.pdf","title":"tyre changer aikidoevo fi premium im 7109 m008 00 vsg rev00 fr 2024 11","mpn":"","thumbnail":"https:\/\/dev.codekraft.it\/rotary-2024\/wp-content\/uploads\/brb_media\/00536840_tyre-changer-aikidoevo-fi-premium-im-7109-m008-00_vsg_rev00-fr-2024-11-pdf-106x150.png","description":""},{"id":380922,"url":"https:\/\/dev.codekraft.it\/rotary-2024\/wp-content\/uploads\/brb_media\/00536841_tyre-changer-aikidoevo-fi-premium-im-7109-m008-00_vsg_rev00-it-2024-11.pdf","title":"tyre changer aikidoevo fi premium im 7109 m008 00 vsg rev00 it 2024 11","mpn":"","thumbnail":"https:\/\/dev.codekraft.it\/rotary-2024\/wp-content\/uploads\/brb_media\/00536841_tyre-changer-aikidoevo-fi-premium-im-7109-m008-00_vsg_rev00-it-2024-11-pdf-106x150.png","description":""},{"id":380923,"url":"https:\/\/dev.codekraft.it\/rotary-2024\/wp-content\/uploads\/brb_media\/00536842_tyre-changer-aikidoevo-fi-premium-im-7109-m008-00_vsg_rev00-es-2024-11.pdf","title":"tyre changer aikidoevo fi premium im 7109 m008 00 vsg rev00 es 2024 11","mpn":"","thumbnail":"https:\/\/dev.codekraft.it\/rotary-2024\/wp-content\/uploads\/brb_media\/00536842_tyre-changer-aikidoevo-fi-premium-im-7109-m008-00_vsg_rev00-es-2024-11-pdf-106x150.png","description":""}],"brb_media_safety_datasheets":"","brb_media_spare_parts":[],"_cdmm_p_id":"503663","_company":"Elektron","_gtin":"5063084200099","accessories":[{"id":381524,"mpn":"G1000A81K","name":"Protection en caoutchouc pour plateau appui roue","description":"Jeu de protections pour roues invers\u00e9es | 1 jeu \/ 10 pi\u00e8ces","thumbnail":"https:\/\/dev.codekraft.it\/rotary-2024\/wp-content\/uploads\/brb_media\/00506708_g1000a81k-sp-150x150.png","url":"https:\/\/dev.codekraft.it\/rotary-2024\/fr\/produits\/accessoires-service-de-pneus-fr\/accessoires-demonte-pneu-fr\/protection-en-caoutchouc-pour-plateau-appui-roue\/"},{"id":381530,"mpn":"G1000A84K","name":"Protection plastique pour c\u00f4ne de centrage","description":"Kit protections c\u00f4ne dispositif de blocage avec flasque rapide, pour G1000A138 - G1000A80 | 1 jeu \/ 5 pi\u00e8ces","thumbnail":"https:\/\/dev.codekraft.it\/rotary-2024\/wp-content\/uploads\/brb_media\/00506709_g1000a84k-150x150.png","url":"https:\/\/dev.codekraft.it\/rotary-2024\/fr\/produits\/accessoires-service-de-pneus-fr\/accessoires-demonte-pneu-fr\/protection-plastique-pour-cone-de-centrage\/"},{"id":381536,"mpn":"G1000A70K","name":"Protection plastique pour broche d\u2019entra\u00eenement","description":"Protection pour syst\u00e8me de traction sur table de serrage | 1 jeu \/ 5 pi\u00e8ces","thumbnail":"https:\/\/dev.codekraft.it\/rotary-2024\/wp-content\/uploads\/brb_media\/00506705_g1000a70k-150x150.png","url":"https:\/\/dev.codekraft.it\/rotary-2024\/fr\/produits\/accessoires-service-de-pneus-fr\/accessoires-demonte-pneu-fr\/protection-plastique-pour-broche-dentrainement\/"},{"id":383640,"mpn":"G1000A65","name":"Protection plastique G1000A65","description":"Pour support outil sup\u00e9rieur | 1 pi\u00e8ce","thumbnail":"https:\/\/dev.codekraft.it\/rotary-2024\/wp-content\/uploads\/brb_media\/00535626_tyre-changer-g1000a65k-mi-150x150.png","url":"https:\/\/dev.codekraft.it\/rotary-2024\/fr\/produits\/accessoires-service-de-pneus-fr\/accessoires-demonte-pneu-fr\/protection-plastique-g1000a65\/"},{"id":380621,"mpn":"G1000A142","name":"T\u00eate de montage sup\u00e9rieure pour les jantes avec rayons en saille","description":"","thumbnail":"https:\/\/dev.codekraft.it\/rotary-2024\/wp-content\/uploads\/brb_media\/00506689_g1000a142-150x150.png","url":"https:\/\/dev.codekraft.it\/rotary-2024\/fr\/produits\/accessoires-service-de-pneus-fr\/accessoires-demonte-pneu-fr\/tete-de-montage-superieure-pour-les-jantes-avec-rayons-en-saille\/"},{"id":382697,"mpn":"G1000A142K","name":"T\u00eate de montage sup\u00e9rieure pour les jantes avec rayons en saille | 1 jeu \/ 6 pi\u00e8ces","description":"","thumbnail":"https:\/\/dev.codekraft.it\/rotary-2024\/wp-content\/uploads\/brb_media\/00506689_g1000a142-150x150.png","url":"https:\/\/dev.codekraft.it\/rotary-2024\/fr\/produits\/accessoires-service-de-pneus-fr\/accessoires-demonte-pneu-fr\/tete-de-montage-superieure-pour-les-jantes-avec-rayons-en-saille-1-jeu-6-pieces\/"},{"id":382013,"mpn":"G1000A100K","name":"Plaques de protection de talon | approuv\u00e9es WDK","description":"Compris dans le kit WDK | 1\u00a0jeu \/ 50\u00a0pi\u00e8ces","thumbnail":"https:\/\/dev.codekraft.it\/rotary-2024\/wp-content\/uploads\/brb_media\/00506667_g1000a100k-01-150x150.png","url":"https:\/\/dev.codekraft.it\/rotary-2024\/fr\/produits\/accessoires-service-de-pneus-fr\/accessoires-demonte-pneu-fr\/plaques-de-protection-de-talon-approuvees-wdk\/"},{"id":383821,"mpn":"G1000A161","name":"Plaque de serrage de type Universel | pour jantes CLAD avec troue centre","description":"Flasque universelle pour blocage de roue par les troues de fixation - Pour roues avec troue c\u00e9ntral","thumbnail":"https:\/\/dev.codekraft.it\/rotary-2024\/wp-content\/uploads\/brb_media\/00535630_g1000a161-mi-150x150.png","url":"https:\/\/dev.codekraft.it\/rotary-2024\/fr\/produits\/accessoires-service-de-pneus-fr\/accessoires-demonte-pneu-fr\/plaque-de-serrage-de-type-universel-pour-jantes-clad-avec-troue-centre\/"},{"id":383524,"mpn":"G1000A102","name":"Doigts pour jantes inversees | 110 mm","description":"Avec cone | 1 jeu \/ 5 pi\u00e8ces","thumbnail":"https:\/\/dev.codekraft.it\/rotary-2024\/wp-content\/uploads\/brb_media\/00506670_g1000a102-150x150.png","url":"https:\/\/dev.codekraft.it\/rotary-2024\/fr\/produits\/accessoires-service-de-pneus-fr\/accessoires-demonte-pneu-fr\/doigts-pour-jantes-inversees-110-mm\/"},{"id":381548,"mpn":"G1000A101","name":"Bride pour LT (camion l\u00e9ger)","description":"","thumbnail":"https:\/\/dev.codekraft.it\/rotary-2024\/wp-content\/uploads\/brb_media\/00506669_g1000a101-150x150.png","url":"https:\/\/dev.codekraft.it\/rotary-2024\/fr\/produits\/accessoires-service-de-pneus-fr\/accessoires-demonte-pneu-fr\/bride-pour-lt-camion-leger\/"},{"id":383225,"mpn":"G1000A152A","name":"Bride pour LT (camion l\u00e9ger) | tige pour roue \u00d8 14 mm","description":"Pour d\u00e9monte pneus \u00e0 blocage central","thumbnail":"https:\/\/dev.codekraft.it\/rotary-2024\/wp-content\/uploads\/brb_media\/00506669_g1000a101-150x150.png","url":"https:\/\/dev.codekraft.it\/rotary-2024\/fr\/produits\/accessoires-service-de-pneus-fr\/accessoires-demonte-pneu-fr\/bride-pour-lt-camion-leger-tige-pour-roue-o-14-mm\/"},{"id":380372,"mpn":"G1000A140","name":"Wulstboy avec dispositif de remorquage Standard","description":"Compris dans le kit WDK","thumbnail":"https:\/\/dev.codekraft.it\/rotary-2024\/wp-content\/uploads\/brb_media\/00506688_g1000a140-150x150.png","url":"https:\/\/dev.codekraft.it\/rotary-2024\/fr\/produits\/accessoires-service-de-pneus-fr\/accessoires-demonte-pneu-fr\/wulstboy-avec-dispositif-de-remorquage-standard\/"},{"id":380603,"mpn":"G1000A67","name":"WulstBoy avec syst\u00e8me de traction et cha\u00eene de talon jusqu&#039;\u00e0 28\u2033","description":"","thumbnail":"https:\/\/dev.codekraft.it\/rotary-2024\/wp-content\/uploads\/brb_media\/00506701_g1000a67-150x150.png","url":"https:\/\/dev.codekraft.it\/rotary-2024\/fr\/produits\/accessoires-service-de-pneus-fr\/accessoires-demonte-pneu-fr\/wulstboy-avec-systeme-de-traction-et-chaine-de-talon-jusqua-28%e2%80%b3\/"},{"id":382106,"mpn":"G800A37","name":"P\u00e2te de montage\/d\u00e9montage | 3,5 kg","description":"","thumbnail":"https:\/\/dev.codekraft.it\/rotary-2024\/wp-content\/uploads\/brb_media\/00506743_g800a37-150x150.png","url":"https:\/\/dev.codekraft.it\/rotary-2024\/fr\/produits\/accessoires-service-de-pneus-fr\/accessoires-demonte-pneu-fr\/pate-de-montage-demontage-35-kg\/"},{"id":380227,"mpn":"G108A16","name":"Pinceau bois, coud\u00e9","description":"Pour machines d'assemblage de roues","thumbnail":"https:\/\/dev.codekraft.it\/rotary-2024\/wp-content\/uploads\/brb_media\/00506731_g108a16-150x114.png","url":"https:\/\/dev.codekraft.it\/rotary-2024\/fr\/produits\/accessoires-service-de-pneus-fr\/accessoires-demonte-pneu-fr\/pinceau-bois-coude\/"},{"id":381596,"mpn":"G1000A71K","name":"D\u00e9tecteur de bord de la jante pour rouleaux d\u00e9presseurs de talon sup\u00e9rieur\/inf\u00e9rieur | magn\u00e9tique | 1 jeu \/ 5 pi\u00e8ces","description":"","thumbnail":"https:\/\/dev.codekraft.it\/rotary-2024\/wp-content\/uploads\/brb_media\/00506706_g1000a71k-150x150.png","url":"https:\/\/dev.codekraft.it\/rotary-2024\/fr\/produits\/accessoires-service-de-pneus-fr\/accessoires-demonte-pneu-fr\/detecteur-de-bord-de-la-jante-pour-rouleaux-depresseurs-de-talon-superieur-inferieur-magnetique-1-jeu-5-pieces\/"},{"id":383596,"mpn":"G1000A66K","name":"Protection plastique pour c\u00f4ne dispositif de blocage","description":"1 jeu \/ 5 pi\u00e8ces","thumbnail":"https:\/\/dev.codekraft.it\/rotary-2024\/wp-content\/uploads\/brb_media\/00192777_g1000a66k-150x150.png","url":"https:\/\/dev.codekraft.it\/rotary-2024\/fr\/produits\/accessoires-service-de-pneus-fr\/accessoires-demonte-pneu-fr\/protection-plastique-pour-cone-dispositif-de-blocage\/"},{"id":381584,"mpn":"G1000A86","name":"Miroir avec support magn\u00e9tique","description":"","thumbnail":"https:\/\/dev.codekraft.it\/rotary-2024\/wp-content\/uploads\/brb_media\/00506710_g1000a86-150x150.png","url":"https:\/\/dev.codekraft.it\/rotary-2024\/fr\/produits\/accessoires-service-de-pneus-fr\/accessoires-demonte-pneu-fr\/miroir-avec-support-magnetique\/"},{"id":385172,"mpn":"G1000A66","name":"Protection plastique pour c\u00f4ne dispositif de blocage","description":"1 pi\u00e8ce","thumbnail":"https:\/\/dev.codekraft.it\/rotary-2024\/wp-content\/uploads\/brb_media\/00192777_g1000a66k-150x150.png","url":"https:\/\/dev.codekraft.it\/rotary-2024\/fr\/produits\/accessoires-service-de-pneus-fr\/accessoires-demonte-pneu-fr\/protection-plastique-pour-cone-dispositif-de-blocage-2\/"}],"components":[],"related":[],"page_logo_src":"https:\/\/dev.codekraft.it\/rotary-2024\/wp-content\/uploads\/2024\/05\/cropped-rotary-logo-2022.png","lang":"fr","translations":{"fr":384385,"en":384383,"de":384384,"it":384386,"es":384387,"ru":384388},"pll_sync_post":[],"_links":{"self":[{"href":"https:\/\/dev.codekraft.it\/rotary-2024\/wp-json\/wp\/v2\/product\/384385","targetHints":{"allow":["GET"]}}],"collection":[{"href":"https:\/\/dev.codekraft.it\/rotary-2024\/wp-json\/wp\/v2\/product"}],"about":[{"href":"https:\/\/dev.codekraft.it\/rotary-2024\/wp-json\/wp\/v2\/types\/product"}],"wp:featuredmedia":[{"embeddable":true,"href":"https:\/\/dev.codekraft.it\/rotary-2024\/wp-json\/wp\/v2\/media\/355935"}],"wp:attachment":[{"href":"https:\/\/dev.codekraft.it\/rotary-2024\/wp-json\/wp\/v2\/media?parent=384385"}],"wp:term":[{"taxonomy":"product_brand","embeddable":true,"href":"https:\/\/dev.codekraft.it\/rotary-2024\/wp-json\/wp\/v2\/product_brand?post=384385"},{"taxonomy":"product_cat","embeddable":true,"href":"https:\/\/dev.codekraft.it\/rotary-2024\/wp-json\/wp\/v2\/product_cat?post=384385"},{"taxonomy":"product_tag","embeddable":true,"href":"https:\/\/dev.codekraft.it\/rotary-2024\/wp-json\/wp\/v2\/product_tag?post=384385"},{"taxonomy":"product_approvals","embeddable":true,"href":"https:\/\/dev.codekraft.it\/rotary-2024\/wp-json\/wp\/v2\/product_approvals?post=384385"},{"taxonomy":"product_application","embeddable":true,"href":"https:\/\/dev.codekraft.it\/rotary-2024\/wp-json\/wp\/v2\/product_application?post=384385"}],"curies":[{"name":"wp","href":"https:\/\/api.w.org\/{rel}","templated":true}]}}