{"id":384344,"date":"2025-09-08T08:40:20","date_gmt":"2025-09-08T08:40:20","guid":{"rendered":"https:\/\/dev.codekraft.it\/rotary-2024\/products\/uncategorized\/reifenmontiermaschine-kendo-evo-pro\/"},"modified":"2025-09-08T08:40:20","modified_gmt":"2025-09-08T08:40:20","slug":"reifenmontiermaschine-kendo-evo-pro","status":"publish","type":"product","link":"https:\/\/dev.codekraft.it\/rotary-2024\/produkte\/reifenservice-de\/reifenmontiermaschinen-de\/reifenmontiermaschine-kendo-evo-pro\/","title":{"rendered":"Reifenmontiermaschine Kendo.Evo Pro"},"content":{"rendered":"<p>The Solution for Every Operator<\/p>\n<p>Hebellose Reifenmontiermaschine f\u00fcr 12\u00a0&#8211; 30\u2033 Felgen, ausgestattet mit einem patentierten Montagekopf f\u00fcr die einfache Montage und Demontage aller Arten von Reifen und Felgen (Standard, UHP, RunFlat).<\/p>\n<ul>\n<li>Schnellverstellung der Abdr\u00fcckscheiben und des Abdr\u00fcckwerkzeugs<\/li>\n<li>Spannteller mit patentiertem Extra-Grip<\/li>\n<li>Modularer Ablagebereich<\/li>\n<\/ul>\n<ul>\n<li>Werkzeug aus kratzfestem Material<\/li>\n<li>Schnellspannmutter<\/li>\n<li>Pneumatischer Wulstniederhalter<\/li>\n<li>Gro\u00dfer Ablagebereich, der an die Anforderungen des Bedieners angepasst werden kann<\/li>\n<li>WDK-gepr\u00fcft<\/li>\n<li>Schmierpaste f\u00fcr die Montage und Demontage von Reifen und Pinsel<\/li>\n<\/ul>\n<ul>\n<li>Die Konstruktion der Platte erm\u00f6glicht die Arretierung durch einfaches Positionieren des Konus &#8211;\u00a0 Automatische Erh\u00f6hung des Spanndrucks w\u00e4hrend der Drehung.<\/li>\n<li>Invemotor: Inverter mit stufenloser Einstellung der Drehgeschwindigkeit und automatischer Begrenzungsvorrichtung zum Schutz des Reifens.<\/li>\n<li>Abdr\u00fcckrollen und Montagekopf positionieren sich in einer einzigen Bewegung gleichzeitig &#8211; Die Arme arretieren bei der Montage und Demontage automatisch.<\/li>\n<li>Gro\u00dfer modularer Ablagebereich, der an die Anforderungen des Bedieners angepasst werden kann.<\/li>\n<li>Abdr\u00fcckrollen aus Kunststoff, die auch bei einem Kontakt die Felge nicht besch\u00e4digen.<\/li>\n<li>Die N\u00e4herungssensoren aktivieren automatisch die radiale Eindringbewegung und erleichtern so das Abdr\u00fccken von W\u00fclsten.<\/li>\n<li>Durch die graduelle und kontrollierte Bewegung der Abdr\u00fcckrollen kann der Wulst nahe am Felgenrand abgedr\u00fcckt werden &#8211; die Seitenwand des Reifens und eventuelle Drucksensoren werden dadurch gesch\u00fctzt.<\/li>\n<\/ul>\n","protected":false},"excerpt":{"rendered":"<p>Ohne Montiereisen, automatisch, inkl. pneumatischem Wulstniederhalter, Pkw, Felgendurchmesser 12 &#8211; 30\u2033 | Rot (RAL 3002) | wdk-zertifiziert | Nicht verf\u00fcgbar f\u00fcr DACH-Markt<\/p>\n","protected":false},"featured_media":355890,"template":"","meta":[],"product_brand":[],"product_cat":[1033364],"product_tag":[1034260,1034161,1034178,1034195],"product_approvals":[],"product_application":[1043102],"class_list":{"0":"post-384344","1":"product","2":"type-product","3":"status-publish","4":"has-post-thumbnail","6":"product_cat-reifenmontiermaschinen-de","7":"product_tag-anhanger-de","8":"product_tag-passenger-cars-de","9":"product_tag-light-commercial-de","10":"product_tag-motor-homes-de","11":"product_application-reifenservice-de","13":"first","14":"instock","15":"shipping-taxable","16":"product-type-simple"},"approvals":[],"application":[{"term_id":1043102,"name":"Reifenservice","slug":"reifenservice-de","term_group":0,"term_taxonomy_id":1043101,"taxonomy":"product_application","description":"","parent":0,"count":7,"filter":"raw","tax_image_id":""}],"brb_media_brochure":[{"id":355859,"url":"https:\/\/dev.codekraft.it\/rotary-2024\/wp-content\/uploads\/brb_media\/00522129_tyre-changers-kendoevo-br-133189-de-2024-01-screen.pdf","title":"Tyre Changers KendoEvo BR 133189 de 2024 01 screen","mpn":"","thumbnail":"https:\/\/dev.codekraft.it\/rotary-2024\/wp-content\/uploads\/brb_media\/00522129_tyre-changers-kendoevo-br-133189-de-2024-01-screen-pdf-106x150.png","description":""},{"id":355860,"url":"https:\/\/dev.codekraft.it\/rotary-2024\/wp-content\/uploads\/brb_media\/00522130_tyre-changers-kendoevo-br-133190-en-2024-01-screen.pdf","title":"Tyre Changers KendoEvo BR 133190 en 2024 01 screen","mpn":"","thumbnail":"https:\/\/dev.codekraft.it\/rotary-2024\/wp-content\/uploads\/brb_media\/00522130_tyre-changers-kendoevo-br-133190-en-2024-01-screen-pdf-106x150.png","description":""},{"id":355861,"url":"https:\/\/dev.codekraft.it\/rotary-2024\/wp-content\/uploads\/brb_media\/00522131_tyre-changers-kendoevo-br-133191-fr-2024-01-screen.pdf","title":"Tyre Changers KendoEvo BR 133191 fr 2024 01 screen","mpn":"","thumbnail":"https:\/\/dev.codekraft.it\/rotary-2024\/wp-content\/uploads\/brb_media\/00522131_tyre-changers-kendoevo-br-133191-fr-2024-01-screen-pdf-106x150.png","description":""},{"id":355862,"url":"https:\/\/dev.codekraft.it\/rotary-2024\/wp-content\/uploads\/brb_media\/00522132_tyre-changers-kendoevo-br-133192-it-2024-01-screen.pdf","title":"Tyre Changers KendoEvo BR 133192 it 2024 01 screen","mpn":"","thumbnail":"https:\/\/dev.codekraft.it\/rotary-2024\/wp-content\/uploads\/brb_media\/00522132_tyre-changers-kendoevo-br-133192-it-2024-01-screen-pdf-106x150.png","description":""},{"id":355863,"url":"https:\/\/dev.codekraft.it\/rotary-2024\/wp-content\/uploads\/brb_media\/00522133_tyre-changers-kendoevo-br-133193-es-2024-01-screen.pdf","title":"Tyre Changers KendoEvo BR 133193 es 2024 01 screen","mpn":"","thumbnail":"https:\/\/dev.codekraft.it\/rotary-2024\/wp-content\/uploads\/brb_media\/00522133_tyre-changers-kendoevo-br-133193-es-2024-01-screen-pdf-106x150.png","description":""},{"id":355864,"url":"https:\/\/dev.codekraft.it\/rotary-2024\/wp-content\/uploads\/brb_media\/00522134_tyre-changers-kendoevo-br-133194-ru-2024-01-screen.pdf","title":"Tyre Changers KendoEvo BR 133194 ru 2024 01 screen","mpn":"","thumbnail":"https:\/\/dev.codekraft.it\/rotary-2024\/wp-content\/uploads\/brb_media\/00522134_tyre-changers-kendoevo-br-133194-ru-2024-01-screen-pdf-106x150.png","description":""}],"brb_media_drawing":[{"id":355868,"url":"https:\/\/dev.codekraft.it\/rotary-2024\/wp-content\/uploads\/brb_media\/00521984_tyre-changers-kendoevo-td-710508650-it-2023-01.pdf","title":"Tyre changers KendoEvo TD 710508650 it 2023 01","mpn":"","thumbnail":"https:\/\/dev.codekraft.it\/rotary-2024\/wp-content\/uploads\/brb_media\/00521984_tyre-changers-kendoevo-td-710508650-it-2023-01-pdf-150x106.png","description":""}],"brb_media_manuals":[{"id":353527,"url":"https:\/\/dev.codekraft.it\/rotary-2024\/wp-content\/uploads\/brb_media\/00521983_tyre-changers-kendoevo-im-7105-m019-00_vsg_rev00-multi-2023-09.pdf","title":"Tyre changers KendoEvo IM 7105 M019 00 VSG rev00 multi 2023 09","mpn":"","thumbnail":"https:\/\/dev.codekraft.it\/rotary-2024\/wp-content\/uploads\/brb_media\/00521983_tyre-changers-kendoevo-im-7105-m019-00_vsg_rev00-multi-2023-09-pdf-106x150.png","description":""}],"brb_media_safety_datasheets":"","brb_media_spare_parts":[],"_cdmm_p_id":"503620","_company":"Elektron","_gtin":"5063084206329","accessories":[{"id":381571,"mpn":"G1000A99NP","name":"Radheber mit Positionsstop","description":"","thumbnail":"https:\/\/dev.codekraft.it\/rotary-2024\/wp-content\/uploads\/brb_media\/00506713_g1000a99np-150x150.png","url":"https:\/\/dev.codekraft.it\/rotary-2024\/produkte\/zubehor-reifenservice-de\/zubehor-reifenmontiermaschinen-de\/radheber-mit-positionsstop\/"},{"id":381523,"mpn":"G1000A81K","name":"Gummischutz f\u00fcr Montageteller","description":"Gummischutz-Set f\u00fcr Tiefbettfelgen | 1 Satz \/ 10 St\u00fcck","thumbnail":"https:\/\/dev.codekraft.it\/rotary-2024\/wp-content\/uploads\/brb_media\/00506708_g1000a81k-sp-150x150.png","url":"https:\/\/dev.codekraft.it\/rotary-2024\/produkte\/zubehor-reifenservice-de\/zubehor-reifenmontiermaschinen-de\/gummischutz-fur-montageteller\/"},{"id":381529,"mpn":"G1000A84K","name":"Kunststoffschutz f\u00fcr Zentrierkegel","description":"Konusschutz f\u00fcr G1000A138 - G1000A80  | 1 Satz \/ 5 St\u00fcck","thumbnail":"https:\/\/dev.codekraft.it\/rotary-2024\/wp-content\/uploads\/brb_media\/00506709_g1000a84k-150x150.png","url":"https:\/\/dev.codekraft.it\/rotary-2024\/produkte\/zubehor-reifenservice-de\/zubehor-reifenmontiermaschinen-de\/kunststoffschutz-fur-zentrierkegel\/"},{"id":381535,"mpn":"G1000A70K","name":"Kunststoffschutz f\u00fcr Zugstangenbolzen","description":"Schutz f\u00fcr Zugvorrichtung am Spanntisch | 1 Satz \/ 5 St\u00fcck","thumbnail":"https:\/\/dev.codekraft.it\/rotary-2024\/wp-content\/uploads\/brb_media\/00506705_g1000a70k-150x150.png","url":"https:\/\/dev.codekraft.it\/rotary-2024\/produkte\/zubehor-reifenservice-de\/zubehor-reifenmontiermaschinen-de\/kunststoffschutz-fur-zugstangenbolzen\/"},{"id":382086,"mpn":"G1000A137","name":"Typenspannplatte Universal | f\u00fcr Felgen ohne Mittenloch und umgekehrte Felgen | f\u00fcr G1000A138","description":"Universalflansch f\u00fcr Blind- und Umkehrfelgen","thumbnail":"https:\/\/dev.codekraft.it\/rotary-2024\/wp-content\/uploads\/brb_media\/00506682_g1000a137-01-150x150.png","url":"https:\/\/dev.codekraft.it\/rotary-2024\/produkte\/zubehor-reifenservice-de\/zubehor-reifenmontiermaschinen-de\/typenspannplatte-universal-fur-felgen-ohne-mittenloch-und-umgekehrte-felgen-fur-g1000a138\/"},{"id":383813,"mpn":"G1000A158","name":"Typenspannplatte Universal | f\u00fcr Tiefbettfelgen","description":"Universalflansch","thumbnail":"https:\/\/dev.codekraft.it\/rotary-2024\/wp-content\/uploads\/brb_media\/00506723_g1000a87-150x150.png","url":"https:\/\/dev.codekraft.it\/rotary-2024\/produkte\/zubehor-reifenservice-de\/zubehor-reifenmontiermaschinen-de\/typenspannplatte-universal-fur-tiefbettfelgen\/"},{"id":383820,"mpn":"G1000A161","name":"Typenspannplatte Universal | f\u00fcr CLAD-Felgen mit Mittenloch","description":"Universaltypenflansch zum Fixieren von Felgen mit Zentralloch f\u00fcr die Fixierung","thumbnail":"https:\/\/dev.codekraft.it\/rotary-2024\/wp-content\/uploads\/brb_media\/00535630_g1000a161-mi-150x150.png","url":"https:\/\/dev.codekraft.it\/rotary-2024\/produkte\/zubehor-reifenservice-de\/zubehor-reifenmontiermaschinen-de\/typenspannplatte-universal-fur-clad-felgen-mit-mittenloch\/"},{"id":381547,"mpn":"G1000A101","name":"Flansch f\u00fcr LT (LLkw)","description":"F\u00fcr Reifenmontiermaschinen mit Zentralspannung","thumbnail":"https:\/\/dev.codekraft.it\/rotary-2024\/wp-content\/uploads\/brb_media\/00506669_g1000a101-150x150.png","url":"https:\/\/dev.codekraft.it\/rotary-2024\/produkte\/zubehor-reifenservice-de\/zubehor-reifenmontiermaschinen-de\/flansch-fur-lt-llkw\/"},{"id":383224,"mpn":"G1000A152A","name":"Flansch f\u00fcr LT (LLkw) | Antriebswelle \u00d8 14 mm","description":"F\u00fcr Reifenmontiermaschinen mit Zentralspannung","thumbnail":"https:\/\/dev.codekraft.it\/rotary-2024\/wp-content\/uploads\/brb_media\/00506669_g1000a101-150x150.png","url":"https:\/\/dev.codekraft.it\/rotary-2024\/produkte\/zubehor-reifenservice-de\/zubehor-reifenmontiermaschinen-de\/flansch-fur-lt-llkw-antriebswelle-o-14-mm\/"},{"id":383639,"mpn":"G1000A65","name":"Kunststoffschutz G1000A65","description":"F\u00fcr obere Montagevorrichtung | 1 St\u00fcck","thumbnail":"https:\/\/dev.codekraft.it\/rotary-2024\/wp-content\/uploads\/brb_media\/00535626_tyre-changer-g1000a65k-mi-150x150.png","url":"https:\/\/dev.codekraft.it\/rotary-2024\/produkte\/zubehor-reifenservice-de\/zubehor-reifenmontiermaschinen-de\/kunststoffschutz-g1000a65\/"},{"id":383633,"mpn":"G1000A65K","name":"Kunststoffschutz G1000A65K","description":"F\u00fcr obere Montagevorrichtung | 1 Satz \/ 5 St\u00fcck","thumbnail":"https:\/\/dev.codekraft.it\/rotary-2024\/wp-content\/uploads\/brb_media\/00535626_tyre-changer-g1000a65k-mi-150x150.png","url":"https:\/\/dev.codekraft.it\/rotary-2024\/produkte\/zubehor-reifenservice-de\/zubehor-reifenmontiermaschinen-de\/kunststoffschutz-g1000a65k\/"},{"id":381583,"mpn":"G1000A86","name":"Spiegel mit Magnethalterung","description":"","thumbnail":"https:\/\/dev.codekraft.it\/rotary-2024\/wp-content\/uploads\/brb_media\/00506710_g1000a86-150x150.png","url":"https:\/\/dev.codekraft.it\/rotary-2024\/produkte\/zubehor-reifenservice-de\/zubehor-reifenmontiermaschinen-de\/spiegel-mit-magnethalterung\/"},{"id":380226,"mpn":"G108A16","name":"Pinsel Holz, abgewinkelt","description":"F\u00fcr Radmontagemaschinen","thumbnail":"https:\/\/dev.codekraft.it\/rotary-2024\/wp-content\/uploads\/brb_media\/00506731_g108a16-150x114.png","url":"https:\/\/dev.codekraft.it\/rotary-2024\/produkte\/zubehor-reifenservice-de\/zubehor-reifenmontiermaschinen-de\/pinsel-holz-abgewinkelt\/"},{"id":385171,"mpn":"G1000A66","name":"Kunststoffschutz f\u00fcr Konus der Spannvorrichtung","description":"1 St\u00fcck","thumbnail":"https:\/\/dev.codekraft.it\/rotary-2024\/wp-content\/uploads\/brb_media\/00192777_g1000a66k-150x150.png","url":"https:\/\/dev.codekraft.it\/rotary-2024\/produkte\/zubehor-reifenservice-de\/zubehor-reifenmontiermaschinen-de\/kunststoffschutz-fur-konus-der-spannvorrichtung-2\/"}],"components":[],"related":[],"page_logo_src":"https:\/\/dev.codekraft.it\/rotary-2024\/wp-content\/uploads\/2024\/05\/cropped-rotary-logo-2022.png","lang":"de","translations":{"de":384344,"en":384341,"fr":384345,"it":384346,"es":384347,"ru":384348},"pll_sync_post":[],"_links":{"self":[{"href":"https:\/\/dev.codekraft.it\/rotary-2024\/wp-json\/wp\/v2\/product\/384344","targetHints":{"allow":["GET"]}}],"collection":[{"href":"https:\/\/dev.codekraft.it\/rotary-2024\/wp-json\/wp\/v2\/product"}],"about":[{"href":"https:\/\/dev.codekraft.it\/rotary-2024\/wp-json\/wp\/v2\/types\/product"}],"wp:featuredmedia":[{"embeddable":true,"href":"https:\/\/dev.codekraft.it\/rotary-2024\/wp-json\/wp\/v2\/media\/355890"}],"wp:attachment":[{"href":"https:\/\/dev.codekraft.it\/rotary-2024\/wp-json\/wp\/v2\/media?parent=384344"}],"wp:term":[{"taxonomy":"product_brand","embeddable":true,"href":"https:\/\/dev.codekraft.it\/rotary-2024\/wp-json\/wp\/v2\/product_brand?post=384344"},{"taxonomy":"product_cat","embeddable":true,"href":"https:\/\/dev.codekraft.it\/rotary-2024\/wp-json\/wp\/v2\/product_cat?post=384344"},{"taxonomy":"product_tag","embeddable":true,"href":"https:\/\/dev.codekraft.it\/rotary-2024\/wp-json\/wp\/v2\/product_tag?post=384344"},{"taxonomy":"product_approvals","embeddable":true,"href":"https:\/\/dev.codekraft.it\/rotary-2024\/wp-json\/wp\/v2\/product_approvals?post=384344"},{"taxonomy":"product_application","embeddable":true,"href":"https:\/\/dev.codekraft.it\/rotary-2024\/wp-json\/wp\/v2\/product_application?post=384344"}],"curies":[{"name":"wp","href":"https:\/\/api.w.org\/{rel}","templated":true}]}}