{"id":384339,"date":"2025-09-08T09:01:34","date_gmt":"2025-09-08T09:01:34","guid":{"rendered":"https:\/\/dev.codekraft.it\/rotary-2024\/products\/uncategorized\/desmontadora-de-neumaticos-kendo-evofi-pro\/"},"modified":"2025-09-08T09:01:34","modified_gmt":"2025-09-08T09:01:34","slug":"desmontadora-de-neumaticos-kendo-evofi-pro","status":"publish","type":"product","link":"https:\/\/dev.codekraft.it\/rotary-2024\/es\/productos\/servicio-de-llantas-es\/desmontadoras-es\/desmontadora-de-neumaticos-kendo-evofi-pro\/","title":{"rendered":"Desmontadora de neum\u00e1ticos Kendo.EvoFI Pro"},"content":{"rendered":"<p>La soluci\u00f3n para cada operador<\/p>\n<p>Desmontadora de neum\u00e1ticos sin palanca 12 &#8211; 30\u201d, equipada con \u00fatil de montaje patentado para el montaje y desmontaje sin esfuerzo de todos los tipos de neum\u00e1ticos y llantas (est\u00e1ndar, UHP, RunFlat).<\/p>\n<ul>\n<li>Ajuste r\u00e1pido de los rodillos destalonadores y del \u00fatil de montaje<\/li>\n<li>Plato con agarre adicional<\/li>\n<li>Espacio de almacenamiento de accesorios modular<\/li>\n<\/ul>\n<ul>\n<li>\u00datil de montaje en material anti ara\u00f1azos<\/li>\n<li>Bloqueo de fijaci\u00f3n r\u00e1pida<\/li>\n<li>Brazo de ayuda neum\u00e1tico<\/li>\n<li>Amplio espacio de almacenamiento de accesorios personalizable en funci\u00f3n de las necesidades del operador<\/li>\n<li>Certificado WDK<\/li>\n<li>Pasta lubricante para el montaje\/desmontaje de neum\u00e1ticos y brocha<\/li>\n<\/ul>\n<ul>\n<li>El dise\u00f1o del plato permite el bloqueo simplemente colocando el cono &#8211; Aumenta autom\u00e1ticamente la presi\u00f3n de apriete durante la rotaci\u00f3n.<\/li>\n<li>Sistema de inflado tubeless: Potente sistema de inflado tubeless apto para cualquier di\u00e1metro de llanta &#8211; equipado con un dispositivo de seguridad para proteger la seguridad del operador.<\/li>\n<li>Invemotor: Inversor con velocidad regulable seg\u00fan la necesidad del operador y dispositivo autolimitador para la protecci\u00f3n de los neum\u00e1ticos.<\/li>\n<li>Posicionamiento simult\u00e1neo de los rodillos destalonadores y del \u00fatil de montaje en un solo movimiento &#8211; Bloqueo autom\u00e1tico de los brazos durante el montaje y el desmontaje.<\/li>\n<li>Amplio espacio de almacenamiento de accesorios personalizable en funci\u00f3n de las necesidades del operador.<\/li>\n<li>Rodillos de material pl\u00e1stico, que no da\u00f1an la llanta incluso en caso de contacto.<\/li>\n<li>Los sensores de proximidad activan autom\u00e1ticamente el movimiento de penetraci\u00f3n radial, facilitando el destalonado.<\/li>\n<li>Destalonado muy cerca del borde de la llanta gracias al movimiento gradual y controlado de los rodillos, que protege el flanco del neum\u00e1tico y, si existen, los sensores de presi\u00f3n.<\/li>\n<\/ul>\n","protected":false},"excerpt":{"rendered":"<p>Sin palanca, autom\u00e1tica, incl. dispositivo de inflado tubeless y brazo de ayuda neum\u00e1tico, turismo, di\u00e1metro de llanta 12 &#8211; 30\u2033 | Rojo (RAL 3002) | Certificado wdk | No disponible para mercado DACH<\/p>\n","protected":false},"featured_media":355883,"template":"","meta":[],"product_brand":[],"product_cat":[1033424],"product_tag":[1034203,1034169,1034265,1034186],"product_approvals":[],"product_application":[1043110],"class_list":{"0":"post-384339","1":"product","2":"type-product","3":"status-publish","4":"has-post-thumbnail","6":"product_cat-desmontadoras-es","7":"product_tag-motor-homes-es","8":"product_tag-passenger-cars-es","9":"product_tag-remolques-es","10":"product_tag-light-commercial-es","11":"product_application-equipo-para-el-servicio-de-ruedas-es","13":"first","14":"instock","15":"shipping-taxable","16":"product-type-simple"},"approvals":[],"application":[{"term_id":1043110,"name":"Equipo para el servicio de ruedas","slug":"equipo-para-el-servicio-de-ruedas-es","term_group":0,"term_taxonomy_id":1043109,"taxonomy":"product_application","description":"","parent":0,"count":7,"filter":"raw","tax_image_id":""}],"brb_media_brochure":[{"id":355859,"url":"https:\/\/dev.codekraft.it\/rotary-2024\/wp-content\/uploads\/brb_media\/00522129_tyre-changers-kendoevo-br-133189-de-2024-01-screen.pdf","title":"Tyre Changers KendoEvo BR 133189 de 2024 01 screen","mpn":"","thumbnail":"https:\/\/dev.codekraft.it\/rotary-2024\/wp-content\/uploads\/brb_media\/00522129_tyre-changers-kendoevo-br-133189-de-2024-01-screen-pdf-106x150.png","description":""},{"id":355860,"url":"https:\/\/dev.codekraft.it\/rotary-2024\/wp-content\/uploads\/brb_media\/00522130_tyre-changers-kendoevo-br-133190-en-2024-01-screen.pdf","title":"Tyre Changers KendoEvo BR 133190 en 2024 01 screen","mpn":"","thumbnail":"https:\/\/dev.codekraft.it\/rotary-2024\/wp-content\/uploads\/brb_media\/00522130_tyre-changers-kendoevo-br-133190-en-2024-01-screen-pdf-106x150.png","description":""},{"id":355861,"url":"https:\/\/dev.codekraft.it\/rotary-2024\/wp-content\/uploads\/brb_media\/00522131_tyre-changers-kendoevo-br-133191-fr-2024-01-screen.pdf","title":"Tyre Changers KendoEvo BR 133191 fr 2024 01 screen","mpn":"","thumbnail":"https:\/\/dev.codekraft.it\/rotary-2024\/wp-content\/uploads\/brb_media\/00522131_tyre-changers-kendoevo-br-133191-fr-2024-01-screen-pdf-106x150.png","description":""},{"id":355862,"url":"https:\/\/dev.codekraft.it\/rotary-2024\/wp-content\/uploads\/brb_media\/00522132_tyre-changers-kendoevo-br-133192-it-2024-01-screen.pdf","title":"Tyre Changers KendoEvo BR 133192 it 2024 01 screen","mpn":"","thumbnail":"https:\/\/dev.codekraft.it\/rotary-2024\/wp-content\/uploads\/brb_media\/00522132_tyre-changers-kendoevo-br-133192-it-2024-01-screen-pdf-106x150.png","description":""},{"id":355863,"url":"https:\/\/dev.codekraft.it\/rotary-2024\/wp-content\/uploads\/brb_media\/00522133_tyre-changers-kendoevo-br-133193-es-2024-01-screen.pdf","title":"Tyre Changers KendoEvo BR 133193 es 2024 01 screen","mpn":"","thumbnail":"https:\/\/dev.codekraft.it\/rotary-2024\/wp-content\/uploads\/brb_media\/00522133_tyre-changers-kendoevo-br-133193-es-2024-01-screen-pdf-106x150.png","description":""},{"id":355864,"url":"https:\/\/dev.codekraft.it\/rotary-2024\/wp-content\/uploads\/brb_media\/00522134_tyre-changers-kendoevo-br-133194-ru-2024-01-screen.pdf","title":"Tyre Changers KendoEvo BR 133194 ru 2024 01 screen","mpn":"","thumbnail":"https:\/\/dev.codekraft.it\/rotary-2024\/wp-content\/uploads\/brb_media\/00522134_tyre-changers-kendoevo-br-133194-ru-2024-01-screen-pdf-106x150.png","description":""}],"brb_media_drawing":[{"id":355868,"url":"https:\/\/dev.codekraft.it\/rotary-2024\/wp-content\/uploads\/brb_media\/00521984_tyre-changers-kendoevo-td-710508650-it-2023-01.pdf","title":"Tyre changers KendoEvo TD 710508650 it 2023 01","mpn":"","thumbnail":"https:\/\/dev.codekraft.it\/rotary-2024\/wp-content\/uploads\/brb_media\/00521984_tyre-changers-kendoevo-td-710508650-it-2023-01-pdf-150x106.png","description":""}],"brb_media_manuals":[{"id":353527,"url":"https:\/\/dev.codekraft.it\/rotary-2024\/wp-content\/uploads\/brb_media\/00521983_tyre-changers-kendoevo-im-7105-m019-00_vsg_rev00-multi-2023-09.pdf","title":"Tyre changers KendoEvo IM 7105 M019 00 VSG rev00 multi 2023 09","mpn":"","thumbnail":"https:\/\/dev.codekraft.it\/rotary-2024\/wp-content\/uploads\/brb_media\/00521983_tyre-changers-kendoevo-im-7105-m019-00_vsg_rev00-multi-2023-09-pdf-106x150.png","description":""}],"brb_media_safety_datasheets":"","brb_media_spare_parts":[],"_cdmm_p_id":"503619","_company":"Elektron","_gtin":"5063084206299","accessories":[{"id":381574,"mpn":"G1000A99NP","name":"Elevador para ruedas con bloqueo en posici\u00f3n","description":"","thumbnail":"https:\/\/dev.codekraft.it\/rotary-2024\/wp-content\/uploads\/brb_media\/00506713_g1000a99np-150x150.png","url":"https:\/\/dev.codekraft.it\/rotary-2024\/es\/productos\/accesorios-servicio-de-llantas-es\/accesorios-desmontadoras-es\/elevador-para-ruedas-con-bloqueo-en-posicion\/"},{"id":381526,"mpn":"G1000A81K","name":"Protecci\u00f3n de goma para della platillo de apoyo rueda","description":"Juego de protecci\u00f3n para ruedas invertidas | 1 juego \/ 10 piezas","thumbnail":"https:\/\/dev.codekraft.it\/rotary-2024\/wp-content\/uploads\/brb_media\/00506708_g1000a81k-sp-150x150.png","url":"https:\/\/dev.codekraft.it\/rotary-2024\/es\/productos\/accesorios-servicio-de-llantas-es\/accesorios-desmontadoras-es\/proteccion-de-goma-para-della-platillo-de-apoyo-rueda\/"},{"id":381532,"mpn":"G1000A84K","name":"Protecci\u00f3n de pl\u00e1stico para cono de centrado","description":"Juego de protecciones cono para dispositivo de bloqueo garra r\u00e1pida, para G1000A138 - G1000A80 (5 unidades)","thumbnail":"https:\/\/dev.codekraft.it\/rotary-2024\/wp-content\/uploads\/brb_media\/00506709_g1000a84k-150x150.png","url":"https:\/\/dev.codekraft.it\/rotary-2024\/es\/productos\/accesorios-servicio-de-llantas-es\/accesorios-desmontadoras-es\/proteccion-de-plastico-para-cono-de-centrado\/"},{"id":381538,"mpn":"G1000A70K","name":"Protecci\u00f3n de pl\u00e1stico para pernos de arrastre","description":"Protecci\u00f3n para dispositivo de tracci\u00f3n en mesa de sujeci\u00f3n | 1 juego \/ 5 piezas","thumbnail":"https:\/\/dev.codekraft.it\/rotary-2024\/wp-content\/uploads\/brb_media\/00506705_g1000a70k-150x150.png","url":"https:\/\/dev.codekraft.it\/rotary-2024\/es\/productos\/accesorios-servicio-de-llantas-es\/accesorios-desmontadoras-es\/proteccion-de-plastico-para-pernos-de-arrastre\/"},{"id":382089,"mpn":"G1000A137","name":"Placa de sujeci\u00f3n Universal | para llantas sin agujero central y llantas invertidas | por G1000A138","description":"Garra universal para llantas ciegas \/ llantas al rev\u00e9s","thumbnail":"https:\/\/dev.codekraft.it\/rotary-2024\/wp-content\/uploads\/brb_media\/00506682_g1000a137-01-150x150.png","url":"https:\/\/dev.codekraft.it\/rotary-2024\/es\/productos\/accesorios-servicio-de-llantas-es\/accesorios-desmontadoras-es\/placa-de-sujecion-universal-para-llantas-sin-agujero-central-y-llantas-invertidas-por-g1000a138\/"},{"id":383816,"mpn":"G1000A158","name":"Placa de sujeci\u00f3n Universal | para ruedas invertidas","description":"Garra universal","thumbnail":"https:\/\/dev.codekraft.it\/rotary-2024\/wp-content\/uploads\/brb_media\/00506723_g1000a87-150x150.png","url":"https:\/\/dev.codekraft.it\/rotary-2024\/es\/productos\/accesorios-servicio-de-llantas-es\/accesorios-desmontadoras-es\/placa-de-sujecion-universal-para-ruedas-invertidas\/"},{"id":383823,"mpn":"G1000A161","name":"Placa de sujeci\u00f3n Universal | para llantas CLAD con agujero central","description":"Garra universal para bloqueo de la rueda por los agujeros de fijaci\u00f3n - Necesario en la rueda el agujero central para su montaje","thumbnail":"https:\/\/dev.codekraft.it\/rotary-2024\/wp-content\/uploads\/brb_media\/00535630_g1000a161-mi-150x150.png","url":"https:\/\/dev.codekraft.it\/rotary-2024\/es\/productos\/accesorios-servicio-de-llantas-es\/accesorios-desmontadoras-es\/placa-de-sujecion-universal-para-llantas-clad-con-agujero-central\/"},{"id":381550,"mpn":"G1000A101","name":"Garra para LT (Light Truck)","description":"","thumbnail":"https:\/\/dev.codekraft.it\/rotary-2024\/wp-content\/uploads\/brb_media\/00506669_g1000a101-150x150.png","url":"https:\/\/dev.codekraft.it\/rotary-2024\/es\/productos\/accesorios-servicio-de-llantas-es\/accesorios-desmontadoras-es\/garra-para-lt-light-truck\/"},{"id":383227,"mpn":"G1000A152A","name":"Garra para LT (Light Truck) | pasador de accionamiento \u00d8 14 mm","description":"Para desmontadoras de rueda de cierre centralizado","thumbnail":"https:\/\/dev.codekraft.it\/rotary-2024\/wp-content\/uploads\/brb_media\/00506669_g1000a101-150x150.png","url":"https:\/\/dev.codekraft.it\/rotary-2024\/es\/productos\/accesorios-servicio-de-llantas-es\/accesorios-desmontadoras-es\/garra-para-lt-light-truck-pasador-de-accionamiento-o-14-mm\/"},{"id":383642,"mpn":"G1000A65","name":"Protecci\u00f3n de pl\u00e1stico G1000A65","description":"Para soporte \u00fatil superior | 1 pieza","thumbnail":"https:\/\/dev.codekraft.it\/rotary-2024\/wp-content\/uploads\/brb_media\/00535626_tyre-changer-g1000a65k-mi-150x150.png","url":"https:\/\/dev.codekraft.it\/rotary-2024\/es\/productos\/accesorios-servicio-de-llantas-es\/accesorios-desmontadoras-es\/proteccion-de-plastico-g1000a65\/"},{"id":383636,"mpn":"G1000A65K","name":"Protecci\u00f3n de pl\u00e1stico G1000A65K","description":"Para soporte \u00fatil superior | 1 juego \/ 5 piezas","thumbnail":"https:\/\/dev.codekraft.it\/rotary-2024\/wp-content\/uploads\/brb_media\/00535626_tyre-changer-g1000a65k-mi-150x150.png","url":"https:\/\/dev.codekraft.it\/rotary-2024\/es\/productos\/accesorios-servicio-de-llantas-es\/accesorios-desmontadoras-es\/proteccion-de-plastico-g1000a65k\/"},{"id":381586,"mpn":"G1000A86","name":"Espejo con soporte magn\u00e9tico","description":"","thumbnail":"https:\/\/dev.codekraft.it\/rotary-2024\/wp-content\/uploads\/brb_media\/00506710_g1000a86-150x150.png","url":"https:\/\/dev.codekraft.it\/rotary-2024\/es\/productos\/accesorios-servicio-de-llantas-es\/accesorios-desmontadoras-es\/espejo-con-soporte-magnetico\/"},{"id":380229,"mpn":"G108A16","name":"Brocha madera, en \u00e1ngulo","description":"Para m\u00e1quinas de montaje de ruedas","thumbnail":"https:\/\/dev.codekraft.it\/rotary-2024\/wp-content\/uploads\/brb_media\/00506731_g108a16-150x114.png","url":"https:\/\/dev.codekraft.it\/rotary-2024\/es\/productos\/accesorios-servicio-de-llantas-es\/accesorios-desmontadoras-es\/brocha-madera-en-angulo\/"},{"id":385174,"mpn":"G1000A66","name":"Protecci\u00f3n de pl\u00e1stico para cono dispositivo de bloqueo","description":"1 pieza","thumbnail":"https:\/\/dev.codekraft.it\/rotary-2024\/wp-content\/uploads\/brb_media\/00192777_g1000a66k-150x150.png","url":"https:\/\/dev.codekraft.it\/rotary-2024\/es\/productos\/accesorios-servicio-de-llantas-es\/accesorios-desmontadoras-es\/proteccion-de-plastico-para-cono-dispositivo-de-bloqueo-2\/"}],"components":[],"related":[],"page_logo_src":"https:\/\/dev.codekraft.it\/rotary-2024\/wp-content\/uploads\/2024\/05\/cropped-rotary-logo-2022.png","lang":"es","translations":{"es":384339,"en":384333,"de":384336,"fr":384337,"it":384338,"ru":384340},"pll_sync_post":[],"_links":{"self":[{"href":"https:\/\/dev.codekraft.it\/rotary-2024\/wp-json\/wp\/v2\/product\/384339","targetHints":{"allow":["GET"]}}],"collection":[{"href":"https:\/\/dev.codekraft.it\/rotary-2024\/wp-json\/wp\/v2\/product"}],"about":[{"href":"https:\/\/dev.codekraft.it\/rotary-2024\/wp-json\/wp\/v2\/types\/product"}],"wp:featuredmedia":[{"embeddable":true,"href":"https:\/\/dev.codekraft.it\/rotary-2024\/wp-json\/wp\/v2\/media\/355883"}],"wp:attachment":[{"href":"https:\/\/dev.codekraft.it\/rotary-2024\/wp-json\/wp\/v2\/media?parent=384339"}],"wp:term":[{"taxonomy":"product_brand","embeddable":true,"href":"https:\/\/dev.codekraft.it\/rotary-2024\/wp-json\/wp\/v2\/product_brand?post=384339"},{"taxonomy":"product_cat","embeddable":true,"href":"https:\/\/dev.codekraft.it\/rotary-2024\/wp-json\/wp\/v2\/product_cat?post=384339"},{"taxonomy":"product_tag","embeddable":true,"href":"https:\/\/dev.codekraft.it\/rotary-2024\/wp-json\/wp\/v2\/product_tag?post=384339"},{"taxonomy":"product_approvals","embeddable":true,"href":"https:\/\/dev.codekraft.it\/rotary-2024\/wp-json\/wp\/v2\/product_approvals?post=384339"},{"taxonomy":"product_application","embeddable":true,"href":"https:\/\/dev.codekraft.it\/rotary-2024\/wp-json\/wp\/v2\/product_application?post=384339"}],"curies":[{"name":"wp","href":"https:\/\/api.w.org\/{rel}","templated":true}]}}