{"id":384302,"date":"2025-12-10T15:21:25","date_gmt":"2025-12-10T15:21:25","guid":{"rendered":"https:\/\/dev.codekraft.it\/rotary-2024\/products\/uncategorized\/ponte-sollevatore-a-2-colonne-spm32-s\/"},"modified":"2025-12-10T15:21:25","modified_gmt":"2025-12-10T15:21:25","slug":"ponte-sollevatore-a-2-colonne-spm32-s","status":"publish","type":"product","link":"https:\/\/dev.codekraft.it\/rotary-2024\/it\/prodotti\/ponti-sollevatori-it\/ponti-sollevatori-a-2-colonne-it\/ponte-sollevatore-a-2-colonne-spm32-s\/","title":{"rendered":"Ponte sollevatore a 2 colonne SPM32-S"},"content":{"rendered":"<p>Tomorrow Series &#8211; The way to the Future<\/p>\n<ul>\n<li>Affidabile e potente: elevate prestazioni anche in condizioni gravose<\/li>\n<li>Flessibile e versatile: disponibilit\u00e0 di tre larghezze di installazione, per soddisfare\u00a0le esigenze di qualunque officina<\/li>\n<li>Innovazione e alta qualit\u00e0: un look contemporaneo all&#8217;altezza della qualit\u00e0 elevata dei componenti<\/li>\n<\/ul>\n<p>Una tecnologia aggiornata d\u00e0 vita a un design all&#8217;avanguardia. I ponti sollevatori a 2 colonne Rotary della Tomorrow Series proiettano la vostra officina immediatamente nel futuro. Testati per 20000 cicli e progettati per la connessione a Internet online TEq-Link, l&#8217;officina \u00e8 pronta per tutte le innovazioni che devono ancora arrivare.<\/p>\n<ul>\n<li>Base portante: installazione possibile anche su pavimentazioni con problemi di planarit\u00e0 o parametri di portata e spessore cemento insufficienti. (*Fare riferimento al manuale per i requisiti di installazione.)<\/li>\n<li>Pedana portante ribassata: H 50 mm.<\/li>\n<\/ul>\n<ul>\n<li>Manutenzione di routine ridotta al minimo: I componenti sono progettati per una manutenzione o una sostituzione agevoli, riducendo il costo di esercizio e il rischio di errori sui componenti critici per la sicurezza.<\/li>\n<li>Sicurezza e qualit\u00e0 garantite nel tempo: Il ponte \u00e8 dotato di componenti di alta qualit\u00e0, che garantiscono lunga durata e massima sicurezza per l\u2019operatore.<\/li>\n<\/ul>\n<ul>\n<li>Sistema acustico per la protezione dei piedi &#8211; Nessun salvapiedi meccanico.<\/li>\n<li>I carrelli interni scorrono su apposite guide lubrificate e sono protette dall\u2019ambiente esterno, a garanzia di una maggiore durata degli elementi scorrevoli.<\/li>\n<li>La nuova geometria della colonna consente la rapida sostituzione della chiocciola.<\/li>\n<li>La geometria dei bracci \u00e8 stata progettata per sollevare dalla city car alla berlina a passo lungo.<\/li>\n<li>Portata: 3,2 t<\/li>\n<li>Bracci corti a 3 stadi e bracci lunghi a 2 stadi con tampone in gomma telescopico a montaggio rapido.<\/li>\n<li>Sincronizzazione elettronica.<\/li>\n<li>Ampia protezione in gomma.<\/li>\n<li>Puleggia in alluminio con funzione di raffreddamento.<\/li>\n<li>Cuscinetti a lunga durata.<\/li>\n<li>Chiocciola portante in bronzo pi\u00f9 lunga del 50%.<\/li>\n<li>Motori con carcassa dissipante rinforzata.<\/li>\n<li>Solido sistema di arresto bracci automatico.<\/li>\n<\/ul>\n","protected":false},"excerpt":{"rendered":"<p>3,2 t, elettromeccanico, base portante, colonne simmetriche, bracci di supporto asimmetrici, bracci lunghi a 2 stadi, bracci corti a 3 stadi, TEq-Link<\/p>\n","protected":false},"featured_media":355821,"template":"","meta":[],"product_brand":[],"product_cat":[1033400],"product_tag":[1034166],"product_approvals":[],"product_application":[],"class_list":{"0":"post-384302","1":"product","2":"type-product","3":"status-publish","4":"has-post-thumbnail","6":"product_cat-ponti-sollevatori-a-2-colonne-it","7":"product_tag-passenger-cars-it","9":"first","10":"instock","11":"shipping-taxable","12":"product-type-simple"},"approvals":[],"application":[],"brb_media_brochure":[{"id":384293,"url":"https:\/\/dev.codekraft.it\/rotary-2024\/wp-content\/uploads\/brb_media\/00539857_2-post-lift-spm32-c-spm32-s-br-133057-de-2025-03-screen.pdf","title":"2 Post Lift SPM32 C SPM32 S BR 133057 de 2025 03 screen","mpn":"","thumbnail":"https:\/\/dev.codekraft.it\/rotary-2024\/wp-content\/uploads\/brb_media\/00539857_2-post-lift-spm32-c-spm32-s-br-133057-de-2025-03-screen-pdf-106x150.png","description":""},{"id":384294,"url":"https:\/\/dev.codekraft.it\/rotary-2024\/wp-content\/uploads\/brb_media\/00539858_2-post-lift-spm32-c-spm32-s-br-133058-en-2025-03-screen.pdf","title":"2 Post Lift SPM32 C SPM32 S BR 133058 en 2025 03 screen","mpn":"","thumbnail":"https:\/\/dev.codekraft.it\/rotary-2024\/wp-content\/uploads\/brb_media\/00539858_2-post-lift-spm32-c-spm32-s-br-133058-en-2025-03-screen-pdf-106x150.png","description":""},{"id":384295,"url":"https:\/\/dev.codekraft.it\/rotary-2024\/wp-content\/uploads\/brb_media\/00539859_2-post-lift-spm32-c-spm32-s-br-133059-fr-2025-03-screen.pdf","title":"2 Post Lift SPM32 C SPM32 S BR 133059 fr 2025 03 screen","mpn":"","thumbnail":"https:\/\/dev.codekraft.it\/rotary-2024\/wp-content\/uploads\/brb_media\/00539859_2-post-lift-spm32-c-spm32-s-br-133059-fr-2025-03-screen-pdf-106x150.png","description":""},{"id":384296,"url":"https:\/\/dev.codekraft.it\/rotary-2024\/wp-content\/uploads\/brb_media\/00539860_2-post-lift-spm32-c-spm32-s-br-133060-it-2025-03-screen.pdf","title":"2 Post Lift SPM32 C SPM32 S BR 133060 it 2025 03 screen","mpn":"","thumbnail":"https:\/\/dev.codekraft.it\/rotary-2024\/wp-content\/uploads\/brb_media\/00539860_2-post-lift-spm32-c-spm32-s-br-133060-it-2025-03-screen-pdf-106x150.png","description":""},{"id":384297,"url":"https:\/\/dev.codekraft.it\/rotary-2024\/wp-content\/uploads\/brb_media\/00539861_2-post-lift-spm32-c-spm32-s-br-133061-es-2025-03-screen.pdf","title":"2 Post Lift SPM32 C SPM32 S BR 133061 es 2025 03 screen","mpn":"","thumbnail":"https:\/\/dev.codekraft.it\/rotary-2024\/wp-content\/uploads\/brb_media\/00539861_2-post-lift-spm32-c-spm32-s-br-133061-es-2025-03-screen-pdf-106x150.png","description":""},{"id":384298,"url":"https:\/\/dev.codekraft.it\/rotary-2024\/wp-content\/uploads\/brb_media\/00539862_2-post-lift-spm32-c-spm32-s-br-133062-ru-2025-03-screen.pdf","title":"2 Post Lift SPM32 C SPM32 S BR 133062 ru 2025 03 screen","mpn":"","thumbnail":"https:\/\/dev.codekraft.it\/rotary-2024\/wp-content\/uploads\/brb_media\/00539862_2-post-lift-spm32-c-spm32-s-br-133062-ru-2025-03-screen-pdf-106x150.png","description":""}],"brb_media_drawing":[{"id":355830,"url":"https:\/\/dev.codekraft.it\/rotary-2024\/wp-content\/uploads\/brb_media\/00520097_2-post-lift-spm32-s-td-0474_0703_1_01-en-2023-11.pdf","title":"2 post lift SPM32 S TD 0474 0703 1 01 en 2023 11","mpn":"","thumbnail":"https:\/\/dev.codekraft.it\/rotary-2024\/wp-content\/uploads\/brb_media\/00520097_2-post-lift-spm32-s-td-0474_0703_1_01-en-2023-11-pdf-150x107.png","description":""}],"brb_media_manuals":[{"id":355829,"url":"https:\/\/dev.codekraft.it\/rotary-2024\/wp-content\/uploads\/brb_media\/00520115_2-post-lift-spm32-s-im-0474-m006-0-rev0-multi-2023-05.pdf","title":"2 post lift SPM32 S IM 0474 M006 0 rev0 multi 2023 05","mpn":"","thumbnail":"https:\/\/dev.codekraft.it\/rotary-2024\/wp-content\/uploads\/brb_media\/00520115_2-post-lift-spm32-s-im-0474-m006-0-rev0-multi-2023-05-pdf-106x150.png","description":""}],"brb_media_safety_datasheets":"","brb_media_spare_parts":[],"_cdmm_p_id":"503437","_company":"Elektron","_gtin":"5063084199324","accessories":[{"id":383985,"mpn":"VSG.2CALL.902641","name":"Vaschette portautensili","description":"Magnetiche | 1 set \/ 2 pezzi","thumbnail":"https:\/\/dev.codekraft.it\/rotary-2024\/wp-content\/uploads\/brb_media\/00509504_2-post-lift-vsg2call902641-mi-150x150.png","url":"https:\/\/dev.codekraft.it\/rotary-2024\/it\/prodotti\/accessori-ponti-sollevatori-it\/accessori-ponti-sollevatori-a-2-colonne-it\/vaschette-portautensili\/"},{"id":381089,"mpn":"FJ6216C","name":"Kit tamponi","description":"Piastra di supporto, cuscinetto in gomma, rotondo | \u00d8 80 mm | 1 set \/ 4 pezzi","thumbnail":"https:\/\/dev.codekraft.it\/rotary-2024\/wp-content\/uploads\/brb_media\/00535980_2-post-lift-fj6216c-mi-150x150.png","url":"https:\/\/dev.codekraft.it\/rotary-2024\/it\/prodotti\/accessori-ponti-sollevatori-it\/dispositivi-di-trasporto-del-carico-it\/kit-tamponi-7\/"},{"id":382529,"mpn":"VSG.2CALL.901538","name":"Kit tamponi","description":"Piastra di supporto, cuscinetto in gomma, rettangolare | per Tesla | 1 set \/ 4 pezzi","thumbnail":"https:\/\/dev.codekraft.it\/rotary-2024\/wp-content\/uploads\/brb_media\/00505100_2-post-lift-vsg2call901538-mi-150x150.png","url":"https:\/\/dev.codekraft.it\/rotary-2024\/it\/prodotti\/accessori-ponti-sollevatori-it\/dispositivi-di-trasporto-del-carico-it\/kit-tamponi-8\/"},{"id":382535,"mpn":"VSG.2CALL.902023","name":"Kit tamponi","description":"Piastra di supporto, fungo di centraggio | per Fiat 500E, 500 ABARTH | a 2 stadi | 1 set \/ 4 pezzi","thumbnail":"https:\/\/dev.codekraft.it\/rotary-2024\/wp-content\/uploads\/brb_media\/00505105_2-post-lift-vsg2call902023-mi-150x150.png","url":"https:\/\/dev.codekraft.it\/rotary-2024\/it\/prodotti\/accessori-ponti-sollevatori-it\/dispositivi-di-trasporto-del-carico-it\/kit-tamponi-9\/"},{"id":382541,"mpn":"VSG.2CALL.902146","name":"Kit tamponi","description":"Prisma | per piattaforma VW MEB veicoli elettrici | 1 set \/ 4 pezzi","thumbnail":"https:\/\/dev.codekraft.it\/rotary-2024\/wp-content\/uploads\/brb_media\/00509505_2-post-lift-vsg2call902146-mi-150x150.png","url":"https:\/\/dev.codekraft.it\/rotary-2024\/it\/prodotti\/accessori-ponti-sollevatori-it\/dispositivi-di-trasporto-del-carico-it\/kit-tamponi-10\/"},{"id":382565,"mpn":"VSG.2CALL.901330","name":"Kit tamponi","description":"Disco di supporto, supporto a U | 1 set \/ 4 pezzi","thumbnail":"https:\/\/dev.codekraft.it\/rotary-2024\/wp-content\/uploads\/brb_media\/00505104_2-post-lift-vsg2call901330-mi-150x150.png","url":"https:\/\/dev.codekraft.it\/rotary-2024\/it\/prodotti\/accessori-ponti-sollevatori-it\/dispositivi-di-trasporto-del-carico-it\/kit-tamponi-11\/"},{"id":384185,"mpn":"VSG.2CALL.901859","name":"Kit tamponi","description":"Prisma | per Mercedes Classe G - anteriori e posteriori | 1 set \/ 4 pezzi","thumbnail":"https:\/\/dev.codekraft.it\/rotary-2024\/wp-content\/uploads\/brb_media\/00511001_2-post-lift-vsg2call901859-mi-150x150.png","url":"https:\/\/dev.codekraft.it\/rotary-2024\/it\/prodotti\/accessori-ponti-sollevatori-it\/dispositivi-di-trasporto-del-carico-it\/kit-tamponi-14\/"},{"id":384179,"mpn":"VSG.2CALL.901606","name":"Kit tamponi","description":"Mandrino | per Fiat Ducato, Peugeot Boxer, Citro\u00ebn Jumper - anteriori e posteriori | 1 set \/ 4 pezzi","thumbnail":"https:\/\/dev.codekraft.it\/rotary-2024\/wp-content\/uploads\/brb_media\/00510999_2-post-lift-vsg2call901606-mi-150x150.png","url":"https:\/\/dev.codekraft.it\/rotary-2024\/it\/prodotti\/accessori-ponti-sollevatori-it\/dispositivi-di-trasporto-del-carico-it\/kit-tamponi-13\/"},{"id":384173,"mpn":"VSG.2CALL.901712","name":"Kit tamponi","description":"Prisma, mandrino | per Mercedes Sprinter, VW Crafter | 1 set \/ 6 pezzi","thumbnail":"https:\/\/dev.codekraft.it\/rotary-2024\/wp-content\/uploads\/brb_media\/00511000_2-post-lift-vsg2call901712-mi-150x150.png","url":"https:\/\/dev.codekraft.it\/rotary-2024\/it\/prodotti\/accessori-ponti-sollevatori-it\/dispositivi-di-trasporto-del-carico-it\/kit-tamponi-12\/"},{"id":382547,"mpn":"VSG.2CALL.901071","name":"Distanziali per tamponi per sollevatori elettromeccanico","description":"4 x 89 mm, 4 x 127 mm, incl. 2 staffe per il montaggio sui pilastri | 1 set \/ 8 pezzi","thumbnail":"https:\/\/dev.codekraft.it\/rotary-2024\/wp-content\/uploads\/brb_media\/00508736_2-post-lift-vsg2call901071-mi-150x150.png","url":"https:\/\/dev.codekraft.it\/rotary-2024\/it\/prodotti\/accessori-ponti-sollevatori-it\/accessori-ponti-sollevatori-a-2-colonne-it\/distanziali-per-tamponi-per-sollevatori-elettromeccanico\/"},{"id":382553,"mpn":"VSG.2CALL.901248","name":"Distanziali per tamponi","description":"4 x 200 mm, incl. staffa per il montaggio sui pilastri | 1 set \/ 4 pezzi","thumbnail":"https:\/\/dev.codekraft.it\/rotary-2024\/wp-content\/uploads\/brb_media\/00505099_2-post-lift-vsg2call901248-mi-150x150.png","url":"https:\/\/dev.codekraft.it\/rotary-2024\/it\/prodotti\/accessori-ponti-sollevatori-it\/accessori-ponti-sollevatori-a-2-colonne-it\/distanziali-per-tamponi-3\/"},{"id":382559,"mpn":"VSG.2CALL.901163","name":"Kit adattatori","description":"Kit adattatori per tamponi per presa telaio \u00d8 120 mm (1 set, 2 pz), per piattaforma girevole","thumbnail":"https:\/\/dev.codekraft.it\/rotary-2024\/wp-content\/uploads\/brb_media\/00524050_2-post-lift-fj6353-1-mi-150x150.png","url":"https:\/\/dev.codekraft.it\/rotary-2024\/it\/prodotti\/accessori-ponti-sollevatori-it\/accessori-ponti-sollevatori-a-2-colonne-it\/kit-adattatori\/"},{"id":383973,"mpn":"VSG.2CALL.902818","name":"Kit rampe innalzamento veicolo","description":"Altezza rampa 60 mm, per veicoli estremamente bassi | 1 set \/ 2 pezzi","thumbnail":"https:\/\/dev.codekraft.it\/rotary-2024\/wp-content\/uploads\/brb_media\/00509501_2-post-lift-vsg2call902818-mi-150x150.png","url":"https:\/\/dev.codekraft.it\/rotary-2024\/it\/prodotti\/accessori-ponti-sollevatori-it\/accessori-ponti-sollevatori-a-2-colonne-it\/kit-rampe-innalzamento-veicolo\/"},{"id":383979,"mpn":"VSG.2CALL.902085","name":"Kit cavalletti per assetto","description":"1 set \/ 4 pezzi","thumbnail":"https:\/\/dev.codekraft.it\/rotary-2024\/wp-content\/uploads\/brb_media\/00509503_2-post-lift-vsg2call902085-mi-150x150.png","url":"https:\/\/dev.codekraft.it\/rotary-2024\/it\/prodotti\/accessori-ponti-sollevatori-it\/accessori-ponti-sollevatori-a-2-colonne-it\/kit-cavalletti-per-assetto\/"},{"id":384191,"mpn":"VSG.2CALL.902511","name":"Supporto per utensili","description":"Supporto ergonomico per avvitatore pneumatico","thumbnail":"https:\/\/dev.codekraft.it\/rotary-2024\/wp-content\/uploads\/brb_media\/00511003_2-post-lift-vsg2call902511-mi-150x150.png","url":"https:\/\/dev.codekraft.it\/rotary-2024\/it\/prodotti\/accessori-ponti-sollevatori-it\/accessori-ponti-sollevatori-a-2-colonne-it\/supporto-per-utensili\/"},{"id":382584,"mpn":"VSG.2CELM.901927","name":"Golfare per movimentazione colonne","description":"3,5 t - 4,2 t | Agevola installazione del ponte sollevatore, riutilizzabile per altre installazioni | 1 set","thumbnail":"https:\/\/dev.codekraft.it\/rotary-2024\/wp-content\/uploads\/brb_media\/00512726_2-post-lift-vsg2celm901927-mi-01-150x150.png","url":"https:\/\/dev.codekraft.it\/rotary-2024\/it\/prodotti\/accessori-ponti-sollevatori-it\/accessori-ponti-sollevatori-a-2-colonne-it\/golfare-per-movimentazione-colonne\/"},{"id":382578,"mpn":"VSG.2CELM.902344","name":"Regolazione altezza traversa","description":"Kit per aumentare del passaggio cavi aereo a +1,5 m | per sollevatori a fuso | 1 set","thumbnail":"https:\/\/dev.codekraft.it\/rotary-2024\/wp-content\/uploads\/brb_media\/00509506_2-post-lift-vsg2celm902344-mi-150x150.png","url":"https:\/\/dev.codekraft.it\/rotary-2024\/it\/prodotti\/accessori-ponti-sollevatori-it\/accessori-ponti-sollevatori-a-2-colonne-it\/regolazione-altezza-traversa\/"},{"id":382572,"mpn":"VSG.2CALL.901378","name":"Kit stabilizzatori","description":"3,5 t | permette l\u2019installazione dei ponti sollevatori anche su qualit\u00e0 di calcestruzzo inferiori a quelli richiesti | 1 set \/ 2 pezzi","thumbnail":"https:\/\/dev.codekraft.it\/rotary-2024\/wp-content\/uploads\/brb_media\/00533778_2-post-lift-vsg-2call-901378-mi-150x150.png","url":"https:\/\/dev.codekraft.it\/rotary-2024\/it\/prodotti\/accessori-ponti-sollevatori-it\/accessori-ponti-sollevatori-a-2-colonne-it\/kit-stabilizzatori\/"},{"id":382850,"mpn":"VSG.2CELM.902498","name":"Passaggio cavi a pavimento","description":"Permette di interrare i cavi di connessione | 1 pezzo","thumbnail":"https:\/\/dev.codekraft.it\/rotary-2024\/wp-content\/uploads\/brb_media\/00507202_2-post-lift-vsg2celm902498-mi-150x150.png","url":"https:\/\/dev.codekraft.it\/rotary-2024\/it\/prodotti\/accessori-ponti-sollevatori-it\/accessori-ponti-sollevatori-a-2-colonne-it\/passaggio-cavi-a-pavimento\/"},{"id":384161,"mpn":"VSG.2CALL.901361","name":"Stabilizzatori","description":"3,2 t | permette l\u2019installazione dei ponti sollevatori anche su qualit\u00e0 di calcestruzzo inferiori a quelli richiesti | 1 set \/ 2 pezzi","thumbnail":"https:\/\/dev.codekraft.it\/rotary-2024\/wp-content\/uploads\/brb_media\/00533777_2-post-lift-vsg-2call-901361-mi-150x150.png","url":"https:\/\/dev.codekraft.it\/rotary-2024\/it\/prodotti\/accessori-ponti-sollevatori-it\/accessori-ponti-sollevatori-a-2-colonne-it\/stabilizzatori-2\/"},{"id":384503,"mpn":"VSG.2CALL.902276","name":"Kit tamponi","description":"Piastra di supporto, tampone in gomma, regolabile - per posizionamento rapido in 4 altezze | a 4 stadi | 1 set \/ 4 pezzi","thumbnail":"https:\/\/dev.codekraft.it\/rotary-2024\/wp-content\/uploads\/brb_media\/00533780_2-post-lift-vsg-2call-902276-mi-01-150x150.png","url":"https:\/\/dev.codekraft.it\/rotary-2024\/it\/prodotti\/accessori-ponti-sollevatori-it\/accessori-ponti-sollevatori-a-2-colonne-it\/kit-tamponi-15\/"}],"components":[],"related":[],"page_logo_src":"https:\/\/dev.codekraft.it\/rotary-2024\/wp-content\/uploads\/2024\/05\/cropped-rotary-logo-2022.png","lang":"it","translations":{"it":384302,"en":384292,"de":384300,"fr":384301,"es":384303,"ru":384304},"pll_sync_post":[],"_links":{"self":[{"href":"https:\/\/dev.codekraft.it\/rotary-2024\/wp-json\/wp\/v2\/product\/384302","targetHints":{"allow":["GET"]}}],"collection":[{"href":"https:\/\/dev.codekraft.it\/rotary-2024\/wp-json\/wp\/v2\/product"}],"about":[{"href":"https:\/\/dev.codekraft.it\/rotary-2024\/wp-json\/wp\/v2\/types\/product"}],"wp:featuredmedia":[{"embeddable":true,"href":"https:\/\/dev.codekraft.it\/rotary-2024\/wp-json\/wp\/v2\/media\/355821"}],"wp:attachment":[{"href":"https:\/\/dev.codekraft.it\/rotary-2024\/wp-json\/wp\/v2\/media?parent=384302"}],"wp:term":[{"taxonomy":"product_brand","embeddable":true,"href":"https:\/\/dev.codekraft.it\/rotary-2024\/wp-json\/wp\/v2\/product_brand?post=384302"},{"taxonomy":"product_cat","embeddable":true,"href":"https:\/\/dev.codekraft.it\/rotary-2024\/wp-json\/wp\/v2\/product_cat?post=384302"},{"taxonomy":"product_tag","embeddable":true,"href":"https:\/\/dev.codekraft.it\/rotary-2024\/wp-json\/wp\/v2\/product_tag?post=384302"},{"taxonomy":"product_approvals","embeddable":true,"href":"https:\/\/dev.codekraft.it\/rotary-2024\/wp-json\/wp\/v2\/product_approvals?post=384302"},{"taxonomy":"product_application","embeddable":true,"href":"https:\/\/dev.codekraft.it\/rotary-2024\/wp-json\/wp\/v2\/product_application?post=384302"}],"curies":[{"name":"wp","href":"https:\/\/api.w.org\/{rel}","templated":true}]}}