{"id":384287,"date":"2025-12-11T10:04:40","date_gmt":"2025-12-11T10:04:40","guid":{"rendered":"https:\/\/dev.codekraft.it\/rotary-2024\/products\/uncategorized\/ccd-achsmessgerat-rwa5100hd\/"},"modified":"2025-12-11T10:04:40","modified_gmt":"2025-12-11T10:04:40","slug":"ccd-achsmessgerat-rwa5100hd","status":"publish","type":"product","link":"https:\/\/dev.codekraft.it\/rotary-2024\/produkte\/diagnose-de\/achsmessgerate-de\/ccd-achsmessgerat-rwa5100hd\/","title":{"rendered":"CCD-Achsmessger\u00e4t RWA5100HD"},"content":{"rendered":"<p>Mit CCD-Sensoren ausgestattete Achsmessger\u00e4te f\u00fcr Lkw, Daten\u00fcbertragung \u00fcber Bluetooth und Stromversorgung durch schnell aufladbare Batterien. Der Bediener ist dank der Steuerung aller Diagnoseverfahren \u00fcber das Tablet in der Lage, zwischen mehreren Arbeitspl\u00e4tzen zu wechseln.<\/p>\n<ul>\n<li>Praktisch<\/li>\n<li>\u00dcbertragung ohne Kompromisse<\/li>\n<li>Intelligente Technologie<\/li>\n<\/ul>\n<ul>\n<li>Die drei an den Sensoren befindlichen LEDs erleichtern das Vorgehen bei der Diagnose.<\/li>\n<li>Die Schnellladestationen f\u00fcr die Batterie der Sensoren befinden sich an den Konsolenseiten, wodurch sie leicht zug\u00e4nglich und einfach zu verwenden sind.<\/li>\n<li>Effiziente Infrarot\u00fcbertragung zwischen den Sensoren; auch bei kritischen Lichtverh\u00e4ltnissen.<\/li>\n<li>Die mobile Konsole enth\u00e4lt Ladestationen f\u00fcr Sensoren und Tablets.<\/li>\n<li>Tiefergesetzte Sensoren, ideal f\u00fcr Lastwagen und Busse.<\/li>\n<li>Bluetooth-\u00dcbertragung zwischen CCD-Sensoren und Tablet.<\/li>\n<\/ul>\n<ul>\n<li>Tableteigenschaften:\n<ul>\n<li>Staub- und wasserdicht (IP65)<\/li>\n<li>Sturzbest\u00e4ndig bis 1,2 m<\/li>\n<li>8 GB Speicherkapazit\u00e4t<\/li>\n<li>Display 1820 x 1080<\/li>\n<li>Mit Haftmagneten ausgestattet<\/li>\n<li>Gewicht von weniger als 800 g<\/li>\n<li>WLAN 802.11 ac\/a\/b\/g\/n + Bluetooth<\/li>\n<\/ul>\n<\/li>\n<li>Durch das Movie-Programm wird die Erfassungsphase dank animierter 3D-Grafiken, die den Bediener durch den gesamten Ablauf f\u00fchren, vereinfacht.<\/li>\n<li>Erm\u00f6glicht die schnelle und einfache Vermessung von Fahrzeugen mit mehreren Achsen. Das Verfahren ist gef\u00fchrt und einfach zu befolgen, auch f\u00fcr weniger erfahrene Bediener.<\/li>\n<li>Datenverwaltungs- und Visualisierungsprogramm in Microsoft Windows-Umgebung.<\/li>\n<li>Internationale Datenbank mit technischen Daten der Fahrzeuge und M\u00f6glichkeit der Erstellung einer Kundendatenbank zum Speichern der Vermessungsprotokolle.<\/li>\n<li>Durch Tasten an den Sensoren bietet das System eine einfache und intuitive Fernbedienung, ohne dass ein Zugang zu einem Tablet erforderlich ist.<\/li>\n<\/ul>\n","protected":false},"excerpt":{"rendered":"<p>6-CCD-Achsvermessung f\u00fcr Lkw, mit tiefergesetzten Sensoren | inkl. offenem Fahrwagen, 11,6\u2033 LCD Windows-Tablet, Pedalfeststeller und Bremsenschloss | 1 x 230 V \/ 50 &#8211; 60 Hz<\/p>\n","protected":false},"featured_media":355721,"template":"","meta":[],"product_cat":[1033370],"product_tag":[1034260,1034143,1034126,1034195],"product_approvals":[],"product_application":[],"class_list":{"0":"post-384287","1":"product","2":"type-product","3":"status-publish","4":"has-post-thumbnail","6":"product_cat-achsmessgerate-de","7":"product_tag-anhanger-de","8":"product_tag-buses-de","9":"product_tag-trucks-de","10":"product_tag-motor-homes-de","12":"first","13":"instock","14":"shipping-taxable","15":"product-type-simple"},"approvals":[],"application":[],"brb_media_brochure":[{"id":355722,"url":"https:\/\/dev.codekraft.it\/rotary-2024\/wp-content\/uploads\/brb_media\/00523546_wheel-aligner-rwa5100hd-de-2024-04-screen.pdf","title":"Wheel aligner RWA5100HD de 2024 04 screen","thumbnail":"https:\/\/dev.codekraft.it\/rotary-2024\/wp-content\/uploads\/brb_media\/00523546_wheel-aligner-rwa5100hd-de-2024-04-screen-pdf-106x150.png","description":""},{"id":355723,"url":"https:\/\/dev.codekraft.it\/rotary-2024\/wp-content\/uploads\/brb_media\/00523547_wheel-aligner-rwa5100hd-en-2024-04-screen.pdf","title":"Wheel aligner RWA5100HD en 2024 04 screen","thumbnail":"https:\/\/dev.codekraft.it\/rotary-2024\/wp-content\/uploads\/brb_media\/00523547_wheel-aligner-rwa5100hd-en-2024-04-screen-pdf-106x150.png","description":""},{"id":355724,"url":"https:\/\/dev.codekraft.it\/rotary-2024\/wp-content\/uploads\/brb_media\/00523548_wheel-aligner-rwa5100hd-fr-2024-04-screen.pdf","title":"Wheel aligner RWA5100HD fr 2024 04 screen","thumbnail":"https:\/\/dev.codekraft.it\/rotary-2024\/wp-content\/uploads\/brb_media\/00523548_wheel-aligner-rwa5100hd-fr-2024-04-screen-pdf-106x150.png","description":""},{"id":355725,"url":"https:\/\/dev.codekraft.it\/rotary-2024\/wp-content\/uploads\/brb_media\/00523549_wheel-aligner-rwa5100hd-it-2024-04-screen.pdf","title":"Wheel aligner RWA5100HD it 2024 04 screen","thumbnail":"https:\/\/dev.codekraft.it\/rotary-2024\/wp-content\/uploads\/brb_media\/00523549_wheel-aligner-rwa5100hd-it-2024-04-screen-pdf-106x150.png","description":""},{"id":355726,"url":"https:\/\/dev.codekraft.it\/rotary-2024\/wp-content\/uploads\/brb_media\/00523550_wheel-aligner-rwa5100hd-es-2024-04-screen.pdf","title":"Wheel aligner RWA5100HD es 2024 04 screen","thumbnail":"https:\/\/dev.codekraft.it\/rotary-2024\/wp-content\/uploads\/brb_media\/00523550_wheel-aligner-rwa5100hd-es-2024-04-screen-pdf-106x150.png","description":""},{"id":355727,"url":"https:\/\/dev.codekraft.it\/rotary-2024\/wp-content\/uploads\/brb_media\/00523551_wheel-aligner-rwa5100hd-ru-2024-04-screen.pdf","title":"Wheel aligner RWA5100HD ru 2024 04 screen","thumbnail":"https:\/\/dev.codekraft.it\/rotary-2024\/wp-content\/uploads\/brb_media\/00523551_wheel-aligner-rwa5100hd-ru-2024-04-screen-pdf-106x150.png","description":""},{"id":384232,"url":"https:\/\/dev.codekraft.it\/rotary-2024\/wp-content\/uploads\/brb_media\/00528363_wheel-aligner-accessories-rwa5100hd-de-screen.pdf","title":"wheel aligner accessories rwa5100hd de screen","thumbnail":"https:\/\/dev.codekraft.it\/rotary-2024\/wp-content\/uploads\/brb_media\/00528363_wheel-aligner-accessories-rwa5100hd-de-screen-pdf-106x150.png","description":""},{"id":384233,"url":"https:\/\/dev.codekraft.it\/rotary-2024\/wp-content\/uploads\/brb_media\/00528364_wheel-aligner-accessories-rwa5100hd-en-screen.pdf","title":"wheel aligner accessories rwa5100hd en screen","thumbnail":"https:\/\/dev.codekraft.it\/rotary-2024\/wp-content\/uploads\/brb_media\/00528364_wheel-aligner-accessories-rwa5100hd-en-screen-pdf-106x150.png","description":""},{"id":384234,"url":"https:\/\/dev.codekraft.it\/rotary-2024\/wp-content\/uploads\/brb_media\/00528365_wheel-aligner-accessories-rwa5100hd-fr-screen.pdf","title":"wheel aligner accessories rwa5100hd fr screen","thumbnail":"https:\/\/dev.codekraft.it\/rotary-2024\/wp-content\/uploads\/brb_media\/00528365_wheel-aligner-accessories-rwa5100hd-fr-screen-pdf-106x150.png","description":""},{"id":384235,"url":"https:\/\/dev.codekraft.it\/rotary-2024\/wp-content\/uploads\/brb_media\/00528366_wheel-aligner-accessories-rwa5100hd-it-screen.pdf","title":"wheel aligner accessories rwa5100hd it screen","thumbnail":"https:\/\/dev.codekraft.it\/rotary-2024\/wp-content\/uploads\/brb_media\/00528366_wheel-aligner-accessories-rwa5100hd-it-screen-pdf-106x150.png","description":""},{"id":384236,"url":"https:\/\/dev.codekraft.it\/rotary-2024\/wp-content\/uploads\/brb_media\/00528367_wheel-aligner-accessories-rwa5100hd-es-screen.pdf","title":"wheel aligner accessories rwa5100hd es screen","thumbnail":"https:\/\/dev.codekraft.it\/rotary-2024\/wp-content\/uploads\/brb_media\/00528367_wheel-aligner-accessories-rwa5100hd-es-screen-pdf-106x150.png","description":""},{"id":384237,"url":"https:\/\/dev.codekraft.it\/rotary-2024\/wp-content\/uploads\/brb_media\/00528368_wheel-aligner-accessories-rwa5100hd-ru-screen.pdf","title":"wheel aligner accessories rwa5100hd ru screen","thumbnail":"https:\/\/dev.codekraft.it\/rotary-2024\/wp-content\/uploads\/brb_media\/00528368_wheel-aligner-accessories-rwa5100hd-ru-screen-pdf-106x150.png","description":""}],"brb_media_drawing":[{"id":355729,"url":"https:\/\/dev.codekraft.it\/rotary-2024\/wp-content\/uploads\/brb_media\/00519871_wheel-aligners-rwa5100hd-td-it-2023-12.pdf","title":"Wheel Aligners RWA5100HD TD it 2023 12","thumbnail":"https:\/\/dev.codekraft.it\/rotary-2024\/wp-content\/uploads\/brb_media\/00519871_wheel-aligners-rwa5100hd-td-it-2023-12-pdf-150x106.png","description":""}],"brb_media_manuals":[{"id":384240,"url":"https:\/\/dev.codekraft.it\/rotary-2024\/wp-content\/uploads\/brb_media\/00539874_wheel-aligner-rotr51hd-spaba6hd-ravtd600-im-2025-m364-00_vsg_00_rev00_multi-2023-11.pdf","title":"Wheel Aligner ROTR51HD SPABA6HD RAVTD600 IM 2025 M364 00 VSG 00 rev00 multi 2023 11","thumbnail":"https:\/\/dev.codekraft.it\/rotary-2024\/wp-content\/uploads\/brb_media\/00539874_wheel-aligner-rotr51hd-spaba6hd-ravtd600-im-2025-m364-00_vsg_00_rev00_multi-2023-11-pdf-106x150.png","description":""}],"brb_media_safety_datasheets":"","brb_media_spare_parts":[],"_cdmm_p_id":"503435","_company":"Elektron","_gtin":"5063084701534","accessories":[{"id":383696,"cdmm_p_id":"502265","name":"Distanzh\u00fclsen 200 mm","description":"F\u00fcr Lkw-Radklammern STDA92 | 1 Satz \/ 6 St\u00fcck","thumbnail":"https:\/\/dev.codekraft.it\/rotary-2024\/wp-content\/uploads\/brb_media\/00528329_wheel-aligner-stda92a1-mi-150x150.png","url":"https:\/\/dev.codekraft.it\/rotary-2024\/produkte\/zubehor-diagnose-de\/zubehor-achsmessgerate-de\/distanzhulsen-200-mm\/"},{"id":383589,"cdmm_p_id":"502214","name":"Drehteller mechanisch | f\u00fcr Pkw","description":"Zubeh\u00f6r f\u00fcr Achsmessger\u00e4te | 1 Satz \/ 2 St\u00fcck","thumbnail":"https:\/\/dev.codekraft.it\/rotary-2024\/wp-content\/uploads\/brb_media\/00508539_brake-tester-r200mi-stda77-mi-150x150.png","url":"https:\/\/dev.codekraft.it\/rotary-2024\/produkte\/zubehor-diagnose-de\/zubehor-achsmessgerate-de\/drehteller-mechanisch-fur-pkw\/"},{"id":380641,"cdmm_p_id":"490308","name":"Drehteller f\u00fcr Lkw","description":"Tragf\u00e4higkeit 2 x 4500 kg | 1 Satz \/ 2 St\u00fcck","thumbnail":"https:\/\/dev.codekraft.it\/rotary-2024\/wp-content\/uploads\/brb_media\/00528311_wheel-aligners-stda29l-mi-150x150.png","url":"https:\/\/dev.codekraft.it\/rotary-2024\/produkte\/zubehor-diagnose-de\/zubehor-achsmessgerate-de\/drehteller-fur-lkw\/"},{"id":383022,"cdmm_p_id":"501960","name":"Drehtelleraussparungen","description":"F\u00fcr Lkw","thumbnail":"https:\/\/dev.codekraft.it\/rotary-2024\/wp-content\/uploads\/brb_media\/00528334_wheel-aligner-stda139-mi-150x150.png","url":"https:\/\/dev.codekraft.it\/rotary-2024\/produkte\/zubehor-diagnose-de\/zubehor-achsmessgerate-de\/drehtelleraussparungen\/"},{"id":383608,"cdmm_p_id":"502218","name":"Winkelmesser f\u00fcr Lkw-Drehteller STDA29L","description":"Zubeh\u00f6r f\u00fcr Achsmessger\u00e4te | 1 Satz \/ 2 St\u00fcck","thumbnail":"https:\/\/dev.codekraft.it\/rotary-2024\/wp-content\/uploads\/brb_media\/00528323_wheel-aligner-stda44l-mi-150x150.png","url":"https:\/\/dev.codekraft.it\/rotary-2024\/produkte\/zubehor-diagnose-de\/zubehor-achsmessgerate-de\/winkelmesser-fur-lkw-drehteller-stda29l\/"},{"id":380627,"cdmm_p_id":"490306","name":"Notversorgungskabel","description":"Notstromversorgung und Daten\u00fcbertragung | f\u00fcr Bluetooth-Serie | 1 Satz \/ 2 St\u00fcck","thumbnail":"https:\/\/dev.codekraft.it\/rotary-2024\/wp-content\/uploads\/brb_media\/00528328_wheel-aligner-stda76w-mi-150x150.png","url":"https:\/\/dev.codekraft.it\/rotary-2024\/produkte\/zubehor-diagnose-de\/zubehor-achsmessgerate-de\/notversorgungskabel\/"},{"id":383763,"cdmm_p_id":"502287","name":"Token","description":"Anwendungsfreigabe f\u00fcr die Einstellung der Doppelquerlenker-Radaufh\u00e4ngung \u201eDouble Wishbone\u201d","thumbnail":"https:\/\/dev.codekraft.it\/rotary-2024\/wp-content\/uploads\/brb_media\/00528351_wheel-aligner-stdawishbone-mi-150x150.png","url":"https:\/\/dev.codekraft.it\/rotary-2024\/produkte\/zubehor-diagnose-de\/zubehor-achsmessgerate-de\/token-20\/"},{"id":380656,"cdmm_p_id":"490311","name":"Radklammern Lkw | 3-Punkt | Reifen-\u00d8 890 &#8211; 1290 mm","description":"Spezielle Lkw-Schnellspannhalter zur Vermeidung von Kompensationen, mit Nabenansatz | 1 Satz \/ 2 St\u00fcck","thumbnail":"https:\/\/dev.codekraft.it\/rotary-2024\/wp-content\/uploads\/brb_media\/00528305_wheel-aligners-stda92-mi-01-150x150.png","url":"https:\/\/dev.codekraft.it\/rotary-2024\/produkte\/zubehor-diagnose-de\/zubehor-achsmessgerate-de\/radklammern-lkw-3-punkt-reifen-o-890-1290-mm\/"},{"id":379811,"cdmm_p_id":"472293","name":"Token Aligner Connect","description":"Fernanzeige auf ein mobiles Ger\u00e4t | f\u00fcr Tablet- und Smartphone-App","thumbnail":"https:\/\/dev.codekraft.it\/rotary-2024\/wp-content\/uploads\/brb_media\/00528337_wheel-aligner-stda141-mi-150x150.png","url":"https:\/\/dev.codekraft.it\/rotary-2024\/produkte\/zubehor-diagnose-de\/zubehor-achsmessgerate-de\/token-aligner-connect-2\/"},{"id":381642,"cdmm_p_id":"497592","name":"Hilfsrahmen zur Anh\u00e4nger-Vermessung","description":"","thumbnail":"https:\/\/dev.codekraft.it\/rotary-2024\/wp-content\/uploads\/brb_media\/00528324_wheel-aligner-stda49n-mi-150x150.png","url":"https:\/\/dev.codekraft.it\/rotary-2024\/produkte\/zubehor-diagnose-de\/zubehor-achsmessgerate-de\/hilfsrahmen-zur-anhanger-vermessung\/"},{"id":383268,"cdmm_p_id":"502049","name":"Klauen | Metall","description":"Radklammerfinger f\u00fcr Radklammern STDA33EU-34E (Standard) und STDA46EU-35E-95E | 1 Satz \/ 8 St\u00fcck","thumbnail":"https:\/\/dev.codekraft.it\/rotary-2024\/wp-content\/uploads\/brb_media\/00554367_wheel-aligners-stda40-mi-150x150.png","url":"https:\/\/dev.codekraft.it\/rotary-2024\/produkte\/zubehor-diagnose-de\/zubehor-achsmessgerate-de\/klauen-metall\/"},{"id":383461,"cdmm_p_id":"502166","name":"Klauen-Verl\u00e4ngerungen f\u00fcr R\u00e4der mit aussenstehenden Naben | Metall","description":"Verl\u00e4ngerungen f\u00fcr Radklammerfinger f\u00fcr Radklammern STDA33EU-34E (Standard) und STDA46EU-35E-95E | 1 Satz \/ 6 St\u00fcck","thumbnail":"https:\/\/dev.codekraft.it\/rotary-2024\/wp-content\/uploads\/brb_media\/00506504_stda42-150x150.png","url":"https:\/\/dev.codekraft.it\/rotary-2024\/produkte\/zubehor-diagnose-de\/zubehor-achsmessgerate-de\/klauen-verlangerungen-fur-rader-mit-aussenstehenden-naben-metall\/"},{"id":381080,"cdmm_p_id":"497212","name":"Pkw-Kit f\u00fcr Achsmessger\u00e4te","description":"Kit f\u00fcr die Umstellung des 6-Sensor CCD Lkw-Achsmessger\u00e4ts zu einem Pkw-Achsmessger\u00e4t","thumbnail":"https:\/\/dev.codekraft.it\/rotary-2024\/wp-content\/uploads\/brb_media\/00489168_wheel-aligner-acc-stda159-back-mi-150x150.png","url":"https:\/\/dev.codekraft.it\/rotary-2024\/produkte\/zubehor-diagnose-de\/zubehor-achsmessgerate-de\/pkw-kit-fur-achsmessgerate\/"},{"id":380648,"cdmm_p_id":"490309","name":"Radklammern Lkw | 4-Punkt | Felgen-\u00d8 12 &#8211; 28\u2033, Reifen-\u00d8 min. 700 mm","description":"Selbstzentrierende 4-Punkt-Schnellspannhalter, beweglicher Ansatz | inkl. langer entfernbarer Klauen | 1 Satz \/ 2 St\u00fcck","thumbnail":"https:\/\/dev.codekraft.it\/rotary-2024\/wp-content\/uploads\/brb_media\/00528314_wheel-aligner-stda30e-mi-150x150.png","url":"https:\/\/dev.codekraft.it\/rotary-2024\/produkte\/zubehor-diagnose-de\/zubehor-achsmessgerate-de\/radklammern-lkw-4-punkt-felgen-o-12-28%e2%80%b3-reifen-o-min-700-mm\/"},{"id":382715,"cdmm_p_id":"501818","name":"Radklammern Lkw | 4-Punkt | Felgen-\u00d8 12 &#8211; 28\u2033, Reifen-\u00d8 780 &#8211; 1220 mm","description":"Selbstzentrierender 4-Punkt-Schnellspannhalter, beweglicher Ansatz | inkl. Radhalter und entfernbarer Metallklauen | 1 Satz \/ 2 St\u00fcck","thumbnail":"https:\/\/dev.codekraft.it\/rotary-2024\/wp-content\/uploads\/brb_media\/00528313_wheel-aligners-stda48e-mi-150x150.png","url":"https:\/\/dev.codekraft.it\/rotary-2024\/produkte\/zubehor-diagnose-de\/zubehor-achsmessgerate-de\/radklammern-lkw-4-punkt-felgen-o-12-28%e2%80%b3-reifen-o-780-1220-mm\/"},{"id":381730,"cdmm_p_id":"499589","name":"Software f\u00fcr Werkstattkonnektivit\u00e4t TEq-Link","description":"Software zum Anschluss von Ger\u00e4ten in der Werkstatt und zur \u00dcberwachung ihrer Nutzung, zur Verwaltung der vorbeugenden Wartung, zum Versand von Berichten per E-Mail und vieles mehr.","thumbnail":"https:\/\/dev.codekraft.it\/rotary-2024\/wp-content\/uploads\/brb_media\/00409445-150x150.png","url":"https:\/\/dev.codekraft.it\/rotary-2024\/produkte\/diagnose-de\/connected-workshop-de\/software-fur-werkstattkonnektivitat-teq-link\/"},{"id":381808,"cdmm_p_id":"499596","name":"Wi-Fi-Antenne","description":"Wheelalignment-On, inkl. USB-Stick","thumbnail":"https:\/\/dev.codekraft.it\/rotary-2024\/wp-content\/uploads\/brb_media\/00528348_wheel-aligner-stda158-mi-150x150.png","url":"https:\/\/dev.codekraft.it\/rotary-2024\/produkte\/zubehor-diagnose-de\/zubehor-achsmessgerate-de\/wi-fi-antenne-2\/"}],"components":[],"related":[],"similar":[{"id":384241,"cdmm_p_id":"503425","name":"CCD-Achsmessger\u00e4t RWA5100HD.3","description":"6-CCD-Achsvermessung f\u00fcr Lkw, mit tiefergesetzten Sensoren | inkl. 3-Punkt-Schnellspann-Radklammern (2 x STDA92), 2 Drehtellern (STDA29L), offenem Fahrwagen, 11,6\u2033 LCD Windows-Tablet, Pedalfeststeller und Bremsenschloss | 1 x 230 V \/ 50 - 60 Hz","thumbnail":"https:\/\/dev.codekraft.it\/rotary-2024\/wp-content\/uploads\/brb_media\/00523536_wheel-aligner-rwa5100hd-front-mi-150x150.png","url":"https:\/\/dev.codekraft.it\/rotary-2024\/produkte\/diagnose-de\/achsmessgerate-de\/ccd-achsmessgerat-rwa5100hd-3\/"}],"lang":"de","translations":{"de":384287,"en":384286,"fr":384288,"it":384289,"es":384290,"ru":384291},"pll_sync_post":[],"_links":{"self":[{"href":"https:\/\/dev.codekraft.it\/rotary-2024\/wp-json\/wp\/v2\/product\/384287","targetHints":{"allow":["GET"]}}],"collection":[{"href":"https:\/\/dev.codekraft.it\/rotary-2024\/wp-json\/wp\/v2\/product"}],"about":[{"href":"https:\/\/dev.codekraft.it\/rotary-2024\/wp-json\/wp\/v2\/types\/product"}],"wp:featuredmedia":[{"embeddable":true,"href":"https:\/\/dev.codekraft.it\/rotary-2024\/wp-json\/wp\/v2\/media\/355721"}],"wp:attachment":[{"href":"https:\/\/dev.codekraft.it\/rotary-2024\/wp-json\/wp\/v2\/media?parent=384287"}],"wp:term":[{"taxonomy":"product_cat","embeddable":true,"href":"https:\/\/dev.codekraft.it\/rotary-2024\/wp-json\/wp\/v2\/product_cat?post=384287"},{"taxonomy":"product_tag","embeddable":true,"href":"https:\/\/dev.codekraft.it\/rotary-2024\/wp-json\/wp\/v2\/product_tag?post=384287"},{"taxonomy":"product_approvals","embeddable":true,"href":"https:\/\/dev.codekraft.it\/rotary-2024\/wp-json\/wp\/v2\/product_approvals?post=384287"},{"taxonomy":"product_application","embeddable":true,"href":"https:\/\/dev.codekraft.it\/rotary-2024\/wp-json\/wp\/v2\/product_application?post=384287"}],"curies":[{"name":"wp","href":"https:\/\/api.w.org\/{rel}","templated":true}]}}