{"id":384270,"date":"2025-12-11T10:11:28","date_gmt":"2025-12-11T10:11:28","guid":{"rendered":"https:\/\/dev.codekraft.it\/rotary-2024\/products\/uncategorized\/gato-de-foso-suspendidos-portal-lift-17-vario\/"},"modified":"2025-12-11T10:11:28","modified_gmt":"2025-12-11T10:11:28","slug":"gato-de-foso-suspendidos-portal-lift-17-vario","status":"publish","type":"product","link":"https:\/\/dev.codekraft.it\/rotary-2024\/es\/productos\/elevadores-es\/gatos-de-foso-es\/gato-de-foso-suspendidos-portal-lift-17-vario\/","title":{"rendered":"Gato de foso, suspendidos Portal Lift 17 Vario"},"content":{"rendered":"<p>PORTAL LIFT 17 VARIO &#8211;\u00a0Gato de foso,\u00a0suspendidos<\/p>\n<p>El innovador Portal Lift 17 Vario se ha desarrollado para satisfacer las necesidades de elevaci\u00f3n de autobuses y otros veh\u00edculos pesados combinando con eficacia las operaciones de agarre, elevaci\u00f3n y soporte. Sus rodillos y estructura permiten la instalaci\u00f3n en fosos de diferentes tipos y dimensiones.<\/p>\n<ul>\n<li>Acceso libre al foso.<\/li>\n<li>El ajuste de altura y anchura del p\u00f3rtico lo hace adecuado para distintos tipos de foso.<\/li>\n<li>Amplia superficie de carga<\/li>\n<\/ul>\n<ul>\n<li>Elevaci\u00f3n y descenso mediante elementos de mando que pueden accionarse desde un mando a distancia conectado al p\u00f3rtico.<\/li>\n<li>La operaci\u00f3n de elevaci\u00f3n tiene lugar mediante el funcionamiento conjunto de las extensiones laterales y un accesorio de carga central deslizable por toda la superficie del travesa\u00f1o.<\/li>\n<li>Protecci\u00f3n perfecta contra la corrosi\u00f3n gracias al doble revestimiento.<\/li>\n<li>Dise\u00f1o compacto para una m\u00e1xima libertad de movimientos. Estructura compacta y robusta para una mayor percepci\u00f3n de la seguridad.<\/li>\n<\/ul>\n<ul>\n<li>Asideros para mover y colocar en la mejor posici\u00f3n posible el puente elevador.<\/li>\n<li>Rodillos con cojinetes para un deslizamiento m\u00e1s suave.<\/li>\n<li>Mando a distancia conectado al p\u00f3rtico para un control c\u00f3modo durante la elevaci\u00f3n. Elementos de mando en la parte frontal y botones de gran tama\u00f1o para facilitar el manejo incluso con guantes.<\/li>\n<li>Accesorio para el deslizamiento continuo de la carga central sobre todo el travesa\u00f1o.<\/li>\n<li>Una vez finalizada la elevaci\u00f3n, el p\u00f3rtico puede colocarse en el modo \u00abestacionamiento\u00bb utilizando los trinquetes correspondientes. Esto permite al operario abandonar el puesto de trabajo de forma segura, evitando tambi\u00e9n el uso de caballetes.<\/li>\n<li>Gracias a su gran superficie de carga, es capaz de elevar veh\u00edculos pesados, como camiones y autobuses, con una capacidad de elevaci\u00f3n de hasta 17 toneladas.<\/li>\n<\/ul>\n<ul>\n<li>Sin obst\u00e1culos dentro del foso: Acceso libre al foso situado bajo la unidad de elevaci\u00f3n para un desarrollo del trabajo m\u00e1s r\u00e1pido y ergon\u00f3mico.<\/li>\n<li>Concepto de seguridad sofisticado:\u00a0Gracias a un sistema de v\u00e1lvulas, se limita la velocidad durante la fase de descenso para permitir una mayor estabilidad de la carga. Adem\u00e1s, el trinquete mec\u00e1nico autom\u00e1tico bloquea el sistema durante las operaciones de trabajo.<\/li>\n<li>Regulable en anchura: Extensi\u00f3n de los rodillos en funci\u00f3n del tama\u00f1o del foso.<\/li>\n<li>Regulable en altura: Gracias a la regulaci\u00f3n de los rodillos, puede colocarse el travesa\u00f1o a ras del suelo.<\/li>\n<\/ul>\n","protected":false},"excerpt":{"rendered":"<p>17 t, 600\u00a0mm de carrera, motor neumohidr\u00e1ulico, adaptable a todos los tipos de foso<\/p>\n","protected":false},"featured_media":384247,"template":"","meta":[],"product_brand":[],"product_cat":[1033840],"product_tag":[1034151,1034134,1034203,1034186],"product_approvals":[],"product_application":[],"class_list":{"0":"post-384270","1":"product","2":"type-product","3":"status-publish","4":"has-post-thumbnail","6":"product_cat-gatos-de-foso-es","7":"product_tag-buses-es","8":"product_tag-trucks-es","9":"product_tag-motor-homes-es","10":"product_tag-light-commercial-es","12":"first","13":"instock","14":"shipping-taxable","15":"product-type-simple"},"approvals":[],"application":[],"brb_media_brochure":[{"id":384248,"url":"https:\/\/dev.codekraft.it\/rotary-2024\/wp-content\/uploads\/brb_media\/00530994_pit-lift-17-vario-br-133135-de-2024-07-screen.pdf","title":"pit lift 17 vario br 133135 de 2024 07 screen","mpn":"","thumbnail":"https:\/\/dev.codekraft.it\/rotary-2024\/wp-content\/uploads\/brb_media\/00530994_pit-lift-17-vario-br-133135-de-2024-07-screen-pdf-106x150.png","description":""},{"id":384249,"url":"https:\/\/dev.codekraft.it\/rotary-2024\/wp-content\/uploads\/brb_media\/00530995_pit-lift-17-vario-br-133136-en-2024-07-screen.pdf","title":"pit lift 17 vario br 133136 en 2024 07 screen","mpn":"","thumbnail":"https:\/\/dev.codekraft.it\/rotary-2024\/wp-content\/uploads\/brb_media\/00530995_pit-lift-17-vario-br-133136-en-2024-07-screen-pdf-106x150.png","description":""},{"id":384250,"url":"https:\/\/dev.codekraft.it\/rotary-2024\/wp-content\/uploads\/brb_media\/00530996_pit-lift-17-vario-br-133137-fr-2024-07-screen.pdf","title":"pit lift 17 vario br 133137 fr 2024 07 screen","mpn":"","thumbnail":"https:\/\/dev.codekraft.it\/rotary-2024\/wp-content\/uploads\/brb_media\/00530996_pit-lift-17-vario-br-133137-fr-2024-07-screen-pdf-106x150.png","description":""},{"id":384251,"url":"https:\/\/dev.codekraft.it\/rotary-2024\/wp-content\/uploads\/brb_media\/00530997_pit-lift-17-vario-br-133138-it-2024-07-screen.pdf","title":"pit lift 17 vario br 133138 it 2024 07 screen","mpn":"","thumbnail":"https:\/\/dev.codekraft.it\/rotary-2024\/wp-content\/uploads\/brb_media\/00530997_pit-lift-17-vario-br-133138-it-2024-07-screen-pdf-106x150.png","description":""},{"id":384252,"url":"https:\/\/dev.codekraft.it\/rotary-2024\/wp-content\/uploads\/brb_media\/00530998_pit-lift-17-vario-br-133139-es-2024-07-screen.pdf","title":"pit lift 17 vario br 133139 es 2024 07 screen","mpn":"","thumbnail":"https:\/\/dev.codekraft.it\/rotary-2024\/wp-content\/uploads\/brb_media\/00530998_pit-lift-17-vario-br-133139-es-2024-07-screen-pdf-106x150.png","description":""},{"id":384253,"url":"https:\/\/dev.codekraft.it\/rotary-2024\/wp-content\/uploads\/brb_media\/00530999_pit-lift-17-vario-br-133140-ru-2024-07-screen.pdf","title":"pit lift 17 vario br 133140 ru 2024 07 screen","mpn":"","thumbnail":"https:\/\/dev.codekraft.it\/rotary-2024\/wp-content\/uploads\/brb_media\/00530999_pit-lift-17-vario-br-133140-ru-2024-07-screen-pdf-106x150.png","description":""}],"brb_media_drawing":[{"id":355757,"url":"https:\/\/dev.codekraft.it\/rotary-2024\/wp-content\/uploads\/brb_media\/00522010_portal-lift-17-vario-td-en-2023-09.pdf","title":"Portal Lift 17 Vario TD en 2023 09","mpn":"","thumbnail":"https:\/\/dev.codekraft.it\/rotary-2024\/wp-content\/uploads\/brb_media\/00522010_portal-lift-17-vario-td-en-2023-09-pdf-150x106.png","description":""}],"brb_media_manuals":[{"id":355755,"url":"https:\/\/dev.codekraft.it\/rotary-2024\/wp-content\/uploads\/brb_media\/00522094_portal-lift-vario-17-im-0450-m001-0-rev0-de-2024-02.pdf","title":"Portal Lift VARIO 17 IM 0450 M001 0 rev0 de 2024 02","mpn":"","thumbnail":"https:\/\/dev.codekraft.it\/rotary-2024\/wp-content\/uploads\/brb_media\/00522094_portal-lift-vario-17-im-0450-m001-0-rev0-de-2024-02-pdf-106x150.png","description":""},{"id":384254,"url":"https:\/\/dev.codekraft.it\/rotary-2024\/wp-content\/uploads\/brb_media\/00536819_portal-lift-vario-17-im-0450-m001-0-rev1-en-2025-01pdf.pdf","title":"portal lift vario 17 im 0450 m001 0 rev1 en 2025 01pdf","mpn":"","thumbnail":"https:\/\/dev.codekraft.it\/rotary-2024\/wp-content\/uploads\/brb_media\/00536819_portal-lift-vario-17-im-0450-m001-0-rev1-en-2025-01pdf-pdf-106x150.png","description":""},{"id":384255,"url":"https:\/\/dev.codekraft.it\/rotary-2024\/wp-content\/uploads\/brb_media\/00536820_portal-lift-vario-17-im-0450-m001-0-rev1-it-2025-01pdf.pdf","title":"portal lift vario 17 im 0450 m001 0 rev1 it 2025 01pdf","mpn":"","thumbnail":"https:\/\/dev.codekraft.it\/rotary-2024\/wp-content\/uploads\/brb_media\/00536820_portal-lift-vario-17-im-0450-m001-0-rev1-it-2025-01pdf-pdf-106x150.png","description":""}],"brb_media_safety_datasheets":"","brb_media_spare_parts":[],"_cdmm_p_id":"503426","_company":"Elektron","_gtin":"4057612884791","accessories":[{"id":377933,"mpn":"3364001","name":"Taco R","description":"Placa de soporte, almohadilla de goma, redondo | capacidad de carga 15 t, espiga \u00d8 55 mm | 1 pieza","thumbnail":"https:\/\/dev.codekraft.it\/rotary-2024\/wp-content\/uploads\/brb_media\/00023129_r-ohne-text_web-150x150.png","url":"https:\/\/dev.codekraft.it\/rotary-2024\/es\/productos\/accesorios-elevadores-es\/dispositivos-de-transporte-de-carga-es\/taco-r\/"},{"id":377825,"mpn":"3387903","name":"Pieza distanciadora DS 2","description":"30 t, espiga \u00d8 55 mm, 150 mm | 1 pieza","thumbnail":"https:\/\/dev.codekraft.it\/rotary-2024\/wp-content\/uploads\/brb_media\/00023096_ds-1-ohne-text_web-150x150.png","url":"https:\/\/dev.codekraft.it\/rotary-2024\/es\/productos\/accesorios-elevadores-es\/dispositivos-de-transporte-de-carga-es\/pieza-distanciadora-ds-2-2\/"},{"id":384277,"mpn":"04501024P","name":"Taco","description":"Abrazadera de acero | capacidad de carga 17 t | 1 pieza","thumbnail":"https:\/\/dev.codekraft.it\/rotary-2024\/wp-content\/uploads\/brb_media\/00530832_portal-lift-17-vario-steel-pad-mi-150x150.png","url":"https:\/\/dev.codekraft.it\/rotary-2024\/es\/productos\/accesorios-elevadores-es\/dispositivos-de-transporte-de-carga-es\/taco\/"},{"id":384363,"mpn":"04501060P","name":"Asiento placa de soporte","description":"1x incluido en el volumen de suministro, 1x recomendado adicionalmente si la distancia entre los puntos de levantamiento es inferior a 550 mm","thumbnail":"https:\/\/dev.codekraft.it\/rotary-2024\/wp-content\/uploads\/brb_media\/00530833_portal-lift-17-vario-frame-central-load-mi-150x150.png","url":"https:\/\/dev.codekraft.it\/rotary-2024\/es\/productos\/accesorios-elevadores-es\/accesorios-gatos-de-foso-es\/asiento-placa-de-soporte\/"},{"id":384284,"mpn":"04501116P","name":"Soporte para accesorios para Portal Lift","description":"6 ranuras, fijado a la unidad elevadora","thumbnail":"https:\/\/dev.codekraft.it\/rotary-2024\/wp-content\/uploads\/brb_media\/00530834_portal-lift-17-vario-accessory-holder-mi-150x150.png","url":"https:\/\/dev.codekraft.it\/rotary-2024\/es\/productos\/accesorios-elevadores-es\/accesorios-gatos-de-foso-es\/soporte-para-accesorios-para-portal-lift\/"},{"id":385064,"mpn":"04501119P","name":"\u041a\u0440\u043e\u043d\u0448\u0442\u0435\u0439\u043d","description":"\u0414\u043b\u044f \u043f\u0440\u043e\u0432\u043e\u0434\u043d\u043e\u0433\u043e \u043f\u0443\u043b\u044c\u0442\u0430 \u0434\u0438\u0441\u0442\u0430\u043d\u0446\u0438\u043e\u043d\u043d\u043e\u0433\u043e \u0443\u043f\u0440\u0430\u0432\u043b\u0435\u043d\u0438\u044f","thumbnail":"https:\/\/dev.codekraft.it\/rotary-2024\/wp-content\/uploads\/brb_media\/00530836_portal-lift-17-vario-bracket-remote-control-mi-150x150.png","url":"https:\/\/dev.codekraft.it\/rotary-2024\/es\/productos\/accesorios-elevadores-es\/accesorios-gatos-de-foso-es\/kronshtejn\/"},{"id":385070,"mpn":"04501132P","name":"Eje","description":"","thumbnail":"https:\/\/dev.codekraft.it\/rotary-2024\/wp-content\/uploads\/brb_media\/00530837_portal-lift-17-vario-axle-mi-150x150.png","url":"https:\/\/dev.codekraft.it\/rotary-2024\/es\/productos\/accesorios-elevadores-es\/accesorios-gatos-de-foso-es\/eje\/"},{"id":385132,"mpn":"133422","name":"Filtro del agua \/separador para Portal Lift 17 Vario","description":"Separador de agua con filtro, ensamblado en f\u00e1brica | para proteger el sistema y la bomba de condensaciones da\u00f1inas | presi\u00f3n de servicio m\u00e1xima 16 bar","thumbnail":"https:\/\/dev.codekraft.it\/rotary-2024\/wp-content\/uploads\/brb_media\/00023171_kondensatabscheider_web-150x150.png","url":"https:\/\/dev.codekraft.it\/rotary-2024\/es\/productos\/accesorios-compresores-es\/tratamiento-del-aire-comprimido-es\/filtro-del-agua-separador-para-portal-lift-17-vario\/"}],"components":[],"related":[],"page_logo_src":"https:\/\/dev.codekraft.it\/rotary-2024\/wp-content\/uploads\/2024\/05\/cropped-rotary-logo-2022.png","lang":"es","translations":{"es":384270,"en":384246,"de":384267,"fr":384268,"it":384269,"ru":384271},"pll_sync_post":[],"_links":{"self":[{"href":"https:\/\/dev.codekraft.it\/rotary-2024\/wp-json\/wp\/v2\/product\/384270","targetHints":{"allow":["GET"]}}],"collection":[{"href":"https:\/\/dev.codekraft.it\/rotary-2024\/wp-json\/wp\/v2\/product"}],"about":[{"href":"https:\/\/dev.codekraft.it\/rotary-2024\/wp-json\/wp\/v2\/types\/product"}],"wp:featuredmedia":[{"embeddable":true,"href":"https:\/\/dev.codekraft.it\/rotary-2024\/wp-json\/wp\/v2\/media\/384247"}],"wp:attachment":[{"href":"https:\/\/dev.codekraft.it\/rotary-2024\/wp-json\/wp\/v2\/media?parent=384270"}],"wp:term":[{"taxonomy":"product_brand","embeddable":true,"href":"https:\/\/dev.codekraft.it\/rotary-2024\/wp-json\/wp\/v2\/product_brand?post=384270"},{"taxonomy":"product_cat","embeddable":true,"href":"https:\/\/dev.codekraft.it\/rotary-2024\/wp-json\/wp\/v2\/product_cat?post=384270"},{"taxonomy":"product_tag","embeddable":true,"href":"https:\/\/dev.codekraft.it\/rotary-2024\/wp-json\/wp\/v2\/product_tag?post=384270"},{"taxonomy":"product_approvals","embeddable":true,"href":"https:\/\/dev.codekraft.it\/rotary-2024\/wp-json\/wp\/v2\/product_approvals?post=384270"},{"taxonomy":"product_application","embeddable":true,"href":"https:\/\/dev.codekraft.it\/rotary-2024\/wp-json\/wp\/v2\/product_application?post=384270"}],"curies":[{"name":"wp","href":"https:\/\/api.w.org\/{rel}","templated":true}]}}