{"id":384268,"date":"2025-12-11T10:10:52","date_gmt":"2025-12-11T10:10:52","guid":{"rendered":"https:\/\/dev.codekraft.it\/rotary-2024\/products\/uncategorized\/verin-de-bord-de-fosse-portal-lift-17-vario\/"},"modified":"2025-12-11T10:10:52","modified_gmt":"2025-12-11T10:10:52","slug":"verin-de-bord-de-fosse-portal-lift-17-vario","status":"publish","type":"product","link":"https:\/\/dev.codekraft.it\/rotary-2024\/fr\/produits\/ponts-elevateurs-fr\/crics-de-fosse-fr\/verin-de-bord-de-fosse-portal-lift-17-vario\/","title":{"rendered":"V\u00e9rin de bord de fosse Portal Lift 17 Vario"},"content":{"rendered":"<p>PORTAL LIFT 17 VARIO &#8211;\u00a0Verins de bord de fosse<\/p>\n<p>L&#8217;innovant Portal Lift 17 Vario a \u00e9t\u00e9 cr\u00e9\u00e9 pour r\u00e9pondre aux exigences de levage des autobus et autres poids-lourds en alliant de mani\u00e8re efficace les op\u00e9rations de prise, de levage et d&#8217;appui. Les rouleaux et la structure permettent l&#8217;installation dans des fosses de tous types et de diff\u00e9rentes dimensions.<\/p>\n<ul>\n<li>Libre acc\u00e8s \u00e0 la fosse.<\/li>\n<li>Le r\u00e9glage de la hauteur et de la largeur du portique lui permet de s&#8217;adapter \u00e0 diff\u00e9rents types de fosse.<\/li>\n<li>Grande surface de charge.<\/li>\n<\/ul>\n<ul>\n<li>Levage et abaissement au moyen de commandes actionnables par une t\u00e9l\u00e9commande reli\u00e9e au portique.<\/li>\n<li>L&#8217;op\u00e9ration de levage s&#8217;effectue gr\u00e2ce au fonctionnement conjoint des extensions lat\u00e9rales et d&#8217;un accessoire de charge centrale qui peut se d\u00e9placer sur toute la surface de la traverse.<\/li>\n<li>Protection parfaite contre la corrosion gr\u00e2ce au double rev\u00eatement.<\/li>\n<li>Design l\u00e9ger pour la libert\u00e9 de mouvement maximale. Structure compacte et robuste pour une perception accrue de la s\u00e9curit\u00e9.<\/li>\n<\/ul>\n<ul>\n<li>Poign\u00e9es de d\u00e9placement et d&#8217;optimisation du positionnement du pont \u00e9l\u00e9vateur.<\/li>\n<li>Rouleaux \u00e0 roulements gage de d\u00e9placement plus fluide.<\/li>\n<li>T\u00e9l\u00e9commande reli\u00e9e au portique pour contr\u00f4ler confortablement la phase de levage. Commandes frontales et boutons de grandes tailles pour faciliter l&#8217;utilisation en portant des gants.<\/li>\n<li>Accessoires de charge centrale \u00e0 d\u00e9placement continu sur toute la traverse.<\/li>\n<li>Une fois le levage termin\u00e9, le portique peut \u00eatre mis en mode \u00ab stationnement \u00bb gr\u00e2ce aux ergots pr\u00e9vus \u00e0 cet effet. L&#8217;op\u00e9rateur peut s&#8217;\u00e9loigner du poste de travail en toute s\u00e9curit\u00e9 en \u00e9vitant d&#8217;utiliser des chevalets.<\/li>\n<li>Gr\u00e2ce \u00e0 la grande surface de charge, l&#8217;\u00e9quipement permet le levage de v\u00e9hicules lourds tels que camions et autobus jusqu&#8217;\u00e0 une capacit\u00e9 de levage de 17 tonnes.<\/li>\n<\/ul>\n<ul>\n<li>Aucun obstacle \u00e0 l&#8217;int\u00e9rieur de la fosse\u00a0: Libre acc\u00e8s \u00e0 la fosse sous l&#8217;unit\u00e9 de levage pour un cycle de travail rapide et ergonomique.<\/li>\n<li>Concept de s\u00e9curit\u00e9 sophistiqu\u00e9\u00a0:\u00a0Un syst\u00e8me de valves limite la vitesse pendant la phase de descente pour garantir une plus grande stabilit\u00e9 de la charge. La cr\u00e9maill\u00e8re automatique met en outre le syst\u00e8me en condition de blocage pendant les op\u00e9rations de travail.<\/li>\n<li>Adaptable dans la largeur\u00a0: Extension des rouleaux en fonction des dimensions de la fosse.<\/li>\n<li>Adaptable dans la hauteur\u00a0: Gr\u00e2ce au r\u00e9glage des rouleaux, la traverse est plac\u00e9e au ras du sol.<\/li>\n<\/ul>\n","protected":false},"excerpt":{"rendered":"<p>17 t, course de 600 mm, moteur pneumo-hydraulique, adaptable \u00e0 tous les types de fosses<\/p>\n","protected":false},"featured_media":384247,"template":"","meta":[],"product_cat":[1033832],"product_tag":[1034145,1034128,1034197,1034180],"product_approvals":[],"product_application":[],"class_list":{"0":"post-384268","1":"product","2":"type-product","3":"status-publish","4":"has-post-thumbnail","6":"product_cat-crics-de-fosse-fr","7":"product_tag-buses-fr","8":"product_tag-trucks-fr","9":"product_tag-motor-homes-fr","10":"product_tag-light-commercial-fr","12":"first","13":"instock","14":"shipping-taxable","15":"product-type-simple"},"approvals":[],"application":[],"brb_media_brochure":[{"id":384248,"url":"https:\/\/dev.codekraft.it\/rotary-2024\/wp-content\/uploads\/brb_media\/00530994_pit-lift-17-vario-br-133135-de-2024-07-screen.pdf","title":"pit lift 17 vario br 133135 de 2024 07 screen","thumbnail":"https:\/\/dev.codekraft.it\/rotary-2024\/wp-content\/uploads\/brb_media\/00530994_pit-lift-17-vario-br-133135-de-2024-07-screen-pdf-106x150.png","description":""},{"id":384249,"url":"https:\/\/dev.codekraft.it\/rotary-2024\/wp-content\/uploads\/brb_media\/00530995_pit-lift-17-vario-br-133136-en-2024-07-screen.pdf","title":"pit lift 17 vario br 133136 en 2024 07 screen","thumbnail":"https:\/\/dev.codekraft.it\/rotary-2024\/wp-content\/uploads\/brb_media\/00530995_pit-lift-17-vario-br-133136-en-2024-07-screen-pdf-106x150.png","description":""},{"id":384250,"url":"https:\/\/dev.codekraft.it\/rotary-2024\/wp-content\/uploads\/brb_media\/00530996_pit-lift-17-vario-br-133137-fr-2024-07-screen.pdf","title":"pit lift 17 vario br 133137 fr 2024 07 screen","thumbnail":"https:\/\/dev.codekraft.it\/rotary-2024\/wp-content\/uploads\/brb_media\/00530996_pit-lift-17-vario-br-133137-fr-2024-07-screen-pdf-106x150.png","description":""},{"id":384251,"url":"https:\/\/dev.codekraft.it\/rotary-2024\/wp-content\/uploads\/brb_media\/00530997_pit-lift-17-vario-br-133138-it-2024-07-screen.pdf","title":"pit lift 17 vario br 133138 it 2024 07 screen","thumbnail":"https:\/\/dev.codekraft.it\/rotary-2024\/wp-content\/uploads\/brb_media\/00530997_pit-lift-17-vario-br-133138-it-2024-07-screen-pdf-106x150.png","description":""},{"id":384252,"url":"https:\/\/dev.codekraft.it\/rotary-2024\/wp-content\/uploads\/brb_media\/00530998_pit-lift-17-vario-br-133139-es-2024-07-screen.pdf","title":"pit lift 17 vario br 133139 es 2024 07 screen","thumbnail":"https:\/\/dev.codekraft.it\/rotary-2024\/wp-content\/uploads\/brb_media\/00530998_pit-lift-17-vario-br-133139-es-2024-07-screen-pdf-106x150.png","description":""},{"id":384253,"url":"https:\/\/dev.codekraft.it\/rotary-2024\/wp-content\/uploads\/brb_media\/00530999_pit-lift-17-vario-br-133140-ru-2024-07-screen.pdf","title":"pit lift 17 vario br 133140 ru 2024 07 screen","thumbnail":"https:\/\/dev.codekraft.it\/rotary-2024\/wp-content\/uploads\/brb_media\/00530999_pit-lift-17-vario-br-133140-ru-2024-07-screen-pdf-106x150.png","description":""}],"brb_media_drawing":[{"id":355757,"url":"https:\/\/dev.codekraft.it\/rotary-2024\/wp-content\/uploads\/brb_media\/00522010_portal-lift-17-vario-td-en-2023-09.pdf","title":"Portal Lift 17 Vario TD en 2023 09","thumbnail":"https:\/\/dev.codekraft.it\/rotary-2024\/wp-content\/uploads\/brb_media\/00522010_portal-lift-17-vario-td-en-2023-09-pdf-150x106.png","description":""}],"brb_media_manuals":[{"id":355755,"url":"https:\/\/dev.codekraft.it\/rotary-2024\/wp-content\/uploads\/brb_media\/00522094_portal-lift-vario-17-im-0450-m001-0-rev0-de-2024-02.pdf","title":"Portal Lift VARIO 17 IM 0450 M001 0 rev0 de 2024 02","thumbnail":"https:\/\/dev.codekraft.it\/rotary-2024\/wp-content\/uploads\/brb_media\/00522094_portal-lift-vario-17-im-0450-m001-0-rev0-de-2024-02-pdf-106x150.png","description":""},{"id":384254,"url":"https:\/\/dev.codekraft.it\/rotary-2024\/wp-content\/uploads\/brb_media\/00536819_portal-lift-vario-17-im-0450-m001-0-rev1-en-2025-01pdf.pdf","title":"portal lift vario 17 im 0450 m001 0 rev1 en 2025 01pdf","thumbnail":"https:\/\/dev.codekraft.it\/rotary-2024\/wp-content\/uploads\/brb_media\/00536819_portal-lift-vario-17-im-0450-m001-0-rev1-en-2025-01pdf-pdf-106x150.png","description":""},{"id":384255,"url":"https:\/\/dev.codekraft.it\/rotary-2024\/wp-content\/uploads\/brb_media\/00536820_portal-lift-vario-17-im-0450-m001-0-rev1-it-2025-01pdf.pdf","title":"portal lift vario 17 im 0450 m001 0 rev1 it 2025 01pdf","thumbnail":"https:\/\/dev.codekraft.it\/rotary-2024\/wp-content\/uploads\/brb_media\/00536820_portal-lift-vario-17-im-0450-m001-0-rev1-it-2025-01pdf-pdf-106x150.png","description":""}],"brb_media_safety_datasheets":"","brb_media_spare_parts":[],"_cdmm_p_id":"503426","_company":"Elektron","_gtin":"4057612884791","accessories":[{"id":377931,"cdmm_p_id":"176","name":"Tampon R","description":"Plaque de support, support en caoutchouc, rond | capacit\u00e9 de charge 15 t, \u00d8 de goujon 55 mm | 1 pi\u00e8ce","thumbnail":"https:\/\/dev.codekraft.it\/rotary-2024\/wp-content\/uploads\/brb_media\/00023129_r-ohne-text_web-150x150.png","url":"https:\/\/dev.codekraft.it\/rotary-2024\/fr\/produits\/accessoires-ponts-elevateurs-fr\/systemes-de-transport-prise-de-charge-fr\/tampon-r\/"},{"id":377823,"cdmm_p_id":"200","name":"Pi\u00e8ce d\u2019\u00e9cartement DS 2","description":"30 t, \u00d8 de goujon 55 mm, 150 mm | 1 pi\u00e8ce","thumbnail":"https:\/\/dev.codekraft.it\/rotary-2024\/wp-content\/uploads\/brb_media\/00023096_ds-1-ohne-text_web-150x150.png","url":"https:\/\/dev.codekraft.it\/rotary-2024\/fr\/produits\/accessoires-ponts-elevateurs-fr\/systemes-de-transport-prise-de-charge-fr\/piece-decartement-ds-2-2\/"},{"id":384275,"cdmm_p_id":"503428","name":"Tampon","description":"Pince en acier | capacit\u00e9 de charge 17 t | 1 pi\u00e8ce","thumbnail":"https:\/\/dev.codekraft.it\/rotary-2024\/wp-content\/uploads\/brb_media\/00530832_portal-lift-17-vario-steel-pad-mi-150x150.png","url":"https:\/\/dev.codekraft.it\/rotary-2024\/fr\/produits\/accessoires-ponts-elevateurs-fr\/systemes-de-transport-prise-de-charge-fr\/tampon\/"},{"id":384361,"cdmm_p_id":"503627","name":"Logement de tampon","description":"1 compris dans la livraison, 1 suppl\u00e9mentaire recommand\u00e9 si l'\u00e9cart entre les points de levage est inf\u00e9rieur \u00e0 550 mm","thumbnail":"https:\/\/dev.codekraft.it\/rotary-2024\/wp-content\/uploads\/brb_media\/00530833_portal-lift-17-vario-frame-central-load-mi-150x150.png","url":"https:\/\/dev.codekraft.it\/rotary-2024\/fr\/produits\/accessoires-ponts-elevateurs-fr\/accessoires-crics-de-fosse-fr\/logement-de-tampon\/"},{"id":384282,"cdmm_p_id":"503434","name":"Porte-accessoires pour Portal Lift","description":"6 emplacements, fix\u00e9 \u00e0 l'unit\u00e9 de levage","thumbnail":"https:\/\/dev.codekraft.it\/rotary-2024\/wp-content\/uploads\/brb_media\/00530834_portal-lift-17-vario-accessory-holder-mi-150x150.png","url":"https:\/\/dev.codekraft.it\/rotary-2024\/fr\/produits\/accessoires-ponts-elevateurs-fr\/accessoires-crics-de-fosse-fr\/porte-accessoires-pour-portal-lift\/"},{"id":385062,"cdmm_p_id":"504717","name":"Support","description":"Pour la t\u00e9l\u00e9commande filaire","thumbnail":"https:\/\/dev.codekraft.it\/rotary-2024\/wp-content\/uploads\/brb_media\/00530836_portal-lift-17-vario-bracket-remote-control-mi-150x150.png","url":"https:\/\/dev.codekraft.it\/rotary-2024\/fr\/produits\/accessoires-ponts-elevateurs-fr\/accessoires-crics-de-fosse-fr\/support\/"},{"id":385068,"cdmm_p_id":"504718","name":"Axe","description":"","thumbnail":"https:\/\/dev.codekraft.it\/rotary-2024\/wp-content\/uploads\/brb_media\/00530837_portal-lift-17-vario-axle-mi-150x150.png","url":"https:\/\/dev.codekraft.it\/rotary-2024\/fr\/produits\/accessoires-ponts-elevateurs-fr\/accessoires-crics-de-fosse-fr\/axe\/"},{"id":385130,"cdmm_p_id":"505199","name":"Ensemble filtre \u00e9vacuateur d\u2019eau pour Portal Lift 17 Vario","description":"S\u00e9parateur d\u2019eau, mont\u00e9 en usine | pour prot\u00e9ger le syst\u00e8me de commande et la pompe contre la condensation nocive | pression de fonctionnement max. 16 bar","thumbnail":"https:\/\/dev.codekraft.it\/rotary-2024\/wp-content\/uploads\/brb_media\/00023171_kondensatabscheider_web-150x150.png","url":"https:\/\/dev.codekraft.it\/rotary-2024\/fr\/produits\/accessoires-technologie-de-lair-comprime-fr\/traitement-dair-comprime-fr\/ensemble-filtre-evacuateur-deau-pour-portal-lift-17-vario\/"}],"components":[],"related":[],"similar":[{"id":379755,"cdmm_p_id":"472232","name":"V\u00e9rin de bord de fosse Blitz S15 Vario Flat","description":"15 t, course de 800 mm, ch\u00e2ssis plat, course de charge par moteur pneumatique, levage rapide hydropneumatique, retour forc\u00e9 hydropneumatique","thumbnail":"https:\/\/dev.codekraft.it\/rotary-2024\/wp-content\/uploads\/brb_media\/00521405_pit-jacks-floor-suspended-blitz-s-15-vario-flat-mi-150x150.png","url":"https:\/\/dev.codekraft.it\/rotary-2024\/fr\/produits\/ponts-elevateurs-fr\/crics-de-fosse-fr\/verin-de-bord-de-fosse-blitz-s15-vario-flat\/"},{"id":379779,"cdmm_p_id":"472242","name":"V\u00e9rin de bord de fosse Blitz S15 Vario Deep","description":"15 t, course de 800 mm, ch\u00e2ssis profond, course de charge par moteur pneumatique, levage rapide hydropneumatique, retour forc\u00e9 hydropneumatique","thumbnail":"https:\/\/dev.codekraft.it\/rotary-2024\/wp-content\/uploads\/brb_media\/00521403_pit-jacks-floor-suspended-blitz-s-15-vario-deep-mi-150x150.png","url":"https:\/\/dev.codekraft.it\/rotary-2024\/fr\/produits\/ponts-elevateurs-fr\/crics-de-fosse-fr\/verin-de-bord-de-fosse-blitz-s15-vario-deep\/"},{"id":379785,"cdmm_p_id":"472243","name":"V\u00e9rin de bord de fosse Blitz S15 Vario Uni","description":"15 t, course de 800 mm, ch\u00e2ssis profond et en plus r\u00e9glable en hauteur, course de charge par moteur pneumatique, levage rapide hydropneumatique, retour forc\u00e9 hydropneumatique.","thumbnail":"https:\/\/dev.codekraft.it\/rotary-2024\/wp-content\/uploads\/brb_media\/00521407_pit-jacks-floor-suspended-blitz-s-15-vario-uni-mi-150x150.png","url":"https:\/\/dev.codekraft.it\/rotary-2024\/fr\/produits\/ponts-elevateurs-fr\/crics-de-fosse-fr\/verin-de-bord-de-fosse-blitz-s15-vario-uni\/"}],"lang":"fr","translations":{"fr":384268,"en":384246,"de":384267,"it":384269,"es":384270,"ru":384271},"pll_sync_post":[],"_links":{"self":[{"href":"https:\/\/dev.codekraft.it\/rotary-2024\/wp-json\/wp\/v2\/product\/384268","targetHints":{"allow":["GET"]}}],"collection":[{"href":"https:\/\/dev.codekraft.it\/rotary-2024\/wp-json\/wp\/v2\/product"}],"about":[{"href":"https:\/\/dev.codekraft.it\/rotary-2024\/wp-json\/wp\/v2\/types\/product"}],"wp:featuredmedia":[{"embeddable":true,"href":"https:\/\/dev.codekraft.it\/rotary-2024\/wp-json\/wp\/v2\/media\/384247"}],"wp:attachment":[{"href":"https:\/\/dev.codekraft.it\/rotary-2024\/wp-json\/wp\/v2\/media?parent=384268"}],"wp:term":[{"taxonomy":"product_cat","embeddable":true,"href":"https:\/\/dev.codekraft.it\/rotary-2024\/wp-json\/wp\/v2\/product_cat?post=384268"},{"taxonomy":"product_tag","embeddable":true,"href":"https:\/\/dev.codekraft.it\/rotary-2024\/wp-json\/wp\/v2\/product_tag?post=384268"},{"taxonomy":"product_approvals","embeddable":true,"href":"https:\/\/dev.codekraft.it\/rotary-2024\/wp-json\/wp\/v2\/product_approvals?post=384268"},{"taxonomy":"product_application","embeddable":true,"href":"https:\/\/dev.codekraft.it\/rotary-2024\/wp-json\/wp\/v2\/product_application?post=384268"}],"curies":[{"name":"wp","href":"https:\/\/api.w.org\/{rel}","templated":true}]}}