{"id":384267,"date":"2025-12-11T10:04:37","date_gmt":"2025-12-11T10:04:37","guid":{"rendered":"https:\/\/dev.codekraft.it\/rotary-2024\/products\/uncategorized\/grubenheber-hangend-portal-lift-17-vario\/"},"modified":"2025-12-11T10:04:37","modified_gmt":"2025-12-11T10:04:37","slug":"grubenheber-hangend-portal-lift-17-vario","status":"publish","type":"product","link":"https:\/\/dev.codekraft.it\/rotary-2024\/produkte\/hebebuhnen-de\/grubenheber-de\/grubenheber-hangend-portal-lift-17-vario\/","title":{"rendered":"Grubenheber, h\u00e4ngend Portal Lift 17 Vario"},"content":{"rendered":"<p>PORTAL LIFT 17 VARIO &#8211;\u00a0Grubenheber, h\u00e4ngend<\/p>\n<p>Der innovative Portal Lift 17 Vario wurde entwickelt, um die Hebeanforderungen von Bussen und anderen schweren Fahrzeugen zu erf\u00fcllen, indem er Aufnahme-Hebe- und Abst\u00fctzvorg\u00e4nge effektiv kombiniert. Rollen und Konstruktion erm\u00f6glichen die Installation in Gruben unterschiedlicher Art und Gr\u00f6\u00dfe.<\/p>\n<ul>\n<li>Freier Zugang zur Grube<\/li>\n<li>Durch die Anpassung der H\u00f6he und Breite des Portals f\u00fcr unterschiedliche Grubentypen geeignet<\/li>\n<li>Gro\u00dfer Ladebereich<\/li>\n<\/ul>\n<ul>\n<li>Das Anheben und Absenken wird \u00fcber eine mit der Kopfbaugruppe verbundenen Fernbedienung gesteuert.<\/li>\n<li>Der Hebevorgang wird durch die gemeinsame Bet\u00e4tigung der seitlichen Verl\u00e4ngerungen und eines zentralen Lastaufnahmemittels erreicht, welches \u00fcber die gesamte Fl\u00e4che des Quertr\u00e4gers gleiten kann.<\/li>\n<li>Perfekter Korrosionsschutz durch doppelte Beschichtung.<\/li>\n<li>Schlankes Design f\u00fcr ein Maximum an Bewegungsfreiheit. Kompakte und robuste Konstruktion f\u00fcr erh\u00f6hte Sicherheitswahrnehmung.<\/li>\n<\/ul>\n<ul>\n<li>Griffe zum Verstellen und Optimieren der Portalheber-Position.<\/li>\n<li>Lagerrollen f\u00fcr verbesserte Leichtg\u00e4ngigkeit.<\/li>\n<li>Mit dem Portal verbundene Fernbedienung zur bequemen Steuerung w\u00e4hrend des Hebevorgangs. Frontseitige Bedienelemente und gro\u00dfe Tasten f\u00fcr einfache Bedienung auch mit Handschuhen.\u00a0<\/li>\n<li>Zubeh\u00f6r zum stufenlosen Gleiten der Mittellast auf dem gesamten Quertr\u00e4ger.<\/li>\n<li>Nach Abschluss des Hebevorgangs kann das Portal mit Hilfe der Klinke in den\u00a0\u201eParkmodus\u201d\u00a0gebracht werden. Dadurch kann der Bediener den Arbeitsplatz sichern &#8211; der Einsatz von Abst\u00fctzbr\u00fccken entf\u00e4llt.<\/li>\n<li>Dank des gro\u00dfen Ladebereichs k\u00f6nnen schwere Fahrzeuge wie Lastwagen und Busse bis zu einer Tragf\u00e4higkeit von 17 Tonnen angehoben werden.<\/li>\n<\/ul>\n<ul>\n<li>Keine Hindernisse in der Grube: Freier Zugang zur Grube unter der Hebevorrichtung f\u00fcr ein schnelleres und ergonomischeres Arbeiten.<\/li>\n<li>Innovatives Sicherheitskonzept:\u00a0Um eine gr\u00f6\u00dfere Laststabilit\u00e4t zu erm\u00f6glichen, begrenzt ein Ventilsystem w\u00e4hrend des Senkvorgangs die Geschwindigkeit. Die automatische mechanische Klinke arretiert das System auch\u00a0w\u00e4hrend der Arbeit.<\/li>\n<li>Breitenverstellbar: Verl\u00e4ngerung der Rollen je nach Gr\u00f6\u00dfe der Grube.<\/li>\n<li>H\u00f6henverstellbar:\u00a0Dank der Verstellung der Rollen ist der Quertr\u00e4ger b\u00fcndig mit dem Boden.<\/li>\n<\/ul>\n","protected":false},"excerpt":{"rendered":"<p>17 t, 600 mm Hub, lufthydraulischer Motor, anpassbar f\u00fcr alle Grubenarten<\/p>\n","protected":false},"featured_media":384247,"template":"","meta":[],"product_cat":[1033828],"product_tag":[1034143,1034126,1034178,1034195],"product_approvals":[],"product_application":[],"class_list":{"0":"post-384267","1":"product","2":"type-product","3":"status-publish","4":"has-post-thumbnail","6":"product_cat-grubenheber-de","7":"product_tag-buses-de","8":"product_tag-trucks-de","9":"product_tag-light-commercial-de","10":"product_tag-motor-homes-de","12":"first","13":"instock","14":"shipping-taxable","15":"product-type-simple"},"approvals":[],"application":[],"brb_media_brochure":[{"id":384248,"url":"https:\/\/dev.codekraft.it\/rotary-2024\/wp-content\/uploads\/brb_media\/00530994_pit-lift-17-vario-br-133135-de-2024-07-screen.pdf","title":"pit lift 17 vario br 133135 de 2024 07 screen","thumbnail":"https:\/\/dev.codekraft.it\/rotary-2024\/wp-content\/uploads\/brb_media\/00530994_pit-lift-17-vario-br-133135-de-2024-07-screen-pdf-106x150.png","description":""},{"id":384249,"url":"https:\/\/dev.codekraft.it\/rotary-2024\/wp-content\/uploads\/brb_media\/00530995_pit-lift-17-vario-br-133136-en-2024-07-screen.pdf","title":"pit lift 17 vario br 133136 en 2024 07 screen","thumbnail":"https:\/\/dev.codekraft.it\/rotary-2024\/wp-content\/uploads\/brb_media\/00530995_pit-lift-17-vario-br-133136-en-2024-07-screen-pdf-106x150.png","description":""},{"id":384250,"url":"https:\/\/dev.codekraft.it\/rotary-2024\/wp-content\/uploads\/brb_media\/00530996_pit-lift-17-vario-br-133137-fr-2024-07-screen.pdf","title":"pit lift 17 vario br 133137 fr 2024 07 screen","thumbnail":"https:\/\/dev.codekraft.it\/rotary-2024\/wp-content\/uploads\/brb_media\/00530996_pit-lift-17-vario-br-133137-fr-2024-07-screen-pdf-106x150.png","description":""},{"id":384251,"url":"https:\/\/dev.codekraft.it\/rotary-2024\/wp-content\/uploads\/brb_media\/00530997_pit-lift-17-vario-br-133138-it-2024-07-screen.pdf","title":"pit lift 17 vario br 133138 it 2024 07 screen","thumbnail":"https:\/\/dev.codekraft.it\/rotary-2024\/wp-content\/uploads\/brb_media\/00530997_pit-lift-17-vario-br-133138-it-2024-07-screen-pdf-106x150.png","description":""},{"id":384252,"url":"https:\/\/dev.codekraft.it\/rotary-2024\/wp-content\/uploads\/brb_media\/00530998_pit-lift-17-vario-br-133139-es-2024-07-screen.pdf","title":"pit lift 17 vario br 133139 es 2024 07 screen","thumbnail":"https:\/\/dev.codekraft.it\/rotary-2024\/wp-content\/uploads\/brb_media\/00530998_pit-lift-17-vario-br-133139-es-2024-07-screen-pdf-106x150.png","description":""},{"id":384253,"url":"https:\/\/dev.codekraft.it\/rotary-2024\/wp-content\/uploads\/brb_media\/00530999_pit-lift-17-vario-br-133140-ru-2024-07-screen.pdf","title":"pit lift 17 vario br 133140 ru 2024 07 screen","thumbnail":"https:\/\/dev.codekraft.it\/rotary-2024\/wp-content\/uploads\/brb_media\/00530999_pit-lift-17-vario-br-133140-ru-2024-07-screen-pdf-106x150.png","description":""}],"brb_media_drawing":[{"id":355757,"url":"https:\/\/dev.codekraft.it\/rotary-2024\/wp-content\/uploads\/brb_media\/00522010_portal-lift-17-vario-td-en-2023-09.pdf","title":"Portal Lift 17 Vario TD en 2023 09","thumbnail":"https:\/\/dev.codekraft.it\/rotary-2024\/wp-content\/uploads\/brb_media\/00522010_portal-lift-17-vario-td-en-2023-09-pdf-150x106.png","description":""}],"brb_media_manuals":[{"id":355755,"url":"https:\/\/dev.codekraft.it\/rotary-2024\/wp-content\/uploads\/brb_media\/00522094_portal-lift-vario-17-im-0450-m001-0-rev0-de-2024-02.pdf","title":"Portal Lift VARIO 17 IM 0450 M001 0 rev0 de 2024 02","thumbnail":"https:\/\/dev.codekraft.it\/rotary-2024\/wp-content\/uploads\/brb_media\/00522094_portal-lift-vario-17-im-0450-m001-0-rev0-de-2024-02-pdf-106x150.png","description":""},{"id":384254,"url":"https:\/\/dev.codekraft.it\/rotary-2024\/wp-content\/uploads\/brb_media\/00536819_portal-lift-vario-17-im-0450-m001-0-rev1-en-2025-01pdf.pdf","title":"portal lift vario 17 im 0450 m001 0 rev1 en 2025 01pdf","thumbnail":"https:\/\/dev.codekraft.it\/rotary-2024\/wp-content\/uploads\/brb_media\/00536819_portal-lift-vario-17-im-0450-m001-0-rev1-en-2025-01pdf-pdf-106x150.png","description":""},{"id":384255,"url":"https:\/\/dev.codekraft.it\/rotary-2024\/wp-content\/uploads\/brb_media\/00536820_portal-lift-vario-17-im-0450-m001-0-rev1-it-2025-01pdf.pdf","title":"portal lift vario 17 im 0450 m001 0 rev1 it 2025 01pdf","thumbnail":"https:\/\/dev.codekraft.it\/rotary-2024\/wp-content\/uploads\/brb_media\/00536820_portal-lift-vario-17-im-0450-m001-0-rev1-it-2025-01pdf-pdf-106x150.png","description":""}],"brb_media_safety_datasheets":"","brb_media_spare_parts":[],"_cdmm_p_id":"503426","_company":"Elektron","_gtin":"4057612884791","accessories":[{"id":377930,"cdmm_p_id":"176","name":"Aufnahmeadapter R","description":"Tragteller, Gummiauflage, rund | Tragf\u00e4higkeit 15 t, Zapfen-\u00d8 55 mm | 1 St\u00fcck","thumbnail":"https:\/\/dev.codekraft.it\/rotary-2024\/wp-content\/uploads\/brb_media\/00023129_r-ohne-text_web-150x150.png","url":"https:\/\/dev.codekraft.it\/rotary-2024\/produkte\/zubehor-hebebuhnen-de\/lastaufnahmemittel-de\/aufnahmeadapter-r\/"},{"id":377822,"cdmm_p_id":"200","name":"Distanzst\u00fcck DS 2","description":"30 t, Zapfen-\u00d8 55 mm, 150 mm | 1 St\u00fcck","thumbnail":"https:\/\/dev.codekraft.it\/rotary-2024\/wp-content\/uploads\/brb_media\/00023096_ds-1-ohne-text_web-150x150.png","url":"https:\/\/dev.codekraft.it\/rotary-2024\/produkte\/zubehor-hebebuhnen-de\/lastaufnahmemittel-de\/distanzstuck-ds-2-2\/"},{"id":384274,"cdmm_p_id":"503428","name":"Aufnahmeadapter","description":"Pratze Stahl | Tragf\u00e4higkeit 17 t | 1 St\u00fcck","thumbnail":"https:\/\/dev.codekraft.it\/rotary-2024\/wp-content\/uploads\/brb_media\/00530832_portal-lift-17-vario-steel-pad-mi-150x150.png","url":"https:\/\/dev.codekraft.it\/rotary-2024\/produkte\/zubehor-hebebuhnen-de\/lastaufnahmemittel-de\/aufnahmeadapter-15\/"},{"id":384360,"cdmm_p_id":"503627","name":"Tragtelleraufnahme","description":"1x im Lieferumfang enthalten, 1x zus\u00e4tzlich empfohlen bei Abstand der Aufnahmepunkte unter 550 mm","thumbnail":"https:\/\/dev.codekraft.it\/rotary-2024\/wp-content\/uploads\/brb_media\/00530833_portal-lift-17-vario-frame-central-load-mi-150x150.png","url":"https:\/\/dev.codekraft.it\/rotary-2024\/produkte\/zubehor-hebebuhnen-de\/zubehor-grubenheber-de\/tragtelleraufnahme\/"},{"id":384281,"cdmm_p_id":"503434","name":"Zubeh\u00f6rhalter f\u00fcr Portal Lift","description":"6 Steckpl\u00e4tze, befestigt an Hubeinheit","thumbnail":"https:\/\/dev.codekraft.it\/rotary-2024\/wp-content\/uploads\/brb_media\/00530834_portal-lift-17-vario-accessory-holder-mi-150x150.png","url":"https:\/\/dev.codekraft.it\/rotary-2024\/produkte\/zubehor-hebebuhnen-de\/zubehor-grubenheber-de\/zubehorhalter-fur-portal-lift\/"},{"id":385061,"cdmm_p_id":"504717","name":"Halterung","description":"F\u00fcr die kabelgebundene Fernbedienung","thumbnail":"https:\/\/dev.codekraft.it\/rotary-2024\/wp-content\/uploads\/brb_media\/00530836_portal-lift-17-vario-bracket-remote-control-mi-150x150.png","url":"https:\/\/dev.codekraft.it\/rotary-2024\/produkte\/zubehor-hebebuhnen-de\/zubehor-grubenheber-de\/halterung\/"},{"id":385067,"cdmm_p_id":"504718","name":"Achse","description":"","thumbnail":"https:\/\/dev.codekraft.it\/rotary-2024\/wp-content\/uploads\/brb_media\/00530837_portal-lift-17-vario-axle-mi-150x150.png","url":"https:\/\/dev.codekraft.it\/rotary-2024\/produkte\/zubehor-hebebuhnen-de\/zubehor-grubenheber-de\/achse\/"},{"id":385129,"cdmm_p_id":"505199","name":"Kondensatabscheider\/Filterkombination f\u00fcr Portal Lift 17 Vario","description":"Wasserabscheider, werkseitig montiert | zum Schutz von Steuerung und Pumpe vor sch\u00e4dlichem Kondenswasser | Betriebsdruck max. 16 bar","thumbnail":"https:\/\/dev.codekraft.it\/rotary-2024\/wp-content\/uploads\/brb_media\/00023171_kondensatabscheider_web-150x150.png","url":"https:\/\/dev.codekraft.it\/rotary-2024\/produkte\/zubehor-drucklufttechnik-de\/druckluftaufbereitung-de\/kondensatabscheider-filterkombination-fur-portal-lift-17-vario\/"}],"components":[],"related":[],"similar":[{"id":379754,"cdmm_p_id":"472232","name":"Grubenheber, h\u00e4ngend Blitz S15 Vario Flat","description":"15 t, 800 mm Hub, flaches Fahrgestell, Lasthub \u00fcber Luftmotor, hydraulisch-pneumatischer Schnellhub, hydraulisch-pneumatische Zwangsr\u00fcckf\u00fchrung","thumbnail":"https:\/\/dev.codekraft.it\/rotary-2024\/wp-content\/uploads\/brb_media\/00521405_pit-jacks-floor-suspended-blitz-s-15-vario-flat-mi-150x150.png","url":"https:\/\/dev.codekraft.it\/rotary-2024\/produkte\/hebebuhnen-de\/grubenheber-de\/grubenheber-hangend-blitz-s15-vario-flat\/"},{"id":379778,"cdmm_p_id":"472242","name":"Grubenheber, h\u00e4ngend Blitz S15 Vario Deep","description":"15 t, 800 mm Hub, tiefes Fahrgestell Lasthub \u00fcber Luftmotor, hydraulisch-pneumatischer Schnellhub, hydraulisch-pneumatische Zwangsr\u00fcckf\u00fchrung","thumbnail":"https:\/\/dev.codekraft.it\/rotary-2024\/wp-content\/uploads\/brb_media\/00521403_pit-jacks-floor-suspended-blitz-s-15-vario-deep-mi-150x150.png","url":"https:\/\/dev.codekraft.it\/rotary-2024\/produkte\/hebebuhnen-de\/grubenheber-de\/grubenheber-hangend-blitz-s15-vario-deep\/"},{"id":379784,"cdmm_p_id":"472243","name":"Grubenheber, h\u00e4ngend Blitz S15 Vario Uni","description":"15 t, 800 mm Hub, tiefes und zus\u00e4tzlich h\u00f6henverstellbares Fahrgestell, Lasthub \u00fcber Luftmotor, hydraulisch-pneumatischer Schnellhub, hydraulisch-pneumatische Zwangsr\u00fcckf\u00fchrung","thumbnail":"https:\/\/dev.codekraft.it\/rotary-2024\/wp-content\/uploads\/brb_media\/00521407_pit-jacks-floor-suspended-blitz-s-15-vario-uni-mi-150x150.png","url":"https:\/\/dev.codekraft.it\/rotary-2024\/produkte\/hebebuhnen-de\/grubenheber-de\/grubenheber-hangend-blitz-s15-vario-uni\/"}],"lang":"de","translations":{"de":384267,"en":384246,"fr":384268,"it":384269,"es":384270,"ru":384271},"pll_sync_post":[],"_links":{"self":[{"href":"https:\/\/dev.codekraft.it\/rotary-2024\/wp-json\/wp\/v2\/product\/384267","targetHints":{"allow":["GET"]}}],"collection":[{"href":"https:\/\/dev.codekraft.it\/rotary-2024\/wp-json\/wp\/v2\/product"}],"about":[{"href":"https:\/\/dev.codekraft.it\/rotary-2024\/wp-json\/wp\/v2\/types\/product"}],"wp:featuredmedia":[{"embeddable":true,"href":"https:\/\/dev.codekraft.it\/rotary-2024\/wp-json\/wp\/v2\/media\/384247"}],"wp:attachment":[{"href":"https:\/\/dev.codekraft.it\/rotary-2024\/wp-json\/wp\/v2\/media?parent=384267"}],"wp:term":[{"taxonomy":"product_cat","embeddable":true,"href":"https:\/\/dev.codekraft.it\/rotary-2024\/wp-json\/wp\/v2\/product_cat?post=384267"},{"taxonomy":"product_tag","embeddable":true,"href":"https:\/\/dev.codekraft.it\/rotary-2024\/wp-json\/wp\/v2\/product_tag?post=384267"},{"taxonomy":"product_approvals","embeddable":true,"href":"https:\/\/dev.codekraft.it\/rotary-2024\/wp-json\/wp\/v2\/product_approvals?post=384267"},{"taxonomy":"product_application","embeddable":true,"href":"https:\/\/dev.codekraft.it\/rotary-2024\/wp-json\/wp\/v2\/product_application?post=384267"}],"curies":[{"name":"wp","href":"https:\/\/api.w.org\/{rel}","templated":true}]}}