{"id":384244,"date":"2025-12-11T10:11:38","date_gmt":"2025-12-11T10:11:38","guid":{"rendered":"https:\/\/dev.codekraft.it\/rotary-2024\/products\/uncategorized\/alineador-de-ruedas-ccd-rwa5100hd-3\/"},"modified":"2025-12-11T10:11:38","modified_gmt":"2025-12-11T10:11:38","slug":"alineador-de-ruedas-ccd-rwa5100hd-3","status":"publish","type":"product","link":"https:\/\/dev.codekraft.it\/rotary-2024\/es\/productos\/diagnostico-es\/alineadores-de-ruedas-es\/alineador-de-ruedas-ccd-rwa5100hd-3\/","title":{"rendered":"Alineador de ruedas CCD RWA5100HD.3"},"content":{"rendered":"<p>Alineadores de ruedas para cami\u00f3n equipados con sensores CCD con transmisi\u00f3n de datos Bluetooth y alimentados por bater\u00edas de carga r\u00e1pida. Se permite que el operador cuente con una mayor movilidad entre varios puestos de trabajo gracias al control de todos los procedimientos de diagn\u00f3stico a trav\u00e9s de la tableta.<\/p>\n<ul>\n<li>Comodidad al alcance de la mano<\/li>\n<li>Movilidad sin concesiones<\/li>\n<li>Tecnolog\u00eda inteligente<\/li>\n<\/ul>\n<ul>\n<li>Los tres LED situados en los detectores facilitan el procedimiento durante el diagn\u00f3stico.<\/li>\n<li>Las bases de carga r\u00e1pida de la bater\u00eda del detector est\u00e1n situadas en los laterales de la consola, lo que hace que sean accesibles y f\u00e1ciles de usar.<\/li>\n<li>Transmisi\u00f3n por infrarrojos entre detectores; eficaz incluso en condiciones de poca luz.<\/li>\n<li>La consola sobre ruedas contiene soportes de carga para detectores y tabletas.<\/li>\n<li>Detectores rebajados ideales para camiones y autobuses.<\/li>\n<li>Las garras de 3 puntos STDA92 permiten suprimir el procedimiento de alabeo.<\/li>\n<li>Transmisi\u00f3n Bluetooth entre los detectores CCD y la tableta.<\/li>\n<\/ul>\n<ul>\n<li>Caracter\u00edsticas de la tableta:\n<ul>\n<li>Resistente al polvo y al agua (IP65)<\/li>\n<li>Resistente a ca\u00eddas desde 1,2 m<\/li>\n<li>Memoria de 8 GB<\/li>\n<li>Pantalla de 1820 x 1080<\/li>\n<li>Equipado con imanes adhesivos<\/li>\n<li>Peso inferior a 800 g<\/li>\n<li>Wi-Fi 802.11 ac\/a\/b\/g\/n + Bluetooth<\/li>\n<\/ul>\n<\/li>\n<li>El programa Movie simplifica la fase de registro, gracias a gr\u00e1ficos animados en 3D que gu\u00edan al operador a lo largo del procedimiento.<\/li>\n<li>Permite la medici\u00f3n r\u00e1pida y sencilla de veh\u00edculos con varios ejes. El procedimiento est\u00e1 guiado y es f\u00e1cil de seguir, incluso para los operadores menos experimentados.<\/li>\n<li>Programa de gesti\u00f3n y visualizaci\u00f3n de datos en entorno Microsoft Windows.<\/li>\n<li>Base de datos internacional con fichas t\u00e9cnicas propias de veh\u00edculos y con la posibilidad de crear una propia base de datos de clientes para el registro de las intervenciones.<\/li>\n<li>Los detectores provistos con teclado permiten un control remoto sencillo e intuitivo, sin necesidad de acceder a la tableta.<\/li>\n<\/ul>\n","protected":false},"excerpt":{"rendered":"<p>Dispositivo de alineaci\u00f3n de ruedas 6-CCD para camiones, con sensores rebajados | incl. garras de 3 puntos (2 x STDA92), 2 platos giratorios (STDA29L), consola abierta, tableta Windows LCD de 11,6\u2033, depresor del pedal y bloqueo de freno | 1 x 230 V \/ 50 &#8211; 60 Hz<\/p>\n","protected":false},"featured_media":355721,"template":"","meta":[],"product_cat":[1033430],"product_tag":[1034151,1034134,1034203,1034265],"product_approvals":[],"product_application":[],"class_list":{"0":"post-384244","1":"product","2":"type-product","3":"status-publish","4":"has-post-thumbnail","6":"product_cat-alineadores-de-ruedas-es","7":"product_tag-buses-es","8":"product_tag-trucks-es","9":"product_tag-motor-homes-es","10":"product_tag-remolques-es","12":"first","13":"instock","14":"shipping-taxable","15":"product-type-simple"},"approvals":[],"application":[],"brb_media_brochure":[{"id":355722,"url":"https:\/\/dev.codekraft.it\/rotary-2024\/wp-content\/uploads\/brb_media\/00523546_wheel-aligner-rwa5100hd-de-2024-04-screen.pdf","title":"Wheel aligner RWA5100HD de 2024 04 screen","thumbnail":"https:\/\/dev.codekraft.it\/rotary-2024\/wp-content\/uploads\/brb_media\/00523546_wheel-aligner-rwa5100hd-de-2024-04-screen-pdf-106x150.png","description":""},{"id":355723,"url":"https:\/\/dev.codekraft.it\/rotary-2024\/wp-content\/uploads\/brb_media\/00523547_wheel-aligner-rwa5100hd-en-2024-04-screen.pdf","title":"Wheel aligner RWA5100HD en 2024 04 screen","thumbnail":"https:\/\/dev.codekraft.it\/rotary-2024\/wp-content\/uploads\/brb_media\/00523547_wheel-aligner-rwa5100hd-en-2024-04-screen-pdf-106x150.png","description":""},{"id":355724,"url":"https:\/\/dev.codekraft.it\/rotary-2024\/wp-content\/uploads\/brb_media\/00523548_wheel-aligner-rwa5100hd-fr-2024-04-screen.pdf","title":"Wheel aligner RWA5100HD fr 2024 04 screen","thumbnail":"https:\/\/dev.codekraft.it\/rotary-2024\/wp-content\/uploads\/brb_media\/00523548_wheel-aligner-rwa5100hd-fr-2024-04-screen-pdf-106x150.png","description":""},{"id":355725,"url":"https:\/\/dev.codekraft.it\/rotary-2024\/wp-content\/uploads\/brb_media\/00523549_wheel-aligner-rwa5100hd-it-2024-04-screen.pdf","title":"Wheel aligner RWA5100HD it 2024 04 screen","thumbnail":"https:\/\/dev.codekraft.it\/rotary-2024\/wp-content\/uploads\/brb_media\/00523549_wheel-aligner-rwa5100hd-it-2024-04-screen-pdf-106x150.png","description":""},{"id":355726,"url":"https:\/\/dev.codekraft.it\/rotary-2024\/wp-content\/uploads\/brb_media\/00523550_wheel-aligner-rwa5100hd-es-2024-04-screen.pdf","title":"Wheel aligner RWA5100HD es 2024 04 screen","thumbnail":"https:\/\/dev.codekraft.it\/rotary-2024\/wp-content\/uploads\/brb_media\/00523550_wheel-aligner-rwa5100hd-es-2024-04-screen-pdf-106x150.png","description":""},{"id":355727,"url":"https:\/\/dev.codekraft.it\/rotary-2024\/wp-content\/uploads\/brb_media\/00523551_wheel-aligner-rwa5100hd-ru-2024-04-screen.pdf","title":"Wheel aligner RWA5100HD ru 2024 04 screen","thumbnail":"https:\/\/dev.codekraft.it\/rotary-2024\/wp-content\/uploads\/brb_media\/00523551_wheel-aligner-rwa5100hd-ru-2024-04-screen-pdf-106x150.png","description":""},{"id":384232,"url":"https:\/\/dev.codekraft.it\/rotary-2024\/wp-content\/uploads\/brb_media\/00528363_wheel-aligner-accessories-rwa5100hd-de-screen.pdf","title":"wheel aligner accessories rwa5100hd de screen","thumbnail":"https:\/\/dev.codekraft.it\/rotary-2024\/wp-content\/uploads\/brb_media\/00528363_wheel-aligner-accessories-rwa5100hd-de-screen-pdf-106x150.png","description":""},{"id":384233,"url":"https:\/\/dev.codekraft.it\/rotary-2024\/wp-content\/uploads\/brb_media\/00528364_wheel-aligner-accessories-rwa5100hd-en-screen.pdf","title":"wheel aligner accessories rwa5100hd en screen","thumbnail":"https:\/\/dev.codekraft.it\/rotary-2024\/wp-content\/uploads\/brb_media\/00528364_wheel-aligner-accessories-rwa5100hd-en-screen-pdf-106x150.png","description":""},{"id":384234,"url":"https:\/\/dev.codekraft.it\/rotary-2024\/wp-content\/uploads\/brb_media\/00528365_wheel-aligner-accessories-rwa5100hd-fr-screen.pdf","title":"wheel aligner accessories rwa5100hd fr screen","thumbnail":"https:\/\/dev.codekraft.it\/rotary-2024\/wp-content\/uploads\/brb_media\/00528365_wheel-aligner-accessories-rwa5100hd-fr-screen-pdf-106x150.png","description":""},{"id":384235,"url":"https:\/\/dev.codekraft.it\/rotary-2024\/wp-content\/uploads\/brb_media\/00528366_wheel-aligner-accessories-rwa5100hd-it-screen.pdf","title":"wheel aligner accessories rwa5100hd it screen","thumbnail":"https:\/\/dev.codekraft.it\/rotary-2024\/wp-content\/uploads\/brb_media\/00528366_wheel-aligner-accessories-rwa5100hd-it-screen-pdf-106x150.png","description":""},{"id":384236,"url":"https:\/\/dev.codekraft.it\/rotary-2024\/wp-content\/uploads\/brb_media\/00528367_wheel-aligner-accessories-rwa5100hd-es-screen.pdf","title":"wheel aligner accessories rwa5100hd es screen","thumbnail":"https:\/\/dev.codekraft.it\/rotary-2024\/wp-content\/uploads\/brb_media\/00528367_wheel-aligner-accessories-rwa5100hd-es-screen-pdf-106x150.png","description":""},{"id":384237,"url":"https:\/\/dev.codekraft.it\/rotary-2024\/wp-content\/uploads\/brb_media\/00528368_wheel-aligner-accessories-rwa5100hd-ru-screen.pdf","title":"wheel aligner accessories rwa5100hd ru screen","thumbnail":"https:\/\/dev.codekraft.it\/rotary-2024\/wp-content\/uploads\/brb_media\/00528368_wheel-aligner-accessories-rwa5100hd-ru-screen-pdf-106x150.png","description":""}],"brb_media_drawing":[{"id":355729,"url":"https:\/\/dev.codekraft.it\/rotary-2024\/wp-content\/uploads\/brb_media\/00519871_wheel-aligners-rwa5100hd-td-it-2023-12.pdf","title":"Wheel Aligners RWA5100HD TD it 2023 12","thumbnail":"https:\/\/dev.codekraft.it\/rotary-2024\/wp-content\/uploads\/brb_media\/00519871_wheel-aligners-rwa5100hd-td-it-2023-12-pdf-150x106.png","description":""}],"brb_media_manuals":[{"id":384240,"url":"https:\/\/dev.codekraft.it\/rotary-2024\/wp-content\/uploads\/brb_media\/00539874_wheel-aligner-rotr51hd-spaba6hd-ravtd600-im-2025-m364-00_vsg_00_rev00_multi-2023-11.pdf","title":"Wheel Aligner ROTR51HD SPABA6HD RAVTD600 IM 2025 M364 00 VSG 00 rev00 multi 2023 11","thumbnail":"https:\/\/dev.codekraft.it\/rotary-2024\/wp-content\/uploads\/brb_media\/00539874_wheel-aligner-rotr51hd-spaba6hd-ravtd600-im-2025-m364-00_vsg_00_rev00_multi-2023-11-pdf-106x150.png","description":""}],"brb_media_safety_datasheets":"","brb_media_spare_parts":[],"_cdmm_p_id":"503425","_company":"Elektron","_gtin":"5063084701107","accessories":[{"id":383699,"cdmm_p_id":"502265","name":"Extensiones 200 mm","description":"Para garras de ruedas de cami\u00f3n STDA92 | 1 juego \/ 6 piezas","thumbnail":"https:\/\/dev.codekraft.it\/rotary-2024\/wp-content\/uploads\/brb_media\/00528329_wheel-aligner-stda92a1-mi-150x150.png","url":"https:\/\/dev.codekraft.it\/rotary-2024\/es\/productos\/accesorios-diagnostico-es\/accesorios-alineadores-de-ruedas-es\/extensiones-200-mm\/"},{"id":383592,"cdmm_p_id":"502214","name":"Platos giratorios mec\u00e1nicos | para turismos","description":"Accesorio de alineadores de ruedas | 1 juego \/ 2 piezas","thumbnail":"https:\/\/dev.codekraft.it\/rotary-2024\/wp-content\/uploads\/brb_media\/00508539_brake-tester-r200mi-stda77-mi-150x150.png","url":"https:\/\/dev.codekraft.it\/rotary-2024\/es\/productos\/accesorios-diagnostico-es\/accesorios-alineadores-de-ruedas-es\/platos-giratorios-mecanicos-para-turismos\/"},{"id":383025,"cdmm_p_id":"501960","name":"Sede para platos rotatorios","description":"Para camiones","thumbnail":"https:\/\/dev.codekraft.it\/rotary-2024\/wp-content\/uploads\/brb_media\/00528334_wheel-aligner-stda139-mi-150x150.png","url":"https:\/\/dev.codekraft.it\/rotary-2024\/es\/productos\/accesorios-diagnostico-es\/accesorios-alineadores-de-ruedas-es\/sede-para-platos-rotatorios\/"},{"id":383611,"cdmm_p_id":"502218","name":"Goni\u00f3metros para platos giratorios de camiones STDA29L","description":"Escala graduada para alineadores de ruedas | 1 juego \/ 2 unidades","thumbnail":"https:\/\/dev.codekraft.it\/rotary-2024\/wp-content\/uploads\/brb_media\/00528323_wheel-aligner-stda44l-mi-150x150.png","url":"https:\/\/dev.codekraft.it\/rotary-2024\/es\/productos\/accesorios-diagnostico-es\/accesorios-alineadores-de-ruedas-es\/goniometros-para-platos-giratorios-de-camiones-stda29l\/"},{"id":380630,"cdmm_p_id":"490306","name":"Cables de conexi\u00f3n de emergencia","description":"Suministro el\u00e9ctrico de emergencia y transmisi\u00f3n de datos | para la serie Bluetooth | 1 juego \/ 2 piezas","thumbnail":"https:\/\/dev.codekraft.it\/rotary-2024\/wp-content\/uploads\/brb_media\/00528328_wheel-aligner-stda76w-mi-150x150.png","url":"https:\/\/dev.codekraft.it\/rotary-2024\/es\/productos\/accesorios-diagnostico-es\/accesorios-alineadores-de-ruedas-es\/cables-de-conexion-de-emergencia\/"},{"id":383766,"cdmm_p_id":"502287","name":"Token","description":"Activaci\u00f3n del programa de ajuste de la suspensi\u00f3n de doble horquilla \u00abDouble Wishbone\u00bb","thumbnail":"https:\/\/dev.codekraft.it\/rotary-2024\/wp-content\/uploads\/brb_media\/00528351_wheel-aligner-stdawishbone-mi-150x150.png","url":"https:\/\/dev.codekraft.it\/rotary-2024\/es\/productos\/accesorios-diagnostico-es\/accesorios-alineadores-de-ruedas-es\/token-23\/"},{"id":379814,"cdmm_p_id":"472293","name":"Token Aligner Connect","description":"Pantalla remota en un dispositivo m\u00f3vil | utilizo APP desde control remoto","thumbnail":"https:\/\/dev.codekraft.it\/rotary-2024\/wp-content\/uploads\/brb_media\/00528337_wheel-aligner-stda141-mi-150x150.png","url":"https:\/\/dev.codekraft.it\/rotary-2024\/es\/productos\/accesorios-diagnostico-es\/accesorios-alineadores-de-ruedas-es\/token-aligner-connect-5\/"},{"id":381645,"cdmm_p_id":"497592","name":"Bastidor auxiliar para medici\u00f3n de remolques","description":"","thumbnail":"https:\/\/dev.codekraft.it\/rotary-2024\/wp-content\/uploads\/brb_media\/00528324_wheel-aligner-stda49n-mi-150x150.png","url":"https:\/\/dev.codekraft.it\/rotary-2024\/es\/productos\/accesorios-diagnostico-es\/accesorios-alineadores-de-ruedas-es\/bastidor-auxiliar-para-medicion-de-remolques\/"},{"id":383271,"cdmm_p_id":"502049","name":"U\u00f1as Metal","description":"Dedos met\u00e1licos para garras de rueda STDA33EU-34E (estandar) y STDA46EU-35E-95E | 1 juego \/ 8 piezas","thumbnail":"https:\/\/dev.codekraft.it\/rotary-2024\/wp-content\/uploads\/brb_media\/00554367_wheel-aligners-stda40-mi-150x150.png","url":"https:\/\/dev.codekraft.it\/rotary-2024\/es\/productos\/accesorios-diagnostico-es\/accesorios-alineadores-de-ruedas-es\/unas-metal\/"},{"id":383464,"cdmm_p_id":"502166","name":"Extensiones u\u00f1as para ruedas con radios hacia afura (salientes) | Metal","description":"Extensiones para u\u00f1as metalicas para garras de rueda STDA33EU-34E (estandar) y STDA46EU-35E-95E | 1 juego \/ 6 piezas","thumbnail":"https:\/\/dev.codekraft.it\/rotary-2024\/wp-content\/uploads\/brb_media\/00506504_stda42-150x150.png","url":"https:\/\/dev.codekraft.it\/rotary-2024\/es\/productos\/accesorios-diagnostico-es\/accesorios-alineadores-de-ruedas-es\/extensiones-unas-para-ruedas-con-radios-hacia-afura-salientes-metal\/"},{"id":381083,"cdmm_p_id":"497212","name":"Kit de turismos para alineadores de ruedas","description":"Kit para convertir el alineador para camiones 6CCD en un alineador para turismos","thumbnail":"https:\/\/dev.codekraft.it\/rotary-2024\/wp-content\/uploads\/brb_media\/00489168_wheel-aligner-acc-stda159-back-mi-150x150.png","url":"https:\/\/dev.codekraft.it\/rotary-2024\/es\/productos\/accesorios-diagnostico-es\/accesorios-alineadores-de-ruedas-es\/kit-de-turismos-para-alineadores-de-ruedas\/"},{"id":380651,"cdmm_p_id":"490309","name":"Garras de ruedas Cami\u00f3n | 4 puntos | \u00d8 llanta 12 &#8211; 28\u2033, \u00d8 neumatico min 700 mm","description":"Garras para camiones de 4 puntos con autocentrado, bloqueo r\u00e1pido y soporte movil | incl. u\u00f1as largas desmontables | 1 juego \/ 2 piezas","thumbnail":"https:\/\/dev.codekraft.it\/rotary-2024\/wp-content\/uploads\/brb_media\/00528314_wheel-aligner-stda30e-mi-150x150.png","url":"https:\/\/dev.codekraft.it\/rotary-2024\/es\/productos\/accesorios-diagnostico-es\/accesorios-alineadores-de-ruedas-es\/garras-de-ruedas-camion-4-puntos-o-llanta-12-28%e2%80%b3-o-neumatico-min-700-mm\/"},{"id":382718,"cdmm_p_id":"501818","name":"Garras de ruedas Cami\u00f3n | 4 puntos | \u00d8 llanta 12 &#8211; 28\u2033, \u00d8 neumatico 780 &#8211; 1220 mm","description":"Garras para camiones autocentrantes a 4 puntos de apoyo, bloqueo r\u00e1pido y soporte movil | incl. u\u00f1as met\u00e1licas | 1 juego \/ 2 piezas","thumbnail":"https:\/\/dev.codekraft.it\/rotary-2024\/wp-content\/uploads\/brb_media\/00528313_wheel-aligners-stda48e-mi-150x150.png","url":"https:\/\/dev.codekraft.it\/rotary-2024\/es\/productos\/accesorios-diagnostico-es\/accesorios-alineadores-de-ruedas-es\/garras-de-ruedas-camion-4-puntos-o-llanta-12-28%e2%80%b3-o-neumatico-780-1220-mm\/"},{"id":381736,"cdmm_p_id":"499589","name":"Software de conectividad del taller TEq-Link","description":"Software para conectar equipos en el taller y supervisar su uso, gestionar el mantenimiento preventivo, enviar informes por correo electr\u00f3nico y mucho m\u00e1s.","thumbnail":"https:\/\/dev.codekraft.it\/rotary-2024\/wp-content\/uploads\/brb_media\/00409445-150x150.png","url":"https:\/\/dev.codekraft.it\/rotary-2024\/es\/productos\/diagnostico-es\/connected-workshop-es\/software-de-conectividad-del-taller-teq-link\/"},{"id":381814,"cdmm_p_id":"499596","name":"Antena para la conexi\u00f3n Wi-Fi","description":"Wheelalignment-On, incl. llave USB Wi-Fi","thumbnail":"https:\/\/dev.codekraft.it\/rotary-2024\/wp-content\/uploads\/brb_media\/00528348_wheel-aligner-stda158-mi-150x150.png","url":"https:\/\/dev.codekraft.it\/rotary-2024\/es\/productos\/accesorios-diagnostico-es\/accesorios-alineadores-de-ruedas-es\/antena-para-la-conexion-wi-fi\/"}],"components":[],"related":[],"similar":[{"id":384290,"cdmm_p_id":"503435","name":"Alineador de ruedas CCD RWA5100HD","description":"Dispositivo de alineaci\u00f3n de ruedas 6-CCD para camiones, con sensores rebajados | incl. consola abierta, tableta Windows LCD de 11,6\u2033, depresor del pedal y bloqueo de freno | 1 x 230 V \/ 50 - 60 Hz","thumbnail":"https:\/\/dev.codekraft.it\/rotary-2024\/wp-content\/uploads\/brb_media\/00523536_wheel-aligner-rwa5100hd-front-mi-150x150.png","url":"https:\/\/dev.codekraft.it\/rotary-2024\/es\/productos\/diagnostico-es\/alineadores-de-ruedas-es\/alineador-de-ruedas-ccd-rwa5100hd\/"}],"lang":"es","translations":{"es":384244,"en":384231,"de":384241,"fr":384242,"it":384243,"ru":384245},"pll_sync_post":[],"_links":{"self":[{"href":"https:\/\/dev.codekraft.it\/rotary-2024\/wp-json\/wp\/v2\/product\/384244","targetHints":{"allow":["GET"]}}],"collection":[{"href":"https:\/\/dev.codekraft.it\/rotary-2024\/wp-json\/wp\/v2\/product"}],"about":[{"href":"https:\/\/dev.codekraft.it\/rotary-2024\/wp-json\/wp\/v2\/types\/product"}],"wp:featuredmedia":[{"embeddable":true,"href":"https:\/\/dev.codekraft.it\/rotary-2024\/wp-json\/wp\/v2\/media\/355721"}],"wp:attachment":[{"href":"https:\/\/dev.codekraft.it\/rotary-2024\/wp-json\/wp\/v2\/media?parent=384244"}],"wp:term":[{"taxonomy":"product_cat","embeddable":true,"href":"https:\/\/dev.codekraft.it\/rotary-2024\/wp-json\/wp\/v2\/product_cat?post=384244"},{"taxonomy":"product_tag","embeddable":true,"href":"https:\/\/dev.codekraft.it\/rotary-2024\/wp-json\/wp\/v2\/product_tag?post=384244"},{"taxonomy":"product_approvals","embeddable":true,"href":"https:\/\/dev.codekraft.it\/rotary-2024\/wp-json\/wp\/v2\/product_approvals?post=384244"},{"taxonomy":"product_application","embeddable":true,"href":"https:\/\/dev.codekraft.it\/rotary-2024\/wp-json\/wp\/v2\/product_application?post=384244"}],"curies":[{"name":"wp","href":"https:\/\/api.w.org\/{rel}","templated":true}]}}